{"id":2702,"date":"2024-11-08T07:20:19","date_gmt":"2024-11-08T07:20:19","guid":{"rendered":"https:\/\/rmvapesale.com\/?post_type=product&#038;p=2702"},"modified":"2024-11-08T07:51:08","modified_gmt":"2024-11-08T07:51:08","slug":"bang-king-shisha-25000-crown-bar-rechargeable-disposable-vape","status":"publish","type":"product","link":"https:\/\/rmvapesale.com\/cs\/product\/bang-king-shisha-25000-crown-bar-rechargeable-disposable-vape\/","title":{"rendered":"Bang King Shisha 25000 Korunn\u00ed Bar Dob\u00edjec\u00ed Jednor\u00e1zov\u00e1 E-cigareta"},"content":{"rendered":"<div class=\"B2VR9 CJHX3e\">\n<div class=\"wyccme\">\n<h1 class=\"LC20lb MBeuO DKV0Md\">Bang King Shisha 25000 Korunn\u00ed Bar Dob\u00edjec\u00ed Jednor\u00e1zov\u00e1 E-cigareta<\/h1>\n<div class=\"flex-shrink-0 flex flex-col relative items-end\">\n<div class=\"pt-0\">\n<div class=\"gizmo-bot-avatar flex h-8 w-8 items-center justify-center overflow-hidden rounded-full\">\n<div class=\"relative p-1 rounded-sm flex items-center justify-center bg-token-main-surface-primary text-token-text-primary h-8 w-8\">\n<p>P\u0159ipravte se posunout svou hru s vapov\u00e1n\u00edm na vy\u0161\u0161\u00ed \u00farove\u0148 s <strong>Bang King Shisha 25000 Crown Bar<\/strong>\u2014 ultimativn\u00ed dob\u00edjec\u00ed jednor\u00e1zov\u00e1 e-cigareta od <strong>obl\u00edben\u00e9 zna\u010dky jednor\u00e1zov\u00fdch vape <\/strong><strong>Bang Vape<\/strong>. Toto za\u0159\u00edzen\u00ed nen\u00ed jen na vapov\u00e1n\u00ed, je to zp\u016fsob, jak pov\u00fd\u0161it ka\u017ed\u00fd potah. S a\u017e <strong>25 000 potahy<\/strong>m\u016f\u017eete zapomenout na neust\u00e1l\u00e9 v\u00fdm\u011bny a u\u017e\u00edvat si hodiny hladk\u00e9ho, uspokojiv\u00e9ho d\u00fdmu, kter\u00fd vydr\u017e\u00ed.<\/p>\n<h3><\/h3>\n<ul>\n<li><strong>Velk\u00fd po\u010det potah\u016f<\/strong>: U\u017eijte si naplno <strong>a\u017e 25 000 potah\u016f<\/strong>! To je v\u00edc ne\u017e dost pro dlouhotrvaj\u00edc\u00ed po\u017eitek.<\/li>\n<li><strong>Velkorys\u00e1 kapacita e-liquidu<\/strong>: Napln\u011bno <strong>30ml e-liquidu<\/strong>, tak\u017ee m\u016f\u017eete vapovat neust\u00e1le a bez p\u0159eru\u0161en\u00ed.<\/li>\n<li><strong>Dob\u00edjec\u00ed baterie<\/strong>: Vybaveno v\u00fdkonnou <strong>650mAh bateri\u00ed<\/strong> a <strong>nab\u00edjen\u00ed typu C<\/strong> pro rychl\u00e9 a bezprobl\u00e9mov\u00e9 dob\u00edjen\u00ed.<\/li>\n<li><strong>Kompaktn\u00ed<\/strong>: Dokonale elegantn\u00ed, <strong>Bang King Shisha Bar<\/strong> snadno se vejde do ruky nebo do kapsy. Vezm\u011bte si ho kamkoli chcete, z klubu a\u017e na gau\u010d!<\/li>\n<li><strong>P\u0159ehl\u00eddka chut\u00ed<\/strong>: S <strong>12 senza\u010dn\u00edmi p\u0159\u00edchut\u011bmi<\/strong> jako Vimto Bull E Shisha Lemon Mint a Ghiaccio Di Anguria, si ur\u010dit\u011b najdete tu pravou pro ka\u017edou n\u00e1ladu.<\/li>\n<li><strong>LED displej inteligentn\u00ed obrazovka:<\/strong> S digit\u00e1ln\u00edm displejem pro snadn\u00e9 pou\u017e\u00edv\u00e1n\u00ed pro stav baterie a hladiny oleje.<\/li>\n<\/ul>\n<p>A\u0165 u\u017e sh\u00e1n\u00edte <strong>velkoobchodn\u00ed n\u00e1kup<\/strong> mo\u017enosti, pot\u0159ebujete spolehliv\u00e9 <strong>jednor\u00e1zov\u00e9 vapovac\u00ed pero<\/strong>, nebo jen chcete skv\u011blou <strong>jednor\u00e1zov\u00fd vape s n\u00edzk\u00fdm obsahem nikotinu<\/strong>, tak <strong>Bang King Shisha 25000<\/strong> je pro v\u00e1s. Perfektn\u00ed pro fanou\u0161ky <strong>dob\u00edjec\u00ed vapes<\/strong>, <strong>velkoobchod s vapov\u00e1n\u00edm<\/strong>. Po\u0159i\u010fte si ho hned a u\u017eijte si mimo\u0159\u00e1dn\u00fd z\u00e1\u017eitek z vapov\u00e1n\u00ed!<\/p>\n<p>Pokud jste p\u0159ipraveni na vysoce kvalitn\u00ed<strong> shisha bar<\/strong> z\u00e1\u017eitek, kter\u00fd p\u0159in\u00e1\u0161\u00ed chu\u0165, p\u0159enosnost a s\u00edlu, tak <strong>Bang King 25000 Crown Bar<\/strong> \u010dek\u00e1.<\/p>\n<p>&nbsp;<\/p>\n<\/div>\n<\/div>\n<\/div>\n<\/div>\n<\/div>\n<\/div>\n<p><strong>Kontaktujte Amy a z\u00edskejte spr\u00e1vnou odpov\u011b\u010f a kup\u00f3n na vape!<\/strong><\/p>\n<p><img loading=\"lazy\" decoding=\"async\" class=\"size-full wp-image-1978\" src=\"https:\/\/rmvapesale.com\/wp-content\/uploads\/2024\/09\/Disposable-Vape-Wholesale.jpg\" alt=\"Jednor\u00e1zov\u00e1 e-cigareta velkoobchod\" width=\"229\" height=\"300\" \/><\/p>\n<h3><a href=\"https:\/\/wa.me\/8617776015835\" target=\"_blank\" rel=\"noopener\"><span style=\"color: #ff0000\"><strong>WhatsApp: +86 17776015835<\/strong><\/span><\/a><\/h3>\n<p>&nbsp;<\/p>\n<h2><\/h2>\n<h2><strong>Bang King Shisha 25000 Crown Bar Dob\u00edjec\u00ed Jednor\u00e1zov\u00e9 Vape <\/strong><strong>Kl\u00ed\u010dov\u00e9 vlastnosti<\/strong><\/h2>\n<p>Zna\u010dka: Bang Vape<br \/>\nPotah: 25000 potah\u016f<br \/>\nOleje: 30ml P\u0159edpln\u011bn\u00fd E-liquid<br \/>\nNikotin: 0% 2% 5% S\u00edla nikotinu<br \/>\nBaterie: 650mAh Dob\u00edjec\u00ed baterie<\/p>\n<p>&nbsp;<\/p>\n<h2><strong>Nejlep\u0161\u00ed p\u0159\u00edchu\u0165 pro Bang King Shisha 25000 Crown Bar Jednor\u00e1zov\u00e9 Vape<\/strong><\/h2>\n<p>1.Limon\u00e1da z modr\u00fdch malin <span style=\"color: #ff0000\"><strong>&gt;&gt;&gt;&gt; Hork\u00e9!<\/strong><\/span><br \/>\n2.Bor\u016fvka kysel\u00e1 malina <span style=\"color: #ff0000\"><strong>&gt;&gt;&gt;&gt; Nejlep\u0161\u00ed!<\/strong><\/span><br \/>\n3.Bad Blood<br \/>\n4.CUSH MAN<br \/>\n5.Dvojit\u00e9 jablko<br \/>\n6.Melounov\u00fd led<br \/>\n7.Vimto Bull <span style=\"color: #ff0000\"><strong>&gt;&gt;&gt;&gt; Hork\u00e9!<\/strong><\/span><br \/>\n8.Bor\u016fvka Hrozen<br \/>\n9.Citr\u00f3n T\u0159e\u0161e\u0148<br \/>\n10.Meloun Medov\u00fd meloun Marakuja<br \/>\n11.Vodn\u00ed d\u00fdmka Citron M\u00e1ta<br \/>\n12.Broskvov\u00fd led<\/p>\n<figure id=\"attachment_2696\" aria-describedby=\"caption-attachment-2696\" style=\"width: 800px\" class=\"wp-caption alignnone\"><img loading=\"lazy\" decoding=\"async\" class=\"wp-image-2696 size-full\" src=\"https:\/\/rmvapesale.com\/wp-content\/uploads\/2024\/11\/Bang-King-25000-EShisha-Disposable-Vape.png\" alt=\"Jednor\u00e1zov\u00e1 e-vodn\u00ed d\u00fdmka Bang King 25000\" width=\"800\" height=\"800\" srcset=\"https:\/\/rmvapesale.com\/wp-content\/uploads\/2024\/11\/Bang-King-25000-EShisha-Disposable-Vape.png 800w, https:\/\/rmvapesale.com\/wp-content\/uploads\/2024\/11\/Bang-King-25000-EShisha-Disposable-Vape-300x300.png 300w, https:\/\/rmvapesale.com\/wp-content\/uploads\/2024\/11\/Bang-King-25000-EShisha-Disposable-Vape-150x150.png 150w, https:\/\/rmvapesale.com\/wp-content\/uploads\/2024\/11\/Bang-King-25000-EShisha-Disposable-Vape-768x768.png 768w, https:\/\/rmvapesale.com\/wp-content\/uploads\/2024\/11\/Bang-King-25000-EShisha-Disposable-Vape-600x600.png 600w, https:\/\/rmvapesale.com\/wp-content\/uploads\/2024\/11\/Bang-King-25000-EShisha-Disposable-Vape-100x100.png 100w\" sizes=\"auto, (max-width: 800px) 100vw, 800px\" \/><figcaption id=\"caption-attachment-2696\" class=\"wp-caption-text\">Jednor\u00e1zov\u00e1 e-vodn\u00ed d\u00fdmka Bang King 25000<\/figcaption><\/figure>\n<h3><\/h3>\n<h3><strong>Pro\u010d si vybrat Rmvapesale pro Bang Shisha 25000 <\/strong><strong>V<\/strong><strong>ape Velkoobchod<\/strong><strong>?<\/strong><\/h3>\n<div class=\"flex-shrink-0 flex flex-col relative items-end\">\n<div class=\"pt-0\">\n<div class=\"gizmo-bot-avatar flex h-8 w-8 items-center justify-center overflow-hidden rounded-full\">\n<div class=\"relative p-1 rounded-sm flex items-center justify-center bg-token-main-surface-primary text-token-text-primary h-8 w-8\">\n<p>V\u00edtejte v Rmvapesale, va\u0161em d\u016fv\u011bryhodn\u00e9m obchod\u011b s pr\u00e9miov\u00fdmi jednor\u00e1zov\u00fdmi vapovac\u00edmi p\u0159\u00edstroji. S v\u00edce ne\u017e 5 lety odborn\u00fdch zku\u0161enost\u00ed v\u00e1m p\u0159in\u00e1\u0161\u00edme obl\u00edben\u00e9 zna\u010dky jednor\u00e1zov\u00fdch vapovac\u00edch p\u0159\u00edstroj\u016f, jako jsou Al Fakher, Vapme Vape, <a href=\"https:\/\/rmvapesale.com\/cs\/product\/vapme-crystal-7000-puffs-rechargeable-disposable-vape-price\/\">Vapme<\/a>, <a href=\"https:\/\/rmvapesale.com\/cs\/product-category\/bang-vapes\/\">Bang Vape<\/a>, Waspe, <a href=\"https:\/\/rmvapesale.com\/cs\/product\/wga-crystal-pro-max-extra-15k-puffs-disposable-vape-wholesale\/\">WGA<\/a> Vape a<a href=\"https:\/\/rmvapesale.com\/cs\/product-category\/randm-fumot-vape\/\"> RandM Vape<\/a>.<\/p>\n<p>N\u00e1\u0161 sortiment zahrnuje \u017ehav\u00e9 prodejn\u00ed kousky jako <a href=\"https:\/\/rmvapesale.com\/cs\/product\/fumot-digital-box-12000-disposable-vape-pink-lemonade-flavor\/\">RandM 12k<\/a> a chu\u0165ov\u011b bohat\u00e9 mo\u017enosti, jako je <a href=\"https:\/\/rmvapesale.com\/cs\/product\/elfbar-combo-25000-puffs-rechargeable-disposable-vape-wholesale\/\">ELFBAR Combo 25000 Puff<\/a>. Ka\u017ed\u00fd produkt je vyb\u00edr\u00e1n s d\u016frazem na kvalitu, hodnotu a rozmanitost, abyste si zajistili dokonalou shodu pro va\u0161e pot\u0159eby. Objevte v\u00fdjime\u010dn\u00e9 slu\u017eby a \u0161irokou \u0161k\u00e1lu \u0161pi\u010dkov\u00fdch produkt\u016f na Rmvapesale.<\/p>\n<\/div>\n<h3><\/h3>\n<div class=\"relative p-1 rounded-sm flex items-center justify-center bg-token-main-surface-primary text-token-text-primary h-8 w-8\">\n<h3><b>Nej\u010dast\u011bj\u0161\u00ed dotazy k jednor\u00e1zov\u00e9 dob\u00edjec\u00ed e-vodn\u00ed d\u00fdmce Bang King Shisha 25000 Crown Bar Screen<\/b><\/h3>\n<p><strong>Ot\u00e1zka: Jak\u00e9 jsou obl\u00edben\u00e9 p\u0159\u00edchut\u011b jednor\u00e1zov\u00e9ho vapovac\u00edho pera Bang King Shisha 25000?<\/strong><br \/>\nA: The <strong>Bang King Shisha 25000<\/strong> nab\u00edz\u00ed \u0159adu obl\u00edben\u00fdch p\u0159\u00edchut\u00ed, v\u010detn\u011b <strong>E-vodn\u00ed d\u00fdmka Vimto Bull, Citron M\u00e1ta a Melounov\u00fd Led<\/strong>. Tyto p\u0159\u00edchut\u011b uspokoj\u00ed \u0161irokou \u0161k\u00e1lu preferenc\u00ed a poskytuj\u00ed bohat\u00fd a uspokojiv\u00fd z\u00e1\u017eitek z vapov\u00e1n\u00ed.<\/p>\n<p><strong>Ot\u00e1zka: Jak pozn\u00e1m, \u017ee je moje chytr\u00e1 e-vodn\u00ed d\u00fdmka Bang Shisha 25000 pr\u00e1zdn\u00e1?<\/strong><br \/>\nOdpov\u011b\u010f: \u017de je \u010das dob\u00edt nebo vym\u011bnit vape, pozn\u00e1te, kdy\u017e se <strong>v\u00fdroba p\u00e1ry v\u00fdrazn\u011b sn\u00ed\u017e\u00ed<\/strong>, a <strong>chu\u0165 m\u016f\u017ee b\u00fdt tak\u00e9 slab\u0161\u00ed nebo sp\u00e1len\u00e1<\/strong>. N\u011bkter\u00e9 vaporiz\u00e9ry mohou m\u00edt tak\u00e9 LED indik\u00e1tor, kter\u00fd v\u00e1s upozorn\u00ed.<\/p>\n<p><strong>Ot\u00e1zka: Jak dlouho trv\u00e1 nabit\u00ed dob\u00edjec\u00edho vaporiz\u00e9ru Bang 25000?<\/strong><br \/>\nA: The <strong>Bang 25000<\/strong> dob\u00edjec\u00ed vaporiz\u00e9r m\u00e1 <strong>650mAh bateri\u00ed<\/strong> a podporuje <strong>nab\u00edjen\u00ed typu C<\/strong>, obvykle to trv\u00e1 kolem <strong>1\u20132 hodiny pro pln\u00e9 nabit\u00ed<\/strong>.<\/p>\n<p><strong>Ot\u00e1zka: Kde koupit Bang Shisha 25000 jednor\u00e1zov\u00e9 vaporiz\u00e9ry za velkoobchodn\u00ed cenu?<\/strong><br \/>\nOdpov\u011b\u010f: M\u016f\u017eete zakoupit <strong>Bang Shisha 25000<\/strong> za velkoobchodn\u00ed ceny od online <strong>velkoobchodn\u00edch dodavatel\u016f vaporiz\u00e9r\u016f<\/strong>. Hledejte renomovan\u00e9 <strong>obchody s vapovac\u00edmi sadami<\/strong> kte\u0159\u00ed nab\u00edzej\u00ed hromadn\u00e9 n\u00e1kupy <strong>Bang jednor\u00e1zov\u00fdch vaporiz\u00e9r\u016f<\/strong> pro nejlep\u0161\u00ed cenov\u00e9 mo\u017enosti.<\/p>\n<p><strong>Ot\u00e1zka: Mohu si vz\u00edt dob\u00edjec\u00ed jednor\u00e1zov\u00fd vape do letadla?<\/strong><br \/>\nOdpov\u011b\u010f: Ano, m\u016f\u017eete si vz\u00edt dob\u00edjec\u00ed jednor\u00e1zov\u00e9 vaporiz\u00e9ry na palubu letadla, ale m\u011bly by b\u00fdt <strong>p\u0159epravov\u00e1ny v p\u0159\u00edru\u010dn\u00edm zavazadle<\/strong>, proto\u017ee pravidla leteck\u00fdch spole\u010dnost\u00ed obvykle vy\u017eaduj\u00ed, aby byly vaporiz\u00e9ry v p\u0159\u00edru\u010dn\u00edch ta\u0161k\u00e1ch kv\u016fli p\u0159edpis\u016fm pro baterie.<\/p>\n<p><strong>Q: Kolik pot\u00e1hnut\u00ed nab\u00edz\u00ed Bang Shisha 25000 Vape?<\/strong><br \/>\nA: The <strong>Bang Shisha 25000<\/strong> nab\u00edz\u00ed <strong>a\u017e 25 000 potah\u016f<\/strong>, co\u017e zaru\u010duje prodlou\u017een\u00fd a pohodln\u00fd z\u00e1\u017eitek z vapov\u00e1n\u00ed.<\/p>\n<p><strong>Q: Jak dlouho trv\u00e1 pln\u00e9 nabit\u00ed vapy Bang 25000?<\/strong><br \/>\nA: Pln\u00e9 nabit\u00ed vapy <strong>Bang 25000<\/strong> trv\u00e1 p\u0159ibli\u017en\u011b <strong>1\u20132 hodiny<\/strong> d\u00edky sv\u00e9 <strong>funkci rychl\u00e9ho nab\u00edjen\u00ed Type-C<\/strong> s <strong>650mAh bateri\u00ed<\/strong>.<\/p>\n<\/div>\n<div class=\"mb-2 flex gap-3 empty:hidden -ml-2\"><\/div>\n<p>&nbsp;<\/p>\n<\/div>\n<\/div>\n<\/div>\n<h3>O p\u0159eprav\u011b<\/h3>\n<div class=\"flex-shrink-0 flex flex-col relative items-end\">\n<div>\n<div class=\"pt-0\">\n<div class=\"gizmo-bot-avatar flex h-8 w-8 items-center justify-center overflow-hidden rounded-full\">\n<div><\/div>\n<div class=\"relative p-1 rounded-sm flex items-center justify-center bg-token-main-surface-primary text-token-text-primary h-8 w-8\"><strong>1. Jak\u00e9 zp\u016fsoby dopravy se pou\u017e\u00edvaj\u00ed?<\/strong><\/div>\n<\/div>\n<\/div>\n<\/div>\n<\/div>\n<div class=\"group\/conversation-turn relative flex w-full min-w-0 flex-col agent-turn\">\n<div class=\"flex-col gap-1 md:gap-3\">\n<div class=\"flex max-w-full flex-col flex-grow\">\n<div class=\"min-h-[20px] text-message flex w-full flex-col items-end gap-2 whitespace-normal break-words [.text-message+&amp;]:mt-5 overflow-x-auto\" dir=\"auto\" data-message-author-role=\"assistant\" data-message-id=\"22f8283b-3233-46ff-89a5-c7a41b33abda\">\n<div class=\"flex w-full flex-col gap-1 empty:hidden first:pt-[3px]\">\n<div class=\"markdown prose w-full break-words dark:prose-invert light\">\n<p>Spolupracujeme s UPS, DHL, FedEx, DPD a dal\u0161\u00edmi p\u0159edn\u00edmi p\u0159epravci. Vybereme nejlep\u0161\u00ed zp\u016fsob dopravy na z\u00e1klad\u011b va\u0161\u00ed doru\u010dovac\u00ed lokality, abychom zajistili, \u017ee sv\u00e9 produkty obdr\u017e\u00edte co nejrychleji.<\/p>\n<\/div>\n<p><strong>2. Jak dlouho trv\u00e1 doru\u010den\u00ed?<\/strong><\/p>\n<p>Bal\u00ed\u010dky odeslan\u00e9 do \u010cesk\u00e9 republiky obvykle doraz\u00ed do 10 pracovn\u00edch dn\u016f. P\u0159eprava do evropsk\u00fdch zem\u00ed obecn\u011b trv\u00e1 asi 12-15 pracovn\u00edch dn\u016f. O stavu va\u0161\u00ed z\u00e1silky v\u00e1s budeme pr\u016fb\u011b\u017en\u011b informovat.<\/p>\n<\/div>\n<\/div>\n<\/div>\n<\/div>\n<\/div>\n<p>&nbsp;<\/p>\n<p>Naj\u00edt v\u00edce produkt\u016f pro vaping, kter\u00e9 by se v\u00e1m mohly l\u00edbit:<strong><em><a href=\"https:\/\/rmvapesale.com\/cs\/shop-2\/\">nakupujte nyn\u00ed &gt;&gt;&gt;<\/a><\/em><\/strong><\/p>","protected":false},"excerpt":{"rendered":"<p>Bang King 25000 Puch\u00fd\u0159\u016f 0% 2% 5% N\u00edzk\u00fd Obsah Nikotinu Jednor\u00e1zov\u00fd Vaporiz\u00e9r<br \/>\nBang King 25000 Jednor\u00e1zov\u00fd Vaporiz\u00e9r Velkoobchodn\u00ed Cena<br \/>\nBang King Shisha 25000 Velk\u00e9 Mraky Displej Jednor\u00e1zov\u00fd Vaporiz\u00e9r<\/p>\n<p><img loading=\"lazy\" decoding=\"async\" class=\"size-full wp-image-2375\" src=\"https:\/\/rmvapesale.com\/wp-content\/uploads\/2024\/10\/image.png\" alt=\"Nejlep\u0161\u00ed jednor\u00e1zov\u00e1 e-cigareta\" width=\"229\" height=\"300\" \/><\/p>\n<h3><a href=\"https:\/\/wa.me\/8617776015835\"><span style=\"color: #ff0000\"><strong>WhatsApp: +86 17776015835<\/strong><\/span><\/a><\/h3>\n<p>&nbsp;<\/p>","protected":false},"featured_media":2698,"comment_status":"open","ping_status":"closed","template":"","meta":{"_uag_custom_page_level_css":"","_lmt_disableupdate":"no","_lmt_disable":"","site-sidebar-layout":"default","site-content-layout":"content-boxed-container","ast-site-content-layout":"normal-width-container","site-content-style":"boxed","site-sidebar-style":"unboxed","ast-global-header-display":"","ast-banner-title-visibility":"","ast-main-header-display":"","ast-hfb-above-header-display":"","ast-hfb-below-header-display":"","ast-hfb-mobile-header-display":"","site-post-title":"","ast-breadcrumbs-content":"","ast-featured-img":"","footer-sml-layout":"","ast-disable-related-posts":"","theme-transparent-header-meta":"default","adv-header-id-meta":"","stick-header-meta":"","header-above-stick-meta":"","header-main-stick-meta":"","header-below-stick-meta":"","astra-migrate-meta-layouts":"set","ast-page-background-enabled":"default","ast-page-background-meta":{"desktop":{"background-color":"var(--ast-global-color-4)","background-image":"","background-repeat":"repeat","background-position":"center center","background-size":"auto","background-attachment":"scroll","background-type":"","background-media":"","overlay-type":"","overlay-color":"","overlay-opacity":"","overlay-gradient":""},"tablet":{"background-color":"","background-image":"","background-repeat":"repeat","background-position":"center center","background-size":"auto","background-attachment":"scroll","background-type":"","background-media":"","overlay-type":"","overlay-color":"","overlay-opacity":"","overlay-gradient":""},"mobile":{"background-color":"","background-image":"","background-repeat":"repeat","background-position":"center center","background-size":"auto","background-attachment":"scroll","background-type":"","background-media":"","overlay-type":"","overlay-color":"","overlay-opacity":"","overlay-gradient":""}},"ast-content-background-meta":{"desktop":{"background-color":"var(--ast-global-color-5)","background-image":"","background-repeat":"repeat","background-position":"center center","background-size":"auto","background-attachment":"scroll","background-type":"","background-media":"","overlay-type":"","overlay-color":"","overlay-opacity":"","overlay-gradient":""},"tablet":{"background-color":"var(--ast-global-color-5)","background-image":"","background-repeat":"repeat","background-position":"center center","background-size":"auto","background-attachment":"scroll","background-type":"","background-media":"","overlay-type":"","overlay-color":"","overlay-opacity":"","overlay-gradient":""},"mobile":{"background-color":"var(--ast-global-color-5)","background-image":"","background-repeat":"repeat","background-position":"center center","background-size":"auto","background-attachment":"scroll","background-type":"","background-media":"","overlay-type":"","overlay-color":"","overlay-opacity":"","overlay-gradient":""}},"_joinchat":[]},"product_brand":[],"product_cat":[15,27,25,123,30,26,28,137,136,135],"product_tag":[169,188,208,167,207,206,120],"class_list":{"0":"post-2702","1":"product","2":"type-product","3":"status-publish","4":"has-post-thumbnail","6":"product_cat-new-vape-this-week","7":"product_cat-fance-hot-sale-vape","8":"product_cat-germany-best-selling-vape","9":"product_cat-italy-wholesale-vape","10":"product_cat-minimum-order-quantity-50pcs","11":"product_cat-netherlands-hot-sale-vape","12":"product_cat-poland-hot-sale-vape","13":"product_cat-rechargeable-vapes","14":"product_cat-smart-screen-vapes","15":"product_cat-spain-best-hot-sale-vape","16":"product_tag-best-disposable-vape-2024","17":"product_tag-buy-vapes-online","18":"product_tag-crown-bar","19":"product_tag-disposable-vape-with-screen","20":"product_tag-puff-vape","21":"product_tag-smart-phone-vape","22":"product_tag-vape-wholesale","23":"desktop-align-left","24":"tablet-align-left","25":"mobile-align-left","27":"first","28":"instock","29":"sale","30":"shipping-taxable","31":"purchasable","32":"product-type-simple"},"uagb_featured_image_src":{"full":["https:\/\/rmvapesale.com\/wp-content\/uploads\/2024\/11\/BangKing-25000-Puffs-Crown-Bar-Disposable-Vape.png",800,800,false],"thumbnail":["https:\/\/rmvapesale.com\/wp-content\/uploads\/2024\/11\/BangKing-25000-Puffs-Crown-Bar-Disposable-Vape-150x150.png",150,150,true],"medium":["https:\/\/rmvapesale.com\/wp-content\/uploads\/2024\/11\/BangKing-25000-Puffs-Crown-Bar-Disposable-Vape-300x300.png",300,300,true],"medium_large":["https:\/\/rmvapesale.com\/wp-content\/uploads\/2024\/11\/BangKing-25000-Puffs-Crown-Bar-Disposable-Vape-768x768.png",768,768,true],"large":["https:\/\/rmvapesale.com\/wp-content\/uploads\/2024\/11\/BangKing-25000-Puffs-Crown-Bar-Disposable-Vape.png",800,800,false],"1536x1536":["https:\/\/rmvapesale.com\/wp-content\/uploads\/2024\/11\/BangKing-25000-Puffs-Crown-Bar-Disposable-Vape.png",800,800,false],"2048x2048":["https:\/\/rmvapesale.com\/wp-content\/uploads\/2024\/11\/BangKing-25000-Puffs-Crown-Bar-Disposable-Vape.png",800,800,false],"trp-custom-language-flag":["https:\/\/rmvapesale.com\/wp-content\/uploads\/2024\/11\/BangKing-25000-Puffs-Crown-Bar-Disposable-Vape.png",12,12,false],"woocommerce_thumbnail":["https:\/\/rmvapesale.com\/wp-content\/uploads\/2024\/11\/BangKing-25000-Puffs-Crown-Bar-Disposable-Vape-300x300.png",300,300,true],"woocommerce_single":["https:\/\/rmvapesale.com\/wp-content\/uploads\/2024\/11\/BangKing-25000-Puffs-Crown-Bar-Disposable-Vape-600x600.png",600,600,true],"woocommerce_gallery_thumbnail":["https:\/\/rmvapesale.com\/wp-content\/uploads\/2024\/11\/BangKing-25000-Puffs-Crown-Bar-Disposable-Vape-100x100.png",100,100,true],"wcpr-photo-reviews":["https:\/\/rmvapesale.com\/wp-content\/uploads\/2024\/11\/BangKing-25000-Puffs-Crown-Bar-Disposable-Vape.png",500,500,false]},"uagb_author_info":{"display_name":"AMY","author_link":"https:\/\/rmvapesale.com\/cs\/author\/"},"uagb_comment_info":0,"uagb_excerpt":"Bang King 25000 Puffs 0% 2% 5% Low Nicotine Disposable Vape Bang King 25000 Disposable Vape Wholesale Supplier Price Bang King Shisha 25000 Big Clouds Display Screen Disposable Vape WhatsApp: +86 17776015835 &nbsp;","_links":{"self":[{"href":"https:\/\/rmvapesale.com\/cs\/wp-json\/wp\/v2\/product\/2702","targetHints":{"allow":["GET"]}}],"collection":[{"href":"https:\/\/rmvapesale.com\/cs\/wp-json\/wp\/v2\/product"}],"about":[{"href":"https:\/\/rmvapesale.com\/cs\/wp-json\/wp\/v2\/types\/product"}],"replies":[{"embeddable":true,"href":"https:\/\/rmvapesale.com\/cs\/wp-json\/wp\/v2\/comments?post=2702"}],"wp:featuredmedia":[{"embeddable":true,"href":"https:\/\/rmvapesale.com\/cs\/wp-json\/wp\/v2\/media\/2698"}],"wp:attachment":[{"href":"https:\/\/rmvapesale.com\/cs\/wp-json\/wp\/v2\/media?parent=2702"}],"wp:term":[{"taxonomy":"product_brand","embeddable":true,"href":"https:\/\/rmvapesale.com\/cs\/wp-json\/wp\/v2\/product_brand?post=2702"},{"taxonomy":"product_cat","embeddable":true,"href":"https:\/\/rmvapesale.com\/cs\/wp-json\/wp\/v2\/product_cat?post=2702"},{"taxonomy":"product_tag","embeddable":true,"href":"https:\/\/rmvapesale.com\/cs\/wp-json\/wp\/v2\/product_tag?post=2702"}],"curies":[{"name":"wp","href":"https:\/\/api.w.org\/{rel}","templated":true}]}}