{"id":2714,"date":"2024-11-12T07:20:25","date_gmt":"2024-11-12T07:20:25","guid":{"rendered":"https:\/\/rmvapesale.com\/?post_type=product&#038;p=2714"},"modified":"2024-11-12T07:28:53","modified_gmt":"2024-11-12T07:28:53","slug":"bang-king-nicotine-gum-chewing-gum-help-stop-smoking","status":"publish","type":"product","link":"https:\/\/rmvapesale.com\/cs\/product\/bang-king-nicotine-gum-chewing-gum-help-stop-smoking\/","title":{"rendered":"Bang King Nikotinov\u00e9 \u017ev\u00fdka\u010dky \u017dv\u00fdka\u010dky Pomoc s odvyk\u00e1n\u00edm kou\u0159en\u00ed"},"content":{"rendered":"<div class=\"B2VR9 CJHX3e\">\n<div class=\"wyccme\">\n<h1 class=\"LC20lb MBeuO DKV0Md\">Bang King Nikotinov\u00e9 \u017ev\u00fdka\u010dky \u017dv\u00fdka\u010dky Pomoc s odvyk\u00e1n\u00edm kou\u0159en\u00ed<\/h1>\n<div class=\"flex-shrink-0 flex flex-col relative items-end\">\n<div class=\"pt-0\">\n<div class=\"gizmo-bot-avatar flex h-8 w-8 items-center justify-center overflow-hidden rounded-full\">\n<div class=\"relative p-1 rounded-sm flex items-center justify-center bg-token-main-surface-primary text-token-text-primary h-8 w-8\">\n<p>Zbavte se zlozvyku kou\u0159en\u00ed s <strong>nikotinovou \u017ev\u00fdka\u010dkou Bang King<\/strong>, speci\u00e1ln\u011b vyvinutou \u017ev\u00fdka\u010dkou, kter\u00e1 v\u00e1m pom\u016f\u017ee p\u0159estat kou\u0159it bez \u0161kodliv\u00fdch \u00fa\u010dink\u016f tab\u00e1ku. S 4mg nikotinu v ka\u017ed\u00e9 \u017ev\u00fdka\u010dce poskytuje to spr\u00e1vn\u00e9 mno\u017estv\u00ed pro potla\u010den\u00ed chuti na cigaretu, co\u017e z n\u00ed \u010din\u00ed \u00fa\u010dinnou pom\u016fcku p\u0159i odvyk\u00e1n\u00ed kou\u0159en\u00ed.<\/p>\n<p>Ka\u017ed\u00e9 velkoobchodn\u00ed balen\u00ed obsahuje <strong>20 balen\u00ed<\/strong>, s <strong>90 kusy v balen\u00ed<\/strong>. Tato \u017ev\u00fdka\u010dka je navr\u017eena pro diskr\u00e9tn\u00ed pou\u017eit\u00ed, nab\u00edz\u00ed sv\u011b\u017e\u00ed dech a nezanech\u00e1v\u00e1 \u017e\u00e1dn\u00fd z\u00e1pach kou\u0159e ani nep\u0159\u00edjemn\u00fd tab\u00e1kov\u00fd od\u00e9r. Je ide\u00e1ln\u00ed pro situace, kde nen\u00ed mo\u017en\u00e9 nebo vhodn\u00e9 kou\u0159it, nap\u0159\u00edklad na sch\u016fzk\u00e1ch nebo spole\u010densk\u00fdch akc\u00edch, \u010d\u00edm\u017e neovliv\u0148uje lidi kolem v\u00e1s.<\/p>\n<h3>Kl\u00ed\u010dov\u00e9 vlastnosti:<\/h3>\n<ul>\n<li><strong>4mg nikotinu<\/strong> v jedn\u00e9 \u017ev\u00fdka\u010dce<\/li>\n<li><strong>Bez tab\u00e1ku<\/strong>: Bezpe\u010dn\u00e1 a bez tab\u00e1ku<\/li>\n<li><strong>\u017d\u00e1dn\u00fd kou\u0159, \u017e\u00e1dn\u00fd vliv na okol\u00ed<\/strong>: U\u017e\u00edvejte si ji kdekoli, ani\u017e byste ru\u0161ili sv\u00e9 okol\u00ed<\/li>\n<li><strong>Bez \u010dern\u00fdch zub\u016f<\/strong>: Udr\u017euje v\u00e1\u0161 \u00fasm\u011bv z\u00e1\u0159iv\u00fd a bez tab\u00e1kov\u00fdch skvrn<\/li>\n<li><strong>Sv\u011b\u017e\u00ed dech<\/strong>: Navr\u017eeno tak, aby se va\u0161e \u00fasta c\u00edtila sv\u011b\u017e\u00ed<\/li>\n<li><strong>Vysok\u00fd stupe\u0148 obnovy chuti<\/strong>: Poskytuje p\u0159\u00edjemn\u00fd z\u00e1\u017eitek ze \u017ev\u00fdk\u00e1n\u00ed<\/li>\n<\/ul>\n<p>S <strong>nula sachar\u00f3zy<\/strong> a <strong>nula transmastn\u00fdch kyselin<\/strong>, Bangking Nicotine Gum je zdrav\u011bj\u0161\u00ed volbou pro ty, kte\u0159\u00ed cht\u011bj\u00ed p\u0159estat kou\u0159it. Jedn\u00e1 se o ide\u00e1ln\u00ed \u0159e\u0161en\u00ed pro jednotlivce a podniky, kter\u00e9 cht\u011bj\u00ed nakoupit \u00fa\u010dinnou nikotinovou \u017ev\u00fdka\u010dku ve velk\u00e9m.<\/p>\n<p>&nbsp;<\/p>\n<\/div>\n<\/div>\n<\/div>\n<\/div>\n<\/div>\n<\/div>\n<p><strong>Kontaktujte Amy a z\u00edskejte spr\u00e1vnou odpov\u011b\u010f a kup\u00f3n na vape!<\/strong><\/p>\n<p><img loading=\"lazy\" decoding=\"async\" class=\"size-full wp-image-1978\" src=\"https:\/\/rmvapesale.com\/wp-content\/uploads\/2024\/09\/Disposable-Vape-Wholesale.jpg\" alt=\"Jednor\u00e1zov\u00e1 e-cigareta velkoobchod\" width=\"229\" height=\"300\" \/><\/p>\n<h3><a href=\"https:\/\/wa.me\/8617776015835\" target=\"_blank\" rel=\"noopener\"><span style=\"color: #ff0000\"><strong>WhatsApp: +86 17776015835<\/strong><\/span><\/a><\/h3>\n<p>&nbsp;<\/p>\n<figure id=\"attachment_2709\" aria-describedby=\"caption-attachment-2709\" style=\"width: 600px\" class=\"wp-caption alignnone\"><img loading=\"lazy\" decoding=\"async\" class=\"wp-image-2709 size-full\" src=\"https:\/\/rmvapesale.com\/wp-content\/uploads\/2024\/11\/Bang-King-Nicotine-Gum-Wholesale.jpg\" alt=\"Bang King Nicotine Gum Velkoobchod\" width=\"600\" height=\"600\" srcset=\"https:\/\/rmvapesale.com\/wp-content\/uploads\/2024\/11\/Bang-King-Nicotine-Gum-Wholesale.jpg 600w, https:\/\/rmvapesale.com\/wp-content\/uploads\/2024\/11\/Bang-King-Nicotine-Gum-Wholesale-300x300.jpg 300w, https:\/\/rmvapesale.com\/wp-content\/uploads\/2024\/11\/Bang-King-Nicotine-Gum-Wholesale-150x150.jpg 150w, https:\/\/rmvapesale.com\/wp-content\/uploads\/2024\/11\/Bang-King-Nicotine-Gum-Wholesale-100x100.jpg 100w\" sizes=\"auto, (max-width: 600px) 100vw, 600px\" \/><figcaption id=\"caption-attachment-2709\" class=\"wp-caption-text\">Bang King Nicotine Gum Velkoobchod<\/figcaption><\/figure>\n<h3><\/h3>\n<h3><strong>Pro\u010d si vybrat Rmvapesale pro nikotinovou \u017ev\u00fdka\u010dku Bang King<\/strong><strong>\u00a0Velkoobchod<\/strong><strong>?<\/strong><\/h3>\n<div class=\"flex-shrink-0 flex flex-col relative items-end\">\n<div class=\"pt-0\">\n<div class=\"gizmo-bot-avatar flex h-8 w-8 items-center justify-center overflow-hidden rounded-full\">\n<div class=\"relative p-1 rounded-sm flex items-center justify-center bg-token-main-surface-primary text-token-text-primary h-8 w-8\">\n<p>V\u00edtejte v Rmvapesale, va\u0161em d\u016fv\u011bryhodn\u00e9m obchod\u011b s pr\u00e9miov\u00fdmi jednor\u00e1zov\u00fdmi vapovac\u00edmi p\u0159\u00edstroji. S v\u00edce ne\u017e 5 lety odborn\u00fdch zku\u0161enost\u00ed v\u00e1m p\u0159in\u00e1\u0161\u00edme obl\u00edben\u00e9 zna\u010dky jednor\u00e1zov\u00fdch vapovac\u00edch p\u0159\u00edstroj\u016f, jako jsou Al Fakher, Vapme Vape, <a href=\"https:\/\/rmvapesale.com\/cs\/product\/vapme-crystal-7000-puffs-rechargeable-disposable-vape-price\/\">Vapme<\/a>, <a href=\"https:\/\/rmvapesale.com\/cs\/product-category\/bang-vapes\/\">Bang Vape<\/a>, Waspe, <a href=\"https:\/\/rmvapesale.com\/cs\/product\/wga-crystal-pro-max-extra-15k-puffs-disposable-vape-wholesale\/\">WGA<\/a> Vape a<a href=\"https:\/\/rmvapesale.com\/cs\/product-category\/randm-fumot-vape\/\"> RandM Vape<\/a>.<\/p>\n<p>N\u00e1\u0161 sortiment zahrnuje \u017ehav\u00e9 prodejn\u00ed kousky jako <a href=\"https:\/\/rmvapesale.com\/cs\/product\/fumot-digital-box-12000-disposable-vape-pink-lemonade-flavor\/\">RandM 12k<\/a> a chu\u0165ov\u011b bohat\u00e9 mo\u017enosti, jako je <a href=\"https:\/\/rmvapesale.com\/cs\/product\/elfbar-combo-25000-puffs-rechargeable-disposable-vape-wholesale\/\">ELFBAR Combo 25000 Puff<\/a>. Ka\u017ed\u00fd produkt je vyb\u00edr\u00e1n s d\u016frazem na kvalitu, hodnotu a rozmanitost, abyste si zajistili dokonalou shodu pro va\u0161e pot\u0159eby. Objevte v\u00fdjime\u010dn\u00e9 slu\u017eby a \u0161irokou \u0161k\u00e1lu \u0161pi\u010dkov\u00fdch produkt\u016f na Rmvapesale.<\/p>\n<\/div>\n<h3><\/h3>\n<div class=\"relative p-1 rounded-sm flex items-center justify-center bg-token-main-surface-primary text-token-text-primary h-8 w-8\">\n<h3><b>Bang King Nikotinov\u00e1 \u017ev\u00fdka\u010dka FAQS<\/b><\/h3>\n<\/div>\n<div class=\"mb-2 flex gap-3 empty:hidden -ml-2\">\n<ol>\n<li><strong>Kolik nikotinu je v ka\u017ed\u00e9m kousku nikotinov\u00e9 \u017ev\u00fdka\u010dky Bangking?<\/strong><br \/>\nKa\u017ed\u00fd kus nikotinov\u00e9 \u017ev\u00fdka\u010dky Bangking obsahuje 4 mg nikotinu, navr\u017een\u00e9 tak, aby pomohly sn\u00ed\u017eit touhu a podpo\u0159ily odvyk\u00e1n\u00ed kou\u0159en\u00ed.<\/li>\n<li><strong>Je tato \u017ev\u00fdka\u010dka bez tab\u00e1ku?<\/strong><br \/>\nAno, nikotinov\u00e1 \u017ev\u00fdka\u010dka Bangking neobsahuje \u017e\u00e1dn\u00e9 tab\u00e1kov\u00e9 slo\u017eky. Poskytuje nikotin bez \u0161kodliv\u00fdch \u00fa\u010dink\u016f tab\u00e1ku.<\/li>\n<li><strong>Zabarv\u00ed mi tato \u017ev\u00fdka\u010dka zuby?<\/strong><br \/>\nNe, nikotinov\u00e1 \u017ev\u00fdka\u010dka Bangking je formulov\u00e1na tak, aby zabr\u00e1nila \u010dern\u00fdm nebo zabarven\u00fdm zub\u016fm, tak\u017ee si m\u016f\u017eete bez obav udr\u017eet z\u00e1\u0159iv\u00fd \u00fasm\u011bv.<\/li>\n<li><strong>Mohu tuto \u017ev\u00fdka\u010dku pou\u017e\u00edvat na ve\u0159ejn\u00fdch m\u00edstech?<\/strong><br \/>\nRozhodn\u011b! \u017dv\u00fdka\u010dka je bezd\u00fdmn\u00e1 a nem\u00e1 \u017e\u00e1dn\u00fd vliv na va\u0161e okol\u00ed, tak\u017ee je vhodn\u00e1 pro pou\u017eit\u00ed na sch\u016fzk\u00e1ch, spole\u010densk\u00fdch setk\u00e1n\u00edch a jin\u00fdch ve\u0159ejn\u00fdch prostranstv\u00edch.<\/li>\n<\/ol>\n<\/div>\n<p>&nbsp;<\/p>\n<\/div>\n<\/div>\n<\/div>\n<h3>O p\u0159eprav\u011b<\/h3>\n<div class=\"flex-shrink-0 flex flex-col relative items-end\">\n<div>\n<div class=\"pt-0\">\n<div class=\"gizmo-bot-avatar flex h-8 w-8 items-center justify-center overflow-hidden rounded-full\">\n<div><\/div>\n<div class=\"relative p-1 rounded-sm flex items-center justify-center bg-token-main-surface-primary text-token-text-primary h-8 w-8\"><strong>1. Jak\u00e9 zp\u016fsoby dopravy se pou\u017e\u00edvaj\u00ed?<\/strong><\/div>\n<\/div>\n<\/div>\n<\/div>\n<\/div>\n<div class=\"group\/conversation-turn relative flex w-full min-w-0 flex-col agent-turn\">\n<div class=\"flex-col gap-1 md:gap-3\">\n<div class=\"flex max-w-full flex-col flex-grow\">\n<div class=\"min-h-[20px] text-message flex w-full flex-col items-end gap-2 whitespace-normal break-words [.text-message+&amp;]:mt-5 overflow-x-auto\" dir=\"auto\" data-message-author-role=\"assistant\" data-message-id=\"22f8283b-3233-46ff-89a5-c7a41b33abda\">\n<div class=\"flex w-full flex-col gap-1 empty:hidden first:pt-[3px]\">\n<div class=\"markdown prose w-full break-words dark:prose-invert light\">\n<p>Spolupracujeme s UPS, DHL, FedEx, DPD a dal\u0161\u00edmi p\u0159edn\u00edmi p\u0159epravci. Vybereme nejlep\u0161\u00ed zp\u016fsob dopravy na z\u00e1klad\u011b va\u0161\u00ed doru\u010dovac\u00ed lokality, abychom zajistili, \u017ee sv\u00e9 produkty obdr\u017e\u00edte co nejrychleji.<\/p>\n<\/div>\n<p><strong>2. Jak dlouho trv\u00e1 doru\u010den\u00ed?<\/strong><\/p>\n<p>Bal\u00ed\u010dky odeslan\u00e9 do \u010cesk\u00e9 republiky obvykle doraz\u00ed do 10 pracovn\u00edch dn\u016f. P\u0159eprava do evropsk\u00fdch zem\u00ed obecn\u011b trv\u00e1 asi 12-15 pracovn\u00edch dn\u016f. O stavu va\u0161\u00ed z\u00e1silky v\u00e1s budeme pr\u016fb\u011b\u017en\u011b informovat.<\/p>\n<\/div>\n<\/div>\n<\/div>\n<\/div>\n<\/div>\n<p>&nbsp;<\/p>\n<p>Naj\u00edt v\u00edce produkt\u016f pro vaping, kter\u00e9 by se v\u00e1m mohly l\u00edbit:<strong><em><a href=\"https:\/\/rmvapesale.com\/cs\/shop-2\/\">nakupujte nyn\u00ed &gt;&gt;&gt;<\/a><\/em><\/strong><\/p>","protected":false},"excerpt":{"rendered":"<p>Bang King Nikotinov\u00e1 \u017ev\u00fdka\u010dka pro odvyk\u00e1n\u00ed kou\u0159en\u00ed online<br \/>\nBang King Nikotinov\u00e1 \u017ev\u00fdka\u010dka velkoobchodn\u00ed jednor\u00e1zov\u00e9 vapovac\u00ed pero<br \/>\nBang King Nov\u00e1 nikotinov\u00e1 \u017ev\u00fdka\u010dka z tov\u00e1rny<\/p>\n<p><img loading=\"lazy\" decoding=\"async\" class=\"size-full wp-image-2375\" src=\"https:\/\/rmvapesale.com\/wp-content\/uploads\/2024\/10\/image.png\" alt=\"Nejlep\u0161\u00ed jednor\u00e1zov\u00e1 e-cigareta\" width=\"229\" height=\"300\" \/><\/p>\n<h3><a href=\"https:\/\/wa.me\/8617776015835\"><span style=\"color: #ff0000\"><strong>WhatsApp: +86 17776015835<\/strong><\/span><\/a><\/h3>\n<p>&nbsp;<\/p>","protected":false},"featured_media":2713,"comment_status":"open","ping_status":"closed","template":"","meta":{"_uag_custom_page_level_css":"","_lmt_disableupdate":"no","_lmt_disable":"","site-sidebar-layout":"default","site-content-layout":"content-boxed-container","ast-site-content-layout":"normal-width-container","site-content-style":"boxed","site-sidebar-style":"unboxed","ast-global-header-display":"","ast-banner-title-visibility":"","ast-main-header-display":"","ast-hfb-above-header-display":"","ast-hfb-below-header-display":"","ast-hfb-mobile-header-display":"","site-post-title":"","ast-breadcrumbs-content":"","ast-featured-img":"","footer-sml-layout":"","ast-disable-related-posts":"","theme-transparent-header-meta":"default","adv-header-id-meta":"","stick-header-meta":"","header-above-stick-meta":"","header-main-stick-meta":"","header-below-stick-meta":"","astra-migrate-meta-layouts":"set","ast-page-background-enabled":"default","ast-page-background-meta":{"desktop":{"background-color":"var(--ast-global-color-4)","background-image":"","background-repeat":"repeat","background-position":"center center","background-size":"auto","background-attachment":"scroll","background-type":"","background-media":"","overlay-type":"","overlay-color":"","overlay-opacity":"","overlay-gradient":""},"tablet":{"background-color":"","background-image":"","background-repeat":"repeat","background-position":"center center","background-size":"auto","background-attachment":"scroll","background-type":"","background-media":"","overlay-type":"","overlay-color":"","overlay-opacity":"","overlay-gradient":""},"mobile":{"background-color":"","background-image":"","background-repeat":"repeat","background-position":"center center","background-size":"auto","background-attachment":"scroll","background-type":"","background-media":"","overlay-type":"","overlay-color":"","overlay-opacity":"","overlay-gradient":""}},"ast-content-background-meta":{"desktop":{"background-color":"var(--ast-global-color-5)","background-image":"","background-repeat":"repeat","background-position":"center center","background-size":"auto","background-attachment":"scroll","background-type":"","background-media":"","overlay-type":"","overlay-color":"","overlay-opacity":"","overlay-gradient":""},"tablet":{"background-color":"var(--ast-global-color-5)","background-image":"","background-repeat":"repeat","background-position":"center center","background-size":"auto","background-attachment":"scroll","background-type":"","background-media":"","overlay-type":"","overlay-color":"","overlay-opacity":"","overlay-gradient":""},"mobile":{"background-color":"var(--ast-global-color-5)","background-image":"","background-repeat":"repeat","background-position":"center center","background-size":"auto","background-attachment":"scroll","background-type":"","background-media":"","overlay-type":"","overlay-color":"","overlay-opacity":"","overlay-gradient":""}},"_joinchat":[]},"product_brand":[],"product_cat":[15,27,25,123,30,26,28,137,136,135],"product_tag":[211,210],"class_list":{"0":"post-2714","1":"product","2":"type-product","3":"status-publish","4":"has-post-thumbnail","6":"product_cat-new-vape-this-week","7":"product_cat-fance-hot-sale-vape","8":"product_cat-germany-best-selling-vape","9":"product_cat-italy-wholesale-vape","10":"product_cat-minimum-order-quantity-50pcs","11":"product_cat-netherlands-hot-sale-vape","12":"product_cat-poland-hot-sale-vape","13":"product_cat-rechargeable-vapes","14":"product_cat-smart-screen-vapes","15":"product_cat-spain-best-hot-sale-vape","16":"product_tag-bang-king-nicotine-gum","17":"product_tag-bangking-bangking","18":"desktop-align-left","19":"tablet-align-left","20":"mobile-align-left","22":"first","23":"instock","24":"sale","25":"shipping-taxable","26":"purchasable","27":"product-type-simple"},"uagb_featured_image_src":{"full":["https:\/\/rmvapesale.com\/wp-content\/uploads\/2024\/11\/Bang-Vape-Bang-King-Nicotine-Gum.jpg",600,600,false],"thumbnail":["https:\/\/rmvapesale.com\/wp-content\/uploads\/2024\/11\/Bang-Vape-Bang-King-Nicotine-Gum-150x150.jpg",150,150,true],"medium":["https:\/\/rmvapesale.com\/wp-content\/uploads\/2024\/11\/Bang-Vape-Bang-King-Nicotine-Gum-300x300.jpg",300,300,true],"medium_large":["https:\/\/rmvapesale.com\/wp-content\/uploads\/2024\/11\/Bang-Vape-Bang-King-Nicotine-Gum.jpg",600,600,false],"large":["https:\/\/rmvapesale.com\/wp-content\/uploads\/2024\/11\/Bang-Vape-Bang-King-Nicotine-Gum.jpg",600,600,false],"1536x1536":["https:\/\/rmvapesale.com\/wp-content\/uploads\/2024\/11\/Bang-Vape-Bang-King-Nicotine-Gum.jpg",600,600,false],"2048x2048":["https:\/\/rmvapesale.com\/wp-content\/uploads\/2024\/11\/Bang-Vape-Bang-King-Nicotine-Gum.jpg",600,600,false],"trp-custom-language-flag":["https:\/\/rmvapesale.com\/wp-content\/uploads\/2024\/11\/Bang-Vape-Bang-King-Nicotine-Gum.jpg",12,12,false],"woocommerce_thumbnail":["https:\/\/rmvapesale.com\/wp-content\/uploads\/2024\/11\/Bang-Vape-Bang-King-Nicotine-Gum-300x300.jpg",300,300,true],"woocommerce_single":["https:\/\/rmvapesale.com\/wp-content\/uploads\/2024\/11\/Bang-Vape-Bang-King-Nicotine-Gum.jpg",600,600,false],"woocommerce_gallery_thumbnail":["https:\/\/rmvapesale.com\/wp-content\/uploads\/2024\/11\/Bang-Vape-Bang-King-Nicotine-Gum-100x100.jpg",100,100,true],"wcpr-photo-reviews":["https:\/\/rmvapesale.com\/wp-content\/uploads\/2024\/11\/Bang-Vape-Bang-King-Nicotine-Gum.jpg",500,500,false]},"uagb_author_info":{"display_name":"AMY","author_link":"https:\/\/rmvapesale.com\/cs\/author\/"},"uagb_comment_info":0,"uagb_excerpt":"Bang King Nicotine Gum Help Stop Smoking Gum Online Bang King Nicotine Gum Wholesale Disposable Vape Bang King New Nicotine Chewing Gum Chewing Factory Price WhatsApp: +86 17776015835 &nbsp;","_links":{"self":[{"href":"https:\/\/rmvapesale.com\/cs\/wp-json\/wp\/v2\/product\/2714","targetHints":{"allow":["GET"]}}],"collection":[{"href":"https:\/\/rmvapesale.com\/cs\/wp-json\/wp\/v2\/product"}],"about":[{"href":"https:\/\/rmvapesale.com\/cs\/wp-json\/wp\/v2\/types\/product"}],"replies":[{"embeddable":true,"href":"https:\/\/rmvapesale.com\/cs\/wp-json\/wp\/v2\/comments?post=2714"}],"wp:featuredmedia":[{"embeddable":true,"href":"https:\/\/rmvapesale.com\/cs\/wp-json\/wp\/v2\/media\/2713"}],"wp:attachment":[{"href":"https:\/\/rmvapesale.com\/cs\/wp-json\/wp\/v2\/media?parent=2714"}],"wp:term":[{"taxonomy":"product_brand","embeddable":true,"href":"https:\/\/rmvapesale.com\/cs\/wp-json\/wp\/v2\/product_brand?post=2714"},{"taxonomy":"product_cat","embeddable":true,"href":"https:\/\/rmvapesale.com\/cs\/wp-json\/wp\/v2\/product_cat?post=2714"},{"taxonomy":"product_tag","embeddable":true,"href":"https:\/\/rmvapesale.com\/cs\/wp-json\/wp\/v2\/product_tag?post=2714"}],"curies":[{"name":"wp","href":"https:\/\/api.w.org\/{rel}","templated":true}]}}