{"id":2728,"date":"2024-11-12T09:27:46","date_gmt":"2024-11-12T09:27:46","guid":{"rendered":"https:\/\/rmvapesale.com\/?post_type=product&#038;p=2728"},"modified":"2024-11-12T09:34:14","modified_gmt":"2024-11-12T09:34:14","slug":"randm-tornado-9000-puff-rechargeable-diposable-vape-wholesale-blueberry-raspberry-flavor","status":"publish","type":"product","link":"https:\/\/rmvapesale.com\/cs\/product\/randm-tornado-9000-puff-rechargeable-diposable-vape-wholesale-blueberry-raspberry-flavor\/","title":{"rendered":"RandM Tornado 9000 n\u00e1pl\u0148, dob\u00edjec\u00ed, jednor\u00e1zov\u00e1 vaporiz\u00e9r Velkoobchod, p\u0159\u00edchu\u0165 bor\u016fvky a maliny"},"content":{"rendered":"<div class=\"B2VR9 CJHX3e\">\n<div class=\"wyccme\">\n<h1 class=\"LC20lb MBeuO DKV0Md\">RandM Tornado 9000 n\u00e1pl\u0148, dob\u00edjec\u00ed, jednor\u00e1zov\u00e1 vaporiz\u00e9r Velkoobchod, p\u0159\u00edchu\u0165 bor\u016fvky a maliny<\/h1>\n<div class=\"flex-shrink-0 flex flex-col relative items-end\">\n<div class=\"pt-0\">\n<div class=\"gizmo-bot-avatar flex h-8 w-8 items-center justify-center overflow-hidden rounded-full\">\n<div class=\"relative p-1 rounded-sm flex items-center justify-center bg-token-main-surface-primary text-token-text-primary h-8 w-8\">\n<p>The RandM Tornado 9000 Puff Dob\u00edjec\u00ed Jednor\u00e1zov\u00fd Vaporiz\u00e9r v p\u0159\u00edchuti Bor\u016fvka Malina je navr\u017een tak, aby nab\u00eddl vap\u00e9r\u016fm pr\u00e9miov\u00fd a dlouhotrvaj\u00edc\u00ed z\u00e1\u017eitek. S impozantn\u00edmi v\u00edce ne\u017e 9000 potahy je tento p\u0159\u00edstroj ide\u00e1ln\u00ed pro ty, kte\u0159\u00ed hledaj\u00ed pohodl\u00ed bez kompromis\u016f na kvalit\u011b. Kapacita 18 ml e-liquidu poskytuje jemnou sm\u011bs bor\u016fvek a malin, kombinuj\u00edc\u00ed sladk\u00e9 a kysel\u00e9 t\u00f3ny v ka\u017ed\u00e9m potahu. Vylep\u0161en\u00fd nikotinov\u00fdm sol\u00ed, tento vaporiz\u00e9r zaji\u0161\u0165uje uspokojiv\u00fd a konzistentn\u00ed d\u00e1vku nikotinu, co\u017e ho \u010din\u00ed ide\u00e1ln\u00edm pro vap\u00e9ry, kte\u0159\u00ed si u\u017e\u00edvaj\u00ed bohat\u00e9 chut\u011b s v\u00fdrazn\u00fdm n\u00e1dechem.<\/p>\n<p>Tento p\u0159\u00edstroj je vybaven 850mAh dob\u00edjec\u00ed bateri\u00ed, kter\u00e1 umo\u017e\u0148uje rychl\u00e9 a snadn\u00e9 nab\u00edjen\u00ed p\u0159es port Type-C, co\u017e zaji\u0161\u0165uje nep\u0159eru\u0161ovan\u00e9 vapov\u00e1n\u00ed. Mechanismus aktivace tahem u RandM Tornado 9000 \u010din\u00ed pou\u017eit\u00ed jednoduch\u00fdm \u2013 sta\u010d\u00ed vdechnout a u\u017e\u00edvat si chutn\u00fd vaporizovan\u00fd plyn. \u017div\u00e1 RGB sv\u011bteln\u00e1 dioda p\u0159id\u00e1v\u00e1 stylov\u00fd dotek k vaporiz\u00e9ru, d\u00edky \u010demu\u017e vynikne v jak\u00e9mkoli prost\u0159ed\u00ed. A\u0165 u\u017e jste zku\u0161en\u00fd vap\u00e9r nebo nov\u00e1\u010dek, RandM Tornado 9K v p\u0159\u00edchuti Bor\u016fvka Malina nab\u00edz\u00ed vysoce kvalitn\u00ed z\u00e1\u017eitek navr\u017een\u00fd pro pot\u011b\u0161en\u00ed a spolehlivost.<\/p>\n<p>&nbsp;<\/p>\n<\/div>\n<\/div>\n<\/div>\n<\/div>\n<\/div>\n<\/div>\n<p><strong>Kontaktujte Amy a z\u00edskejte spr\u00e1vnou odpov\u011b\u010f a kup\u00f3n na vape!<\/strong><\/p>\n<p><img loading=\"lazy\" decoding=\"async\" class=\"size-full wp-image-1978\" src=\"https:\/\/rmvapesale.com\/wp-content\/uploads\/2024\/09\/Disposable-Vape-Wholesale.jpg\" alt=\"Jednor\u00e1zov\u00e1 e-cigareta velkoobchod\" width=\"229\" height=\"300\" \/><\/p>\n<h3><a href=\"https:\/\/wa.me\/8617776015835\" target=\"_blank\" rel=\"noopener\"><span style=\"color: #ff0000\"><strong>WhatsApp: +86 17776015835<\/strong><\/span><\/a><\/h3>\n<p>&nbsp;<\/p>\n<h2><\/h2>\n<h2><strong>RandM Tornado 9000 <\/strong><strong>Kl\u00ed\u010dov\u00e9 vlastnosti<\/strong><\/h2>\n<ul>\n<li>V\u00edce ne\u017e 9000 pot\u00e1hnut\u00ed pro del\u0161\u00ed pou\u017e\u00edv\u00e1n\u00ed a spokojenost<\/li>\n<li>18ml e-liquid s nikotinovou sol\u00ed Blueberry Raspberry pro vyv\u00e1\u017eenou chu\u0165<\/li>\n<li>850mAh dob\u00edjec\u00ed baterie s rychl\u00fdm nab\u00edjen\u00edm typu C<\/li>\n<li>Aktivace potahem pro bezprobl\u00e9mov\u00e9 pou\u017e\u00edv\u00e1n\u00ed, nejsou pot\u0159eba \u017e\u00e1dn\u00e1 tla\u010d\u00edtka<\/li>\n<li>Stylov\u00e9 RGB osv\u011btlen\u00ed dod\u00e1v\u00e1 barevn\u00fd vizu\u00e1ln\u00ed dojem<\/li>\n<\/ul>\n<p>&nbsp;<\/p>\n<h2><strong>Nejlep\u0161\u00ed p\u0159\u00edchu\u0165 RandM Tornado 9000<\/strong><\/h2>\n<p>1 Bor\u016fvka Malina <span style=\"color: #ff0000\"><strong>&gt;&gt;&gt;&gt; Hork\u00e9!<\/strong><\/span><br \/>\n2 Pan Blue <span style=\"color: #ff0000\"><strong>&gt;&gt;&gt;&gt; Hork\u00e9!<\/strong><\/span><br \/>\n3 Jahoda Meloun<br \/>\n4 Pomeran\u010dov\u00e9 Soda<br \/>\n5 Melounov\u00e1 \u017ev\u00fdka\u010dka<br \/>\n6 Duha Bonb\u00f3n<br \/>\n7 R\u016f\u017eov\u00e1 Limon\u00e1da <span style=\"color: #ff0000\"><strong>&gt;&gt;&gt;&gt; Hork\u00e9!<\/strong><\/span><br \/>\n8 Broskev Mango Ananas<br \/>\n9 Jahoda Ban\u00e1n<br \/>\n10 Lush Ice<br \/>\n11 \u010cern\u00fd Drak Ice<br \/>\n12 Aloe Hroznov\u00e9 v\u00edno<br \/>\n13 Modr\u00fd Razz Ice<br \/>\n14 Kiwi Passion Fruit Guava<br \/>\n15 \u017dv\u00fdka\u010dka Medv\u00eddek<br \/>\n16 Sm\u00ed\u0161en\u00e9 Bobule <span style=\"color: #ff0000\"><strong>&gt;&gt;&gt;&gt; Hork\u00e9!<\/strong><\/span><br \/>\n17 Chladn\u00e1 M\u00e1ta<br \/>\n18 Malina Vodn\u00ed Meloun<br \/>\n19 Broskvov\u00e1 Limon\u00e1da<br \/>\n20 Guava Ice<br \/>\n21 Jahodov\u00e1 Limon\u00e1da<br \/>\n22 Vodn\u00ed Meloun Brazz Ice<br \/>\n23 Ban\u00e1nov\u00e1 Kr\u00e9mov\u00e1 Puding<br \/>\n24 Broskevov\u00e9 Bobule<br \/>\n25 Jahodov\u00e1 Smetana<br \/>\n26 Kysel\u00e9 Bonb\u00f3ny<br \/>\n27 Citr\u00f3n a Limeta<br \/>\n28 T\u0159e\u0161e\u0148<br \/>\n29 Fizzy Cherry <span style=\"color: #ff0000\"><strong>&gt;&gt;&gt;&gt; Hork\u00e9!<\/strong><\/span><br \/>\n30 Bor\u016fvkov\u00e1 t\u0159e\u0161e\u0148 brusinka<br \/>\n31 Vimto<br \/>\ncURL Too many subrequests.<br \/>\n33 \u010cern\u00fd led <span style=\"color: #ff0000\"><strong>&gt;&gt;&gt;&gt; Nejlep\u0161\u00ed!<\/strong><\/span><br \/>\n34 Hroznov\u00e9<br \/>\n35 Bluelicious Ice<br \/>\ncURL Too many subrequests.<br \/>\n37 Blue Razz Kush<br \/>\n38 Ledov\u00e1 limon\u00e1da<br \/>\n39 Bor\u016fvka kysel\u00e1 malina<br \/>\n40 Ananas<br \/>\n41 T\u0159e\u0161\u0148ovo broskvov\u00e1 limon\u00e1da<br \/>\n42 Jahodovo mal\u00ednov\u00e1 t\u0159e\u0161\u0148ov\u00e1 zmrzlina<br \/>\n43 Trojit\u00e1 manga<br \/>\n44 Jahodovo mal\u00ednov\u00e1 zmrzlina<br \/>\n45 Jahoda, vodn\u00ed meloun a \u017ev\u00fdka\u010dka<br \/>\n46 Prime Jahoda a vodn\u00ed meloun<br \/>\n47 Vodn\u00ed melounov\u00e1 zmrzlina<br \/>\n48 Bor\u016fvkov\u00e1 zmrzlina <span style=\"color: #ff0000\"><strong>&gt;&gt;&gt;&gt; Hork\u00e9!<\/strong><\/span><br \/>\n49 Vodn\u00ed meloun Skittle<br \/>\n50 Jahodovo manga<br \/>\n51 Jahoda Pomp\uff08Gran\u00e1tov\u00e9 jablko\uff09<br \/>\n52 Letn\u00ed broskvov\u00e1 zmrzlina<br \/>\n53 T\u0159e\u0161\u0148ovo bobulov\u00e1<br \/>\n54 T\u0159e\u0161\u0148ov\u00e1 cola<br \/>\n55 Prime vodn\u00ed meloun<br \/>\n56 Jahoda a hroznov\u00e9 v\u00edno<br \/>\n57 Tygr\u016fv krev <span style=\"color: #ff0000\"><strong>&gt;&gt;&gt;&gt; Hork\u00e9!<\/strong><\/span><br \/>\n58 Miner\u00e1ln\u00ed voda<\/p>\n<p>&nbsp;<\/p>\n<h3><\/h3>\n<h3><strong>Pro\u010d si vybrat Rmvapesale pro RandM Tornado 9000 <\/strong><strong>V<\/strong><strong>ape Velkoobchod<\/strong><strong>?<\/strong><\/h3>\n<div class=\"flex-shrink-0 flex flex-col relative items-end\">\n<div class=\"pt-0\">\n<div class=\"gizmo-bot-avatar flex h-8 w-8 items-center justify-center overflow-hidden rounded-full\">\n<div class=\"relative p-1 rounded-sm flex items-center justify-center bg-token-main-surface-primary text-token-text-primary h-8 w-8\">\n<p>V\u00edtejte v Rmvapesale, va\u0161em d\u016fv\u011bryhodn\u00e9m obchod\u011b s pr\u00e9miov\u00fdmi jednor\u00e1zov\u00fdmi vapovac\u00edmi p\u0159\u00edstroji. S v\u00edce ne\u017e 5 lety odborn\u00fdch zku\u0161enost\u00ed v\u00e1m p\u0159in\u00e1\u0161\u00edme obl\u00edben\u00e9 zna\u010dky jednor\u00e1zov\u00fdch vapovac\u00edch p\u0159\u00edstroj\u016f, jako jsou Al Fakher, Vapme Vape, <a href=\"https:\/\/rmvapesale.com\/cs\/product\/vapme-crystal-7000-puffs-rechargeable-disposable-vape-price\/\">Vapme<\/a>, <a href=\"https:\/\/rmvapesale.com\/cs\/product-category\/bang-vapes\/\">Bang Vape<\/a>, Waspe, <a href=\"https:\/\/rmvapesale.com\/cs\/product\/wga-crystal-pro-max-extra-15k-puffs-disposable-vape-wholesale\/\">WGA<\/a> Vape a<a href=\"https:\/\/rmvapesale.com\/cs\/product-category\/randm-fumot-vape\/\"> RandM Vape<\/a>.<\/p>\n<p>N\u00e1\u0161 sortiment zahrnuje \u017ehav\u00e9 prodejn\u00ed kousky jako <a href=\"https:\/\/rmvapesale.com\/cs\/product\/fumot-digital-box-12000-disposable-vape-pink-lemonade-flavor\/\">RandM 12k<\/a> a chu\u0165ov\u011b bohat\u00e9 mo\u017enosti, jako je <a href=\"https:\/\/rmvapesale.com\/cs\/product\/elfbar-combo-25000-puffs-rechargeable-disposable-vape-wholesale\/\">ELFBAR Combo 25000 Puff<\/a>. Ka\u017ed\u00fd produkt je vyb\u00edr\u00e1n s d\u016frazem na kvalitu, hodnotu a rozmanitost, abyste si zajistili dokonalou shodu pro va\u0161e pot\u0159eby. Objevte v\u00fdjime\u010dn\u00e9 slu\u017eby a \u0161irokou \u0161k\u00e1lu \u0161pi\u010dkov\u00fdch produkt\u016f na Rmvapesale.<\/p>\n<\/div>\n<h3><\/h3>\n<div class=\"relative p-1 rounded-sm flex items-center justify-center bg-token-main-surface-primary text-token-text-primary h-8 w-8\">\n<h3><b>FAQ k dob\u00edjec\u00edmu jednor\u00e1zov\u00e9mu vaporiz\u00e9ru RandM 9000<\/b><\/h3>\n<ol>\n<li><strong>Jak\u00e9 jsou obl\u00edben\u00e9 p\u0159\u00edchut\u011b u jednor\u00e1zov\u00e9ho vaporiz\u00e9ru RandM 9000 s potahem?<\/strong><br \/>\nObl\u00edben\u00e9 p\u0159\u00edchut\u011b pro jednor\u00e1zovou vape pero RandM 9000 zahrnuj\u00ed Blue Razz Ice, kter\u00e9 kombinuje sladkou malinu s chladiv\u00fdm, ledov\u00fdm dozvukem. Dal\u0161\u00ed p\u0159\u00edchut\u011b se mohou li\u0161it v z\u00e1vislosti na dostupnosti a region\u00e1ln\u00edch preferenc\u00edch.<\/li>\n<li><strong>Jak pozn\u00e1m, kdy je moje RandM Tornado 9000 pr\u00e1zdn\u00e1?<\/strong><br \/>\nKdy\u017e je va\u0161e RandM Tornado 9000 pr\u00e1zdn\u00e1, v\u0161imnete si sn\u00ed\u017een\u00ed produkce par a chuti. Nav\u00edc m\u016f\u017ee b\u00fdt tah slab\u0161\u00ed nebo produkovat m\u00e1lo par, co\u017e nazna\u010duje, \u017ee e-liquid do\u0161el.<\/li>\n<li><strong>Jak dlouho trv\u00e1 nabit\u00ed RandM 9000 puff Vape?<\/strong><br \/>\nDoby nab\u00edjen\u00ed RandM Tornado 9000 se mohou li\u0161it, ale obvykle trv\u00e1 p\u0159ibli\u017en\u011b 1-2 hodiny \u00fapln\u00e9 nabit\u00ed baterie o kapacit\u011b 850mAh p\u0159es port Type-C.<\/li>\n<li><strong>Kolik nikotinu je v jednor\u00e1zov\u00e9 vape RandM Tornado 9k puff?<\/strong><br \/>\nRandM Tornado 9000 obsahuje nikotinov\u00e9 soli, ale p\u0159esn\u00e1 koncentrace nikotinu se m\u016f\u017ee li\u0161it podle regionu a verze produktu. Nejlep\u0161\u00ed je zkontrolovat obal nebo technick\u00e9 specifikace produktu pro p\u0159esn\u00e9 \u00farovn\u011b nikotinu.<\/li>\n<li><strong>Kde koupit Fumot Tornado 9000 puff vape za velkoobchodn\u00ed cenu?<\/strong><br \/>\nFumot Tornado 9000 puff vape m\u016f\u017eete zakoupit za velkoobchodn\u00ed ceny od autorizovan\u00fdch distributor\u016f vaporiz\u00e9r\u016f nebo online velkoobchodn\u00edch obchod\u016f s vaporiz\u00e9ry. Mnoho webov\u00fdch str\u00e1nek nab\u00edz\u00ed velkoobchodn\u00ed mo\u017enosti speci\u00e1ln\u011b pro zna\u010dky RandM a Fumot.<\/li>\n<li><strong>Mohu si vz\u00edt jednor\u00e1zovou vapovac\u00ed sadu do letadla?<\/strong><br \/>\nAno, jednor\u00e1zov\u00e9 vaporiz\u00e9ry m\u016f\u017eete vz\u00edt na palubu letadla v p\u0159\u00edru\u010dn\u00edm zavazadle, ale nesm\u00ed b\u00fdt v odbaven\u00e9m zavazadle kv\u016fli p\u0159edpis\u016fm o bateri\u00edch. V\u017edy si p\u0159ed cestou ov\u011b\u0159te pokyny leteck\u00e9 spole\u010dnosti a TSA.<\/li>\n<li><strong>Kolik pot\u00e1hnut\u00ed vydr\u017e\u00ed RandM Vape 9000 puff?<\/strong><br \/>\nJednor\u00e1zov\u00e1 vape RandM Tornado 9000 poskytuje p\u0159es 9000 pot\u00e1hnut\u00ed, co\u017e z n\u00ed \u010din\u00ed dlouhotrvaj\u00edc\u00ed mo\u017enost ve srovn\u00e1n\u00ed s jin\u00fdmi jednor\u00e1zov\u00fdmi vaporiz\u00e9ry.<\/li>\n<\/ol>\n<\/div>\n<div class=\"mb-2 flex gap-3 empty:hidden -ml-2\"><\/div>\n<p>&nbsp;<\/p>\n<\/div>\n<\/div>\n<\/div>\n<h3>O p\u0159eprav\u011b<\/h3>\n<div class=\"flex-shrink-0 flex flex-col relative items-end\">\n<div>\n<div class=\"pt-0\">\n<div class=\"gizmo-bot-avatar flex h-8 w-8 items-center justify-center overflow-hidden rounded-full\">\n<div><\/div>\n<div class=\"relative p-1 rounded-sm flex items-center justify-center bg-token-main-surface-primary text-token-text-primary h-8 w-8\"><strong>1. Jak\u00e9 zp\u016fsoby dopravy se pou\u017e\u00edvaj\u00ed?<\/strong><\/div>\n<\/div>\n<\/div>\n<\/div>\n<\/div>\n<div class=\"group\/conversation-turn relative flex w-full min-w-0 flex-col agent-turn\">\n<div class=\"flex-col gap-1 md:gap-3\">\n<div class=\"flex max-w-full flex-col flex-grow\">\n<div class=\"min-h-[20px] text-message flex w-full flex-col items-end gap-2 whitespace-normal break-words [.text-message+&amp;]:mt-5 overflow-x-auto\" dir=\"auto\" data-message-author-role=\"assistant\" data-message-id=\"22f8283b-3233-46ff-89a5-c7a41b33abda\">\n<div class=\"flex w-full flex-col gap-1 empty:hidden first:pt-[3px]\">\n<div class=\"markdown prose w-full break-words dark:prose-invert light\">\n<p>Spolupracujeme s UPS, DHL, FedEx, DPD a dal\u0161\u00edmi p\u0159edn\u00edmi p\u0159epravci. Vybereme nejlep\u0161\u00ed zp\u016fsob dopravy na z\u00e1klad\u011b va\u0161\u00ed doru\u010dovac\u00ed lokality, abychom zajistili, \u017ee sv\u00e9 produkty obdr\u017e\u00edte co nejrychleji.<\/p>\n<\/div>\n<p><strong>2. Jak dlouho trv\u00e1 doru\u010den\u00ed?<\/strong><\/p>\n<p>Bal\u00ed\u010dky odeslan\u00e9 do \u010cesk\u00e9 republiky obvykle doraz\u00ed do 10 pracovn\u00edch dn\u016f. P\u0159eprava do evropsk\u00fdch zem\u00ed obecn\u011b trv\u00e1 asi 12-15 pracovn\u00edch dn\u016f. O stavu va\u0161\u00ed z\u00e1silky v\u00e1s budeme pr\u016fb\u011b\u017en\u011b informovat.<\/p>\n<\/div>\n<\/div>\n<\/div>\n<\/div>\n<\/div>\n<p>&nbsp;<\/p>\n<p>Naj\u00edt v\u00edce produkt\u016f pro vaping, kter\u00e9 by se v\u00e1m mohly l\u00edbit:<strong><em><a href=\"https:\/\/rmvapesale.com\/cs\/shop-2\/\">nakupujte nyn\u00ed &gt;&gt;&gt;<\/a><\/em><\/strong><\/p>","protected":false},"excerpt":{"rendered":"<p>RandM Tornado 9000 Pot\u0159eb P\u0159\u00edru\u010dn\u00ed Jednor\u00e1zov\u00e9 Vape Za\u0159\u00edzen\u00ed<br \/>\nRandM 9000 potah\u016f Jednor\u00e1zov\u00e9 Vape V\u0161ech P\u0159\u00edchut\u00ed na Sklade<br \/>\nRandM Tornado 9000 Potah\u016f 9K Jednor\u00e1zov\u00e1 Ty\u010dinka<\/p>\n<p><img loading=\"lazy\" decoding=\"async\" class=\"size-full wp-image-2375\" src=\"https:\/\/rmvapesale.com\/wp-content\/uploads\/2024\/10\/image.png\" alt=\"Nejlep\u0161\u00ed jednor\u00e1zov\u00e1 e-cigareta\" width=\"229\" height=\"300\" \/><\/p>\n<h3><a href=\"https:\/\/wa.me\/8617776015835\"><span style=\"color: #ff0000\"><strong>WhatsApp: +86 17776015835<\/strong><\/span><\/a><\/h3>\n<p>&nbsp;<\/p>","protected":false},"featured_media":2723,"comment_status":"open","ping_status":"closed","template":"","meta":{"_uag_custom_page_level_css":"","_lmt_disableupdate":"no","_lmt_disable":"","site-sidebar-layout":"default","site-content-layout":"content-boxed-container","ast-site-content-layout":"normal-width-container","site-content-style":"boxed","site-sidebar-style":"unboxed","ast-global-header-display":"","ast-banner-title-visibility":"","ast-main-header-display":"","ast-hfb-above-header-display":"","ast-hfb-below-header-display":"","ast-hfb-mobile-header-display":"","site-post-title":"","ast-breadcrumbs-content":"","ast-featured-img":"","footer-sml-layout":"","theme-transparent-header-meta":"default","adv-header-id-meta":"","stick-header-meta":"","header-above-stick-meta":"","header-main-stick-meta":"","header-below-stick-meta":"","astra-migrate-meta-layouts":"set","ast-page-background-enabled":"default","ast-page-background-meta":{"desktop":{"background-color":"var(--ast-global-color-4)","background-image":"","background-repeat":"repeat","background-position":"center center","background-size":"auto","background-attachment":"scroll","background-type":"","background-media":"","overlay-type":"","overlay-color":"","overlay-opacity":"","overlay-gradient":""},"tablet":{"background-color":"","background-image":"","background-repeat":"repeat","background-position":"center center","background-size":"auto","background-attachment":"scroll","background-type":"","background-media":"","overlay-type":"","overlay-color":"","overlay-opacity":"","overlay-gradient":""},"mobile":{"background-color":"","background-image":"","background-repeat":"repeat","background-position":"center center","background-size":"auto","background-attachment":"scroll","background-type":"","background-media":"","overlay-type":"","overlay-color":"","overlay-opacity":"","overlay-gradient":""}},"ast-content-background-meta":{"desktop":{"background-color":"var(--ast-global-color-5)","background-image":"","background-repeat":"repeat","background-position":"center center","background-size":"auto","background-attachment":"scroll","background-type":"","background-media":"","overlay-type":"","overlay-color":"","overlay-opacity":"","overlay-gradient":""},"tablet":{"background-color":"var(--ast-global-color-5)","background-image":"","background-repeat":"repeat","background-position":"center center","background-size":"auto","background-attachment":"scroll","background-type":"","background-media":"","overlay-type":"","overlay-color":"","overlay-opacity":"","overlay-gradient":""},"mobile":{"background-color":"var(--ast-global-color-5)","background-image":"","background-repeat":"repeat","background-position":"center center","background-size":"auto","background-attachment":"scroll","background-type":"","background-media":"","overlay-type":"","overlay-color":"","overlay-opacity":"","overlay-gradient":""}},"_joinchat":[]},"product_brand":[],"product_cat":[15,25,123,26,28,135,27,137,136,30],"product_tag":[169,207,181,120],"class_list":{"0":"post-2728","1":"product","2":"type-product","3":"status-publish","4":"has-post-thumbnail","6":"product_cat-new-vape-this-week","7":"product_cat-germany-best-selling-vape","8":"product_cat-italy-wholesale-vape","9":"product_cat-netherlands-hot-sale-vape","10":"product_cat-poland-hot-sale-vape","11":"product_cat-spain-best-hot-sale-vape","12":"product_cat-fance-hot-sale-vape","13":"product_cat-rechargeable-vapes","14":"product_cat-smart-screen-vapes","15":"product_cat-minimum-order-quantity-50pcs","16":"product_tag-best-disposable-vape-2024","17":"product_tag-puff-vape","18":"product_tag-randm-tornado-9000","19":"product_tag-vape-wholesale","20":"desktop-align-left","21":"tablet-align-left","22":"mobile-align-left","24":"first","25":"instock","26":"sale","27":"shipping-taxable","28":"purchasable","29":"product-type-simple"},"uagb_featured_image_src":{"full":["https:\/\/rmvapesale.com\/wp-content\/uploads\/2024\/11\/RandM-Tornado-9000-Blueberry-raspberry.png",800,800,false],"thumbnail":["https:\/\/rmvapesale.com\/wp-content\/uploads\/2024\/11\/RandM-Tornado-9000-Blueberry-raspberry-150x150.png",150,150,true],"medium":["https:\/\/rmvapesale.com\/wp-content\/uploads\/2024\/11\/RandM-Tornado-9000-Blueberry-raspberry-300x300.png",300,300,true],"medium_large":["https:\/\/rmvapesale.com\/wp-content\/uploads\/2024\/11\/RandM-Tornado-9000-Blueberry-raspberry-768x768.png",768,768,true],"large":["https:\/\/rmvapesale.com\/wp-content\/uploads\/2024\/11\/RandM-Tornado-9000-Blueberry-raspberry.png",800,800,false],"1536x1536":["https:\/\/rmvapesale.com\/wp-content\/uploads\/2024\/11\/RandM-Tornado-9000-Blueberry-raspberry.png",800,800,false],"2048x2048":["https:\/\/rmvapesale.com\/wp-content\/uploads\/2024\/11\/RandM-Tornado-9000-Blueberry-raspberry.png",800,800,false],"trp-custom-language-flag":["https:\/\/rmvapesale.com\/wp-content\/uploads\/2024\/11\/RandM-Tornado-9000-Blueberry-raspberry.png",12,12,false],"woocommerce_thumbnail":["https:\/\/rmvapesale.com\/wp-content\/uploads\/2024\/11\/RandM-Tornado-9000-Blueberry-raspberry-300x300.png",300,300,true],"woocommerce_single":["https:\/\/rmvapesale.com\/wp-content\/uploads\/2024\/11\/RandM-Tornado-9000-Blueberry-raspberry-600x600.png",600,600,true],"woocommerce_gallery_thumbnail":["https:\/\/rmvapesale.com\/wp-content\/uploads\/2024\/11\/RandM-Tornado-9000-Blueberry-raspberry-100x100.png",100,100,true],"wcpr-photo-reviews":["https:\/\/rmvapesale.com\/wp-content\/uploads\/2024\/11\/RandM-Tornado-9000-Blueberry-raspberry.png",500,500,false]},"uagb_author_info":{"display_name":"AMY","author_link":"https:\/\/rmvapesale.com\/cs\/author\/"},"uagb_comment_info":0,"uagb_excerpt":"RandM Tornado 9000 Puffs Disposable Vape Device RandM 9000 puffs Disposable Vape All Flavor in Stock RandM Tornado 9000 Puff 9K Disposable Bar WhatsApp: +86 17776015835 &nbsp;","_links":{"self":[{"href":"https:\/\/rmvapesale.com\/cs\/wp-json\/wp\/v2\/product\/2728","targetHints":{"allow":["GET"]}}],"collection":[{"href":"https:\/\/rmvapesale.com\/cs\/wp-json\/wp\/v2\/product"}],"about":[{"href":"https:\/\/rmvapesale.com\/cs\/wp-json\/wp\/v2\/types\/product"}],"replies":[{"embeddable":true,"href":"https:\/\/rmvapesale.com\/cs\/wp-json\/wp\/v2\/comments?post=2728"}],"wp:featuredmedia":[{"embeddable":true,"href":"https:\/\/rmvapesale.com\/cs\/wp-json\/wp\/v2\/media\/2723"}],"wp:attachment":[{"href":"https:\/\/rmvapesale.com\/cs\/wp-json\/wp\/v2\/media?parent=2728"}],"wp:term":[{"taxonomy":"product_brand","embeddable":true,"href":"https:\/\/rmvapesale.com\/cs\/wp-json\/wp\/v2\/product_brand?post=2728"},{"taxonomy":"product_cat","embeddable":true,"href":"https:\/\/rmvapesale.com\/cs\/wp-json\/wp\/v2\/product_cat?post=2728"},{"taxonomy":"product_tag","embeddable":true,"href":"https:\/\/rmvapesale.com\/cs\/wp-json\/wp\/v2\/product_tag?post=2728"}],"curies":[{"name":"wp","href":"https:\/\/api.w.org\/{rel}","templated":true}]}}