{"id":2729,"date":"2024-11-14T06:19:37","date_gmt":"2024-11-14T06:19:37","guid":{"rendered":"https:\/\/rmvapesale.com\/?post_type=product&#038;p=2729"},"modified":"2024-11-14T06:57:21","modified_gmt":"2024-11-14T06:57:21","slug":"fumot-12000-puffs-randm-rechargeable-disposable-vape-watermelon-bubblegum-flavour-germany-wholesale-price","status":"publish","type":"product","link":"https:\/\/rmvapesale.com\/cs\/product\/fumot-12000-puffs-randm-rechargeable-disposable-vape-watermelon-bubblegum-flavour-germany-wholesale-price\/","title":{"rendered":"Fumot 12000 pot\u00e1hnut\u00ed RandM Dob\u00edjec\u00ed jednor\u00e1zov\u00e1 vape Vodn\u00ed meloun \u017dv\u00fdka\u010dka P\u0159\u00edchu\u0165 N\u011bmecko Velkoobchodn\u00ed cena"},"content":{"rendered":"<div class=\"B2VR9 CJHX3e\">\n<div class=\"wyccme\">\n<h1 class=\"LC20lb MBeuO DKV0Md\">Fumot 12000 pot\u00e1hnut\u00ed RandM Dob\u00edjec\u00ed jednor\u00e1zov\u00e1 vape Vodn\u00ed meloun \u017dv\u00fdka\u010dka P\u0159\u00edchu\u0165 N\u011bmecko Velkoobchodn\u00ed cena<\/h1>\n<p>&nbsp;<\/p>\n<div class=\"flex-shrink-0 flex flex-col relative items-end\">\n<div class=\"pt-0\">\n<div class=\"gizmo-bot-avatar flex h-8 w-8 items-center justify-center overflow-hidden rounded-full\">\n<div class=\"relative p-1 rounded-sm flex items-center justify-center bg-token-main-surface-primary text-token-text-primary h-8 w-8\">\n<p>Fumot 12000 Puffs RandM Dob\u00edjec\u00ed jednor\u00e1zov\u00e1 e-cigareta s p\u0159\u00edchut\u00ed Watermelon Bubblegum nab\u00edz\u00ed jedine\u010dn\u00fd, sladk\u00fd a ovocn\u00fd z\u00e1\u017eitek z vapov\u00e1n\u00ed. Tato Randm vape, kter\u00e1 kombinuje \u0161\u0165avnatou chu\u0165 melounu s nostalgickou sladkost\u00ed \u017ev\u00fdka\u010dky, je ide\u00e1ln\u00ed pro ty, kte\u0159\u00ed si u\u017e\u00edvaj\u00ed chu\u0165ov\u00fd zvrat s ka\u017ed\u00fdm pot\u00e1hnut\u00edm. S vysokou kapacitou e-liquidu 20 ml nab\u00edz\u00ed toto za\u0159\u00edzen\u00ed p\u016fsobiv\u00fdch 12 000 pot\u00e1hnut\u00ed, co\u017e zaji\u0161\u0165uje dlouhotrvaj\u00edc\u00ed po\u017eitek. Tento produkt Fumot 12000, \u0161it\u00fd na m\u00edru pro velkoobchodn\u00ed trh v \u010cesk\u00e9 republice, p\u0159edstavuje ide\u00e1ln\u00ed volbu pro maloobchodn\u00edky, kte\u0159\u00ed cht\u011bj\u00ed m\u00edt na sklad\u011b vysoce \u017e\u00e1danou pr\u00e9miovou p\u0159\u00edchu\u0165.<\/p>\n<p>Fumot 12000, vybaven\u00fd dob\u00edjec\u00ed bateri\u00ed s kapacitou 550 mAh a nab\u00edjec\u00edm portem USB typu C, usnad\u0148uje u\u017eivatel\u016fm dob\u00edjen\u00ed a udr\u017eov\u00e1n\u00ed vapu p\u0159ipraven\u00e9ho, kdykoli ho pot\u0159ebuj\u00ed. Integrovan\u00fd LED displej pohodln\u011b zobrazuje \u00farove\u0148 nabit\u00ed baterie a e-liquidu, tak\u017ee u\u017eivatel\u00e9 jsou v\u017edy informov\u00e1ni. Pokro\u010dil\u00e1 technologie mesh coil zvy\u0161uje konzistenci p\u00e1ry a zaji\u0161\u0165uje hladk\u00fd a uspokojiv\u00fd hit p\u0159i ka\u017ed\u00e9m pou\u017eit\u00ed. Toto za\u0159\u00edzen\u00ed, dostupn\u00e9 v n\u011bkolika \u00farovn\u00edch nikotinu, v\u010detn\u011b 2% a 5%, uspokojuje \u0159adu preferenc\u00ed, co\u017e z n\u011bj \u010din\u00ed univerz\u00e1ln\u00ed volbu pro za\u010d\u00e1te\u010dn\u00edky i zku\u0161en\u00e9 vapery.<\/p>\n<p>&nbsp;<\/p>\n<\/div>\n<\/div>\n<\/div>\n<\/div>\n<\/div>\n<\/div>\n<p><strong>Kontaktujte Amy a z\u00edskejte spr\u00e1vnou odpov\u011b\u010f a kup\u00f3n na vape!<\/strong><\/p>\n<p><img loading=\"lazy\" decoding=\"async\" class=\"size-full wp-image-1978\" src=\"https:\/\/rmvapesale.com\/wp-content\/uploads\/2024\/09\/Disposable-Vape-Wholesale.jpg\" alt=\"Jednor\u00e1zov\u00e1 e-cigareta velkoobchod\" width=\"229\" height=\"300\" \/><\/p>\n<h3><a href=\"https:\/\/wa.me\/8617776015835\" target=\"_blank\" rel=\"noopener\"><span style=\"color: #ff0000\"><strong>WhatsApp: +86 17776015835<\/strong><\/span><\/a><\/h3>\n<p>&nbsp;<\/p>\n<h2><\/h2>\n<h2><strong>Fumot 12000 Puffs Kl\u00ed\u010dov\u00e9 vlastnosti<\/strong><\/h2>\n<ul>\n<li>V\u00edce ne\u017e 9000 pot\u00e1hnut\u00ed pro del\u0161\u00ed pou\u017e\u00edv\u00e1n\u00ed a spokojenost<\/li>\n<li>18ml e-liquid s nikotinovou sol\u00ed Blueberry Raspberry pro vyv\u00e1\u017eenou chu\u0165<\/li>\n<li>850mAh dob\u00edjec\u00ed baterie s rychl\u00fdm nab\u00edjen\u00edm typu C<\/li>\n<li>Aktivace potahem pro bezprobl\u00e9mov\u00e9 pou\u017e\u00edv\u00e1n\u00ed, nejsou pot\u0159eba \u017e\u00e1dn\u00e1 tla\u010d\u00edtka<\/li>\n<li>Stylov\u00e9 RGB osv\u011btlen\u00ed dod\u00e1v\u00e1 barevn\u00fd vizu\u00e1ln\u00ed dojem<\/li>\n<\/ul>\n<p>&nbsp;<\/p>\n<h2><strong>Nejlep\u0161\u00ed p\u0159\u00edchu\u0165 pro Fumot 12000 Puffs<\/strong><\/h2>\n<p>1 Cool Mint <span style=\"color: #ff0000\"><strong>&gt;&gt;&gt;&gt; Hork\u00e9!<\/strong><\/span><br \/>\n2 Watermelon Ice<br \/>\n3 Grape Ice<br \/>\n4 Blueberry Raspberry <span style=\"color: #ff0000\"><strong>&gt;&gt;&gt;&gt; Hork\u00e9!<\/strong><\/span><br \/>\n5 Jahoda Meloun<br \/>\n6 Jahoda Ban\u00e1n<br \/>\n7 Bujn\u00fd Led<br \/>\n8 T\u0159e\u0161e\u0148<br \/>\n9 Jahodov\u00fd Led<br \/>\n10 Ledov\u00e1 L\u00edz\u00e1tko<br \/>\n11 R\u016f\u017eov\u00e1 Limon\u00e1da <span style=\"color: #ff0000\"><strong>&gt;&gt;&gt;&gt; Hork\u00e9!<\/strong><\/span><br \/>\n12 Mango s ledem<br \/>\n13 M\u00edchan\u00e9 Bobule<br \/>\n14 Jahodov\u00fd Donut<br \/>\n15 Jahodov\u00e9 Hrozny<br \/>\n16 T\u0159e\u0161\u0148ov\u00e1 Cola<br \/>\n17 Dr. Blue<br \/>\n18 Bor\u016fvka s ledem <span style=\"color: #ff0000\"><strong>&gt;&gt;&gt;&gt; Hork\u00e9!<\/strong><\/span><br \/>\n19 Kiwi mu\u010denka guava<br \/>\n20 Jahodov\u00e9 kiwi<br \/>\n21 Broskev mango<br \/>\n22 Broskvov\u00fd led<br \/>\n23 \u010cerven\u00e9 jablko s ledem<br \/>\n24 Bor\u016fvkov\u00e1 \u017ev\u00fdka\u010dka <span style=\"color: #ff0000\"><strong>&gt;&gt;&gt;&gt; Nejlep\u0161\u00ed!<\/strong><\/span><br \/>\n25 Berry limon\u00e1da<br \/>\n26 Blue razz limon\u00e1da<br \/>\n27 Bluesour malina<br \/>\n28 Jahodov\u00fd Red bull<br \/>\n29 Jable\u010dn\u00e1 berry exploze<br \/>\n30 Melounov\u00e1 \u017ev\u00fdka\u010dka<br \/>\n31 Malinov\u00fd meloun<br \/>\n32 \u010cern\u00fd led<br \/>\n33 Bor\u016fvka t\u0159e\u0161e\u0148 brusinka<br \/>\n34 Jahodov\u00fd pomp (gran\u00e1tov\u00e9 jablko)<br \/>\n35 Vimto<br \/>\n36 T\u0159e\u0161\u0148ov\u00e1 bobule<br \/>\n37 Citron<br \/>\n38 Bingo Crush<br \/>\n39 Bor\u016fvka kiwi<br \/>\n40 Jablko sko\u0159ice<\/p>\n<h3><\/h3>\n<h3><strong>Pro\u010d si vybrat Rmvapesale pro RandM Tornado 9000 <\/strong><strong>V<\/strong><strong>ape Velkoobchod<\/strong><strong>?<\/strong><\/h3>\n<div class=\"flex-shrink-0 flex flex-col relative items-end\">\n<div class=\"pt-0\">\n<div class=\"gizmo-bot-avatar flex h-8 w-8 items-center justify-center overflow-hidden rounded-full\">\n<div class=\"relative p-1 rounded-sm flex items-center justify-center bg-token-main-surface-primary text-token-text-primary h-8 w-8\">\n<p>V\u00edtejte v Rmvapesale, va\u0161em d\u016fv\u011bryhodn\u00e9m obchod\u011b s pr\u00e9miov\u00fdmi jednor\u00e1zov\u00fdmi vapovac\u00edmi p\u0159\u00edstroji. S v\u00edce ne\u017e 5 lety odborn\u00fdch zku\u0161enost\u00ed v\u00e1m p\u0159in\u00e1\u0161\u00edme obl\u00edben\u00e9 zna\u010dky jednor\u00e1zov\u00fdch vapovac\u00edch p\u0159\u00edstroj\u016f, jako jsou Al Fakher, Vapme Vape, <a href=\"https:\/\/rmvapesale.com\/cs\/product\/vapme-crystal-7000-puffs-rechargeable-disposable-vape-price\/\">Vapme<\/a>, <a href=\"https:\/\/rmvapesale.com\/cs\/product-category\/bang-vapes\/\">Bang Vape<\/a>, Waspe, <a href=\"https:\/\/rmvapesale.com\/cs\/product\/wga-crystal-pro-max-extra-15k-puffs-disposable-vape-wholesale\/\">WGA<\/a> Vape a<a href=\"https:\/\/rmvapesale.com\/cs\/product-category\/randm-fumot-vape\/\"> RandM Vape<\/a>.<\/p>\n<p>N\u00e1\u0161 sortiment zahrnuje \u017ehav\u00e9 prodejn\u00ed kousky jako <a href=\"https:\/\/rmvapesale.com\/cs\/product\/fumot-digital-box-12000-disposable-vape-pink-lemonade-flavor\/\">RandM 12000<\/a> a chu\u0165ov\u011b bohat\u00e9 mo\u017enosti, jako je <a href=\"https:\/\/rmvapesale.com\/cs\/product\/elfbar-combo-25000-puffs-rechargeable-disposable-vape-wholesale\/\">ELFBAR Combo 25000 Puff<\/a>. Ka\u017ed\u00fd produkt je vyb\u00edr\u00e1n s d\u016frazem na kvalitu, hodnotu a rozmanitost, abyste si zajistili dokonalou shodu pro va\u0161e pot\u0159eby. Objevte v\u00fdjime\u010dn\u00e9 slu\u017eby a \u0161irokou \u0161k\u00e1lu \u0161pi\u010dkov\u00fdch produkt\u016f na Rmvapesale.<\/p>\n<\/div>\n<h3><\/h3>\n<div class=\"relative p-1 rounded-sm flex items-center justify-center bg-token-main-surface-primary text-token-text-primary h-8 w-8\">\n<h3><b>Fumot 12000 Puffs Dob\u00edjec\u00ed Jednor\u00e1zov\u00e1 Vape FAQS<\/b><\/h3>\n<p><strong>Kde koupit Fumot 12000 digit\u00e1ln\u00ed box vape?<\/strong><br \/>\nPro nejlep\u0161\u00ed nab\u00eddky na Fumot 12000 Puffs RandM Jednor\u00e1zov\u00e9 Vape, v\u010detn\u011b velkoobchodn\u00edch cen, nav\u0161tivte online vape obchod Rmvapesale.<\/p>\n<p><strong>Jak\u00e9 jsou obl\u00edben\u00e9 p\u0159\u00edchut\u011b pro Fumot 12000 jednor\u00e1zov\u00e9 vape?<\/strong><br \/>\nMezi obl\u00edben\u00e9 p\u0159\u00edchut\u011b pat\u0159\u00ed Blueberry Bubblegum, Strawberry Watermelon, Lush Ice, Grape Ice a Cool Mint.<\/p>\n<p><strong>Jak pozn\u00e1m, kdy je moje Fumot Vape 12000 Puffs Smart Vape pr\u00e1zdn\u00e1?<\/strong><br \/>\nLED displej zobraz\u00ed n\u00edzkou hladinu e-liquidu a baterie, co\u017e signalizuje, kdy je \u010das dob\u00edt nebo vym\u011bnit vape.<\/p>\n<p><strong>Jak dlouho trv\u00e1 nab\u00edjen\u00ed dob\u00edjec\u00edho vapu RandM 12000?<\/strong><br \/>\nPln\u00e9 nabit\u00ed obvykle trv\u00e1 p\u0159ibli\u017en\u011b 1\u20132 hodiny pomoc\u00ed nab\u00edje\u010dky typu C.<\/p>\n<p><strong>Kolik nikotinu je v jednor\u00e1zov\u00e9m vapu Fumot RandM 12000?<\/strong><br \/>\nZa\u0159\u00edzen\u00ed je k dispozici s obsahem nikotinu 2 % (20 mg) a 5 % (50 mg).<\/p>\n<p><strong>Kde koupit vapy RandM 12k puff za velkoobchodn\u00ed cenu?<\/strong><br \/>\nOnline vape shop Rmvapesale nab\u00edz\u00ed velkoobchodn\u00ed ceny na vapy RandM 12000 Puffs.<\/p>\n<p><strong>Mohu si vz\u00edt jednor\u00e1zovou vapovac\u00ed sadu do letadla?<\/strong><br \/>\nAno, jednor\u00e1zov\u00e9 vapy jsou povoleny v p\u0159\u00edru\u010dn\u00edm zavazadle, ale mus\u00ed dodr\u017eovat leteck\u00e9 p\u0159edpisy t\u00fdkaj\u00edc\u00ed se lithiov\u00fdch bateri\u00ed.<\/p>\n<p><strong>Kolik pot\u00e1hnut\u00ed poskytuje RandM Fumot 12k Vape?<\/strong><br \/>\nRandM Fumot 12000 nab\u00edz\u00ed a\u017e 12 000 pot\u00e1hnut\u00ed na za\u0159\u00edzen\u00ed.<\/p>\n<p><strong>Jak dlouho trv\u00e1 pln\u00e9 nabit\u00ed vapu RandM Tornado 12000?<\/strong><br \/>\nPln\u00e9 nabit\u00ed vapu RandM Tornado 12000 trv\u00e1 p\u0159ibli\u017en\u011b 1\u20132 hodiny pomoc\u00ed USB nab\u00edje\u010dky typu C.<\/p>\n<\/div>\n<div class=\"mb-2 flex gap-3 empty:hidden -ml-2\"><\/div>\n<p>&nbsp;<\/p>\n<\/div>\n<\/div>\n<\/div>\n<h3>O p\u0159eprav\u011b<\/h3>\n<div class=\"flex-shrink-0 flex flex-col relative items-end\">\n<div>\n<div class=\"pt-0\">\n<div class=\"gizmo-bot-avatar flex h-8 w-8 items-center justify-center overflow-hidden rounded-full\">\n<div><\/div>\n<div class=\"relative p-1 rounded-sm flex items-center justify-center bg-token-main-surface-primary text-token-text-primary h-8 w-8\"><strong>1. Jak\u00e9 zp\u016fsoby dopravy se pou\u017e\u00edvaj\u00ed?<\/strong><\/div>\n<\/div>\n<\/div>\n<\/div>\n<\/div>\n<div class=\"group\/conversation-turn relative flex w-full min-w-0 flex-col agent-turn\">\n<div class=\"flex-col gap-1 md:gap-3\">\n<div class=\"flex max-w-full flex-col flex-grow\">\n<div class=\"min-h-[20px] text-message flex w-full flex-col items-end gap-2 whitespace-normal break-words [.text-message+&amp;]:mt-5 overflow-x-auto\" dir=\"auto\" data-message-author-role=\"assistant\" data-message-id=\"22f8283b-3233-46ff-89a5-c7a41b33abda\">\n<div class=\"flex w-full flex-col gap-1 empty:hidden first:pt-[3px]\">\n<div class=\"markdown prose w-full break-words dark:prose-invert light\">\n<p>Spolupracujeme s UPS, DHL, FedEx, DPD a dal\u0161\u00edmi p\u0159edn\u00edmi p\u0159epravci. Vybereme nejlep\u0161\u00ed zp\u016fsob dopravy na z\u00e1klad\u011b va\u0161\u00ed doru\u010dovac\u00ed lokality, abychom zajistili, \u017ee sv\u00e9 produkty obdr\u017e\u00edte co nejrychleji.<\/p>\n<\/div>\n<p><strong>2. Jak dlouho trv\u00e1 doru\u010den\u00ed?<\/strong><\/p>\n<p>Bal\u00ed\u010dky odeslan\u00e9 do \u010cesk\u00e9 republiky obvykle doraz\u00ed do 10 pracovn\u00edch dn\u016f. P\u0159eprava do evropsk\u00fdch zem\u00ed obecn\u011b trv\u00e1 asi 12-15 pracovn\u00edch dn\u016f. O stavu va\u0161\u00ed z\u00e1silky v\u00e1s budeme pr\u016fb\u011b\u017en\u011b informovat.<\/p>\n<\/div>\n<\/div>\n<\/div>\n<\/div>\n<\/div>\n<p>&nbsp;<\/p>\n<p>Naj\u00edt v\u00edce produkt\u016f pro vaping, kter\u00e9 by se v\u00e1m mohly l\u00edbit:<strong><em><a href=\"https:\/\/rmvapesale.com\/cs\/shop-2\/\">nakupujte nyn\u00ed &gt;&gt;&gt;<\/a><\/em><\/strong><\/p>","protected":false},"excerpt":{"rendered":"<p>Jednor\u00e1zov\u00e1 e-cigareta Fumot RandM 12000 Puffs Digital Box<br \/>\nFumot 12000 Dob\u00edjec\u00ed jednor\u00e1zov\u00e1 e-cigareta Velkoobchodn\u00ed cena<br \/>\nRandM Vape Fumot 12000 Jednor\u00e1zov\u00e1 e-cigareta s n\u00edzk\u00fdm obsahem nikotinu 2%<\/p>\n<p><img loading=\"lazy\" decoding=\"async\" class=\"size-full wp-image-2375\" src=\"https:\/\/rmvapesale.com\/wp-content\/uploads\/2024\/10\/image.png\" alt=\"Nejlep\u0161\u00ed jednor\u00e1zov\u00e1 e-cigareta\" width=\"229\" height=\"300\" \/><\/p>\n<h3><a href=\"https:\/\/wa.me\/8617776015835\"><span style=\"color: #ff0000\"><strong>WhatsApp: +86 17776015835<\/strong><\/span><\/a><\/h3>\n<p>&nbsp;<\/p>","protected":false},"featured_media":2733,"comment_status":"open","ping_status":"closed","template":"","meta":{"_uag_custom_page_level_css":"","_lmt_disableupdate":"no","_lmt_disable":"","site-sidebar-layout":"default","site-content-layout":"content-boxed-container","ast-site-content-layout":"normal-width-container","site-content-style":"boxed","site-sidebar-style":"unboxed","ast-global-header-display":"","ast-banner-title-visibility":"","ast-main-header-display":"","ast-hfb-above-header-display":"","ast-hfb-below-header-display":"","ast-hfb-mobile-header-display":"","site-post-title":"","ast-breadcrumbs-content":"","ast-featured-img":"","footer-sml-layout":"","theme-transparent-header-meta":"default","adv-header-id-meta":"","stick-header-meta":"","header-above-stick-meta":"","header-main-stick-meta":"","header-below-stick-meta":"","astra-migrate-meta-layouts":"set","ast-page-background-enabled":"default","ast-page-background-meta":{"desktop":{"background-color":"var(--ast-global-color-4)","background-image":"","background-repeat":"repeat","background-position":"center center","background-size":"auto","background-attachment":"scroll","background-type":"","background-media":"","overlay-type":"","overlay-color":"","overlay-opacity":"","overlay-gradient":""},"tablet":{"background-color":"","background-image":"","background-repeat":"repeat","background-position":"center center","background-size":"auto","background-attachment":"scroll","background-type":"","background-media":"","overlay-type":"","overlay-color":"","overlay-opacity":"","overlay-gradient":""},"mobile":{"background-color":"","background-image":"","background-repeat":"repeat","background-position":"center center","background-size":"auto","background-attachment":"scroll","background-type":"","background-media":"","overlay-type":"","overlay-color":"","overlay-opacity":"","overlay-gradient":""}},"ast-content-background-meta":{"desktop":{"background-color":"var(--ast-global-color-5)","background-image":"","background-repeat":"repeat","background-position":"center center","background-size":"auto","background-attachment":"scroll","background-type":"","background-media":"","overlay-type":"","overlay-color":"","overlay-opacity":"","overlay-gradient":""},"tablet":{"background-color":"var(--ast-global-color-5)","background-image":"","background-repeat":"repeat","background-position":"center center","background-size":"auto","background-attachment":"scroll","background-type":"","background-media":"","overlay-type":"","overlay-color":"","overlay-opacity":"","overlay-gradient":""},"mobile":{"background-color":"var(--ast-global-color-5)","background-image":"","background-repeat":"repeat","background-position":"center center","background-size":"auto","background-attachment":"scroll","background-type":"","background-media":"","overlay-type":"","overlay-color":"","overlay-opacity":"","overlay-gradient":""}},"_joinchat":[]},"product_brand":[],"product_cat":[15,51,25,123,26,28,135,27,31,137,136,30],"product_tag":[212,214,39,213,38],"class_list":{"0":"post-2729","1":"product","2":"type-product","3":"status-publish","4":"has-post-thumbnail","6":"product_cat-new-vape-this-week","7":"product_cat-fumot-vape","8":"product_cat-germany-best-selling-vape","9":"product_cat-italy-wholesale-vape","10":"product_cat-netherlands-hot-sale-vape","11":"product_cat-poland-hot-sale-vape","12":"product_cat-spain-best-hot-sale-vape","13":"product_cat-fance-hot-sale-vape","14":"product_cat-randm-fumot-vape","15":"product_cat-rechargeable-vapes","16":"product_cat-smart-screen-vapes","17":"product_cat-minimum-order-quantity-50pcs","18":"product_tag-fumot-12000","19":"product_tag-fumot-12k","20":"product_tag-fumot-vape","21":"product_tag-randm-12000","22":"product_tag-randm-vape","23":"desktop-align-left","24":"tablet-align-left","25":"mobile-align-left","27":"first","28":"instock","29":"sale","30":"shipping-taxable","31":"purchasable","32":"product-type-simple"},"uagb_featured_image_src":{"full":["https:\/\/rmvapesale.com\/wp-content\/uploads\/2024\/11\/RandM-Vape-12000-Puffs-Disposable-Vape-Cheap-Price.jpg",800,800,false],"thumbnail":["https:\/\/rmvapesale.com\/wp-content\/uploads\/2024\/11\/RandM-Vape-12000-Puffs-Disposable-Vape-Cheap-Price-150x150.jpg",150,150,true],"medium":["https:\/\/rmvapesale.com\/wp-content\/uploads\/2024\/11\/RandM-Vape-12000-Puffs-Disposable-Vape-Cheap-Price-300x300.jpg",300,300,true],"medium_large":["https:\/\/rmvapesale.com\/wp-content\/uploads\/2024\/11\/RandM-Vape-12000-Puffs-Disposable-Vape-Cheap-Price-768x768.jpg",768,768,true],"large":["https:\/\/rmvapesale.com\/wp-content\/uploads\/2024\/11\/RandM-Vape-12000-Puffs-Disposable-Vape-Cheap-Price.jpg",800,800,false],"1536x1536":["https:\/\/rmvapesale.com\/wp-content\/uploads\/2024\/11\/RandM-Vape-12000-Puffs-Disposable-Vape-Cheap-Price.jpg",800,800,false],"2048x2048":["https:\/\/rmvapesale.com\/wp-content\/uploads\/2024\/11\/RandM-Vape-12000-Puffs-Disposable-Vape-Cheap-Price.jpg",800,800,false],"trp-custom-language-flag":["https:\/\/rmvapesale.com\/wp-content\/uploads\/2024\/11\/RandM-Vape-12000-Puffs-Disposable-Vape-Cheap-Price.jpg",12,12,false],"woocommerce_thumbnail":["https:\/\/rmvapesale.com\/wp-content\/uploads\/2024\/11\/RandM-Vape-12000-Puffs-Disposable-Vape-Cheap-Price-300x300.jpg",300,300,true],"woocommerce_single":["https:\/\/rmvapesale.com\/wp-content\/uploads\/2024\/11\/RandM-Vape-12000-Puffs-Disposable-Vape-Cheap-Price-600x600.jpg",600,600,true],"woocommerce_gallery_thumbnail":["https:\/\/rmvapesale.com\/wp-content\/uploads\/2024\/11\/RandM-Vape-12000-Puffs-Disposable-Vape-Cheap-Price-100x100.jpg",100,100,true],"wcpr-photo-reviews":["https:\/\/rmvapesale.com\/wp-content\/uploads\/2024\/11\/RandM-Vape-12000-Puffs-Disposable-Vape-Cheap-Price.jpg",500,500,false]},"uagb_author_info":{"display_name":"AMY","author_link":"https:\/\/rmvapesale.com\/cs\/author\/"},"uagb_comment_info":0,"uagb_excerpt":"Fumot RandM 12000 Puffs Digital Box Disposable Vape Fumot 12000 Rechargeable Disposable Vape Wholesale Price RandM Vape Fumot 12000 Low Nicotine Disposable Vape 2% WhatsApp: +86 17776015835 &nbsp;","_links":{"self":[{"href":"https:\/\/rmvapesale.com\/cs\/wp-json\/wp\/v2\/product\/2729","targetHints":{"allow":["GET"]}}],"collection":[{"href":"https:\/\/rmvapesale.com\/cs\/wp-json\/wp\/v2\/product"}],"about":[{"href":"https:\/\/rmvapesale.com\/cs\/wp-json\/wp\/v2\/types\/product"}],"replies":[{"embeddable":true,"href":"https:\/\/rmvapesale.com\/cs\/wp-json\/wp\/v2\/comments?post=2729"}],"wp:featuredmedia":[{"embeddable":true,"href":"https:\/\/rmvapesale.com\/cs\/wp-json\/wp\/v2\/media\/2733"}],"wp:attachment":[{"href":"https:\/\/rmvapesale.com\/cs\/wp-json\/wp\/v2\/media?parent=2729"}],"wp:term":[{"taxonomy":"product_brand","embeddable":true,"href":"https:\/\/rmvapesale.com\/cs\/wp-json\/wp\/v2\/product_brand?post=2729"},{"taxonomy":"product_cat","embeddable":true,"href":"https:\/\/rmvapesale.com\/cs\/wp-json\/wp\/v2\/product_cat?post=2729"},{"taxonomy":"product_tag","embeddable":true,"href":"https:\/\/rmvapesale.com\/cs\/wp-json\/wp\/v2\/product_tag?post=2729"}],"curies":[{"name":"wp","href":"https:\/\/api.w.org\/{rel}","templated":true}]}}