{"id":2736,"date":"2024-11-15T03:15:27","date_gmt":"2024-11-15T03:15:27","guid":{"rendered":"https:\/\/rmvapesale.com\/?post_type=product&#038;p=2736"},"modified":"2024-11-15T06:57:59","modified_gmt":"2024-11-15T06:57:59","slug":"fumot-randm-digital-box-12000-puffs-disposable-vape-vimot-flavor-bulk-buy-2-5-nicotine","status":"publish","type":"product","link":"https:\/\/rmvapesale.com\/cs\/product\/fumot-randm-digital-box-12000-puffs-disposable-vape-vimot-flavor-bulk-buy-2-5-nicotine\/","title":{"rendered":"Fumot RandM Digital Box 12000 pot\u00e1hnut\u00ed Jednor\u00e1zov\u00e1 vape Vimot P\u0159\u00edchu\u0165 Hromadn\u00fd n\u00e1kup 2% 5% Nikotin"},"content":{"rendered":"<div class=\"B2VR9 CJHX3e\">\n<div class=\"wyccme\">\n<h1 class=\"LC20lb MBeuO DKV0Md\">Fumot RandM Digital Box 12000 pot\u00e1hnut\u00ed Jednor\u00e1zov\u00e1 vape Vimot P\u0159\u00edchu\u0165 Hromadn\u00fd n\u00e1kup 2% 5% Nikotin<\/h1>\n<div class=\"flex-shrink-0 flex flex-col relative items-end\">\n<div class=\"pt-0\">\n<div class=\"gizmo-bot-avatar flex h-8 w-8 items-center justify-center overflow-hidden rounded-full\">\n<div class=\"relative p-1 rounded-sm flex items-center justify-center bg-token-main-surface-primary text-token-text-primary h-8 w-8\">\n<p>Fumot Randm Digit\u00e1ln\u00ed Krabice 12000 Puffs Jednor\u00e1zov\u00e1 Vape, navr\u017eena pro ty, kte\u0159\u00ed hledaj\u00ed dlouhotrvaj\u00edc\u00ed v\u00fdkon a \u017eiv\u00fd z\u00e1\u017eitek z vapov\u00e1n\u00ed. Tato RandM vape m\u00e1 impozantn\u00ed kapacitu 20 ml e-tekutiny, poskytuj\u00edc\u00ed a\u017e 12 000 pot\u00e1hnut\u00ed na za\u0159\u00edzen\u00ed, co\u017e ji \u010din\u00ed ide\u00e1ln\u00ed pro dlouhodob\u00e9 pou\u017eit\u00ed. K dispozici ve variant\u00e1ch s nikotinovou s\u00edlou 2% a 5%, vyhovuje r\u016fzn\u00fdm preferenc\u00edm, a\u0165 u\u017e hled\u00e1te siln\u00fd z\u00e1\u017eitek nebo m\u00edrn\u011bj\u0161\u00ed mo\u017enost. Tato Fumot 12000 s digit\u00e1ln\u00edm displejem v\u00e1m umo\u017e\u0148uje sledovat hladinu e-tekutiny i baterie, tak\u017ee v\u00e1s nic nep\u0159ekvap\u00ed. Pohodln\u00fd nab\u00edjec\u00ed port Type-C v kombinaci s 850mAh dob\u00edjec\u00ed bateri\u00ed zaji\u0161\u0165uje rychl\u00e9 a efektivn\u00ed nab\u00edjen\u00ed, abyste mohli pokra\u010dovat v vapov\u00e1n\u00ed.<\/p>\n<p>Jednor\u00e1zov\u00e1 vape Randm Digit\u00e1ln\u00ed Krabice 12000 pot\u00e1hnut\u00ed v p\u0159\u00edchuti Vimot p\u0159in\u00e1\u0161\u00ed odv\u00e1\u017enou chu\u0165 a siln\u00e9 mraky, ide\u00e1ln\u00ed pro celodenn\u00ed vapov\u00e1n\u00ed. S pevnou konstrukc\u00ed a elegantn\u00edm designem se tato RandM 12000 vape pohodln\u011b vejde do va\u0161\u00ed ruky i kapsy. A\u0165 u\u017e jste p\u0159\u00edle\u017eitostn\u00fd vap\u00e9r nebo milovn\u00edk pohodl\u00ed jednor\u00e1zov\u00fdch za\u0159\u00edzen\u00ed, Fumot 12k nab\u00edz\u00ed uspokojivou, snadno pou\u017eitelnou mo\u017enost vysok\u00e9 kvality vapov\u00e1n\u00ed. Velkoobchodn\u00ed mo\u017enosti jsou dostupn\u00e9 na Rmvapesale, co\u017e z n\u00ed \u010din\u00ed skv\u011blou volbu pro velkoobchodn\u00ed kupce, kte\u0159\u00ed cht\u011bj\u00ed splnit vysokou popt\u00e1vku spolehliv\u00fdm, chutn\u00fdm a efektivn\u00edm produktem za velkoobchodn\u00ed cenu.<\/p>\n<p>&nbsp;<\/p>\n<\/div>\n<\/div>\n<\/div>\n<\/div>\n<\/div>\n<\/div>\n<p><strong>Kontaktujte Amy a z\u00edskejte spr\u00e1vnou odpov\u011b\u010f a kup\u00f3n na vape!<\/strong><\/p>\n<p><img loading=\"lazy\" decoding=\"async\" class=\"size-full wp-image-1978\" src=\"https:\/\/rmvapesale.com\/wp-content\/uploads\/2024\/09\/Disposable-Vape-Wholesale.jpg\" alt=\"Jednor\u00e1zov\u00e1 e-cigareta velkoobchod\" width=\"229\" height=\"300\" \/><\/p>\n<h3><a href=\"https:\/\/wa.me\/8617776015835\" target=\"_blank\" rel=\"noopener\"><span style=\"color: #ff0000\"><strong>WhatsApp: +86 17776015835<\/strong><\/span><\/a><\/h3>\n<p>&nbsp;<\/p>\n<h2><\/h2>\n<h2><strong>Kl\u00ed\u010dov\u00e9 vlastnosti Randm 12000 pot\u00e1hnut\u00ed<\/strong><\/h2>\n<ul>\n<li>Dlouhotrvaj\u00edc\u00edch 12 000 pot\u00e1hnut\u00ed s 20ml e-tekutiny<\/li>\n<li>Dob\u00edjec\u00ed 850mAh baterie s portem Type-C<\/li>\n<li>Digit\u00e1ln\u00ed displej pro stav e-tekutiny a baterie<\/li>\n<li>K dispozici ve variant\u00e1ch s nikotinovou s\u00edlou 0%, 2%, 3% a 5%<\/li>\n<li>Velkoobchodn\u00ed mo\u017enosti pro hromadn\u00fd n\u00e1kup<\/li>\n<\/ul>\n<p>&nbsp;<\/p>\n<h2><strong>Nejlep\u0161\u00ed p\u0159\u00edchu\u0165 pro Fumot 12000 Puffs<\/strong><\/h2>\n<p>1 Cool Mint <span style=\"color: #ff0000\"><strong>&gt;&gt;&gt;&gt; Hork\u00e9!<\/strong><\/span><br \/>\n2 Watermelon Ice<br \/>\n3 Grape Ice<br \/>\n4 Blueberry Raspberry <span style=\"color: #ff0000\"><strong>&gt;&gt;&gt;&gt; Hork\u00e9!<\/strong><\/span><br \/>\n5 Jahoda Meloun<br \/>\n6 Jahoda Ban\u00e1n<br \/>\n7 Bujn\u00fd Led<br \/>\n8 T\u0159e\u0161e\u0148<br \/>\n9 Jahodov\u00fd Led<br \/>\n10 Ledov\u00e1 L\u00edz\u00e1tko<br \/>\n11 R\u016f\u017eov\u00e1 Limon\u00e1da <span style=\"color: #ff0000\"><strong>&gt;&gt;&gt;&gt; Hork\u00e9!<\/strong><\/span><br \/>\n12 Mango s ledem<br \/>\n13 M\u00edchan\u00e9 Bobule<br \/>\n14 Jahodov\u00fd Donut<br \/>\n15 Jahodov\u00e9 Hrozny<br \/>\n16 T\u0159e\u0161\u0148ov\u00e1 Cola<br \/>\n17 Dr. Blue<br \/>\n18 Bor\u016fvka s ledem <span style=\"color: #ff0000\"><strong>&gt;&gt;&gt;&gt; Hork\u00e9!<\/strong><\/span><br \/>\n19 Kiwi mu\u010denka guava<br \/>\n20 Jahodov\u00e9 kiwi<br \/>\n21 Broskev mango<br \/>\n22 Broskvov\u00fd led<br \/>\n23 \u010cerven\u00e9 jablko s ledem<br \/>\n24 Bor\u016fvkov\u00e1 \u017ev\u00fdka\u010dka <span style=\"color: #ff0000\"><strong>&gt;&gt;&gt;&gt; Nejlep\u0161\u00ed!<\/strong><\/span><br \/>\n25 Berry limon\u00e1da<br \/>\n26 Blue razz limon\u00e1da<br \/>\n27 Bluesour malina<br \/>\n28 Jahodov\u00fd Red bull<br \/>\n29 Jable\u010dn\u00e1 berry exploze<br \/>\n30 Melounov\u00e1 \u017ev\u00fdka\u010dka<br \/>\n31 Malinov\u00fd meloun<br \/>\n32 \u010cern\u00fd led<br \/>\n33 Bor\u016fvka t\u0159e\u0161e\u0148 brusinka<br \/>\n34 Jahodov\u00fd pomp (gran\u00e1tov\u00e9 jablko)<br \/>\n35 Vimto<br \/>\n36 T\u0159e\u0161\u0148ov\u00e1 bobule<br \/>\n37 Citron<br \/>\n38 Bingo Crush<br \/>\n39 Bor\u016fvka kiwi<br \/>\n40 Jablko sko\u0159ice<\/p>\n<h3><\/h3>\n<h3><strong>Pro\u010d zvolit Rmvapesale pro RandM Digital Box 12000 <\/strong><strong>V<\/strong><strong>ape Velkoobchod<\/strong><strong>?<\/strong><\/h3>\n<div class=\"flex-shrink-0 flex flex-col relative items-end\">\n<div class=\"pt-0\">\n<div class=\"gizmo-bot-avatar flex h-8 w-8 items-center justify-center overflow-hidden rounded-full\">\n<div class=\"relative p-1 rounded-sm flex items-center justify-center bg-token-main-surface-primary text-token-text-primary h-8 w-8\">\n<p>V\u00edtejte v Rmvapesale, va\u0161em d\u016fv\u011bryhodn\u00e9m obchod\u011b s pr\u00e9miov\u00fdmi jednor\u00e1zov\u00fdmi vapovac\u00edmi p\u0159\u00edstroji. S v\u00edce ne\u017e 5 lety odborn\u00fdch zku\u0161enost\u00ed v\u00e1m p\u0159in\u00e1\u0161\u00edme obl\u00edben\u00e9 zna\u010dky jednor\u00e1zov\u00fdch vapovac\u00edch p\u0159\u00edstroj\u016f, jako jsou Al Fakher, Vapme Vape, <a href=\"https:\/\/rmvapesale.com\/cs\/product\/vapme-crystal-7000-puffs-rechargeable-disposable-vape-price\/\">Vapme<\/a>, <a href=\"https:\/\/rmvapesale.com\/cs\/product-category\/bang-vapes\/\">Bang Vape<\/a>, Waspe, <a href=\"https:\/\/rmvapesale.com\/cs\/product\/wga-crystal-pro-max-extra-15k-puffs-disposable-vape-wholesale\/\">WGA<\/a> Vape a<a href=\"https:\/\/rmvapesale.com\/cs\/product-category\/randm-fumot-vape\/\"> RandM Vape<\/a>.<\/p>\n<p>N\u00e1\u0161 sortiment zahrnuje \u017ehav\u00e9 prodejn\u00ed kousky jako <a href=\"https:\/\/rmvapesale.com\/cs\/product\/fumot-digital-box-12000-disposable-vape-pink-lemonade-flavor\/\">RandM 12000<\/a> a chu\u0165ov\u011b bohat\u00e9 mo\u017enosti, jako je <a href=\"https:\/\/rmvapesale.com\/cs\/product\/wga-crystal-pro-max-extra-15k-puffs-disposable-vape-wholesale\/\">WGA 15K<\/a>. Ka\u017ed\u00fd produkt je vyb\u00edr\u00e1n s d\u016frazem na kvalitu, hodnotu a rozmanitost, abyste si zajistili dokonalou shodu pro va\u0161e pot\u0159eby. Objevte v\u00fdjime\u010dn\u00e9 slu\u017eby a \u0161irokou \u0161k\u00e1lu \u0161pi\u010dkov\u00fdch produkt\u016f na Rmvapesale.<\/p>\n<\/div>\n<h3><\/h3>\n<div class=\"relative p-1 rounded-sm flex items-center justify-center bg-token-main-surface-primary text-token-text-primary h-8 w-8\">\n<h3><b>Fumot 12000 Puffs Dob\u00edjec\u00ed Jednor\u00e1zov\u00e1 Vape FAQS<\/b><\/h3>\n<div class=\"flex-shrink-0 flex flex-col relative items-end\">\n<div>\n<div class=\"pt-0\">\n<div class=\"gizmo-bot-avatar flex h-8 w-8 items-center justify-center overflow-hidden rounded-full\">\n<div class=\"relative p-1 rounded-sm flex items-center justify-center bg-token-main-surface-primary text-token-text-primary h-8 w-8\"><\/div>\n<\/div>\n<\/div>\n<\/div>\n<\/div>\n<div class=\"group\/conversation-turn relative flex w-full min-w-0 flex-col agent-turn\">\n<div class=\"flex-col gap-1 md:gap-3\">\n<div class=\"flex max-w-full flex-col flex-grow\">\n<div class=\"min-h-8 text-message flex w-full flex-col items-end gap-2 whitespace-normal break-words [.text-message+&amp;]:mt-5\" dir=\"auto\" data-message-author-role=\"assistant\" data-message-id=\"00c9b302-bc9c-4550-94ba-5a295efa2be3\" data-message-model-slug=\"gpt-4o\">\n<div class=\"flex w-full flex-col gap-1 empty:hidden first:pt-[3px]\">\n<div class=\"markdown prose w-full break-words dark:prose-invert light\">\n<ol>\n<li><strong>Kolik pot\u00e1hnut\u00ed poskytuje Fumot 12000 Digit\u00e1ln\u00ed Krabice Vape?<\/strong><br \/>\nFumot 12000 Digit\u00e1ln\u00ed Krabice Vape poskytuje a\u017e 12 000 pot\u00e1hnut\u00ed.<\/li>\n<li><strong>Jak\u00e1 je obl\u00edben\u00e1 p\u0159\u00edchu\u0165 pro jednor\u00e1zovou vape RandM 12000?<\/strong><br \/>\nObl\u00edben\u00e9 p\u0159\u00edchut\u011b pro RandM 12000 jednor\u00e1zovou vape se velmi li\u0161\u00ed, ale mezi obl\u00edben\u00e9 pat\u0159\u00ed ovocn\u00e9 sm\u011bsi, m\u00e1ta a dezertn\u00ed p\u0159\u00edchut\u011b.<\/li>\n<li><strong>Jak pozn\u00e1m, kdy je m\u016fj Fumot Vape 12000 dob\u00edjec\u00ed vape pr\u00e1zdn\u00fd?<\/strong><br \/>\nFumot 12000 Digit\u00e1ln\u00ed Krabice Vape m\u00e1 digit\u00e1ln\u00ed displej, kter\u00fd ukazuje hladinu e-tekutiny. Kdy\u017e je ukazatel n\u00edzk\u00fd nebo pr\u00e1zdn\u00fd, je \u010das vym\u011bnit za\u0159\u00edzen\u00ed nebo doplnit e-tekutinu, pokud je model s mo\u017enost\u00ed dopl\u0148ov\u00e1n\u00ed.<\/li>\n<li><strong>Kolik nikotinu obsahuje Fumot Digit\u00e1ln\u00ed Krabice 12000 Jednor\u00e1zov\u00e1 Vape?<\/strong><br \/>\nFumot Digit\u00e1ln\u00ed Krabice 12000 Jednor\u00e1zov\u00e1 Vape nab\u00edz\u00ed nikotinov\u00e9 s\u00edly 0%, 2%, 3% a 5%, co\u017e umo\u017e\u0148uje u\u017eivatel\u016fm vybrat si podle sv\u00fdch preferenc\u00ed.<\/li>\n<li><strong>Jak dlouho trv\u00e1 \u00fapln\u00e9 nabit\u00ed Fumot 12000 vape?<\/strong><br \/>\nS 850mAh dob\u00edjec\u00ed bateri\u00ed a nab\u00edjec\u00edm portem Type-C obvykle trv\u00e1 \u00fapln\u00e9 nabit\u00ed Fumot 12000 vape asi 1-2 hodiny, v z\u00e1vislosti na zdroji nap\u00e1jen\u00ed.<\/li>\n<li><strong>Kde koupit RandM Digit\u00e1ln\u00ed Krabici 12000 potahov\u00fdch Vape za velkoobchodn\u00ed cenu?<\/strong><br \/>\nM\u016f\u017eete zakoupit RandM Digit\u00e1ln\u00ed Krabici 12000 potahov\u00fdch vape za velkoobchodn\u00ed ceny na <a href=\"https:\/\/rmvapesale.com\/cs\/\" target=\"_new\" rel=\"noopener\">Rmvapesale<\/a>, online obchod\u011b s vapem, zn\u00e1m\u00e9m pro velkoobjemov\u00e9 z\u00e1soby vapov\u00fdch produkt\u016f.<\/li>\n<li><strong>Mohu si vz\u00edt jednor\u00e1zovou vapovac\u00ed sadu do letadla?<\/strong><br \/>\nAno, m\u016f\u017eete si vz\u00edt jednor\u00e1zovou vape na letadlo, ale mus\u00ed b\u00fdt v p\u0159\u00edru\u010dn\u00edm zavazadle. Nicm\u00e9n\u011b, zkontrolujte politiky leteck\u00e9 spole\u010dnosti, proto\u017ee omezen\u00ed se mohou li\u0161it.<\/li>\n<\/ol>\n<\/div>\n<\/div>\n<\/div>\n<\/div>\n<\/div>\n<\/div>\n<\/div>\n<div class=\"mb-2 flex gap-3 empty:hidden -ml-2\"><\/div>\n<p>&nbsp;<\/p>\n<\/div>\n<\/div>\n<\/div>\n<h3>O p\u0159eprav\u011b<\/h3>\n<div class=\"flex-shrink-0 flex flex-col relative items-end\">\n<div>\n<div class=\"pt-0\">\n<div class=\"gizmo-bot-avatar flex h-8 w-8 items-center justify-center overflow-hidden rounded-full\">\n<div><\/div>\n<div class=\"relative p-1 rounded-sm flex items-center justify-center bg-token-main-surface-primary text-token-text-primary h-8 w-8\"><strong>1. Jak\u00e9 zp\u016fsoby dopravy se pou\u017e\u00edvaj\u00ed?<\/strong><\/div>\n<\/div>\n<\/div>\n<\/div>\n<\/div>\n<div class=\"group\/conversation-turn relative flex w-full min-w-0 flex-col agent-turn\">\n<div class=\"flex-col gap-1 md:gap-3\">\n<div class=\"flex max-w-full flex-col flex-grow\">\n<div class=\"min-h-[20px] text-message flex w-full flex-col items-end gap-2 whitespace-normal break-words [.text-message+&amp;]:mt-5 overflow-x-auto\" dir=\"auto\" data-message-author-role=\"assistant\" data-message-id=\"22f8283b-3233-46ff-89a5-c7a41b33abda\">\n<div class=\"flex w-full flex-col gap-1 empty:hidden first:pt-[3px]\">\n<div class=\"markdown prose w-full break-words dark:prose-invert light\">\n<p>Spolupracujeme s UPS, DHL, FedEx, DPD a dal\u0161\u00edmi p\u0159edn\u00edmi p\u0159epravci. Vybereme nejlep\u0161\u00ed zp\u016fsob dopravy na z\u00e1klad\u011b va\u0161\u00ed doru\u010dovac\u00ed lokality, abychom zajistili, \u017ee sv\u00e9 produkty obdr\u017e\u00edte co nejrychleji.<\/p>\n<\/div>\n<p><strong>2. Jak dlouho trv\u00e1 doru\u010den\u00ed?<\/strong><\/p>\n<p>Bal\u00ed\u010dky odeslan\u00e9 do \u010cesk\u00e9 republiky obvykle doraz\u00ed do 10 pracovn\u00edch dn\u016f. P\u0159eprava do evropsk\u00fdch zem\u00ed obecn\u011b trv\u00e1 asi 12-15 pracovn\u00edch dn\u016f. O stavu va\u0161\u00ed z\u00e1silky v\u00e1s budeme pr\u016fb\u011b\u017en\u011b informovat.<\/p>\n<\/div>\n<\/div>\n<\/div>\n<\/div>\n<\/div>\n<p>&nbsp;<\/p>\n<p>Naj\u00edt v\u00edce produkt\u016f pro vaping, kter\u00e9 by se v\u00e1m mohly l\u00edbit:<strong><em><a href=\"https:\/\/rmvapesale.com\/cs\/shop-2\/\">nakupujte nyn\u00ed &gt;&gt;&gt;<\/a><\/em><\/strong><\/p>","protected":false},"excerpt":{"rendered":"<p>Jednor\u00e1zov\u00e1 e-cigareta Fumot RandM 12000 Puffs Digital Box<br \/>\nFumot 12000 Dob\u00edjec\u00ed jednor\u00e1zov\u00e1 e-cigareta Velkoobchodn\u00ed cena<br \/>\nRandM Vape Fumot 12000 Jednor\u00e1zov\u00e1 e-cigareta s n\u00edzk\u00fdm obsahem nikotinu 2%<\/p>\n<p><img loading=\"lazy\" decoding=\"async\" class=\"size-full wp-image-2375\" src=\"https:\/\/rmvapesale.com\/wp-content\/uploads\/2024\/10\/image.png\" alt=\"Nejlep\u0161\u00ed jednor\u00e1zov\u00e1 e-cigareta\" width=\"229\" height=\"300\" \/><\/p>\n<h3><a href=\"https:\/\/wa.me\/8617776015835\"><span style=\"color: #ff0000\"><strong>WhatsApp: +86 17776015835<\/strong><\/span><\/a><\/h3>\n<p>&nbsp;<\/p>","protected":false},"featured_media":2732,"comment_status":"open","ping_status":"closed","template":"","meta":{"_uag_custom_page_level_css":"","_lmt_disableupdate":"no","_lmt_disable":"","site-sidebar-layout":"default","site-content-layout":"content-boxed-container","ast-site-content-layout":"normal-width-container","site-content-style":"boxed","site-sidebar-style":"unboxed","ast-global-header-display":"","ast-banner-title-visibility":"","ast-main-header-display":"","ast-hfb-above-header-display":"","ast-hfb-below-header-display":"","ast-hfb-mobile-header-display":"","site-post-title":"","ast-breadcrumbs-content":"","ast-featured-img":"","footer-sml-layout":"","ast-disable-related-posts":"","theme-transparent-header-meta":"default","adv-header-id-meta":"","stick-header-meta":"","header-above-stick-meta":"","header-main-stick-meta":"","header-below-stick-meta":"","astra-migrate-meta-layouts":"set","ast-page-background-enabled":"default","ast-page-background-meta":{"desktop":{"background-color":"var(--ast-global-color-4)","background-image":"","background-repeat":"repeat","background-position":"center center","background-size":"auto","background-attachment":"scroll","background-type":"","background-media":"","overlay-type":"","overlay-color":"","overlay-opacity":"","overlay-gradient":""},"tablet":{"background-color":"","background-image":"","background-repeat":"repeat","background-position":"center center","background-size":"auto","background-attachment":"scroll","background-type":"","background-media":"","overlay-type":"","overlay-color":"","overlay-opacity":"","overlay-gradient":""},"mobile":{"background-color":"","background-image":"","background-repeat":"repeat","background-position":"center center","background-size":"auto","background-attachment":"scroll","background-type":"","background-media":"","overlay-type":"","overlay-color":"","overlay-opacity":"","overlay-gradient":""}},"ast-content-background-meta":{"desktop":{"background-color":"var(--ast-global-color-5)","background-image":"","background-repeat":"repeat","background-position":"center center","background-size":"auto","background-attachment":"scroll","background-type":"","background-media":"","overlay-type":"","overlay-color":"","overlay-opacity":"","overlay-gradient":""},"tablet":{"background-color":"var(--ast-global-color-5)","background-image":"","background-repeat":"repeat","background-position":"center center","background-size":"auto","background-attachment":"scroll","background-type":"","background-media":"","overlay-type":"","overlay-color":"","overlay-opacity":"","overlay-gradient":""},"mobile":{"background-color":"var(--ast-global-color-5)","background-image":"","background-repeat":"repeat","background-position":"center center","background-size":"auto","background-attachment":"scroll","background-type":"","background-media":"","overlay-type":"","overlay-color":"","overlay-opacity":"","overlay-gradient":""}},"_joinchat":[]},"product_brand":[],"product_cat":[15,27,51,25,123,30,26,28,31,137,136,135],"product_tag":[212,214,39,213,38],"class_list":{"0":"post-2736","1":"product","2":"type-product","3":"status-publish","4":"has-post-thumbnail","6":"product_cat-new-vape-this-week","7":"product_cat-fance-hot-sale-vape","8":"product_cat-fumot-vape","9":"product_cat-germany-best-selling-vape","10":"product_cat-italy-wholesale-vape","11":"product_cat-minimum-order-quantity-50pcs","12":"product_cat-netherlands-hot-sale-vape","13":"product_cat-poland-hot-sale-vape","14":"product_cat-randm-fumot-vape","15":"product_cat-rechargeable-vapes","16":"product_cat-smart-screen-vapes","17":"product_cat-spain-best-hot-sale-vape","18":"product_tag-fumot-12000","19":"product_tag-fumot-12k","20":"product_tag-fumot-vape","21":"product_tag-randm-12000","22":"product_tag-randm-vape","23":"desktop-align-left","24":"tablet-align-left","25":"mobile-align-left","27":"first","28":"instock","29":"sale","30":"shipping-taxable","31":"purchasable","32":"product-type-simple"},"uagb_featured_image_src":{"full":["https:\/\/rmvapesale.com\/wp-content\/uploads\/2024\/11\/RandM-Digital-12000-Puffs-Disposable-Vape-Wholesale.jpg",800,800,false],"thumbnail":["https:\/\/rmvapesale.com\/wp-content\/uploads\/2024\/11\/RandM-Digital-12000-Puffs-Disposable-Vape-Wholesale-150x150.jpg",150,150,true],"medium":["https:\/\/rmvapesale.com\/wp-content\/uploads\/2024\/11\/RandM-Digital-12000-Puffs-Disposable-Vape-Wholesale-300x300.jpg",300,300,true],"medium_large":["https:\/\/rmvapesale.com\/wp-content\/uploads\/2024\/11\/RandM-Digital-12000-Puffs-Disposable-Vape-Wholesale-768x768.jpg",768,768,true],"large":["https:\/\/rmvapesale.com\/wp-content\/uploads\/2024\/11\/RandM-Digital-12000-Puffs-Disposable-Vape-Wholesale.jpg",800,800,false],"1536x1536":["https:\/\/rmvapesale.com\/wp-content\/uploads\/2024\/11\/RandM-Digital-12000-Puffs-Disposable-Vape-Wholesale.jpg",800,800,false],"2048x2048":["https:\/\/rmvapesale.com\/wp-content\/uploads\/2024\/11\/RandM-Digital-12000-Puffs-Disposable-Vape-Wholesale.jpg",800,800,false],"trp-custom-language-flag":["https:\/\/rmvapesale.com\/wp-content\/uploads\/2024\/11\/RandM-Digital-12000-Puffs-Disposable-Vape-Wholesale.jpg",12,12,false],"woocommerce_thumbnail":["https:\/\/rmvapesale.com\/wp-content\/uploads\/2024\/11\/RandM-Digital-12000-Puffs-Disposable-Vape-Wholesale-300x300.jpg",300,300,true],"woocommerce_single":["https:\/\/rmvapesale.com\/wp-content\/uploads\/2024\/11\/RandM-Digital-12000-Puffs-Disposable-Vape-Wholesale-600x600.jpg",600,600,true],"woocommerce_gallery_thumbnail":["https:\/\/rmvapesale.com\/wp-content\/uploads\/2024\/11\/RandM-Digital-12000-Puffs-Disposable-Vape-Wholesale-100x100.jpg",100,100,true],"wcpr-photo-reviews":["https:\/\/rmvapesale.com\/wp-content\/uploads\/2024\/11\/RandM-Digital-12000-Puffs-Disposable-Vape-Wholesale.jpg",500,500,false]},"uagb_author_info":{"display_name":"AMY","author_link":"https:\/\/rmvapesale.com\/cs\/author\/"},"uagb_comment_info":0,"uagb_excerpt":"Fumot RandM 12000 Puffs Digital Box Disposable Vape Fumot 12000 Rechargeable Disposable Vape Wholesale Price RandM Vape Fumot 12000 Low Nicotine Disposable Vape 2% WhatsApp: +86 17776015835 &nbsp;","_links":{"self":[{"href":"https:\/\/rmvapesale.com\/cs\/wp-json\/wp\/v2\/product\/2736","targetHints":{"allow":["GET"]}}],"collection":[{"href":"https:\/\/rmvapesale.com\/cs\/wp-json\/wp\/v2\/product"}],"about":[{"href":"https:\/\/rmvapesale.com\/cs\/wp-json\/wp\/v2\/types\/product"}],"replies":[{"embeddable":true,"href":"https:\/\/rmvapesale.com\/cs\/wp-json\/wp\/v2\/comments?post=2736"}],"wp:featuredmedia":[{"embeddable":true,"href":"https:\/\/rmvapesale.com\/cs\/wp-json\/wp\/v2\/media\/2732"}],"wp:attachment":[{"href":"https:\/\/rmvapesale.com\/cs\/wp-json\/wp\/v2\/media?parent=2736"}],"wp:term":[{"taxonomy":"product_brand","embeddable":true,"href":"https:\/\/rmvapesale.com\/cs\/wp-json\/wp\/v2\/product_brand?post=2736"},{"taxonomy":"product_cat","embeddable":true,"href":"https:\/\/rmvapesale.com\/cs\/wp-json\/wp\/v2\/product_cat?post=2736"},{"taxonomy":"product_tag","embeddable":true,"href":"https:\/\/rmvapesale.com\/cs\/wp-json\/wp\/v2\/product_tag?post=2736"}],"curies":[{"name":"wp","href":"https:\/\/api.w.org\/{rel}","templated":true}]}}