{"id":2751,"date":"2024-11-18T03:50:24","date_gmt":"2024-11-18T03:50:24","guid":{"rendered":"https:\/\/rmvapesale.com\/?post_type=product&#038;p=2751"},"modified":"2024-11-18T07:14:21","modified_gmt":"2024-11-18T07:14:21","slug":"jnr-falcon-x-18000-puffs-rechargeable-disposable-vape-wholesale-cheap-price","status":"publish","type":"product","link":"https:\/\/rmvapesale.com\/cs\/product\/jnr-falcon-x-18000-puffs-rechargeable-disposable-vape-wholesale-cheap-price\/","title":{"rendered":"JNR Falcon X 18000 pot\u00e1hnut\u00ed Dob\u00edjec\u00ed jednor\u00e1zov\u00e1 vapka Velkoobchodn\u00ed n\u00edzk\u00e1 cena"},"content":{"rendered":"<div class=\"B2VR9 CJHX3e\">\n<div class=\"wyccme\">\n<h1 class=\"LC20lb MBeuO DKV0Md\">JNR Falcon X 18000 pot\u00e1hnut\u00ed Dob\u00edjec\u00ed jednor\u00e1zov\u00e1 vapka Velkoobchodn\u00ed n\u00edzk\u00e1 cena<\/h1>\n<div class=\"flex-shrink-0 flex flex-col relative items-end\">\n<div class=\"pt-0\">\n<div class=\"gizmo-bot-avatar flex h-8 w-8 items-center justify-center overflow-hidden rounded-full\">\n<div class=\"relative p-1 rounded-sm flex items-center justify-center bg-token-main-surface-primary text-token-text-primary h-8 w-8\">\n<p>Tento <strong>JNR Falcon X 18000 pot\u00e1hnut\u00ed Dob\u00edjec\u00ed jednor\u00e1zov\u00e1 e-cigareta <\/strong>je \u0161pi\u010dkov\u00e9 za\u0159\u00edzen\u00ed navr\u017een\u00e9 k poskytnut\u00ed neuv\u011b\u0159iteln\u00e9ho po\u010dtu <strong>18 000 pot\u00e1hnut\u00ed<\/strong> uspokojiv\u00fdch a chutn\u00fdch pot\u00e1hnut\u00ed. P\u0159edpln\u011bno <strong>24 ml pr\u00e9miov\u00e9ho e-liquidu<\/strong>, toto za\u0159\u00edzen\u00ed je dostupn\u00e9 v \u0159ad\u011b <strong>variant s n\u00edzk\u00fdm obsahem nikotinu<\/strong> kter\u00e9 uspokoj\u00ed v\u0161echny preference. Elegantn\u00ed, k\u0159i\u0161\u0165\u00e1lov\u011b \u010dist\u00fd design je stejn\u011b stylov\u00fd jako funk\u010dn\u00ed a umo\u017e\u0148uje v\u00e1m snadno sledovat zb\u00fdvaj\u00edc\u00ed e-liquid. Vyberte si z nab\u00eddky <strong>28 pr\u00e9miov\u00fdch p\u0159\u00edchut\u00ed<\/strong>, v\u010detn\u011b obl\u00edben\u00fdch z\u00e1kazn\u00edk\u016f, jako jsou <strong>Jahoda Kiwi<\/strong>, <strong>Blue Razz Ice<\/strong>, a <strong>Cherry Cola<\/strong>, pro nezapomenuteln\u00fd z\u00e1\u017eitek z vapingu \u0161it\u00fd na m\u00edru va\u0161emu vkusu.<\/p>\n<p>Tento <strong>JNR 18000 Jednor\u00e1zov\u00e1 e-cigareta<\/strong> je poh\u00e1n\u011bna bateri\u00ed s dlouhou v\u00fddr\u017e\u00ed <strong>950mAh dob\u00edjec\u00ed baterie<\/strong>, kter\u00e1 zaji\u0161\u0165uje konzistentn\u00ed v\u00fdkon od prvn\u00edho do posledn\u00edho pot\u00e1hnut\u00ed. Vestav\u011bn\u00fd displej v\u00e1s informuje o stavu baterie i hladin\u011b e-liquidu, tak\u017ee v\u00e1s nic nezasko\u010d\u00ed. Toto za\u0159\u00edzen\u00ed JNR 18000 je ide\u00e1ln\u00ed pro velkoobchodn\u00ed odb\u011bratele a je skv\u011blou volbou pro z\u00e1kazn\u00edky, kte\u0159\u00ed hledaj\u00ed spolehlivou e-cigaretu s vysokou kapacitou, kter\u00e1 kombinuje pohodl\u00ed, styl a v\u00fdjime\u010dnou hodnotu.<\/p>\n<\/div>\n<\/div>\n<\/div>\n<\/div>\n<\/div>\n<\/div>\n<p><strong>Kontaktujte Amy a z\u00edskejte spr\u00e1vnou odpov\u011b\u010f a kup\u00f3n na vape!<\/strong><\/p>\n<p><img loading=\"lazy\" decoding=\"async\" class=\"size-full wp-image-1978\" src=\"https:\/\/rmvapesale.com\/wp-content\/uploads\/2024\/09\/Disposable-Vape-Wholesale.jpg\" alt=\"Jednor\u00e1zov\u00e1 e-cigareta velkoobchod\" width=\"229\" height=\"300\" \/><\/p>\n<h3><a href=\"https:\/\/wa.me\/8617776015835\" target=\"_blank\" rel=\"noopener\"><span style=\"color: #ff0000\"><strong>WhatsApp: +86 17776015835<\/strong><\/span><\/a><\/h3>\n<p>&nbsp;<\/p>\n<h2><\/h2>\n<h2><strong>Kl\u00ed\u010dov\u00e9 vlastnosti JNR Falcon X 18000 Puffs<\/strong><\/h2>\n<ul>\n<li>A\u017e <strong>18 000 pot\u00e1hnut\u00ed<\/strong> s ka\u017ed\u00fdm za\u0159\u00edzen\u00edm<\/li>\n<li><strong>950mAh dob\u00edjec\u00ed baterie<\/strong> pro trval\u00fd v\u00fdkon<\/li>\n<li>P\u0159edpln\u011bno <strong>24 ml pr\u00e9miov\u00e9ho e-liquidu<\/strong><\/li>\n<li>Displej pro zobrazen\u00ed \u00farovn\u011b baterie a e-liquidu<\/li>\n<li>K dispozici v <strong>28 jedine\u010dn\u00fdch p\u0159\u00edchut\u00edch s n\u00edzk\u00fdm obsahem nikotinu<\/strong><\/li>\n<\/ul>\n<figure id=\"attachment_2745\" aria-describedby=\"caption-attachment-2745\" style=\"width: 800px\" class=\"wp-caption alignnone\"><img loading=\"lazy\" decoding=\"async\" class=\"wp-image-2745 size-full\" src=\"https:\/\/rmvapesale.com\/wp-content\/uploads\/2024\/11\/JNR-18000-Puff-Disposable-Vape.jpg\" alt=\"JNR 18000 Puff Jednor\u00e1zov\u00e1 Vape\" width=\"800\" height=\"800\" srcset=\"https:\/\/rmvapesale.com\/wp-content\/uploads\/2024\/11\/JNR-18000-Puff-Disposable-Vape.jpg 800w, https:\/\/rmvapesale.com\/wp-content\/uploads\/2024\/11\/JNR-18000-Puff-Disposable-Vape-300x300.jpg 300w, https:\/\/rmvapesale.com\/wp-content\/uploads\/2024\/11\/JNR-18000-Puff-Disposable-Vape-150x150.jpg 150w, https:\/\/rmvapesale.com\/wp-content\/uploads\/2024\/11\/JNR-18000-Puff-Disposable-Vape-768x768.jpg 768w, https:\/\/rmvapesale.com\/wp-content\/uploads\/2024\/11\/JNR-18000-Puff-Disposable-Vape-600x600.jpg 600w, https:\/\/rmvapesale.com\/wp-content\/uploads\/2024\/11\/JNR-18000-Puff-Disposable-Vape-100x100.jpg 100w\" sizes=\"auto, (max-width: 800px) 100vw, 800px\" \/><figcaption id=\"caption-attachment-2745\" class=\"wp-caption-text\">JNR 18000 Puff Jednor\u00e1zov\u00e1 Vape<\/figcaption><\/figure>\n<h2><strong>Nejlep\u0161\u00ed p\u0159\u00edchu\u0165 pro JNR JNR Falcon X 18000 Puffs<\/strong><\/h2>\n<p>1. Modr\u00e1 malina led <span style=\"color: #ff0000\"><strong>&gt;&gt;&gt;&gt; Hork\u00e9!<\/strong><\/span><br \/>\n2. Bor\u016fvka Malina <span style=\"color: #ff0000\"><strong>&gt;&gt;&gt;&gt; Hork\u00e9!<\/strong><\/span><br \/>\n3. Chladiv\u00e1 M\u00e1ta<br \/>\n4. Kiwi Meloun s Ledem<br \/>\n5. Hroznov\u00e9 V\u00edno s Ledem<br \/>\n6. Jahoda Kiwi<br \/>\n7. Jahoda Meloun s Ledem<br \/>\n8. Meloun s Ledem<br \/>\n9. Jahoda s Ledem<br \/>\n10. M\u00edchan\u00e9 Bobule <span style=\"color: #ff0000\"><strong>&gt;&gt;&gt;&gt; Nejlep\u0161\u00ed!<\/strong><\/span><br \/>\n11. Melounov\u00e1 \u017dv\u00fdka\u010dka <span style=\"color: #ff0000\"><strong>&gt;&gt;&gt;&gt; Hork\u00e9!<\/strong><\/span><br \/>\n12. Kysel\u00e9 jablko s ledem<br \/>\n13. Broskev s ledem<br \/>\n14. V\u00fdbuch bobul\u00ed<br \/>\n15. Bor\u016fvka Malina T\u0159e\u0161e\u0148<br \/>\n16. T\u0159e\u0161e\u0148 Bobule<br \/>\n17. Jahoda Ban\u00e1n<br \/>\n18. Bor\u016fvka Kiwi<br \/>\n19. Marakuja Kiwi<br \/>\n20. B\u00edl\u00e1 broskev Razz<br \/>\n21. Modr\u00e1 Malina T\u0159e\u0161e\u0148<br \/>\n22. T\u0159e\u0161\u0148ov\u00fd melounov\u00fd mraz\u00e1k<br \/>\n23. T\u0159e\u0161\u0148ov\u00e1 Cola<br \/>\n24. Ban\u00e1nov\u00fd led<br \/>\n25. Skittles<br \/>\n26. Trojit\u00fd meloun<br \/>\n27. Mr.Blue <span style=\"color: #ff0000\"><strong>&gt;&gt;&gt;&gt; Hork\u00e9!<\/strong><\/span><br \/>\n28. T\u0159e\u0161\u0148ov\u00fd led<br \/>\n29. Melounov\u00e9 li\u010di<\/p>\n<p>&nbsp;<\/p>\n<h3><strong>Pro\u010d si vybrat Rmvapesale pro JNR 18000 pot\u00e1hnut\u00ed <\/strong><strong>V<\/strong><strong>ape Velkoobchod<\/strong><strong>?<\/strong><\/h3>\n<div class=\"flex-shrink-0 flex flex-col relative items-end\">\n<div class=\"pt-0\">\n<div class=\"gizmo-bot-avatar flex h-8 w-8 items-center justify-center overflow-hidden rounded-full\">\n<div class=\"relative p-1 rounded-sm flex items-center justify-center bg-token-main-surface-primary text-token-text-primary h-8 w-8\">\n<p>V\u00edtejte v Rmvapesale, va\u0161em d\u016fv\u011bryhodn\u00e9m obchod\u011b s pr\u00e9miov\u00fdmi jednor\u00e1zov\u00fdmi vapovac\u00edmi p\u0159\u00edstroji. S v\u00edce ne\u017e 5 lety odborn\u00fdch zku\u0161enost\u00ed v\u00e1m p\u0159in\u00e1\u0161\u00edme obl\u00edben\u00e9 zna\u010dky jednor\u00e1zov\u00fdch vapovac\u00edch p\u0159\u00edstroj\u016f, jako jsou Al Fakher, Vapme Vape, <a href=\"https:\/\/rmvapesale.com\/cs\/product\/vapme-crystal-7000-puffs-rechargeable-disposable-vape-price\/\">Vapme<\/a>, <a href=\"https:\/\/rmvapesale.com\/cs\/product-category\/bang-vapes\/\">Bang Vape<\/a>, Waspe, <a href=\"https:\/\/rmvapesale.com\/cs\/product\/wga-crystal-pro-max-extra-15k-puffs-disposable-vape-wholesale\/\">WGA<\/a> Vape a<a href=\"https:\/\/rmvapesale.com\/cs\/product-category\/randm-fumot-vape\/\"> RandM Vape<\/a>.<\/p>\n<p>N\u00e1\u0161 sortiment zahrnuje \u017ehav\u00e9 prodejn\u00ed kousky jako <a href=\"https:\/\/rmvapesale.com\/cs\/product\/fumot-randm-12000-strawberry-kiwi-flavor-disposable-vape-wholesale-netherlands\/\">RandM 12000 pot\u00e1hnut\u00ed<\/a> a chu\u0165ov\u011b bohat\u00e9 mo\u017enosti, jako je <a href=\"https:\/\/rmvapesale.com\/cs\/product\/wga-crystal-pro-max-extra-15k-puffs-disposable-vape-wholesale\/\">WGA 15K<\/a>. Ka\u017ed\u00fd produkt je vyb\u00edr\u00e1n s d\u016frazem na kvalitu, hodnotu a rozmanitost, abyste si zajistili dokonalou shodu pro va\u0161e pot\u0159eby. Objevte v\u00fdjime\u010dn\u00e9 slu\u017eby a \u0161irokou \u0161k\u00e1lu \u0161pi\u010dkov\u00fdch produkt\u016f na Rmvapesale.<\/p>\n<\/div>\n<h3><\/h3>\n<div class=\"relative p-1 rounded-sm flex items-center justify-center bg-token-main-surface-primary text-token-text-primary h-8 w-8\">\n<h3><b>JNR 18000 pot\u00e1hnut\u00ed Nab\u00edjec\u00ed jednor\u00e1zov\u00e1 vapka \u010casto kladen\u00e9 ot\u00e1zky<\/b><\/h3>\n<div class=\"group\/conversation-turn relative flex w-full min-w-0 flex-col agent-turn\">\n<div class=\"flex-col gap-1 md:gap-3\">\n<div class=\"flex max-w-full flex-col flex-grow\">\n<div class=\"min-h-8 text-message flex w-full flex-col items-end gap-2 whitespace-normal break-words [.text-message+&amp;]:mt-5\" dir=\"auto\" data-message-author-role=\"assistant\" data-message-id=\"00c9b302-bc9c-4550-94ba-5a295efa2be3\" data-message-model-slug=\"gpt-4o\">\n<div class=\"flex w-full flex-col gap-1 empty:hidden first:pt-[3px]\">\n<div class=\"markdown prose w-full break-words dark:prose-invert light\">\n<div class=\"flex-shrink-0 flex flex-col relative items-end\">\n<div>\n<div class=\"pt-0\">\n<div class=\"gizmo-bot-avatar flex h-8 w-8 items-center justify-center overflow-hidden rounded-full\">\n<div class=\"relative p-1 rounded-sm flex items-center justify-center bg-token-main-surface-primary text-token-text-primary h-8 w-8\">\n<div class=\"flex-shrink-0 flex flex-col relative items-end\">\n<div>\n<div class=\"pt-0\">\n<div class=\"gizmo-bot-avatar flex h-8 w-8 items-center justify-center overflow-hidden rounded-full\">\n<div class=\"relative p-1 rounded-sm flex items-center justify-center bg-token-main-surface-primary text-token-text-primary h-8 w-8\">\n<ul>\n<li><strong>Kolik pot\u00e1hnut\u00ed poskytuje nab\u00edjec\u00ed vapka JNR Falcon X 18000 pot\u00e1hnut\u00ed?<\/strong><br \/>\nJNR Falcon X nab\u00edz\u00ed a\u017e <strong>18 000 pot\u00e1hnut\u00ed<\/strong>, co\u017e z n\u011bj \u010din\u00ed jednu z nejd\u00e9le trvaj\u00edc\u00edch jednor\u00e1zov\u00fdch vapek na trhu.<\/li>\n<li><strong>Jak\u00e9 jsou obl\u00edben\u00e9 p\u0159\u00edchut\u011b pro digit\u00e1ln\u00ed box vapku JNR Falcon X 18000?<\/strong><br \/>\nMezi obl\u00edben\u00e9 p\u0159\u00edchut\u011b pat\u0159\u00ed <strong>Jahodov\u00fd melounov\u00fd led<\/strong>, <strong>Blue Razz Ice<\/strong>, <strong>Cherry Cola<\/strong>, <strong>Peach Ice (broskvov\u00fd led)<\/strong>, a <strong>Sm\u00ed\u0161en\u00e9 bobule<\/strong>.<\/li>\n<li><strong>Jak pozn\u00e1m, \u017ee je moje JNR Vape JNR18000 pot\u00e1hnut\u00ed pr\u00e1zdn\u00e1?<\/strong><br \/>\nJNR Falcon X je vybaven <strong>digit\u00e1ln\u00edm displejem<\/strong> kter\u00fd zobrazuje zb\u00fdvaj\u00edc\u00ed mno\u017estv\u00ed e-liquidu a \u00farove\u0148 nabit\u00ed baterie, co\u017e v\u00e1m pom\u00e1h\u00e1 sledovat, kdy se bl\u00ed\u017e\u00ed vybit\u00ed nebo \u00fapln\u00e9 vypr\u00e1zdn\u011bn\u00ed.<\/li>\n<li><strong>Kolik nikotinu obsahuje jednor\u00e1zov\u00e1 e-cigareta JNR 18000 Puffs?<\/strong><br \/>\nJednor\u00e1zov\u00e1 e-cigareta JNR 18000 Puffs je k dispozici bu\u010f s <strong>2% (20 mg)<\/strong> or <strong>5% (50 mg)<\/strong> nikotinovou sol\u00ed, vyhovuj\u00edc\u00ed r\u016fzn\u00fdm preferenc\u00edm.<\/li>\n<li><strong>Jak dlouho trv\u00e1 pln\u00e9 nabit\u00ed jednor\u00e1zov\u00e9 e-cigarety JNR 18000?<\/strong><br \/>\nPomoc\u00ed sv\u00e9ho <strong>rychlonab\u00edjec\u00edho portu typu C<\/strong>se JNR 18000 obvykle pln\u011b nabije b\u011bhem <strong>1 a\u017e 1,5 hodiny<\/strong>.<\/li>\n<li><strong>Kde koupit e-cigarety JNR Falcon X 18000 za velkoobchodn\u00ed cenu?<\/strong><br \/>\nPro nejlep\u0161\u00ed velkoobchodn\u00ed ceny doporu\u010dujeme z\u00e1kazn\u00edk\u016fm nav\u0161t\u00edvit <strong>Rmvapesale<\/strong>, online vape shop nab\u00edzej\u00edc\u00ed konkuren\u010dn\u00ed nab\u00eddky na hromadn\u00e9 n\u00e1kupy v \u010cesk\u00e9 republice.<\/li>\n<\/ul>\n<\/div>\n<\/div>\n<\/div>\n<\/div>\n<\/div>\n<\/div>\n<\/div>\n<\/div>\n<\/div>\n<\/div>\n<div class=\"group\/conversation-turn relative flex w-full min-w-0 flex-col agent-turn\">\n<div class=\"flex-col gap-1 md:gap-3\">\n<div class=\"flex max-w-full flex-col flex-grow\">\n<div class=\"min-h-8 text-message flex w-full flex-col items-end gap-2 whitespace-normal break-words [.text-message+&amp;]:mt-5\" dir=\"auto\" data-message-author-role=\"assistant\" data-message-id=\"a3dc01bd-23b0-4fd7-bb9a-7827522cefd8\" data-message-model-slug=\"gpt-4o\">\n<div class=\"flex w-full flex-col gap-1 empty:hidden first:pt-[3px]\">\n<div class=\"markdown prose w-full break-words dark:prose-invert light\">\n<p>&nbsp;<\/p>\n<\/div>\n<\/div>\n<\/div>\n<\/div>\n<\/div>\n<\/div>\n<\/div>\n<\/div>\n<\/div>\n<\/div>\n<\/div>\n<\/div>\n<\/div>\n<div class=\"mb-2 flex gap-3 empty:hidden -ml-2\"><\/div>\n<p>&nbsp;<\/p>\n<\/div>\n<\/div>\n<\/div>\n<h3>O p\u0159eprav\u011b<\/h3>\n<div class=\"flex-shrink-0 flex flex-col relative items-end\">\n<div>\n<div class=\"pt-0\">\n<div class=\"gizmo-bot-avatar flex h-8 w-8 items-center justify-center overflow-hidden rounded-full\">\n<div><\/div>\n<div class=\"relative p-1 rounded-sm flex items-center justify-center bg-token-main-surface-primary text-token-text-primary h-8 w-8\"><strong>1. Jak\u00e9 zp\u016fsoby dopravy se pou\u017e\u00edvaj\u00ed?<\/strong><\/div>\n<\/div>\n<\/div>\n<\/div>\n<\/div>\n<div class=\"group\/conversation-turn relative flex w-full min-w-0 flex-col agent-turn\">\n<div class=\"flex-col gap-1 md:gap-3\">\n<div class=\"flex max-w-full flex-col flex-grow\">\n<div class=\"min-h-[20px] text-message flex w-full flex-col items-end gap-2 whitespace-normal break-words [.text-message+&amp;]:mt-5 overflow-x-auto\" dir=\"auto\" data-message-author-role=\"assistant\" data-message-id=\"22f8283b-3233-46ff-89a5-c7a41b33abda\">\n<div class=\"flex w-full flex-col gap-1 empty:hidden first:pt-[3px]\">\n<div class=\"markdown prose w-full break-words dark:prose-invert light\">\n<p>Spolupracujeme s UPS, DHL, FedEx, DPD a dal\u0161\u00edmi p\u0159edn\u00edmi p\u0159epravci. Vybereme nejlep\u0161\u00ed zp\u016fsob dopravy na z\u00e1klad\u011b va\u0161\u00ed doru\u010dovac\u00ed lokality, abychom zajistili, \u017ee sv\u00e9 produkty obdr\u017e\u00edte co nejrychleji.<\/p>\n<\/div>\n<p><strong>2. Jak dlouho trv\u00e1 doru\u010den\u00ed?<\/strong><\/p>\n<p>Bal\u00ed\u010dky odeslan\u00e9 do \u010cesk\u00e9 republiky obvykle doraz\u00ed do 10 pracovn\u00edch dn\u016f. P\u0159eprava do evropsk\u00fdch zem\u00ed obecn\u011b trv\u00e1 asi 12-15 pracovn\u00edch dn\u016f. O stavu va\u0161\u00ed z\u00e1silky v\u00e1s budeme pr\u016fb\u011b\u017en\u011b informovat.<\/p>\n<\/div>\n<\/div>\n<\/div>\n<\/div>\n<\/div>\n<p>&nbsp;<\/p>\n<p>Naj\u00edt v\u00edce produkt\u016f pro vaping, kter\u00e9 by se v\u00e1m mohly l\u00edbit:<strong><em><a href=\"https:\/\/rmvapesale.com\/cs\/shop-2\/\">nakupujte nyn\u00ed &gt;&gt;&gt;<\/a><\/em><\/strong><\/p>","protected":false},"excerpt":{"rendered":"<p>Tento <strong>JNR Falcon X 18000 pot\u00e1hnut\u00ed Dob\u00edjec\u00ed jednor\u00e1zov\u00e1 e-cigareta <\/strong>je \u0161pi\u010dkov\u00e9 za\u0159\u00edzen\u00ed navr\u017een\u00e9 k poskytnut\u00ed neuv\u011b\u0159iteln\u00e9ho po\u010dtu <strong>18 000 pot\u00e1hnut\u00ed<\/strong> uspokojiv\u00fdch a chutn\u00fdch pot\u00e1hnut\u00ed. P\u0159edpln\u011bno <strong>24 ml pr\u00e9miov\u00e9ho e-liquidu<\/strong>, toto za\u0159\u00edzen\u00ed je dostupn\u00e9 v \u0159ad\u011b <strong>variant s n\u00edzk\u00fdm obsahem nikotinu<\/strong> , kter\u00e9 uspokoj\u00ed v\u0161echny preference.<\/p>\n<p><img loading=\"lazy\" decoding=\"async\" class=\"size-full wp-image-2375\" src=\"https:\/\/rmvapesale.com\/wp-content\/uploads\/2024\/10\/image.png\" alt=\"Nejlep\u0161\u00ed jednor\u00e1zov\u00e1 e-cigareta\" width=\"229\" height=\"300\" \/><\/p>\n<h3><a href=\"https:\/\/wa.me\/8617776015835\"><span style=\"color: #ff0000\"><strong>WhatsApp: +86 17776015835<\/strong><\/span><\/a><\/h3>\n<p>&nbsp;<\/p>","protected":false},"featured_media":2748,"comment_status":"open","ping_status":"closed","template":"","meta":{"_uag_custom_page_level_css":"","_lmt_disableupdate":"no","_lmt_disable":"","site-sidebar-layout":"default","site-content-layout":"content-boxed-container","ast-site-content-layout":"normal-width-container","site-content-style":"boxed","site-sidebar-style":"unboxed","ast-global-header-display":"","ast-banner-title-visibility":"","ast-main-header-display":"","ast-hfb-above-header-display":"","ast-hfb-below-header-display":"","ast-hfb-mobile-header-display":"","site-post-title":"","ast-breadcrumbs-content":"","ast-featured-img":"","footer-sml-layout":"","theme-transparent-header-meta":"default","adv-header-id-meta":"","stick-header-meta":"","header-above-stick-meta":"","header-main-stick-meta":"","header-below-stick-meta":"","astra-migrate-meta-layouts":"set","ast-page-background-enabled":"default","ast-page-background-meta":{"desktop":{"background-color":"var(--ast-global-color-4)","background-image":"","background-repeat":"repeat","background-position":"center center","background-size":"auto","background-attachment":"scroll","background-type":"","background-media":"","overlay-type":"","overlay-color":"","overlay-opacity":"","overlay-gradient":""},"tablet":{"background-color":"","background-image":"","background-repeat":"repeat","background-position":"center center","background-size":"auto","background-attachment":"scroll","background-type":"","background-media":"","overlay-type":"","overlay-color":"","overlay-opacity":"","overlay-gradient":""},"mobile":{"background-color":"","background-image":"","background-repeat":"repeat","background-position":"center center","background-size":"auto","background-attachment":"scroll","background-type":"","background-media":"","overlay-type":"","overlay-color":"","overlay-opacity":"","overlay-gradient":""}},"ast-content-background-meta":{"desktop":{"background-color":"var(--ast-global-color-5)","background-image":"","background-repeat":"repeat","background-position":"center center","background-size":"auto","background-attachment":"scroll","background-type":"","background-media":"","overlay-type":"","overlay-color":"","overlay-opacity":"","overlay-gradient":""},"tablet":{"background-color":"var(--ast-global-color-5)","background-image":"","background-repeat":"repeat","background-position":"center center","background-size":"auto","background-attachment":"scroll","background-type":"","background-media":"","overlay-type":"","overlay-color":"","overlay-opacity":"","overlay-gradient":""},"mobile":{"background-color":"var(--ast-global-color-5)","background-image":"","background-repeat":"repeat","background-position":"center center","background-size":"auto","background-attachment":"scroll","background-type":"","background-media":"","overlay-type":"","overlay-color":"","overlay-opacity":"","overlay-gradient":""}},"_joinchat":[]},"product_brand":[],"product_cat":[15,25,123,26,28,135,27,137,30],"product_tag":[218,217,205],"class_list":{"0":"post-2751","1":"product","2":"type-product","3":"status-publish","4":"has-post-thumbnail","6":"product_cat-new-vape-this-week","7":"product_cat-germany-best-selling-vape","8":"product_cat-italy-wholesale-vape","9":"product_cat-netherlands-hot-sale-vape","10":"product_cat-poland-hot-sale-vape","11":"product_cat-spain-best-hot-sale-vape","12":"product_cat-fance-hot-sale-vape","13":"product_cat-rechargeable-vapes","14":"product_cat-minimum-order-quantity-50pcs","15":"product_tag-jnr-18000-puffs","16":"product_tag-jnr-falcon-x-18000","17":"product_tag-jnr-vape","18":"desktop-align-left","19":"tablet-align-left","20":"mobile-align-left","22":"first","23":"instock","24":"sale","25":"shipping-taxable","26":"purchasable","27":"product-type-simple"},"uagb_featured_image_src":{"full":["https:\/\/rmvapesale.com\/wp-content\/uploads\/2024\/11\/JNR-Falcon-X-18000-Disposable-Vape-Box.jpg",800,800,false],"thumbnail":["https:\/\/rmvapesale.com\/wp-content\/uploads\/2024\/11\/JNR-Falcon-X-18000-Disposable-Vape-Box-150x150.jpg",150,150,true],"medium":["https:\/\/rmvapesale.com\/wp-content\/uploads\/2024\/11\/JNR-Falcon-X-18000-Disposable-Vape-Box-300x300.jpg",300,300,true],"medium_large":["https:\/\/rmvapesale.com\/wp-content\/uploads\/2024\/11\/JNR-Falcon-X-18000-Disposable-Vape-Box-768x768.jpg",768,768,true],"large":["https:\/\/rmvapesale.com\/wp-content\/uploads\/2024\/11\/JNR-Falcon-X-18000-Disposable-Vape-Box.jpg",800,800,false],"1536x1536":["https:\/\/rmvapesale.com\/wp-content\/uploads\/2024\/11\/JNR-Falcon-X-18000-Disposable-Vape-Box.jpg",800,800,false],"2048x2048":["https:\/\/rmvapesale.com\/wp-content\/uploads\/2024\/11\/JNR-Falcon-X-18000-Disposable-Vape-Box.jpg",800,800,false],"trp-custom-language-flag":["https:\/\/rmvapesale.com\/wp-content\/uploads\/2024\/11\/JNR-Falcon-X-18000-Disposable-Vape-Box.jpg",12,12,false],"woocommerce_thumbnail":["https:\/\/rmvapesale.com\/wp-content\/uploads\/2024\/11\/JNR-Falcon-X-18000-Disposable-Vape-Box-300x300.jpg",300,300,true],"woocommerce_single":["https:\/\/rmvapesale.com\/wp-content\/uploads\/2024\/11\/JNR-Falcon-X-18000-Disposable-Vape-Box-600x600.jpg",600,600,true],"woocommerce_gallery_thumbnail":["https:\/\/rmvapesale.com\/wp-content\/uploads\/2024\/11\/JNR-Falcon-X-18000-Disposable-Vape-Box-100x100.jpg",100,100,true],"wcpr-photo-reviews":["https:\/\/rmvapesale.com\/wp-content\/uploads\/2024\/11\/JNR-Falcon-X-18000-Disposable-Vape-Box.jpg",500,500,false]},"uagb_author_info":{"display_name":"AMY","author_link":"https:\/\/rmvapesale.com\/cs\/author\/"},"uagb_comment_info":0,"uagb_excerpt":"The JNR Falcon X 18000 Puffs Rechargeable Disposable Vape is a cutting-edge device designed to deliver up to an incredible 18,000 puffs of satisfying, flavorful vaping. Pre-filled with 24ml of premium e-liquid, this device is available in an array of 2% low nicotine options that cater to every preference. WhatsApp: +86 17776015835 &nbsp;","_links":{"self":[{"href":"https:\/\/rmvapesale.com\/cs\/wp-json\/wp\/v2\/product\/2751","targetHints":{"allow":["GET"]}}],"collection":[{"href":"https:\/\/rmvapesale.com\/cs\/wp-json\/wp\/v2\/product"}],"about":[{"href":"https:\/\/rmvapesale.com\/cs\/wp-json\/wp\/v2\/types\/product"}],"replies":[{"embeddable":true,"href":"https:\/\/rmvapesale.com\/cs\/wp-json\/wp\/v2\/comments?post=2751"}],"wp:featuredmedia":[{"embeddable":true,"href":"https:\/\/rmvapesale.com\/cs\/wp-json\/wp\/v2\/media\/2748"}],"wp:attachment":[{"href":"https:\/\/rmvapesale.com\/cs\/wp-json\/wp\/v2\/media?parent=2751"}],"wp:term":[{"taxonomy":"product_brand","embeddable":true,"href":"https:\/\/rmvapesale.com\/cs\/wp-json\/wp\/v2\/product_brand?post=2751"},{"taxonomy":"product_cat","embeddable":true,"href":"https:\/\/rmvapesale.com\/cs\/wp-json\/wp\/v2\/product_cat?post=2751"},{"taxonomy":"product_tag","embeddable":true,"href":"https:\/\/rmvapesale.com\/cs\/wp-json\/wp\/v2\/product_tag?post=2751"}],"curies":[{"name":"wp","href":"https:\/\/api.w.org\/{rel}","templated":true}]}}