{"id":2761,"date":"2024-11-20T07:54:06","date_gmt":"2024-11-20T07:54:06","guid":{"rendered":"https:\/\/rmvapesale.com\/?post_type=product&#038;p=2761"},"modified":"2024-11-20T08:51:16","modified_gmt":"2024-11-20T08:51:16","slug":"waspe-vape-40000-puffs-double-flavor-led-screen-disposable-vape-wholesale-price","status":"publish","type":"product","link":"https:\/\/rmvapesale.com\/cs\/product\/waspe-vape-40000-puffs-double-flavor-led-screen-disposable-vape-wholesale-price\/","title":{"rendered":"WASPE Vape 40000 pot\u00e1hnut\u00ed Dvojit\u00e1 p\u0159\u00edchu\u0165 LED obrazovka Jednor\u00e1zov\u00e1 vape Velkoobchodn\u00ed cena"},"content":{"rendered":"<div class=\"B2VR9 CJHX3e\">\n<div class=\"wyccme\">\n<h1 class=\"LC20lb MBeuO DKV0Md\">WASPE Vape 40000 pot\u00e1hnut\u00ed Dvojit\u00e1 p\u0159\u00edchu\u0165 LED obrazovka Jednor\u00e1zov\u00e1 vape Velkoobchodn\u00ed cena<\/h1>\n<div class=\"flex-shrink-0 flex flex-col relative items-end\">\n<div class=\"pt-0\">\n<div class=\"gizmo-bot-avatar flex h-8 w-8 items-center justify-center overflow-hidden rounded-full\">\n<div class=\"relative p-1 rounded-sm flex items-center justify-center bg-token-main-surface-primary text-token-text-primary h-8 w-8\">\n<p>Tento <strong>WASPE Vape 40000 Puffs Dvojit\u00e1 P\u0159\u00edchu\u0165 Jednor\u00e1zov\u00e1 Vape<\/strong>, \u0161pi\u010dkov\u00e9 za\u0159\u00edzen\u00ed navr\u017een\u00e9 pro vapery hledaj\u00edc\u00ed dlouhotrvaj\u00edc\u00ed v\u00fdkon, pohodl\u00ed a \u017eiv\u00e9 chu\u0165ov\u00e9 z\u00e1\u017eitky. Tato inovativn\u00ed vape kombinuje <strong>technologii dvojit\u00e9 p\u0159\u00edchuti<\/strong> s v\u00fdkonnou dob\u00edjec\u00ed bateri\u00ed, co\u017e zaji\u0161\u0165uje, \u017ee ka\u017ed\u00fd n\u00e1dech je uspokojiv\u00fd a plynul\u00fd. Toto za\u0159\u00edzen\u00ed vynik\u00e1 sv\u00fdm <strong>technologii dvojit\u00e9 p\u0159\u00edchuti<\/strong> a <strong>kapacitou 40 000 pot\u00e1hnut\u00ed<\/strong>, co\u017e z n\u011bj \u010din\u00ed nejlep\u0161\u00ed volbu pro ka\u017ed\u00e9ho, kdo chce spojit pohodl\u00ed s v\u00fdjime\u010dn\u00fdm z\u00e1\u017eitkem z vapov\u00e1n\u00ed. Jeho <strong>p\u0159enosn\u00fd a bez\u00fadr\u017ebov\u00fd design<\/strong> je ide\u00e1ln\u00ed pro ka\u017edodenn\u00ed pou\u017eit\u00ed, zat\u00edmco chytr\u00fd LED displej zaji\u0161\u0165uje, \u017ee m\u00e1te v\u017edy plnou kontrolu nad sv\u00fdm za\u0159\u00edzen\u00edm.<\/p>\n<\/div>\n<p>Tento <strong>WASPE Vape Jednor\u00e1zov\u00e1 Vape<\/strong> je ide\u00e1ln\u00ed pro ty, kte\u0159\u00ed jsou v <strong>velkoobchodn\u00edm trhu s vapami<\/strong>. S <strong>inovativn\u00edmi funkcemi<\/strong>, odoln\u00fdm designem a vysokou kapacitou pot\u00e1hnut\u00ed, je tento produkt nezbytnost\u00ed ve va\u0161em sortimentu. Jeho <strong>velkoobchodn\u00ed cenu<\/strong> popularita v <strong>zna\u010dkami jednor\u00e1zov\u00fdch vape<\/strong> kategorii <strong>z n\u011bj \u010din\u00ed v\u00fdjime\u010dnou volbu. Pozvedn\u011bte sv\u016fj z\u00e1\u017eitek z vapov\u00e1n\u00ed s<\/strong>WASPE 40K Dvojit\u00e1 P\u0159\u00edchu\u0165 Vape<\/p>\n<\/div>\n<\/div>\n<\/div>\n<\/div>\n<\/div>\n<p><strong>Kontaktujte Amy a z\u00edskejte spr\u00e1vnou odpov\u011b\u010f a kup\u00f3n na vape!<\/strong><\/p>\n<p><img loading=\"lazy\" decoding=\"async\" class=\"size-full wp-image-1978\" src=\"https:\/\/rmvapesale.com\/wp-content\/uploads\/2024\/09\/Disposable-Vape-Wholesale.jpg\" alt=\"Jednor\u00e1zov\u00e1 e-cigareta velkoobchod\" width=\"229\" height=\"300\" \/><\/p>\n<h3><a href=\"https:\/\/wa.me\/8617776015835\" target=\"_blank\" rel=\"noopener\"><span style=\"color: #ff0000\"><strong>WhatsApp: +86 17776015835<\/strong><\/span><\/a><\/h3>\n<p>&nbsp;<\/p>\n<h2><\/h2>\n<h2><strong>WASPE Vape 40000 Puffs Kl\u00ed\u010dov\u00e9 vlastnosti<\/strong><\/h2>\n<ul>\n<li><strong>Neporaziteln\u00e1 kapacita puff\u016f<\/strong>: S neuv\u011b\u0159iteln\u00fdm <strong>40 000 puf\u016f<\/strong>, toto za\u0159\u00edzen\u00ed nab\u00edz\u00ed bezkonkuren\u010dn\u00ed dlouhov\u011bkost, \u010d\u00edm\u017e odstra\u0148uje nutnost \u010dast\u00e9 v\u00fdm\u011bny.<\/li>\n<li><strong>Velkoryv\u00e1 objem e-liquidu<\/strong>: P\u0159ednapln\u011bno <strong>36 mL pr\u00e9miov\u00e9ho e-liquidu<\/strong>, poskytuj\u00edc\u00ed prodlou\u017eenou vapovac\u00ed seanci s m\u00e9n\u011b p\u0159eru\u0161en\u00edmi.<\/li>\n<li><strong>cURL Too many subrequests.<\/strong>: Vybaveno s <strong>rychlonab\u00edjec\u00ed port Type-C<\/strong>, baterie zaji\u0161\u0165uje rychl\u00e9 nab\u00edjen\u00ed a stabiln\u00ed v\u00fdkon, co\u017e \u010din\u00ed ide\u00e1ln\u00ed <strong>dob\u00edjec\u00ed vape<\/strong> pro vapery na cest\u00e1ch.<\/li>\n<li><strong>Du\u00e1ln\u00ed s\u00ed\u0165ov\u00e9 c\u00edvky<\/strong>: Pokro\u010dil\u00e1 technologie spir\u00e1lky zlep\u0161uje dod\u00e1v\u00e1n\u00ed chuti a vytv\u00e1\u0159\u00ed jemn\u00e9, hust\u00e9 mraky, ide\u00e1ln\u00ed pro milovn\u00edky chuti.<\/li>\n<li><strong>Mo\u017enosti nikotinu<\/strong>: K dispozici v <strong>0%, 2% nebo 5% s\u00edly nikotinu<\/strong>, vyhovuj\u00edc\u00ed r\u016fzn\u00fdm preferenc\u00edm pro p\u0159izp\u016fsobiteln\u00fd z\u00e1\u017eitek.<\/li>\n<li><strong>Dvojit\u00e1 inovace chuti<\/strong>: U\u017eijte si <strong>dv\u011b odli\u0161n\u00e9 p\u0159\u00edchut\u011b<\/strong> v jednom za\u0159\u00edzen\u00ed, nap\u0159\u00edklad <em>Jahodov\u00fd ban\u00e1n<\/em> cURL Too many subrequests. <em>Ananas Kokos Led<\/em>, pro osv\u011b\u017euj\u00edc\u00ed a jedine\u010dn\u00fd vapovac\u00ed z\u00e1\u017eitek.<\/li>\n<li><strong>Displej na LED obrazovce<\/strong>: Z\u016fsta\u0148te informov\u00e1ni s <strong>chytrou LED obrazovkou<\/strong>, poskytuj\u00edc\u00ed aktu\u00e1ln\u00ed data o po\u010dtu pota\u017een\u00ed, stavu baterie a aktivn\u00ed p\u0159\u00edchuti.<\/li>\n<li>&nbsp;\n<p><figure id=\"attachment_2757\" aria-describedby=\"caption-attachment-2757\" style=\"width: 800px\" class=\"wp-caption alignnone\"><img loading=\"lazy\" decoding=\"async\" class=\"wp-image-2757 size-full\" src=\"https:\/\/rmvapesale.com\/wp-content\/uploads\/2024\/11\/Waspe-40000-Puffs-Dispsoable-Vape-Wholesale.jpg\" alt=\"Velkoobchod s jednor\u00e1zov\u00fdmi vaporiz\u00e9ry Waspe 40000 pota\u017een\u00ed\" width=\"800\" height=\"800\" srcset=\"https:\/\/rmvapesale.com\/wp-content\/uploads\/2024\/11\/Waspe-40000-Puffs-Dispsoable-Vape-Wholesale.jpg 800w, https:\/\/rmvapesale.com\/wp-content\/uploads\/2024\/11\/Waspe-40000-Puffs-Dispsoable-Vape-Wholesale-300x300.jpg 300w, https:\/\/rmvapesale.com\/wp-content\/uploads\/2024\/11\/Waspe-40000-Puffs-Dispsoable-Vape-Wholesale-150x150.jpg 150w, https:\/\/rmvapesale.com\/wp-content\/uploads\/2024\/11\/Waspe-40000-Puffs-Dispsoable-Vape-Wholesale-768x768.jpg 768w, https:\/\/rmvapesale.com\/wp-content\/uploads\/2024\/11\/Waspe-40000-Puffs-Dispsoable-Vape-Wholesale-600x600.jpg 600w, https:\/\/rmvapesale.com\/wp-content\/uploads\/2024\/11\/Waspe-40000-Puffs-Dispsoable-Vape-Wholesale-100x100.jpg 100w\" sizes=\"auto, (max-width: 800px) 100vw, 800px\" \/><figcaption id=\"caption-attachment-2757\" class=\"wp-caption-text\">Velkoobchod s jednor\u00e1zov\u00fdmi vaporiz\u00e9ry Waspe 40000 pota\u017een\u00ed<\/figcaption><\/figure><\/li>\n<\/ul>\n<h2><strong>Nejlep\u0161\u00ed p\u0159\u00edchu\u0165 pro WASPE Vape 40k pota\u017een\u00ed<\/strong><\/h2>\n<p>1 vodn\u00ed meloun s ledem \/ Citr\u00f3n-limeta <span style=\"color: #ff0000\"><strong>&gt;&gt;&gt;&gt; Hork\u00e9!<\/strong><\/span><br \/>\n2 perliv\u00e1 t\u0159e\u0161e\u0148 s ledem \/ bor\u016fvkov\u00e1 cukrov\u00e1 vata<br \/>\n3 jahoda s vodn\u00edm melounem \/ bor\u016fvka s malinovou p\u0159\u00edchut\u00ed <span style=\"color: #ff0000\"><strong>&gt;&gt;&gt;&gt; Hork\u00e9!<\/strong><\/span><br \/>\n4 Red Bull s ledem \/ Jahoda-mango<br \/>\n5 broskev s ledem \/ Ananas-mango-broskev<br \/>\n6 hroznov\u00e9 led \/ Jahodovo-kiwi<br \/>\n7 sm\u00ed\u0161en\u00e9 bobule \/ dvojn\u00e1sobn\u00e1 jablkov\u00e1 led<br \/>\n8 modr\u00fd Razz limon\u00e1da \/ melounov\u00e1 \u017ev\u00fdka\u010dka<br \/>\n9 jahoda Malina t\u0159e\u0161e\u0148 \/ l\u00e1ska 666<br \/>\n10 Jahoda ban\u00e1n \/ ananas kokosov\u00e1 led<br \/>\n11 jahoda meloun \u017ev\u00fdka\u010dka \/ sm\u00ed\u0161en\u00e9 ovoce<br \/>\n12 t\u0159e\u0161\u0148ov\u00e1 kola led \/ jahoda malina cukrovinka <span style=\"color: #ff0000\"><strong>&gt;&gt;&gt;&gt; Nejlep\u0161\u00ed!<\/strong><\/span><br \/>\n13 kysel\u00e9 jablko malina \/ jahodov\u00fd velk\u00fd v\u00fdbuch<br \/>\n14 broskev bobule \/ meloun mango broskev<br \/>\n15 bor\u016fvkov\u00e1 led \/ \u010dern\u00fd drak led<br \/>\n16 jahoda t\u0159e\u0161e\u0148 \/ kiwi passion fruit guava<\/p>\n<p>&nbsp;<\/p>\n<h3><strong>Pro\u010d zvolit Rmvapesale pro Waspe 40000 Puffs <\/strong><strong>V<\/strong><strong>ape Velkoobchod<\/strong><strong>?<\/strong><\/h3>\n<div class=\"flex-shrink-0 flex flex-col relative items-end\">\n<div class=\"pt-0\">\n<div class=\"gizmo-bot-avatar flex h-8 w-8 items-center justify-center overflow-hidden rounded-full\">\n<div class=\"relative p-1 rounded-sm flex items-center justify-center bg-token-main-surface-primary text-token-text-primary h-8 w-8\">\n<p>V\u00edtejte v Rmvapesale, va\u0161em d\u016fv\u011bryhodn\u00e9m obchod\u011b s pr\u00e9miov\u00fdmi jednor\u00e1zov\u00fdmi vapovac\u00edmi p\u0159\u00edstroji. S v\u00edce ne\u017e 5 lety odborn\u00fdch zku\u0161enost\u00ed v\u00e1m p\u0159in\u00e1\u0161\u00edme obl\u00edben\u00e9 zna\u010dky jednor\u00e1zov\u00fdch vapovac\u00edch p\u0159\u00edstroj\u016f, jako jsou Al Fakher, Vapme Vape, <a href=\"https:\/\/rmvapesale.com\/cs\/product\/vapme-crystal-7000-puffs-rechargeable-disposable-vape-price\/\">Vapme<\/a>, <a href=\"https:\/\/rmvapesale.com\/cs\/product-category\/bang-vapes\/\">Bang Vape<\/a>, Waspe, <a href=\"https:\/\/rmvapesale.com\/cs\/product\/wga-crystal-pro-max-extra-15k-puffs-disposable-vape-wholesale\/\">WGA<\/a> Vape a<a href=\"https:\/\/rmvapesale.com\/cs\/product-category\/randm-fumot-vape\/\"> RandM Vape<\/a>.<\/p>\n<p>N\u00e1\u0161 sortiment zahrnuje \u017ehav\u00e9 prodejn\u00ed kousky jako <a href=\"https:\/\/rmvapesale.com\/cs\/product\/fumot-randm-12000-strawberry-kiwi-flavor-disposable-vape-wholesale-netherlands\/\">RandM 12000 pot\u00e1hnut\u00ed<\/a> a chu\u0165ov\u011b bohat\u00e9 mo\u017enosti, jako je <a href=\"https:\/\/rmvapesale.com\/cs\/product\/wga-crystal-pro-max-extra-15k-puffs-disposable-vape-wholesale\/\">WGA 15K<\/a>. Ka\u017ed\u00fd produkt je vyb\u00edr\u00e1n s d\u016frazem na kvalitu, hodnotu a rozmanitost, abyste si zajistili dokonalou shodu pro va\u0161e pot\u0159eby. Objevte v\u00fdjime\u010dn\u00e9 slu\u017eby a \u0161irokou \u0161k\u00e1lu \u0161pi\u010dkov\u00fdch produkt\u016f na Rmvapesale.<\/p>\n<\/div>\n<h3><\/h3>\n<div class=\"relative p-1 rounded-sm flex items-center justify-center bg-token-main-surface-primary text-token-text-primary h-8 w-8\">\n<h3><b>Waspe 40000 Puffs dob\u00edjec\u00ed jednor\u00e1zov\u00fd vaporiz\u00e9r FAQ<\/b><\/h3>\n<div class=\"group\/conversation-turn relative flex w-full min-w-0 flex-col agent-turn\">\n<div class=\"flex-col gap-1 md:gap-3\">\n<div class=\"flex max-w-full flex-col flex-grow\">\n<div class=\"min-h-8 text-message flex w-full flex-col items-end gap-2 whitespace-normal break-words [.text-message+&amp;]:mt-5\" dir=\"auto\" data-message-author-role=\"assistant\" data-message-id=\"00c9b302-bc9c-4550-94ba-5a295efa2be3\" data-message-model-slug=\"gpt-4o\">\n<div class=\"flex w-full flex-col gap-1 empty:hidden first:pt-[3px]\">\n<div class=\"markdown prose w-full break-words dark:prose-invert light\">\n<div class=\"flex-shrink-0 flex flex-col relative items-end\">\n<div>\n<div class=\"pt-0\">\n<div class=\"gizmo-bot-avatar flex h-8 w-8 items-center justify-center overflow-hidden rounded-full\">\n<div class=\"relative p-1 rounded-sm flex items-center justify-center bg-token-main-surface-primary text-token-text-primary h-8 w-8\">\n<div class=\"flex-shrink-0 flex flex-col relative items-end\">\n<div>\n<div class=\"pt-0\">\n<div class=\"gizmo-bot-avatar flex h-8 w-8 items-center justify-center overflow-hidden rounded-full\">\n<div class=\"relative p-1 rounded-sm flex items-center justify-center bg-token-main-surface-primary text-token-text-primary h-8 w-8\">\n<p><strong>Q: Jak\u00e9 jsou obl\u00edben\u00e9 p\u0159\u00edchut\u011b pro jednor\u00e1zov\u00fd vaporiz\u00e9r Waspe 40000 Puffs?<\/strong><br \/>\nA: The <strong>Waspe Vape 40000 Puffs<\/strong> nab\u00edz\u00ed kombinace dvou p\u0159\u00edchut\u00ed, jako jsou <em>Jahodov\u00fd ban\u00e1n<\/em> a <em>Ananas Kokos Led<\/em>, co\u017e z n\u011bj \u010din\u00ed nejlep\u0161\u00ed volbu pro ty, kte\u0159\u00ed hledaj\u00ed osv\u011b\u017euj\u00edc\u00ed a jedine\u010dn\u00e9 chu\u0165ov\u00e9 z\u00e1\u017eitky.<\/p>\n<p><strong>Q: Jak pozn\u00e1m, kdy je m\u016fj Waspe 40000 Smart Vape pr\u00e1zdn\u00fd?<\/strong><br \/>\nA: The <strong>Displej na LED obrazovce<\/strong> na Waspe 40000 Smart Vape ukazuje hladinu e-tekutiny. Kdy\u017e ukazuje, \u017ee e-tekutina je pr\u00e1zdn\u00e1, je \u010das vym\u011bnit za\u0159\u00edzen\u00ed.<\/p>\n<p><strong>Ot\u00e1zka: Jak dlouho trv\u00e1 nabit\u00ed dob\u00edjec\u00ed vaporiz\u00e9ru Waspe 40000?<\/strong><br \/>\nOdpov\u011b\u010f: Waspe 40000 pou\u017e\u00edv\u00e1 <strong>rychlonab\u00edjec\u00ed port Type-C<\/strong>, co\u017e mu umo\u017e\u0148uje pln\u011b se nab\u00edt za p\u0159ibli\u017en\u011b <strong>45-60 minut<\/strong>.<\/p>\n<p><strong>Ot\u00e1zka: Kolik nikotinu je v jednor\u00e1zov\u00e9m vaporiz\u00e9ru Waspe 40000?<\/strong><br \/>\nOdpov\u011b\u010f: Waspe 40000 je dostupn\u00fd v <strong>0%, 2% nebo 5% s\u00edly nikotinu<\/strong> (ekvivalent 50 mg pro mo\u017enost 5%), aby vyhovoval r\u016fzn\u00fdm preferenc\u00edm.<\/p>\n<p><strong>Ot\u00e1zka: Kde mohu koupit Waspe 40000 Puff Vapes za velkoobchodn\u00ed ceny?<\/strong><br \/>\nA: The <strong>Jednor\u00e1zov\u00fd vaporiz\u00e9r Waspe 40000 Puffs<\/strong> je dostupn\u00fd prost\u0159ednictv\u00edm <strong>velkoobchod s vapov\u00e1n\u00edm<\/strong> distributor\u016f a online prodejc\u016f specializuj\u00edc\u00edch se na <strong>velkoobchodn\u00ed n\u00e1kup<\/strong> a <strong>obl\u00edben\u00e9 zna\u010dky jednor\u00e1zov\u00fdch vape<\/strong>.<\/p>\n<p><strong>Ot\u00e1zka: Kolik pot\u00e1hnut\u00ed poskytuje vaporiz\u00e9r Waspe Vape 40000 Puffs?<\/strong><br \/>\nOdpov\u011b\u010f: Vaporiz\u00e9r Waspe nab\u00edz\u00ed p\u016fsobiv\u00e9 <strong>40 000 puf\u016f<\/strong>, poskytuj\u00edc\u00ed dlouhotrvaj\u00edc\u00ed uspokojen\u00ed a pohodl\u00ed.<\/p>\n<p><strong>Ot\u00e1zka: Jak dlouho trv\u00e1 \u00fapln\u00e9 nabit\u00ed jednor\u00e1zov\u00e9ho vaporiz\u00e9ru Waspe 40000?<\/strong><br \/>\nOdpov\u011b\u010f: Pln\u00e9 nabit\u00ed Waspe 40000 trv\u00e1 p\u0159ibli\u017en\u011b <strong>45-60 minut<\/strong>, d\u00edky sv\u00e9 efektivn\u00ed <strong>Syst\u00e9m nab\u00edjen\u00ed Type-C<\/strong>.<\/p>\n<\/div>\n<\/div>\n<\/div>\n<\/div>\n<\/div>\n<\/div>\n<\/div>\n<\/div>\n<\/div>\n<\/div>\n<div class=\"group\/conversation-turn relative flex w-full min-w-0 flex-col agent-turn\">\n<div class=\"flex-col gap-1 md:gap-3\">\n<div class=\"flex max-w-full flex-col flex-grow\">\n<div class=\"min-h-8 text-message flex w-full flex-col items-end gap-2 whitespace-normal break-words [.text-message+&amp;]:mt-5\" dir=\"auto\" data-message-author-role=\"assistant\" data-message-id=\"a3dc01bd-23b0-4fd7-bb9a-7827522cefd8\" data-message-model-slug=\"gpt-4o\">\n<div class=\"flex w-full flex-col gap-1 empty:hidden first:pt-[3px]\"><\/div>\n<\/div>\n<\/div>\n<\/div>\n<\/div>\n<\/div>\n<\/div>\n<\/div>\n<\/div>\n<\/div>\n<\/div>\n<\/div>\n<\/div>\n<\/div>\n<\/div>\n<h3>O p\u0159eprav\u011b<\/h3>\n<div class=\"flex-shrink-0 flex flex-col relative items-end\">\n<div>\n<div class=\"pt-0\">\n<div class=\"gizmo-bot-avatar flex h-8 w-8 items-center justify-center overflow-hidden rounded-full\">\n<div><\/div>\n<div class=\"relative p-1 rounded-sm flex items-center justify-center bg-token-main-surface-primary text-token-text-primary h-8 w-8\"><strong>1. Jak\u00e9 zp\u016fsoby dopravy se pou\u017e\u00edvaj\u00ed?<\/strong><\/div>\n<\/div>\n<\/div>\n<\/div>\n<\/div>\n<div class=\"group\/conversation-turn relative flex w-full min-w-0 flex-col agent-turn\">\n<div class=\"flex-col gap-1 md:gap-3\">\n<div class=\"flex max-w-full flex-col flex-grow\">\n<div class=\"min-h-[20px] text-message flex w-full flex-col items-end gap-2 whitespace-normal break-words [.text-message+&amp;]:mt-5 overflow-x-auto\" dir=\"auto\" data-message-author-role=\"assistant\" data-message-id=\"22f8283b-3233-46ff-89a5-c7a41b33abda\">\n<div class=\"flex w-full flex-col gap-1 empty:hidden first:pt-[3px]\">\n<div class=\"markdown prose w-full break-words dark:prose-invert light\">\n<p>Spolupracujeme s UPS, DHL, FedEx, DPD a dal\u0161\u00edmi p\u0159edn\u00edmi p\u0159epravci. Vybereme nejlep\u0161\u00ed zp\u016fsob dopravy na z\u00e1klad\u011b va\u0161\u00ed doru\u010dovac\u00ed lokality, abychom zajistili, \u017ee sv\u00e9 produkty obdr\u017e\u00edte co nejrychleji.<\/p>\n<\/div>\n<p><strong>2. Jak dlouho trv\u00e1 doru\u010den\u00ed?<\/strong><\/p>\n<p>Bal\u00ed\u010dky odeslan\u00e9 do \u010cesk\u00e9 republiky obvykle doraz\u00ed do 10 pracovn\u00edch dn\u016f. P\u0159eprava do evropsk\u00fdch zem\u00ed obecn\u011b trv\u00e1 asi 12-15 pracovn\u00edch dn\u016f. O stavu va\u0161\u00ed z\u00e1silky v\u00e1s budeme pr\u016fb\u011b\u017en\u011b informovat.<\/p>\n<\/div>\n<\/div>\n<\/div>\n<\/div>\n<\/div>\n<p>&nbsp;<\/p>\n<p>Naj\u00edt v\u00edce produkt\u016f pro vaping, kter\u00e9 by se v\u00e1m mohly l\u00edbit:<strong><em><a href=\"https:\/\/rmvapesale.com\/cs\/shop-2\/\">nakupujte nyn\u00ed &gt;&gt;&gt;<\/a><\/em><\/strong><\/p>","protected":false},"excerpt":{"rendered":"<p>Za\u0159\u00edzen\u00ed WASPE Vape 40000 Puffs vynik\u00e1 svou technologi\u00ed dvojit\u00e9 chuti a kapacitou 40 000 pot\u00e1hnut\u00ed, co\u017e z n\u011bj \u010din\u00ed nejlep\u0161\u00ed volbu pro ka\u017ed\u00e9ho, kdo chce spojit pohodl\u00ed s v\u00fdjime\u010dn\u00fdm z\u00e1\u017eitkem z vapov\u00e1n\u00ed.<\/p>\n<p><img loading=\"lazy\" decoding=\"async\" class=\"size-full wp-image-2375\" src=\"https:\/\/rmvapesale.com\/wp-content\/uploads\/2024\/10\/image.png\" alt=\"Nejlep\u0161\u00ed jednor\u00e1zov\u00e1 e-cigareta\" width=\"229\" height=\"300\" \/><\/p>\n<h3><a href=\"https:\/\/wa.me\/8617776015835\"><span style=\"color: #ff0000\"><strong>WhatsApp: +86 17776015835<\/strong><\/span><\/a><\/h3>\n<p>&nbsp;<\/p>","protected":false},"featured_media":2759,"comment_status":"open","ping_status":"closed","template":"","meta":{"_uag_custom_page_level_css":"","_lmt_disableupdate":"no","_lmt_disable":"","site-sidebar-layout":"default","site-content-layout":"content-boxed-container","ast-site-content-layout":"normal-width-container","site-content-style":"boxed","site-sidebar-style":"unboxed","ast-global-header-display":"","ast-banner-title-visibility":"","ast-main-header-display":"","ast-hfb-above-header-display":"","ast-hfb-below-header-display":"","ast-hfb-mobile-header-display":"","site-post-title":"","ast-breadcrumbs-content":"","ast-featured-img":"","footer-sml-layout":"","theme-transparent-header-meta":"default","adv-header-id-meta":"","stick-header-meta":"","header-above-stick-meta":"","header-main-stick-meta":"","header-below-stick-meta":"","astra-migrate-meta-layouts":"set","ast-page-background-enabled":"default","ast-page-background-meta":{"desktop":{"background-color":"var(--ast-global-color-4)","background-image":"","background-repeat":"repeat","background-position":"center center","background-size":"auto","background-attachment":"scroll","background-type":"","background-media":"","overlay-type":"","overlay-color":"","overlay-opacity":"","overlay-gradient":""},"tablet":{"background-color":"","background-image":"","background-repeat":"repeat","background-position":"center center","background-size":"auto","background-attachment":"scroll","background-type":"","background-media":"","overlay-type":"","overlay-color":"","overlay-opacity":"","overlay-gradient":""},"mobile":{"background-color":"","background-image":"","background-repeat":"repeat","background-position":"center center","background-size":"auto","background-attachment":"scroll","background-type":"","background-media":"","overlay-type":"","overlay-color":"","overlay-opacity":"","overlay-gradient":""}},"ast-content-background-meta":{"desktop":{"background-color":"var(--ast-global-color-5)","background-image":"","background-repeat":"repeat","background-position":"center center","background-size":"auto","background-attachment":"scroll","background-type":"","background-media":"","overlay-type":"","overlay-color":"","overlay-opacity":"","overlay-gradient":""},"tablet":{"background-color":"var(--ast-global-color-5)","background-image":"","background-repeat":"repeat","background-position":"center center","background-size":"auto","background-attachment":"scroll","background-type":"","background-media":"","overlay-type":"","overlay-color":"","overlay-opacity":"","overlay-gradient":""},"mobile":{"background-color":"var(--ast-global-color-5)","background-image":"","background-repeat":"repeat","background-position":"center center","background-size":"auto","background-attachment":"scroll","background-type":"","background-media":"","overlay-type":"","overlay-color":"","overlay-opacity":"","overlay-gradient":""}},"_joinchat":[]},"product_brand":[],"product_cat":[15,25,123,26,28,135,27,137,136,30],"product_tag":[222,220,221],"class_list":{"0":"post-2761","1":"product","2":"type-product","3":"status-publish","4":"has-post-thumbnail","6":"product_cat-new-vape-this-week","7":"product_cat-germany-best-selling-vape","8":"product_cat-italy-wholesale-vape","9":"product_cat-netherlands-hot-sale-vape","10":"product_cat-poland-hot-sale-vape","11":"product_cat-spain-best-hot-sale-vape","12":"product_cat-fance-hot-sale-vape","13":"product_cat-rechargeable-vapes","14":"product_cat-smart-screen-vapes","15":"product_cat-minimum-order-quantity-50pcs","16":"product_tag-double-flavor-vape","17":"product_tag-waspe-40000","18":"product_tag-waspe-vape","19":"desktop-align-left","20":"tablet-align-left","21":"mobile-align-left","23":"first","24":"instock","25":"sale","26":"shipping-taxable","27":"purchasable","28":"product-type-simple"},"uagb_featured_image_src":{"full":["https:\/\/rmvapesale.com\/wp-content\/uploads\/2024\/11\/WASPE-40000-Rechargeable-Disposable-Vape.jpg",1000,1000,false],"thumbnail":["https:\/\/rmvapesale.com\/wp-content\/uploads\/2024\/11\/WASPE-40000-Rechargeable-Disposable-Vape-150x150.jpg",150,150,true],"medium":["https:\/\/rmvapesale.com\/wp-content\/uploads\/2024\/11\/WASPE-40000-Rechargeable-Disposable-Vape-300x300.jpg",300,300,true],"medium_large":["https:\/\/rmvapesale.com\/wp-content\/uploads\/2024\/11\/WASPE-40000-Rechargeable-Disposable-Vape-768x768.jpg",768,768,true],"large":["https:\/\/rmvapesale.com\/wp-content\/uploads\/2024\/11\/WASPE-40000-Rechargeable-Disposable-Vape.jpg",1000,1000,false],"1536x1536":["https:\/\/rmvapesale.com\/wp-content\/uploads\/2024\/11\/WASPE-40000-Rechargeable-Disposable-Vape.jpg",1000,1000,false],"2048x2048":["https:\/\/rmvapesale.com\/wp-content\/uploads\/2024\/11\/WASPE-40000-Rechargeable-Disposable-Vape.jpg",1000,1000,false],"trp-custom-language-flag":["https:\/\/rmvapesale.com\/wp-content\/uploads\/2024\/11\/WASPE-40000-Rechargeable-Disposable-Vape.jpg",12,12,false],"woocommerce_thumbnail":["https:\/\/rmvapesale.com\/wp-content\/uploads\/2024\/11\/WASPE-40000-Rechargeable-Disposable-Vape-300x300.jpg",300,300,true],"woocommerce_single":["https:\/\/rmvapesale.com\/wp-content\/uploads\/2024\/11\/WASPE-40000-Rechargeable-Disposable-Vape-600x600.jpg",600,600,true],"woocommerce_gallery_thumbnail":["https:\/\/rmvapesale.com\/wp-content\/uploads\/2024\/11\/WASPE-40000-Rechargeable-Disposable-Vape-100x100.jpg",100,100,true],"wcpr-photo-reviews":["https:\/\/rmvapesale.com\/wp-content\/uploads\/2024\/11\/WASPE-40000-Rechargeable-Disposable-Vape.jpg",500,500,false]},"uagb_author_info":{"display_name":"AMY","author_link":"https:\/\/rmvapesale.com\/cs\/author\/"},"uagb_comment_info":0,"uagb_excerpt":"WASPE Vape 40000 Puffs device stands out with its dual-flavor technology and 40,000-puff capacity, making it a top choice for anyone looking to combine convenience with an exceptional vaping experience. WhatsApp: +86 17776015835 &nbsp;","_links":{"self":[{"href":"https:\/\/rmvapesale.com\/cs\/wp-json\/wp\/v2\/product\/2761","targetHints":{"allow":["GET"]}}],"collection":[{"href":"https:\/\/rmvapesale.com\/cs\/wp-json\/wp\/v2\/product"}],"about":[{"href":"https:\/\/rmvapesale.com\/cs\/wp-json\/wp\/v2\/types\/product"}],"replies":[{"embeddable":true,"href":"https:\/\/rmvapesale.com\/cs\/wp-json\/wp\/v2\/comments?post=2761"}],"wp:featuredmedia":[{"embeddable":true,"href":"https:\/\/rmvapesale.com\/cs\/wp-json\/wp\/v2\/media\/2759"}],"wp:attachment":[{"href":"https:\/\/rmvapesale.com\/cs\/wp-json\/wp\/v2\/media?parent=2761"}],"wp:term":[{"taxonomy":"product_brand","embeddable":true,"href":"https:\/\/rmvapesale.com\/cs\/wp-json\/wp\/v2\/product_brand?post=2761"},{"taxonomy":"product_cat","embeddable":true,"href":"https:\/\/rmvapesale.com\/cs\/wp-json\/wp\/v2\/product_cat?post=2761"},{"taxonomy":"product_tag","embeddable":true,"href":"https:\/\/rmvapesale.com\/cs\/wp-json\/wp\/v2\/product_tag?post=2761"}],"curies":[{"name":"wp","href":"https:\/\/api.w.org\/{rel}","templated":true}]}}