{"id":2767,"date":"2024-11-21T08:44:14","date_gmt":"2024-11-21T08:44:14","guid":{"rendered":"https:\/\/rmvapesale.com\/?post_type=product&#038;p=2767"},"modified":"2024-11-21T09:11:37","modified_gmt":"2024-11-21T09:11:37","slug":"jnr-alien-10000-puffs-rechargeable-disposable-vape-bulk-price","status":"publish","type":"product","link":"https:\/\/rmvapesale.com\/cs\/product\/jnr-alien-10000-puffs-rechargeable-disposable-vape-bulk-price\/","title":{"rendered":"JNR Alien 10000 Puffs dob\u00edjec\u00ed jednor\u00e1zov\u00fd vape velkoobchodn\u00ed cena"},"content":{"rendered":"<div class=\"B2VR9 CJHX3e\">\n<div class=\"wyccme\">\n<h1 class=\"LC20lb MBeuO DKV0Md\">JNR Alien 10000 Puffs dob\u00edjec\u00ed jednor\u00e1zov\u00fd vape velkoobchodn\u00ed cena<\/h1>\n<div class=\"flex-shrink-0 flex flex-col relative items-end\">\n<div class=\"pt-0\">\n<div class=\"gizmo-bot-avatar flex h-8 w-8 items-center justify-center overflow-hidden rounded-full\">\n<div class=\"relative p-1 rounded-sm flex items-center justify-center bg-token-main-surface-primary text-token-text-primary h-8 w-8\">\n<p>Tento <strong>JNR Alien 10000 potah\u016f dob\u00edjec\u00ed jednor\u00e1zov\u00fd vaporiz\u00e9r<\/strong> je navr\u017een pro ty, kte\u0159\u00ed up\u0159ednost\u0148uj\u00ed pohodl\u00ed i v\u00fdkon. S p\u0159edpln\u011bnou <strong>kapacitou 20 ml e-liquidu<\/strong>nab\u00edz\u00ed toto za\u0159\u00edzen\u00ed a\u017e <strong>10 000 potah\u016f<\/strong>, zaji\u0161\u0165uj\u00edc\u00ed prodlou\u017een\u00e9 vapov\u00e1n\u00ed bez \u010dast\u00e9 v\u00fdm\u011bny. Poh\u00e1n\u011bn spolehliv\u00fdm <strong>850mAh dob\u00edjec\u00ed bateri\u00ed<\/strong>, poskytuje konzistentn\u00ed v\u00fdrobu p\u00e1ry a pokro\u010dil\u00fd <strong>technologie mesh c\u00edvky<\/strong> zlep\u0161uje jak chu\u0165, tak v\u00fdstup mrak\u016f pro zv\u00fd\u0161en\u00fd z\u00e1\u017eitek. Alien JNR 10000 Navr\u017een pro <strong>MTL (\u00fasta-na-pl\u00edci) vapov\u00e1n\u00ed<\/strong>, tento p\u0159\u00edstroj m\u00e1 bezprobl\u00e9mov\u00fd <strong>mechanismus aktivace tahem<\/strong>, co\u017e ho \u010din\u00ed ide\u00e1ln\u00edm pro u\u017eivatele, kte\u0159\u00ed preferuj\u00ed jednoduchost bez kompromis\u016f v v\u00fdkonu.<\/p>\n<p>Kompaktn\u00ed a p\u0159enosn\u00fd, <strong>JNR Alien 10000 Dob\u00edjec\u00ed Vaporiz\u00e9r<\/strong> je ide\u00e1ln\u00ed pro vapov\u00e1n\u00ed na cest\u00e1ch. Dob\u00edjec\u00ed baterie podporuje dlouhodob\u00e9 pou\u017e\u00edv\u00e1n\u00ed a lehk\u00fd design usnad\u0148uje p\u0159en\u00e1\u0161en\u00ed. S <strong>5% nikotinovou silou<\/strong>, poskytuje uspokojiv\u00fd z\u00e1\u017eitek, kter\u00fd vyhovuje u\u017eivatel\u016fm hledaj\u00edc\u00edm siln\u00fd, ale jemn\u00fd vapovac\u00ed z\u00e1\u017eitek. A\u0165 jste prodejce nebo velkoobchodn\u00ed kupuj\u00edc\u00ed, <strong>JNR Alien 10000 Puffs<\/strong> nab\u00edz\u00ed v\u00fdjime\u010dnou hodnotu za <strong>velkoobchodn\u00ed ceny<\/strong>, co\u017e z n\u011bj \u010din\u00ed vynikaj\u00edc\u00ed produkt pro velkoobchod s vaporiz\u00e9ry.<\/p>\n<\/div>\n<\/div>\n<\/div>\n<\/div>\n<\/div>\n<\/div>\n<p><strong>Kontaktujte Amy a z\u00edskejte spr\u00e1vnou odpov\u011b\u010f a kup\u00f3n na vape!<\/strong><\/p>\n<p><img loading=\"lazy\" decoding=\"async\" class=\"size-full wp-image-1978\" src=\"https:\/\/rmvapesale.com\/wp-content\/uploads\/2024\/09\/Disposable-Vape-Wholesale.jpg\" alt=\"Jednor\u00e1zov\u00e1 e-cigareta velkoobchod\" width=\"229\" height=\"300\" \/><\/p>\n<h3><a href=\"https:\/\/wa.me\/8617776015835\" target=\"_blank\" rel=\"noopener\"><span style=\"color: #ff0000\"><strong>WhatsApp: +86 17776015835<\/strong><\/span><\/a><\/h3>\n<p>&nbsp;<\/p>\n<h2><\/h2>\n<h2><strong>Kl\u00ed\u010dov\u00e9 vlastnosti JNR Alien 10000 Puffs<\/strong><\/h2>\n<ul>\n<li><strong>Poskytuje a\u017e 10 000 pota\u017een\u00ed na za\u0159\u00edzen\u00ed<\/strong><\/li>\n<li><strong>20ml p\u0159ednapln\u011bn\u00e9ho e-liquidu pro m\u00e9n\u011b v\u00fdm\u011bn<\/strong><\/li>\n<li><strong>Dob\u00edjec\u00ed baterie 850mAh pro del\u0161\u00ed sezen\u00ed<\/strong><\/li>\n<li><strong>Technologie s\u00ed\u0165ov\u00e9 c\u00edvky zlep\u0161uje chu\u0165 a p\u00e1ru<\/strong><\/li>\n<li><strong>Kompaktn\u00ed, aktivovan\u00e9 tahem design pro bezprobl\u00e9mov\u00e9 vapov\u00e1n\u00ed<\/strong><\/li>\n<\/ul>\n<h2><\/h2>\n<h2><strong>Top P\u0159\u00edchu\u0165 pro JNR Alien 10kPuffs<\/strong><\/h2>\n<p>1. \u010cern\u00fd drak led<br \/>\n2. Modr\u00fd Razz T\u0159e\u0161e\u0148 <span style=\"color: #ff0000\"><strong>&gt;&gt;&gt;&gt; Hork\u00e9!<\/strong><\/span><br \/>\n3. Modr\u00fd Razz Led <span style=\"color: #ff0000\"><strong>&gt;&gt;&gt;&gt; Hork\u00e9!<\/strong><\/span><br \/>\n4. Bor\u016fvkov\u00e1 \u017ev\u00fdka\u010dka<br \/>\n5. Bor\u016fvka t\u0159e\u0161e\u0148 brusinka<br \/>\n6. Bor\u016fvka na ledu<br \/>\n7. Bor\u016fvka kysel\u00e1 malina<br \/>\n8. Perliv\u00e1 t\u0159e\u0161\u0148ov\u00e1 cola<br \/>\n9. Hroznov\u00e9 s ledem<br \/>\n10. Guava led<br \/>\n11. Kiwi passion fruit guava<br \/>\n12. Jahoda kiwi<br \/>\n13. Sm\u00ed\u0161en\u00e9 bobule<br \/>\n14. Pan Blue<br \/>\n15. Passion fruit<br \/>\n16. Peach Berry<br \/>\n17. Peach Blueberry Candy<br \/>\n18. Peach Ice<br \/>\n19. Peach Mango Pineapple <span style=\"color: #ff0000\"><strong>&gt;&gt;&gt;&gt; Hork\u00e9!<\/strong><\/span><br \/>\n20. Kysel\u00e9 jablko<br \/>\n21.Jahoda Ban\u00e1n<br \/>\n22. Jahodov\u00e1 zmrzlina<br \/>\n23. Jahoda Malina T\u0159e\u0161e\u0148 Zmrzlina <span style=\"color: #ff0000\"><strong>&gt;&gt;&gt;&gt; Nejlep\u0161\u00ed!<\/strong><\/span><br \/>\n24. Jahoda Meloun Zmrzlina<br \/>\n25. Jahoda Meloun Limon\u00e1da<br \/>\n26. Melounov\u00e1 \u017ev\u00fdka\u010dka<br \/>\n27. Melounov\u00e1 Zmrzlina<br \/>\n28. Ban\u00e1nov\u00e1 Zmrzlina<br \/>\n29. Bor\u016fvka Kiwi<br \/>\n30. T\u0159e\u0161\u0148ov\u00e1 Bobule<br \/>\n31. Cola Ice<br \/>\n32. Cool Mint<br \/>\n33. Double Apple<br \/>\n34. Gummy Bear<br \/>\n35. Lush Ice<br \/>\n36. Raspberry Watermelon<br \/>\n37. Jahodov\u00e9 bonb\u00f3ny Ice<br \/>\n38. Jahodov\u00e1 Pi\u0148a Colada<br \/>\n39. Jahodov\u00e9 Gran\u00e1tov\u00e9 Jablko<br \/>\n40. Jahoda Ryb\u00edz Ice<br \/>\n41. Tropick\u00e1 P\u00e1rty<br \/>\n42. Watermelon Brazz Ice<br \/>\n43. Watermelon Lychee<\/p>\n<p>&nbsp;<\/p>\n<h3><strong>Pro\u010d si vybrat Rmvapesale pro Alien JNR 10000 Puffs <\/strong><strong>V<\/strong><strong>ape Velkoobchod<\/strong><strong>?<\/strong><\/h3>\n<div class=\"flex-shrink-0 flex flex-col relative items-end\">\n<div class=\"pt-0\">\n<div class=\"gizmo-bot-avatar flex h-8 w-8 items-center justify-center overflow-hidden rounded-full\">\n<div class=\"relative p-1 rounded-sm flex items-center justify-center bg-token-main-surface-primary text-token-text-primary h-8 w-8\">\n<p>V\u00edtejte v Rmvapesale, va\u0161em d\u016fv\u011bryhodn\u00e9m obchod\u011b s pr\u00e9miov\u00fdmi jednor\u00e1zov\u00fdmi vapovac\u00edmi p\u0159\u00edstroji. S v\u00edce ne\u017e 5 lety odborn\u00fdch zku\u0161enost\u00ed v\u00e1m p\u0159in\u00e1\u0161\u00edme obl\u00edben\u00e9 zna\u010dky jednor\u00e1zov\u00fdch vapovac\u00edch p\u0159\u00edstroj\u016f, jako jsou Al Fakher, Vapme Vape, <a href=\"https:\/\/rmvapesale.com\/cs\/product-category\/bang-vapes\/\">Bang Vape<\/a>, Waspe, WGA Vape a<a href=\"https:\/\/rmvapesale.com\/cs\/product-category\/randm-fumot-vape\/\"> RandM Vape<\/a>.<\/p>\n<p>N\u00e1\u0161 sortiment zahrnuje \u017ehav\u00e9 prodejn\u00ed kousky jako <a href=\"https:\/\/rmvapesale.com\/cs\/product\/randm-tornado-15000-puffs-vape-wholesale\/\">RandM Tornado 15000<\/a> a chut\u00ed bohat\u00e9 volby jako Vapme 70000. Ka\u017ed\u00fd produkt je vyb\u00edr\u00e1n s d\u016frazem na kvalitu, hodnotu a rozmanitost, co\u017e zaru\u010duje, \u017ee najdete perfektn\u00ed shodu pro va\u0161e pot\u0159eby. Objevte v\u00fdjime\u010dn\u00e9 slu\u017eby a \u0161irokou \u0161k\u00e1lu \u0161pi\u010dkov\u00fdch produkt\u016f v Rmvapesale.<\/p>\n<\/div>\n<h3><\/h3>\n<div class=\"relative p-1 rounded-sm flex items-center justify-center bg-token-main-surface-primary text-token-text-primary h-8 w-8\">\n<h3><b> FAQS pro <\/b><b>Alien JNR 10000 Dob\u00edjec\u00ed Jednor\u00e1zov\u00fd Vaporiz\u00e9r<\/b><\/h3>\n<div class=\"group\/conversation-turn relative flex w-full min-w-0 flex-col agent-turn\">\n<div class=\"flex-col gap-1 md:gap-3\">\n<div class=\"flex max-w-full flex-col flex-grow\">\n<div class=\"min-h-8 text-message flex w-full flex-col items-end gap-2 whitespace-normal break-words [.text-message+&amp;]:mt-5\" dir=\"auto\" data-message-author-role=\"assistant\" data-message-id=\"00c9b302-bc9c-4550-94ba-5a295efa2be3\" data-message-model-slug=\"gpt-4o\">\n<div class=\"flex w-full flex-col gap-1 empty:hidden first:pt-[3px]\">\n<div class=\"markdown prose w-full break-words dark:prose-invert light\">\n<div class=\"flex-shrink-0 flex flex-col relative items-end\">\n<div>\n<div class=\"pt-0\">\n<div class=\"gizmo-bot-avatar flex h-8 w-8 items-center justify-center overflow-hidden rounded-full\">\n<div class=\"relative p-1 rounded-sm flex items-center justify-center bg-token-main-surface-primary text-token-text-primary h-8 w-8\">\n<div class=\"flex-shrink-0 flex flex-col relative items-end\">\n<div>\n<div class=\"pt-0\">\n<div class=\"gizmo-bot-avatar flex h-8 w-8 items-center justify-center overflow-hidden rounded-full\">\n<div class=\"relative p-1 rounded-sm flex items-center justify-center bg-token-main-surface-primary text-token-text-primary h-8 w-8\">\n<p><strong>1. Kolik nikotinu je v JNR 10000 Jednor\u00e1zov\u00e9m Vaporiz\u00e9ru?<\/strong><br \/>\nTento <strong>JNR Alien 10k Jednor\u00e1zov\u00fd Vaporiz\u00e9r<\/strong> obsahuje <strong>5% s\u00edla nikotinu (50mg)<\/strong>, nab\u00edz\u00ed siln\u00fd a p\u0159itom jemn\u00fd nikotinov\u00fd z\u00e1\u017eitek.<\/p>\n<p><strong>2. Kde mohu koupit JNR Alien 10k Puffs za velkoobchodn\u00ed cenu?<\/strong><br \/>\nM\u016f\u017eete si zakoupit <strong>JNR Alien 10k Puffs<\/strong> at <strong>velkoobchodn\u00ed ceny<\/strong> p\u0159es d\u016fv\u011bryhodn\u00e9 velkoobchody s vaporiz\u00e9ry, distributory nebo online platformy specializovan\u00e9 na velkoobchodn\u00ed prodej vaporiz\u00e9r\u016f.<\/p>\n<p><strong>3. Jak pozn\u00e1m, kdy je m\u016fj JNR 10000 Puffs Smart Vape pr\u00e1zdn\u00fd?<\/strong><br \/>\nV\u00e1\u0161 <strong>JNR 10000 Vape<\/strong> m\u016f\u017ee b\u00fdt pr\u00e1zdn\u00fd, pokud zaznamen\u00e1te sp\u00e1lenou nebo nep\u0159\u00edjemnou chu\u0165, sn\u00ed\u017eenou produkci par, nebo za\u0159\u00edzen\u00ed ji\u017e nereaguje p\u0159i pou\u017eit\u00ed.<\/p>\n<p><strong>4. Jak dlouho vydr\u017e\u00ed chu\u0165 v jednor\u00e1zov\u00e9m vaporiz\u00e9ru JNR 10000?<\/strong><br \/>\nChu\u0165 v <strong>JNR Alien 10000<\/strong> z\u016fst\u00e1v\u00e1 konzistentn\u00ed a uspokojiv\u00e1 po celou dobu jeho pln\u00e9ho <strong>10 000 potah\u016f<\/strong>, co\u017e zaji\u0161\u0165uje \u017e\u00e1dn\u00e9 kompromisy v chuti.<\/p>\n<p><strong>5. Jak\u00e9 jsou obl\u00edben\u00e9 p\u0159\u00edchut\u011b pro jednor\u00e1zov\u00fd vaporiz\u00e9r JNR Alien 10k Puffs?<\/strong><br \/>\nNejlep\u0161\u00ed p\u0159\u00edchut\u011b pro <strong>JNR Alien 10k Puffs<\/strong> zahrnuj\u00ed Mango Ice, Jahoda Meloun, Bor\u016fvka Malina a Chladn\u00e1 m\u00e1ta, kter\u00e9 vyhovuj\u00ed r\u016fzn\u00fdm preferenc\u00edm.<\/p>\n<p><strong>6. Kolik pot\u00e1hnut\u00ed poskytuje JNR 10000 Vape?<\/strong><br \/>\nTento <strong>JNR Alien 10k Vape<\/strong> nab\u00edz\u00ed <strong>10 000 potah\u016f<\/strong>, co\u017e z n\u011bj \u010din\u00ed dlouhotrvaj\u00edc\u00ed a pohodlnou volbu pro intenzivn\u00ed i p\u0159\u00edle\u017eitostn\u00e9 vapery.<\/p>\n<p><strong>Jak dlouho trv\u00e1 nabit\u00ed dob\u00edjec\u00edho vapu JNR 30000 Puffs?<\/strong><br \/>\nTento <strong>JNR 10000 Puffs Vape<\/strong> se pln\u011b nabije za p\u0159ibli\u017en\u011b <strong>1 a\u017e 1,5 hodiny<\/strong>, d\u00edky sv\u00e9 efektivn\u00ed <strong>nab\u00edjec\u00edho portu typu C<\/strong>.<\/p>\n<\/div>\n<\/div>\n<\/div>\n<\/div>\n<\/div>\n<\/div>\n<\/div>\n<\/div>\n<\/div>\n<\/div>\n<div class=\"group\/conversation-turn relative flex w-full min-w-0 flex-col agent-turn\">\n<div class=\"flex-col gap-1 md:gap-3\">\n<div class=\"flex max-w-full flex-col flex-grow\">\n<div class=\"min-h-8 text-message flex w-full flex-col items-end gap-2 whitespace-normal break-words [.text-message+&amp;]:mt-5\" dir=\"auto\" data-message-author-role=\"assistant\" data-message-id=\"a3dc01bd-23b0-4fd7-bb9a-7827522cefd8\" data-message-model-slug=\"gpt-4o\">\n<div class=\"flex w-full flex-col gap-1 empty:hidden first:pt-[3px]\"><\/div>\n<\/div>\n<\/div>\n<\/div>\n<\/div>\n<\/div>\n<\/div>\n<\/div>\n<\/div>\n<\/div>\n<\/div>\n<\/div>\n<\/div>\n<\/div>\n<\/div>\n<h3>O p\u0159eprav\u011b<\/h3>\n<div class=\"flex-shrink-0 flex flex-col relative items-end\">\n<div>\n<div class=\"pt-0\">\n<div class=\"gizmo-bot-avatar flex h-8 w-8 items-center justify-center overflow-hidden rounded-full\">\n<div><\/div>\n<div class=\"relative p-1 rounded-sm flex items-center justify-center bg-token-main-surface-primary text-token-text-primary h-8 w-8\"><strong>1. Jak\u00e9 zp\u016fsoby dopravy se pou\u017e\u00edvaj\u00ed?<\/strong><\/div>\n<\/div>\n<\/div>\n<\/div>\n<\/div>\n<div class=\"group\/conversation-turn relative flex w-full min-w-0 flex-col agent-turn\">\n<div class=\"flex-col gap-1 md:gap-3\">\n<div class=\"flex max-w-full flex-col flex-grow\">\n<div class=\"min-h-[20px] text-message flex w-full flex-col items-end gap-2 whitespace-normal break-words [.text-message+&amp;]:mt-5 overflow-x-auto\" dir=\"auto\" data-message-author-role=\"assistant\" data-message-id=\"22f8283b-3233-46ff-89a5-c7a41b33abda\">\n<div class=\"flex w-full flex-col gap-1 empty:hidden first:pt-[3px]\">\n<div class=\"markdown prose w-full break-words dark:prose-invert light\">\n<p>Spolupracujeme s UPS, DHL, FedEx, DPD a dal\u0161\u00edmi p\u0159edn\u00edmi p\u0159epravci. Vybereme nejlep\u0161\u00ed zp\u016fsob dopravy na z\u00e1klad\u011b va\u0161\u00ed doru\u010dovac\u00ed lokality, abychom zajistili, \u017ee sv\u00e9 produkty obdr\u017e\u00edte co nejrychleji.<\/p>\n<\/div>\n<p><strong>2. Jak dlouho trv\u00e1 doru\u010den\u00ed?<\/strong><\/p>\n<p>Bal\u00ed\u010dky odeslan\u00e9 do \u010cesk\u00e9 republiky obvykle doraz\u00ed do 10 pracovn\u00edch dn\u016f. P\u0159eprava do evropsk\u00fdch zem\u00ed obecn\u011b trv\u00e1 asi 12-15 pracovn\u00edch dn\u016f. O stavu va\u0161\u00ed z\u00e1silky v\u00e1s budeme pr\u016fb\u011b\u017en\u011b informovat.<\/p>\n<\/div>\n<\/div>\n<\/div>\n<\/div>\n<\/div>\n<p>&nbsp;<\/p>\n<p>Naj\u00edt v\u00edce produkt\u016f pro vaping, kter\u00e9 by se v\u00e1m mohly l\u00edbit:<strong><em><a href=\"https:\/\/rmvapesale.com\/cs\/shop-2\/\">nakupujte nyn\u00ed &gt;&gt;&gt;<\/a><\/em><\/strong><\/p>","protected":false},"excerpt":{"rendered":"<p>Tento <strong>JNR Alien 10000 potah\u016f dob\u00edjec\u00ed jednor\u00e1zov\u00fd vaporiz\u00e9r<\/strong> je navr\u017een pro ty, kte\u0159\u00ed up\u0159ednost\u0148uj\u00ed pohodl\u00ed i v\u00fdkon. S p\u0159edpln\u011bnou <strong>kapacitou 20 ml e-liquidu<\/strong>nab\u00edz\u00ed toto za\u0159\u00edzen\u00ed a\u017e <strong>10 000 potah\u016f<\/strong>zaji\u0161\u0165uj\u00edc\u00edch del\u0161\u00ed vapov\u00e1n\u00ed bez \u010dast\u00fdch v\u00fdm\u011bn.<\/p>\n<p><img loading=\"lazy\" decoding=\"async\" class=\"size-full wp-image-2375\" src=\"https:\/\/rmvapesale.com\/wp-content\/uploads\/2024\/10\/image.png\" alt=\"Nejlep\u0161\u00ed jednor\u00e1zov\u00e1 e-cigareta\" width=\"229\" height=\"300\" \/><\/p>\n<h3><a href=\"https:\/\/wa.me\/8617776015835\"><span style=\"color: #ff0000\"><strong>WhatsApp: +86 17776015835<\/strong><\/span><\/a><\/h3>\n<p>&nbsp;<\/p>","protected":false},"featured_media":2762,"comment_status":"open","ping_status":"closed","template":"","meta":{"_uag_custom_page_level_css":"","_lmt_disableupdate":"no","_lmt_disable":"","site-sidebar-layout":"default","site-content-layout":"content-boxed-container","ast-site-content-layout":"normal-width-container","site-content-style":"boxed","site-sidebar-style":"unboxed","ast-global-header-display":"","ast-banner-title-visibility":"","ast-main-header-display":"","ast-hfb-above-header-display":"","ast-hfb-below-header-display":"","ast-hfb-mobile-header-display":"","site-post-title":"","ast-breadcrumbs-content":"","ast-featured-img":"","footer-sml-layout":"","ast-disable-related-posts":"","theme-transparent-header-meta":"default","adv-header-id-meta":"","stick-header-meta":"","header-above-stick-meta":"","header-main-stick-meta":"","header-below-stick-meta":"","astra-migrate-meta-layouts":"set","ast-page-background-enabled":"default","ast-page-background-meta":{"desktop":{"background-color":"var(--ast-global-color-4)","background-image":"","background-repeat":"repeat","background-position":"center center","background-size":"auto","background-attachment":"scroll","background-type":"","background-media":"","overlay-type":"","overlay-color":"","overlay-opacity":"","overlay-gradient":""},"tablet":{"background-color":"","background-image":"","background-repeat":"repeat","background-position":"center center","background-size":"auto","background-attachment":"scroll","background-type":"","background-media":"","overlay-type":"","overlay-color":"","overlay-opacity":"","overlay-gradient":""},"mobile":{"background-color":"","background-image":"","background-repeat":"repeat","background-position":"center center","background-size":"auto","background-attachment":"scroll","background-type":"","background-media":"","overlay-type":"","overlay-color":"","overlay-opacity":"","overlay-gradient":""}},"ast-content-background-meta":{"desktop":{"background-color":"var(--ast-global-color-5)","background-image":"","background-repeat":"repeat","background-position":"center center","background-size":"auto","background-attachment":"scroll","background-type":"","background-media":"","overlay-type":"","overlay-color":"","overlay-opacity":"","overlay-gradient":""},"tablet":{"background-color":"var(--ast-global-color-5)","background-image":"","background-repeat":"repeat","background-position":"center center","background-size":"auto","background-attachment":"scroll","background-type":"","background-media":"","overlay-type":"","overlay-color":"","overlay-opacity":"","overlay-gradient":""},"mobile":{"background-color":"var(--ast-global-color-5)","background-image":"","background-repeat":"repeat","background-position":"center center","background-size":"auto","background-attachment":"scroll","background-type":"","background-media":"","overlay-type":"","overlay-color":"","overlay-opacity":"","overlay-gradient":""}},"_joinchat":[]},"product_brand":[],"product_cat":[15,27,25,123,30,26,28,137,136,135],"product_tag":[223,224,205],"class_list":{"0":"post-2767","1":"product","2":"type-product","3":"status-publish","4":"has-post-thumbnail","6":"product_cat-new-vape-this-week","7":"product_cat-fance-hot-sale-vape","8":"product_cat-germany-best-selling-vape","9":"product_cat-italy-wholesale-vape","10":"product_cat-minimum-order-quantity-50pcs","11":"product_cat-netherlands-hot-sale-vape","12":"product_cat-poland-hot-sale-vape","13":"product_cat-rechargeable-vapes","14":"product_cat-smart-screen-vapes","15":"product_cat-spain-best-hot-sale-vape","16":"product_tag-jnr","17":"product_tag-jnr-10000","18":"product_tag-jnr-vape","19":"desktop-align-left","20":"tablet-align-left","21":"mobile-align-left","23":"first","24":"instock","25":"sale","26":"shipping-taxable","27":"purchasable","28":"product-type-simple"},"uagb_featured_image_src":{"full":["https:\/\/rmvapesale.com\/wp-content\/uploads\/2024\/11\/JNR-Alien-10000-Puffs-Bulk-Price.png",800,800,false],"thumbnail":["https:\/\/rmvapesale.com\/wp-content\/uploads\/2024\/11\/JNR-Alien-10000-Puffs-Bulk-Price-150x150.png",150,150,true],"medium":["https:\/\/rmvapesale.com\/wp-content\/uploads\/2024\/11\/JNR-Alien-10000-Puffs-Bulk-Price-300x300.png",300,300,true],"medium_large":["https:\/\/rmvapesale.com\/wp-content\/uploads\/2024\/11\/JNR-Alien-10000-Puffs-Bulk-Price-768x768.png",768,768,true],"large":["https:\/\/rmvapesale.com\/wp-content\/uploads\/2024\/11\/JNR-Alien-10000-Puffs-Bulk-Price.png",800,800,false],"1536x1536":["https:\/\/rmvapesale.com\/wp-content\/uploads\/2024\/11\/JNR-Alien-10000-Puffs-Bulk-Price.png",800,800,false],"2048x2048":["https:\/\/rmvapesale.com\/wp-content\/uploads\/2024\/11\/JNR-Alien-10000-Puffs-Bulk-Price.png",800,800,false],"trp-custom-language-flag":["https:\/\/rmvapesale.com\/wp-content\/uploads\/2024\/11\/JNR-Alien-10000-Puffs-Bulk-Price.png",12,12,false],"woocommerce_thumbnail":["https:\/\/rmvapesale.com\/wp-content\/uploads\/2024\/11\/JNR-Alien-10000-Puffs-Bulk-Price-300x300.png",300,300,true],"woocommerce_single":["https:\/\/rmvapesale.com\/wp-content\/uploads\/2024\/11\/JNR-Alien-10000-Puffs-Bulk-Price-600x600.png",600,600,true],"woocommerce_gallery_thumbnail":["https:\/\/rmvapesale.com\/wp-content\/uploads\/2024\/11\/JNR-Alien-10000-Puffs-Bulk-Price-100x100.png",100,100,true],"wcpr-photo-reviews":["https:\/\/rmvapesale.com\/wp-content\/uploads\/2024\/11\/JNR-Alien-10000-Puffs-Bulk-Price.png",500,500,false]},"uagb_author_info":{"display_name":"AMY","author_link":"https:\/\/rmvapesale.com\/cs\/author\/"},"uagb_comment_info":0,"uagb_excerpt":"The JNR Alien 10000 Puffs Rechargeable Disposable Vape is engineered for those who prioritize both convenience and performance. With a pre-filled 20ml e-liquid capacity, this device offers up to 10,000 puffs, ensuring extended vaping sessions without frequent replacements. WhatsApp: +86 17776015835 &nbsp;","_links":{"self":[{"href":"https:\/\/rmvapesale.com\/cs\/wp-json\/wp\/v2\/product\/2767","targetHints":{"allow":["GET"]}}],"collection":[{"href":"https:\/\/rmvapesale.com\/cs\/wp-json\/wp\/v2\/product"}],"about":[{"href":"https:\/\/rmvapesale.com\/cs\/wp-json\/wp\/v2\/types\/product"}],"replies":[{"embeddable":true,"href":"https:\/\/rmvapesale.com\/cs\/wp-json\/wp\/v2\/comments?post=2767"}],"wp:featuredmedia":[{"embeddable":true,"href":"https:\/\/rmvapesale.com\/cs\/wp-json\/wp\/v2\/media\/2762"}],"wp:attachment":[{"href":"https:\/\/rmvapesale.com\/cs\/wp-json\/wp\/v2\/media?parent=2767"}],"wp:term":[{"taxonomy":"product_brand","embeddable":true,"href":"https:\/\/rmvapesale.com\/cs\/wp-json\/wp\/v2\/product_brand?post=2767"},{"taxonomy":"product_cat","embeddable":true,"href":"https:\/\/rmvapesale.com\/cs\/wp-json\/wp\/v2\/product_cat?post=2767"},{"taxonomy":"product_tag","embeddable":true,"href":"https:\/\/rmvapesale.com\/cs\/wp-json\/wp\/v2\/product_tag?post=2767"}],"curies":[{"name":"wp","href":"https:\/\/api.w.org\/{rel}","templated":true}]}}