{"id":2776,"date":"2024-11-22T08:14:08","date_gmt":"2024-11-22T08:14:08","guid":{"rendered":"https:\/\/rmvapesale.com\/?post_type=product&#038;p=2776"},"modified":"2024-11-27T02:39:49","modified_gmt":"2024-11-27T02:39:49","slug":"jnr-vapewatch-30000-smart-phone-vapes-wholesale-cheap-price","status":"publish","type":"product","link":"https:\/\/rmvapesale.com\/cs\/product\/jnr-vapewatch-30000-smart-phone-vapes-wholesale-cheap-price\/","title":{"rendered":"JNR Vapewatch 30000 chytr\u00e9 telefonn\u00ed vapy velkoobchod levn\u00e1 cena"},"content":{"rendered":"<div class=\"B2VR9 CJHX3e\">\n<div class=\"wyccme\">\n<h1 class=\"LC20lb MBeuO DKV0Md\">JNR Vapewatch 30000 chytr\u00e9 telefonn\u00ed vapy velkoobchod levn\u00e1 cena<\/h1>\n<div class=\"flex-shrink-0 flex flex-col relative items-end\">\n<div class=\"pt-0\">\n<div class=\"gizmo-bot-avatar flex h-8 w-8 items-center justify-center overflow-hidden rounded-full\">\n<div class=\"relative p-1 rounded-sm flex items-center justify-center bg-token-main-surface-primary text-token-text-primary h-8 w-8\">\n<p>Pozvedn\u011bte sv\u016fj z\u00e1\u017eitek z vapov\u00e1n\u00ed s <strong>JNR VapeWatch 30000 Chytr\u00e9 mobiln\u00ed vaporiz\u00e9ry<\/strong>dokonal\u00fdm spojen\u00edm \u0161pi\u010dkov\u00e9ho designu a pokro\u010dil\u00e9 funk\u010dnosti. S <strong>odn\u00edmateln\u00fdm digit\u00e1ln\u00edm dotykov\u00fdm displejem<\/strong>slou\u017e\u00ed tento vaporiz\u00e9r tak\u00e9 jako chytr\u00e9 hodinky, kter\u00e9 nab\u00edzej\u00ed <strong>upozorn\u011bn\u00ed na hovory a textov\u00e9 zpr\u00e1vy<\/strong>, <strong>re\u017eim z\u00e1mku<\/strong>, a <strong>funkce Najd\u011bte si sv\u016fj Vape<\/strong>. Re\u017eim <strong>Standardn\u00ed re\u017eim<\/strong> poskytuje neuv\u011b\u0159iteln\u00fdch <strong>30 000 pot\u00e1hnut\u00ed<\/strong>, zat\u00edmco <strong>Re\u017eim Pulse<\/strong> nab\u00edz\u00ed <strong>18 000 pot\u00e1hnut\u00ed<\/strong>, co\u017e je ide\u00e1ln\u00ed pro dlouhodob\u00e9 pou\u017e\u00edv\u00e1n\u00ed. Vyrobeno s <strong>5% nikotinovou e-liquid n\u00e1pln\u00ed<\/strong>, poskytuje uspokojuj\u00edc\u00ed a chutn\u00fd z\u00e1\u017eitek p\u0159i ka\u017ed\u00e9m pot\u00e1hnut\u00ed. A\u0165 u\u017e jste za\u010d\u00e1te\u010dn\u00edk nebo zku\u0161en\u00fd vaper, toto inovativn\u00ed za\u0159\u00edzen\u00ed je \u0161ito na m\u00edru pro hladk\u00fd a p\u0159\u00edjemn\u00fd z\u00e1\u017eitek z <strong>vapov\u00e1n\u00ed MTL<\/strong>.<\/p>\n<p>Velkoobchodn\u00edci si zamiluj\u00ed v\u0161estrannost a pr\u00e9miov\u00e9 funkce <strong>JNR VapeWatch 30000<\/strong>. S chytr\u00fdm ovl\u00e1d\u00e1n\u00edm p\u0159es aplikaci m\u016f\u017eete sledovat sv\u00e9 pou\u017e\u00edv\u00e1n\u00ed, p\u0159izp\u016fsobit nastaven\u00ed a odemknout skute\u010dn\u011b personalizovan\u00fd z\u00e1\u017eitek z vapov\u00e1n\u00ed. Jeho <strong>d\u00e1lkov\u00e9 ovl\u00e1d\u00e1n\u00ed kamery<\/strong> dod\u00e1v\u00e1 za\u0159\u00edzen\u00ed z\u00e1bavnou, jedine\u010dnou funkcionalitu, zat\u00edmco jeho elegantn\u00ed design z n\u011bj d\u011bl\u00e1 t\u00e9ma konverzace. Tento vape je k dispozici ve velk\u00e9m, a je vynikaj\u00edc\u00ed volbou pro prodejce a distributory, kte\u0159\u00ed hledaj\u00ed to nejnov\u011bj\u0161\u00ed v technologii jednor\u00e1zov\u00fdch vape. Z\u016fsta\u0148te nap\u0159ed p\u0159ed trhem s t\u00edmto pr\u016fkopnick\u00fdm za\u0159\u00edzen\u00edm.<\/p>\n<\/div>\n<\/div>\n<\/div>\n<\/div>\n<\/div>\n<\/div>\n<p><strong>Kontaktujte Amy a z\u00edskejte spr\u00e1vnou odpov\u011b\u010f a kup\u00f3n na vape!<\/strong><\/p>\n<p><img loading=\"lazy\" decoding=\"async\" class=\"size-full wp-image-1978\" src=\"https:\/\/rmvapesale.com\/wp-content\/uploads\/2024\/09\/Disposable-Vape-Wholesale.jpg\" alt=\"Jednor\u00e1zov\u00e1 e-cigareta velkoobchod\" width=\"229\" height=\"300\" \/><\/p>\n<h3><a href=\"https:\/\/wa.me\/8617776015835\" target=\"_blank\" rel=\"noopener\"><span style=\"color: #ff0000\"><strong>WhatsApp: +86 17776015835<\/strong><\/span><\/a><\/h3>\n<p>&nbsp;<\/p>\n<h2><\/h2>\n<h2><strong>JNR Vapewatch 30000 Pot\u00e1hnut\u00ed \u2013 Kl\u00ed\u010dov\u00e9 funkce<\/strong><\/h2>\n<ul>\n<li><strong>30 000 pot\u00e1hnut\u00ed v norm\u00e1ln\u00edm re\u017eimu<\/strong>, 18 000 v re\u017eimu Pulse.<\/li>\n<li><strong>Funkce chytr\u00fdch hodinek<\/strong>, v\u010detn\u011b upozorn\u011bn\u00ed na hovory a zpr\u00e1vy.<\/li>\n<li><strong>5% nikotinovou e-liquid n\u00e1pln\u00ed<\/strong>, ide\u00e1ln\u00ed pro plynul\u00e9 MTL vapov\u00e1n\u00ed.<\/li>\n<li><strong>funkce Najd\u011bte si sv\u016fj Vape<\/strong> pro v\u011bt\u0161\u00ed pohodl\u00ed.<\/li>\n<li><strong>Nastaven\u00ed ovl\u00e1dan\u00e9 aplikac\u00ed<\/strong> pro personalizovan\u00fd z\u00e1\u017eitek.<\/li>\n<\/ul>\n<h2><strong>Nejlep\u0161\u00ed p\u0159\u00edchu\u0165 pro JNR Vapewatch 30000<\/strong><\/h2>\n<p>1. Modr\u00e1 malina led <span style=\"color: #ff0000\"><strong>&gt;&gt;&gt;&gt; Hork\u00e9!<\/strong><\/span><br \/>\n2.Jahodov\u00e1 zmrzlina<br \/>\n3.Melounov\u00e1 zmrzlina<br \/>\n4.Miami Mint <span style=\"color: #ff0000\"><strong>&gt;&gt;&gt;&gt; Hork\u00e9!<\/strong><\/span><br \/>\n5.Jahoda Ban\u00e1n<br \/>\n6.Trojit\u00e9 bobule <span style=\"color: #ff0000\"><strong>&gt;&gt;&gt;&gt; Nejlep\u0161\u00ed!<\/strong><\/span><br \/>\n7.Kysel\u00e1 jable\u010dn\u00e1 zmrzlina<br \/>\n8.Bor\u016fvkov\u00fd meloun<br \/>\n9.Broskev z Georgie<br \/>\n10.Pomeran\u010dov\u00e9 mango<\/p>\n<h3><strong>Pro\u010d si vybrat Rmvapesale pro JNR Vapewatch 30000 Puffs <\/strong><strong>V<\/strong><strong>ape Velkoobchod<\/strong><strong>?<\/strong><\/h3>\n<div class=\"flex-shrink-0 flex flex-col relative items-end\">\n<div class=\"pt-0\">\n<div class=\"gizmo-bot-avatar flex h-8 w-8 items-center justify-center overflow-hidden rounded-full\">\n<div class=\"relative p-1 rounded-sm flex items-center justify-center bg-token-main-surface-primary text-token-text-primary h-8 w-8\">\n<p>V\u00edtejte v Rmvapesale, va\u0161em d\u016fv\u011bryhodn\u00e9m obchod\u011b s pr\u00e9miov\u00fdmi jednor\u00e1zov\u00fdmi vapovac\u00edmi p\u0159\u00edstroji. S v\u00edce ne\u017e 5 lety odborn\u00fdch zku\u0161enost\u00ed v\u00e1m p\u0159in\u00e1\u0161\u00edme obl\u00edben\u00e9 zna\u010dky jednor\u00e1zov\u00fdch vapovac\u00edch p\u0159\u00edstroj\u016f, jako jsou Al Fakher, Vapme Vape, <a href=\"https:\/\/rmvapesale.com\/cs\/product-category\/bang-vapes\/\">Bang Vape<\/a>, Waspe, WGA Vape a<a href=\"https:\/\/rmvapesale.com\/cs\/product-category\/randm-fumot-vape\/\"> RandM Vape<\/a>.<\/p>\n<p>N\u00e1\u0161 sortiment zahrnuje \u017ehav\u00e9 prodejn\u00ed kousky jako <a href=\"https:\/\/rmvapesale.com\/cs\/product\/randm-tornado-15000-puffs-vape-wholesale\/\">RandM Tornado 15000<\/a> a chut\u00ed bohat\u00e9 volby jako Vapme 70000. Ka\u017ed\u00fd produkt je vyb\u00edr\u00e1n s d\u016frazem na kvalitu, hodnotu a rozmanitost, co\u017e zaru\u010duje, \u017ee najdete perfektn\u00ed shodu pro va\u0161e pot\u0159eby. Objevte v\u00fdjime\u010dn\u00e9 slu\u017eby a \u0161irokou \u0161k\u00e1lu \u0161pi\u010dkov\u00fdch produkt\u016f v Rmvapesale.<\/p>\n<\/div>\n<h3><\/h3>\n<div class=\"relative p-1 rounded-sm flex items-center justify-center bg-token-main-surface-primary text-token-text-primary h-8 w-8\">\n<h3><b> FAQS pro <\/b><b>Alien JNR Vapewatch 30000 Dob\u00edjec\u00ed jednor\u00e1zov\u00fd Vape<\/b><\/h3>\n<div class=\"group\/conversation-turn relative flex w-full min-w-0 flex-col agent-turn\">\n<div class=\"flex-col gap-1 md:gap-3\">\n<div class=\"flex max-w-full flex-col flex-grow\">\n<div class=\"min-h-8 text-message flex w-full flex-col items-end gap-2 whitespace-normal break-words [.text-message+&amp;]:mt-5\" dir=\"auto\" data-message-author-role=\"assistant\" data-message-id=\"00c9b302-bc9c-4550-94ba-5a295efa2be3\" data-message-model-slug=\"gpt-4o\">\n<div class=\"flex w-full flex-col gap-1 empty:hidden first:pt-[3px]\">\n<div class=\"markdown prose w-full break-words dark:prose-invert light\">\n<div class=\"flex-shrink-0 flex flex-col relative items-end\">\n<div>\n<div class=\"pt-0\">\n<div class=\"gizmo-bot-avatar flex h-8 w-8 items-center justify-center overflow-hidden rounded-full\">\n<div class=\"relative p-1 rounded-sm flex items-center justify-center bg-token-main-surface-primary text-token-text-primary h-8 w-8\">\n<div class=\"flex-shrink-0 flex flex-col relative items-end\">\n<div>\n<div class=\"pt-0\">\n<div class=\"gizmo-bot-avatar flex h-8 w-8 items-center justify-center overflow-hidden rounded-full\">\n<div class=\"relative p-1 rounded-sm flex items-center justify-center bg-token-main-surface-primary text-token-text-primary h-8 w-8\">\n<ul>\n<li><strong>Kde v \u010cesk\u00e9 republice mohu online koupit chytr\u00fd telefon JNR VapeWatch 30000 Vape?<\/strong><br \/>\nM\u016f\u017eete si zakoupit <strong>JNR VapeWatch 30000<\/strong> chytr\u00fd telefon Vape od r\u016fzn\u00fdch online prodejc\u016f, kte\u0159\u00ed se specializuj\u00ed na <strong>velkoobchod s vapov\u00e1n\u00edm<\/strong> nebo jednor\u00e1zov\u00e9 v\u00fdrobky pro vapov\u00e1n\u00ed. Nezapome\u0148te zkontrolovat m\u00edstn\u00ed online obchody s vapov\u00e1n\u00edm nebo platformy, kter\u00e9 se zam\u011b\u0159uj\u00ed na \u010desk\u00fd trh, abyste zjistili dostupnost.<\/li>\n<li><strong>Jak\u00e9 je nejv\u011bt\u0161\u00ed mno\u017estv\u00ed potah\u016f u jednor\u00e1zov\u00fdch vap\u016f JNR VapeWatch 33K?<\/strong><br \/>\nJNR VapeWatch poskytuje a\u017e <strong>30 000 pot\u00e1hnut\u00ed<\/strong> in <strong>Standardn\u00ed re\u017eim<\/strong>, co\u017e je nejvy\u0161\u0161\u00ed po\u010det potah\u016f pro toto za\u0159\u00edzen\u00ed. (Pozn\u00e1mka: 33K m\u016f\u017ee b\u00fdt p\u0159eklep nebo nespr\u00e1vn\u00e1 informace, proto\u017ee za\u0159\u00edzen\u00ed m\u00e1 maxim\u00e1ln\u011b 30K potah\u016f.)<\/li>\n<li><strong>Jak\u00e1 je obl\u00edben\u00e1 p\u0159\u00edchu\u0165 pro jednor\u00e1zov\u00e9 vape pero JNR VapeWatch 30000 Puffs?<\/strong><br \/>\nMezi obl\u00edben\u00e9 p\u0159\u00edchut\u011b pro JNR VapeWatch 30000 pat\u0159\u00ed <strong>Blue Razz Ice<\/strong>, <strong>Strawberry Ice<\/strong>, a <strong>Grape Ice<\/strong>, kter\u00e9 jsou zn\u00e1m\u00e9 svou v\u00fdraznou, osv\u011b\u017euj\u00edc\u00ed chut\u00ed a hladk\u00fdm dod\u00e1n\u00edm nikotinu.<\/li>\n<li><strong>Jak dlouho trv\u00e1 nabit\u00ed dob\u00edjec\u00edho vapu JNR 30000 Puffs?<\/strong><br \/>\nDoba nab\u00edjen\u00ed pro <strong>JNR VapeWatch 30000<\/strong> obvykle z\u00e1vis\u00ed na jeho <strong>dob\u00edjec\u00ed baterii typu C<\/strong> a kapacit\u011b nab\u00edje\u010dky. Obvykle to trv\u00e1 p\u0159ibli\u017en\u011b <strong>1,5 a\u017e 2 hodiny<\/strong> pro pln\u00e9 nabit\u00ed.<\/li>\n<li><strong>Kolik nikotinu je v jednor\u00e1zov\u00e9m vapu JNR 30K?<\/strong><br \/>\nJednor\u00e1zov\u00fd vape JNR 30K obsahuje <strong>5% s\u00edlu nikotinu (50mg\/ml)<\/strong>, zaji\u0161\u0165uj\u00edc\u00ed siln\u00fd a uspokojiv\u00fd z\u00e1sah pro u\u017eivatele.<\/li>\n<\/ul>\n<\/div>\n<\/div>\n<\/div>\n<\/div>\n<\/div>\n<\/div>\n<\/div>\n<\/div>\n<\/div>\n<\/div>\n<div class=\"group\/conversation-turn relative flex w-full min-w-0 flex-col agent-turn\">\n<div class=\"flex-col gap-1 md:gap-3\">\n<div class=\"flex max-w-full flex-col flex-grow\">\n<div class=\"min-h-8 text-message flex w-full flex-col items-end gap-2 whitespace-normal break-words [.text-message+&amp;]:mt-5\" dir=\"auto\" data-message-author-role=\"assistant\" data-message-id=\"a3dc01bd-23b0-4fd7-bb9a-7827522cefd8\" data-message-model-slug=\"gpt-4o\">\n<div class=\"flex w-full flex-col gap-1 empty:hidden first:pt-[3px]\"><\/div>\n<\/div>\n<\/div>\n<\/div>\n<\/div>\n<\/div>\n<\/div>\n<\/div>\n<\/div>\n<\/div>\n<\/div>\n<\/div>\n<\/div>\n<\/div>\n<\/div>\n<h3>O p\u0159eprav\u011b<\/h3>\n<div class=\"flex-shrink-0 flex flex-col relative items-end\">\n<div>\n<div class=\"pt-0\">\n<div class=\"gizmo-bot-avatar flex h-8 w-8 items-center justify-center overflow-hidden rounded-full\">\n<div><\/div>\n<div class=\"relative p-1 rounded-sm flex items-center justify-center bg-token-main-surface-primary text-token-text-primary h-8 w-8\"><strong>1. Jak\u00e9 zp\u016fsoby dopravy se pou\u017e\u00edvaj\u00ed?<\/strong><\/div>\n<\/div>\n<\/div>\n<\/div>\n<\/div>\n<div class=\"group\/conversation-turn relative flex w-full min-w-0 flex-col agent-turn\">\n<div class=\"flex-col gap-1 md:gap-3\">\n<div class=\"flex max-w-full flex-col flex-grow\">\n<div class=\"min-h-[20px] text-message flex w-full flex-col items-end gap-2 whitespace-normal break-words [.text-message+&amp;]:mt-5 overflow-x-auto\" dir=\"auto\" data-message-author-role=\"assistant\" data-message-id=\"22f8283b-3233-46ff-89a5-c7a41b33abda\">\n<div class=\"flex w-full flex-col gap-1 empty:hidden first:pt-[3px]\">\n<div class=\"markdown prose w-full break-words dark:prose-invert light\">\n<p>Spolupracujeme s UPS, DHL, FedEx, DPD a dal\u0161\u00edmi p\u0159edn\u00edmi p\u0159epravci. Vybereme nejlep\u0161\u00ed zp\u016fsob dopravy na z\u00e1klad\u011b va\u0161\u00ed doru\u010dovac\u00ed lokality, abychom zajistili, \u017ee sv\u00e9 produkty obdr\u017e\u00edte co nejrychleji.<\/p>\n<\/div>\n<p><strong>2. Jak dlouho trv\u00e1 doru\u010den\u00ed?<\/strong><\/p>\n<p>Bal\u00ed\u010dky odeslan\u00e9 do \u010cesk\u00e9 republiky obvykle doraz\u00ed do 10 pracovn\u00edch dn\u016f. P\u0159eprava do evropsk\u00fdch zem\u00ed obecn\u011b trv\u00e1 asi 12-15 pracovn\u00edch dn\u016f. O stavu va\u0161\u00ed z\u00e1silky v\u00e1s budeme pr\u016fb\u011b\u017en\u011b informovat.<\/p>\n<\/div>\n<\/div>\n<\/div>\n<\/div>\n<\/div>\n<p>&nbsp;<\/p>\n<p>Naj\u00edt v\u00edce produkt\u016f pro vaping, kter\u00e9 by se v\u00e1m mohly l\u00edbit:<strong><em><a href=\"https:\/\/rmvapesale.com\/cs\/shop-2\/\">nakupujte nyn\u00ed &gt;&gt;&gt;<\/a><\/em><\/strong><\/p>","protected":false},"excerpt":{"rendered":"<p>Tento <strong>JNR Alien 10000 potah\u016f dob\u00edjec\u00ed jednor\u00e1zov\u00fd vaporiz\u00e9r<\/strong> je navr\u017een pro ty, kte\u0159\u00ed up\u0159ednost\u0148uj\u00ed pohodl\u00ed i v\u00fdkon. S p\u0159edpln\u011bnou <strong>kapacitou 20 ml e-liquidu<\/strong>nab\u00edz\u00ed toto za\u0159\u00edzen\u00ed a\u017e <strong>10 000 potah\u016f<\/strong>zaji\u0161\u0165uj\u00edc\u00edch del\u0161\u00ed vapov\u00e1n\u00ed bez \u010dast\u00fdch v\u00fdm\u011bn.<\/p>\n<p><img loading=\"lazy\" decoding=\"async\" class=\"size-full wp-image-2375\" src=\"https:\/\/rmvapesale.com\/wp-content\/uploads\/2024\/10\/image.png\" alt=\"Nejlep\u0161\u00ed jednor\u00e1zov\u00e1 e-cigareta\" width=\"229\" height=\"300\" \/><\/p>\n<h3><a href=\"https:\/\/wa.me\/8617776015835\"><span style=\"color: #ff0000\"><strong>WhatsApp: +86 17776015835<\/strong><\/span><\/a><\/h3>\n<p>&nbsp;<\/p>","protected":false},"featured_media":2793,"comment_status":"open","ping_status":"closed","template":"","meta":{"_uag_custom_page_level_css":"","_lmt_disableupdate":"no","_lmt_disable":"","site-sidebar-layout":"default","site-content-layout":"content-boxed-container","ast-site-content-layout":"normal-width-container","site-content-style":"boxed","site-sidebar-style":"unboxed","ast-global-header-display":"","ast-banner-title-visibility":"","ast-main-header-display":"","ast-hfb-above-header-display":"","ast-hfb-below-header-display":"","ast-hfb-mobile-header-display":"","site-post-title":"","ast-breadcrumbs-content":"","ast-featured-img":"","footer-sml-layout":"","theme-transparent-header-meta":"default","adv-header-id-meta":"","stick-header-meta":"","header-above-stick-meta":"","header-main-stick-meta":"","header-below-stick-meta":"","astra-migrate-meta-layouts":"set","ast-page-background-enabled":"default","ast-page-background-meta":{"desktop":{"background-color":"var(--ast-global-color-4)","background-image":"","background-repeat":"repeat","background-position":"center center","background-size":"auto","background-attachment":"scroll","background-type":"","background-media":"","overlay-type":"","overlay-color":"","overlay-opacity":"","overlay-gradient":""},"tablet":{"background-color":"","background-image":"","background-repeat":"repeat","background-position":"center center","background-size":"auto","background-attachment":"scroll","background-type":"","background-media":"","overlay-type":"","overlay-color":"","overlay-opacity":"","overlay-gradient":""},"mobile":{"background-color":"","background-image":"","background-repeat":"repeat","background-position":"center center","background-size":"auto","background-attachment":"scroll","background-type":"","background-media":"","overlay-type":"","overlay-color":"","overlay-opacity":"","overlay-gradient":""}},"ast-content-background-meta":{"desktop":{"background-color":"var(--ast-global-color-5)","background-image":"","background-repeat":"repeat","background-position":"center center","background-size":"auto","background-attachment":"scroll","background-type":"","background-media":"","overlay-type":"","overlay-color":"","overlay-opacity":"","overlay-gradient":""},"tablet":{"background-color":"var(--ast-global-color-5)","background-image":"","background-repeat":"repeat","background-position":"center center","background-size":"auto","background-attachment":"scroll","background-type":"","background-media":"","overlay-type":"","overlay-color":"","overlay-opacity":"","overlay-gradient":""},"mobile":{"background-color":"var(--ast-global-color-5)","background-image":"","background-repeat":"repeat","background-position":"center center","background-size":"auto","background-attachment":"scroll","background-type":"","background-media":"","overlay-type":"","overlay-color":"","overlay-opacity":"","overlay-gradient":""}},"_joinchat":[]},"product_brand":[],"product_cat":[15,25,123,26,28,135,27,137,136,30],"product_tag":[223,227,205,229,228],"class_list":{"0":"post-2776","1":"product","2":"type-product","3":"status-publish","4":"has-post-thumbnail","6":"product_cat-new-vape-this-week","7":"product_cat-germany-best-selling-vape","8":"product_cat-italy-wholesale-vape","9":"product_cat-netherlands-hot-sale-vape","10":"product_cat-poland-hot-sale-vape","11":"product_cat-spain-best-hot-sale-vape","12":"product_cat-fance-hot-sale-vape","13":"product_cat-rechargeable-vapes","14":"product_cat-smart-screen-vapes","15":"product_cat-minimum-order-quantity-50pcs","16":"product_tag-jnr","17":"product_tag-jnr-30000","18":"product_tag-jnr-vape","19":"product_tag-smart-disposable-vapes","20":"product_tag-touch-screen-vape","21":"desktop-align-left","22":"tablet-align-left","23":"mobile-align-left","25":"first","26":"instock","27":"sale","28":"shipping-taxable","29":"purchasable","30":"product-type-simple"},"uagb_featured_image_src":{"full":["https:\/\/rmvapesale.com\/wp-content\/uploads\/2024\/11\/JNR-VapeWatch-Removable-Screen-30K-Disposable-Vape.png",1126,1126,false],"thumbnail":["https:\/\/rmvapesale.com\/wp-content\/uploads\/2024\/11\/JNR-VapeWatch-Removable-Screen-30K-Disposable-Vape-150x150.png",150,150,true],"medium":["https:\/\/rmvapesale.com\/wp-content\/uploads\/2024\/11\/JNR-VapeWatch-Removable-Screen-30K-Disposable-Vape-300x300.png",300,300,true],"medium_large":["https:\/\/rmvapesale.com\/wp-content\/uploads\/2024\/11\/JNR-VapeWatch-Removable-Screen-30K-Disposable-Vape-768x768.png",768,768,true],"large":["https:\/\/rmvapesale.com\/wp-content\/uploads\/2024\/11\/JNR-VapeWatch-Removable-Screen-30K-Disposable-Vape-1024x1024.png",1024,1024,true],"1536x1536":["https:\/\/rmvapesale.com\/wp-content\/uploads\/2024\/11\/JNR-VapeWatch-Removable-Screen-30K-Disposable-Vape.png",1126,1126,false],"2048x2048":["https:\/\/rmvapesale.com\/wp-content\/uploads\/2024\/11\/JNR-VapeWatch-Removable-Screen-30K-Disposable-Vape.png",1126,1126,false],"trp-custom-language-flag":["https:\/\/rmvapesale.com\/wp-content\/uploads\/2024\/11\/JNR-VapeWatch-Removable-Screen-30K-Disposable-Vape.png",12,12,false],"woocommerce_thumbnail":["https:\/\/rmvapesale.com\/wp-content\/uploads\/2024\/11\/JNR-VapeWatch-Removable-Screen-30K-Disposable-Vape-300x300.png",300,300,true],"woocommerce_single":["https:\/\/rmvapesale.com\/wp-content\/uploads\/2024\/11\/JNR-VapeWatch-Removable-Screen-30K-Disposable-Vape-600x600.png",600,600,true],"woocommerce_gallery_thumbnail":["https:\/\/rmvapesale.com\/wp-content\/uploads\/2024\/11\/JNR-VapeWatch-Removable-Screen-30K-Disposable-Vape-100x100.png",100,100,true],"wcpr-photo-reviews":["https:\/\/rmvapesale.com\/wp-content\/uploads\/2024\/11\/JNR-VapeWatch-Removable-Screen-30K-Disposable-Vape.png",500,500,false]},"uagb_author_info":{"display_name":"AMY","author_link":"https:\/\/rmvapesale.com\/cs\/author\/"},"uagb_comment_info":0,"uagb_excerpt":"The JNR Alien 10000 Puffs Rechargeable Disposable Vape is engineered for those who prioritize both convenience and performance. With a pre-filled 20ml e-liquid capacity, this device offers up to 10,000 puffs, ensuring extended vaping sessions without frequent replacements. WhatsApp: +86 17776015835 &nbsp;","_links":{"self":[{"href":"https:\/\/rmvapesale.com\/cs\/wp-json\/wp\/v2\/product\/2776","targetHints":{"allow":["GET"]}}],"collection":[{"href":"https:\/\/rmvapesale.com\/cs\/wp-json\/wp\/v2\/product"}],"about":[{"href":"https:\/\/rmvapesale.com\/cs\/wp-json\/wp\/v2\/types\/product"}],"replies":[{"embeddable":true,"href":"https:\/\/rmvapesale.com\/cs\/wp-json\/wp\/v2\/comments?post=2776"}],"wp:featuredmedia":[{"embeddable":true,"href":"https:\/\/rmvapesale.com\/cs\/wp-json\/wp\/v2\/media\/2793"}],"wp:attachment":[{"href":"https:\/\/rmvapesale.com\/cs\/wp-json\/wp\/v2\/media?parent=2776"}],"wp:term":[{"taxonomy":"product_brand","embeddable":true,"href":"https:\/\/rmvapesale.com\/cs\/wp-json\/wp\/v2\/product_brand?post=2776"},{"taxonomy":"product_cat","embeddable":true,"href":"https:\/\/rmvapesale.com\/cs\/wp-json\/wp\/v2\/product_cat?post=2776"},{"taxonomy":"product_tag","embeddable":true,"href":"https:\/\/rmvapesale.com\/cs\/wp-json\/wp\/v2\/product_tag?post=2776"}],"curies":[{"name":"wp","href":"https:\/\/api.w.org\/{rel}","templated":true}]}}