{"id":2782,"date":"2024-11-26T06:22:12","date_gmt":"2024-11-26T06:22:12","guid":{"rendered":"https:\/\/rmvapesale.com\/?post_type=product&#038;p=2782"},"modified":"2024-11-26T06:36:14","modified_gmt":"2024-11-26T06:36:14","slug":"jnr-phonevape-30000-30k-smart-disposable-vape-wholesale","status":"publish","type":"product","link":"https:\/\/rmvapesale.com\/cs\/product\/jnr-phonevape-30000-30k-smart-disposable-vape-wholesale\/","title":{"rendered":"JNR PhoneVape 30000 30K Chytr\u00e1 Jednor\u00e1zov\u00e1 Vape Velkoobchod"},"content":{"rendered":"<div class=\"B2VR9 CJHX3e\">\n<div class=\"wyccme\">\n<h1 class=\"LC20lb MBeuO DKV0Md\">JNR PhoneVape 30000 30K Chytr\u00e1 Jednor\u00e1zov\u00e1 Vape Velkoobchod<\/h1>\n<div class=\"flex-shrink-0 flex flex-col relative items-end\">\n<div class=\"pt-0\">\n<div class=\"gizmo-bot-avatar flex h-8 w-8 items-center justify-center overflow-hidden rounded-full\">\n<div class=\"relative p-1 rounded-sm flex items-center justify-center bg-token-main-surface-primary text-token-text-primary h-8 w-8\">\n<p>Tento <strong>JNR PhoneVape 30000 Chytr\u00e1 jednor\u00e1zov\u00e1 vapka<\/strong>, revolu\u010dn\u00ed za\u0159\u00edzen\u00ed, kter\u00e9 kombinuje \u0161pi\u010dkovou technologii s v\u00fdjime\u010dn\u00fdm v\u00fdkonem. Tento chytr\u00fd jednor\u00e1zov\u00fd vaporiz\u00e9r, navr\u017een\u00fd pro modern\u00ed vapery, nab\u00edz\u00ed masivn\u00ed <strong>30 000 pot\u00e1hnut\u00ed<\/strong> in <strong>Standardn\u00ed re\u017eim<\/strong> a <strong>18 000 pot\u00e1hnut\u00ed<\/strong> in <strong>Re\u017eim Pulse<\/strong>, d\u00edky \u010demu\u017e je ide\u00e1ln\u00ed pro dlouhodob\u00e9 pou\u017e\u00edv\u00e1n\u00ed. Jeho <strong>pln\u011b funk\u010dn\u00ed displej<\/strong> poskytuje data v re\u00e1ln\u00e9m \u010dase, v\u010detn\u011b \u017eivotnosti baterie, \u00farovn\u011b e-liquidu, \u010dasu a dokonce i funkce kalend\u00e1\u0159e, tak\u017ee budete neust\u00e1le informov\u00e1ni. S jeho <strong>nastaviteln\u00fdm syst\u00e9mem proud\u011bn\u00ed vzduchu<\/strong>si m\u016f\u017eete p\u0159izp\u016fsobit intenzitu potahu podle sv\u00fdch preferenc\u00ed. Ide\u00e1ln\u00ed pro p\u0159\u00edle\u017eitostn\u00e9 i zku\u0161en\u00e9 u\u017eivatele, <strong>JNR PhoneVape<\/strong> posouv\u00e1 pohodl\u00ed vapingu na vy\u0161\u0161\u00ed \u00farove\u0148.<\/p>\n<p>Co odli\u0161uje <strong>JNR PhoneVape 30K<\/strong> je jeho <strong>chytr\u00e9 funkce<\/strong>. Toto za\u0159\u00edzen\u00ed podporuje <strong>upozorn\u011bn\u00ed na hovory a textov\u00e9 zpr\u00e1vy<\/strong>, a <strong>d\u00e1lkov\u00e9 ovl\u00e1d\u00e1n\u00ed kamery<\/strong> funkci a unik\u00e1tn\u00ed <strong>Naj\u00edt sv\u016fj Vape<\/strong> funkci prost\u0159ednictv\u00edm jeho <strong>integrace aplikace WearinOS<\/strong>. Jeho <strong>re\u017eim z\u00e1mku<\/strong> zaji\u0161\u0165uje bezpe\u010dnost, kdy\u017e se nepou\u017e\u00edv\u00e1, zat\u00edmco <strong>Dob\u00edjec\u00ed baterie typu C<\/strong> se pln\u011b nabije za pouh\u00fdch <strong>1,5 a\u017e 2 hodiny<\/strong>, poskytuje konzistentn\u00ed v\u00fdkon pro del\u0161\u00ed vapov\u00e1n\u00ed. K dispozici v r\u016fzn\u00fdch p\u0159\u00edchut\u00edch, v\u010detn\u011b <strong>Blue Razz Ice<\/strong> a <strong>Strawberry Ice<\/strong>, tato dob\u00edjec\u00ed jednor\u00e1zov\u00e1 vapka zaru\u010duje spokojenost i styl. Velkoobchodn\u00ed odb\u011bratel\u00e9 mohou vyu\u017e\u00edt konkuren\u010dn\u00ed ceny, d\u00edky \u010demu\u017e je <strong>JNR PhoneVape 30000<\/strong> bezkonkuren\u010dn\u00ed volbou pro hromadn\u00e9 n\u00e1kupy.<\/p>\n<\/div>\n<\/div>\n<\/div>\n<\/div>\n<\/div>\n<\/div>\n<p><strong>Kontaktujte Amy a z\u00edskejte spr\u00e1vnou odpov\u011b\u010f a kup\u00f3n na vape!<\/strong><\/p>\n<p><img loading=\"lazy\" decoding=\"async\" class=\"size-full wp-image-1978\" src=\"https:\/\/rmvapesale.com\/wp-content\/uploads\/2024\/09\/Disposable-Vape-Wholesale.jpg\" alt=\"Jednor\u00e1zov\u00e1 e-cigareta velkoobchod\" width=\"229\" height=\"300\" \/><\/p>\n<h3><a href=\"https:\/\/wa.me\/8617776015835\" target=\"_blank\" rel=\"noopener\"><span style=\"color: #ff0000\"><strong>WhatsApp: +86 17776015835<\/strong><\/span><\/a><\/h3>\n<p>&nbsp;<\/p>\n<h2><\/h2>\n<h2><strong>JNR PhoneVape 30000 Pot\u00e1hnut\u00ed \u2013 Kl\u00ed\u010dov\u00e9 vlastnosti<\/strong><\/h2>\n<ul>\n<li><strong>Obrovsk\u00fd po\u010det pot\u00e1hnut\u00ed<\/strong>: A\u017e 30 000 pot\u00e1hnut\u00ed v b\u011b\u017en\u00e9m re\u017eimu, 18 000 v pulzn\u00edm re\u017eimu.<\/li>\n<li><strong>Chytr\u00fd displej<\/strong>: Data v re\u00e1ln\u00e9m \u010dase pro \u010das, baterii a hladinu e-liquidu.<\/li>\n<li><strong>Pokro\u010dil\u00e9 funkce<\/strong>: Vol\u00e1n\u00ed<\/li>\n<li><strong>Dob\u00edjec\u00ed baterie<\/strong>: Rychl\u00e9 nab\u00edjen\u00ed typu C za 1,5 a\u017e 2 hodiny.<\/li>\n<li><strong>P\u0159izp\u016fsobiteln\u00fd pr\u016ftok vzduchu<\/strong>: Nastaviteln\u00fd pr\u016ftok vzduchu pro osobn\u00ed z\u00e1\u017eitek z vapov\u00e1n\u00ed.<\/li>\n<\/ul>\n<h2><strong>Nejlep\u0161\u00ed p\u0159\u00edchu\u0165 pro JNR Phone Vape 30000<\/strong><\/h2>\n<p>1. Modr\u00e1 malina led <span style=\"color: #ff0000\"><strong>&gt;&gt;&gt;&gt; Hork\u00e9!<\/strong><\/span><br \/>\n2.Jahodov\u00e1 zmrzlina<br \/>\n3.Melounov\u00e1 zmrzlina<br \/>\n4.Miami Mint <span style=\"color: #ff0000\"><strong>&gt;&gt;&gt;&gt; Hork\u00e9!<\/strong><\/span><br \/>\n5. Ban\u00e1nov\u00fd led<br \/>\n6. T\u0159e\u0161e\u0148, jahoda, malina <span style=\"color: #ff0000\"><strong>&gt;&gt;&gt;&gt; Nejlep\u0161\u00ed!<\/strong><\/span><br \/>\n7.Kysel\u00e1 jable\u010dn\u00e1 zmrzlina<br \/>\n8.Bor\u016fvkov\u00fd meloun<br \/>\n9. Broskev mango meloun<br \/>\n10. Fcuking Fab<\/p>\n<p>&nbsp;<\/p>\n<h3><strong>Pro\u010d si vybrat Rmvapesale pro JNR PhoneVape 30K Puffs <\/strong><strong>V<\/strong><strong>ape Velkoobchod<\/strong><strong>?<\/strong><\/h3>\n<div class=\"flex-shrink-0 flex flex-col relative items-end\">\n<div class=\"pt-0\">\n<div class=\"gizmo-bot-avatar flex h-8 w-8 items-center justify-center overflow-hidden rounded-full\">\n<div class=\"relative p-1 rounded-sm flex items-center justify-center bg-token-main-surface-primary text-token-text-primary h-8 w-8\">\n<p>V\u00edtejte v Rmvapesale, va\u0161em d\u016fv\u011bryhodn\u00e9m obchod\u011b s pr\u00e9miov\u00fdmi jednor\u00e1zov\u00fdmi vapovac\u00edmi p\u0159\u00edstroji. S v\u00edce ne\u017e 5 lety odborn\u00fdch zku\u0161enost\u00ed v\u00e1m p\u0159in\u00e1\u0161\u00edme obl\u00edben\u00e9 zna\u010dky jednor\u00e1zov\u00fdch vapovac\u00edch p\u0159\u00edstroj\u016f, jako jsou Al Fakher, Vapme Vape, <a href=\"https:\/\/rmvapesale.com\/cs\/product-category\/bang-vapes\/\">Bang Vape<\/a>, Waspe, WGA Vape a<a href=\"https:\/\/rmvapesale.com\/cs\/product-category\/randm-fumot-vape\/\"> RandM Vape<\/a>.<\/p>\n<p>N\u00e1\u0161 sortiment zahrnuje \u017ehav\u00e9 prodejn\u00ed kousky jako <a href=\"https:\/\/rmvapesale.com\/cs\/product\/randm-tornado-15000-puffs-vape-wholesale\/\">RandM Tornado 15000<\/a> a chut\u00ed bohat\u00e9 volby jako Vapme 70000. Ka\u017ed\u00fd produkt je vyb\u00edr\u00e1n s d\u016frazem na kvalitu, hodnotu a rozmanitost, co\u017e zaru\u010duje, \u017ee najdete perfektn\u00ed shodu pro va\u0161e pot\u0159eby. Objevte v\u00fdjime\u010dn\u00e9 slu\u017eby a \u0161irokou \u0161k\u00e1lu \u0161pi\u010dkov\u00fdch produkt\u016f v Rmvapesale.<\/p>\n<\/div>\n<h3><\/h3>\n<div class=\"relative p-1 rounded-sm flex items-center justify-center bg-token-main-surface-primary text-token-text-primary h-8 w-8\">\n<h3><b> \u010cASTO KLADEN\u00c9 DOTAZY pro JNR Phone Vape 30K<\/b><b>\u00a0Dob\u00edjec\u00ed jednor\u00e1zov\u00e1 vapka<\/b><\/h3>\n<div class=\"group\/conversation-turn relative flex w-full min-w-0 flex-col agent-turn\">\n<div class=\"flex-col gap-1 md:gap-3\">\n<div class=\"flex max-w-full flex-col flex-grow\">\n<div class=\"min-h-8 text-message flex w-full flex-col items-end gap-2 whitespace-normal break-words [.text-message+&amp;]:mt-5\" dir=\"auto\" data-message-author-role=\"assistant\" data-message-id=\"00c9b302-bc9c-4550-94ba-5a295efa2be3\" data-message-model-slug=\"gpt-4o\">\n<div class=\"flex w-full flex-col gap-1 empty:hidden first:pt-[3px]\">\n<div class=\"markdown prose w-full break-words dark:prose-invert light\">\n<div class=\"flex-shrink-0 flex flex-col relative items-end\">\n<div>\n<div class=\"pt-0\">\n<div class=\"gizmo-bot-avatar flex h-8 w-8 items-center justify-center overflow-hidden rounded-full\">\n<div class=\"relative p-1 rounded-sm flex items-center justify-center bg-token-main-surface-primary text-token-text-primary h-8 w-8\">\n<div class=\"flex-shrink-0 flex flex-col relative items-end\">\n<div>\n<div class=\"pt-0\">\n<div class=\"gizmo-bot-avatar flex h-8 w-8 items-center justify-center overflow-hidden rounded-full\">\n<div class=\"relative p-1 rounded-sm flex items-center justify-center bg-token-main-surface-primary text-token-text-primary h-8 w-8\">\n<ul>\n<li><strong>Kde koupit JNR PhoneVape 30000 Puffs za velkoobchodn\u00ed cenu ve Francii<\/strong><br \/>\nM\u016f\u017eete si zakoupit <strong>JNR PhoneVape 30000 Puffs<\/strong> za velkoobchodn\u00ed ceny online prost\u0159ednictv\u00edm d\u016fv\u011bryhodn\u00fdch velkoobchodn\u00edch platforem nebo distributor\u016f vapingu nab\u00edzej\u00edc\u00edch mezin\u00e1rodn\u00ed dopravu do Francie. Nezapome\u0148te vyhledat mno\u017estevn\u00ed slevy nebo autorizovan\u00e9 prodejce pro konkuren\u010dn\u00ed ceny.<\/li>\n<li><strong>Kolik pot\u00e1hnut\u00ed poskytuje JNR PhoneVape 30000 Vape?<\/strong><br \/>\nTento <strong>JNR PhoneVape 30000 Vape<\/strong> poskytuje a\u017e <strong>30 000 pot\u00e1hnut\u00ed v norm\u00e1ln\u00edm re\u017eimu<\/strong> a <strong>18 000 pot\u00e1hnut\u00ed v pulzn\u00edm re\u017eimu<\/strong>, co\u017e je ide\u00e1ln\u00ed pro del\u0161\u00ed pou\u017e\u00edv\u00e1n\u00ed.<\/li>\n<li><strong>Jak dlouho vydr\u017e\u00ed obl\u00edben\u00e9 p\u0159\u00edchut\u011b jednor\u00e1zov\u00e9 vapovac\u00edho pera JNR Phone Vape 30000?<\/strong><br \/>\n\u017divotnost obl\u00edben\u00fdch p\u0159\u00edchut\u00ed, jako je <strong>Blue Razz Ice<\/strong> or <strong>Peach Ice (broskvov\u00fd led)<\/strong> z\u00e1vis\u00ed na zp\u016fsobu pou\u017e\u00edv\u00e1n\u00ed. Obvykle, s a\u017e <strong>30 000 pot\u00e1hnut\u00ed<\/strong>, m\u016f\u017ee vydr\u017eet t\u00fddny nebo dokonce m\u011bs\u00edce pro b\u011b\u017en\u00e9 u\u017eivatele.<\/li>\n<li><strong>Jak\u00e9 jsou obl\u00edben\u00e9 p\u0159\u00edchut\u011b jednor\u00e1zov\u00e9 vapovac\u00edho pera JNR PhoneVape 30k Puffs?<\/strong><br \/>\nObl\u00edben\u00e9 p\u0159\u00edchut\u011b pro <strong>JNR PhoneVape 30k Puffs<\/strong> pat\u0159\u00ed <strong>Blue Razz Ice<\/strong>, <strong>Peach Ice (broskvov\u00fd led)<\/strong>, a dal\u0161\u00ed ovocn\u00e9, ledov\u00e9 sm\u011bsi, kter\u00e9 poskytuj\u00ed osv\u011b\u017euj\u00edc\u00ed a konzistentn\u00ed chu\u0165.<\/li>\n<li><strong>Jak dlouho trv\u00e1 nab\u00edjen\u00ed dob\u00edjec\u00edho vapu JNR PhoneVape 30k Puffs?<\/strong><br \/>\nTento <strong>Dob\u00edjec\u00ed vap JNR PhoneVape 30k Puffs<\/strong> trv\u00e1 p\u0159ibli\u017en\u011b <strong>1,5 a\u017e 2 hodiny<\/strong> do pln\u00e9ho nabit\u00ed pomoc\u00ed sv\u00e9ho <strong>nab\u00edjec\u00edho portu typu C<\/strong>.<\/li>\n<li><strong>Kolik nikotinu je v jednor\u00e1zov\u00e9m vapu JNR Phone Vape 30000?<\/strong><br \/>\nTento <strong>Jednor\u00e1zov\u00fd vap JNR Phone Vape 30000<\/strong> obsahuje <strong>2% (20 mg\/ml) s\u00edly nikotinu<\/strong>, nab\u00edz\u00ed hlad\u0161\u00ed a jemn\u011bj\u0161\u00ed vapovac\u00ed z\u00e1\u017eitek, ide\u00e1ln\u00ed pro u\u017eivatele s n\u00edzk\u00fdm obsahem nikotinu.<\/li>\n<\/ul>\n<\/div>\n<\/div>\n<\/div>\n<\/div>\n<\/div>\n<\/div>\n<\/div>\n<\/div>\n<\/div>\n<\/div>\n<div class=\"group\/conversation-turn relative flex w-full min-w-0 flex-col agent-turn\">\n<div class=\"flex-col gap-1 md:gap-3\">\n<div class=\"flex max-w-full flex-col flex-grow\">\n<div class=\"min-h-8 text-message flex w-full flex-col items-end gap-2 whitespace-normal break-words [.text-message+&amp;]:mt-5\" dir=\"auto\" data-message-author-role=\"assistant\" data-message-id=\"a3dc01bd-23b0-4fd7-bb9a-7827522cefd8\" data-message-model-slug=\"gpt-4o\">\n<div class=\"flex w-full flex-col gap-1 empty:hidden first:pt-[3px]\"><\/div>\n<\/div>\n<\/div>\n<\/div>\n<\/div>\n<\/div>\n<\/div>\n<\/div>\n<\/div>\n<\/div>\n<\/div>\n<\/div>\n<\/div>\n<\/div>\n<\/div>\n<h3>O p\u0159eprav\u011b<\/h3>\n<div class=\"flex-shrink-0 flex flex-col relative items-end\">\n<div>\n<div class=\"pt-0\">\n<div class=\"gizmo-bot-avatar flex h-8 w-8 items-center justify-center overflow-hidden rounded-full\">\n<div><\/div>\n<div class=\"relative p-1 rounded-sm flex items-center justify-center bg-token-main-surface-primary text-token-text-primary h-8 w-8\"><strong>1. Jak\u00e9 zp\u016fsoby dopravy se pou\u017e\u00edvaj\u00ed?<\/strong><\/div>\n<\/div>\n<\/div>\n<\/div>\n<\/div>\n<div class=\"group\/conversation-turn relative flex w-full min-w-0 flex-col agent-turn\">\n<div class=\"flex-col gap-1 md:gap-3\">\n<div class=\"flex max-w-full flex-col flex-grow\">\n<div class=\"min-h-[20px] text-message flex w-full flex-col items-end gap-2 whitespace-normal break-words [.text-message+&amp;]:mt-5 overflow-x-auto\" dir=\"auto\" data-message-author-role=\"assistant\" data-message-id=\"22f8283b-3233-46ff-89a5-c7a41b33abda\">\n<div class=\"flex w-full flex-col gap-1 empty:hidden first:pt-[3px]\">\n<div class=\"markdown prose w-full break-words dark:prose-invert light\">\n<p>Spolupracujeme s UPS, DHL, FedEx, DPD a dal\u0161\u00edmi p\u0159edn\u00edmi p\u0159epravci. Vybereme nejlep\u0161\u00ed zp\u016fsob dopravy na z\u00e1klad\u011b va\u0161\u00ed doru\u010dovac\u00ed lokality, abychom zajistili, \u017ee sv\u00e9 produkty obdr\u017e\u00edte co nejrychleji.<\/p>\n<\/div>\n<p><strong>2. Jak dlouho trv\u00e1 doru\u010den\u00ed?<\/strong><\/p>\n<p>Bal\u00ed\u010dky odeslan\u00e9 do \u010cesk\u00e9 republiky obvykle doraz\u00ed do 10 pracovn\u00edch dn\u016f. P\u0159eprava do evropsk\u00fdch zem\u00ed obecn\u011b trv\u00e1 asi 12-15 pracovn\u00edch dn\u016f. O stavu va\u0161\u00ed z\u00e1silky v\u00e1s budeme pr\u016fb\u011b\u017en\u011b informovat.<\/p>\n<\/div>\n<\/div>\n<\/div>\n<\/div>\n<\/div>\n<p>&nbsp;<\/p>\n<p>Naj\u00edt v\u00edce produkt\u016f pro vaping, kter\u00e9 by se v\u00e1m mohly l\u00edbit:<strong><em><a href=\"https:\/\/rmvapesale.com\/cs\/shop-2\/\">nakupujte nyn\u00ed &gt;&gt;&gt;<\/a><\/em><\/strong><\/p>","protected":false},"excerpt":{"rendered":"<p>Tento <strong>JNR PhoneVape 30000 Chytr\u00e1 jednor\u00e1zov\u00e1 vapka <\/strong>navr\u017een\u00e1 pro modern\u00ed vapery, nab\u00edz\u00ed masivn\u00ed <strong>30 000 pot\u00e1hnut\u00ed<\/strong> in <strong>Standardn\u00ed re\u017eim<\/strong> a <strong>18 000 pot\u00e1hnut\u00ed<\/strong> in <strong>Re\u017eim Pulse<\/strong>, d\u00edky \u010demu\u017e je ide\u00e1ln\u00ed pro dlouhodob\u00e9 pou\u017e\u00edv\u00e1n\u00ed.<\/p>\n<p><img loading=\"lazy\" decoding=\"async\" class=\"size-full wp-image-2375\" src=\"https:\/\/rmvapesale.com\/wp-content\/uploads\/2024\/10\/image.png\" alt=\"Nejlep\u0161\u00ed jednor\u00e1zov\u00e1 e-cigareta\" width=\"229\" height=\"300\" \/><\/p>\n<h3><a href=\"https:\/\/wa.me\/8617776015835\"><span style=\"color: #ff0000\"><strong>WhatsApp: +86 17776015835<\/strong><\/span><\/a><\/h3>\n<p>&nbsp;<\/p>","protected":false},"featured_media":2778,"comment_status":"open","ping_status":"closed","template":"","meta":{"_uag_custom_page_level_css":"","_lmt_disableupdate":"no","_lmt_disable":"","site-sidebar-layout":"default","site-content-layout":"content-boxed-container","ast-site-content-layout":"normal-width-container","site-content-style":"boxed","site-sidebar-style":"unboxed","ast-global-header-display":"","ast-banner-title-visibility":"","ast-main-header-display":"","ast-hfb-above-header-display":"","ast-hfb-below-header-display":"","ast-hfb-mobile-header-display":"","site-post-title":"","ast-breadcrumbs-content":"","ast-featured-img":"","footer-sml-layout":"","theme-transparent-header-meta":"default","adv-header-id-meta":"","stick-header-meta":"","header-above-stick-meta":"","header-main-stick-meta":"","header-below-stick-meta":"","astra-migrate-meta-layouts":"set","ast-page-background-enabled":"default","ast-page-background-meta":{"desktop":{"background-color":"var(--ast-global-color-4)","background-image":"","background-repeat":"repeat","background-position":"center center","background-size":"auto","background-attachment":"scroll","background-type":"","background-media":"","overlay-type":"","overlay-color":"","overlay-opacity":"","overlay-gradient":""},"tablet":{"background-color":"","background-image":"","background-repeat":"repeat","background-position":"center center","background-size":"auto","background-attachment":"scroll","background-type":"","background-media":"","overlay-type":"","overlay-color":"","overlay-opacity":"","overlay-gradient":""},"mobile":{"background-color":"","background-image":"","background-repeat":"repeat","background-position":"center center","background-size":"auto","background-attachment":"scroll","background-type":"","background-media":"","overlay-type":"","overlay-color":"","overlay-opacity":"","overlay-gradient":""}},"ast-content-background-meta":{"desktop":{"background-color":"var(--ast-global-color-5)","background-image":"","background-repeat":"repeat","background-position":"center center","background-size":"auto","background-attachment":"scroll","background-type":"","background-media":"","overlay-type":"","overlay-color":"","overlay-opacity":"","overlay-gradient":""},"tablet":{"background-color":"var(--ast-global-color-5)","background-image":"","background-repeat":"repeat","background-position":"center center","background-size":"auto","background-attachment":"scroll","background-type":"","background-media":"","overlay-type":"","overlay-color":"","overlay-opacity":"","overlay-gradient":""},"mobile":{"background-color":"var(--ast-global-color-5)","background-image":"","background-repeat":"repeat","background-position":"center center","background-size":"auto","background-attachment":"scroll","background-type":"","background-media":"","overlay-type":"","overlay-color":"","overlay-opacity":"","overlay-gradient":""}},"_joinchat":[]},"product_brand":[],"product_cat":[15,25,123,26,28,135,27,137,136,30],"product_tag":[223,230,231,205,229,228],"class_list":{"0":"post-2782","1":"product","2":"type-product","3":"status-publish","4":"has-post-thumbnail","6":"product_cat-new-vape-this-week","7":"product_cat-germany-best-selling-vape","8":"product_cat-italy-wholesale-vape","9":"product_cat-netherlands-hot-sale-vape","10":"product_cat-poland-hot-sale-vape","11":"product_cat-spain-best-hot-sale-vape","12":"product_cat-fance-hot-sale-vape","13":"product_cat-rechargeable-vapes","14":"product_cat-smart-screen-vapes","15":"product_cat-minimum-order-quantity-50pcs","16":"product_tag-jnr","17":"product_tag-jnr-phonevape-30000","18":"product_tag-jnr-phonevape-30k","19":"product_tag-jnr-vape","20":"product_tag-smart-disposable-vapes","21":"product_tag-touch-screen-vape","22":"desktop-align-left","23":"tablet-align-left","24":"mobile-align-left","26":"first","27":"instock","28":"sale","29":"shipping-taxable","30":"purchasable","31":"product-type-simple"},"uagb_featured_image_src":{"full":["https:\/\/rmvapesale.com\/wp-content\/uploads\/2024\/11\/JNR-Phone-Vape-30000-Disposable-Vape-Wholeale.png",1126,1126,false],"thumbnail":["https:\/\/rmvapesale.com\/wp-content\/uploads\/2024\/11\/JNR-Phone-Vape-30000-Disposable-Vape-Wholeale-150x150.png",150,150,true],"medium":["https:\/\/rmvapesale.com\/wp-content\/uploads\/2024\/11\/JNR-Phone-Vape-30000-Disposable-Vape-Wholeale-300x300.png",300,300,true],"medium_large":["https:\/\/rmvapesale.com\/wp-content\/uploads\/2024\/11\/JNR-Phone-Vape-30000-Disposable-Vape-Wholeale-768x768.png",768,768,true],"large":["https:\/\/rmvapesale.com\/wp-content\/uploads\/2024\/11\/JNR-Phone-Vape-30000-Disposable-Vape-Wholeale-1024x1024.png",1024,1024,true],"1536x1536":["https:\/\/rmvapesale.com\/wp-content\/uploads\/2024\/11\/JNR-Phone-Vape-30000-Disposable-Vape-Wholeale.png",1126,1126,false],"2048x2048":["https:\/\/rmvapesale.com\/wp-content\/uploads\/2024\/11\/JNR-Phone-Vape-30000-Disposable-Vape-Wholeale.png",1126,1126,false],"trp-custom-language-flag":["https:\/\/rmvapesale.com\/wp-content\/uploads\/2024\/11\/JNR-Phone-Vape-30000-Disposable-Vape-Wholeale.png",12,12,false],"woocommerce_thumbnail":["https:\/\/rmvapesale.com\/wp-content\/uploads\/2024\/11\/JNR-Phone-Vape-30000-Disposable-Vape-Wholeale-300x300.png",300,300,true],"woocommerce_single":["https:\/\/rmvapesale.com\/wp-content\/uploads\/2024\/11\/JNR-Phone-Vape-30000-Disposable-Vape-Wholeale-600x600.png",600,600,true],"woocommerce_gallery_thumbnail":["https:\/\/rmvapesale.com\/wp-content\/uploads\/2024\/11\/JNR-Phone-Vape-30000-Disposable-Vape-Wholeale-100x100.png",100,100,true],"wcpr-photo-reviews":["https:\/\/rmvapesale.com\/wp-content\/uploads\/2024\/11\/JNR-Phone-Vape-30000-Disposable-Vape-Wholeale.png",500,500,false]},"uagb_author_info":{"display_name":"AMY","author_link":"https:\/\/rmvapesale.com\/cs\/author\/"},"uagb_comment_info":0,"uagb_excerpt":"The JNR PhoneVape 30000 Smart Disposable Vape designed for modern vapers, offers a massive 30,000 puffs in Regular Mode and 18,000 puffs in Pulse Mode, making it perfect for long-lasting use. WhatsApp: +86 17776015835 &nbsp;","_links":{"self":[{"href":"https:\/\/rmvapesale.com\/cs\/wp-json\/wp\/v2\/product\/2782","targetHints":{"allow":["GET"]}}],"collection":[{"href":"https:\/\/rmvapesale.com\/cs\/wp-json\/wp\/v2\/product"}],"about":[{"href":"https:\/\/rmvapesale.com\/cs\/wp-json\/wp\/v2\/types\/product"}],"replies":[{"embeddable":true,"href":"https:\/\/rmvapesale.com\/cs\/wp-json\/wp\/v2\/comments?post=2782"}],"wp:featuredmedia":[{"embeddable":true,"href":"https:\/\/rmvapesale.com\/cs\/wp-json\/wp\/v2\/media\/2778"}],"wp:attachment":[{"href":"https:\/\/rmvapesale.com\/cs\/wp-json\/wp\/v2\/media?parent=2782"}],"wp:term":[{"taxonomy":"product_brand","embeddable":true,"href":"https:\/\/rmvapesale.com\/cs\/wp-json\/wp\/v2\/product_brand?post=2782"},{"taxonomy":"product_cat","embeddable":true,"href":"https:\/\/rmvapesale.com\/cs\/wp-json\/wp\/v2\/product_cat?post=2782"},{"taxonomy":"product_tag","embeddable":true,"href":"https:\/\/rmvapesale.com\/cs\/wp-json\/wp\/v2\/product_tag?post=2782"}],"curies":[{"name":"wp","href":"https:\/\/api.w.org\/{rel}","templated":true}]}}