{"id":2799,"date":"2024-11-28T03:16:57","date_gmt":"2024-11-28T03:16:57","guid":{"rendered":"https:\/\/rmvapesale.com\/?post_type=product&#038;p=2799"},"modified":"2024-11-28T03:38:01","modified_gmt":"2024-11-28T03:38:01","slug":"wga-30000-puffs-double-flavors-refillable-disposable-vape-bulk-price","status":"publish","type":"product","link":"https:\/\/rmvapesale.com\/cs\/product\/wga-30000-puffs-double-flavors-refillable-disposable-vape-bulk-price\/","title":{"rendered":"WGA 30000 \u0160luk\u016f Dvojit\u00e9 P\u0159\u00edchut\u011b Dopl\u0148ovateln\u00e1 Jednor\u00e1zov\u00e1 Elektronick\u00e1 Cigareta Velkoobchodn\u00ed Cena"},"content":{"rendered":"<div class=\"B2VR9 CJHX3e\">\n<div class=\"wyccme\">\n<h1 class=\"LC20lb MBeuO DKV0Md\">WGA 30000 \u0160luk\u016f Dvojit\u00e9 P\u0159\u00edchut\u011b Dopl\u0148ovateln\u00e1 Jednor\u00e1zov\u00e1 Elektronick\u00e1 Cigareta Velkoobchodn\u00ed Cena<\/h1>\n<div class=\"flex-shrink-0 flex flex-col relative items-end\">\n<div class=\"pt-0\">\n<div class=\"gizmo-bot-avatar flex h-8 w-8 items-center justify-center overflow-hidden rounded-full\">\n<div class=\"relative p-1 rounded-sm flex items-center justify-center bg-token-main-surface-primary text-token-text-primary h-8 w-8\">\n<p>Tento <strong>WGA 30000 Pot\u00e1hnut\u00ed Dvojit\u00e9 P\u0159\u00edchut\u011b Dopl\u0148ovateln\u00e9 Jednor\u00e1zov\u00e9 Vape<\/strong>, revolu\u010dn\u00ed za\u0159\u00edzen\u00ed navr\u017een\u00e9 pro vapery, kte\u0159\u00ed hledaj\u00ed bezkonkuren\u010dn\u00ed v\u0161estrannost a v\u00fdkon. S kapacitou <strong>30 000 pot\u00e1hnut\u00ed<\/strong>, tato vapka nab\u00edz\u00ed neuv\u011b\u0159iteln\u011b dlouhotrvaj\u00edc\u00ed z\u00e1\u017eitek, ide\u00e1ln\u00ed pro del\u0161\u00ed pou\u017e\u00edv\u00e1n\u00ed nebo hromadn\u00e9 n\u00e1kupy. Ten <strong>syst\u00e9m du\u00e1ln\u00ed chuti<\/strong> umo\u017e\u0148uje u\u017eivatel\u016fm plynule p\u0159ep\u00ednat mezi dv\u011bma p\u0159\u00edchut\u011bmi a poskytuje dynamick\u00fd z\u00e1\u017eitek z vapov\u00e1n\u00ed, kter\u00fd nikdy nen\u00ed monot\u00f3nn\u00ed. Ka\u017ed\u00e9 za\u0159\u00edzen\u00ed m\u00e1 <strong>2ml p\u0159edpln\u011bn\u00e9 e-liquidu<\/strong> kapacitu, spolu s dal\u0161\u00edm <strong>20ml dopl\u0148ovateln\u00fdm prostorem<\/strong>, co\u017e zaji\u0161\u0165uje flexibilitu a lep\u0161\u00ed kontrolu chuti. Poh\u00e1n\u011bno <strong>650mAh Type-C dob\u00edjec\u00ed bateri\u00ed<\/strong> a vybaveno <strong>mesh spir\u00e1lkou<\/strong>, toto za\u0159\u00edzen\u00ed poskytuje konzistentn\u00ed, hladkou p\u00e1ru s optim\u00e1ln\u00ed chut\u00ed.<\/p>\n<p>Tento <strong>WGA 30k vape<\/strong> je vytvo\u0159ena pro pohodl\u00ed a funk\u010dnost a py\u0161n\u00ed se <strong>LED digit\u00e1ln\u00edm displejem<\/strong> kter\u00fd v\u00e1s informuje o stavu baterie a hladin\u011b e-liquidu. S <strong>2% s\u00edlou nikotinu<\/strong>, je ur\u010den pro ty, kte\u0159\u00ed hledaj\u00ed uspokojivou mo\u017enost vapov\u00e1n\u00ed s n\u00edzk\u00fdm obsahem nikotinu. Vyberte si z <strong>15+ pr\u00e9miov\u00fdch p\u0159\u00edchut\u00ed<\/strong>, z nich\u017e ka\u017ed\u00e1 je navr\u017eena tak, aby poskytovala v\u00fdjime\u010dn\u00fd chu\u0165ov\u00fd z\u00e1\u017eitek. Ide\u00e1ln\u00ed pro velkoobchodn\u00ed odb\u011bratele nebo jednotliv\u00e9 u\u017eivatele, tato wga 30k <strong>chytr\u00e1 jednor\u00e1zov\u00e1 vapka<\/strong> kombinuje styl, inovaci a v\u00fdkon pro povznesenou cestu vapingem.<\/p>\n<\/div>\n<\/div>\n<\/div>\n<\/div>\n<\/div>\n<\/div>\n<p><strong>Kontaktujte Amy a z\u00edskejte spr\u00e1vnou odpov\u011b\u010f a kup\u00f3n na vape!<\/strong><\/p>\n<p><img loading=\"lazy\" decoding=\"async\" class=\"size-full wp-image-1978\" src=\"https:\/\/rmvapesale.com\/wp-content\/uploads\/2024\/09\/Disposable-Vape-Wholesale.jpg\" alt=\"Jednor\u00e1zov\u00e1 e-cigareta velkoobchod\" width=\"229\" height=\"300\" \/><\/p>\n<h3><a href=\"https:\/\/wa.me\/8617776015835\" target=\"_blank\" rel=\"noopener\"><span style=\"color: #ff0000\"><strong>WhatsApp: +86 17776015835<\/strong><\/span><\/a><\/h3>\n<p>&nbsp;<\/p>\n<h2><\/h2>\n<h2><strong>WGA 30000 pot\u00e1hnut\u00ed \u2013 Kl\u00ed\u010dov\u00e9 vlastnosti<\/strong><\/h2>\n<ul>\n<li>A\u017e <strong>30 000 pot\u00e1hnut\u00ed<\/strong> pro prodlou\u017een\u00e9 pou\u017e\u00edv\u00e1n\u00ed<\/li>\n<li><strong>Syst\u00e9m du\u00e1ln\u00ed chuti<\/strong> pro dynamick\u00fd a p\u0159izp\u016fsobiteln\u00fd z\u00e1\u017eitek<\/li>\n<li><strong>650mAh Type-C dob\u00edjec\u00ed bateri\u00ed<\/strong> zaji\u0161\u0165uje rychl\u00e9 dob\u00edjen\u00ed<\/li>\n<li><strong>LED displej<\/strong> zobrazuje stav baterie a hladinu e-liquidu<\/li>\n<li>Obsahuje <strong>2 ml + 20 ml dopl\u0148ovateln\u00e9 kapacity e-liquidu<\/strong> pro v\u011bt\u0161\u00ed flexibilitu<\/li>\n<\/ul>\n<h2><strong>Nejlep\u0161\u00ed p\u0159\u00edchut\u011b pro WGA 30K<\/strong><\/h2>\n<p>1. Ledov\u00e1 m\u00e1ta + Trojit\u00fd mentol<br \/>\n2. Limon Lime + Citronov\u00e1 t\u0159\u00ed\u0161\u0165<br \/>\n3. F1zzy Cherry + T\u0159e\u0161e\u0148 Malina <span style=\"color: #ff0000\"><strong>&gt;&gt;&gt;&gt; Hork\u00e9!<\/strong><\/span><br \/>\n4. Melounov\u00fd led + Dvojit\u00e9 jablko<br \/>\n5. Ananasov\u00fd led + \u0160\u0165avnat\u00e9 mango<br \/>\n6. Gumov\u00fd medv\u00eddek + Skittles<br \/>\n7. Blue Razz Cherry + Skittles<br \/>\n8. Mr Blue + Blue Sour Raspberry <span style=\"color: #ff0000\"><strong>&gt;&gt;&gt;&gt; Hork\u00e9!<\/strong><\/span><br \/>\n9. Sakura Grape + Grape Gumy Bear<br \/>\n10. Blueberry Raspberry Cherry + Blueberry Strawberry Cranbery<br \/>\n11. Juicy Peach + Mango Peach Watermelon<br \/>\n12. Strawberry Raspberry Ice + Strawberry Skittles <span style=\"color: #ff0000\"><strong>&gt;&gt;&gt;&gt; Nejlep\u0161\u00ed!<\/strong><\/span><br \/>\n13. Blueberry Ice + Strawberry Ice<br \/>\n14. Peach Guava Strawberry + Juicy Peach<br \/>\n15. Blue Slush + Pink Slush<\/p>\n<p>&nbsp;<\/p>\n<h3><strong>Pro\u010d si vybrat Rmvapesale pro WGA 30000 pot\u00e1hnut\u00ed <\/strong><strong>V<\/strong><strong>ape Velkoobchod<\/strong><strong>?<\/strong><\/h3>\n<div class=\"flex-shrink-0 flex flex-col relative items-end\">\n<div class=\"pt-0\">\n<div class=\"gizmo-bot-avatar flex h-8 w-8 items-center justify-center overflow-hidden rounded-full\">\n<div class=\"relative p-1 rounded-sm flex items-center justify-center bg-token-main-surface-primary text-token-text-primary h-8 w-8\">\n<p>V\u00edtejte v Rmvapesale, va\u0161em d\u016fv\u011bryhodn\u00e9m obchod\u011b s pr\u00e9miov\u00fdmi jednor\u00e1zov\u00fdmi vapovac\u00edmi p\u0159\u00edstroji. S v\u00edce ne\u017e 5 lety odborn\u00fdch zku\u0161enost\u00ed v\u00e1m p\u0159in\u00e1\u0161\u00edme obl\u00edben\u00e9 zna\u010dky jednor\u00e1zov\u00fdch vapovac\u00edch p\u0159\u00edstroj\u016f, jako jsou Al Fakher, Vapme Vape, <a href=\"https:\/\/rmvapesale.com\/cs\/product-category\/bang-vapes\/\">Bang Vape<\/a>, Waspe, WGA Vape a<a href=\"https:\/\/rmvapesale.com\/cs\/product-category\/randm-fumot-vape\/\"> RandM Vape<\/a>.<\/p>\n<p>N\u00e1\u0161 sortiment zahrnuje \u017ehav\u00e9 prodejn\u00ed kousky jako <a href=\"https:\/\/rmvapesale.com\/cs\/product\/randm-tornado-15000-puffs-vape-wholesale\/\">RandM Tornado 15000<\/a> a chut\u00ed bohat\u00e9 volby jako Vapme 70000. Ka\u017ed\u00fd produkt je vyb\u00edr\u00e1n s d\u016frazem na kvalitu, hodnotu a rozmanitost, co\u017e zaru\u010duje, \u017ee najdete perfektn\u00ed shodu pro va\u0161e pot\u0159eby. Objevte v\u00fdjime\u010dn\u00e9 slu\u017eby a \u0161irokou \u0161k\u00e1lu \u0161pi\u010dkov\u00fdch produkt\u016f v Rmvapesale.<\/p>\n<\/div>\n<h3><\/h3>\n<div class=\"relative p-1 rounded-sm flex items-center justify-center bg-token-main-surface-primary text-token-text-primary h-8 w-8\">\n<h3><b> FAQS pro <\/b><b>WGA 30K Dob\u00edjec\u00ed jednor\u00e1zov\u00e1 vapka<\/b><\/h3>\n<div class=\"group\/conversation-turn relative flex w-full min-w-0 flex-col agent-turn\">\n<div class=\"flex-col gap-1 md:gap-3\">\n<div class=\"flex max-w-full flex-col flex-grow\">\n<div class=\"min-h-8 text-message flex w-full flex-col items-end gap-2 whitespace-normal break-words [.text-message+&amp;]:mt-5\" dir=\"auto\" data-message-author-role=\"assistant\" data-message-id=\"00c9b302-bc9c-4550-94ba-5a295efa2be3\" data-message-model-slug=\"gpt-4o\">\n<div class=\"flex w-full flex-col gap-1 empty:hidden first:pt-[3px]\">\n<div class=\"markdown prose w-full break-words dark:prose-invert light\">\n<div class=\"flex-shrink-0 flex flex-col relative items-end\">\n<div>\n<div class=\"pt-0\">\n<div class=\"gizmo-bot-avatar flex h-8 w-8 items-center justify-center overflow-hidden rounded-full\">\n<div class=\"relative p-1 rounded-sm flex items-center justify-center bg-token-main-surface-primary text-token-text-primary h-8 w-8\">\n<div class=\"flex-shrink-0 flex flex-col relative items-end\">\n<div>\n<div class=\"pt-0\">\n<div class=\"gizmo-bot-avatar flex h-8 w-8 items-center justify-center overflow-hidden rounded-full\">\n<div class=\"relative p-1 rounded-sm flex items-center justify-center bg-token-main-surface-primary text-token-text-primary h-8 w-8\">\n<ul>\n<li><strong>Kde koupit WGA 30k vape za velkoobchodn\u00ed cenu v Nizozemsku<\/strong><br \/>\nM\u016f\u017eete si zakoupit <strong>WGA 30k vape<\/strong> za velkoobchodn\u00ed ceny prost\u0159ednictv\u00edm renomovan\u00fdch online prodejc\u016f a distributor\u016f vape, kte\u0159\u00ed zas\u00edlaj\u00ed do Nizozemska. Ujist\u011bte se, \u017ee si vyb\u00edr\u00e1te d\u016fv\u011bryhodn\u00e9 dodavatele specializuj\u00edc\u00ed se na <strong>velkoobchod s vapov\u00e1n\u00edm<\/strong> pro autentick\u00e9 produkty.<\/li>\n<li><strong>Kolik pot\u00e1hnut\u00ed poskytuje WGA 30k puff Vape?<\/strong><br \/>\nTento <strong>WGA 30k vape<\/strong> poskytuje impozantn\u00ed <strong>30 000 pot\u00e1hnut\u00ed<\/strong>, co\u017e je ide\u00e1ln\u00ed pro del\u0161\u00ed pou\u017e\u00edv\u00e1n\u00ed a hromadn\u00e9 n\u00e1kupy.<\/li>\n<li><strong>Jak dlouho vydr\u017e\u00ed obl\u00edben\u00e1 jednor\u00e1zov\u00e1 vape pen WGA 30000?<\/strong><br \/>\n\u017divotnost <strong>WGA 30000 vape pen<\/strong> z\u00e1vis\u00ed na individu\u00e1ln\u00edch zvyklostech pou\u017e\u00edv\u00e1n\u00ed. V pr\u016fm\u011bru b\u011b\u017en\u00ed u\u017eivatel\u00e9 zjist\u00ed, \u017ee vydr\u017e\u00ed mezi <strong>2 a\u017e 4 t\u00fddny<\/strong>.<\/li>\n<li><strong>Jak\u00e9 jsou obl\u00edben\u00e9 p\u0159\u00edchut\u011b pro jednor\u00e1zovou vape krabi\u010dku WGA 30k Puff?<\/strong><br \/>\nObl\u00edben\u00e9 p\u0159\u00edchut\u011b pro <strong>WGA 30k vape<\/strong> pat\u0159\u00ed <strong>Blue Razz Ice<\/strong>, <strong>Jahodov\u00fd ban\u00e1n<\/strong>, <strong>Chladiv\u00e1 m\u00e1ta<\/strong>, a dal\u0161\u00ed v\u00fdb\u011bry z <strong>15+ pr\u00e9miov\u00fdch p\u0159\u00edchut\u00ed<\/strong> k dispozici.<\/li>\n<li><strong>Jak dlouho trv\u00e1 nab\u00edjen\u00ed dob\u00edjec\u00ed vape WGA LEGEND ULTRA 30K Puffs?<\/strong><br \/>\nTento <strong>WGA LEGEND ULTRA 30k<\/strong> vape m\u00e1 <strong>650mAh Type-C dob\u00edjec\u00ed bateri\u00ed<\/strong>, co\u017e obvykle trv\u00e1 asi <strong>45 minut a\u017e 1 hodinu<\/strong> do \u00fapln\u00e9ho nabit\u00ed.<\/li>\n<li><strong>Kolik nikotinu obsahuje jednor\u00e1zov\u00e1 e-cigareta WGA LEGEND ULTRA 30000?<\/strong><br \/>\nTento <strong>E-cigareta WGA LEGEND ULTRA 30000<\/strong> obsahuje <strong>2% s\u00edlou nikotinu<\/strong>, nab\u00edz\u00ed uspokojiv\u00fd z\u00e1\u017eitek s n\u00edzk\u00fdm obsahem nikotinu.<\/li>\n<\/ul>\n<\/div>\n<\/div>\n<\/div>\n<\/div>\n<\/div>\n<\/div>\n<\/div>\n<\/div>\n<\/div>\n<\/div>\n<div class=\"group\/conversation-turn relative flex w-full min-w-0 flex-col agent-turn\">\n<div class=\"flex-col gap-1 md:gap-3\">\n<div class=\"flex max-w-full flex-col flex-grow\">\n<div class=\"min-h-8 text-message flex w-full flex-col items-end gap-2 whitespace-normal break-words [.text-message+&amp;]:mt-5\" dir=\"auto\" data-message-author-role=\"assistant\" data-message-id=\"a3dc01bd-23b0-4fd7-bb9a-7827522cefd8\" data-message-model-slug=\"gpt-4o\">\n<div class=\"flex w-full flex-col gap-1 empty:hidden first:pt-[3px]\"><\/div>\n<\/div>\n<\/div>\n<\/div>\n<\/div>\n<\/div>\n<\/div>\n<\/div>\n<\/div>\n<\/div>\n<\/div>\n<\/div>\n<\/div>\n<\/div>\n<\/div>\n<h3>O p\u0159eprav\u011b<\/h3>\n<div class=\"flex-shrink-0 flex flex-col relative items-end\">\n<div>\n<div class=\"pt-0\">\n<div class=\"gizmo-bot-avatar flex h-8 w-8 items-center justify-center overflow-hidden rounded-full\">\n<div><\/div>\n<div class=\"relative p-1 rounded-sm flex items-center justify-center bg-token-main-surface-primary text-token-text-primary h-8 w-8\"><strong>1. Jak\u00e9 zp\u016fsoby dopravy se pou\u017e\u00edvaj\u00ed?<\/strong><\/div>\n<\/div>\n<\/div>\n<\/div>\n<\/div>\n<div class=\"group\/conversation-turn relative flex w-full min-w-0 flex-col agent-turn\">\n<div class=\"flex-col gap-1 md:gap-3\">\n<div class=\"flex max-w-full flex-col flex-grow\">\n<div class=\"min-h-[20px] text-message flex w-full flex-col items-end gap-2 whitespace-normal break-words [.text-message+&amp;]:mt-5 overflow-x-auto\" dir=\"auto\" data-message-author-role=\"assistant\" data-message-id=\"22f8283b-3233-46ff-89a5-c7a41b33abda\">\n<div class=\"flex w-full flex-col gap-1 empty:hidden first:pt-[3px]\">\n<div class=\"markdown prose w-full break-words dark:prose-invert light\">\n<p>Spolupracujeme s UPS, DHL, FedEx, DPD a dal\u0161\u00edmi p\u0159edn\u00edmi p\u0159epravci. Vybereme nejlep\u0161\u00ed zp\u016fsob dopravy na z\u00e1klad\u011b va\u0161\u00ed doru\u010dovac\u00ed lokality, abychom zajistili, \u017ee sv\u00e9 produkty obdr\u017e\u00edte co nejrychleji.<\/p>\n<\/div>\n<p><strong>2. Jak dlouho trv\u00e1 doru\u010den\u00ed?<\/strong><\/p>\n<p>Bal\u00ed\u010dky odeslan\u00e9 do \u010cesk\u00e9 republiky obvykle doraz\u00ed do 10 pracovn\u00edch dn\u016f. P\u0159eprava do evropsk\u00fdch zem\u00ed obecn\u011b trv\u00e1 asi 12-15 pracovn\u00edch dn\u016f. O stavu va\u0161\u00ed z\u00e1silky v\u00e1s budeme pr\u016fb\u011b\u017en\u011b informovat.<\/p>\n<\/div>\n<\/div>\n<\/div>\n<\/div>\n<\/div>\n<p>&nbsp;<\/p>\n<p>Naj\u00edt v\u00edce produkt\u016f pro vaping, kter\u00e9 by se v\u00e1m mohly l\u00edbit:<strong><em><a href=\"https:\/\/rmvapesale.com\/cs\/shop-2\/\">nakupujte nyn\u00ed &gt;&gt;&gt;<\/a><\/em><\/strong><\/p>","protected":false},"excerpt":{"rendered":"<p>Tento <strong>WGA 30000 Pot\u00e1hnut\u00ed Dvojit\u00e9 P\u0159\u00edchut\u011b Dopl\u0148ovateln\u00e9 Jednor\u00e1zov\u00e9 Vape<\/strong>, revolu\u010dn\u00ed za\u0159\u00edzen\u00ed navr\u017een\u00e9 pro vapery, kte\u0159\u00ed hledaj\u00ed bezkonkuren\u010dn\u00ed v\u0161estrannost a v\u00fdkon. S kapacitou <strong>30 000 pot\u00e1hnut\u00ed.<\/strong><\/p>\n<p><img loading=\"lazy\" decoding=\"async\" class=\"size-full wp-image-2375\" src=\"https:\/\/rmvapesale.com\/wp-content\/uploads\/2024\/10\/image.png\" alt=\"Nejlep\u0161\u00ed jednor\u00e1zov\u00e1 e-cigareta\" width=\"229\" height=\"300\" \/><\/p>\n<h3><a href=\"https:\/\/wa.me\/8617776015835\"><span style=\"color: #ff0000\"><strong>WhatsApp: +86 17776015835<\/strong><\/span><\/a><\/h3>\n<p>&nbsp;<\/p>","protected":false},"featured_media":2796,"comment_status":"open","ping_status":"closed","template":"","meta":{"_uag_custom_page_level_css":"","_lmt_disableupdate":"no","_lmt_disable":"","site-sidebar-layout":"default","site-content-layout":"content-boxed-container","ast-site-content-layout":"normal-width-container","site-content-style":"boxed","site-sidebar-style":"unboxed","ast-global-header-display":"","ast-banner-title-visibility":"","ast-main-header-display":"","ast-hfb-above-header-display":"","ast-hfb-below-header-display":"","ast-hfb-mobile-header-display":"","site-post-title":"","ast-breadcrumbs-content":"","ast-featured-img":"","footer-sml-layout":"","ast-disable-related-posts":"","theme-transparent-header-meta":"default","adv-header-id-meta":"","stick-header-meta":"","header-above-stick-meta":"","header-main-stick-meta":"","header-below-stick-meta":"","astra-migrate-meta-layouts":"set","ast-page-background-enabled":"default","ast-page-background-meta":{"desktop":{"background-color":"var(--ast-global-color-4)","background-image":"","background-repeat":"repeat","background-position":"center center","background-size":"auto","background-attachment":"scroll","background-type":"","background-media":"","overlay-type":"","overlay-color":"","overlay-opacity":"","overlay-gradient":""},"tablet":{"background-color":"","background-image":"","background-repeat":"repeat","background-position":"center center","background-size":"auto","background-attachment":"scroll","background-type":"","background-media":"","overlay-type":"","overlay-color":"","overlay-opacity":"","overlay-gradient":""},"mobile":{"background-color":"","background-image":"","background-repeat":"repeat","background-position":"center center","background-size":"auto","background-attachment":"scroll","background-type":"","background-media":"","overlay-type":"","overlay-color":"","overlay-opacity":"","overlay-gradient":""}},"ast-content-background-meta":{"desktop":{"background-color":"var(--ast-global-color-5)","background-image":"","background-repeat":"repeat","background-position":"center center","background-size":"auto","background-attachment":"scroll","background-type":"","background-media":"","overlay-type":"","overlay-color":"","overlay-opacity":"","overlay-gradient":""},"tablet":{"background-color":"var(--ast-global-color-5)","background-image":"","background-repeat":"repeat","background-position":"center center","background-size":"auto","background-attachment":"scroll","background-type":"","background-media":"","overlay-type":"","overlay-color":"","overlay-opacity":"","overlay-gradient":""},"mobile":{"background-color":"var(--ast-global-color-5)","background-image":"","background-repeat":"repeat","background-position":"center center","background-size":"auto","background-attachment":"scroll","background-type":"","background-media":"","overlay-type":"","overlay-color":"","overlay-opacity":"","overlay-gradient":""}},"_joinchat":[]},"product_brand":[],"product_cat":[15,27,25,123,30,26,28,137,136,135],"product_tag":[229,232,69],"class_list":{"0":"post-2799","1":"product","2":"type-product","3":"status-publish","4":"has-post-thumbnail","6":"product_cat-new-vape-this-week","7":"product_cat-fance-hot-sale-vape","8":"product_cat-germany-best-selling-vape","9":"product_cat-italy-wholesale-vape","10":"product_cat-minimum-order-quantity-50pcs","11":"product_cat-netherlands-hot-sale-vape","12":"product_cat-poland-hot-sale-vape","13":"product_cat-rechargeable-vapes","14":"product_cat-smart-screen-vapes","15":"product_cat-spain-best-hot-sale-vape","16":"product_tag-smart-disposable-vapes","17":"product_tag-wga-30k","18":"product_tag-wga-vape","19":"desktop-align-left","20":"tablet-align-left","21":"mobile-align-left","23":"first","24":"instock","25":"sale","26":"shipping-taxable","27":"purchasable","28":"product-type-simple"},"uagb_featured_image_src":{"full":["https:\/\/rmvapesale.com\/wp-content\/uploads\/2024\/11\/WGA-Legend-Ultra-30000-Disposable-Vape.jpg",1126,1126,false],"thumbnail":["https:\/\/rmvapesale.com\/wp-content\/uploads\/2024\/11\/WGA-Legend-Ultra-30000-Disposable-Vape-150x150.jpg",150,150,true],"medium":["https:\/\/rmvapesale.com\/wp-content\/uploads\/2024\/11\/WGA-Legend-Ultra-30000-Disposable-Vape-300x300.jpg",300,300,true],"medium_large":["https:\/\/rmvapesale.com\/wp-content\/uploads\/2024\/11\/WGA-Legend-Ultra-30000-Disposable-Vape-768x768.jpg",768,768,true],"large":["https:\/\/rmvapesale.com\/wp-content\/uploads\/2024\/11\/WGA-Legend-Ultra-30000-Disposable-Vape-1024x1024.jpg",1024,1024,true],"1536x1536":["https:\/\/rmvapesale.com\/wp-content\/uploads\/2024\/11\/WGA-Legend-Ultra-30000-Disposable-Vape.jpg",1126,1126,false],"2048x2048":["https:\/\/rmvapesale.com\/wp-content\/uploads\/2024\/11\/WGA-Legend-Ultra-30000-Disposable-Vape.jpg",1126,1126,false],"trp-custom-language-flag":["https:\/\/rmvapesale.com\/wp-content\/uploads\/2024\/11\/WGA-Legend-Ultra-30000-Disposable-Vape.jpg",12,12,false],"woocommerce_thumbnail":["https:\/\/rmvapesale.com\/wp-content\/uploads\/2024\/11\/WGA-Legend-Ultra-30000-Disposable-Vape-300x300.jpg",300,300,true],"woocommerce_single":["https:\/\/rmvapesale.com\/wp-content\/uploads\/2024\/11\/WGA-Legend-Ultra-30000-Disposable-Vape-600x600.jpg",600,600,true],"woocommerce_gallery_thumbnail":["https:\/\/rmvapesale.com\/wp-content\/uploads\/2024\/11\/WGA-Legend-Ultra-30000-Disposable-Vape-100x100.jpg",100,100,true],"wcpr-photo-reviews":["https:\/\/rmvapesale.com\/wp-content\/uploads\/2024\/11\/WGA-Legend-Ultra-30000-Disposable-Vape.jpg",500,500,false]},"uagb_author_info":{"display_name":"AMY","author_link":"https:\/\/rmvapesale.com\/cs\/author\/"},"uagb_comment_info":0,"uagb_excerpt":"The WGA 30000 Puffs Double Flavors Refillable Disposable Vape, a revolutionary device designed for vapers seeking unmatched versatility and performance. With a capacity of 30,000 puffs. WhatsApp: +86 17776015835 &nbsp;","_links":{"self":[{"href":"https:\/\/rmvapesale.com\/cs\/wp-json\/wp\/v2\/product\/2799","targetHints":{"allow":["GET"]}}],"collection":[{"href":"https:\/\/rmvapesale.com\/cs\/wp-json\/wp\/v2\/product"}],"about":[{"href":"https:\/\/rmvapesale.com\/cs\/wp-json\/wp\/v2\/types\/product"}],"replies":[{"embeddable":true,"href":"https:\/\/rmvapesale.com\/cs\/wp-json\/wp\/v2\/comments?post=2799"}],"wp:featuredmedia":[{"embeddable":true,"href":"https:\/\/rmvapesale.com\/cs\/wp-json\/wp\/v2\/media\/2796"}],"wp:attachment":[{"href":"https:\/\/rmvapesale.com\/cs\/wp-json\/wp\/v2\/media?parent=2799"}],"wp:term":[{"taxonomy":"product_brand","embeddable":true,"href":"https:\/\/rmvapesale.com\/cs\/wp-json\/wp\/v2\/product_brand?post=2799"},{"taxonomy":"product_cat","embeddable":true,"href":"https:\/\/rmvapesale.com\/cs\/wp-json\/wp\/v2\/product_cat?post=2799"},{"taxonomy":"product_tag","embeddable":true,"href":"https:\/\/rmvapesale.com\/cs\/wp-json\/wp\/v2\/product_tag?post=2799"}],"curies":[{"name":"wp","href":"https:\/\/api.w.org\/{rel}","templated":true}]}}