{"id":2831,"date":"2024-12-02T03:50:09","date_gmt":"2024-12-02T03:50:09","guid":{"rendered":"https:\/\/rmvapesale.com\/?post_type=product&#038;p=2831"},"modified":"2024-12-03T09:57:39","modified_gmt":"2024-12-03T09:57:39","slug":"randm-tornado-15000-puff-fumot-vape-bulk-buy-price","status":"publish","type":"product","link":"https:\/\/rmvapesale.com\/cs\/product\/randm-tornado-15000-puff-fumot-vape-bulk-buy-price\/","title":{"rendered":"RandM Tornado 15000 Puff Fumot Vape Hromadn\u00fd n\u00e1kup"},"content":{"rendered":"<div class=\"B2VR9 CJHX3e\">\n<div class=\"wyccme\">\n<h1 class=\"LC20lb MBeuO DKV0Md\">RandM Tornado 15000 Puff Fumot Vape Hromadn\u00fd n\u00e1kup<\/h1>\n<div class=\"flex-shrink-0 flex flex-col relative items-end\">\n<div class=\"pt-0\">\n<div class=\"gizmo-bot-avatar flex h-8 w-8 items-center justify-center overflow-hidden rounded-full\">\n<div class=\"relative p-1 rounded-sm flex items-center justify-center bg-token-main-surface-primary text-token-text-primary h-8 w-8\">\n<p>Tento <strong>RandM Tornado 15000 Puf\u016f Fumot Vape<\/strong> je dokonalou kombinac\u00ed v\u00fdkonu a stylu, co\u017e z n\u011bj \u010din\u00ed hlavn\u00ed volbu pro vapery hledaj\u00edc\u00ed pr\u00e9miov\u00e9 jednor\u00e1zov\u00e9 za\u0159\u00edzen\u00ed. Nab\u00edz\u00ed p\u016fsobiv\u00fd <strong>15 000 potah\u016f<\/strong>, tento <strong>cURL Too many subrequests.<\/strong> je poh\u00e1n\u011bn <strong>850mAh baterie<\/strong> s rychl\u00fdm a pohodln\u00fdm <strong>nab\u00edjen\u00edm p\u0159es USB Type-C<\/strong>.<\/p>\n<p>Jednou z v\u00fdrazn\u00fdch vlastnost\u00ed je jeho \u017eiv\u00fd <strong>LED displej<\/strong>, kter\u00fd poskytuje aktu\u00e1ln\u00ed informace o stavu baterie a hladin\u011b oleje. To zaji\u0161\u0165uje, \u017ee nikdy nevy\u010derp\u00e1te energii nebo e-liquid neo\u010dek\u00e1van\u011b, co\u017e p\u0159id\u00e1v\u00e1 vrstvu pohodl\u00ed p\u0159i vapov\u00e1n\u00ed. V kombinaci s pokro\u010dil\u00fdm <strong>technologie mesh c\u00edvky<\/strong>, vaporiz\u00e9r poskytuje konzistentn\u011b hladk\u00fd par a bohatou chu\u0165 od za\u010d\u00e1tku do konce.<\/p>\n<p>S <strong>41 neodolateln\u00fdch p\u0159\u00edchut\u00ed<\/strong> na v\u00fdb\u011br, v\u010detn\u011b ovocn\u00fdch, mentolov\u00fdch a dezertov\u00fdch profil\u016f, je tu n\u011bco pro ka\u017ed\u00fd vkus. Obl\u00edben\u00e9 mo\u017enosti jako Mango Ice, Jahoda Meloun a Bor\u016fvka Malina jsou navr\u017eeny tak, aby poskytovaly uspokojiv\u00fd a osv\u011b\u017euj\u00edc\u00ed z\u00e1\u017eitek. A\u0165 jste za\u010d\u00e1te\u010dn\u00edk nebo zku\u0161en\u00fd vaper, <strong>RandM 15000<\/strong> nab\u00edz\u00ed p\u0159izp\u016fsobitelnou s\u00edlu nikotinu <strong>2% nebo 5%<\/strong>, vyhovuj\u00edc\u00ed r\u016fzn\u00fdm preferenc\u00edm.<\/p>\n<p>Kompaktn\u00ed, p\u0159enosn\u00fd a stylov\u00fd, <strong>RandM Vape 15000<\/strong> je ide\u00e1ln\u00ed pro osobn\u00ed pou\u017eit\u00ed nebo velkoobjemov\u00e9 n\u00e1kupy pro <strong>velkoobchod s vapov\u00e1n\u00edm<\/strong>. Zvy\u0161te svou vapovac\u00ed cestu s t\u00edmto inovativn\u00edm, vysoce v\u00fdkonn\u00fdm za\u0159\u00edzen\u00edm, kter\u00e9 kombinuje \u0161pi\u010dkov\u00e9 funkce s elegantn\u00edm, u\u017eivatelsky p\u0159\u00edv\u011btiv\u00fdm designem.<\/p>\n<\/div>\n<\/div>\n<\/div>\n<\/div>\n<\/div>\n<\/div>\n<p><strong>Kontaktujte Amy a z\u00edskejte spr\u00e1vnou odpov\u011b\u010f a kup\u00f3n na vape!<\/strong><\/p>\n<p><img loading=\"lazy\" decoding=\"async\" class=\"size-full wp-image-1978\" src=\"https:\/\/rmvapesale.com\/wp-content\/uploads\/2024\/09\/Disposable-Vape-Wholesale.jpg\" alt=\"Jednor\u00e1zov\u00e1 e-cigareta velkoobchod\" width=\"229\" height=\"300\" \/><\/p>\n<h3><a href=\"https:\/\/wa.me\/8617776015835\" target=\"_blank\" rel=\"noopener\"><span style=\"color: #ff0000\"><strong>WhatsApp: +86 17776015835<\/strong><\/span><\/a><\/h3>\n<p>&nbsp;<\/p>\n<h2><\/h2>\n<h2><strong>Kl\u00ed\u010dov\u00e9 vlastnosti RandM Tornado 15000<\/strong><\/h2>\n<ul>\n<li>A\u017e 32 000 pot\u00e1hnut\u00ed se dv\u011bma 26ml pody.<\/li>\n<li>Dvojit\u00e9 p\u0159ep\u00edn\u00e1n\u00ed p\u0159\u00edchut\u00ed pro rozmanitost.<\/li>\n<li>Nastaviteln\u00e9 \u00farovn\u011b nikotinu (0% - 5%).<\/li>\n<li>Dob\u00edjec\u00ed 650mAh baterie s portem Type-C.<\/li>\n<li>Vylep\u0161en\u00e1 chu\u0165 d\u00edky 1,0 ohmov\u00e9 Mesh Coil.<\/li>\n<\/ul>\n<h2><strong>Nejlep\u0161\u00ed p\u0159\u00edchu\u0165 pro RandM Tornado 15k<\/strong><\/h2>\n<p>&nbsp;<\/p>\n<p>1. Modr\u00fd Razz Lemon\u00e1da<br \/>\n2. Broskev s ledem<br \/>\n3. Kysel\u00e9 jablko<br \/>\n4.Ledov\u00fd meloun<br \/>\n5. Bor\u016fvka na ledu<br \/>\n6. Bor\u016fvka Malina<br \/>\n7. Ananas s ledem<br \/>\n8. T\u0159e\u0161e\u0148<br \/>\n9. Jahoda s Ledem<br \/>\n10. Vimto<br \/>\n11. Hroznov\u00e9 s ledem<br \/>\n12. Cola s ledem<br \/>\n13. Jahoda s melounem<br \/>\n14. R\u016f\u017eov\u00e1 Lemon\u00e1da<br \/>\n15. Sm\u00ed\u0161en\u00e9 bobule<br \/>\n16. Broskev s mangem<br \/>\n17. Dra\u010d\u00ed ovoce<br \/>\n18. Jahoda s hroznov\u00fdm v\u00ednem<br \/>\n19. Pan Blue<br \/>\n20. Sv\u011b\u017e\u00ed led<br \/>\n21. Ledov\u00e1 nanuk<br \/>\n22. Jahodovo-kiwi<br \/>\n23. Kiwi, maracuja, guava<br \/>\n24. T\u0159ikr\u00e1t bobule<br \/>\n25. Ban\u00e1nov\u00e1 ledov\u00e1<br \/>\n26. Broskev, bor\u016fvka, cukrovinka<br \/>\n27. Jablko broskev hru\u0161ka<br \/>\n28. Bobulov\u00e1 limon\u00e1da<br \/>\n29. Modr\u00e1 malina t\u0159e\u0161e\u0148<br \/>\n30. Bor\u016fvkov\u00e1 \u017ev\u00fdka\u010dka<br \/>\n31. Bor\u016fvka t\u0159e\u0161e\u0148 brusinka<br \/>\n32. Bor\u016fvka Gran\u00e1tov\u00e9 jablko<br \/>\n33. Bluesour Malina<br \/>\n34. T\u0159e\u0161\u0148ov\u00e1 Cola<br \/>\n35. \u017dv\u00fdkac\u00ed medv\u00eddek<br \/>\n36. Citron<br \/>\n37. Mango na ledu<br \/>\n38. \u010cerven\u00e1 energetick\u00e1 s ledem<br \/>\n39. Jahoda Ban\u00e1n<br \/>\n40. Jahoda Red Bull<br \/>\n41. Jahodov\u00e1 Melounov\u00e1 Limon\u00e1da<br \/>\n42. Ledov\u00fd \u010daj s citronem<br \/>\n43. Ledov\u00fd \u010daj s broskv\u00ed<br \/>\n44. Fizzov\u00e1 t\u0159e\u0161e\u0148<br \/>\n45. Skittles<\/p>\n<p>&nbsp;<\/p>\n<h3><strong>Pro\u010d si vybrat Rmvapesale pro Fumot Vape 15k\u00a0<\/strong><strong>V<\/strong><strong>ape Velkoobchod<\/strong><strong>?<\/strong><\/h3>\n<div class=\"flex-shrink-0 flex flex-col relative items-end\">\n<div class=\"pt-0\">\n<div class=\"gizmo-bot-avatar flex h-8 w-8 items-center justify-center overflow-hidden rounded-full\">\n<div class=\"relative p-1 rounded-sm flex items-center justify-center bg-token-main-surface-primary text-token-text-primary h-8 w-8\">\n<p>V\u00edtejte v Rmvapesale, va\u0161em d\u016fv\u011bryhodn\u00e9m obchod\u011b s pr\u00e9miov\u00fdmi jednor\u00e1zov\u00fdmi vapovac\u00edmi p\u0159\u00edstroji. S v\u00edce ne\u017e 5 lety odborn\u00fdch zku\u0161enost\u00ed v\u00e1m p\u0159in\u00e1\u0161\u00edme obl\u00edben\u00e9 zna\u010dky jednor\u00e1zov\u00fdch vapovac\u00edch p\u0159\u00edstroj\u016f, jako jsou Al Fakher, Vapme Vape, <a href=\"https:\/\/rmvapesale.com\/cs\/product-category\/bang-vapes\/\">Bang Vape<\/a>, Waspe, WGA Vape a<a href=\"https:\/\/rmvapesale.com\/cs\/product-category\/randm-fumot-vape\/\"> RandM Vape<\/a>.<\/p>\n<p>N\u00e1\u0161 sortiment zahrnuje \u017ehav\u00e9 prodejn\u00ed kousky jako <a href=\"https:\/\/rmvapesale.com\/cs\/product\/randm-tornado-15000-puffs-vape-wholesale\/\">RandM Tornado 15000<\/a> a chut\u00ed bohat\u00e9 volby jako Vapme 70000. Ka\u017ed\u00fd produkt je vyb\u00edr\u00e1n s d\u016frazem na kvalitu, hodnotu a rozmanitost, co\u017e zaru\u010duje, \u017ee najdete perfektn\u00ed shodu pro va\u0161e pot\u0159eby. Objevte v\u00fdjime\u010dn\u00e9 slu\u017eby a \u0161irokou \u0161k\u00e1lu \u0161pi\u010dkov\u00fdch produkt\u016f v Rmvapesale.<\/p>\n<\/div>\n<h3><\/h3>\n<div class=\"relative p-1 rounded-sm flex items-center justify-center bg-token-main-surface-primary text-token-text-primary h-8 w-8\">\n<h3><b> \u010casto kladen\u00e9 ot\u00e1zky k RandM Vape 15000 <\/b><b>Dob\u00edjec\u00ed jednor\u00e1zov\u00e1 vapka<\/b><\/h3>\n<div class=\"group\/conversation-turn relative flex w-full min-w-0 flex-col agent-turn\">\n<div class=\"flex-col gap-1 md:gap-3\">\n<div class=\"flex max-w-full flex-col flex-grow\">\n<div class=\"min-h-8 text-message flex w-full flex-col items-end gap-2 whitespace-normal break-words [.text-message+&amp;]:mt-5\" dir=\"auto\" data-message-author-role=\"assistant\" data-message-id=\"00c9b302-bc9c-4550-94ba-5a295efa2be3\" data-message-model-slug=\"gpt-4o\">\n<div class=\"flex w-full flex-col gap-1 empty:hidden first:pt-[3px]\">\n<div class=\"markdown prose w-full break-words dark:prose-invert light\">\n<div class=\"flex-shrink-0 flex flex-col relative items-end\">\n<div>\n<div class=\"pt-0\">\n<div class=\"gizmo-bot-avatar flex h-8 w-8 items-center justify-center overflow-hidden rounded-full\">\n<div class=\"relative p-1 rounded-sm flex items-center justify-center bg-token-main-surface-primary text-token-text-primary h-8 w-8\">\n<div class=\"flex-shrink-0 flex flex-col relative items-end\">\n<div>\n<div class=\"pt-0\">\n<div class=\"gizmo-bot-avatar flex h-8 w-8 items-center justify-center overflow-hidden rounded-full\">\n<div class=\"relative p-1 rounded-sm flex items-center justify-center bg-token-main-surface-primary text-token-text-primary h-8 w-8\">\n<p>&nbsp;<\/p>\n<p><strong>Kde koupit RandM Tornado 15000 Puffs vape za velkoobchodn\u00ed cenu v \u010cesk\u00e9 republice<\/strong><br \/>\nPro koupi RandM Tornado 15000 Puffs vape za velkoobchodn\u00ed ceny v \u010cesk\u00e9 republice kontaktujte autorizovan\u00e9 distributory nebo online velkoobchodn\u00ed dodavatele vape specializovan\u00e9 na produkty RandM Vape. Ujist\u011bte se, \u017ee dodavatel poskytuje origin\u00e1ln\u00ed produkty a dodr\u017euje p\u0159edpisy EU.<\/p>\n<p><strong>Kolik pot\u00e1hnut\u00ed poskytuje Fumot Vape 15000?<\/strong><br \/>\nFumot Vape 15000 poskytuje a\u017e 15 000 pot\u00e1hnut\u00ed, co\u017e nab\u00edz\u00ed v\u00fdjime\u010dnou dlouhov\u011bkost a hodnotu pro u\u017eivatele.<\/p>\n<p><strong>Jak dlouho vydr\u017e\u00ed popul\u00e1rn\u00ed jednor\u00e1zov\u00e1 vape pero RandM Tornado 15k?<\/strong><br \/>\nJednor\u00e1zov\u00e9 vape pero RandM Tornado 15k m\u016f\u017ee vydr\u017eet dva a\u017e t\u0159i t\u00fddny u m\u00edrn\u00fdch u\u017eivatel\u016f, v z\u00e1vislosti na vzorc\u00edch pou\u017e\u00edv\u00e1n\u00ed a frekvenci.<\/p>\n<p><strong>Jak\u00e9 jsou obl\u00edben\u00e9 p\u0159\u00edchut\u011b u jednor\u00e1zov\u00e9 krabice Fumot 15000 Puffs?<\/strong><br \/>\nObl\u00edben\u00e9 p\u0159\u00edchut\u011b u Fumot 15000 Puffs zahrnuj\u00ed Mango Ice, Jahoda Watermelon a Bor\u016fvka Malina, spolu s dal\u0161\u00edmi ovocn\u00fdmi, mentolov\u00fdmi a dezertn\u00edmi mo\u017enostmi z \u0161irok\u00e9ho v\u00fdb\u011bru p\u0159\u00edchut\u00ed.<\/p>\n<p><strong>Jak dlouho trv\u00e1 nabit\u00ed dob\u00edjec\u00edho vape RandM 15k?<\/strong><br \/>\nDob\u00edjen\u00ed vape RandM 15k trv\u00e1 p\u0159ibli\u017en\u011b 1-2 hodiny d\u00edky technologii rychl\u00e9ho nab\u00edjen\u00ed USB Type-C.<\/p>\n<p><strong>Kolik nikotinu je v jednor\u00e1zov\u00e9m vape RandM Tornado 15000?<\/strong><br \/>\nJednor\u00e1zov\u00e9 vape RandM Tornado 15000 nab\u00edz\u00ed nikotinov\u00e9 koncentrace 2% (20mg) a 5% (50mg), co\u017e poskytuje mo\u017enosti pro r\u016fzn\u00e9 preference u\u017eivatel\u016f.<\/p>\n<\/div>\n<\/div>\n<\/div>\n<\/div>\n<\/div>\n<\/div>\n<\/div>\n<\/div>\n<\/div>\n<\/div>\n<div class=\"group\/conversation-turn relative flex w-full min-w-0 flex-col agent-turn\">\n<div class=\"flex-col gap-1 md:gap-3\">\n<div class=\"flex max-w-full flex-col flex-grow\">\n<div class=\"min-h-8 text-message flex w-full flex-col items-end gap-2 whitespace-normal break-words [.text-message+&amp;]:mt-5\" dir=\"auto\" data-message-author-role=\"assistant\" data-message-id=\"a3dc01bd-23b0-4fd7-bb9a-7827522cefd8\" data-message-model-slug=\"gpt-4o\">\n<div class=\"flex w-full flex-col gap-1 empty:hidden first:pt-[3px]\"><\/div>\n<\/div>\n<\/div>\n<\/div>\n<\/div>\n<\/div>\n<\/div>\n<\/div>\n<\/div>\n<\/div>\n<\/div>\n<\/div>\n<\/div>\n<\/div>\n<\/div>\n<h3>O p\u0159eprav\u011b<\/h3>\n<div class=\"flex-shrink-0 flex flex-col relative items-end\">\n<div>\n<div class=\"pt-0\">\n<div class=\"gizmo-bot-avatar flex h-8 w-8 items-center justify-center overflow-hidden rounded-full\">\n<div><\/div>\n<div class=\"relative p-1 rounded-sm flex items-center justify-center bg-token-main-surface-primary text-token-text-primary h-8 w-8\"><strong>1. Jak\u00e9 zp\u016fsoby dopravy se pou\u017e\u00edvaj\u00ed?<\/strong><\/div>\n<\/div>\n<\/div>\n<\/div>\n<\/div>\n<div class=\"group\/conversation-turn relative flex w-full min-w-0 flex-col agent-turn\">\n<div class=\"flex-col gap-1 md:gap-3\">\n<div class=\"flex max-w-full flex-col flex-grow\">\n<div class=\"min-h-[20px] text-message flex w-full flex-col items-end gap-2 whitespace-normal break-words [.text-message+&amp;]:mt-5 overflow-x-auto\" dir=\"auto\" data-message-author-role=\"assistant\" data-message-id=\"22f8283b-3233-46ff-89a5-c7a41b33abda\">\n<div class=\"flex w-full flex-col gap-1 empty:hidden first:pt-[3px]\">\n<div class=\"markdown prose w-full break-words dark:prose-invert light\">\n<p>Spolupracujeme s UPS, DHL, FedEx, DPD a dal\u0161\u00edmi p\u0159edn\u00edmi p\u0159epravci. Vybereme nejlep\u0161\u00ed zp\u016fsob dopravy na z\u00e1klad\u011b va\u0161\u00ed doru\u010dovac\u00ed lokality, abychom zajistili, \u017ee sv\u00e9 produkty obdr\u017e\u00edte co nejrychleji.<\/p>\n<\/div>\n<p><strong>2. Jak dlouho trv\u00e1 doru\u010den\u00ed?<\/strong><\/p>\n<p>Bal\u00ed\u010dky odeslan\u00e9 do \u010cesk\u00e9 republiky obvykle doraz\u00ed do 10 pracovn\u00edch dn\u016f. P\u0159eprava do evropsk\u00fdch zem\u00ed obecn\u011b trv\u00e1 asi 12-15 pracovn\u00edch dn\u016f. O stavu va\u0161\u00ed z\u00e1silky v\u00e1s budeme pr\u016fb\u011b\u017en\u011b informovat.<\/p>\n<\/div>\n<\/div>\n<\/div>\n<\/div>\n<\/div>\n<p>&nbsp;<\/p>\n<p>Naj\u00edt v\u00edce produkt\u016f pro vaping, kter\u00e9 by se v\u00e1m mohly l\u00edbit:<strong><em><a href=\"https:\/\/rmvapesale.com\/cs\/shop-2\/\">nakupujte nyn\u00ed &gt;&gt;&gt;<\/a><\/em><\/strong><\/p>","protected":false},"excerpt":{"rendered":"<p>Randm Tornado 15000 Puf\u016f Fumot Digit\u00e1ln\u00ed Jednor\u00e1zov\u00fd Vaporiz\u00e9r<br \/>\nRandm 15000 Fumot Tornado Vape Velkoobchod<br \/>\nFumot RandM 15k Jednor\u00e1zov\u00fd Vaporiz\u00e9r Velkoobchodn\u00ed cena<\/p>\n<p><img loading=\"lazy\" decoding=\"async\" class=\"size-full wp-image-2375\" src=\"https:\/\/rmvapesale.com\/wp-content\/uploads\/2024\/10\/image.png\" alt=\"Nejlep\u0161\u00ed jednor\u00e1zov\u00e1 e-cigareta\" width=\"229\" height=\"300\" \/><\/p>\n<h3><a href=\"https:\/\/wa.me\/8617776015835\"><span style=\"color: #ff0000\"><strong>WhatsApp: +86 17776015835<\/strong><\/span><\/a><\/h3>\n<p>&nbsp;<\/p>","protected":false},"featured_media":2826,"comment_status":"open","ping_status":"closed","template":"","meta":{"_uag_custom_page_level_css":"","_lmt_disableupdate":"no","_lmt_disable":"","site-sidebar-layout":"default","site-content-layout":"content-boxed-container","ast-site-content-layout":"normal-width-container","site-content-style":"boxed","site-sidebar-style":"unboxed","ast-global-header-display":"","ast-banner-title-visibility":"","ast-main-header-display":"","ast-hfb-above-header-display":"","ast-hfb-below-header-display":"","ast-hfb-mobile-header-display":"","site-post-title":"","ast-breadcrumbs-content":"","ast-featured-img":"","footer-sml-layout":"","ast-disable-related-posts":"","theme-transparent-header-meta":"default","adv-header-id-meta":"","stick-header-meta":"","header-above-stick-meta":"","header-main-stick-meta":"","header-below-stick-meta":"","astra-migrate-meta-layouts":"set","ast-page-background-enabled":"default","ast-page-background-meta":{"desktop":{"background-color":"var(--ast-global-color-4)","background-image":"","background-repeat":"repeat","background-position":"center center","background-size":"auto","background-attachment":"scroll","background-type":"","background-media":"","overlay-type":"","overlay-color":"","overlay-opacity":"","overlay-gradient":""},"tablet":{"background-color":"","background-image":"","background-repeat":"repeat","background-position":"center center","background-size":"auto","background-attachment":"scroll","background-type":"","background-media":"","overlay-type":"","overlay-color":"","overlay-opacity":"","overlay-gradient":""},"mobile":{"background-color":"","background-image":"","background-repeat":"repeat","background-position":"center center","background-size":"auto","background-attachment":"scroll","background-type":"","background-media":"","overlay-type":"","overlay-color":"","overlay-opacity":"","overlay-gradient":""}},"ast-content-background-meta":{"desktop":{"background-color":"var(--ast-global-color-5)","background-image":"","background-repeat":"repeat","background-position":"center center","background-size":"auto","background-attachment":"scroll","background-type":"","background-media":"","overlay-type":"","overlay-color":"","overlay-opacity":"","overlay-gradient":""},"tablet":{"background-color":"var(--ast-global-color-5)","background-image":"","background-repeat":"repeat","background-position":"center center","background-size":"auto","background-attachment":"scroll","background-type":"","background-media":"","overlay-type":"","overlay-color":"","overlay-opacity":"","overlay-gradient":""},"mobile":{"background-color":"var(--ast-global-color-5)","background-image":"","background-repeat":"repeat","background-position":"center center","background-size":"auto","background-attachment":"scroll","background-type":"","background-media":"","overlay-type":"","overlay-color":"","overlay-opacity":"","overlay-gradient":""}},"_joinchat":[]},"product_brand":[],"product_cat":[15,27,51,25,123,30,26,28,31,137,136,135],"product_tag":[235,39,171,236,234,38],"class_list":{"0":"post-2831","1":"product","2":"type-product","3":"status-publish","4":"has-post-thumbnail","6":"product_cat-new-vape-this-week","7":"product_cat-fance-hot-sale-vape","8":"product_cat-fumot-vape","9":"product_cat-germany-best-selling-vape","10":"product_cat-italy-wholesale-vape","11":"product_cat-minimum-order-quantity-50pcs","12":"product_cat-netherlands-hot-sale-vape","13":"product_cat-poland-hot-sale-vape","14":"product_cat-randm-fumot-vape","15":"product_cat-rechargeable-vapes","16":"product_cat-smart-screen-vapes","17":"product_cat-spain-best-hot-sale-vape","18":"product_tag-fumot-15k","19":"product_tag-fumot-vape","20":"product_tag-randm-15000","21":"product_tag-randm-15k","22":"product_tag-randm-tornado-15000","23":"product_tag-randm-vape","24":"desktop-align-left","25":"tablet-align-left","26":"mobile-align-left","28":"first","29":"instock","30":"sale","31":"shipping-taxable","32":"purchasable","33":"product-type-simple"},"uagb_featured_image_src":{"full":["https:\/\/rmvapesale.com\/wp-content\/uploads\/2024\/12\/Fumot-RandM-15000-Puffs-Disposable-Vape.jpg",1130,1126,false],"thumbnail":["https:\/\/rmvapesale.com\/wp-content\/uploads\/2024\/12\/Fumot-RandM-15000-Puffs-Disposable-Vape-150x150.jpg",150,150,true],"medium":["https:\/\/rmvapesale.com\/wp-content\/uploads\/2024\/12\/Fumot-RandM-15000-Puffs-Disposable-Vape-300x300.jpg",300,300,true],"medium_large":["https:\/\/rmvapesale.com\/wp-content\/uploads\/2024\/12\/Fumot-RandM-15000-Puffs-Disposable-Vape-768x765.jpg",768,765,true],"large":["https:\/\/rmvapesale.com\/wp-content\/uploads\/2024\/12\/Fumot-RandM-15000-Puffs-Disposable-Vape-1024x1020.jpg",1024,1020,true],"1536x1536":["https:\/\/rmvapesale.com\/wp-content\/uploads\/2024\/12\/Fumot-RandM-15000-Puffs-Disposable-Vape.jpg",1130,1126,false],"2048x2048":["https:\/\/rmvapesale.com\/wp-content\/uploads\/2024\/12\/Fumot-RandM-15000-Puffs-Disposable-Vape.jpg",1130,1126,false],"trp-custom-language-flag":["https:\/\/rmvapesale.com\/wp-content\/uploads\/2024\/12\/Fumot-RandM-15000-Puffs-Disposable-Vape.jpg",12,12,false],"woocommerce_thumbnail":["https:\/\/rmvapesale.com\/wp-content\/uploads\/2024\/12\/Fumot-RandM-15000-Puffs-Disposable-Vape-300x300.jpg",300,300,true],"woocommerce_single":["https:\/\/rmvapesale.com\/wp-content\/uploads\/2024\/12\/Fumot-RandM-15000-Puffs-Disposable-Vape-600x598.jpg",600,598,true],"woocommerce_gallery_thumbnail":["https:\/\/rmvapesale.com\/wp-content\/uploads\/2024\/12\/Fumot-RandM-15000-Puffs-Disposable-Vape-100x100.jpg",100,100,true],"wcpr-photo-reviews":["https:\/\/rmvapesale.com\/wp-content\/uploads\/2024\/12\/Fumot-RandM-15000-Puffs-Disposable-Vape.jpg",500,498,false]},"uagb_author_info":{"display_name":"AMY","author_link":"https:\/\/rmvapesale.com\/cs\/author\/"},"uagb_comment_info":0,"uagb_excerpt":"Randm Tornado 15000 Puffs Fumot Digital Disposable Vape Randm 15000 Fumot Tornado Vape Wholesale Fumot RandM 15k Disposable Vape Bulk Price WhatsApp: +86 17776015835 &nbsp;","_links":{"self":[{"href":"https:\/\/rmvapesale.com\/cs\/wp-json\/wp\/v2\/product\/2831","targetHints":{"allow":["GET"]}}],"collection":[{"href":"https:\/\/rmvapesale.com\/cs\/wp-json\/wp\/v2\/product"}],"about":[{"href":"https:\/\/rmvapesale.com\/cs\/wp-json\/wp\/v2\/types\/product"}],"replies":[{"embeddable":true,"href":"https:\/\/rmvapesale.com\/cs\/wp-json\/wp\/v2\/comments?post=2831"}],"wp:featuredmedia":[{"embeddable":true,"href":"https:\/\/rmvapesale.com\/cs\/wp-json\/wp\/v2\/media\/2826"}],"wp:attachment":[{"href":"https:\/\/rmvapesale.com\/cs\/wp-json\/wp\/v2\/media?parent=2831"}],"wp:term":[{"taxonomy":"product_brand","embeddable":true,"href":"https:\/\/rmvapesale.com\/cs\/wp-json\/wp\/v2\/product_brand?post=2831"},{"taxonomy":"product_cat","embeddable":true,"href":"https:\/\/rmvapesale.com\/cs\/wp-json\/wp\/v2\/product_cat?post=2831"},{"taxonomy":"product_tag","embeddable":true,"href":"https:\/\/rmvapesale.com\/cs\/wp-json\/wp\/v2\/product_tag?post=2831"}],"curies":[{"name":"wp","href":"https:\/\/api.w.org\/{rel}","templated":true}]}}