{"id":2854,"date":"2024-12-09T09:37:36","date_gmt":"2024-12-09T09:37:36","guid":{"rendered":"https:\/\/rmvapesale.com\/?post_type=product&#038;p=2854"},"modified":"2024-12-09T09:52:38","modified_gmt":"2024-12-09T09:52:38","slug":"bang-vape-36000-puffs-rechargeable-disposable-vape-wholesale-price","status":"publish","type":"product","link":"https:\/\/rmvapesale.com\/cs\/product\/bang-vape-36000-puffs-rechargeable-disposable-vape-wholesale-price\/","title":{"rendered":"Bang Vape 36000 pot\u00e1hnut\u00ed Dob\u00edjec\u00ed jednor\u00e1zov\u00e1 elektronick\u00e1 cigareta Velkoobchodn\u00ed cena"},"content":{"rendered":"<div class=\"B2VR9 CJHX3e\">\n<div class=\"wyccme\">\n<div class=\"flex-shrink-0 flex flex-col relative items-end\">\n<div class=\"pt-0\">\n<div class=\"gizmo-bot-avatar flex h-8 w-8 items-center justify-center overflow-hidden rounded-full\">\n<div class=\"relative p-1 rounded-sm flex items-center justify-center bg-token-main-surface-primary text-token-text-primary h-8 w-8\">\n<div class=\"flex-shrink-0 flex flex-col relative items-end\">\n<div>\n<div class=\"pt-0\">\n<div class=\"gizmo-bot-avatar flex h-8 w-8 items-center justify-center overflow-hidden rounded-full\">\n<h1 class=\"relative p-1 rounded-sm flex items-center justify-center bg-token-main-surface-primary text-token-text-primary h-8 w-8\"><strong style=\"font-size: 1.5em\">Bang Vape 36000 pot\u00e1hnut\u00ed Dob\u00edjec\u00ed jednor\u00e1zov\u00e1 elektronick\u00e1 cigareta Velkoobchodn\u00ed cena<\/strong><\/h1>\n<\/div>\n<\/div>\n<\/div>\n<\/div>\n<\/div>\n<\/div>\n<\/div>\n<\/div>\n<div class=\"group\/conversation-turn relative flex w-full min-w-0 flex-col agent-turn\">\n<div class=\"flex-col gap-1 md:gap-3\">\n<div class=\"flex max-w-full flex-col flex-grow\">\n<div class=\"min-h-8 text-message flex w-full flex-col items-end gap-2 whitespace-normal break-words text-start [.text-message+&amp;]:mt-5\" dir=\"auto\" data-message-author-role=\"assistant\" data-message-id=\"80ece0c4-ead1-4ed9-a9f0-ddc22582b4f4\" data-message-model-slug=\"gpt-4o\">\n<div class=\"flex w-full flex-col gap-1 empty:hidden first:pt-[3px]\">\n<div class=\"markdown prose w-full break-words dark:prose-invert light\">\n<h3><\/h3>\n<\/div>\n<\/div>\n<\/div>\n<\/div>\n<\/div>\n<\/div>\n<div class=\"flex-shrink-0 flex flex-col relative items-end\">\n<div class=\"pt-0\">\n<div class=\"gizmo-bot-avatar flex h-8 w-8 items-center justify-center overflow-hidden rounded-full\">\n<div class=\"relative p-1 rounded-sm flex items-center justify-center bg-token-main-surface-primary text-token-text-primary h-8 w-8\">\n<p>Jednor\u00e1zov\u00e1 dob\u00edjec\u00ed e-cigareta Bang Vape 36000 Puffs je \u0161pi\u010dkov\u00e9 za\u0159\u00edzen\u00ed navr\u017een\u00e9 tak, aby poskytovalo nep\u0159ekonateln\u00fd v\u00fdkon, v\u00fdjime\u010dnou chu\u0165 a mimo\u0159\u00e1dnou \u017eivotnost. D\u00edky 36 000 potah\u016fm je navr\u017eena pro u\u017eivatele, kte\u0159\u00ed po\u017eaduj\u00ed dlouhodob\u00e9 pou\u017e\u00edv\u00e1n\u00ed a prvot\u0159\u00eddn\u00ed spokojenost bez nutnosti neust\u00e1l\u00fdch v\u00fdm\u011bn.<\/p>\n<p>Bang Vape 36000 je tak\u00e9 vybaven chytr\u00fdm LED displejem, kter\u00fd ukazuje \u017eivotnost baterie i hladinu e-liquidu, tak\u017ee budete v\u017edy p\u0159esn\u011b v\u011bd\u011bt, kdy je \u010das na dobit\u00ed nebo dopln\u011bn\u00ed. D\u00edky voliteln\u00fdm obsah\u016fm nikotinu 0%, 2%, 3% a 5% lze toto za\u0159\u00edzen\u00ed p\u0159izp\u016fsobit va\u0161\u00ed preferovan\u00e9 s\u00edle nikotinu, co\u017e ho \u010din\u00ed ide\u00e1ln\u00edm pro p\u0159\u00edle\u017eitostn\u00e9 i n\u00e1ro\u010dn\u011bj\u0161\u00ed vapery.<\/p>\n<p>Za velkoobchodn\u00ed ceny nab\u00edz\u00ed jednor\u00e1zov\u00e1 dob\u00edjec\u00ed e-cigareta Bang Vape 36000 Puffs neuv\u011b\u0159itelnou hodnotu pro prodejce a podniky s vapingov\u00fdmi produkty. D\u00edky sv\u00e9mu dlouhotrvaj\u00edc\u00edmu v\u00fdkonu, v\u0161estrann\u00fdm mo\u017enostem p\u0159\u00edchut\u00ed a p\u0159izp\u016fsobiteln\u00e9 s\u00edle nikotinu je ide\u00e1ln\u00edm produktem pro ty, kte\u0159\u00ed hledaj\u00ed vysoce kvalitn\u00ed jednor\u00e1zov\u00e9 e-cigarety za dostupn\u00e9 velkoobchodn\u00ed ceny.<\/p>\n<p>A\u0165 u\u017e si d\u011bl\u00e1te z\u00e1soby pro sv\u016fj obchod nebo jen hled\u00e1te vysoce v\u00fdkonn\u00fd vapingov\u00fd z\u00e1\u017eitek, Bang 36000 spl\u0148uje v\u0161echny po\u017eadavky. U\u017eijte si \u0161pi\u010dkov\u00fd z\u00e1\u017eitek z vapingu, kter\u00fd vydr\u017e\u00ed d\u00e9le, chutn\u00e1 l\u00e9pe a poskytuje v\u011bt\u0161\u00ed hodnotu \u2013 po\u0159i\u010fte si sv\u016fj Bang 36000 Puffs je\u0161t\u011b dnes!<\/p>\n<\/div>\n<\/div>\n<\/div>\n<\/div>\n<\/div>\n<\/div>\n<p><strong>Kontaktujte Amy a z\u00edskejte spr\u00e1vnou odpov\u011b\u010f a kup\u00f3n na vape!<\/strong><\/p>\n<p><img loading=\"lazy\" decoding=\"async\" class=\"size-full wp-image-1978\" src=\"https:\/\/rmvapesale.com\/wp-content\/uploads\/2024\/09\/Disposable-Vape-Wholesale.jpg\" alt=\"Jednor\u00e1zov\u00e1 e-cigareta velkoobchod\" width=\"229\" height=\"300\" \/><\/p>\n<h3><a href=\"https:\/\/wa.me\/8617776015835\" target=\"_blank\" rel=\"noopener\"><span style=\"color: #ff0000\"><strong>WhatsApp: +86 17776015835<\/strong><\/span><\/a><\/h3>\n<h2><\/h2>\n<h2><strong>Kl\u00ed\u010dov\u00e9 vlastnosti Bang Vape 36000<\/strong><\/h2>\n<p>N\u00e1zev polo\u017eky: E-cigareta Bang King Puffs<br \/>\nPo\u010det potah\u016f: 36000<br \/>\nKapacita e-liquidu: 30ml<br \/>\n\u017dhavic\u00ed hlava: 0.6ohm Mesh Coil<br \/>\nNikotin: 0%, 2%, 3%, 5%<br \/>\nBaterie: 650mah Baterie typu C<br \/>\nMno\u017estv\u00ed p\u0159\u00edchut\u00ed: 12 p\u0159\u00edchut\u00ed<br \/>\nFunkce: MESH COIL + nastaviteln\u00fd pr\u016ftok vzduchu + spolehliv\u00fd v\u00fdkon + LED indik\u00e1tor<\/p>\n<h2><\/h2>\n<h2><strong>\u00a0Seznam p\u0159\u00edchut\u00ed Bang 36000<\/strong><\/h2>\n<p>1. Blue Razz Ice<br \/>\n2. Juicy Peach Ice<br \/>\n3. Strawberry Watermelon<br \/>\n4. Strawberry Kiwi<br \/>\n5. Watermelon Ice<br \/>\n6. Peach Mango Watermelon<br \/>\n7. Jahodov\u00fd ban\u00e1n<br \/>\n8. Kiwi Marakuja Guava<br \/>\n9. Tropick\u00e9 ovoce<br \/>\n10. Hroznov\u00e9 jablko<br \/>\n11. Trojit\u00e9 lesn\u00ed plody s ledem<br \/>\n12. Mr.Blue<\/p>\n<p>&nbsp;<\/p>\n<p>&nbsp;<\/p>\n<h3><strong>Pro\u010d si vybrat Rmvapesale pro Bang Vape 36000 Puffs <\/strong><strong>V<\/strong><strong>ape Velkoobchod<\/strong><strong>?<\/strong><\/h3>\n<div class=\"flex-shrink-0 flex flex-col relative items-end\">\n<div class=\"pt-0\">\n<div class=\"gizmo-bot-avatar flex h-8 w-8 items-center justify-center overflow-hidden rounded-full\">\n<div class=\"relative p-1 rounded-sm flex items-center justify-center bg-token-main-surface-primary text-token-text-primary h-8 w-8\">\n<p>V\u00edtejte v Rmvapesale, va\u0161em d\u016fv\u011bryhodn\u00e9m obchod\u011b s pr\u00e9miov\u00fdmi jednor\u00e1zov\u00fdmi vapovac\u00edmi p\u0159\u00edstroji. S v\u00edce ne\u017e 5 lety odborn\u00fdch zku\u0161enost\u00ed v\u00e1m p\u0159in\u00e1\u0161\u00edme obl\u00edben\u00e9 zna\u010dky jednor\u00e1zov\u00fdch vapovac\u00edch p\u0159\u00edstroj\u016f, jako jsou Al Fakher, Vapme Vape, <a href=\"https:\/\/rmvapesale.com\/cs\/product-category\/bang-vapes\/\">Bang Vape<\/a>, Waspe, WGA Vape a<a href=\"https:\/\/rmvapesale.com\/cs\/product-category\/randm-fumot-vape\/\"> RandM Vape<\/a>.<\/p>\n<p>N\u00e1\u0161 sortiment zahrnuje \u017ehav\u00e9 prodejn\u00ed kousky jako <a href=\"https:\/\/rmvapesale.com\/cs\/product\/randm-tornado-15000-puffs-vape-wholesale\/\">RandM Tornado 15000<\/a> a chut\u00ed bohat\u00e9 volby jako Vapme 70000. Ka\u017ed\u00fd produkt je vyb\u00edr\u00e1n s d\u016frazem na kvalitu, hodnotu a rozmanitost, co\u017e zaru\u010duje, \u017ee najdete perfektn\u00ed shodu pro va\u0161e pot\u0159eby. Objevte v\u00fdjime\u010dn\u00e9 slu\u017eby a \u0161irokou \u0161k\u00e1lu \u0161pi\u010dkov\u00fdch produkt\u016f v Rmvapesale.<\/p>\n<\/div>\n<h3><\/h3>\n<div class=\"relative p-1 rounded-sm flex items-center justify-center bg-token-main-surface-primary text-token-text-primary h-8 w-8\">\n<h3><b> \u010casto kladen\u00e9 dotazy k Bang 36000 <\/b><b>Dob\u00edjec\u00ed jednor\u00e1zov\u00e1 vapka<\/b><\/h3>\n<div class=\"group\/conversation-turn relative flex w-full min-w-0 flex-col agent-turn\">\n<div class=\"flex-col gap-1 md:gap-3\">\n<div class=\"flex max-w-full flex-col flex-grow\">\n<div class=\"min-h-8 text-message flex w-full flex-col items-end gap-2 whitespace-normal break-words [.text-message+&amp;]:mt-5\" dir=\"auto\" data-message-author-role=\"assistant\" data-message-id=\"00c9b302-bc9c-4550-94ba-5a295efa2be3\" data-message-model-slug=\"gpt-4o\">\n<div class=\"flex w-full flex-col gap-1 empty:hidden first:pt-[3px]\">\n<div class=\"markdown prose w-full break-words dark:prose-invert light\">\n<div class=\"flex-shrink-0 flex flex-col relative items-end\">\n<div>\n<div class=\"pt-0\">\n<div class=\"gizmo-bot-avatar flex h-8 w-8 items-center justify-center overflow-hidden rounded-full\">\n<div class=\"relative p-1 rounded-sm flex items-center justify-center bg-token-main-surface-primary text-token-text-primary h-8 w-8\">\n<div class=\"flex-shrink-0 flex flex-col relative items-end\">\n<div>\n<div class=\"pt-0\">\n<div class=\"gizmo-bot-avatar flex h-8 w-8 items-center justify-center overflow-hidden rounded-full\">\n<div class=\"relative p-1 rounded-sm flex items-center justify-center bg-token-main-surface-primary text-token-text-primary h-8 w-8\">\n<p>&nbsp;<\/p>\n<p><strong>1. Kolik potah\u016f poskytuje jednor\u00e1zov\u00e1 e-cigareta Bang Vape 36000?<\/strong><\/p>\n<p>Tento <strong>Jednor\u00e1zov\u00e1 e-cigareta Bang Vape 36000<\/strong> nab\u00edz\u00ed p\u016fsobiv\u00fdch <strong>36 000 potah\u016f<\/strong> na jedno za\u0159\u00edzen\u00ed. Tento prodlou\u017een\u00fd po\u010det potah\u016f zaji\u0161\u0165uje dlouhotrvaj\u00edc\u00ed vapovac\u00ed z\u00e1\u017eitek, ide\u00e1ln\u00ed pro ka\u017edodenn\u00ed pou\u017eit\u00ed bez nutnosti \u010dast\u00e9 v\u00fdm\u011bny.<\/p>\n<hr \/>\n<p><strong>2. Jak\u00e9 jsou dostupn\u00e9 s\u00edly nikotinu v Bang Vape 36000?<\/strong><\/p>\n<p>Tento <strong>Jednor\u00e1zov\u00e1 e-cigareta Bang Vape 36000<\/strong> je k dispozici s p\u0159izp\u016fsobiteln\u00fdmi nikotinov\u00fdmi mo\u017enostmi, kter\u00e9 vyhovuj\u00ed r\u016fzn\u00fdm preferenc\u00edm. M\u016f\u017eete si vybrat z <strong>0 %, 2 %, 3 % a 5 %<\/strong> s\u00edly nikotinu, co\u017e v\u00e1m umo\u017en\u00ed naj\u00edt ide\u00e1ln\u00ed \u00farove\u0148 pro v\u00e1\u0161 vapovac\u00ed z\u00e1\u017eitek.<\/p>\n<hr \/>\n<p><strong>3. Jak dlouho vydr\u017e\u00ed Bang box 36000 na pln\u00e9 nabit\u00ed?<\/strong><\/p>\n<p>D\u00edky sv\u00e9 <strong>650mAh dob\u00edjec\u00ed baterie<\/strong>, tak <strong>Bang box 36000<\/strong> vydr\u017e\u00ed dlouho, ne\u017e je t\u0159eba ho dob\u00edt. Za\u0159\u00edzen\u00ed lze pohodln\u011b nab\u00edjet p\u0159es <strong>nab\u00edjec\u00edho portu typu C<\/strong>, co\u017e zaji\u0161\u0165uje rychl\u00e9 nab\u00edjen\u00ed s minim\u00e1ln\u00edmi prostoji.<\/p>\n<hr \/>\n<p><strong>4. Jak\u00e9 p\u0159\u00edchut\u011b jsou k dispozici pro Bang 36000?<\/strong><\/p>\n<p>Tento <strong>Bang 36000<\/strong> nab\u00edz\u00ed r\u016fzn\u00e9 <strong>12 lahodn\u00fdch p\u0159\u00edchut\u00ed<\/strong> na v\u00fdb\u011br, v\u010detn\u011b obl\u00edben\u00fdch jako <strong>Juicy Peach Ice<\/strong>, <strong>Jahoda Vodn\u00ed meloun<\/strong>, <strong>Watermelon Ice<\/strong>, a <strong>Tropical Fruit<\/strong>. D\u00edky funkci <strong>du\u00e1ln\u00ed p\u0159\u00edchu\u0165<\/strong> si m\u016f\u017eete vychutnat dv\u011b odli\u0161n\u00e9 p\u0159\u00edchut\u011b v jednom za\u0159\u00edzen\u00ed.<\/p>\n<hr \/>\n<p><strong>5. M\u00e1 Bang Vape 36K indik\u00e1tor stavu baterie a e-liquidu?<\/strong><\/p>\n<p>Ano, <strong>Bang Vape 36K<\/strong>\u00a0je vybaven <strong>inteligentn\u00edm LED displejem<\/strong> kter\u00fd zobrazuje <strong>stav baterie<\/strong> a <strong>hladinu e-liquidu<\/strong>, tak\u017ee v\u017edy v\u00edte, kdy je \u010das nab\u00edt nebo doplnit v\u00e1\u0161 vape. D\u00edky tomu je snadn\u00e9 sledovat a spravovat va\u0161e za\u0159\u00edzen\u00ed pro bezprobl\u00e9mov\u00fd z\u00e1\u017eitek z vapov\u00e1n\u00ed.<\/p>\n<\/div>\n<\/div>\n<\/div>\n<\/div>\n<\/div>\n<\/div>\n<\/div>\n<\/div>\n<\/div>\n<\/div>\n<div class=\"group\/conversation-turn relative flex w-full min-w-0 flex-col agent-turn\">\n<div class=\"flex-col gap-1 md:gap-3\">\n<div class=\"flex max-w-full flex-col flex-grow\">\n<div class=\"min-h-8 text-message flex w-full flex-col items-end gap-2 whitespace-normal break-words [.text-message+&amp;]:mt-5\" dir=\"auto\" data-message-author-role=\"assistant\" data-message-id=\"a3dc01bd-23b0-4fd7-bb9a-7827522cefd8\" data-message-model-slug=\"gpt-4o\">\n<div class=\"flex w-full flex-col gap-1 empty:hidden first:pt-[3px]\"><\/div>\n<\/div>\n<\/div>\n<\/div>\n<\/div>\n<\/div>\n<\/div>\n<\/div>\n<\/div>\n<\/div>\n<\/div>\n<\/div>\n<\/div>\n<\/div>\n<\/div>\n<h3>O p\u0159eprav\u011b<\/h3>\n<div class=\"flex-shrink-0 flex flex-col relative items-end\">\n<div>\n<div class=\"pt-0\">\n<div class=\"gizmo-bot-avatar flex h-8 w-8 items-center justify-center overflow-hidden rounded-full\">\n<div><\/div>\n<div class=\"relative p-1 rounded-sm flex items-center justify-center bg-token-main-surface-primary text-token-text-primary h-8 w-8\"><strong>1. Jak\u00e9 zp\u016fsoby dopravy se pou\u017e\u00edvaj\u00ed?<\/strong><\/div>\n<\/div>\n<\/div>\n<\/div>\n<\/div>\n<div class=\"group\/conversation-turn relative flex w-full min-w-0 flex-col agent-turn\">\n<div class=\"flex-col gap-1 md:gap-3\">\n<div class=\"flex max-w-full flex-col flex-grow\">\n<div class=\"min-h-[20px] text-message flex w-full flex-col items-end gap-2 whitespace-normal break-words [.text-message+&amp;]:mt-5 overflow-x-auto\" dir=\"auto\" data-message-author-role=\"assistant\" data-message-id=\"22f8283b-3233-46ff-89a5-c7a41b33abda\">\n<div class=\"flex w-full flex-col gap-1 empty:hidden first:pt-[3px]\">\n<div class=\"markdown prose w-full break-words dark:prose-invert light\">\n<p>Spolupracujeme s UPS, DHL, FedEx, DPD a dal\u0161\u00edmi p\u0159edn\u00edmi p\u0159epravci. Vybereme nejlep\u0161\u00ed zp\u016fsob dopravy na z\u00e1klad\u011b va\u0161\u00ed doru\u010dovac\u00ed lokality, abychom zajistili, \u017ee sv\u00e9 produkty obdr\u017e\u00edte co nejrychleji.<\/p>\n<\/div>\n<p><strong>2. Jak dlouho trv\u00e1 doru\u010den\u00ed?<\/strong><\/p>\n<p>Bal\u00ed\u010dky odeslan\u00e9 do \u010cesk\u00e9 republiky obvykle doraz\u00ed do 10 pracovn\u00edch dn\u016f. P\u0159eprava do evropsk\u00fdch zem\u00ed obecn\u011b trv\u00e1 asi 12-15 pracovn\u00edch dn\u016f. O stavu va\u0161\u00ed z\u00e1silky v\u00e1s budeme pr\u016fb\u011b\u017en\u011b informovat.<\/p>\n<\/div>\n<\/div>\n<\/div>\n<\/div>\n<\/div>\n<p>&nbsp;<\/p>\n<p>Naj\u00edt v\u00edce produkt\u016f pro vaping, kter\u00e9 by se v\u00e1m mohly l\u00edbit:<strong><em><a href=\"https:\/\/rmvapesale.com\/cs\/shop-2\/\">nakupujte nyn\u00ed &gt;&gt;&gt;<\/a><\/em><\/strong><\/p>","protected":false},"excerpt":{"rendered":"<p>Bang Vape 36000 Spaceman Disposable Vape Wholesale<br \/>\nBang Vape 36k Puffs Rechargeable Disposable Vape Wholesale Price<br \/>\nHot Sell Disposable Vape Pen Bang Vape 36000<\/p>\n<p><strong>Kontaktujte Amy a z\u00edskejte spr\u00e1vnou odpov\u011b\u010f a kup\u00f3n na vape!<\/strong><\/p>\n<p><img loading=\"lazy\" decoding=\"async\" class=\"size-full wp-image-2375\" src=\"https:\/\/rmvapesale.com\/wp-content\/uploads\/2024\/10\/image.png\" alt=\"Nejlep\u0161\u00ed jednor\u00e1zov\u00e1 e-cigareta\" width=\"229\" height=\"300\" \/><\/p>\n<h3><a href=\"https:\/\/wa.me\/8617776015835\"><span style=\"color: #ff0000\"><strong>WhatsApp: +86 17776015835<\/strong><\/span><\/a><\/h3>\n<p>&nbsp;<\/p>","protected":false},"featured_media":2851,"comment_status":"open","ping_status":"closed","template":"","meta":{"_uag_custom_page_level_css":"","_lmt_disableupdate":"no","_lmt_disable":"","site-sidebar-layout":"default","site-content-layout":"content-boxed-container","ast-site-content-layout":"normal-width-container","site-content-style":"boxed","site-sidebar-style":"unboxed","ast-global-header-display":"","ast-banner-title-visibility":"","ast-main-header-display":"","ast-hfb-above-header-display":"","ast-hfb-below-header-display":"","ast-hfb-mobile-header-display":"","site-post-title":"","ast-breadcrumbs-content":"","ast-featured-img":"","footer-sml-layout":"","ast-disable-related-posts":"","theme-transparent-header-meta":"default","adv-header-id-meta":"","stick-header-meta":"","header-above-stick-meta":"","header-main-stick-meta":"","header-below-stick-meta":"","astra-migrate-meta-layouts":"set","ast-page-background-enabled":"default","ast-page-background-meta":{"desktop":{"background-color":"var(--ast-global-color-4)","background-image":"","background-repeat":"repeat","background-position":"center center","background-size":"auto","background-attachment":"scroll","background-type":"","background-media":"","overlay-type":"","overlay-color":"","overlay-opacity":"","overlay-gradient":""},"tablet":{"background-color":"","background-image":"","background-repeat":"repeat","background-position":"center center","background-size":"auto","background-attachment":"scroll","background-type":"","background-media":"","overlay-type":"","overlay-color":"","overlay-opacity":"","overlay-gradient":""},"mobile":{"background-color":"","background-image":"","background-repeat":"repeat","background-position":"center center","background-size":"auto","background-attachment":"scroll","background-type":"","background-media":"","overlay-type":"","overlay-color":"","overlay-opacity":"","overlay-gradient":""}},"ast-content-background-meta":{"desktop":{"background-color":"var(--ast-global-color-5)","background-image":"","background-repeat":"repeat","background-position":"center center","background-size":"auto","background-attachment":"scroll","background-type":"","background-media":"","overlay-type":"","overlay-color":"","overlay-opacity":"","overlay-gradient":""},"tablet":{"background-color":"var(--ast-global-color-5)","background-image":"","background-repeat":"repeat","background-position":"center center","background-size":"auto","background-attachment":"scroll","background-type":"","background-media":"","overlay-type":"","overlay-color":"","overlay-opacity":"","overlay-gradient":""},"mobile":{"background-color":"var(--ast-global-color-5)","background-image":"","background-repeat":"repeat","background-position":"center center","background-size":"auto","background-attachment":"scroll","background-type":"","background-media":"","overlay-type":"","overlay-color":"","overlay-opacity":"","overlay-gradient":""}},"_joinchat":[]},"product_brand":[],"product_cat":[15,60,27,25,123,30,26,28,137,136,135],"product_tag":[239,199,111,240,120],"class_list":{"0":"post-2854","1":"product","2":"type-product","3":"status-publish","4":"has-post-thumbnail","6":"product_cat-new-vape-this-week","7":"product_cat-bang-vapes","8":"product_cat-fance-hot-sale-vape","9":"product_cat-germany-best-selling-vape","10":"product_cat-italy-wholesale-vape","11":"product_cat-minimum-order-quantity-50pcs","12":"product_cat-netherlands-hot-sale-vape","13":"product_cat-poland-hot-sale-vape","14":"product_cat-rechargeable-vapes","15":"product_cat-smart-screen-vapes","16":"product_cat-spain-best-hot-sale-vape","17":"product_tag-bang-36000","18":"product_tag-bang-vape","19":"product_tag-low-nicotine-disposable-vape","20":"product_tag-puff-36k","21":"product_tag-vape-wholesale","22":"desktop-align-left","23":"tablet-align-left","24":"mobile-align-left","26":"first","27":"instock","28":"sale","29":"shipping-taxable","30":"purchasable","31":"product-type-simple"},"uagb_featured_image_src":{"full":["https:\/\/rmvapesale.com\/wp-content\/uploads\/2024\/12\/Bang-36000-Disposable-Vape.jpg",1126,1126,false],"thumbnail":["https:\/\/rmvapesale.com\/wp-content\/uploads\/2024\/12\/Bang-36000-Disposable-Vape-150x150.jpg",150,150,true],"medium":["https:\/\/rmvapesale.com\/wp-content\/uploads\/2024\/12\/Bang-36000-Disposable-Vape-300x300.jpg",300,300,true],"medium_large":["https:\/\/rmvapesale.com\/wp-content\/uploads\/2024\/12\/Bang-36000-Disposable-Vape-768x768.jpg",768,768,true],"large":["https:\/\/rmvapesale.com\/wp-content\/uploads\/2024\/12\/Bang-36000-Disposable-Vape-1024x1024.jpg",1024,1024,true],"1536x1536":["https:\/\/rmvapesale.com\/wp-content\/uploads\/2024\/12\/Bang-36000-Disposable-Vape.jpg",1126,1126,false],"2048x2048":["https:\/\/rmvapesale.com\/wp-content\/uploads\/2024\/12\/Bang-36000-Disposable-Vape.jpg",1126,1126,false],"trp-custom-language-flag":["https:\/\/rmvapesale.com\/wp-content\/uploads\/2024\/12\/Bang-36000-Disposable-Vape.jpg",12,12,false],"woocommerce_thumbnail":["https:\/\/rmvapesale.com\/wp-content\/uploads\/2024\/12\/Bang-36000-Disposable-Vape-300x300.jpg",300,300,true],"woocommerce_single":["https:\/\/rmvapesale.com\/wp-content\/uploads\/2024\/12\/Bang-36000-Disposable-Vape-600x600.jpg",600,600,true],"woocommerce_gallery_thumbnail":["https:\/\/rmvapesale.com\/wp-content\/uploads\/2024\/12\/Bang-36000-Disposable-Vape-100x100.jpg",100,100,true],"wcpr-photo-reviews":["https:\/\/rmvapesale.com\/wp-content\/uploads\/2024\/12\/Bang-36000-Disposable-Vape.jpg",500,500,false]},"uagb_author_info":{"display_name":"AMY","author_link":"https:\/\/rmvapesale.com\/cs\/author\/"},"uagb_comment_info":0,"uagb_excerpt":"Bang Vape 36000 Spaceman Disposable Vape Wholesale Bang Vape 36k Puffs Rechargeable Disposable Vape Wholesale Price Hot Sell Disposable Vape Pen Bang Vape 36000 Contact Amy to get right reply and vape coupon! WhatsApp: +86 17776015835 &nbsp;","_links":{"self":[{"href":"https:\/\/rmvapesale.com\/cs\/wp-json\/wp\/v2\/product\/2854","targetHints":{"allow":["GET"]}}],"collection":[{"href":"https:\/\/rmvapesale.com\/cs\/wp-json\/wp\/v2\/product"}],"about":[{"href":"https:\/\/rmvapesale.com\/cs\/wp-json\/wp\/v2\/types\/product"}],"replies":[{"embeddable":true,"href":"https:\/\/rmvapesale.com\/cs\/wp-json\/wp\/v2\/comments?post=2854"}],"wp:featuredmedia":[{"embeddable":true,"href":"https:\/\/rmvapesale.com\/cs\/wp-json\/wp\/v2\/media\/2851"}],"wp:attachment":[{"href":"https:\/\/rmvapesale.com\/cs\/wp-json\/wp\/v2\/media?parent=2854"}],"wp:term":[{"taxonomy":"product_brand","embeddable":true,"href":"https:\/\/rmvapesale.com\/cs\/wp-json\/wp\/v2\/product_brand?post=2854"},{"taxonomy":"product_cat","embeddable":true,"href":"https:\/\/rmvapesale.com\/cs\/wp-json\/wp\/v2\/product_cat?post=2854"},{"taxonomy":"product_tag","embeddable":true,"href":"https:\/\/rmvapesale.com\/cs\/wp-json\/wp\/v2\/product_tag?post=2854"}],"curies":[{"name":"wp","href":"https:\/\/api.w.org\/{rel}","templated":true}]}}