{"id":2862,"date":"2024-12-13T09:20:35","date_gmt":"2024-12-13T09:20:35","guid":{"rendered":"https:\/\/rmvapesale.com\/?post_type=product&#038;p=2862"},"modified":"2024-12-13T09:26:19","modified_gmt":"2024-12-13T09:26:19","slug":"vapsolo-twins-20000-2-flavour-in-1-disposable-vape-bulk-buy-price","status":"publish","type":"product","link":"https:\/\/rmvapesale.com\/cs\/product\/vapsolo-twins-20000-2-flavour-in-1-disposable-vape-bulk-buy-price\/","title":{"rendered":"Vapsolo Twins 20000 Pot\u00e1hnut\u00ed 2 P\u0159\u00edchut\u011b v 1 Jednor\u00e1zov\u00e9 Vape Hromadn\u00fd n\u00e1kup Cena"},"content":{"rendered":"<div class=\"B2VR9 CJHX3e\">\n<div class=\"wyccme\">\n<div class=\"flex-shrink-0 flex flex-col relative items-end\">\n<div class=\"pt-0\">\n<div class=\"gizmo-bot-avatar flex h-8 w-8 items-center justify-center overflow-hidden rounded-full\">\n<div class=\"relative p-1 rounded-sm flex items-center justify-center bg-token-main-surface-primary text-token-text-primary h-8 w-8\">\n<div class=\"flex-shrink-0 flex flex-col relative items-end\">\n<div class=\"pt-0\">\n<div class=\"gizmo-bot-avatar flex h-8 w-8 items-center justify-center overflow-hidden rounded-full\">\n<h1 class=\"relative p-1 rounded-sm flex items-center justify-center bg-token-main-surface-primary text-token-text-primary h-8 w-8\">Vapsolo Twins 20000 Pot\u00e1hnut\u00ed 2 P\u0159\u00edchut\u011b v 1 Jednor\u00e1zov\u00e9 Vape Hromadn\u00fd n\u00e1kup Cena<\/h1>\n<\/div>\n<\/div>\n<\/div>\n<\/div>\n<\/div>\n<\/div>\n<\/div>\n<div class=\"group\/conversation-turn relative flex w-full min-w-0 flex-col agent-turn\">\n<div class=\"flex-col gap-1 md:gap-3\">\n<div class=\"flex max-w-full flex-col flex-grow\">\n<div class=\"min-h-8 text-message flex w-full flex-col items-end gap-2 whitespace-normal break-words text-start [.text-message+&amp;]:mt-5\" dir=\"auto\" data-message-author-role=\"assistant\" data-message-id=\"80ece0c4-ead1-4ed9-a9f0-ddc22582b4f4\" data-message-model-slug=\"gpt-4o\">\n<div class=\"flex w-full flex-col gap-1 empty:hidden first:pt-[3px]\">\n<div class=\"markdown prose w-full break-words dark:prose-invert light\">\n<h3><\/h3>\n<\/div>\n<\/div>\n<\/div>\n<\/div>\n<\/div>\n<\/div>\n<div class=\"flex-shrink-0 flex flex-col relative items-end\">\n<div class=\"pt-0\">\n<div class=\"gizmo-bot-avatar flex h-8 w-8 items-center justify-center overflow-hidden rounded-full\">\n<div class=\"relative p-1 rounded-sm flex items-center justify-center bg-token-main-surface-primary text-token-text-primary h-8 w-8\">\n<p>Pozvedn\u011bte sv\u016fj z\u00e1\u017eitek z vapov\u00e1n\u00ed s <strong>Vapsolo Twins 20000 2 Flavour in 1 Disposable Vape<\/strong>, dokonal\u00e9 \u0159e\u0161en\u00ed pro rozmanitost a pohodl\u00ed. S revolu\u010dn\u00edm <strong>dual-tank system<\/strong>toto za\u0159\u00edzen\u00ed poskytuje dva odli\u0161n\u00e9 chut\u011b v jednom elegantn\u00edm vaporiz\u00e9ru. S a <strong>masivn\u00ed kapacita 20 000 pot\u00e1hnut\u00ed<\/strong> a <strong>n\u00e1dr\u017e na e-liquid o objemu 25 ml<\/strong>, zaru\u010duje prodlou\u017eenou z\u00e1bavu bez p\u0159eru\u0161en\u00ed. Vybaveno s a <strong>650mAh dob\u00edjec\u00ed baterie<\/strong> a rychl\u00e9 nab\u00edjen\u00ed typu C, toto <strong>jednor\u00e1zov\u00e9 e-cigarety<\/strong> combines durability and eco-friendliness. The advanced <strong>technologie mesh c\u00edvky<\/strong> zaji\u0161\u0165uje plynul\u00fd v\u00fdpar a v\u00fdraznou chu\u0165, zat\u00edmco the <strong>nastaviteln\u00e9ho proud\u011bn\u00ed vzduchu<\/strong> nab\u00edz\u00ed personalizovan\u00fd z\u00e1\u017eitek z vapov\u00e1n\u00ed. A\u0165 u\u017e nakupujete pro osobn\u00ed pou\u017eit\u00ed nebo hled\u00e1te <strong>velkoobchod s vapov\u00e1n\u00edm<\/strong> ceny pro va\u0161e podnik\u00e1n\u00ed, toto <strong>jednor\u00e1zov\u00fd vape s n\u00edzk\u00fdm obsahem nikotinu<\/strong> je \u0161pi\u010dkou v oboru.<\/p>\n<\/div>\n<\/div>\n<\/div>\n<\/div>\n<\/div>\n<\/div>\n<p><strong>Kontaktujte Amy a z\u00edskejte spr\u00e1vnou odpov\u011b\u010f a kup\u00f3n na vape!<\/strong><\/p>\n<p><img loading=\"lazy\" decoding=\"async\" class=\"size-full wp-image-1978\" src=\"https:\/\/rmvapesale.com\/wp-content\/uploads\/2024\/09\/Disposable-Vape-Wholesale.jpg\" alt=\"Jednor\u00e1zov\u00e1 e-cigareta velkoobchod\" width=\"229\" height=\"300\" \/><\/p>\n<h3><a href=\"https:\/\/wa.me\/8617776015835\" target=\"_blank\" rel=\"noopener\"><span style=\"color: #ff0000\"><strong>WhatsApp: +86 17776015835<\/strong><\/span><\/a><\/h3>\n<h2><\/h2>\n<h2><strong>Vapsolo Twins 20000 Kl\u00ed\u010dov\u00e9 vlastnosti<\/strong><\/h2>\n<h3><\/h3>\n<ol>\n<li><strong>Dvojit\u00e1 chu\u0165ov\u00e1 pohodl\u00ed:<\/strong> U\u017eijte si dv\u011b p\u0159\u00edchut\u011b sou\u010dasn\u011b s inovativn\u00edm designem s dvojit\u00fdmi n\u00e1dr\u017ekami.<\/li>\n<li><strong>Dlouhotrvaj\u00edc\u00ed pou\u017eit\u00ed:<\/strong> Nab\u00edz\u00ed p\u016fsobivou <strong>20 000 pot\u00e1hnut\u00edmi<\/strong>, ide\u00e1ln\u00ed pro dlouhodob\u00e9 vapov\u00e1n\u00ed.<\/li>\n<li><strong>Dob\u00edjec\u00ed baterie:<\/strong> Nap\u00e1jeno spolehlivou bateri\u00ed 650mAh s rychl\u00fdm nab\u00edjen\u00edm Type-C.<\/li>\n<li><strong>\u0160t\u011bdr\u00e1 n\u00e1dr\u017eka na e-liquid:<\/strong> P\u0159edpln\u011bno <strong>25mL pr\u00e9miov\u00e9ho e-liquidu<\/strong> pro m\u00e9n\u011b dopl\u0148ov\u00e1n\u00ed.<\/li>\n<li><strong>Rozmanitost nikotinu:<\/strong> K dispozici v <strong>Mo\u017enosti nikotinu 2% a 5%<\/strong> pro v\u0161echny preference.<\/li>\n<li><strong>Vynikaj\u00edc\u00ed produkce par:<\/strong> Vlastn\u00ed pokro\u010dil\u00e9 <strong>technologie mesh c\u00edvky<\/strong> pro bohatou, konzistentn\u00ed p\u00e1ru.<\/li>\n<li><strong>P\u0159izp\u016fsobiteln\u00fd z\u00e1\u017eitek:<\/strong> Nastaviteln\u00e1 regulace pr\u016ftoku vzduchu pro p\u0159izp\u016fsoben\u00e9 vapov\u00e1n\u00ed.<\/li>\n<li><strong>Kompaktn\u00ed a stylov\u00fd:<\/strong> P\u0159enosn\u00fd design, kter\u00fd je ide\u00e1ln\u00ed pro ka\u017edodenn\u00ed pou\u017eit\u00ed.<\/li>\n<li><strong>U\u017eivatelsky p\u0159\u00edv\u011btiv\u00e9 ovl\u00e1d\u00e1n\u00ed:<\/strong> Syst\u00e9m aktivovan\u00fd tahem pro snadn\u00e9 vapov\u00e1n\u00ed.<\/li>\n<li><strong>V\u00fdhoda velkoobchodn\u00edch cen:<\/strong> Ide\u00e1ln\u00ed pro velkoobchodn\u00edky hledaj\u00edc\u00ed hodnotu a kvalitu<\/li>\n<\/ol>\n<h2><\/h2>\n<h2><strong>Vapsolo 20000 Seznam p\u0159\u00edchut\u00ed<\/strong><\/h2>\n<p>1. Citr\u00f3n Limeta &amp; Vodn\u00ed Meloun Ice<br \/>\n2. Hroznov\u00e9 Ice &amp; Jahodovo-Kiwi<br \/>\n3. Ananas Kokos &amp; Jahodovo-Ban\u00e1nov\u00e9<br \/>\n4. Pomeran\u010d Mango Vodn\u00ed Meloun &amp; Red Bull<br \/>\n5. Bor\u016fvka Ice &amp; Perliv\u00e1 T\u0159e\u0161e\u0148<br \/>\n6. Vodn\u00ed meloun Ice &amp; Sm\u00ed\u0161en\u00e9 bobule<br \/>\n7. Jahodovo-ban\u00e1nov\u00e1 &amp; Bublinkov\u00e1 t\u0159e\u0161e\u0148<br \/>\n8. Jahodovo-ryb\u00edzov\u00e1 t\u0159e\u0161e\u0148 Ice &amp; Hroznov\u00e9 Ice<br \/>\n9. Modr\u00fd Razz Lemon\u00e1da &amp; Citr\u00f3n-limetka<br \/>\n10. Vodn\u00ed meloun Ice &amp; Jahodovo-mango<br \/>\n11. Trojit\u00fd meloun &amp; Ryb\u00edzov\u00e1 vodn\u00ed meloun<br \/>\n12. \u010cern\u00e9 Ice Dra\u010d\u00ed ovoce Jahoda &amp; Ryb\u00edzov\u00e1 vodn\u00ed meloun<br \/>\n13. Ananas Kokos &amp; Vodn\u00ed meloun Ice<br \/>\n14. Jahodov\u00e9 Ice &amp; Mango broskev vodn\u00ed meloun<br \/>\n15. Jahoda Kiwi &amp; Jahoda Ryb\u00edzov\u00e1 t\u0159e\u0161e\u0148 Ice<br \/>\n16. Trojit\u00fd meloun &amp; Ananas Kokos<\/p>\n<p>&nbsp;<\/p>\n<h3><strong>Pro\u010d si vybrat Rmvapesale pro Vapsolo Twins 20k Puffs <\/strong><strong>V<\/strong><strong>ape Velkoobchod<\/strong><strong>?<\/strong><\/h3>\n<div class=\"flex-shrink-0 flex flex-col relative items-end\">\n<div class=\"pt-0\">\n<div class=\"gizmo-bot-avatar flex h-8 w-8 items-center justify-center overflow-hidden rounded-full\">\n<div class=\"relative p-1 rounded-sm flex items-center justify-center bg-token-main-surface-primary text-token-text-primary h-8 w-8\">\n<p>V\u00edtejte v Rmvapesale, va\u0161em d\u016fv\u011bryhodn\u00e9m obchod\u011b s pr\u00e9miov\u00fdmi jednor\u00e1zov\u00fdmi vapovac\u00edmi p\u0159\u00edstroji. S v\u00edce ne\u017e 5 lety odborn\u00fdch zku\u0161enost\u00ed v\u00e1m p\u0159in\u00e1\u0161\u00edme obl\u00edben\u00e9 zna\u010dky jednor\u00e1zov\u00fdch vapovac\u00edch p\u0159\u00edstroj\u016f, jako jsou Al Fakher, Vapme Vape, <a href=\"https:\/\/rmvapesale.com\/cs\/product-category\/bang-vapes\/\">Bang Vape<\/a>, Waspe, WGA Vape a<a href=\"https:\/\/rmvapesale.com\/cs\/product-category\/randm-fumot-vape\/\"> RandM Vape<\/a>.<\/p>\n<p>N\u00e1\u0161 sortiment zahrnuje \u017ehav\u00e9 prodejn\u00ed kousky jako <a href=\"https:\/\/rmvapesale.com\/cs\/product\/randm-tornado-15000-puffs-vape-wholesale\/\">RandM Tornado 15000<\/a> a chut\u00ed bohat\u00e9 volby jako Vapme 70000. Ka\u017ed\u00fd produkt je vyb\u00edr\u00e1n s d\u016frazem na kvalitu, hodnotu a rozmanitost, co\u017e zaru\u010duje, \u017ee najdete perfektn\u00ed shodu pro va\u0161e pot\u0159eby. Objevte v\u00fdjime\u010dn\u00e9 slu\u017eby a \u0161irokou \u0161k\u00e1lu \u0161pi\u010dkov\u00fdch produkt\u016f v Rmvapesale.<\/p>\n<\/div>\n<h3><\/h3>\n<div class=\"relative p-1 rounded-sm flex items-center justify-center bg-token-main-surface-primary text-token-text-primary h-8 w-8\">\n<h3><b> \u010cAST\u00c9 DOTAZY pro Vapsolo Twins 20000 <\/b><b>Dob\u00edjec\u00ed jednor\u00e1zov\u00e1 vapka<\/b><\/h3>\n<div class=\"group\/conversation-turn relative flex w-full min-w-0 flex-col agent-turn\">\n<div class=\"flex-col gap-1 md:gap-3\">\n<div class=\"flex max-w-full flex-col flex-grow\">\n<div class=\"min-h-8 text-message flex w-full flex-col items-end gap-2 whitespace-normal break-words [.text-message+&amp;]:mt-5\" dir=\"auto\" data-message-author-role=\"assistant\" data-message-id=\"00c9b302-bc9c-4550-94ba-5a295efa2be3\" data-message-model-slug=\"gpt-4o\">\n<div class=\"flex w-full flex-col gap-1 empty:hidden first:pt-[3px]\">\n<div class=\"markdown prose w-full break-words dark:prose-invert light\">\n<div class=\"flex-shrink-0 flex flex-col relative items-end\">\n<div class=\"pt-0\">\n<div class=\"gizmo-bot-avatar flex h-8 w-8 items-center justify-center overflow-hidden rounded-full\">\n<div class=\"relative p-1 rounded-sm flex items-center justify-center bg-token-main-surface-primary text-token-text-primary h-8 w-8\">\n<div class=\"flex-shrink-0 flex flex-col relative items-end\">\n<div class=\"pt-0\">\n<div class=\"gizmo-bot-avatar flex h-8 w-8 items-center justify-center overflow-hidden rounded-full\">\n<div class=\"relative p-1 rounded-sm flex items-center justify-center bg-token-main-surface-primary text-token-text-primary h-8 w-8\">\n<ol>\n<li><strong>Jak\u00e9 p\u0159\u00edchut\u011b si mohu u\u017e\u00edt s Vapsolo Twins 20000?<\/strong><br \/>\nDvoun\u00e1dr\u017eov\u00fd syst\u00e9m v\u00e1m umo\u017en\u00ed za\u017e\u00edt dv\u011b r\u016fzn\u00e9 p\u0159\u00edchut\u011b sou\u010dasn\u011b, \u010d\u00edm\u017e zpest\u0159\u00edte sv\u016fj z\u00e1\u017eitek z vapov\u00e1n\u00ed.<\/li>\n<li><strong>Kolik pot\u00e1hnut\u00ed tento p\u0159\u00edstroj poskytne?<\/strong><br \/>\nTento <strong>Vapsolo Twins 20000<\/strong> nab\u00edz\u00ed a\u017e <strong>20 000 pot\u00e1hnut\u00edmi<\/strong>, zaji\u0161\u0165uj\u00edc\u00ed dlouhotrvaj\u00edc\u00ed pou\u017eit\u00ed.<\/li>\n<li><strong>Lze Vapsolo Twins dob\u00edjet?<\/strong><br \/>\nAno, obsahuje <strong>650mAh dob\u00edjec\u00ed baterie<\/strong> s nab\u00edjen\u00edm Type-C pro rychl\u00e9 a pohodln\u00e9 dob\u00edjen\u00ed.<\/li>\n<li><strong>Jak\u00e9 \u00farovn\u011b nikotinu jsou k dispozici pro toto za\u0159\u00edzen\u00ed?<\/strong><br \/>\nTato <strong>jednor\u00e1zov\u00e9 e-cigarety<\/strong> p\u0159ich\u00e1z\u00ed v <strong>nikotinov\u00e9 s\u00edly 2% a 5%<\/strong>, vyhovuj\u00edc\u00ed r\u016fzn\u00fdm preferenc\u00edm u\u017eivatel\u016f.<\/li>\n<li><strong>Pro\u010d je VapSolo Twins 20000 ide\u00e1ln\u00ed pro velkoobchodn\u00ed kupce?<\/strong><br \/>\nJeho <strong>cena za velkoobchodn\u00ed n\u00e1kup<\/strong>, dlouhotrvaj\u00edc\u00ed v\u00fdkon a jedine\u010dn\u00e1 funkce dvojit\u00e9ho p\u0159\u00edchuti ho \u010din\u00ed obl\u00edbenou volbou pro prodejce.<\/li>\n<\/ol>\n<\/div>\n<\/div>\n<\/div>\n<\/div>\n<\/div>\n<\/div>\n<\/div>\n<\/div>\n<div class=\"group\/conversation-turn relative flex w-full min-w-0 flex-col agent-turn\">\n<div class=\"flex-col gap-1 md:gap-3\">\n<div class=\"flex max-w-full flex-col flex-grow\">\n<div class=\"min-h-8 text-message flex w-full flex-col items-end gap-2 whitespace-normal break-words [.text-message+&amp;]:mt-5\" dir=\"auto\" data-message-author-role=\"assistant\" data-message-id=\"a3dc01bd-23b0-4fd7-bb9a-7827522cefd8\" data-message-model-slug=\"gpt-4o\">\n<div class=\"flex w-full flex-col gap-1 empty:hidden first:pt-[3px]\"><\/div>\n<\/div>\n<\/div>\n<\/div>\n<\/div>\n<\/div>\n<\/div>\n<\/div>\n<\/div>\n<\/div>\n<\/div>\n<\/div>\n<\/div>\n<\/div>\n<\/div>\n<h3>O p\u0159eprav\u011b<\/h3>\n<div class=\"flex-shrink-0 flex flex-col relative items-end\">\n<div>\n<div class=\"pt-0\">\n<div class=\"gizmo-bot-avatar flex h-8 w-8 items-center justify-center overflow-hidden rounded-full\">\n<div><\/div>\n<div class=\"relative p-1 rounded-sm flex items-center justify-center bg-token-main-surface-primary text-token-text-primary h-8 w-8\"><strong>1. Jak\u00e9 zp\u016fsoby dopravy se pou\u017e\u00edvaj\u00ed?<\/strong><\/div>\n<\/div>\n<\/div>\n<\/div>\n<\/div>\n<div class=\"group\/conversation-turn relative flex w-full min-w-0 flex-col agent-turn\">\n<div class=\"flex-col gap-1 md:gap-3\">\n<div class=\"flex max-w-full flex-col flex-grow\">\n<div class=\"min-h-[20px] text-message flex w-full flex-col items-end gap-2 whitespace-normal break-words [.text-message+&amp;]:mt-5 overflow-x-auto\" dir=\"auto\" data-message-author-role=\"assistant\" data-message-id=\"22f8283b-3233-46ff-89a5-c7a41b33abda\">\n<div class=\"flex w-full flex-col gap-1 empty:hidden first:pt-[3px]\">\n<div class=\"markdown prose w-full break-words dark:prose-invert light\">\n<p>Spolupracujeme s UPS, DHL, FedEx, DPD a dal\u0161\u00edmi p\u0159edn\u00edmi p\u0159epravci. Vybereme nejlep\u0161\u00ed zp\u016fsob dopravy na z\u00e1klad\u011b va\u0161\u00ed doru\u010dovac\u00ed lokality, abychom zajistili, \u017ee sv\u00e9 produkty obdr\u017e\u00edte co nejrychleji.<\/p>\n<\/div>\n<p><strong>2. Jak dlouho trv\u00e1 doru\u010den\u00ed?<\/strong><\/p>\n<p>Bal\u00ed\u010dky odeslan\u00e9 do \u010cesk\u00e9 republiky obvykle doraz\u00ed do 10 pracovn\u00edch dn\u016f. P\u0159eprava do evropsk\u00fdch zem\u00ed obecn\u011b trv\u00e1 asi 12-15 pracovn\u00edch dn\u016f. O stavu va\u0161\u00ed z\u00e1silky v\u00e1s budeme pr\u016fb\u011b\u017en\u011b informovat.<\/p>\n<\/div>\n<\/div>\n<\/div>\n<\/div>\n<\/div>\n<p>&nbsp;<\/p>\n<p>Naj\u00edt v\u00edce produkt\u016f pro vaping, kter\u00e9 by se v\u00e1m mohly l\u00edbit:<strong><em><a href=\"https:\/\/rmvapesale.com\/cs\/shop-2\/\">nakupujte nyn\u00ed &gt;&gt;&gt;<\/a><\/em><\/strong><\/p>","protected":false},"excerpt":{"rendered":"<p>Vapsolo Twins 20000 Puffs 2 Flavour in 1 Disposable Vape Wholesale<br \/>\nVapsolo Twins 20000 2 P\u0159\u00edchut\u011b v 1 Dob\u00edjec\u00ed Jednor\u00e1zov\u00e1 Vape Velkoobchodn\u00ed cena<br \/>\nHork\u00fd prodej jednor\u00e1zov\u00e9 vaporiz\u00e9rov\u00e9 pero Vapsolo Twins 20000 pot\u00e1hnut\u00ed Velkoobchodn\u00ed n\u00e1kup levn\u00e1 cena<\/p>\n<p><strong>Kontaktujte Amy a z\u00edskejte spr\u00e1vnou odpov\u011b\u010f a kup\u00f3n na vape!<\/strong><\/p>\n<p><img loading=\"lazy\" decoding=\"async\" class=\"size-full wp-image-2375\" src=\"https:\/\/rmvapesale.com\/wp-content\/uploads\/2024\/10\/image.png\" alt=\"Nejlep\u0161\u00ed jednor\u00e1zov\u00e1 e-cigareta\" width=\"229\" height=\"300\" \/><\/p>\n<h3><a href=\"https:\/\/wa.me\/8617776015835\"><span style=\"color: #ff0000\"><strong>WhatsApp: +86 17776015835<\/strong><\/span><\/a><\/h3>\n<p>&nbsp;<\/p>","protected":false},"featured_media":2860,"comment_status":"open","ping_status":"closed","template":"","meta":{"_uag_custom_page_level_css":"","_lmt_disableupdate":"no","_lmt_disable":"","site-sidebar-layout":"default","site-content-layout":"content-boxed-container","ast-site-content-layout":"normal-width-container","site-content-style":"boxed","site-sidebar-style":"unboxed","ast-global-header-display":"","ast-banner-title-visibility":"","ast-main-header-display":"","ast-hfb-above-header-display":"","ast-hfb-below-header-display":"","ast-hfb-mobile-header-display":"","site-post-title":"","ast-breadcrumbs-content":"","ast-featured-img":"","footer-sml-layout":"","theme-transparent-header-meta":"default","adv-header-id-meta":"","stick-header-meta":"","header-above-stick-meta":"","header-main-stick-meta":"","header-below-stick-meta":"","astra-migrate-meta-layouts":"set","ast-page-background-enabled":"default","ast-page-background-meta":{"desktop":{"background-color":"var(--ast-global-color-4)","background-image":"","background-repeat":"repeat","background-position":"center center","background-size":"auto","background-attachment":"scroll","background-type":"","background-media":"","overlay-type":"","overlay-color":"","overlay-opacity":"","overlay-gradient":""},"tablet":{"background-color":"","background-image":"","background-repeat":"repeat","background-position":"center center","background-size":"auto","background-attachment":"scroll","background-type":"","background-media":"","overlay-type":"","overlay-color":"","overlay-opacity":"","overlay-gradient":""},"mobile":{"background-color":"","background-image":"","background-repeat":"repeat","background-position":"center center","background-size":"auto","background-attachment":"scroll","background-type":"","background-media":"","overlay-type":"","overlay-color":"","overlay-opacity":"","overlay-gradient":""}},"ast-content-background-meta":{"desktop":{"background-color":"var(--ast-global-color-5)","background-image":"","background-repeat":"repeat","background-position":"center center","background-size":"auto","background-attachment":"scroll","background-type":"","background-media":"","overlay-type":"","overlay-color":"","overlay-opacity":"","overlay-gradient":""},"tablet":{"background-color":"var(--ast-global-color-5)","background-image":"","background-repeat":"repeat","background-position":"center center","background-size":"auto","background-attachment":"scroll","background-type":"","background-media":"","overlay-type":"","overlay-color":"","overlay-opacity":"","overlay-gradient":""},"mobile":{"background-color":"var(--ast-global-color-5)","background-image":"","background-repeat":"repeat","background-position":"center center","background-size":"auto","background-attachment":"scroll","background-type":"","background-media":"","overlay-type":"","overlay-color":"","overlay-opacity":"","overlay-gradient":""}},"_joinchat":[]},"product_brand":[],"product_cat":[15,25,123,26,28,135,27,137,136,30],"product_tag":[40,111,243,241,242],"class_list":{"0":"post-2862","1":"product","2":"type-product","3":"status-publish","4":"has-post-thumbnail","6":"product_cat-new-vape-this-week","7":"product_cat-germany-best-selling-vape","8":"product_cat-italy-wholesale-vape","9":"product_cat-netherlands-hot-sale-vape","10":"product_cat-poland-hot-sale-vape","11":"product_cat-spain-best-hot-sale-vape","12":"product_cat-fance-hot-sale-vape","13":"product_cat-rechargeable-vapes","14":"product_cat-smart-screen-vapes","15":"product_cat-minimum-order-quantity-50pcs","16":"product_tag-hot-sale-vape","17":"product_tag-low-nicotine-disposable-vape","18":"product_tag-vapsolo","19":"product_tag-vapsolo-twins-20000","20":"product_tag-vapsolo-twins-20k","21":"desktop-align-left","22":"tablet-align-left","23":"mobile-align-left","25":"first","26":"instock","27":"sale","28":"shipping-taxable","29":"purchasable","30":"product-type-simple"},"uagb_featured_image_src":{"full":["https:\/\/rmvapesale.com\/wp-content\/uploads\/2024\/12\/VapSolo-Twins-20000-Disposable-Vape.jpg",1126,1126,false],"thumbnail":["https:\/\/rmvapesale.com\/wp-content\/uploads\/2024\/12\/VapSolo-Twins-20000-Disposable-Vape-150x150.jpg",150,150,true],"medium":["https:\/\/rmvapesale.com\/wp-content\/uploads\/2024\/12\/VapSolo-Twins-20000-Disposable-Vape-300x300.jpg",300,300,true],"medium_large":["https:\/\/rmvapesale.com\/wp-content\/uploads\/2024\/12\/VapSolo-Twins-20000-Disposable-Vape-768x768.jpg",768,768,true],"large":["https:\/\/rmvapesale.com\/wp-content\/uploads\/2024\/12\/VapSolo-Twins-20000-Disposable-Vape-1024x1024.jpg",1024,1024,true],"1536x1536":["https:\/\/rmvapesale.com\/wp-content\/uploads\/2024\/12\/VapSolo-Twins-20000-Disposable-Vape.jpg",1126,1126,false],"2048x2048":["https:\/\/rmvapesale.com\/wp-content\/uploads\/2024\/12\/VapSolo-Twins-20000-Disposable-Vape.jpg",1126,1126,false],"trp-custom-language-flag":["https:\/\/rmvapesale.com\/wp-content\/uploads\/2024\/12\/VapSolo-Twins-20000-Disposable-Vape.jpg",12,12,false],"woocommerce_thumbnail":["https:\/\/rmvapesale.com\/wp-content\/uploads\/2024\/12\/VapSolo-Twins-20000-Disposable-Vape-300x300.jpg",300,300,true],"woocommerce_single":["https:\/\/rmvapesale.com\/wp-content\/uploads\/2024\/12\/VapSolo-Twins-20000-Disposable-Vape-600x600.jpg",600,600,true],"woocommerce_gallery_thumbnail":["https:\/\/rmvapesale.com\/wp-content\/uploads\/2024\/12\/VapSolo-Twins-20000-Disposable-Vape-100x100.jpg",100,100,true],"wcpr-photo-reviews":["https:\/\/rmvapesale.com\/wp-content\/uploads\/2024\/12\/VapSolo-Twins-20000-Disposable-Vape.jpg",500,500,false]},"uagb_author_info":{"display_name":"AMY","author_link":"https:\/\/rmvapesale.com\/cs\/author\/"},"uagb_comment_info":0,"uagb_excerpt":"Vapsolo Twins 20000 Puffs 2 Flavour in 1 Disposable Vape Wholesale Vapsolo Twins 20000 2 Flavour in 1 Rechargeable Disposable Vape Wholesale Price Hot Sell Disposable Vape Pen Vapsolo Twins 20000 Puffs Bulk Buy Cheap Price Contact Amy to get right reply and vape coupon! WhatsApp: +86 17776015835 &nbsp;","_links":{"self":[{"href":"https:\/\/rmvapesale.com\/cs\/wp-json\/wp\/v2\/product\/2862","targetHints":{"allow":["GET"]}}],"collection":[{"href":"https:\/\/rmvapesale.com\/cs\/wp-json\/wp\/v2\/product"}],"about":[{"href":"https:\/\/rmvapesale.com\/cs\/wp-json\/wp\/v2\/types\/product"}],"replies":[{"embeddable":true,"href":"https:\/\/rmvapesale.com\/cs\/wp-json\/wp\/v2\/comments?post=2862"}],"wp:featuredmedia":[{"embeddable":true,"href":"https:\/\/rmvapesale.com\/cs\/wp-json\/wp\/v2\/media\/2860"}],"wp:attachment":[{"href":"https:\/\/rmvapesale.com\/cs\/wp-json\/wp\/v2\/media?parent=2862"}],"wp:term":[{"taxonomy":"product_brand","embeddable":true,"href":"https:\/\/rmvapesale.com\/cs\/wp-json\/wp\/v2\/product_brand?post=2862"},{"taxonomy":"product_cat","embeddable":true,"href":"https:\/\/rmvapesale.com\/cs\/wp-json\/wp\/v2\/product_cat?post=2862"},{"taxonomy":"product_tag","embeddable":true,"href":"https:\/\/rmvapesale.com\/cs\/wp-json\/wp\/v2\/product_tag?post=2862"}],"curies":[{"name":"wp","href":"https:\/\/api.w.org\/{rel}","templated":true}]}}