{"id":2876,"date":"2024-12-23T09:17:23","date_gmt":"2024-12-23T09:17:23","guid":{"rendered":"https:\/\/rmvapesale.com\/?post_type=product&#038;p=2876"},"modified":"2024-12-23T09:39:15","modified_gmt":"2024-12-23T09:39:15","slug":"bood-pulse-pro-50000-puff-50k-low-nicotine-disposable-vape-wholesale-bulk-buy-price","status":"publish","type":"product","link":"https:\/\/rmvapesale.com\/cs\/product\/bood-pulse-pro-50000-puff-50k-low-nicotine-disposable-vape-wholesale-bulk-buy-price\/","title":{"rendered":"Bood Pulse PRO 50000 tah\u016f 50k N\u00edzk\u00fd obsah nikotinu Jednor\u00e1zov\u00e1 e-cigareta Velkoobchodn\u00ed n\u00e1kup cena"},"content":{"rendered":"<div class=\"B2VR9 CJHX3e\">\n<div class=\"wyccme\">\n<div class=\"flex-shrink-0 flex flex-col relative items-end\">\n<div class=\"pt-0\">\n<div class=\"gizmo-bot-avatar flex h-8 w-8 items-center justify-center overflow-hidden rounded-full\">\n<div class=\"relative p-1 rounded-sm flex items-center justify-center bg-token-main-surface-primary text-token-text-primary h-8 w-8\">\n<div class=\"flex-shrink-0 flex flex-col relative items-end\">\n<div class=\"pt-0\">\n<div class=\"gizmo-bot-avatar flex h-8 w-8 items-center justify-center overflow-hidden rounded-full\">\n<h1 class=\"relative p-1 rounded-sm flex items-center justify-center bg-token-main-surface-primary text-token-text-primary h-8 w-8\">Bood Pulse PRO 50000 tah\u016f 50k N\u00edzk\u00fd obsah nikotinu Jednor\u00e1zov\u00e1 e-cigareta Velkoobchodn\u00ed n\u00e1kup cena<\/h1>\n<\/div>\n<\/div>\n<\/div>\n<\/div>\n<\/div>\n<\/div>\n<\/div>\n<div class=\"group\/conversation-turn relative flex w-full min-w-0 flex-col agent-turn\">\n<div class=\"flex-col gap-1 md:gap-3\">\n<div class=\"flex max-w-full flex-col flex-grow\">\n<div class=\"min-h-8 text-message flex w-full flex-col items-end gap-2 whitespace-normal break-words text-start [.text-message+&amp;]:mt-5\" dir=\"auto\" data-message-author-role=\"assistant\" data-message-id=\"80ece0c4-ead1-4ed9-a9f0-ddc22582b4f4\" data-message-model-slug=\"gpt-4o\">\n<div class=\"flex w-full flex-col gap-1 empty:hidden first:pt-[3px]\">\n<div class=\"markdown prose w-full break-words dark:prose-invert light\">\n<h3><\/h3>\n<\/div>\n<\/div>\n<\/div>\n<\/div>\n<\/div>\n<\/div>\n<div class=\"flex-shrink-0 flex flex-col relative items-end\">\n<div class=\"pt-0\">\n<div class=\"gizmo-bot-avatar flex h-8 w-8 items-center justify-center overflow-hidden rounded-full\">\n<div class=\"relative p-1 rounded-sm flex items-center justify-center bg-token-main-surface-primary text-token-text-primary h-8 w-8\">\n<p>Pozvedn\u011bte sv\u016fj z\u00e1\u017eitek z vapov\u00e1n\u00ed s <strong>Bood Pulse PRO 50000 Potah s n\u00edzk\u00fdm obsahem nikotinu Jednor\u00e1zov\u00fd vape<\/strong>, skute\u010dn\u00e1 inovace mezi <strong>zna\u010dkami jednor\u00e1zov\u00fdch vape<\/strong>. Toto <strong>vape s 50 tis\u00edci potahy<\/strong> je navr\u017een pro u\u017eivatele, kte\u0159\u00ed si cen\u00ed v\u00fdkonu, dlouh\u00e9 v\u00fddr\u017ee a stylu.<\/p>\n<p>Vybaven <strong>400mAh dob\u00edjec\u00ed baterie<\/strong> a <strong>rychl\u00e9 nab\u00edjen\u00ed Type-C<\/strong>, zaji\u0161\u0165uje, \u017ee je va\u0161e za\u0159\u00edzen\u00ed v\u017edy p\u0159ipraveno k pou\u017eit\u00ed. S kapacitou <strong>28ml e-liquidu<\/strong>nab\u00edz\u00ed tento vape a\u017e <strong>50 000 potah\u016f v norm\u00e1ln\u00edm re\u017eimu<\/strong> or <strong>25 000 potah\u016f v pulzn\u00edm re\u017eimu<\/strong>, co\u017e uspokoj\u00ed \u0161irokou \u0161k\u00e1lu preferenc\u00ed. <strong>Inteligentn\u00ed LED displej<\/strong> umo\u017e\u0148uje snadno sledovat po\u010det potah\u016f, stav baterie a re\u017eim vapov\u00e1n\u00ed.<\/p>\n<p>Dostupn\u00e9 za <strong>n\u00edzk\u00e9 velkoobchodn\u00ed ceny jednor\u00e1zov\u00fdch vape<\/strong>, tak <strong>Bood Pulse PRO 50000<\/strong> kombinuje pr\u00e9miov\u00e9 funkce a cenovou dostupnost, co\u017e ho \u010din\u00ed ide\u00e1ln\u00edm pro osobn\u00ed pou\u017eit\u00ed nebo pro <strong>velkoobchodn\u00ed n\u00e1kup<\/strong> pot\u0159eby. Vyberte si z \u0159ady neodolateln\u00fdch p\u0159\u00edchut\u00ed a u\u017eijte si hladk\u00fd, chutn\u00fd a p\u0159izp\u016fsoben\u00fd z\u00e1\u017eitek z vapov\u00e1n\u00ed.<\/p>\n<\/div>\n<\/div>\n<\/div>\n<\/div>\n<\/div>\n<\/div>\n<p><strong>Kontaktujte Amy a z\u00edskejte spr\u00e1vnou odpov\u011b\u010f a kup\u00f3n na vape!<\/strong><\/p>\n<p><img loading=\"lazy\" decoding=\"async\" class=\"size-full wp-image-1978\" src=\"https:\/\/rmvapesale.com\/wp-content\/uploads\/2024\/09\/Disposable-Vape-Wholesale.jpg\" alt=\"Jednor\u00e1zov\u00e1 e-cigareta velkoobchod\" width=\"229\" height=\"300\" \/><\/p>\n<h3><a href=\"https:\/\/wa.me\/8617776015835\" target=\"_blank\" rel=\"noopener\"><span style=\"color: #ff0000\"><strong>WhatsApp: +86 17776015835<\/strong><\/span><\/a><\/h3>\n<p>&nbsp;<\/p>\n<p><strong style=\"font-size: 1.7em\">Kl\u00ed\u010dov\u00e9 vlastnosti Bood Pulse PRO 50000<\/strong><\/p>\n<ol>\n<li><strong>Masivn\u00ed kapacita 50 000 potah\u016f:<\/strong> Dlouhotrvaj\u00edc\u00ed vapov\u00e1n\u00ed s <strong>Re\u017eimy Normal a Pulse<\/strong> pro v\u011bt\u0161\u00ed v\u0161estrannost.<\/li>\n<li><strong>Dob\u00edjec\u00ed baterie:<\/strong> <strong>Baterie s kapacitou 400 mAh<\/strong> s rychl\u00fdm nab\u00edjen\u00edm typu C zaji\u0161\u0165uje pohodl\u00ed.<\/li>\n<li><strong>Chytr\u00fd LED displej:<\/strong> Snadno sledujte po\u010det potah\u016f, stav baterie a nastaven\u00ed re\u017eimu.<\/li>\n<li><strong>Velkorys\u00e1 kapacita e-liquidu:<\/strong> 28ml n\u00e1dr\u017eka poskytuje prodlou\u017een\u00e9 vapov\u00e1n\u00ed bez \u010dast\u00e9ho dopl\u0148ov\u00e1n\u00ed.<\/li>\n<li><strong>P\u0159izp\u016fsobiteln\u00e9 re\u017eimy vapov\u00e1n\u00ed:<\/strong> Dva re\u017eimy \u2013 Normal pro dlouhou \u017eivotnost a Pulse pro intenzitu.<\/li>\n<li><strong>Mo\u017enosti s n\u00edzk\u00fdm obsahem nikotinu:<\/strong> K dispozici s obsahem nikotinu 0 %, 2 % nebo 5 % pro z\u00e1\u017eitek na m\u00edru.<\/li>\n<li><strong>Dostupn\u00e9 velkoobchodn\u00ed ceny:<\/strong> Ide\u00e1ln\u00ed pro <strong>pro z\u00e1jemce o levn\u00e9 vapy<\/strong> a hromadn\u00e9 kupuj\u00edc\u00ed.<\/li>\n<\/ol>\n<p><strong style=\"font-size: 1.7em\">Nejprod\u00e1van\u011bj\u0161\u00ed p\u0159\u00edchu\u0165 pro Bood Pulse PRO 50000\u00a0<\/strong><\/p>\n<p>1.MELOUN ANANAS POMERAN\u010c<br \/>\n2.BOR\u016eVKA KYSEL\u00c1 MALINA<br \/>\n3.VODN\u00cd MELOUN KIWI<br \/>\n4.BOR\u016eVKA VODN\u00cd MELOUN<br \/>\n5.LEDN\u00cd OSTRU\u017dINA<br \/>\n6.TROJIT\u00dd MELOUN<br \/>\n7.LEDN\u00cd JAHODA<br \/>\n8.LEDN\u00cd JAHODOV\u00dd VODN\u00cd MELOUN<br \/>\n9.DVOJIT\u00c1 LIMON\u00c1DA<br \/>\n10.HROZNOV\u00c9 V\u00cdNO, BRUSINKY, BOR\u016eVKY, MALINY<\/p>\n<p>&nbsp;<\/p>\n<figure id=\"attachment_2875\" aria-describedby=\"caption-attachment-2875\" style=\"width: 800px\" class=\"wp-caption alignnone\"><img loading=\"lazy\" decoding=\"async\" class=\"wp-image-2875 size-full\" src=\"https:\/\/rmvapesale.com\/wp-content\/uploads\/2024\/12\/Puff-50k-Bood-Pulse-50000-Puff-Disposable-Vape-Wholesale.jpg\" alt=\"Puff 50k Bood Pulse 50000 Puff Jednor\u00e1zov\u00e1 E-cigareta Velkoobchod\" width=\"800\" height=\"800\" srcset=\"https:\/\/rmvapesale.com\/wp-content\/uploads\/2024\/12\/Puff-50k-Bood-Pulse-50000-Puff-Disposable-Vape-Wholesale.jpg 800w, https:\/\/rmvapesale.com\/wp-content\/uploads\/2024\/12\/Puff-50k-Bood-Pulse-50000-Puff-Disposable-Vape-Wholesale-300x300.jpg 300w, https:\/\/rmvapesale.com\/wp-content\/uploads\/2024\/12\/Puff-50k-Bood-Pulse-50000-Puff-Disposable-Vape-Wholesale-150x150.jpg 150w, https:\/\/rmvapesale.com\/wp-content\/uploads\/2024\/12\/Puff-50k-Bood-Pulse-50000-Puff-Disposable-Vape-Wholesale-768x768.jpg 768w, https:\/\/rmvapesale.com\/wp-content\/uploads\/2024\/12\/Puff-50k-Bood-Pulse-50000-Puff-Disposable-Vape-Wholesale-600x600.jpg 600w, https:\/\/rmvapesale.com\/wp-content\/uploads\/2024\/12\/Puff-50k-Bood-Pulse-50000-Puff-Disposable-Vape-Wholesale-100x100.jpg 100w\" sizes=\"auto, (max-width: 800px) 100vw, 800px\" \/><figcaption id=\"caption-attachment-2875\" class=\"wp-caption-text\">Puff 50k Bood Pulse 50000 Puff Jednor\u00e1zov\u00e1 E-cigareta Velkoobchod<\/figcaption><\/figure>\n<p>&nbsp;<\/p>\n<h3><strong>Pro\u010d si vybrat Rmvapesale pro Bood Pulse PRO 50000 Puffs <\/strong><strong>V<\/strong><strong>ape Velkoobchod<\/strong><strong>?<\/strong><\/h3>\n<div class=\"flex-shrink-0 flex flex-col relative items-end\">\n<div class=\"pt-0\">\n<div class=\"gizmo-bot-avatar flex h-8 w-8 items-center justify-center overflow-hidden rounded-full\">\n<div class=\"relative p-1 rounded-sm flex items-center justify-center bg-token-main-surface-primary text-token-text-primary h-8 w-8\">\n<p>V\u00edtejte v Rmvapesale, va\u0161em d\u016fv\u011bryhodn\u00e9m obchod\u011b s pr\u00e9miov\u00fdmi jednor\u00e1zov\u00fdmi vapovac\u00edmi p\u0159\u00edstroji. S v\u00edce ne\u017e 5 lety odborn\u00fdch zku\u0161enost\u00ed v\u00e1m p\u0159in\u00e1\u0161\u00edme obl\u00edben\u00e9 zna\u010dky jednor\u00e1zov\u00fdch vapovac\u00edch p\u0159\u00edstroj\u016f, jako jsou Al Fakher, Vapme Vape, <a href=\"https:\/\/rmvapesale.com\/cs\/product-category\/bang-vapes\/\">Bang Vape<\/a>, Waspe, WGA Vape a<a href=\"https:\/\/rmvapesale.com\/cs\/product-category\/randm-fumot-vape\/\"> RandM Vape<\/a>.<\/p>\n<p>N\u00e1\u0161 sortiment zahrnuje \u017ehav\u00e9 prodejn\u00ed kousky jako <a href=\"https:\/\/rmvapesale.com\/cs\/product\/randm-tornado-15000-puffs-vape-wholesale\/\">RandM Tornado 15000<\/a> a chut\u00ed bohat\u00e9 volby jako Vapme 70000. Ka\u017ed\u00fd produkt je vyb\u00edr\u00e1n s d\u016frazem na kvalitu, hodnotu a rozmanitost, co\u017e zaru\u010duje, \u017ee najdete perfektn\u00ed shodu pro va\u0161e pot\u0159eby. Objevte v\u00fdjime\u010dn\u00e9 slu\u017eby a \u0161irokou \u0161k\u00e1lu \u0161pi\u010dkov\u00fdch produkt\u016f v Rmvapesale.<\/p>\n<\/div>\n<h3><\/h3>\n<div class=\"relative p-1 rounded-sm flex items-center justify-center bg-token-main-surface-primary text-token-text-primary h-8 w-8\">\n<h3><b> Nej\u010dast\u011bj\u0161\u00ed dotazy k Bood Pulse 50000 <\/b><b>Dob\u00edjec\u00ed jednor\u00e1zov\u00e1 vapka<\/b><\/h3>\n<div class=\"group\/conversation-turn relative flex w-full min-w-0 flex-col agent-turn\">\n<div class=\"flex-col gap-1 md:gap-3\">\n<div class=\"flex max-w-full flex-col flex-grow\">\n<div class=\"min-h-8 text-message flex w-full flex-col items-end gap-2 whitespace-normal break-words [.text-message+&amp;]:mt-5\" dir=\"auto\" data-message-author-role=\"assistant\" data-message-id=\"00c9b302-bc9c-4550-94ba-5a295efa2be3\" data-message-model-slug=\"gpt-4o\">\n<div class=\"flex w-full flex-col gap-1 empty:hidden first:pt-[3px]\">\n<div class=\"markdown prose w-full break-words dark:prose-invert light\">\n<div class=\"flex-shrink-0 flex flex-col relative items-end\">\n<div class=\"pt-0\">\n<div class=\"gizmo-bot-avatar flex h-8 w-8 items-center justify-center overflow-hidden rounded-full\">\n<div class=\"relative p-1 rounded-sm flex items-center justify-center bg-token-main-surface-primary text-token-text-primary h-8 w-8\">\n<div class=\"flex-shrink-0 flex flex-col relative items-end\">\n<div class=\"pt-0\">\n<div class=\"gizmo-bot-avatar flex h-8 w-8 items-center justify-center overflow-hidden rounded-full\">\n<div class=\"relative p-1 rounded-sm flex items-center justify-center bg-token-main-surface-primary text-token-text-primary h-8 w-8\">\n<h3><\/h3>\n<ol>\n<li><strong>Kolik potah\u016f Bood Pulse PRO 50000 poskytuje?<\/strong><br \/>\nZa\u0159\u00edzen\u00ed dod\u00e1v\u00e1 <strong>50 000 potah\u016f v norm\u00e1ln\u00edm re\u017eimu<\/strong> a <strong>25 000 potah\u016f v pulzn\u00edm re\u017eimu<\/strong>, zaji\u0161\u0165uj\u00edc\u00ed dlouhou \u017eivotnost.<\/li>\n<li><strong>Jak\u00fd je \u00fa\u010del inteligentn\u00edho LED displeje?<\/strong><br \/>\nTento <strong>LED obrazovka<\/strong> umo\u017e\u0148uje u\u017eivatel\u016fm snadno sledovat po\u010det potah\u016f, \u017eivotnost baterie a zvolen\u00fd re\u017eim vapov\u00e1n\u00ed.<\/li>\n<li><strong>Mohu nab\u00edt jednor\u00e1zov\u00fd vape Bood 50000?<\/strong><br \/>\nAno, je vybaven <strong>400mAh dob\u00edjec\u00ed baterie<\/strong> s rychl\u00fdm nab\u00edjen\u00edm Type-C pro va\u0161e pohodl\u00ed.<\/li>\n<li><strong>Jak\u00e9 \u00farovn\u011b nikotinu jsou k dispozici?<\/strong><br \/>\nTento <strong>Bood 50000<\/strong> nab\u00edz\u00ed mo\u017enosti nikotinu 0%, 2% a 5%, aby vyhovoval va\u0161im preferenc\u00edm.<\/li>\n<li><strong>Kde mohu koupit Bood Pulse PRO 50k za velkoobchodn\u00ed ceny?<\/strong><br \/>\nNav\u0161tivte <strong>internetov\u00fd obchod s vape Rmvapesale<\/strong> pro n\u00e1kup <strong>Jednor\u00e1zov\u00fd vape Bood Pulse PRO 50k s n\u00edzk\u00fdm obsahem nikotinu<\/strong> za bezkonkuren\u010dn\u00ed <strong>velkoobchodn\u00ed ceny p\u0159i hromadn\u00e9m n\u00e1kupu<\/strong>!<\/li>\n<\/ol>\n<\/div>\n<\/div>\n<\/div>\n<\/div>\n<\/div>\n<\/div>\n<\/div>\n<\/div>\n<div class=\"group\/conversation-turn relative flex w-full min-w-0 flex-col agent-turn\">\n<div class=\"flex-col gap-1 md:gap-3\">\n<div class=\"flex max-w-full flex-col flex-grow\">\n<div class=\"min-h-8 text-message flex w-full flex-col items-end gap-2 whitespace-normal break-words [.text-message+&amp;]:mt-5\" dir=\"auto\" data-message-author-role=\"assistant\" data-message-id=\"a3dc01bd-23b0-4fd7-bb9a-7827522cefd8\" data-message-model-slug=\"gpt-4o\">\n<div class=\"flex w-full flex-col gap-1 empty:hidden first:pt-[3px]\"><\/div>\n<\/div>\n<\/div>\n<\/div>\n<\/div>\n<\/div>\n<\/div>\n<\/div>\n<\/div>\n<\/div>\n<\/div>\n<\/div>\n<\/div>\n<\/div>\n<\/div>\n<h3>O p\u0159eprav\u011b<\/h3>\n<div class=\"flex-shrink-0 flex flex-col relative items-end\">\n<div>\n<div class=\"pt-0\">\n<div class=\"gizmo-bot-avatar flex h-8 w-8 items-center justify-center overflow-hidden rounded-full\">\n<div><\/div>\n<div class=\"relative p-1 rounded-sm flex items-center justify-center bg-token-main-surface-primary text-token-text-primary h-8 w-8\"><strong>1. Jak\u00e9 zp\u016fsoby dopravy se pou\u017e\u00edvaj\u00ed?<\/strong><\/div>\n<\/div>\n<\/div>\n<\/div>\n<\/div>\n<div class=\"group\/conversation-turn relative flex w-full min-w-0 flex-col agent-turn\">\n<div class=\"flex-col gap-1 md:gap-3\">\n<div class=\"flex max-w-full flex-col flex-grow\">\n<div class=\"min-h-[20px] text-message flex w-full flex-col items-end gap-2 whitespace-normal break-words [.text-message+&amp;]:mt-5 overflow-x-auto\" dir=\"auto\" data-message-author-role=\"assistant\" data-message-id=\"22f8283b-3233-46ff-89a5-c7a41b33abda\">\n<div class=\"flex w-full flex-col gap-1 empty:hidden first:pt-[3px]\">\n<div class=\"markdown prose w-full break-words dark:prose-invert light\">\n<p>Spolupracujeme s UPS, DHL, FedEx, DPD a dal\u0161\u00edmi p\u0159edn\u00edmi p\u0159epravci. Vybereme nejlep\u0161\u00ed zp\u016fsob dopravy na z\u00e1klad\u011b va\u0161\u00ed doru\u010dovac\u00ed lokality, abychom zajistili, \u017ee sv\u00e9 produkty obdr\u017e\u00edte co nejrychleji.<\/p>\n<\/div>\n<p><strong>2. Jak dlouho trv\u00e1 doru\u010den\u00ed?<\/strong><\/p>\n<p>Bal\u00ed\u010dky odeslan\u00e9 do \u010cesk\u00e9 republiky obvykle doraz\u00ed do 10 pracovn\u00edch dn\u016f. P\u0159eprava do evropsk\u00fdch zem\u00ed obecn\u011b trv\u00e1 asi 12-15 pracovn\u00edch dn\u016f. O stavu va\u0161\u00ed z\u00e1silky v\u00e1s budeme pr\u016fb\u011b\u017en\u011b informovat.<\/p>\n<\/div>\n<\/div>\n<\/div>\n<\/div>\n<\/div>\n<p>&nbsp;<\/p>\n<p>Naj\u00edt v\u00edce produkt\u016f pro vaping, kter\u00e9 by se v\u00e1m mohly l\u00edbit:<strong><em><a href=\"https:\/\/rmvapesale.com\/cs\/shop-2\/\">nakupujte nyn\u00ed &gt;&gt;&gt;<\/a><\/em><\/strong><\/p>","protected":false},"excerpt":{"rendered":"<p>Bood Pulse PRO 50000 Puf\u016f Jednor\u00e1zov\u00e1 Vape Velkoobchod<br \/>\nBood Pulse PRO 50000 Dob\u00edjec\u00ed Jednor\u00e1zov\u00e1 Vape Velkoobchodn\u00ed Cena<br \/>\nHork\u00fd Prodej Jednor\u00e1zov\u00e1 Vape Pero Bood Pulse PRO 50000 Hromadn\u00fd N\u00e1kup Levn\u00e1 Cena<\/p>\n<p><strong>Kontaktujte Amy a z\u00edskejte spr\u00e1vnou odpov\u011b\u010f a kup\u00f3n na vape!<\/strong><\/p>\n<p><img loading=\"lazy\" decoding=\"async\" class=\"size-full wp-image-2375\" src=\"https:\/\/rmvapesale.com\/wp-content\/uploads\/2024\/10\/image.png\" alt=\"Nejlep\u0161\u00ed jednor\u00e1zov\u00e1 e-cigareta\" width=\"229\" height=\"300\" \/><\/p>\n<h3><a href=\"https:\/\/wa.me\/8617776015835\"><span style=\"color: #ff0000\"><strong>WhatsApp: +86 17776015835<\/strong><\/span><\/a><\/h3>\n<p>&nbsp;<\/p>","protected":false},"featured_media":2874,"comment_status":"open","ping_status":"closed","template":"","meta":{"_uag_custom_page_level_css":"","_lmt_disableupdate":"no","_lmt_disable":"","site-sidebar-layout":"default","site-content-layout":"content-boxed-container","ast-site-content-layout":"normal-width-container","site-content-style":"boxed","site-sidebar-style":"unboxed","ast-global-header-display":"","ast-banner-title-visibility":"","ast-main-header-display":"","ast-hfb-above-header-display":"","ast-hfb-below-header-display":"","ast-hfb-mobile-header-display":"","site-post-title":"","ast-breadcrumbs-content":"","ast-featured-img":"","footer-sml-layout":"","ast-disable-related-posts":"","theme-transparent-header-meta":"default","adv-header-id-meta":"","stick-header-meta":"","header-above-stick-meta":"","header-main-stick-meta":"","header-below-stick-meta":"","astra-migrate-meta-layouts":"set","ast-page-background-enabled":"default","ast-page-background-meta":{"desktop":{"background-color":"var(--ast-global-color-4)","background-image":"","background-repeat":"repeat","background-position":"center center","background-size":"auto","background-attachment":"scroll","background-type":"","background-media":"","overlay-type":"","overlay-color":"","overlay-opacity":"","overlay-gradient":""},"tablet":{"background-color":"","background-image":"","background-repeat":"repeat","background-position":"center center","background-size":"auto","background-attachment":"scroll","background-type":"","background-media":"","overlay-type":"","overlay-color":"","overlay-opacity":"","overlay-gradient":""},"mobile":{"background-color":"","background-image":"","background-repeat":"repeat","background-position":"center center","background-size":"auto","background-attachment":"scroll","background-type":"","background-media":"","overlay-type":"","overlay-color":"","overlay-opacity":"","overlay-gradient":""}},"ast-content-background-meta":{"desktop":{"background-color":"var(--ast-global-color-5)","background-image":"","background-repeat":"repeat","background-position":"center center","background-size":"auto","background-attachment":"scroll","background-type":"","background-media":"","overlay-type":"","overlay-color":"","overlay-opacity":"","overlay-gradient":""},"tablet":{"background-color":"var(--ast-global-color-5)","background-image":"","background-repeat":"repeat","background-position":"center center","background-size":"auto","background-attachment":"scroll","background-type":"","background-media":"","overlay-type":"","overlay-color":"","overlay-opacity":"","overlay-gradient":""},"mobile":{"background-color":"var(--ast-global-color-5)","background-image":"","background-repeat":"repeat","background-position":"center center","background-size":"auto","background-attachment":"scroll","background-type":"","background-media":"","overlay-type":"","overlay-color":"","overlay-opacity":"","overlay-gradient":""}},"_joinchat":[]},"product_brand":[],"product_cat":[15,27,25,123,30,26,28,137,136,135],"product_tag":[146,131,247,248,40,111,243],"class_list":{"0":"post-2876","1":"product","2":"type-product","3":"status-publish","4":"has-post-thumbnail","6":"product_cat-new-vape-this-week","7":"product_cat-fance-hot-sale-vape","8":"product_cat-germany-best-selling-vape","9":"product_cat-italy-wholesale-vape","10":"product_cat-minimum-order-quantity-50pcs","11":"product_cat-netherlands-hot-sale-vape","12":"product_cat-poland-hot-sale-vape","13":"product_cat-rechargeable-vapes","14":"product_cat-smart-screen-vapes","15":"product_cat-spain-best-hot-sale-vape","16":"product_tag-best-hot-sale-vape","17":"product_tag-big-puff-vape","18":"product_tag-bood-pulse-pro-50000","19":"product_tag-bood-vape","20":"product_tag-hot-sale-vape","21":"product_tag-low-nicotine-disposable-vape","22":"product_tag-vapsolo","23":"desktop-align-left","24":"tablet-align-left","25":"mobile-align-left","27":"first","28":"instock","29":"sale","30":"shipping-taxable","31":"purchasable","32":"product-type-simple"},"uagb_featured_image_src":{"full":["https:\/\/rmvapesale.com\/wp-content\/uploads\/2024\/12\/Bood-Pulse-50000-Puff-Low-Nicotine-Disposable-Vape.jpg",800,800,false],"thumbnail":["https:\/\/rmvapesale.com\/wp-content\/uploads\/2024\/12\/Bood-Pulse-50000-Puff-Low-Nicotine-Disposable-Vape-150x150.jpg",150,150,true],"medium":["https:\/\/rmvapesale.com\/wp-content\/uploads\/2024\/12\/Bood-Pulse-50000-Puff-Low-Nicotine-Disposable-Vape-300x300.jpg",300,300,true],"medium_large":["https:\/\/rmvapesale.com\/wp-content\/uploads\/2024\/12\/Bood-Pulse-50000-Puff-Low-Nicotine-Disposable-Vape-768x768.jpg",768,768,true],"large":["https:\/\/rmvapesale.com\/wp-content\/uploads\/2024\/12\/Bood-Pulse-50000-Puff-Low-Nicotine-Disposable-Vape.jpg",800,800,false],"1536x1536":["https:\/\/rmvapesale.com\/wp-content\/uploads\/2024\/12\/Bood-Pulse-50000-Puff-Low-Nicotine-Disposable-Vape.jpg",800,800,false],"2048x2048":["https:\/\/rmvapesale.com\/wp-content\/uploads\/2024\/12\/Bood-Pulse-50000-Puff-Low-Nicotine-Disposable-Vape.jpg",800,800,false],"trp-custom-language-flag":["https:\/\/rmvapesale.com\/wp-content\/uploads\/2024\/12\/Bood-Pulse-50000-Puff-Low-Nicotine-Disposable-Vape.jpg",12,12,false],"woocommerce_thumbnail":["https:\/\/rmvapesale.com\/wp-content\/uploads\/2024\/12\/Bood-Pulse-50000-Puff-Low-Nicotine-Disposable-Vape-300x300.jpg",300,300,true],"woocommerce_single":["https:\/\/rmvapesale.com\/wp-content\/uploads\/2024\/12\/Bood-Pulse-50000-Puff-Low-Nicotine-Disposable-Vape-600x600.jpg",600,600,true],"woocommerce_gallery_thumbnail":["https:\/\/rmvapesale.com\/wp-content\/uploads\/2024\/12\/Bood-Pulse-50000-Puff-Low-Nicotine-Disposable-Vape-100x100.jpg",100,100,true],"wcpr-photo-reviews":["https:\/\/rmvapesale.com\/wp-content\/uploads\/2024\/12\/Bood-Pulse-50000-Puff-Low-Nicotine-Disposable-Vape.jpg",500,500,false]},"uagb_author_info":{"display_name":"AMY","author_link":"https:\/\/rmvapesale.com\/cs\/author\/"},"uagb_comment_info":0,"uagb_excerpt":"Bood Pulse PRO 50000 Puffs Disposable Vape Wholesale Bood Pulse PRO 50000 Rechargeable Disposable Vape Wholesale Price Hot Sell Disposable Vape Pen Bood Pulse PRO 50000 Bulk Buy Cheap Price Contact Amy to get right reply and vape coupon! WhatsApp: +86 17776015835 &nbsp;","_links":{"self":[{"href":"https:\/\/rmvapesale.com\/cs\/wp-json\/wp\/v2\/product\/2876","targetHints":{"allow":["GET"]}}],"collection":[{"href":"https:\/\/rmvapesale.com\/cs\/wp-json\/wp\/v2\/product"}],"about":[{"href":"https:\/\/rmvapesale.com\/cs\/wp-json\/wp\/v2\/types\/product"}],"replies":[{"embeddable":true,"href":"https:\/\/rmvapesale.com\/cs\/wp-json\/wp\/v2\/comments?post=2876"}],"wp:featuredmedia":[{"embeddable":true,"href":"https:\/\/rmvapesale.com\/cs\/wp-json\/wp\/v2\/media\/2874"}],"wp:attachment":[{"href":"https:\/\/rmvapesale.com\/cs\/wp-json\/wp\/v2\/media?parent=2876"}],"wp:term":[{"taxonomy":"product_brand","embeddable":true,"href":"https:\/\/rmvapesale.com\/cs\/wp-json\/wp\/v2\/product_brand?post=2876"},{"taxonomy":"product_cat","embeddable":true,"href":"https:\/\/rmvapesale.com\/cs\/wp-json\/wp\/v2\/product_cat?post=2876"},{"taxonomy":"product_tag","embeddable":true,"href":"https:\/\/rmvapesale.com\/cs\/wp-json\/wp\/v2\/product_tag?post=2876"}],"curies":[{"name":"wp","href":"https:\/\/api.w.org\/{rel}","templated":true}]}}