{"id":2912,"date":"2025-01-08T08:59:33","date_gmt":"2025-01-08T08:59:33","guid":{"rendered":"https:\/\/rmvapesale.com\/?post_type=product&#038;p=2912"},"modified":"2025-01-08T09:59:15","modified_gmt":"2025-01-08T09:59:15","slug":"bood-twins-46000-puff-digital-disposable-vape-bulk-buy-wholesale-price","status":"publish","type":"product","link":"https:\/\/rmvapesale.com\/cs\/product\/bood-twins-46000-puff-digital-disposable-vape-bulk-buy-wholesale-price\/","title":{"rendered":"Bood Twins 46000 tah\u016f Digit\u00e1ln\u00ed jednor\u00e1zov\u00e1 e-cigareta Velkoobchodn\u00ed n\u00e1kup cena"},"content":{"rendered":"<div class=\"B2VR9 CJHX3e\">\n<div class=\"wyccme\">\n<div class=\"flex-shrink-0 flex flex-col relative items-end\">\n<div class=\"pt-0\">\n<div class=\"gizmo-bot-avatar flex h-8 w-8 items-center justify-center overflow-hidden rounded-full\">\n<div class=\"relative p-1 rounded-sm flex items-center justify-center bg-token-main-surface-primary text-token-text-primary h-8 w-8\">\n<div class=\"flex-shrink-0 flex flex-col relative items-end\">\n<div class=\"pt-0\">\n<div class=\"gizmo-bot-avatar flex h-8 w-8 items-center justify-center overflow-hidden rounded-full\">\n<h1 class=\"relative p-1 rounded-sm flex items-center justify-center bg-token-main-surface-primary text-token-text-primary h-8 w-8\">Bood Twins 46000 tah\u016f Digit\u00e1ln\u00ed jednor\u00e1zov\u00e1 e-cigareta Velkoobchodn\u00ed n\u00e1kup cena<\/h1>\n<\/div>\n<\/div>\n<\/div>\n<\/div>\n<\/div>\n<\/div>\n<\/div>\n<div class=\"group\/conversation-turn relative flex w-full min-w-0 flex-col agent-turn\">\n<div class=\"flex-col gap-1 md:gap-3\">\n<div class=\"flex max-w-full flex-col flex-grow\">\n<div class=\"min-h-8 text-message flex w-full flex-col items-end gap-2 whitespace-normal break-words text-start [.text-message+&amp;]:mt-5\" dir=\"auto\" data-message-author-role=\"assistant\" data-message-id=\"80ece0c4-ead1-4ed9-a9f0-ddc22582b4f4\" data-message-model-slug=\"gpt-4o\">\n<div class=\"flex w-full flex-col gap-1 empty:hidden first:pt-[3px]\">\n<div class=\"markdown prose w-full break-words dark:prose-invert light\"><strong>Bood Twins 46000 Potah\u016f digit\u00e1ln\u00ed jednor\u00e1zov\u00fd vape<\/strong>, perfektn\u00ed spole\u010dn\u00edk pro dlouhotrvaj\u00edc\u00ed, chutn\u00e9 a pohodln\u00e9 vapov\u00e1n\u00ed. Je vybaven pokro\u010dil\u00fdmi funkcemi jako je <strong>digit\u00e1ln\u00edm displejem<\/strong>, toto za\u0159\u00edzen\u00ed je navr\u017eeno tak, aby splnilo v\u0161echny va\u0161e pot\u0159eby vapov\u00e1n\u00ed a z\u00e1rove\u0148 nab\u00eddlo v\u00fdjime\u010dnou hodnotu za velkoobchodn\u00ed ceny.<\/div>\n<div><\/div>\n<div>\n<p>Rozlu\u010dte se s \u010dast\u00fdmi v\u00fdm\u011bnami! <strong>Bood Twins 46000<\/strong> poskytuje p\u016fsobiv\u00fdch 46 000 potah\u016f, co\u017e zaji\u0161\u0165uje dlouhotrvaj\u00edc\u00ed spokojenost pro siln\u00e9 i lehk\u00e9 vapery. Z\u016fsta\u0148te neust\u00e1le informov\u00e1ni d\u00edky <strong>chytr\u00e9mu digit\u00e1ln\u00edmu displeji<\/strong>, kter\u00fd poskytuje aktu\u00e1ln\u00ed informace o stavu baterie a hladin\u011b e-liquidu. U\u017e \u017e\u00e1dn\u00e9 h\u00e1d\u00e1n\u00ed \u2013 v\u017edy m\u011bjte v\u0161e pod kontrolou! Bood Twins je vybaven v\u00fdkonnou a <strong>dob\u00edjec\u00ed vestav\u011bnou bateri\u00ed 650mAh<\/strong>a zaji\u0161\u0165uje konzistentn\u00ed dod\u00e1vku energie po celou dobu va\u0161eho vapov\u00e1n\u00ed. Nav\u00edc <strong>rychlonab\u00edjec\u00ed port Type-C<\/strong> \u010din\u00ed dob\u00edjen\u00ed rychl\u00fdm a bezprobl\u00e9mov\u00fdm.<\/p>\n<p>U\u017eijte si del\u0161\u00ed vapovac\u00ed seance s <strong>30ml p\u0159edpln\u011bn\u00fdm e-d\u017eusem<\/strong> cartridge. Ve spojen\u00ed s <strong>mo\u017enostmi obsahu nikotinu<\/strong> 0 %, 2 % a 5 % uspokoj\u00ed v\u0161echny preference. D\u00edky <strong>dv\u011bma p\u0159\u00edchut\u00edm v jednom za\u0159\u00edzen\u00ed<\/strong>, prozkoumejte \u0159adu <strong>10 lahodn\u00fdch kombinac\u00ed<\/strong>. Re\u017eim <strong>Bood Twins 46000<\/strong> kombinuje <strong>\u00fa\u010dinn\u00fd p\u0159enos energie<\/strong> s konzistentn\u00edm v\u00fdkonem, d\u00edky sv\u00e9mu pokro\u010dil\u00e9mu designu a kvalitn\u00edmu in\u017een\u00fdrstv\u00ed.<\/p>\n<\/div>\n<\/div>\n<div>Hled\u00e1te <strong>nejlep\u0161\u00ed velkoobchodn\u00ed ceny<\/strong> pro vysoce kvalitn\u00ed, dlouhotrvaj\u00edc\u00ed jednor\u00e1zovou vapku? <strong>Bood Twins 46000<\/strong> nab\u00edz\u00ed bezkonkuren\u010dn\u00ed hodnotu, rozmanitost p\u0159\u00edchut\u00ed a spolehlivost. Ide\u00e1ln\u00ed pro za\u010d\u00e1te\u010dn\u00edky i zku\u0161en\u00e9 vapery, toto za\u0159\u00edzen\u00ed m\u011bn\u00ed hru!<\/div>\n<\/div>\n<\/div>\n<\/div>\n<\/div>\n<div class=\"flex-shrink-0 flex flex-col relative items-end\">\n<div class=\"pt-0\">\n<div class=\"gizmo-bot-avatar flex h-8 w-8 items-center justify-center overflow-hidden rounded-full\">\n<p>&nbsp;<\/p>\n<\/div>\n<\/div>\n<\/div>\n<\/div>\n<\/div>\n<p><strong>Kontaktujte Amy a z\u00edskejte spr\u00e1vnou odpov\u011b\u010f a kup\u00f3n na vape!<\/strong><\/p>\n<p><img loading=\"lazy\" decoding=\"async\" class=\"size-full wp-image-1978\" src=\"https:\/\/rmvapesale.com\/wp-content\/uploads\/2024\/09\/Disposable-Vape-Wholesale.jpg\" alt=\"Jednor\u00e1zov\u00e1 e-cigareta velkoobchod\" width=\"229\" height=\"300\" \/><\/p>\n<h3><a href=\"https:\/\/wa.me\/8617776015835\" target=\"_blank\" rel=\"noopener\"><span style=\"color: #ff0000\"><strong>WhatsApp: +86 17776015835<\/strong><\/span><\/a><\/h3>\n<p>&nbsp;<\/p>\n<h2><strong style=\"font-size: 1.7em\">Kl\u00ed\u010dov\u00e9 vlastnosti Bood Twins 46000 Vape<\/strong><\/h2>\n<ul>\n<li><strong>Pot\u00e1hnut\u00ed<\/strong>: A\u017e 46 000<\/li>\n<li><strong>Baterie<\/strong>: 650mAh dob\u00edjec\u00ed s nab\u00edjen\u00edm typu C<\/li>\n<li><strong>E-liquid<\/strong>: 30ml p\u0159edpln\u011bn\u00fd, k dispozici v obsahu nikotinu 0 %, 2 %, 5 %<\/li>\n<li><strong>Digit\u00e1ln\u00ed displej<\/strong>: Monitorov\u00e1n\u00ed baterie a e-liquidu v re\u00e1ln\u00e9m \u010dase<\/li>\n<li><strong>P\u0159\u00edchut\u011b<\/strong>: 10 jedine\u010dn\u00fdch kombinac\u00ed dvou p\u0159\u00edchut\u00ed<\/li>\n<li><strong>V\u00fdkon<\/strong>: Jemn\u00e9 potahy a konzistentn\u00ed pod\u00e1n\u00ed<\/li>\n<\/ul>\n<h2><strong style=\"font-size: 1.7em\">Nejprod\u00e1van\u011bj\u0161\u00ed p\u0159\u00edchu\u0165 pro Bood 46000 jednor\u00e1zov\u00fd vape<\/strong><\/h2>\n<p>Tento Bood Twins 46000 Puff digit\u00e1ln\u00ed jednor\u00e1zov\u00fd vape je k dispozici v <strong>12 vzru\u0161uj\u00edc\u00edch p\u0159\u00edchut\u00ed<\/strong>, nab\u00edz\u00ed \u0159adu mo\u017enost\u00ed, kter\u00e9 uspokoj\u00ed r\u016fzn\u00e9 chut\u011b. Od ovocn\u00fdch a m\u00e1tov\u00fdch po exotick\u00e9 sm\u011bsi, je tu n\u011bco pro ka\u017ed\u00e9ho. Tento \u0161irok\u00fd v\u00fdb\u011br zaji\u0161\u0165uje, \u017ee v\u017edy najdete p\u0159\u00edchu\u0165, kter\u00e1 vyhovuje va\u0161\u00ed n\u00e1lad\u011b, co\u017e z n\u011bj \u010din\u00ed v\u0161estrannou volbu pro v\u0161echny vapery. Najd\u011bte si nejprod\u00e1van\u011bj\u0161\u00ed p\u0159\u00edchu\u0165 pro tuto dob\u00edjec\u00ed jednor\u00e1zovou vapku podle na\u0161ich \u00fadaj\u016f o prodeji a zp\u011btn\u00e9 vazby od z\u00e1kazn\u00edk\u016f.<\/p>\n<div>1.Vodn\u00ed meloun <span style=\"color: #ff0000\"><strong>&gt;&gt;&gt;&gt; \u017dhav\u00e9 !<\/strong><\/span><\/div>\n<div>2.Jablko<\/div>\n<div>3.Limetka<\/div>\n<div>4.Zelen\u00e9 jablko <span style=\"color: #ff0000\"><strong>&gt;&gt;&gt;&gt; \u017dhav\u00e9 !<\/strong><\/span><\/div>\n<div>5.Bor\u016fvka Kysel\u00e1 Malina<\/div>\n<div>6.\u010cern\u00fd ryb\u00edz Malina <span style=\"color: #ff0000\"><strong>&gt;&gt;&gt;&gt; Nejlep\u0161\u00ed !<\/strong><\/span><\/div>\n<div>7.Broskev Mango<\/div>\n<div>8.Hroznov\u00e9 v\u00edno<\/div>\n<div>9.R\u016f\u017eov\u00e1 limon\u00e1da<\/div>\n<div>10.Zelen\u00e9 hroznov\u00e9 v\u00edno<\/div>\n<div><\/div>\n<figure id=\"attachment_2895\" aria-describedby=\"caption-attachment-2895\" style=\"width: 1000px\" class=\"wp-caption alignnone\"><img loading=\"lazy\" decoding=\"async\" class=\"wp-image-2895 size-full\" src=\"https:\/\/rmvapesale.com\/wp-content\/uploads\/2025\/01\/Bood-Twins-46000-Digital-Disposable-Vape.jpg\" alt=\"Jednor\u00e1zov\u00e1 digit\u00e1ln\u00ed elektronick\u00e1 cigareta Bood Twins 46000\" width=\"1000\" height=\"1000\" srcset=\"https:\/\/rmvapesale.com\/wp-content\/uploads\/2025\/01\/Bood-Twins-46000-Digital-Disposable-Vape.jpg 1000w, https:\/\/rmvapesale.com\/wp-content\/uploads\/2025\/01\/Bood-Twins-46000-Digital-Disposable-Vape-300x300.jpg 300w, https:\/\/rmvapesale.com\/wp-content\/uploads\/2025\/01\/Bood-Twins-46000-Digital-Disposable-Vape-150x150.jpg 150w, https:\/\/rmvapesale.com\/wp-content\/uploads\/2025\/01\/Bood-Twins-46000-Digital-Disposable-Vape-768x768.jpg 768w, https:\/\/rmvapesale.com\/wp-content\/uploads\/2025\/01\/Bood-Twins-46000-Digital-Disposable-Vape-600x600.jpg 600w, https:\/\/rmvapesale.com\/wp-content\/uploads\/2025\/01\/Bood-Twins-46000-Digital-Disposable-Vape-100x100.jpg 100w\" sizes=\"auto, (max-width: 1000px) 100vw, 1000px\" \/><figcaption id=\"caption-attachment-2895\" class=\"wp-caption-text\">Jednor\u00e1zov\u00e1 digit\u00e1ln\u00ed elektronick\u00e1 cigareta Bood Twins 46000<\/figcaption><\/figure>\n<h3><\/h3>\n<h3><strong>Pro\u010d si vybrat Rmvapesale pro JNR Mega Shisha Hookah 100k Puff\u00a0 <\/strong><strong>V<\/strong><strong>ape Velkoobchod<\/strong><strong>?<\/strong><\/h3>\n<div class=\"flex-shrink-0 flex flex-col relative items-end\">\n<div class=\"pt-0\">\n<div class=\"gizmo-bot-avatar flex h-8 w-8 items-center justify-center overflow-hidden rounded-full\">\n<div class=\"relative p-1 rounded-sm flex items-center justify-center bg-token-main-surface-primary text-token-text-primary h-8 w-8\">\n<p>V\u00edtejte v Rmvapesale, va\u0161em d\u016fv\u011bryhodn\u00e9m obchod\u011b s pr\u00e9miov\u00fdmi jednor\u00e1zov\u00fdmi vapovac\u00edmi p\u0159\u00edstroji. S v\u00edce ne\u017e 5 lety odborn\u00fdch zku\u0161enost\u00ed v\u00e1m p\u0159in\u00e1\u0161\u00edme obl\u00edben\u00e9 zna\u010dky jednor\u00e1zov\u00fdch vapovac\u00edch p\u0159\u00edstroj\u016f, jako jsou Al Fakher, Vapme Vape, <a href=\"https:\/\/rmvapesale.com\/cs\/product\/puff-40k-bang-refillable-disposable-vape-with-digital-display-bulk-buy-price\/\">Bang Vape<\/a>, <a href=\"https:\/\/rmvapesale.com\/cs\/product\/jnr-mega-shisha-hookah-100000-100k-puffs-disposable-vape-a-premium-vaping-experience\/\">JNR Vape<\/a>, Waspe, WGA Vape a RandM Vape.<\/p>\n<p>N\u00e1\u0161 sortiment zahrnuje \u017ehav\u00e9 prodejn\u00ed kousky jako <a href=\"https:\/\/rmvapesale.com\/cs\/product\/vookbar-cyber-pro-30000-puffs-bluetooth-vape-2-low-nicotine-rechargeable-bulk-buy-wholesale-price\/\">Vookbar Cyber Pro 30000<\/a> a chut\u00ed bohat\u00e9 volby jako Vapme 70000. Ka\u017ed\u00fd produkt je vyb\u00edr\u00e1n s d\u016frazem na kvalitu, hodnotu a rozmanitost, co\u017e zaru\u010duje, \u017ee najdete perfektn\u00ed shodu pro va\u0161e pot\u0159eby. Objevte v\u00fdjime\u010dn\u00e9 slu\u017eby a \u0161irokou \u0161k\u00e1lu \u0161pi\u010dkov\u00fdch produkt\u016f v Rmvapesale.<\/p>\n<p>&nbsp;<\/p>\n<h3><b style=\"font-size: 1.5em;font-style: inherit\">\u010casto kladen\u00e9 dotazy k Bood Twins 46000 <\/b><b style=\"font-size: 1.5em;font-style: inherit\">Dob\u00edjec\u00ed jednor\u00e1zov\u00e1 vapka<\/b><\/h3>\n<\/div>\n<h3><\/h3>\n<p><strong>1. Kolik potah\u016f nab\u00edz\u00ed Bood Twins 46000?<\/strong><\/p>\n<p>Tento <strong>Bood Twins 46000 Potah\u016f<\/strong> nab\u00edz\u00ed a\u017e 46 000 potah\u016f, co\u017e z n\u00ed d\u011bl\u00e1 jednu z nejd\u00e9le trvanliv\u00fdch jednor\u00e1zov\u00fdch e-cigaret na trhu.<\/p>\n<p><strong>2. Mohu dob\u00edt Bood Twins 46000 Potah\u016f?<\/strong><\/p>\n<p>Ano! Toto za\u0159\u00edzen\u00ed je vybaveno <strong>650mAh dob\u00edjec\u00ed baterie<\/strong> s <strong>rychlonab\u00edjec\u00ed port Type-C<\/strong> pro pohodl\u00ed.<\/p>\n<p><strong>3. Jak\u00e9 p\u0159\u00edchut\u011b jsou k dispozici u Bood Twins 46000?<\/strong><\/p>\n<p>Dod\u00e1v\u00e1 se s <strong>10 jedine\u010dn\u00fdmi kombinacemi dvou p\u0159\u00edchut\u00ed<\/strong>, jako nap\u0159\u00edklad <strong>Vodn\u00ed meloun<\/strong>, <strong>Limetka<\/strong>, a <strong>Hroznov\u00e9 v\u00edno<\/strong>.<\/p>\n<p><strong>4. M\u00e1 Bood Twins 46000 nikotinov\u00e9 varianty?<\/strong><\/p>\n<p>Ano, za\u0159\u00edzen\u00ed podporuje <strong>koncentrace nikotinu 0%, 2% a 5%<\/strong>, co\u017e zaji\u0161\u0165uje mo\u017enosti pro v\u0161echny preference.<\/p>\n<p><strong>5. Kde mohu koupit Bood Twins 46000 za velkoobchodn\u00ed ceny?<\/strong><\/p>\n<p>M\u016f\u017eete si zakoupit <strong>Bood Twins 46000 Potah\u016f<\/strong> at <strong>velkoobchodn\u00ed ceny<\/strong> z <a href=\"https:\/\/rmvapesale.com\/cs\/\" target=\"_new\" rel=\"noopener\">online vape shop Rmvapesale<\/a>. U\u017eijte si konkuren\u010dn\u00ed ceny, rychl\u00e9 dod\u00e1n\u00ed a \u0161pi\u010dkov\u00fd z\u00e1kaznick\u00fd servis!<\/p>\n<p>&nbsp;<\/p>\n<\/div>\n<\/div>\n<\/div>\n<h3>O p\u0159eprav\u011b<\/h3>\n<div class=\"flex-shrink-0 flex flex-col relative items-end\">\n<div>\n<div class=\"pt-0\">\n<div class=\"gizmo-bot-avatar flex h-8 w-8 items-center justify-center overflow-hidden rounded-full\">\n<div><\/div>\n<div class=\"relative p-1 rounded-sm flex items-center justify-center bg-token-main-surface-primary text-token-text-primary h-8 w-8\"><strong>1. Jak\u00e9 zp\u016fsoby dopravy se pou\u017e\u00edvaj\u00ed?<\/strong><\/div>\n<\/div>\n<\/div>\n<\/div>\n<\/div>\n<div class=\"group\/conversation-turn relative flex w-full min-w-0 flex-col agent-turn\">\n<div class=\"flex-col gap-1 md:gap-3\">\n<div class=\"flex max-w-full flex-col flex-grow\">\n<div class=\"min-h-[20px] text-message flex w-full flex-col items-end gap-2 whitespace-normal break-words [.text-message+&amp;]:mt-5 overflow-x-auto\" dir=\"auto\" data-message-author-role=\"assistant\" data-message-id=\"22f8283b-3233-46ff-89a5-c7a41b33abda\">\n<div class=\"flex w-full flex-col gap-1 empty:hidden first:pt-[3px]\">\n<div class=\"markdown prose w-full break-words dark:prose-invert light\">\n<p>Spolupracujeme s UPS, DHL, FedEx, DPD a dal\u0161\u00edmi p\u0159edn\u00edmi p\u0159epravci. Vybereme nejlep\u0161\u00ed zp\u016fsob dopravy na z\u00e1klad\u011b va\u0161\u00ed doru\u010dovac\u00ed lokality, abychom zajistili, \u017ee sv\u00e9 produkty obdr\u017e\u00edte co nejrychleji.<\/p>\n<\/div>\n<p><strong>2. Jak dlouho trv\u00e1 doru\u010den\u00ed?<\/strong><\/p>\n<p>Bal\u00ed\u010dky odeslan\u00e9 do \u010cesk\u00e9 republiky obvykle doraz\u00ed do 10 pracovn\u00edch dn\u016f. P\u0159eprava do evropsk\u00fdch zem\u00ed obecn\u011b trv\u00e1 asi 12-15 pracovn\u00edch dn\u016f. O stavu va\u0161\u00ed z\u00e1silky v\u00e1s budeme pr\u016fb\u011b\u017en\u011b informovat.<\/p>\n<\/div>\n<\/div>\n<\/div>\n<\/div>\n<\/div>\n<p>&nbsp;<\/p>\n<p>Naj\u00edt v\u00edce produkt\u016f pro vaping, kter\u00e9 by se v\u00e1m mohly l\u00edbit:<strong><em><a href=\"https:\/\/rmvapesale.com\/cs\/shop-2\/\">nakupujte nyn\u00ed &gt;&gt;&gt;<\/a><\/em><\/strong><\/p>","protected":false},"excerpt":{"rendered":"<p>Bood Twins 46000 Potah\u016f digit\u00e1ln\u00ed jednor\u00e1zov\u00fd vape velkoobchodn\u00ed cena<br \/>\nBood Twins 46000 Potah\u016f digit\u00e1ln\u00ed dob\u00edjec\u00ed jednor\u00e1zov\u00fd vape hromadn\u00fd n\u00e1kup levn\u00e1 cena<br \/>\nBood 46000 2% N\u00edzk\u00fd nikotin Potah\u00a0 Jednor\u00e1zov\u00fd vape Jednor\u00e1zov\u00fd vape<\/p>\n<p><strong>Kontaktujte Amy a z\u00edskejte spr\u00e1vnou odpov\u011b\u010f a kup\u00f3n na vape!<\/strong><\/p>\n<p><img loading=\"lazy\" decoding=\"async\" class=\"size-full wp-image-2375\" src=\"https:\/\/rmvapesale.com\/wp-content\/uploads\/2024\/10\/image.png\" alt=\"Nejlep\u0161\u00ed jednor\u00e1zov\u00e1 e-cigareta\" width=\"229\" height=\"300\" \/><\/p>\n<h3><a href=\"https:\/\/wa.me\/8617776015835\"><span style=\"color: #ff0000\"><strong>WhatsApp: +86 17776015835<\/strong><\/span><\/a><\/h3>\n<p>&nbsp;<\/p>","protected":false},"featured_media":2896,"comment_status":"open","ping_status":"closed","template":"","meta":{"_uag_custom_page_level_css":"","_lmt_disableupdate":"no","_lmt_disable":"","site-sidebar-layout":"default","site-content-layout":"content-boxed-container","ast-site-content-layout":"normal-width-container","site-content-style":"boxed","site-sidebar-style":"unboxed","ast-global-header-display":"","ast-banner-title-visibility":"","ast-main-header-display":"","ast-hfb-above-header-display":"","ast-hfb-below-header-display":"","ast-hfb-mobile-header-display":"","site-post-title":"","ast-breadcrumbs-content":"","ast-featured-img":"","footer-sml-layout":"","ast-disable-related-posts":"","theme-transparent-header-meta":"default","adv-header-id-meta":"","stick-header-meta":"","header-above-stick-meta":"","header-main-stick-meta":"","header-below-stick-meta":"","astra-migrate-meta-layouts":"set","ast-page-background-enabled":"default","ast-page-background-meta":{"desktop":{"background-color":"var(--ast-global-color-4)","background-image":"","background-repeat":"repeat","background-position":"center center","background-size":"auto","background-attachment":"scroll","background-type":"","background-media":"","overlay-type":"","overlay-color":"","overlay-opacity":"","overlay-gradient":""},"tablet":{"background-color":"","background-image":"","background-repeat":"repeat","background-position":"center center","background-size":"auto","background-attachment":"scroll","background-type":"","background-media":"","overlay-type":"","overlay-color":"","overlay-opacity":"","overlay-gradient":""},"mobile":{"background-color":"","background-image":"","background-repeat":"repeat","background-position":"center center","background-size":"auto","background-attachment":"scroll","background-type":"","background-media":"","overlay-type":"","overlay-color":"","overlay-opacity":"","overlay-gradient":""}},"ast-content-background-meta":{"desktop":{"background-color":"var(--ast-global-color-5)","background-image":"","background-repeat":"repeat","background-position":"center center","background-size":"auto","background-attachment":"scroll","background-type":"","background-media":"","overlay-type":"","overlay-color":"","overlay-opacity":"","overlay-gradient":""},"tablet":{"background-color":"var(--ast-global-color-5)","background-image":"","background-repeat":"repeat","background-position":"center center","background-size":"auto","background-attachment":"scroll","background-type":"","background-media":"","overlay-type":"","overlay-color":"","overlay-opacity":"","overlay-gradient":""},"mobile":{"background-color":"var(--ast-global-color-5)","background-image":"","background-repeat":"repeat","background-position":"center center","background-size":"auto","background-attachment":"scroll","background-type":"","background-media":"","overlay-type":"","overlay-color":"","overlay-opacity":"","overlay-gradient":""}},"_joinchat":[]},"product_brand":[],"product_cat":[15,260,259,265,27,25,123,30,26,28,137,136,135],"product_tag":[146,131,264,248,40,111,207],"class_list":{"0":"post-2912","1":"product","2":"type-product","3":"status-publish","4":"has-post-thumbnail","6":"product_cat-new-vape-this-week","7":"product_cat-100k-puff-disposable-vape","8":"product_cat-46000-puff-disposable-vape","9":"product_cat-bood-disposable-vape","10":"product_cat-fance-hot-sale-vape","11":"product_cat-germany-best-selling-vape","12":"product_cat-italy-wholesale-vape","13":"product_cat-minimum-order-quantity-50pcs","14":"product_cat-netherlands-hot-sale-vape","15":"product_cat-poland-hot-sale-vape","16":"product_cat-rechargeable-vapes","17":"product_cat-smart-screen-vapes","18":"product_cat-spain-best-hot-sale-vape","19":"product_tag-best-hot-sale-vape","20":"product_tag-big-puff-vape","21":"product_tag-bood-46000-disposable-vape","22":"product_tag-bood-vape","23":"product_tag-hot-sale-vape","24":"product_tag-low-nicotine-disposable-vape","25":"product_tag-puff-vape","26":"desktop-align-left","27":"tablet-align-left","28":"mobile-align-left","30":"first","31":"instock","32":"sale","33":"shipping-taxable","34":"purchasable","35":"product-type-simple"},"uagb_featured_image_src":{"full":["https:\/\/rmvapesale.com\/wp-content\/uploads\/2025\/01\/Bood-Twins-46000-Puff-2-in-1-Disposable-Vape.webp",1000,1000,false],"thumbnail":["https:\/\/rmvapesale.com\/wp-content\/uploads\/2025\/01\/Bood-Twins-46000-Puff-2-in-1-Disposable-Vape-150x150.webp",150,150,true],"medium":["https:\/\/rmvapesale.com\/wp-content\/uploads\/2025\/01\/Bood-Twins-46000-Puff-2-in-1-Disposable-Vape-300x300.webp",300,300,true],"medium_large":["https:\/\/rmvapesale.com\/wp-content\/uploads\/2025\/01\/Bood-Twins-46000-Puff-2-in-1-Disposable-Vape-768x768.webp",768,768,true],"large":["https:\/\/rmvapesale.com\/wp-content\/uploads\/2025\/01\/Bood-Twins-46000-Puff-2-in-1-Disposable-Vape.webp",1000,1000,false],"1536x1536":["https:\/\/rmvapesale.com\/wp-content\/uploads\/2025\/01\/Bood-Twins-46000-Puff-2-in-1-Disposable-Vape.webp",1000,1000,false],"2048x2048":["https:\/\/rmvapesale.com\/wp-content\/uploads\/2025\/01\/Bood-Twins-46000-Puff-2-in-1-Disposable-Vape.webp",1000,1000,false],"trp-custom-language-flag":["https:\/\/rmvapesale.com\/wp-content\/uploads\/2025\/01\/Bood-Twins-46000-Puff-2-in-1-Disposable-Vape.webp",12,12,false],"woocommerce_thumbnail":["https:\/\/rmvapesale.com\/wp-content\/uploads\/2025\/01\/Bood-Twins-46000-Puff-2-in-1-Disposable-Vape-300x300.webp",300,300,true],"woocommerce_single":["https:\/\/rmvapesale.com\/wp-content\/uploads\/2025\/01\/Bood-Twins-46000-Puff-2-in-1-Disposable-Vape-600x600.webp",600,600,true],"woocommerce_gallery_thumbnail":["https:\/\/rmvapesale.com\/wp-content\/uploads\/2025\/01\/Bood-Twins-46000-Puff-2-in-1-Disposable-Vape-100x100.webp",100,100,true],"wcpr-photo-reviews":["https:\/\/rmvapesale.com\/wp-content\/uploads\/2025\/01\/Bood-Twins-46000-Puff-2-in-1-Disposable-Vape.webp",500,500,false]},"uagb_author_info":{"display_name":"AMY","author_link":"https:\/\/rmvapesale.com\/cs\/author\/"},"uagb_comment_info":0,"uagb_excerpt":"Bood Twins 46000 Puff Digital Disposable Vape Wholesale Price Bood Twins 46000 Puff Digital Rechargeable Disposable Vape Bulk Buy Cheap Price Bood 46000 2% Low Nicotine Puff\u00a0 Disposable Vape Disposable Vape Contact Amy to get right reply and vape coupon! WhatsApp: +86 17776015835 &nbsp;","_links":{"self":[{"href":"https:\/\/rmvapesale.com\/cs\/wp-json\/wp\/v2\/product\/2912","targetHints":{"allow":["GET"]}}],"collection":[{"href":"https:\/\/rmvapesale.com\/cs\/wp-json\/wp\/v2\/product"}],"about":[{"href":"https:\/\/rmvapesale.com\/cs\/wp-json\/wp\/v2\/types\/product"}],"replies":[{"embeddable":true,"href":"https:\/\/rmvapesale.com\/cs\/wp-json\/wp\/v2\/comments?post=2912"}],"wp:featuredmedia":[{"embeddable":true,"href":"https:\/\/rmvapesale.com\/cs\/wp-json\/wp\/v2\/media\/2896"}],"wp:attachment":[{"href":"https:\/\/rmvapesale.com\/cs\/wp-json\/wp\/v2\/media?parent=2912"}],"wp:term":[{"taxonomy":"product_brand","embeddable":true,"href":"https:\/\/rmvapesale.com\/cs\/wp-json\/wp\/v2\/product_brand?post=2912"},{"taxonomy":"product_cat","embeddable":true,"href":"https:\/\/rmvapesale.com\/cs\/wp-json\/wp\/v2\/product_cat?post=2912"},{"taxonomy":"product_tag","embeddable":true,"href":"https:\/\/rmvapesale.com\/cs\/wp-json\/wp\/v2\/product_tag?post=2912"}],"curies":[{"name":"wp","href":"https:\/\/api.w.org\/{rel}","templated":true}]}}