{"id":2913,"date":"2025-01-08T09:44:46","date_gmt":"2025-01-08T09:44:46","guid":{"rendered":"https:\/\/rmvapesale.com\/?post_type=product&#038;p=2913"},"modified":"2025-01-09T09:05:59","modified_gmt":"2025-01-09T09:05:59","slug":"bang-box-35000-puffs-touch-screen-bulk-buy-price-rechargeable-disposable-vapes","status":"publish","type":"product","link":"https:\/\/rmvapesale.com\/cs\/product\/bang-box-35000-puffs-touch-screen-bulk-buy-price-rechargeable-disposable-vapes\/","title":{"rendered":"Bang Box 35000 Pot\u00e1hnut\u00ed Dotykov\u00e1 obrazovka Hromadn\u00fd n\u00e1kup Cena Dob\u00edjec\u00ed Jednor\u00e1zov\u00e9 Vapes"},"content":{"rendered":"<div class=\"B2VR9 CJHX3e\">\n<div class=\"wyccme\">\n<div class=\"flex-shrink-0 flex flex-col relative items-end\">\n<div class=\"pt-0\">\n<div class=\"gizmo-bot-avatar flex h-8 w-8 items-center justify-center overflow-hidden rounded-full\">\n<div class=\"relative p-1 rounded-sm flex items-center justify-center bg-token-main-surface-primary text-token-text-primary h-8 w-8\">\n<div class=\"flex-shrink-0 flex flex-col relative items-end\">\n<div class=\"pt-0\">\n<div class=\"gizmo-bot-avatar flex h-8 w-8 items-center justify-center overflow-hidden rounded-full\">\n<h1 class=\"relative p-1 rounded-sm flex items-center justify-center bg-token-main-surface-primary text-token-text-primary h-8 w-8\">Bang Box 35000 Pot\u00e1hnut\u00ed Dotykov\u00e1 obrazovka Hromadn\u00fd n\u00e1kup Cena Dob\u00edjec\u00ed Jednor\u00e1zov\u00e9 Vapes<\/h1>\n<\/div>\n<\/div>\n<\/div>\n<\/div>\n<\/div>\n<\/div>\n<\/div>\n<div class=\"group\/conversation-turn relative flex w-full min-w-0 flex-col agent-turn\">\n<div class=\"flex-col gap-1 md:gap-3\">\n<div class=\"flex max-w-full flex-col flex-grow\">\n<div class=\"min-h-8 text-message flex w-full flex-col items-end gap-2 whitespace-normal break-words text-start [.text-message+&amp;]:mt-5\" dir=\"auto\" data-message-author-role=\"assistant\" data-message-id=\"80ece0c4-ead1-4ed9-a9f0-ddc22582b4f4\" data-message-model-slug=\"gpt-4o\">\n<div class=\"flex w-full flex-col gap-1 empty:hidden first:pt-[3px]\">\n<div class=\"markdown prose w-full break-words dark:prose-invert light\">\n<p>&nbsp;<\/p>\n<p>Tento <strong>Bang Box 35000 Puffs<\/strong>, pr\u00e9miov\u00e1 dob\u00edjec\u00ed jednor\u00e1zov\u00e1 vape navr\u017een\u00e1 pro ty, kte\u0159\u00ed po\u017eaduj\u00ed chu\u0165, flexibilitu a pohodl\u00ed. S jej\u00edm <strong>digit\u00e1ln\u00edm displejem<\/strong>, vysok\u00fdm po\u010dtem pota\u017een\u00ed a p\u0159izp\u016fsobiteln\u00fdmi funkcemi je toto za\u0159\u00edzen\u00ed ultim\u00e1tn\u00ed volbou pro vapery hledaj\u00edc\u00ed kvalitu za dostupnou <strong>velkoobchodn\u00ed cenu<\/strong>.<\/p>\n<p>Za\u017eijte <strong>masivn\u00edch 35 000 pota\u017een\u00ed<\/strong> na za\u0159\u00edzen\u00ed, co\u017e \u010din\u00ed BangBox 35k jedn\u00edm z nejd\u00e9le vydr\u017e\u00edc\u00edch jednor\u00e1zov\u00fdch vap na trhu. Rozlu\u010dte se s \u010dastou v\u00fdm\u011bnou a p\u0159iv\u00edtejte prodlou\u017een\u00e9 potahov\u00e1n\u00ed s uspokojen\u00edm! <strong>LED dotykov\u00e9 rozhran\u00ed<\/strong> v\u00e1s postav\u00ed do role. Sledujte <strong>stav baterie<\/strong>, <strong>hladinu e-liquidu<\/strong>, a upravujte sv\u016fj <strong>pr\u016ftok vzduchu<\/strong> a <strong>re\u017eimy v\u00fdkonu<\/strong> s lehkost\u00ed. U\u017eijte si plynul\u00e9 vapov\u00e1n\u00ed s technologi\u00ed na dosah ruky.<\/p>\n<p>D\u00edky <strong>technologi\u00ed du\u00e1ln\u00ed s\u00ed\u0165ov\u00e9 spir\u00e1ly<\/strong>, ka\u017ed\u00fd potah p\u0159in\u00e1\u0161\u00ed v\u00fdjime\u010dnou chu\u0165 a hustou p\u00e1ru. BangBox 35000 ve spojen\u00ed s 35ml tankem na e-liquid poskytuje konzistentn\u00ed a chutn\u00fd v\u00fdkon bez \u010dast\u00e9ho dopl\u0148ov\u00e1n\u00ed. Vybaven\u00fd <strong>cURL Too many subrequests.<\/strong> a <strong>nab\u00edjec\u00edho portu typu C<\/strong>, Bang Vape 35k zaji\u0161\u0165uje rychl\u00e9 a efektivn\u00ed nab\u00edjen\u00ed. Z\u016fsta\u0148te nabit\u00ed po cel\u00fd den, a\u0165 u\u017e jste doma nebo na cest\u00e1ch.<\/p>\n<p>Bang Box 35000 potah\u016f nab\u00edz\u00ed <strong>t\u0159i nastaviteln\u00e9 re\u017eimy pr\u016ftoku vzduchu<\/strong>, kter\u00e9 v\u00e1m d\u00e1vaj\u00ed kontrolu nad va\u0161\u00edm potahem. A\u0165 u\u017e preferujete t\u011bsn\u011bj\u0161\u00ed nebo otev\u0159en\u011bj\u0161\u00ed tah, toto za\u0159\u00edzen\u00ed se p\u0159izp\u016fsob\u00ed va\u0161emu stylu jedin\u00fdm kliknut\u00edm na dotykovou obrazovku. <span style=\"font-size: 16px\">Hmotnost pouh\u00fdch <\/span><strong style=\"font-size: 16px\">105,5 g<\/strong><span style=\"font-size: 16px\">, je Bang Box lehk\u00fd a snadno p\u0159enosn\u00fd. Ide\u00e1ln\u00ed pro velkoobchodn\u00edky, the <\/span><strong style=\"font-size: 16px\">mo\u017enosti hromadn\u00e9ho balen\u00ed<\/strong><span style=\"font-size: 16px\"> ud\u011blejte z toho vynikaj\u00edc\u00ed volbu pro <\/span><strong style=\"font-size: 16px\">hromadn\u00e9 objedn\u00e1vky<\/strong><span style=\"font-size: 16px\"> za bezkonkuren\u010dn\u00ed ceny.<\/span><\/p>\n<\/div>\n<\/div>\n<\/div>\n<\/div>\n<\/div>\n<\/div>\n<div class=\"flex-shrink-0 flex flex-col relative items-end\">\n<div class=\"pt-0\">\n<div class=\"gizmo-bot-avatar flex h-8 w-8 items-center justify-center overflow-hidden rounded-full\">\n<p>&nbsp;<\/p>\n<\/div>\n<\/div>\n<\/div>\n<\/div>\n<\/div>\n<p><strong>Kontaktujte Amy a z\u00edskejte spr\u00e1vnou odpov\u011b\u010f a kup\u00f3n na vape!<\/strong><\/p>\n<p><img loading=\"lazy\" decoding=\"async\" class=\"size-full wp-image-1978\" src=\"https:\/\/rmvapesale.com\/wp-content\/uploads\/2024\/09\/Disposable-Vape-Wholesale.jpg\" alt=\"Jednor\u00e1zov\u00e1 e-cigareta velkoobchod\" width=\"229\" height=\"300\" \/><\/p>\n<h3><a href=\"https:\/\/wa.me\/8617776015835\" target=\"_blank\" rel=\"noopener\"><span style=\"color: #ff0000\"><strong>WhatsApp: +86 17776015835<\/strong><\/span><\/a><\/h3>\n<p>&nbsp;<\/p>\n<h2><strong style=\"font-size: 1.7em\">Bang Box 35000 Kl\u00ed\u010dov\u00e9 vlastnosti<\/strong><\/h2>\n<h3><\/h3>\n<ul>\n<li><strong>Po\u010det pota\u017een\u00ed<\/strong>: A\u017e 35 000 pro prodlou\u017een\u00e9 pou\u017eit\u00ed<\/li>\n<li><strong>Digit\u00e1ln\u00ed displej<\/strong>: Monitorov\u00e1n\u00ed baterie a e-liquidu v re\u00e1ln\u00e9m \u010dase<\/li>\n<li><strong>Kapacita e-liquidu<\/strong>: Velk\u00e1 p\u0159edpln\u011bn\u00e1 n\u00e1dr\u017e 35 ml<\/li>\n<li><strong>Syst\u00e9m c\u00edvky<\/strong>: Dvojit\u00e1 s\u00ed\u0165ov\u00e1 c\u00edvka pro zv\u00fd\u0161enou chu\u0165 a p\u00e1ru<\/li>\n<li><strong>Baterie<\/strong>: Dob\u00edjec\u00ed 700mAh s nab\u00edjen\u00edm p\u0159es Type-C<\/li>\n<li><strong>Pr\u016ftok vzduchu<\/strong>: T\u0159i p\u0159izp\u016fsobiteln\u00e9 re\u017eimy pro personalizovan\u00fd z\u00e1\u017eitek<\/li>\n<li><strong>Dotykov\u00e1 obrazovka<\/strong>: Intuitivn\u00ed ovl\u00e1d\u00e1n\u00ed pro pr\u016ftok vzduchu a re\u017eimy v\u00fdkonu<\/li>\n<li><strong>P\u0159enosnost<\/strong>: Lehk\u00fd design pro vapov\u00e1n\u00ed na cest\u00e1ch<\/li>\n<li><strong>Velkoobchod p\u0159ipraveno<\/strong>: Mo\u017enosti hromadn\u00e9ho n\u00e1kupu pro n\u00e1kladov\u011b efektivn\u00ed dopln\u011bn\u00ed z\u00e1sob&nbsp;\n<p><img loading=\"lazy\" decoding=\"async\" class=\"wp-image-2940 size-full\" src=\"https:\/\/rmvapesale.com\/wp-content\/uploads\/2025\/01\/Bang-Vape-Disposable-Vapes-35000-Bulk-Buy.webp\" alt=\"Bang Vape Jednor\u00e1zov\u00e9 vaporiz\u00e9ry 35000 Velkoobchodn\u00ed n\u00e1kup\" width=\"800\" height=\"496\" srcset=\"https:\/\/rmvapesale.com\/wp-content\/uploads\/2025\/01\/Bang-Vape-Disposable-Vapes-35000-Bulk-Buy.webp 800w, https:\/\/rmvapesale.com\/wp-content\/uploads\/2025\/01\/Bang-Vape-Disposable-Vapes-35000-Bulk-Buy-300x186.webp 300w, https:\/\/rmvapesale.com\/wp-content\/uploads\/2025\/01\/Bang-Vape-Disposable-Vapes-35000-Bulk-Buy-768x476.webp 768w, https:\/\/rmvapesale.com\/wp-content\/uploads\/2025\/01\/Bang-Vape-Disposable-Vapes-35000-Bulk-Buy-600x372.webp 600w\" sizes=\"auto, (max-width: 800px) 100vw, 800px\" \/><\/li>\n<\/ul>\n<h2><strong style=\"font-size: 1.7em\">Nejprod\u00e1van\u011bj\u0161\u00ed p\u0159\u00edchu\u0165 pro Bang Box 35k<\/strong><\/h2>\n<p>Tato Bang Box 35000 Puffs Dotykov\u00e1 obrazovka Dob\u00edjec\u00ed Jednor\u00e1zov\u00fd vaporiz\u00e9r je k dispozici v <strong>12 vzru\u0161uj\u00edc\u00edch p\u0159\u00edchut\u00ed<\/strong>, nab\u00edz\u00ed r\u016fzn\u00e9 mo\u017enosti, aby vyhov\u011bly r\u016fzn\u00fdm chut\u00edm. Jak\u00e1 je nejlep\u0161\u00ed p\u0159\u00edchu\u0165 pro BangBOX 35K? Pros\u00edm, najd\u011bte nejprod\u00e1van\u011bj\u0161\u00ed p\u0159\u00edchu\u0165 tohoto dob\u00edjec\u00edho jednor\u00e1zov\u00e9ho vaporiz\u00e9ru podle na\u0161ich prodejn\u00edch dat a zp\u011btn\u00e9 vazby z\u00e1kazn\u00edk\u016f.<\/p>\n<p>1. JAHODA KIWI<br \/>\n2. MODR\u00dd RAZZ ICE <span style=\"color: #ff0000\"><strong>&gt;&gt;&gt;&gt; \u017dhav\u00e9 !<\/strong><\/span><br \/>\n3. JAHODA MELOUN<span style=\"color: #ff0000\"><strong>&gt;&gt;&gt;&gt; \u017dhav\u00e9 !<\/strong><\/span><br \/>\n4. PASSION FRUIT (Ovoce v\u00e1\u0161e\u0148)<br \/>\n5. CITR\u00d3N COLA SODA<br \/>\n6. MELOUN ICE<br \/>\n7. MELOUNOV\u00c1 \u017dV\u00c1NKA<br \/>\n8. KIWI PASSION FRUIT GUAVA<br \/>\n9. BLUEBERRY ICE <strong> <span style=\"color: #ff0000\">&gt;&gt;&gt;&gt; Nejlep\u0161\u00ed !<\/span><\/strong><br \/>\n10. WATERMELON CHERRY<br \/>\n11. RED BULL <span style=\"color: #ff0000\"><strong>&gt;&gt;&gt;&gt; \u017dhav\u00e9 !<\/strong><\/span><br \/>\n12. M\u00c1TA GRAPEFRUIT <span style=\"color: #ff0000\"><strong>&gt;&gt;&gt;&gt; \u017dhav\u00e9 !<\/strong><\/span><\/p>\n<h3><\/h3>\n<h4><strong>Pro\u010d si vybrat Rmvapesale pro Bang Box 35000 Puf\u016f\u00a0 <\/strong><strong>V<\/strong><strong>ape Velkoobchod<\/strong><strong>?<\/strong><\/h4>\n<div class=\"flex-shrink-0 flex flex-col relative items-end\">\n<div class=\"pt-0\">\n<div class=\"gizmo-bot-avatar flex h-8 w-8 items-center justify-center overflow-hidden rounded-full\">\n<div class=\"relative p-1 rounded-sm flex items-center justify-center bg-token-main-surface-primary text-token-text-primary h-8 w-8\">\n<p>V\u00edtejte v Rmvapesale, va\u0161em d\u016fv\u011bryhodn\u00e9m obchod\u011b s pr\u00e9miov\u00fdmi jednor\u00e1zov\u00fdmi vapovac\u00edmi p\u0159\u00edstroji. S v\u00edce ne\u017e 5 lety odborn\u00fdch zku\u0161enost\u00ed v\u00e1m p\u0159in\u00e1\u0161\u00edme obl\u00edben\u00e9 zna\u010dky jednor\u00e1zov\u00fdch vapovac\u00edch p\u0159\u00edstroj\u016f, jako jsou Al Fakher, Vapme Vape, <a href=\"https:\/\/rmvapesale.com\/cs\/product-category\/bang-vapes\/\">Bang Vape<\/a>, Waspe, WGA Vape a<a href=\"https:\/\/rmvapesale.com\/cs\/product-category\/randm-fumot-vape\/\"> RandM Vape<\/a>.<\/p>\n<p>Na\u0161e nab\u00eddka zahrnuje obl\u00edben\u00e9 jednor\u00e1zov\u00e9 vaporiz\u00e9ry jako nap\u0159\u00edklad <a href=\"https:\/\/rmvapesale.com\/cs\/product\/randm-tornado-15000-puffs-vape-wholesale\/\">RandM Tornado 15000<\/a> a chu\u0165ov\u011b bohat\u00e9 mo\u017enosti, jako je <a href=\"https:\/\/rmvapesale.com\/cs\/product\/bood-twins-46000-puff-digital-disposable-vape-bulk-buy-wholesale-price\/\">Bood Twins 46000<\/a>. Ka\u017ed\u00fd produkt je vyb\u00edr\u00e1n s d\u016frazem na kvalitu, hodnotu a rozmanitost, abyste si zajistili dokonalou shodu pro va\u0161e pot\u0159eby. Objevte v\u00fdjime\u010dn\u00e9 slu\u017eby a \u0161irokou \u0161k\u00e1lu \u0161pi\u010dkov\u00fdch produkt\u016f na Rmvapesale.<\/p>\n<p>&nbsp;<\/p>\n<h3><b style=\"font-size: 1.5em;font-style: inherit\">\u010casto kladen\u00e9 ot\u00e1zky k Bang Box 35000 <\/b><b style=\"font-size: 1.5em;font-style: inherit\">Dob\u00edjec\u00ed jednor\u00e1zov\u00e1 vapka<\/b><\/h3>\n<\/div>\n<h3><\/h3>\n<p><strong>1. Kolik puf\u016f poskytuje Bang Box 35000?<\/strong><\/p>\n<p>Bang Box nab\u00edz\u00ed a\u017e <strong>35 000 pot\u00e1hnut\u00ed<\/strong>, co\u017e je ide\u00e1ln\u00ed pro dlouhodob\u00e9 pou\u017e\u00edv\u00e1n\u00ed bez \u010dast\u00e9 v\u00fdm\u011bny.<\/p>\n<p><strong>2. Mohu Bang Box 35000 dob\u00edjet?<\/strong><\/p>\n<p>Ano, je vybaven <strong>cURL Too many subrequests.<\/strong> s <strong>Type-C port<\/strong> pro rychl\u00e9 a pohodln\u00e9 nab\u00edjen\u00ed.<\/p>\n<p><strong>3. Jak\u00e1 je v\u00fdhoda digit\u00e1ln\u00edho displeje?<\/strong><\/p>\n<p>Tento <strong>LED dotykov\u00fd displej<\/strong> umo\u017e\u0148uje sledovat \u017eivotnost baterie, hladinu e-liquidu a snadno upravovat pr\u016ftok vzduchu a re\u017eimy v\u00fdkonu.<\/p>\n<p><strong>4. Mohu upravit pr\u016ftok vzduchu?<\/strong><\/p>\n<p>Ur\u010dit\u011b! Bang Box je vybaven <strong>t\u0159i nastaviteln\u00e9 re\u017eimy pr\u016ftoku vzduchu<\/strong>, co\u017e v\u00e1m d\u00e1v\u00e1 kontrolu nad va\u0161\u00edm z\u00e1\u017eitkem z vapov\u00e1n\u00ed.<\/p>\n<p><strong>5. Kde mohu zakoupit Bang Box 35000 za velkoobchodn\u00ed ceny?<\/strong><\/p>\n<p>Najdete u n\u00e1s <strong>Bang Box 35000 Puffs<\/strong> za konkurenceschopn\u00e9 ceny <strong>velkoobchodn\u00ed ceny<\/strong> on <a href=\"https:\/\/rmvapesale.com\/cs\/\" target=\"_new\" rel=\"noopener\">online vape shop Rmvapesale<\/a>Nakupujte nyn\u00ed za nejlep\u0161\u00ed ceny!<\/p>\n<p><img loading=\"lazy\" decoding=\"async\" class=\"wp-image-2941 size-full\" src=\"https:\/\/rmvapesale.com\/wp-content\/uploads\/2025\/01\/Bang-Vape-Screen-Disposable-Vape-35000-Puffs.webp\" alt=\"Bang Vape Displej Jednor\u00e1zov\u00fd vaporiz\u00e9r 35000 Potah\u016f\" width=\"800\" height=\"558\" srcset=\"https:\/\/rmvapesale.com\/wp-content\/uploads\/2025\/01\/Bang-Vape-Screen-Disposable-Vape-35000-Puffs.webp 800w, https:\/\/rmvapesale.com\/wp-content\/uploads\/2025\/01\/Bang-Vape-Screen-Disposable-Vape-35000-Puffs-300x209.webp 300w, https:\/\/rmvapesale.com\/wp-content\/uploads\/2025\/01\/Bang-Vape-Screen-Disposable-Vape-35000-Puffs-768x536.webp 768w, https:\/\/rmvapesale.com\/wp-content\/uploads\/2025\/01\/Bang-Vape-Screen-Disposable-Vape-35000-Puffs-600x419.webp 600w\" sizes=\"auto, (max-width: 800px) 100vw, 800px\" \/><\/p>\n<\/div>\n<\/div>\n<\/div>\n<h3>O p\u0159eprav\u011b<\/h3>\n<div class=\"flex-shrink-0 flex flex-col relative items-end\">\n<div>\n<div class=\"pt-0\">\n<div class=\"gizmo-bot-avatar flex h-8 w-8 items-center justify-center overflow-hidden rounded-full\">\n<div><\/div>\n<div class=\"relative p-1 rounded-sm flex items-center justify-center bg-token-main-surface-primary text-token-text-primary h-8 w-8\"><strong>1. Jak\u00e9 zp\u016fsoby dopravy se pou\u017e\u00edvaj\u00ed?<\/strong><\/div>\n<\/div>\n<\/div>\n<\/div>\n<\/div>\n<div class=\"group\/conversation-turn relative flex w-full min-w-0 flex-col agent-turn\">\n<div class=\"flex-col gap-1 md:gap-3\">\n<div class=\"flex max-w-full flex-col flex-grow\">\n<div class=\"min-h-[20px] text-message flex w-full flex-col items-end gap-2 whitespace-normal break-words [.text-message+&amp;]:mt-5 overflow-x-auto\" dir=\"auto\" data-message-author-role=\"assistant\" data-message-id=\"22f8283b-3233-46ff-89a5-c7a41b33abda\">\n<div class=\"flex w-full flex-col gap-1 empty:hidden first:pt-[3px]\">\n<div class=\"markdown prose w-full break-words dark:prose-invert light\">\n<p>Spolupracujeme s UPS, DHL, FedEx, DPD a dal\u0161\u00edmi p\u0159edn\u00edmi p\u0159epravci. Vybereme nejlep\u0161\u00ed zp\u016fsob dopravy na z\u00e1klad\u011b va\u0161\u00ed doru\u010dovac\u00ed lokality, abychom zajistili, \u017ee sv\u00e9 produkty obdr\u017e\u00edte co nejrychleji.<\/p>\n<\/div>\n<p><strong>2. Jak dlouho trv\u00e1 doru\u010den\u00ed?<\/strong><\/p>\n<p>Bal\u00ed\u010dky odeslan\u00e9 do \u010cesk\u00e9 republiky obvykle doraz\u00ed do 10 pracovn\u00edch dn\u016f. P\u0159eprava do evropsk\u00fdch zem\u00ed obecn\u011b trv\u00e1 asi 12-15 pracovn\u00edch dn\u016f. O stavu va\u0161\u00ed z\u00e1silky v\u00e1s budeme pr\u016fb\u011b\u017en\u011b informovat.<\/p>\n<\/div>\n<\/div>\n<\/div>\n<\/div>\n<\/div>\n<p><strong><span style=\"color: #ff0000\">Dal\u0161\u00ed hork\u00e1 nab\u00eddka chytr\u00fdch jednor\u00e1zov\u00fdch vaporiz\u00e9r\u016f: <a href=\"https:\/\/rmvapesale.com\/cs\/product\/vopk-ultra-40000-puffs-double-taste-digital-screen-spaceman-disposable-vape-wholesale\/\">VOPK 40000 40K Potah\u016f<\/a>, <a href=\"https:\/\/rmvapesale.com\/cs\/product\/bang-vape-36000-puffs-rechargeable-disposable-vape-wholesale-price\/\">Bang Vape 36k,\u00a0<\/a><\/span><\/strong><\/p>\n<p>&nbsp;<\/p>\n<p>Naj\u00edt v\u00edce produkt\u016f pro vaping, kter\u00e9 by se v\u00e1m mohly l\u00edbit:<strong><em><a href=\"https:\/\/rmvapesale.com\/cs\/shop-2\/\">nakupujte nyn\u00ed &gt;&gt;&gt;<\/a><\/em><\/strong><\/p>","protected":false},"excerpt":{"rendered":"<p>Nov\u00e1 Bang box 35k 35000 Puffs Dotykov\u00e9 ovl\u00e1d\u00e1n\u00ed Dva re\u017eimy v\u00fdkonu<br \/>\nBang Box 35000 Puffs Dotykov\u00e9 ovl\u00e1d\u00e1n\u00ed Jednor\u00e1zov\u00e9 vaporiz\u00e9ry Velkoobchod<br \/>\nBang box 35k Puffs Dotykov\u00e9 ovl\u00e1d\u00e1n\u00ed Vaporiz\u00e9r Velkoobchodn\u00ed levn\u00e1 cena<\/p>\n<p><strong>Kontaktujte Amy a z\u00edskejte spr\u00e1vnou odpov\u011b\u010f a kup\u00f3n na vape!<\/strong><\/p>\n<p><img loading=\"lazy\" decoding=\"async\" class=\"size-full wp-image-2375\" src=\"https:\/\/rmvapesale.com\/wp-content\/uploads\/2024\/10\/image.png\" alt=\"Nejlep\u0161\u00ed jednor\u00e1zov\u00e1 e-cigareta\" width=\"229\" height=\"300\" \/><\/p>\n<h3><a href=\"https:\/\/wa.me\/8617776015835\"><span style=\"color: #ff0000\"><strong>WhatsApp: +86 17776015835<\/strong><\/span><\/a><\/h3>\n<p>&nbsp;<\/p>","protected":false},"featured_media":2934,"comment_status":"open","ping_status":"closed","template":"","meta":{"_uag_custom_page_level_css":"","_lmt_disableupdate":"no","_lmt_disable":"","site-sidebar-layout":"default","site-content-layout":"content-boxed-container","ast-site-content-layout":"normal-width-container","site-content-style":"boxed","site-sidebar-style":"unboxed","ast-global-header-display":"","ast-banner-title-visibility":"","ast-main-header-display":"","ast-hfb-above-header-display":"","ast-hfb-below-header-display":"","ast-hfb-mobile-header-display":"","site-post-title":"","ast-breadcrumbs-content":"","ast-featured-img":"","footer-sml-layout":"","theme-transparent-header-meta":"default","adv-header-id-meta":"","stick-header-meta":"","header-above-stick-meta":"","header-main-stick-meta":"","header-below-stick-meta":"","astra-migrate-meta-layouts":"set","ast-page-background-enabled":"default","ast-page-background-meta":{"desktop":{"background-color":"var(--ast-global-color-4)","background-image":"","background-repeat":"repeat","background-position":"center center","background-size":"auto","background-attachment":"scroll","background-type":"","background-media":"","overlay-type":"","overlay-color":"","overlay-opacity":"","overlay-gradient":""},"tablet":{"background-color":"","background-image":"","background-repeat":"repeat","background-position":"center center","background-size":"auto","background-attachment":"scroll","background-type":"","background-media":"","overlay-type":"","overlay-color":"","overlay-opacity":"","overlay-gradient":""},"mobile":{"background-color":"","background-image":"","background-repeat":"repeat","background-position":"center center","background-size":"auto","background-attachment":"scroll","background-type":"","background-media":"","overlay-type":"","overlay-color":"","overlay-opacity":"","overlay-gradient":""}},"ast-content-background-meta":{"desktop":{"background-color":"var(--ast-global-color-5)","background-image":"","background-repeat":"repeat","background-position":"center center","background-size":"auto","background-attachment":"scroll","background-type":"","background-media":"","overlay-type":"","overlay-color":"","overlay-opacity":"","overlay-gradient":""},"tablet":{"background-color":"var(--ast-global-color-5)","background-image":"","background-repeat":"repeat","background-position":"center center","background-size":"auto","background-attachment":"scroll","background-type":"","background-media":"","overlay-type":"","overlay-color":"","overlay-opacity":"","overlay-gradient":""},"mobile":{"background-color":"var(--ast-global-color-5)","background-image":"","background-repeat":"repeat","background-position":"center center","background-size":"auto","background-attachment":"scroll","background-type":"","background-media":"","overlay-type":"","overlay-color":"","overlay-opacity":"","overlay-gradient":""}},"_joinchat":[]},"product_brand":[],"product_cat":[15,246,25,123,26,28,135,27,60,137,136,30],"product_tag":[267,199,146,131,40,111,266],"class_list":{"0":"post-2913","1":"product","2":"type-product","3":"status-publish","4":"has-post-thumbnail","6":"product_cat-new-vape-this-week","7":"product_cat-35000-puffs-disposable-vape","8":"product_cat-germany-best-selling-vape","9":"product_cat-italy-wholesale-vape","10":"product_cat-netherlands-hot-sale-vape","11":"product_cat-poland-hot-sale-vape","12":"product_cat-spain-best-hot-sale-vape","13":"product_cat-fance-hot-sale-vape","14":"product_cat-bang-vapes","15":"product_cat-rechargeable-vapes","16":"product_cat-smart-screen-vapes","17":"product_cat-minimum-order-quantity-50pcs","18":"product_tag-bang-box-35k","19":"product_tag-bang-vape","20":"product_tag-best-hot-sale-vape","21":"product_tag-big-puff-vape","22":"product_tag-hot-sale-vape","23":"product_tag-low-nicotine-disposable-vape","24":"product_tag-touch-screen-rechargeable-disposable-vape","25":"desktop-align-left","26":"tablet-align-left","27":"mobile-align-left","29":"first","30":"instock","31":"sale","32":"shipping-taxable","33":"purchasable","34":"product-type-simple"},"uagb_featured_image_src":{"full":["https:\/\/rmvapesale.com\/wp-content\/uploads\/2025\/01\/Bang-Box-Vape-35000-Puffs-Disposable-Vape-Bulk-Buy.webp",800,800,false],"thumbnail":["https:\/\/rmvapesale.com\/wp-content\/uploads\/2025\/01\/Bang-Box-Vape-35000-Puffs-Disposable-Vape-Bulk-Buy-150x150.webp",150,150,true],"medium":["https:\/\/rmvapesale.com\/wp-content\/uploads\/2025\/01\/Bang-Box-Vape-35000-Puffs-Disposable-Vape-Bulk-Buy-300x300.webp",300,300,true],"medium_large":["https:\/\/rmvapesale.com\/wp-content\/uploads\/2025\/01\/Bang-Box-Vape-35000-Puffs-Disposable-Vape-Bulk-Buy-768x768.webp",768,768,true],"large":["https:\/\/rmvapesale.com\/wp-content\/uploads\/2025\/01\/Bang-Box-Vape-35000-Puffs-Disposable-Vape-Bulk-Buy.webp",800,800,false],"1536x1536":["https:\/\/rmvapesale.com\/wp-content\/uploads\/2025\/01\/Bang-Box-Vape-35000-Puffs-Disposable-Vape-Bulk-Buy.webp",800,800,false],"2048x2048":["https:\/\/rmvapesale.com\/wp-content\/uploads\/2025\/01\/Bang-Box-Vape-35000-Puffs-Disposable-Vape-Bulk-Buy.webp",800,800,false],"trp-custom-language-flag":["https:\/\/rmvapesale.com\/wp-content\/uploads\/2025\/01\/Bang-Box-Vape-35000-Puffs-Disposable-Vape-Bulk-Buy.webp",12,12,false],"woocommerce_thumbnail":["https:\/\/rmvapesale.com\/wp-content\/uploads\/2025\/01\/Bang-Box-Vape-35000-Puffs-Disposable-Vape-Bulk-Buy-300x300.webp",300,300,true],"woocommerce_single":["https:\/\/rmvapesale.com\/wp-content\/uploads\/2025\/01\/Bang-Box-Vape-35000-Puffs-Disposable-Vape-Bulk-Buy-600x600.webp",600,600,true],"woocommerce_gallery_thumbnail":["https:\/\/rmvapesale.com\/wp-content\/uploads\/2025\/01\/Bang-Box-Vape-35000-Puffs-Disposable-Vape-Bulk-Buy-100x100.webp",100,100,true],"wcpr-photo-reviews":["https:\/\/rmvapesale.com\/wp-content\/uploads\/2025\/01\/Bang-Box-Vape-35000-Puffs-Disposable-Vape-Bulk-Buy.webp",500,500,false]},"uagb_author_info":{"display_name":"AMY","author_link":"https:\/\/rmvapesale.com\/cs\/author\/"},"uagb_comment_info":0,"uagb_excerpt":"New Bang box 35k 35000 Puffs Touch Control Two Power Mode Bang Box 35000 Puffs Touch Control Disposable Vape Wholesale Bang box 35k Puffs Touch Control Vape Bulk Buy Cheap Price Contact Amy to get right reply and vape coupon! WhatsApp: +86 17776015835 &nbsp;","_links":{"self":[{"href":"https:\/\/rmvapesale.com\/cs\/wp-json\/wp\/v2\/product\/2913","targetHints":{"allow":["GET"]}}],"collection":[{"href":"https:\/\/rmvapesale.com\/cs\/wp-json\/wp\/v2\/product"}],"about":[{"href":"https:\/\/rmvapesale.com\/cs\/wp-json\/wp\/v2\/types\/product"}],"replies":[{"embeddable":true,"href":"https:\/\/rmvapesale.com\/cs\/wp-json\/wp\/v2\/comments?post=2913"}],"wp:featuredmedia":[{"embeddable":true,"href":"https:\/\/rmvapesale.com\/cs\/wp-json\/wp\/v2\/media\/2934"}],"wp:attachment":[{"href":"https:\/\/rmvapesale.com\/cs\/wp-json\/wp\/v2\/media?parent=2913"}],"wp:term":[{"taxonomy":"product_brand","embeddable":true,"href":"https:\/\/rmvapesale.com\/cs\/wp-json\/wp\/v2\/product_brand?post=2913"},{"taxonomy":"product_cat","embeddable":true,"href":"https:\/\/rmvapesale.com\/cs\/wp-json\/wp\/v2\/product_cat?post=2913"},{"taxonomy":"product_tag","embeddable":true,"href":"https:\/\/rmvapesale.com\/cs\/wp-json\/wp\/v2\/product_tag?post=2913"}],"curies":[{"name":"wp","href":"https:\/\/api.w.org\/{rel}","templated":true}]}}