{"id":2948,"date":"2025-01-10T08:39:18","date_gmt":"2025-01-10T08:39:18","guid":{"rendered":"https:\/\/rmvapesale.com\/?post_type=product&#038;p=2948"},"modified":"2025-01-10T09:15:27","modified_gmt":"2025-01-10T09:15:27","slug":"crystal-vape-uwin-shisha-hookah-20k-20000-puffs-wholesale-best-price","status":"publish","type":"product","link":"https:\/\/rmvapesale.com\/cs\/product\/crystal-vape-uwin-shisha-hookah-20k-20000-puffs-wholesale-best-price\/","title":{"rendered":"Crystal Vape Uwin Shisha Hookah 20K 20000 pot\u00e1hnut\u00ed Velkoobchodn\u00ed nejlep\u0161\u00ed cena"},"content":{"rendered":"<div class=\"B2VR9 CJHX3e\">\n<div class=\"wyccme\">\n<div class=\"flex-shrink-0 flex flex-col relative items-end\">\n<div class=\"pt-0\">\n<div class=\"gizmo-bot-avatar flex h-8 w-8 items-center justify-center overflow-hidden rounded-full\">\n<div class=\"relative p-1 rounded-sm flex items-center justify-center bg-token-main-surface-primary text-token-text-primary h-8 w-8\">\n<div class=\"flex-shrink-0 flex flex-col relative items-end\">\n<div class=\"pt-0\">\n<div class=\"gizmo-bot-avatar flex h-8 w-8 items-center justify-center overflow-hidden rounded-full\">\n<h1 class=\"relative p-1 rounded-sm flex items-center justify-center bg-token-main-surface-primary text-token-text-primary h-8 w-8\">Crystal Vape Uwin Shisha Hookah 20K 20000 pot\u00e1hnut\u00ed Velkoobchodn\u00ed nejlep\u0161\u00ed cena<\/h1>\n<\/div>\n<\/div>\n<\/div>\n<\/div>\n<\/div>\n<\/div>\n<\/div>\n<div class=\"group\/conversation-turn relative flex w-full min-w-0 flex-col agent-turn\">\n<div class=\"flex-col gap-1 md:gap-3\">\n<div class=\"flex max-w-full flex-col flex-grow\">\n<div class=\"min-h-8 text-message flex w-full flex-col items-end gap-2 whitespace-normal break-words text-start [.text-message+&amp;]:mt-5\" dir=\"auto\" data-message-author-role=\"assistant\" data-message-id=\"80ece0c4-ead1-4ed9-a9f0-ddc22582b4f4\" data-message-model-slug=\"gpt-4o\">\n<div class=\"flex w-full flex-col gap-1 empty:hidden first:pt-[3px]\">\n<div class=\"markdown prose w-full break-words dark:prose-invert light\">\n<p>&nbsp;<\/p>\n<p>Tento <strong>Crystal Vape Uwin Shisha Hookah 20K 20000 pot\u00e1hnut\u00ed<\/strong>, je dokonal\u00e9 vapingov\u00e9 za\u0159\u00edzen\u00ed, kter\u00e9 kombinuje \u0161pi\u010dkovou technologii, styl a v\u00fdkon. Se sv\u00fdm p\u016fsobiv\u00fdm <strong>digit\u00e1ln\u00edm displejem<\/strong>, p\u0159izp\u016fsobiteln\u00fdmi funkcemi a vysok\u00fdm po\u010dtem pot\u00e1hnut\u00ed je navr\u017eeno tak, aby spl\u0148ovalo pot\u0159eby jak p\u0159\u00edle\u017eitostn\u00fdch, tak zku\u0161en\u00fdch vaper\u016f.<\/p>\n<\/div>\n<p>S vapem Uwin Crystal 20000 si u\u017eijete prodlou\u017een\u00fd vapingov\u00fd z\u00e1\u017eitek s a\u017e <strong>20 000 pot\u00e1hnut\u00edmi<\/strong> na jedno za\u0159\u00edzen\u00ed. Dejte sbohem \u010dast\u00fdm v\u00fdm\u011bn\u00e1m a p\u0159iv\u00edtejte nep\u0159eru\u0161ovan\u00fd po\u017eitek! The <strong>inovativn\u00ed digit\u00e1ln\u00ed displej<\/strong> v\u00e1s informuje o stavu baterie a pou\u017e\u00edv\u00e1n\u00ed, co\u017e zaji\u0161\u0165uje bezprobl\u00e9mov\u00fd z\u00e1\u017eitek. Stav sv\u00e9ho za\u0159\u00edzen\u00ed budete zn\u00e1t na prvn\u00ed pohled. S p\u0159izp\u016fsobiteln\u00fdm nastaven\u00edm proud\u011bn\u00ed vzduchu se Crystal Vape Uwin 20K p\u0159izp\u016fsob\u00ed va\u0161im preferenc\u00edm. A\u0165 u\u017e m\u00e1te r\u00e1di pevn\u011bj\u0161\u00ed potahy nebo voln\u011bj\u0161\u00ed hit, toto za\u0159\u00edzen\u00ed v\u00e1m vyhov\u00ed.<\/p>\n<p>Vybaven <strong>0.8\u03a9 mesh spir\u00e1lka<\/strong>, tento dob\u00edjec\u00ed jednor\u00e1zov\u00fd vape zaji\u0161\u0165uje vylep\u0161enou produkci p\u00e1ry a bezkonkuren\u010dn\u00ed chu\u0165. Ka\u017ed\u00fd potah je hladk\u00fd, bohat\u00fd a uspokojiv\u00fd. Nap\u00e1jeno <strong>650mAh kobaltovou dob\u00edjec\u00ed bateri\u00ed<\/strong> a <strong>nab\u00edjec\u00edho portu typu C<\/strong>, je Uwin Shisha Hookah v\u017edy p\u0159ipraveno k pou\u017eit\u00ed. Rychl\u00e9 a \u00fa\u010dinn\u00e9 dob\u00edjen\u00ed znamen\u00e1 m\u00e9n\u011b prostoj\u016f. Ergonomick\u00fd a kompaktn\u00ed, Crystal Vape Uwin se vyzna\u010duje elegantn\u00edm designem, kter\u00fd je stylov\u00fd a pohodln\u00fd na pou\u017e\u00edv\u00e1n\u00ed. Je to stejn\u011b tak m\u00f3dn\u00ed dopln\u011bk jako vapingov\u00e9 za\u0159\u00edzen\u00ed. K dispozici v <strong>0%, 2%, 3% a 5% s\u00edly nikotinu<\/strong>, tento vape vyhovuje v\u0161em preferenc\u00edm. A\u0165 u\u017e chcete siln\u00fd hit nebo m\u00edrn\u011bj\u0161\u00ed z\u00e1\u017eitek, m\u00e1te to, co pot\u0159ebujete.<\/p>\n<\/div>\n<p>Upgradujte svou vapingovou hru s <strong>Crystal Vape Uwin Shisha Hookah 20000<\/strong>. Se sv\u00fdm spojen\u00edm stylu, v\u00fdkonu a pohodl\u00ed je to ide\u00e1ln\u00ed volba pro vapery v\u0161ude. Ne\u010dekejte \u2014 objednejte si sv\u016fj je\u0161t\u011b dnes!<\/p>\n<\/div>\n<\/div>\n<\/div>\n<\/div>\n<div class=\"flex-shrink-0 flex flex-col relative items-end\">\n<div class=\"pt-0\">\n<div class=\"gizmo-bot-avatar flex h-8 w-8 items-center justify-center overflow-hidden rounded-full\">\n<p>&nbsp;<\/p>\n<\/div>\n<\/div>\n<\/div>\n<\/div>\n<\/div>\n<p><strong>Kontaktujte Amy a z\u00edskejte spr\u00e1vnou odpov\u011b\u010f a kup\u00f3n na vape!<\/strong><\/p>\n<p><img loading=\"lazy\" decoding=\"async\" class=\"size-full wp-image-1978\" src=\"https:\/\/rmvapesale.com\/wp-content\/uploads\/2024\/09\/Disposable-Vape-Wholesale.jpg\" alt=\"Jednor\u00e1zov\u00e1 e-cigareta velkoobchod\" width=\"229\" height=\"300\" \/><\/p>\n<h3><a href=\"https:\/\/wa.me\/8617776015835\" target=\"_blank\" rel=\"noopener\"><span style=\"color: #ff0000\"><strong>WhatsApp: +86 17776015835<\/strong><\/span><\/a><\/h3>\n<p>&nbsp;<\/p>\n<h2><strong style=\"font-size: 1.7em\">Crystal Vape Uwin 20000 Kl\u00ed\u010dov\u00e9 vlastnosti<\/strong><\/h2>\n<h3><\/h3>\n<ul>\n<li><strong>Po\u010det pota\u017een\u00ed<\/strong>: A\u017e 20 000 pro del\u0161\u00ed pou\u017e\u00edv\u00e1n\u00ed<\/li>\n<li><strong>Digit\u00e1ln\u00ed displej<\/strong>: Monitorov\u00e1n\u00ed stavu baterie a pou\u017e\u00edv\u00e1n\u00ed v re\u00e1ln\u00e9m \u010dase<\/li>\n<li><strong>Kapacita e-liquidu<\/strong>: 22ml p\u0159edpln\u011bn\u00e1 n\u00e1dr\u017e na m\u00e9n\u011b dopl\u0148ov\u00e1n\u00ed<\/li>\n<li><strong>Mesh Coil<\/strong>: C\u00edvka 0,8\u03a9 pro bohatou chu\u0165 a hustou p\u00e1ru<\/li>\n<li><strong>Dob\u00edjec\u00ed baterie<\/strong>: 650mAh cobaltov\u00e1 baterie s nab\u00edjen\u00edm p\u0159es Type-C<\/li>\n<li><strong>\u00darovn\u011b nikotinu<\/strong>: K dispozici ve verz\u00edch 0%, 2%, 3% a 5%<\/li>\n<li><strong>P\u0159\u00edchut\u011b<\/strong>: 12 chutn\u00fdch mo\u017enost\u00ed na v\u00fdb\u011br<\/li>\n<li><strong>Nastaviteln\u00fd pr\u016ftok vzduchu<\/strong>: P\u0159izp\u016fsobiteln\u00e9 nastaven\u00ed pro individu\u00e1ln\u00ed z\u00e1\u017eitek<\/li>\n<li><strong>Kompaktn\u00ed design<\/strong>: Elegantn\u00ed a ergonomick\u00fd pro p\u0159enosnost a styl<\/li>\n<\/ul>\n<h2><strong style=\"font-size: 1.7em\">Nejprod\u00e1van\u011bj\u0161\u00ed p\u0159\u00edchu\u0165 pro Uwin 20000 <\/strong><strong style=\"font-size: 1.7em\">Crystal Vape<\/strong><\/h2>\n<p>Tento jednor\u00e1zov\u00fd vaporiz\u00e9r je dostupn\u00fd v <strong>12 chutn\u00fdch p\u0159\u00edchut\u00edch<\/strong>, nab\u00edz\u00ed \u0161irokou \u0161k\u00e1lu mo\u017enost\u00ed pro r\u016fzn\u00e9 u\u017eivatele. Jak\u00e1 je nejlep\u0161\u00ed p\u0159\u00edchu\u0165 pro Uwin Crystal 20000? P\u0159ilo\u017een je seznam nejprod\u00e1van\u011bj\u0161\u00edch p\u0159\u00edchut\u00ed podle na\u0161ich prodejn\u00edch dat a recenz\u00ed z\u00e1kazn\u00edk\u016f.<\/p>\n<ol>\n<li>Vodn\u00ed meloun <span style=\"color: #ff0000\"><strong>&gt;&gt;&gt;&gt; \u017dhav\u00e9 !<\/strong><\/span><\/li>\n<li>Mango Ice<\/li>\n<li>Bor\u016fvka Malina <span style=\"color: #ff0000\"><strong>&gt;&gt;&gt;&gt; \u017dhav\u00e9 !<\/strong><\/span><\/li>\n<li>Hroznov\u00e1 m\u00e1ta<\/li>\n<li>Passion Fruit<\/li>\n<li>Jahoda Kiwi<\/li>\n<li>Dvojit\u00e9 jablko<\/li>\n<li>Peach Ice (broskvov\u00fd led)<\/li>\n<li>Ananas Kokos<\/li>\n<li>Sm\u00ed\u0161en\u00e9 bobule <strong><span style=\"color: #ff0000\">&gt;&gt;&gt;&gt; Nejlep\u0161\u00ed !<\/span><\/strong><\/li>\n<li>Citron M\u00e1ta <span style=\"color: #ff0000\"><strong>&gt;&gt;&gt;&gt; \u017dhav\u00e9 !<\/strong><\/span><\/li>\n<li>Pomeran\u010dov\u00fd Drt<\/li>\n<\/ol>\n<figure id=\"attachment_2944\" aria-describedby=\"caption-attachment-2944\" style=\"width: 800px\" class=\"wp-caption alignnone\"><img loading=\"lazy\" decoding=\"async\" class=\"wp-image-2944 size-full\" src=\"https:\/\/rmvapesale.com\/wp-content\/uploads\/2025\/01\/Hookah-Shisha-Uwin-Crystal-20000-Puffs-Disposable-Vape.webp\" alt=\"Hookah Shisha Uwin Crystal 20000 Puffs Jednor\u00e1zov\u00fd Vaporiz\u00e9r\" width=\"800\" height=\"800\" srcset=\"https:\/\/rmvapesale.com\/wp-content\/uploads\/2025\/01\/Hookah-Shisha-Uwin-Crystal-20000-Puffs-Disposable-Vape.webp 800w, https:\/\/rmvapesale.com\/wp-content\/uploads\/2025\/01\/Hookah-Shisha-Uwin-Crystal-20000-Puffs-Disposable-Vape-300x300.webp 300w, https:\/\/rmvapesale.com\/wp-content\/uploads\/2025\/01\/Hookah-Shisha-Uwin-Crystal-20000-Puffs-Disposable-Vape-150x150.webp 150w, https:\/\/rmvapesale.com\/wp-content\/uploads\/2025\/01\/Hookah-Shisha-Uwin-Crystal-20000-Puffs-Disposable-Vape-768x768.webp 768w, https:\/\/rmvapesale.com\/wp-content\/uploads\/2025\/01\/Hookah-Shisha-Uwin-Crystal-20000-Puffs-Disposable-Vape-600x600.webp 600w, https:\/\/rmvapesale.com\/wp-content\/uploads\/2025\/01\/Hookah-Shisha-Uwin-Crystal-20000-Puffs-Disposable-Vape-100x100.webp 100w\" sizes=\"auto, (max-width: 800px) 100vw, 800px\" \/><figcaption id=\"caption-attachment-2944\" class=\"wp-caption-text\">Hookah Shisha Uwin Crystal 20000 Puffs Jednor\u00e1zov\u00fd Vaporiz\u00e9r<\/figcaption><\/figure>\n<h3><strong>Pro\u010d si vybrat Rmvapesale pro Crystal Vape Uwin 20000 Puff\u00a0 <\/strong><strong>V<\/strong><strong>ape Velkoobchod<\/strong><strong>?<\/strong><\/h3>\n<div class=\"flex-shrink-0 flex flex-col relative items-end\">\n<div class=\"pt-0\">\n<div class=\"gizmo-bot-avatar flex h-8 w-8 items-center justify-center overflow-hidden rounded-full\">\n<p class=\"relative p-1 rounded-sm flex items-center justify-center bg-token-main-surface-primary text-token-text-primary h-8 w-8\">V\u00edtejte v Rmvapesale, va\u0161em d\u016fv\u011bryhodn\u00e9m obchod\u011b s pr\u00e9miov\u00fdmi jednor\u00e1zov\u00fdmi vapovac\u00edmi p\u0159\u00edstroji. S v\u00edce ne\u017e 5 lety odborn\u00fdch zku\u0161enost\u00ed v\u00e1m p\u0159in\u00e1\u0161\u00edme obl\u00edben\u00e9 zna\u010dky jednor\u00e1zov\u00fdch vapovac\u00edch p\u0159\u00edstroj\u016f, jako jsou Al Fakher, Vapme Vape, <a href=\"https:\/\/rmvapesale.com\/cs\/product-category\/bang-vapes\/\">Bang Vape<\/a>, Waspe, WGA Vape a<a href=\"https:\/\/rmvapesale.com\/cs\/product-category\/randm-fumot-vape\/\"> RandM Vape<\/a>. Na\u0161e nab\u00eddka zahrnuje \u017ehav\u00e9 jednor\u00e1zov\u00e9 vape, jako je <a href=\"https:\/\/rmvapesale.com\/cs\/product\/bang-box-35000-puffs-touch-screen-bulk-buy-price-rechargeable-disposable-vapes\/\">Bang Box 35000 Puffs<\/a> a chu\u0165ov\u011b bohat\u00e9 mo\u017enosti, jako je<a href=\"https:\/\/rmvapesale.com\/cs\/product\/bood-pulse-pro-50000-puff-50k-low-nicotine-disposable-vape-wholesale-bulk-buy-price\/\">\u00a0Bood Pulse PRO 50000<\/a>. Ka\u017ed\u00fd produkt je vyb\u00edr\u00e1n s d\u016frazem na kvalitu, hodnotu a rozmanitost, abyste si zajistili dokonalou shodu pro va\u0161e pot\u0159eby. Objevte v\u00fdjime\u010dn\u00e9 slu\u017eby a \u0161irokou \u0161k\u00e1lu \u0161pi\u010dkov\u00fdch produkt\u016f na Rmvapesale.<\/p>\n<p>&nbsp;<\/p>\n<p class=\"relative p-1 rounded-sm flex items-center justify-center bg-token-main-surface-primary text-token-text-primary h-8 w-8\"><b style=\"font-size: 1.5em;font-style: inherit\">\u010casto kladen\u00e9 ot\u00e1zky pro Crystal Vape Uwin 20000 <\/b><b style=\"font-size: 1.5em;font-style: inherit\">Dob\u00edjec\u00ed jednor\u00e1zov\u00e1 vapka<\/b><\/p>\n<h3><\/h3>\n<h4><strong>1. Kolik pot\u00e1hnut\u00ed nab\u00edz\u00ed Crystal Vape Uwin Shisha Hookah 20K?<\/strong><\/h4>\n<p>Za\u0159\u00edzen\u00ed poskytuje a\u017e <strong>20 000 pot\u00e1hnut\u00edmi<\/strong>, co\u017e z n\u011bj \u010din\u00ed dlouhotrvaj\u00edc\u00ed mo\u017enost pro roz\u0161\u00ed\u0159en\u00e9 pou\u017eit\u00ed.<\/p>\n<h4><strong>2. M\u00e1 tento vaporiz\u00e9r digit\u00e1ln\u00ed displej?<\/strong><\/h4>\n<p>Ano, je vybaveno <strong>snadno \u010diteln\u00fd digit\u00e1ln\u00ed displej <\/strong>pro snadn\u00e9 sledov\u00e1n\u00ed stavu baterie a pou\u017e\u00edv\u00e1n\u00ed.<\/p>\n<h4><strong>3. Mohu nab\u00edt baterii?<\/strong><\/h4>\n<p>Ur\u010dit\u011b! Je vybaven <strong>650mAh dob\u00edjec\u00ed baterie<\/strong> a <strong>Type-C port<\/strong> pro rychl\u00e9 a pohodln\u00e9 nab\u00edjen\u00ed.<\/p>\n<h4><strong>4. Je mo\u017en\u00e9 upravit pr\u016ftok vzduchu?<\/strong><\/h4>\n<p>Ano, Uwin Shisha Hookah 20K nab\u00edz\u00ed <strong>nastaviteln\u00e9 mo\u017enosti pr\u016ftoku vzduchu<\/strong> pro p\u0159izp\u016fsoben\u00ed va\u0161im preferenc\u00edm vapov\u00e1n\u00ed.<\/p>\n<h4><strong>5. Kde mohu koupit Crystal Vape Uwin Shisha Hookah 20K za velkoobchodn\u00ed ceny?<\/strong><\/h4>\n<p>Tento produkt najdete za nejlep\u0161\u00ed <strong>velkoobchodn\u00ed ceny<\/strong> on <a href=\"https:\/\/rmvapesale.com\/cs\/\" target=\"_new\" rel=\"noopener\">online vape shop Rmvapesale<\/a>. Nakupujte nyn\u00ed za bezkonkuren\u010dn\u00ed ceny!<\/p>\n<p>&nbsp;<\/p>\n<\/div>\n<\/div>\n<\/div>\n<h3>O p\u0159eprav\u011b<\/h3>\n<div class=\"flex-shrink-0 flex flex-col relative items-end\">\n<div>\n<div class=\"pt-0\">\n<div class=\"gizmo-bot-avatar flex h-8 w-8 items-center justify-center overflow-hidden rounded-full\">\n<div><\/div>\n<div class=\"relative p-1 rounded-sm flex items-center justify-center bg-token-main-surface-primary text-token-text-primary h-8 w-8\"><strong>1. Jak\u00e9 zp\u016fsoby dopravy se pou\u017e\u00edvaj\u00ed?<\/strong><\/div>\n<\/div>\n<\/div>\n<\/div>\n<\/div>\n<div class=\"group\/conversation-turn relative flex w-full min-w-0 flex-col agent-turn\">\n<div class=\"flex-col gap-1 md:gap-3\">\n<div class=\"flex max-w-full flex-col flex-grow\">\n<div class=\"min-h-[20px] text-message flex w-full flex-col items-end gap-2 whitespace-normal break-words [.text-message+&amp;]:mt-5 overflow-x-auto\" dir=\"auto\" data-message-author-role=\"assistant\" data-message-id=\"22f8283b-3233-46ff-89a5-c7a41b33abda\">\n<div class=\"flex w-full flex-col gap-1 empty:hidden first:pt-[3px]\">\n<div class=\"markdown prose w-full break-words dark:prose-invert light\">\n<p>Spolupracujeme s UPS, DHL, FedEx, DPD a dal\u0161\u00edmi p\u0159edn\u00edmi p\u0159epravci. Vybereme nejlep\u0161\u00ed zp\u016fsob dopravy na z\u00e1klad\u011b va\u0161\u00ed doru\u010dovac\u00ed lokality, abychom zajistili, \u017ee sv\u00e9 produkty obdr\u017e\u00edte co nejrychleji.<\/p>\n<\/div>\n<p><strong>2. Jak dlouho trv\u00e1 doru\u010den\u00ed?<\/strong><\/p>\n<p>Bal\u00ed\u010dky odeslan\u00e9 do \u010cesk\u00e9 republiky obvykle doraz\u00ed do 10 pracovn\u00edch dn\u016f. P\u0159eprava do evropsk\u00fdch zem\u00ed obecn\u011b trv\u00e1 asi 12-15 pracovn\u00edch dn\u016f. O stavu va\u0161\u00ed z\u00e1silky v\u00e1s budeme pr\u016fb\u011b\u017en\u011b informovat.<\/p>\n<\/div>\n<\/div>\n<\/div>\n<\/div>\n<\/div>\n<p>&nbsp;<\/p>\n<p>Naj\u00edt v\u00edce produkt\u016f pro vaping, kter\u00e9 by se v\u00e1m mohly l\u00edbit:<strong><em><a href=\"https:\/\/rmvapesale.com\/cs\/shop-2\/\">nakupujte nyn\u00ed &gt;&gt;&gt;<\/a><\/em><\/strong><\/p>","protected":false},"excerpt":{"rendered":"<p>Uwin Shisha Hookah Crystal 20000 pot\u00e1hnut\u00ed velkoobchod<br \/>\nUwin Crystal 20000 pot\u00e1hnut\u00ed Jednor\u00e1zov\u00fd Vape E Shisha Hookah<br \/>\nNejlep\u0161\u00ed velkoobchodn\u00ed cena Uwin Shisha Hookah Crystal 20K 20000 pot\u00e1hnut\u00ed<\/p>\n<p><strong>Kontaktujte Amy a z\u00edskejte spr\u00e1vnou odpov\u011b\u010f a kup\u00f3n na vape!<\/strong><\/p>\n<p><img loading=\"lazy\" decoding=\"async\" class=\"size-full wp-image-2375\" src=\"https:\/\/rmvapesale.com\/wp-content\/uploads\/2024\/10\/image.png\" alt=\"Nejlep\u0161\u00ed jednor\u00e1zov\u00e1 e-cigareta\" width=\"229\" height=\"300\" \/><\/p>\n<h3><a href=\"https:\/\/wa.me\/8617776015835\"><span style=\"color: #ff0000\"><strong>WhatsApp: +86 17776015835<\/strong><\/span><\/a><\/h3>\n<p>&nbsp;<\/p>","protected":false},"featured_media":2943,"comment_status":"open","ping_status":"closed","template":"","meta":{"_uag_custom_page_level_css":"","_lmt_disableupdate":"no","_lmt_disable":"","site-sidebar-layout":"default","site-content-layout":"content-boxed-container","ast-site-content-layout":"normal-width-container","site-content-style":"boxed","site-sidebar-style":"unboxed","ast-global-header-display":"","ast-banner-title-visibility":"","ast-main-header-display":"","ast-hfb-above-header-display":"","ast-hfb-below-header-display":"","ast-hfb-mobile-header-display":"","site-post-title":"","ast-breadcrumbs-content":"","ast-featured-img":"","footer-sml-layout":"","ast-disable-related-posts":"","theme-transparent-header-meta":"default","adv-header-id-meta":"","stick-header-meta":"","header-above-stick-meta":"","header-main-stick-meta":"","header-below-stick-meta":"","astra-migrate-meta-layouts":"set","ast-page-background-enabled":"default","ast-page-background-meta":{"desktop":{"background-color":"var(--ast-global-color-4)","background-image":"","background-repeat":"repeat","background-position":"center center","background-size":"auto","background-attachment":"scroll","background-type":"","background-media":"","overlay-type":"","overlay-color":"","overlay-opacity":"","overlay-gradient":""},"tablet":{"background-color":"","background-image":"","background-repeat":"repeat","background-position":"center center","background-size":"auto","background-attachment":"scroll","background-type":"","background-media":"","overlay-type":"","overlay-color":"","overlay-opacity":"","overlay-gradient":""},"mobile":{"background-color":"","background-image":"","background-repeat":"repeat","background-position":"center center","background-size":"auto","background-attachment":"scroll","background-type":"","background-media":"","overlay-type":"","overlay-color":"","overlay-opacity":"","overlay-gradient":""}},"ast-content-background-meta":{"desktop":{"background-color":"var(--ast-global-color-5)","background-image":"","background-repeat":"repeat","background-position":"center center","background-size":"auto","background-attachment":"scroll","background-type":"","background-media":"","overlay-type":"","overlay-color":"","overlay-opacity":"","overlay-gradient":""},"tablet":{"background-color":"var(--ast-global-color-5)","background-image":"","background-repeat":"repeat","background-position":"center center","background-size":"auto","background-attachment":"scroll","background-type":"","background-media":"","overlay-type":"","overlay-color":"","overlay-opacity":"","overlay-gradient":""},"mobile":{"background-color":"var(--ast-global-color-5)","background-image":"","background-repeat":"repeat","background-position":"center center","background-size":"auto","background-attachment":"scroll","background-type":"","background-media":"","overlay-type":"","overlay-color":"","overlay-opacity":"","overlay-gradient":""}},"_joinchat":[]},"product_brand":[],"product_cat":[15,255,60,27,25,123,30,26,28,137,136,135],"product_tag":[146,40,111,103,269,268],"class_list":{"0":"post-2948","1":"product","2":"type-product","3":"status-publish","4":"has-post-thumbnail","6":"product_cat-new-vape-this-week","7":"product_cat-20000-puff-disposable-vape","8":"product_cat-bang-vapes","9":"product_cat-fance-hot-sale-vape","10":"product_cat-germany-best-selling-vape","11":"product_cat-italy-wholesale-vape","12":"product_cat-minimum-order-quantity-50pcs","13":"product_cat-netherlands-hot-sale-vape","14":"product_cat-poland-hot-sale-vape","15":"product_cat-rechargeable-vapes","16":"product_cat-smart-screen-vapes","17":"product_cat-spain-best-hot-sale-vape","18":"product_tag-best-hot-sale-vape","19":"product_tag-hot-sale-vape","20":"product_tag-low-nicotine-disposable-vape","21":"product_tag-shisha-hookah","22":"product_tag-uwin-crystal-20000","23":"product_tag-uwin-shisha-hookah-20k","24":"desktop-align-left","25":"tablet-align-left","26":"mobile-align-left","28":"first","29":"instock","30":"sale","31":"shipping-taxable","32":"purchasable","33":"product-type-simple"},"uagb_featured_image_src":{"full":["https:\/\/rmvapesale.com\/wp-content\/uploads\/2025\/01\/Hookah-Shisha-Uwin-Crystal-20000-Puffs-Disposable-Vape-Bulk-Buy.webp",800,800,false],"thumbnail":["https:\/\/rmvapesale.com\/wp-content\/uploads\/2025\/01\/Hookah-Shisha-Uwin-Crystal-20000-Puffs-Disposable-Vape-Bulk-Buy-150x150.webp",150,150,true],"medium":["https:\/\/rmvapesale.com\/wp-content\/uploads\/2025\/01\/Hookah-Shisha-Uwin-Crystal-20000-Puffs-Disposable-Vape-Bulk-Buy-300x300.webp",300,300,true],"medium_large":["https:\/\/rmvapesale.com\/wp-content\/uploads\/2025\/01\/Hookah-Shisha-Uwin-Crystal-20000-Puffs-Disposable-Vape-Bulk-Buy-768x768.webp",768,768,true],"large":["https:\/\/rmvapesale.com\/wp-content\/uploads\/2025\/01\/Hookah-Shisha-Uwin-Crystal-20000-Puffs-Disposable-Vape-Bulk-Buy.webp",800,800,false],"1536x1536":["https:\/\/rmvapesale.com\/wp-content\/uploads\/2025\/01\/Hookah-Shisha-Uwin-Crystal-20000-Puffs-Disposable-Vape-Bulk-Buy.webp",800,800,false],"2048x2048":["https:\/\/rmvapesale.com\/wp-content\/uploads\/2025\/01\/Hookah-Shisha-Uwin-Crystal-20000-Puffs-Disposable-Vape-Bulk-Buy.webp",800,800,false],"trp-custom-language-flag":["https:\/\/rmvapesale.com\/wp-content\/uploads\/2025\/01\/Hookah-Shisha-Uwin-Crystal-20000-Puffs-Disposable-Vape-Bulk-Buy.webp",12,12,false],"woocommerce_thumbnail":["https:\/\/rmvapesale.com\/wp-content\/uploads\/2025\/01\/Hookah-Shisha-Uwin-Crystal-20000-Puffs-Disposable-Vape-Bulk-Buy-300x300.webp",300,300,true],"woocommerce_single":["https:\/\/rmvapesale.com\/wp-content\/uploads\/2025\/01\/Hookah-Shisha-Uwin-Crystal-20000-Puffs-Disposable-Vape-Bulk-Buy-600x600.webp",600,600,true],"woocommerce_gallery_thumbnail":["https:\/\/rmvapesale.com\/wp-content\/uploads\/2025\/01\/Hookah-Shisha-Uwin-Crystal-20000-Puffs-Disposable-Vape-Bulk-Buy-100x100.webp",100,100,true],"wcpr-photo-reviews":["https:\/\/rmvapesale.com\/wp-content\/uploads\/2025\/01\/Hookah-Shisha-Uwin-Crystal-20000-Puffs-Disposable-Vape-Bulk-Buy.webp",500,500,false]},"uagb_author_info":{"display_name":"AMY","author_link":"https:\/\/rmvapesale.com\/cs\/author\/"},"uagb_comment_info":0,"uagb_excerpt":"Uwin Shisha Hookah Crystal 20000 Puff Bulk Uwin Crystal 20000 Puffs Disposable Vape E Shisha Hookah Best Wholesale Price Uwin Shisha Hookah Crystal 20K 20000 Puffs Contact Amy to get right reply and vape coupon! WhatsApp: +86 17776015835 &nbsp;","_links":{"self":[{"href":"https:\/\/rmvapesale.com\/cs\/wp-json\/wp\/v2\/product\/2948","targetHints":{"allow":["GET"]}}],"collection":[{"href":"https:\/\/rmvapesale.com\/cs\/wp-json\/wp\/v2\/product"}],"about":[{"href":"https:\/\/rmvapesale.com\/cs\/wp-json\/wp\/v2\/types\/product"}],"replies":[{"embeddable":true,"href":"https:\/\/rmvapesale.com\/cs\/wp-json\/wp\/v2\/comments?post=2948"}],"wp:featuredmedia":[{"embeddable":true,"href":"https:\/\/rmvapesale.com\/cs\/wp-json\/wp\/v2\/media\/2943"}],"wp:attachment":[{"href":"https:\/\/rmvapesale.com\/cs\/wp-json\/wp\/v2\/media?parent=2948"}],"wp:term":[{"taxonomy":"product_brand","embeddable":true,"href":"https:\/\/rmvapesale.com\/cs\/wp-json\/wp\/v2\/product_brand?post=2948"},{"taxonomy":"product_cat","embeddable":true,"href":"https:\/\/rmvapesale.com\/cs\/wp-json\/wp\/v2\/product_cat?post=2948"},{"taxonomy":"product_tag","embeddable":true,"href":"https:\/\/rmvapesale.com\/cs\/wp-json\/wp\/v2\/product_tag?post=2948"}],"curies":[{"name":"wp","href":"https:\/\/api.w.org\/{rel}","templated":true}]}}