{"id":2955,"date":"2025-01-13T06:29:57","date_gmt":"2025-01-13T06:29:57","guid":{"rendered":"https:\/\/rmvapesale.com\/?post_type=product&#038;p=2955"},"modified":"2025-01-13T07:21:49","modified_gmt":"2025-01-13T07:21:49","slug":"bangking-35000-puffs-double-flavour-disposable-vape-wholesale-cheap-price","status":"publish","type":"product","link":"https:\/\/rmvapesale.com\/cs\/product\/bangking-35000-puffs-double-flavour-disposable-vape-wholesale-cheap-price\/","title":{"rendered":"Bangking 35000 Pot\u00e1hnut\u00ed Dvojit\u00e1 p\u0159\u00edchu\u0165 Jednor\u00e1zov\u00e1 Vape Velkoobchod Levn\u00e1 cena"},"content":{"rendered":"<div class=\"B2VR9 CJHX3e\">\n<div class=\"wyccme\">\n<div class=\"flex-shrink-0 flex flex-col relative items-end\">\n<div class=\"pt-0\">\n<div class=\"gizmo-bot-avatar flex h-8 w-8 items-center justify-center overflow-hidden rounded-full\">\n<div class=\"relative p-1 rounded-sm flex items-center justify-center bg-token-main-surface-primary text-token-text-primary h-8 w-8\">\n<div class=\"flex-shrink-0 flex flex-col relative items-end\">\n<div class=\"pt-0\">\n<div class=\"gizmo-bot-avatar flex h-8 w-8 items-center justify-center overflow-hidden rounded-full\">\n<h1 class=\"relative p-1 rounded-sm flex items-center justify-center bg-token-main-surface-primary text-token-text-primary h-8 w-8\">Bangking 35000 Pot\u00e1hnut\u00ed Dvojit\u00e1 p\u0159\u00edchu\u0165 Jednor\u00e1zov\u00e1 Vape Velkoobchod Levn\u00e1 cena<\/h1>\n<\/div>\n<\/div>\n<\/div>\n<\/div>\n<\/div>\n<\/div>\n<\/div>\n<div class=\"group\/conversation-turn relative flex w-full min-w-0 flex-col agent-turn\">\n<div class=\"flex-col gap-1 md:gap-3\">\n<div class=\"flex max-w-full flex-col flex-grow\">\n<div class=\"min-h-8 text-message flex w-full flex-col items-end gap-2 whitespace-normal break-words text-start [.text-message+&amp;]:mt-5\" dir=\"auto\" data-message-author-role=\"assistant\" data-message-id=\"80ece0c4-ead1-4ed9-a9f0-ddc22582b4f4\" data-message-model-slug=\"gpt-4o\">\n<p>Hled\u00e1te vaporiz\u00e9r, kter\u00fd dr\u017e\u00ed krok s va\u0161\u00edm \u017eivotn\u00edm stylem? P\u0159iv\u00edtejte <strong>Bangking 35000 Puf\u016f Dvojit\u00e1 P\u0159\u00edchu\u0165 Jednor\u00e1zov\u00fd Vaporiz\u00e9r<\/strong>\u2014zm\u011bna hry ve sv\u011bt\u011b jednor\u00e1zov\u00fdch vaporiz\u00e9r\u016f! Tento p\u0159\u00edstroj je tu, aby v\u00e1m poskytl <strong>obrovsk\u00e9 pufy<\/strong>, <strong>dva neuv\u011b\u0159iteln\u00e9 p\u0159\u00edchut\u011b v jednom<\/strong>, a <strong>nastaviteln\u00e9 \u00farovn\u011b nikotinu<\/strong>. V\u0161e za cenu, kter\u00e1 nezruinuje v\u00e1\u0161 rozpo\u010det!<\/p>\n<h2><strong>Pro\u010d zvolit Bangking 35000 Puf\u016f?<\/strong><\/h2>\n<ul>\n<li><strong>Dvojn\u00e1sobn\u00e1 P\u0159\u00edchu\u0165, Dvojn\u00e1sobn\u00e1 Z\u00e1bava<\/strong><br \/>\nUnavilo v\u00e1s dr\u017eet se jen jedn\u00e9 p\u0159\u00edchut\u011b? S <strong>technologi\u00ed 2-v-1 p\u0159\u00edchut\u00ed<\/strong>, m\u016f\u017eete p\u0159ep\u00ednat mezi dv\u011bma lahodn\u00fdmi mo\u017enostmi v jednom za\u0159\u00edzen\u00ed. Je to jako m\u00edt dva vaporiz\u00e9ry v kapse!<\/li>\n<li><strong>Neporaziteln\u00fd po\u010det puf\u016f<\/strong><br \/>\nS <strong>35 000 pot\u00e1hnut\u00ed<\/strong>, tento vaporiz\u00e9r je navr\u017een tak, aby vydr\u017eel. To nen\u00ed jen hodn\u011b puf\u016f\u2014je to opravdu velk\u00e1 hodnota!<\/li>\n<li><strong>Dob\u00edjec\u00ed pohodl\u00ed<\/strong><br \/>\nVestav\u011bn\u00fd <strong>650mAh bateri\u00ed<\/strong> a <strong>nab\u00edjec\u00edho portu typu C<\/strong> znamen\u00e1, \u017ee v\u00e1s nikdy nenech\u00e1 na holi\u010dk\u00e1ch. Rychle ho nabijte a pokra\u010dujte v vapov\u00e1n\u00ed!<\/li>\n<li><strong>Nikotin podle va\u0161eho p\u0159\u00e1n\u00ed<\/strong><br \/>\nA\u0165 u\u017e m\u00e1te r\u00e1di siln\u00e9 nebo jemn\u011bj\u0161\u00ed, Bangking nab\u00edz\u00ed <strong>mo\u017enosti nikotinu 0%, 2% a 5%<\/strong>. Jde o va\u0161i volbu.<\/li>\n<li><strong>P\u0159\u00edchut\u011b, kter\u00e9 vynikaj\u00ed<\/strong><br \/>\nOd ovocn\u00fdch sm\u011bs\u00ed po osv\u011b\u017euj\u00edc\u00ed m\u00e1tov\u00e9 n\u00e1razy, je zde <strong>12 \u00fa\u017easn\u00fdch p\u0159\u00edchut\u00ed<\/strong> k objevov\u00e1n\u00ed. \u017d\u00e1dn\u00e9 nudn\u00e9 mo\u017enosti!<\/li>\n<\/ul>\n<\/div>\n<\/div>\n<\/div>\n<\/div>\n<div class=\"flex-shrink-0 flex flex-col relative items-end\">\n<div class=\"pt-0\">\n<div class=\"gizmo-bot-avatar flex h-8 w-8 items-center justify-center overflow-hidden rounded-full\">\n<p>&nbsp;<\/p>\n<\/div>\n<\/div>\n<\/div>\n<\/div>\n<\/div>\n<p><strong>Kontaktujte Amy a z\u00edskejte spr\u00e1vnou odpov\u011b\u010f a kup\u00f3n na vape!<\/strong><\/p>\n<p><img loading=\"lazy\" decoding=\"async\" class=\"size-full wp-image-1978\" src=\"https:\/\/rmvapesale.com\/wp-content\/uploads\/2024\/09\/Disposable-Vape-Wholesale.jpg\" alt=\"Jednor\u00e1zov\u00e1 e-cigareta velkoobchod\" width=\"229\" height=\"300\" \/><\/p>\n<h3><a href=\"https:\/\/wa.me\/8617776015835\" target=\"_blank\" rel=\"noopener\"><span style=\"color: #ff0000\"><strong>WhatsApp: +86 17776015835<\/strong><\/span><\/a><\/h3>\n<p>&nbsp;<\/p>\n<h3><strong style=\"font-size: 1.7em\">Hlavn\u00ed vlastnosti produktu Bangking 35000 Puffs<\/strong><\/h3>\n<ul>\n<li><strong>Design chuti 2 v 1:<\/strong> U\u017eijte si dvojn\u00e1sobn\u00e9 p\u0159\u00edchut\u011b v jednom za\u0159\u00edzen\u00ed.<\/li>\n<li><strong>35 000 pot\u00e1hnut\u00ed:<\/strong> Vaporiz\u00e9ry, kter\u00e9 vydr\u017e\u00ed a vydr\u017e\u00ed!<\/li>\n<li><strong>Vlastn\u00ed \u00farovn\u011b nikotinu:<\/strong> Vyberte si z 0%, 2% nebo 5%.<\/li>\n<li><strong>Dob\u00edjec\u00ed baterie:<\/strong> Typ-C nab\u00edjen\u00ed pro maxim\u00e1ln\u00ed pohodl\u00ed.<\/li>\n<li><strong>Dostupn\u00e1 velkoobchodn\u00ed cena:<\/strong> Skv\u011bl\u00e9 pro osobn\u00ed pou\u017eit\u00ed nebo hromadn\u00e9 n\u00e1kupy.<\/li>\n<\/ul>\n<h3><strong style=\"font-size: 1.7em\">Nejprod\u00e1van\u011bj\u0161\u00ed p\u0159\u00edchu\u0165 pro Bangking 35000 Puffs<\/strong><strong style=\"font-size: 1.7em\">\u00a0Vape<\/strong><\/h3>\n<p>Tento <strong>Bangking 35000 Puffs Dual Flavour Jednor\u00e1zov\u00fd vaporiz\u00e9r<\/strong> nab\u00edz\u00ed odv\u00e1\u017enou a vzru\u0161uj\u00edc\u00ed \u0159adu kombinac\u00ed p\u0159\u00edchut\u00ed, kter\u00e9 v\u00e1m umo\u017en\u00ed vychutnat si dva neuv\u011b\u0159iteln\u00e9 chut\u011b v jednom za\u0159\u00edzen\u00ed. Od ovocn\u00fdch obl\u00edben\u00fdch po ledov\u011b chladn\u00e9 sm\u011bsi, pro ka\u017ed\u00e9ho n\u011bco! <strong>Co d\u011bl\u00e1 tyto p\u0159\u00edchut\u011b zvl\u00e1\u0161tn\u00edmi? <\/strong><strong>Dvojn\u00e1sobn\u00e1 z\u00e1bava<\/strong>: U\u017eijte si dv\u011b odli\u0161n\u00e9 p\u0159\u00edchut\u011b v jednom za\u0159\u00edzen\u00ed. <strong>Obl\u00edben\u00e9 p\u0159\u00edchut\u011b Hot a Best Sellers<\/strong>: Kombinace jako <strong>Cherry Bomb + Grape Ice<\/strong> a <strong>Red Bull + Peach Berry<\/strong> jsou fanou\u0161kovsk\u00e9 obl\u00edbenosti z dobr\u00e9ho d\u016fvodu!<\/p>\n<p>1. Blue Razz Ice + Juicy Peach Ice<br \/>\n2. Jahoda Meloun + Meloun Ice <span style=\"color: #ff0000\"><strong>&gt;&gt;&gt;&gt; \u017dhav\u00e9 !<\/strong><\/span><br \/>\n3. Jahoda Ban\u00e1n + Dvojit\u00e1 Jablko<br \/>\n4. T\u0159ikr\u00e1t Bobule Ice + Tropick\u00e9 Ovoce<br \/>\n5. T\u0159e\u0161\u0148ov\u00e1 bomba + Hroznov\u00e9 Ice<span style=\"color: #ff0000\"><strong>&gt;&gt;&gt;&gt; \u017dhav\u00e9 !<\/strong><\/span><br \/>\n6. Broskev Mango + Jahodov\u00e9 Mango<br \/>\n7. Mango Limeta + Chladiv\u00e1 M\u00e1ta<br \/>\n8. T\u0159e\u0161\u0148ov\u00fd Pop + Pan Blue<br \/>\n9. \u010cern\u00fd Drak Ice + Jahoda Kiwi<br \/>\n10. Red Bull + Broskevovo-ryb\u00edzov\u00e9 <span style=\"color: #ff0000\"><strong>&gt;&gt;&gt;&gt; Nejlep\u0161\u00ed !<\/strong><\/span><br \/>\n11. R\u016f\u017eov\u00fd Citr\u00f3n + Pan Blue<br \/>\n12. Kiwi Passion Fruit Guava + Modr\u00fd T\u0159e\u0161\u0148ov\u00fd Citr\u00f3n<\/p>\n<p>&nbsp;<\/p>\n<h3><strong>Pro\u010d si vybrat Rmvapesale pro Bangking 35000 Puffs Puff\u00a0 <\/strong><strong>V<\/strong><strong>ape Velkoobchod<\/strong><strong>?<\/strong><\/h3>\n<div class=\"flex-shrink-0 flex flex-col relative items-end\">\n<div class=\"pt-0\">\n<div class=\"gizmo-bot-avatar flex h-8 w-8 items-center justify-center overflow-hidden rounded-full\">\n<p>Jak se konkurence na trhu s jednor\u00e1zov\u00fdmi e-cigaretami stup\u0148uje, Rmvapesale, glob\u00e1ln\u00ed l\u00eddr v \u0159e\u0161en\u00edch pro velkoobchodn\u00ed prodej jednor\u00e1zov\u00fdch vape, uvedla na trh Bang Box 30000 30k Puffs Double Taste Rechargeable Disposable Vape. Tento pr\u016fkopnick\u00fd produkt p\u0159itahuje pozornost sv\u00fdm jedine\u010dn\u00fdm estetick\u00fdm a m\u00f3dn\u00edm designem. D\u00edky \u0161irok\u00e9 \u0161k\u00e1le ovocn\u00fdch p\u0159\u00edchut\u00ed uspokoj\u00ed \u0161irok\u00e9 spektrum spot\u0159ebitelsk\u00fdch chut\u00ed a z\u00e1rove\u0148 klade d\u016fraz na inovace a v\u0161estrannost.<\/p>\n<p class=\"relative p-1 rounded-sm flex items-center justify-center bg-token-main-surface-primary text-token-text-primary h-8 w-8\">Rmvapesale je v\u00e1\u0161 d\u016fv\u011bryhodn\u00fd obchod s pr\u00e9miov\u00fdmi jednor\u00e1zov\u00fdmi vape. S v\u00edce ne\u017e 5 lety zku\u0161enost\u00ed v\u00e1m p\u0159in\u00e1\u0161\u00edme obl\u00edben\u00e9 zna\u010dky jednor\u00e1zov\u00fdch vape, jako jsou Al Fakher, JNR Vape, Vapsolo Vape, Vapme Vape, <a href=\"https:\/\/rmvapesale.com\/cs\/product-category\/bang-vapes\/\">Bang Vape<\/a>, Waspe Vape, WGA Vape a<a href=\"https:\/\/rmvapesale.com\/cs\/product-category\/randm-fumot-vape\/\"> RandM Vape<\/a>. Na\u0161e nab\u00eddka zahrnuje \u017ehav\u00e9 jednor\u00e1zov\u00e9 vape, jako je <a href=\"https:\/\/rmvapesale.com\/cs\/product\/aivono-aim-flash-35000-puffs-curved-smart-screen-disposable-vape-wholesale\/\">AIVONO Flash 35000 Puffs<\/a> a chu\u0165ov\u011b bohat\u00e9 mo\u017enosti, jako je<a href=\"https:\/\/rmvapesale.com\/cs\/product\/crystal-vape-uwin-shisha-hookah-20k-20000-puffs-wholesale-best-price\/\"> UWIN Shisha Hoohak 20000<\/a>. Ka\u017ed\u00fd produkt je vyb\u00edr\u00e1n s d\u016frazem na kvalitu, hodnotu a rozmanitost, abyste si zajistili dokonalou shodu pro va\u0161e pot\u0159eby. Objevte v\u00fdjime\u010dn\u00e9 slu\u017eby a \u0161irokou \u0161k\u00e1lu \u0161pi\u010dkov\u00fdch produkt\u016f na Rmvapesale.<\/p>\n<p>&nbsp;<\/p>\n<p class=\"relative p-1 rounded-sm flex items-center justify-center bg-token-main-surface-primary text-token-text-primary h-8 w-8\"><b style=\"font-size: 1.5em;font-style: inherit\">\u010casto kladen\u00e9 ot\u00e1zky k Bangking 35000 Puffs <\/b><b style=\"font-size: 1.5em;font-style: inherit\">Dob\u00edjec\u00ed jednor\u00e1zov\u00e1 vapka<\/b><\/p>\n<ol>\n<li><strong>M\u016f\u017eu si vz\u00edt jednor\u00e1zov\u00e9 vaporiz\u00e9ry na letadlo?<\/strong><br \/>\nAno! Zabalte sv\u016fj vaporiz\u00e9r do p\u0159\u00edru\u010dn\u00edho zavazadla. Jen si ov\u011b\u0159te pravidla leteck\u00e9 spole\u010dnosti.<\/li>\n<li><strong>Jak p\u0159ep\u00ednat mezi p\u0159\u00edchut\u011bmi?<\/strong><br \/>\nNa za\u0159\u00edzen\u00ed je jednoduch\u00fd p\u0159ep\u00edna\u010d \u2014 oto\u010dte ho a je to, nov\u00e1 p\u0159\u00edchu\u0165 je na sv\u011bt\u011b!<\/li>\n<li><strong>Jak poznat, kdy je vaporiz\u00e9r Bang King 35000 pr\u00e1zdn\u00fd?<\/strong><br \/>\nZaznamen\u00e1te m\u00e9n\u011b p\u00e1ry nebo chuti. Pokud dojde jedna n\u00e1pl\u0148, p\u0159epn\u011bte na druhou p\u0159\u00edchu\u0165!<\/li>\n<li><strong>Jak nab\u00edt Bang king 35K?<\/strong><br \/>\nPou\u017eijte p\u0159ilo\u017een\u00fd <strong>kabel Type-C<\/strong> k dobit\u00ed baterie 650mAh. Je to rychl\u00e9 a snadn\u00e9!<\/li>\n<li><strong>Kde koupit jednor\u00e1zov\u00e9 vaporiz\u00e9ry za velkoobchodn\u00ed n\u00edzkou cenu?<\/strong><br \/>\nZ\u00edskejte sv\u016fj v m\u00edstn\u00edm obchod\u011b nebo nav\u0161tivte Rmvapesale<strong>\u00a0online obchod s vaporiz\u00e9ry<\/strong> pro nejlep\u0161\u00ed velkoobchodn\u00ed ceny.<\/li>\n<li><strong>Jak\u00e9 \u00farovn\u011b nikotinu jsou dostupn\u00e9 pro Bang King 35000 Puf\u016f?<\/strong><br \/>\nVyberte si preferovanou s\u00edlu\u2014<strong>0%, 2% nebo 5%<\/strong>p\u0159i koupi za\u0159\u00edzen\u00ed.<\/li>\n<\/ol>\n<\/div>\n<\/div>\n<\/div>\n<h3>O p\u0159eprav\u011b<\/h3>\n<div class=\"flex-shrink-0 flex flex-col relative items-end\">\n<div>\n<div class=\"pt-0\">\n<div class=\"gizmo-bot-avatar flex h-8 w-8 items-center justify-center overflow-hidden rounded-full\">\n<div><\/div>\n<div class=\"relative p-1 rounded-sm flex items-center justify-center bg-token-main-surface-primary text-token-text-primary h-8 w-8\"><strong>1. Jak\u00e9 zp\u016fsoby dopravy se pou\u017e\u00edvaj\u00ed?<\/strong><\/div>\n<\/div>\n<\/div>\n<\/div>\n<\/div>\n<div class=\"group\/conversation-turn relative flex w-full min-w-0 flex-col agent-turn\">\n<div class=\"flex-col gap-1 md:gap-3\">\n<div class=\"flex max-w-full flex-col flex-grow\">\n<div class=\"min-h-[20px] text-message flex w-full flex-col items-end gap-2 whitespace-normal break-words [.text-message+&amp;]:mt-5 overflow-x-auto\" dir=\"auto\" data-message-author-role=\"assistant\" data-message-id=\"22f8283b-3233-46ff-89a5-c7a41b33abda\">\n<div class=\"flex w-full flex-col gap-1 empty:hidden first:pt-[3px]\">\n<div class=\"markdown prose w-full break-words dark:prose-invert light\">\n<p>Spolupracujeme s UPS, DHL, FedEx, DPD a dal\u0161\u00edmi p\u0159edn\u00edmi p\u0159epravci. Vybereme nejlep\u0161\u00ed zp\u016fsob dopravy na z\u00e1klad\u011b va\u0161\u00ed doru\u010dovac\u00ed lokality, abychom zajistili, \u017ee sv\u00e9 produkty obdr\u017e\u00edte co nejrychleji.<\/p>\n<\/div>\n<p><strong>2. Jak dlouho trv\u00e1 doru\u010den\u00ed?<\/strong><\/p>\n<p>Bal\u00ed\u010dky odeslan\u00e9 do \u010cesk\u00e9 republiky obvykle doraz\u00ed do 10 pracovn\u00edch dn\u016f. P\u0159eprava do evropsk\u00fdch zem\u00ed obecn\u011b trv\u00e1 asi 12-15 pracovn\u00edch dn\u016f. O stavu va\u0161\u00ed z\u00e1silky v\u00e1s budeme pr\u016fb\u011b\u017en\u011b informovat.<\/p>\n<\/div>\n<\/div>\n<\/div>\n<\/div>\n<\/div>\n<p>&nbsp;<\/p>\n<p>Naj\u00edt v\u00edce produkt\u016f pro vaping, kter\u00e9 by se v\u00e1m mohly l\u00edbit:<strong><em><a href=\"https:\/\/rmvapesale.com\/cs\/shop-2\/\">nakupujte nyn\u00ed &gt;&gt;&gt;<\/a><\/em><\/strong><\/p>","protected":false},"excerpt":{"rendered":"<p>Nejnov\u011bj\u0161\u00ed Bang King 35K Puf\u016f Dob\u00edjec\u00ed Jednor\u00e1zov\u00fd Vaporiz\u00e9r<br \/>\nBang King 35000 Dvou P\u0159\u00edchut\u00ed Jednor\u00e1zov\u00fd Vaporiz\u00e9r Velkoobchodn\u00ed N\u00e1kup<br \/>\nBang King 35000 Puf\u016f Chytr\u00e1 Obrazovka Velkoobchodn\u00ed Jednor\u00e1zov\u00fd<\/p>\n<p><strong>Kontaktujte Amy a z\u00edskejte spr\u00e1vnou odpov\u011b\u010f a kup\u00f3n na vape!<\/strong><\/p>\n<p><img loading=\"lazy\" decoding=\"async\" class=\"size-full wp-image-2375\" src=\"https:\/\/rmvapesale.com\/wp-content\/uploads\/2024\/10\/image.png\" alt=\"Nejlep\u0161\u00ed jednor\u00e1zov\u00e1 e-cigareta\" width=\"229\" height=\"300\" \/><\/p>\n<h3><a href=\"https:\/\/wa.me\/8617776015835\"><span style=\"color: #ff0000\"><strong>WhatsApp: +86 17776015835<\/strong><\/span><\/a><\/h3>\n<p>&nbsp;<\/p>","protected":false},"featured_media":2952,"comment_status":"open","ping_status":"closed","template":"","meta":{"_uag_custom_page_level_css":"","_lmt_disableupdate":"no","_lmt_disable":"","site-sidebar-layout":"default","site-content-layout":"content-boxed-container","ast-site-content-layout":"normal-width-container","site-content-style":"boxed","site-sidebar-style":"unboxed","ast-global-header-display":"","ast-banner-title-visibility":"","ast-main-header-display":"","ast-hfb-above-header-display":"","ast-hfb-below-header-display":"","ast-hfb-mobile-header-display":"","site-post-title":"","ast-breadcrumbs-content":"","ast-featured-img":"","footer-sml-layout":"","theme-transparent-header-meta":"default","adv-header-id-meta":"","stick-header-meta":"","header-above-stick-meta":"","header-main-stick-meta":"","header-below-stick-meta":"","astra-migrate-meta-layouts":"set","ast-page-background-enabled":"default","ast-page-background-meta":{"desktop":{"background-color":"var(--ast-global-color-4)","background-image":"","background-repeat":"repeat","background-position":"center center","background-size":"auto","background-attachment":"scroll","background-type":"","background-media":"","overlay-type":"","overlay-color":"","overlay-opacity":"","overlay-gradient":""},"tablet":{"background-color":"","background-image":"","background-repeat":"repeat","background-position":"center center","background-size":"auto","background-attachment":"scroll","background-type":"","background-media":"","overlay-type":"","overlay-color":"","overlay-opacity":"","overlay-gradient":""},"mobile":{"background-color":"","background-image":"","background-repeat":"repeat","background-position":"center center","background-size":"auto","background-attachment":"scroll","background-type":"","background-media":"","overlay-type":"","overlay-color":"","overlay-opacity":"","overlay-gradient":""}},"ast-content-background-meta":{"desktop":{"background-color":"var(--ast-global-color-5)","background-image":"","background-repeat":"repeat","background-position":"center center","background-size":"auto","background-attachment":"scroll","background-type":"","background-media":"","overlay-type":"","overlay-color":"","overlay-opacity":"","overlay-gradient":""},"tablet":{"background-color":"var(--ast-global-color-5)","background-image":"","background-repeat":"repeat","background-position":"center center","background-size":"auto","background-attachment":"scroll","background-type":"","background-media":"","overlay-type":"","overlay-color":"","overlay-opacity":"","overlay-gradient":""},"mobile":{"background-color":"var(--ast-global-color-5)","background-image":"","background-repeat":"repeat","background-position":"center center","background-size":"auto","background-attachment":"scroll","background-type":"","background-media":"","overlay-type":"","overlay-color":"","overlay-opacity":"","overlay-gradient":""}},"_joinchat":[]},"product_brand":[],"product_cat":[15,246,25,123,26,28,135,27,60,137,136,30],"product_tag":[199,270,146,222,64,40,111],"class_list":{"0":"post-2955","1":"product","2":"type-product","3":"status-publish","4":"has-post-thumbnail","6":"product_cat-new-vape-this-week","7":"product_cat-35000-puffs-disposable-vape","8":"product_cat-germany-best-selling-vape","9":"product_cat-italy-wholesale-vape","10":"product_cat-netherlands-hot-sale-vape","11":"product_cat-poland-hot-sale-vape","12":"product_cat-spain-best-hot-sale-vape","13":"product_cat-fance-hot-sale-vape","14":"product_cat-bang-vapes","15":"product_cat-rechargeable-vapes","16":"product_cat-smart-screen-vapes","17":"product_cat-minimum-order-quantity-50pcs","18":"product_tag-bang-vape","19":"product_tag-bangking-35000-puffs","20":"product_tag-best-hot-sale-vape","21":"product_tag-double-flavor-vape","22":"product_tag-dual-flavour-vape","23":"product_tag-hot-sale-vape","24":"product_tag-low-nicotine-disposable-vape","25":"desktop-align-left","26":"tablet-align-left","27":"mobile-align-left","29":"first","30":"instock","31":"sale","32":"shipping-taxable","33":"purchasable","34":"product-type-simple"},"uagb_featured_image_src":{"full":["https:\/\/rmvapesale.com\/wp-content\/uploads\/2025\/01\/Bang-Swich-Duo-Disposable-Vape-36000.webp",800,800,false],"thumbnail":["https:\/\/rmvapesale.com\/wp-content\/uploads\/2025\/01\/Bang-Swich-Duo-Disposable-Vape-36000-150x150.webp",150,150,true],"medium":["https:\/\/rmvapesale.com\/wp-content\/uploads\/2025\/01\/Bang-Swich-Duo-Disposable-Vape-36000-300x300.webp",300,300,true],"medium_large":["https:\/\/rmvapesale.com\/wp-content\/uploads\/2025\/01\/Bang-Swich-Duo-Disposable-Vape-36000-768x768.webp",768,768,true],"large":["https:\/\/rmvapesale.com\/wp-content\/uploads\/2025\/01\/Bang-Swich-Duo-Disposable-Vape-36000.webp",800,800,false],"1536x1536":["https:\/\/rmvapesale.com\/wp-content\/uploads\/2025\/01\/Bang-Swich-Duo-Disposable-Vape-36000.webp",800,800,false],"2048x2048":["https:\/\/rmvapesale.com\/wp-content\/uploads\/2025\/01\/Bang-Swich-Duo-Disposable-Vape-36000.webp",800,800,false],"trp-custom-language-flag":["https:\/\/rmvapesale.com\/wp-content\/uploads\/2025\/01\/Bang-Swich-Duo-Disposable-Vape-36000.webp",12,12,false],"woocommerce_thumbnail":["https:\/\/rmvapesale.com\/wp-content\/uploads\/2025\/01\/Bang-Swich-Duo-Disposable-Vape-36000-300x300.webp",300,300,true],"woocommerce_single":["https:\/\/rmvapesale.com\/wp-content\/uploads\/2025\/01\/Bang-Swich-Duo-Disposable-Vape-36000-600x600.webp",600,600,true],"woocommerce_gallery_thumbnail":["https:\/\/rmvapesale.com\/wp-content\/uploads\/2025\/01\/Bang-Swich-Duo-Disposable-Vape-36000-100x100.webp",100,100,true],"wcpr-photo-reviews":["https:\/\/rmvapesale.com\/wp-content\/uploads\/2025\/01\/Bang-Swich-Duo-Disposable-Vape-36000.webp",500,500,false]},"uagb_author_info":{"display_name":"AMY","author_link":"https:\/\/rmvapesale.com\/cs\/author\/"},"uagb_comment_info":0,"uagb_excerpt":"Latest Bang King 35K Puff Rechargeable Disposable Vape Bang King 35000 Dual Flavors Disposable Vape Bulk Buy Bang King 35000 Puffs Smart Screen Wholesale Disposable Contact Amy to get right reply and vape coupon! WhatsApp: +86 17776015835 &nbsp;","_links":{"self":[{"href":"https:\/\/rmvapesale.com\/cs\/wp-json\/wp\/v2\/product\/2955","targetHints":{"allow":["GET"]}}],"collection":[{"href":"https:\/\/rmvapesale.com\/cs\/wp-json\/wp\/v2\/product"}],"about":[{"href":"https:\/\/rmvapesale.com\/cs\/wp-json\/wp\/v2\/types\/product"}],"replies":[{"embeddable":true,"href":"https:\/\/rmvapesale.com\/cs\/wp-json\/wp\/v2\/comments?post=2955"}],"wp:featuredmedia":[{"embeddable":true,"href":"https:\/\/rmvapesale.com\/cs\/wp-json\/wp\/v2\/media\/2952"}],"wp:attachment":[{"href":"https:\/\/rmvapesale.com\/cs\/wp-json\/wp\/v2\/media?parent=2955"}],"wp:term":[{"taxonomy":"product_brand","embeddable":true,"href":"https:\/\/rmvapesale.com\/cs\/wp-json\/wp\/v2\/product_brand?post=2955"},{"taxonomy":"product_cat","embeddable":true,"href":"https:\/\/rmvapesale.com\/cs\/wp-json\/wp\/v2\/product_cat?post=2955"},{"taxonomy":"product_tag","embeddable":true,"href":"https:\/\/rmvapesale.com\/cs\/wp-json\/wp\/v2\/product_tag?post=2955"}],"curies":[{"name":"wp","href":"https:\/\/api.w.org\/{rel}","templated":true}]}}