{"id":2976,"date":"2025-01-22T07:46:21","date_gmt":"2025-01-22T07:46:21","guid":{"rendered":"https:\/\/rmvapesale.com\/?post_type=product&#038;p=2976"},"modified":"2025-01-22T08:11:09","modified_gmt":"2025-01-22T08:11:09","slug":"waspe-crystal-40000-puffs-double-flavor-led-display-disposable-vape-bulk-buy","status":"publish","type":"product","link":"https:\/\/rmvapesale.com\/cs\/product\/waspe-crystal-40000-puffs-double-flavor-led-display-disposable-vape-bulk-buy\/","title":{"rendered":"WASPE Crystal 40000 pot\u00e1hnut\u00ed Dvojit\u00e1 p\u0159\u00edchu\u0165 LED Displej Jednor\u00e1zov\u00fd vape Hromadn\u00fd n\u00e1kup"},"content":{"rendered":"<div class=\"B2VR9 CJHX3e\">\n<div class=\"wyccme\">\n<div class=\"flex-shrink-0 flex flex-col relative items-end\">\n<div class=\"pt-0\">\n<div class=\"gizmo-bot-avatar flex h-8 w-8 items-center justify-center overflow-hidden rounded-full\">\n<div class=\"relative p-1 rounded-sm flex items-center justify-center bg-token-main-surface-primary text-token-text-primary h-8 w-8\">\n<div class=\"flex-shrink-0 flex flex-col relative items-end\">\n<div class=\"pt-0\">\n<div class=\"gizmo-bot-avatar flex h-8 w-8 items-center justify-center overflow-hidden rounded-full\">\n<h1 class=\"relative p-1 rounded-sm flex items-center justify-center bg-token-main-surface-primary text-token-text-primary h-8 w-8\">WASPE Crystal 40000 pot\u00e1hnut\u00ed Dvojit\u00e1 p\u0159\u00edchu\u0165 LED Displej Jednor\u00e1zov\u00fd vape Hromadn\u00fd n\u00e1kup<\/h1>\n<\/div>\n<\/div>\n<\/div>\n<\/div>\n<\/div>\n<\/div>\n<\/div>\n<div class=\"group\/conversation-turn relative flex w-full min-w-0 flex-col agent-turn\">\n<div class=\"flex-col gap-1 md:gap-3\">\n<div class=\"flex max-w-full flex-col flex-grow\">\n<div class=\"min-h-8 text-message flex w-full flex-col items-end gap-2 whitespace-normal break-words text-start [.text-message+&amp;]:mt-5\" dir=\"auto\" data-message-author-role=\"assistant\" data-message-id=\"80ece0c4-ead1-4ed9-a9f0-ddc22582b4f4\" data-message-model-slug=\"gpt-4o\">\n<p>Tento <strong>WASPE Crystal 40000 Puffs Dvojit\u00e1 P\u0159\u00edchu\u0165 Jednor\u00e1zov\u00fd Vaporiz\u00e9r<\/strong> je navr\u017een pro vapery, kte\u0159\u00ed tou\u017e\u00ed po dlouhotrvaj\u00edc\u00edm v\u00fdkonu s p\u0159idanou v\u00fdhodou <strong>LED displej<\/strong> a <strong>cenov\u00e9 dostupnosti ve velk\u00e9m mno\u017estv\u00ed<\/strong>. A\u0165 u\u017e jste p\u0159\u00edle\u017eitostn\u00fd u\u017eivatel nebo podnik hledaj\u00edc\u00ed velkoobchodn\u00ed p\u0159\u00edle\u017eitosti, tento <strong>nejlep\u0161\u00ed zna\u010dka jednor\u00e1zov\u00fdch vaporiz\u00e9r\u016f<\/strong> nab\u00edz\u00ed kvalitu, pohodl\u00ed a n\u00e1kladovou efektivitu.<\/p>\n<p>S obrovsk\u00fdm <strong>40 000 puf\u016f<\/strong>, tento p\u0159\u00edstroj eliminuje pot\u0159ebu \u010dast\u00e9 v\u00fdm\u011bny. Unik\u00e1tn\u00ed <strong>dvojit\u00e1 p\u0159\u00edchu\u0165<\/strong> funkce umo\u017e\u0148uje u\u017eivatel\u016fm snadno p\u0159ep\u00ednat mezi dv\u011bma vzru\u0161uj\u00edc\u00edmi p\u0159\u00edchut\u011bmi, poskytuj\u00edc\u00ed rozmanitost a spokojenost p\u0159i ka\u017ed\u00e9m potahu.<\/p>\n<p>A <strong>p\u0159ehledn\u00fd LED displej<\/strong> zobrazuje jak stav baterie, tak hladinu e-liquidu, co\u017e v\u00e1m d\u00e1v\u00e1 plnou kontrolu nad va\u0161\u00edm vapov\u00e1n\u00edm. Funkce <strong>nastaviteln\u00e9ho proud\u011bn\u00ed vzduchu<\/strong> umo\u017e\u0148uje p\u0159izp\u016fsobit si tah, a\u0165 u\u017e preferujete jemn\u00fd, vzdu\u0161n\u00fd n\u00e1dech nebo t\u011bsn\u011bj\u0161\u00ed zatla\u010den\u00ed.<\/p>\n<p>Obsahuje <strong>32ml pr\u00e9miov\u00e9ho e-liquidu<\/strong>, tento vaporiz\u00e9r nab\u00edz\u00ed dlouhotrvaj\u00edc\u00ed z\u00e1\u017eitek bez nutnosti dopl\u0148ov\u00e1n\u00ed. K dispozici v <strong>0%, 2% a 5% nikotinov\u00fdch s\u00edl\u00e1ch<\/strong>, vyhovuje \u0161irok\u00e9 \u0161k\u00e1le vap\u00e9r\u016f, od t\u011bch, kte\u0159\u00ed preferuj\u00ed beznikotinov\u00e9 mo\u017enosti, a\u017e po ty, kte\u0159\u00ed si u\u017e\u00edvaj\u00ed siln\u011bj\u0161\u00ed n\u00e1dech.<\/p>\n<p>Vestav\u011bn\u00fd <strong>850mAh dob\u00edjec\u00ed bateri\u00ed<\/strong> podporuje rychl\u00e9 nab\u00edjen\u00ed p\u0159es Type-C, co\u017e usnad\u0148uje udr\u017een\u00ed va\u0161eho za\u0159\u00edzen\u00ed nabit\u00e9ho. S lehk\u00fdm a p\u0159enosn\u00fdm designem je ide\u00e1ln\u00edm spole\u010dn\u00edkem pro vapov\u00e1n\u00ed na cest\u00e1ch. Nav\u00edc, <strong>mo\u017enosti hromadn\u00e9ho n\u00e1kupu<\/strong> \u010din\u00ed z n\u011bj skv\u011blou volbu pro prodejce a velkoobchodn\u00edky hledaj\u00edc\u00ed cenov\u011b dostupn\u00e9 jednor\u00e1zov\u00e9 vaporiz\u00e9ry.<\/p>\n<\/div>\n<\/div>\n<\/div>\n<\/div>\n<div class=\"flex-shrink-0 flex flex-col relative items-end\">\n<div class=\"pt-0\">\n<div class=\"gizmo-bot-avatar flex h-8 w-8 items-center justify-center overflow-hidden rounded-full\">\n<p>&nbsp;<\/p>\n<\/div>\n<\/div>\n<\/div>\n<\/div>\n<\/div>\n<p><strong>Kontaktujte Amy a z\u00edskejte spr\u00e1vnou odpov\u011b\u010f a kup\u00f3n na vape!<\/strong><\/p>\n<p><img loading=\"lazy\" decoding=\"async\" class=\"size-full wp-image-1978\" src=\"https:\/\/rmvapesale.com\/wp-content\/uploads\/2024\/09\/Disposable-Vape-Wholesale.jpg\" alt=\"Jednor\u00e1zov\u00e1 e-cigareta velkoobchod\" width=\"229\" height=\"300\" \/><\/p>\n<h3><a href=\"https:\/\/wa.me\/8617776015835\" target=\"_blank\" rel=\"noopener\"><span style=\"color: #ff0000\"><strong>WhatsApp: +86 17776015835<\/strong><\/span><\/a><\/h3>\n<p>&nbsp;<\/p>\n<h3><strong style=\"font-size: 1.7em\">WASPE Crystal 40000 Puffs Kl\u00ed\u010dov\u00e9 vlastnosti produktu<\/strong><\/h3>\n<ol>\n<li><strong>Pot\u00e1hnut\u00ed<\/strong>: 40000<\/li>\n<li><strong>Dvojit\u00e9 p\u0159\u00edchut\u011b<\/strong>: 20000 Puffs + 20000 Puffs = 40000 Puffs<\/li>\n<li><strong>Nikot\u00ednov\u00e1 s\u00edla<\/strong>: 0% \/ 2% \/ 3% \/ 5%<\/li>\n<li><strong>P\u0159edpln\u011bn\u00e1 kapacita<\/strong>: 32ml<\/li>\n<li><strong>Kapacita baterie<\/strong>: 850mAh<\/li>\n<li><strong>Nab\u00edjec\u00ed port<\/strong>: USB Type-C<\/li>\n<li><strong>Provoz<\/strong>: Aktivace tahem<\/li>\n<li><strong>0,9ohm Dvojit\u00e1 s\u00ed\u0165ov\u00e1 c\u00edvka<\/strong><\/li>\n<li><strong>Displej s LED obrazovkou<\/strong><\/li>\n<li><strong>Indik\u00e1tor stavu baterie<\/strong><\/li>\n<li><strong>Indik\u00e1tor hladiny E-Liquidu<\/strong><\/li>\n<\/ol>\n<p><img loading=\"lazy\" decoding=\"async\" class=\"wp-image-2965 size-full\" src=\"https:\/\/rmvapesale.com\/wp-content\/uploads\/2025\/01\/WASPE-40000-Puffs-Crystal-Disposable-Vape.webp\" alt=\"WASPE 40000 Puffs Crystal Jednor\u00e1zov\u00fd vaporiz\u00e9r\" width=\"1000\" height=\"1000\" srcset=\"https:\/\/rmvapesale.com\/wp-content\/uploads\/2025\/01\/WASPE-40000-Puffs-Crystal-Disposable-Vape.webp 1000w, https:\/\/rmvapesale.com\/wp-content\/uploads\/2025\/01\/WASPE-40000-Puffs-Crystal-Disposable-Vape-300x300.webp 300w, https:\/\/rmvapesale.com\/wp-content\/uploads\/2025\/01\/WASPE-40000-Puffs-Crystal-Disposable-Vape-150x150.webp 150w, https:\/\/rmvapesale.com\/wp-content\/uploads\/2025\/01\/WASPE-40000-Puffs-Crystal-Disposable-Vape-768x768.webp 768w, https:\/\/rmvapesale.com\/wp-content\/uploads\/2025\/01\/WASPE-40000-Puffs-Crystal-Disposable-Vape-600x600.webp 600w, https:\/\/rmvapesale.com\/wp-content\/uploads\/2025\/01\/WASPE-40000-Puffs-Crystal-Disposable-Vape-100x100.webp 100w\" sizes=\"auto, (max-width: 1000px) 100vw, 1000px\" \/><\/p>\n<h3><strong style=\"font-size: 1.7em\">Nejprod\u00e1van\u011bj\u0161\u00ed p\u0159\u00edchu\u0165 pro WASPE Crystal 40000 Puffs<\/strong><strong style=\"font-size: 1.7em\">\u00a0Vape<\/strong><\/h3>\n<p>D\u00edky sv\u00e9 <strong>p\u016fsobiv\u00fd po\u010det pot\u00e1hnut\u00ed, pokro\u010dil\u00e9 funkce a cenov\u011b dostupn\u00e9 velkoobchodn\u00ed ceny<\/strong>, vape WASPE Crystal 40000 Puffs je nezbytnost\u00ed pro vapery i prodejce. Objednejte je\u0161t\u011b dnes a za\u017eijte vapov\u00e1n\u00ed v nejlep\u0161\u00edm proveden\u00ed!<\/p>\n<p>1. Melounov\u00e1 ledov\u00e1 &amp; Citr\u00f3nov\u00e1 limetka<br \/>\n2. Bor\u016fvkov\u00e1 ledov\u00e1 &amp; Ledov\u00e1 t\u0159e\u0161\u0148ov\u00e1 cola<br \/>\n3. Sm\u00ed\u0161en\u00e9 bobule &amp; Malinov\u00e1 limon\u00e1da <span style=\"color: #ff0000\"><strong>&gt;&gt;&gt;&gt; \u017dhav\u00e9 !<\/strong><\/span><br \/>\n4. Hroznov\u00e1 ledov\u00e1 &amp; Ledov\u00fd drak<br \/>\n5. Jahodovo-bananov\u00e1 a ananasov\u00e1 kokosov\u00e1 zmrzlina<br \/>\n6. Broskvov\u00e1 zmrzlina a melounovo-mangovo-broskvov\u00e1<br \/>\n7. Jahodovo-ryb\u00edzovo-t\u0159e\u0161\u0148ov\u00e1 &amp; Love 666 <span style=\"color: #ff0000\"><strong>&gt;&gt;&gt;&gt; Nejlep\u0161\u00ed !<\/strong><\/span><br \/>\n8. Bor\u016fvkov\u00e1-ryb\u00edzov\u00e1 a broskvov\u00e1 bobulov\u00e1 zmrzlina<br \/>\n9. Jahodovo-kiwi a jahodovo-t\u0159e\u0161\u0148ov\u00e1<br \/>\n10. Bor\u016fvkov\u00e1 cukrov\u00e1 a jahodovo-melounov\u00e1<br \/>\n11. Jahodov\u00fd Red Bull a bor\u016fvkov\u00e1 t\u0159e\u0161e\u0148 <span style=\"color: #ff0000\"><strong>&gt;&gt;&gt;&gt; \u017dhav\u00e9 !<\/strong><\/span><br \/>\n12. Red Bull zmrzlina a jahodovo-mangov\u00fd<\/p>\n<p>&nbsp;<\/p>\n<h3><strong>Pro\u010d si vybrat Rmvapesale pro WASPE Crystal 40000 Puffs <\/strong><strong>V<\/strong><strong>ape Velkoobchod<\/strong><strong>?<\/strong><\/h3>\n<div class=\"flex-shrink-0 flex flex-col relative items-end\">\n<div class=\"pt-0\">\n<div class=\"gizmo-bot-avatar flex h-8 w-8 items-center justify-center overflow-hidden rounded-full\">\n<p>Jak se konkurence na trhu s jednor\u00e1zov\u00fdmi e-cigaretami stup\u0148uje, Rmvapesale, glob\u00e1ln\u00ed l\u00eddr v \u0159e\u0161en\u00edch pro velkoobchodn\u00ed prodej jednor\u00e1zov\u00fdch vape, uvedla na trh Bang Box 30000 30k Puffs Double Taste Rechargeable Disposable Vape. Tento pr\u016fkopnick\u00fd produkt p\u0159itahuje pozornost sv\u00fdm jedine\u010dn\u00fdm estetick\u00fdm a m\u00f3dn\u00edm designem. D\u00edky \u0161irok\u00e9 \u0161k\u00e1le ovocn\u00fdch p\u0159\u00edchut\u00ed uspokoj\u00ed \u0161irok\u00e9 spektrum spot\u0159ebitelsk\u00fdch chut\u00ed a z\u00e1rove\u0148 klade d\u016fraz na inovace a v\u0161estrannost.<\/p>\n<p class=\"relative p-1 rounded-sm flex items-center justify-center bg-token-main-surface-primary text-token-text-primary h-8 w-8\">Rmvapesale je v\u00e1\u0161 d\u016fv\u011bryhodn\u00fd obchod s pr\u00e9miov\u00fdmi jednor\u00e1zov\u00fdmi vape. S v\u00edce ne\u017e 5 lety zku\u0161enost\u00ed v\u00e1m p\u0159in\u00e1\u0161\u00edme obl\u00edben\u00e9 zna\u010dky jednor\u00e1zov\u00fdch vape, jako jsou Al Fakher, JNR Vape, Vapsolo Vape, Vapme Vape, <a href=\"https:\/\/rmvapesale.com\/cs\/product-category\/bang-vapes\/\">Bang Vape<\/a>, Waspe Vape, WGA Vape a<a href=\"https:\/\/rmvapesale.com\/cs\/product-category\/randm-fumot-vape\/\"> RandM Vape<\/a>. Na\u0161e nab\u00eddka zahrnuje \u017ehav\u00e9 jednor\u00e1zov\u00e9 vape, jako je <a href=\"https:\/\/rmvapesale.com\/cs\/product\/aivono-aim-flash-35000-puffs-curved-smart-screen-disposable-vape-wholesale\/\">AIVONO Flash 35000 Puffs<\/a> a chu\u0165ov\u011b bohat\u00e9 mo\u017enosti, jako je<a href=\"https:\/\/rmvapesale.com\/cs\/product\/crystal-vape-uwin-shisha-hookah-20k-20000-puffs-wholesale-best-price\/\"> UWIN Shisha Hoohak 20000<\/a>. Ka\u017ed\u00fd produkt je vyb\u00edr\u00e1n s d\u016frazem na kvalitu, hodnotu a rozmanitost, abyste si zajistili dokonalou shodu pro va\u0161e pot\u0159eby. Objevte v\u00fdjime\u010dn\u00e9 slu\u017eby a \u0161irokou \u0161k\u00e1lu \u0161pi\u010dkov\u00fdch produkt\u016f na Rmvapesale.<\/p>\n<p>&nbsp;<\/p>\n<p class=\"relative p-1 rounded-sm flex items-center justify-center bg-token-main-surface-primary text-token-text-primary h-8 w-8\"><b style=\"font-size: 1.5em;font-style: inherit\">\u010cASTO KLADEN\u00c9 DOTAZY k WASPE Crystal 40000 Puffs <\/b><b style=\"font-size: 1.5em;font-style: inherit\">Dob\u00edjec\u00ed jednor\u00e1zov\u00e1 vapka<\/b><\/p>\n<ol>\n<li><strong>Kde mohu zakoupit velkoobjemov\u00e9 balen\u00ed WASPE Crystal 40000 Puffs?<\/strong>\n<ul>\n<li>M\u016f\u017eete zakoupit velkoobjemov\u00e9 objedn\u00e1vky od <a href=\"https:\/\/rmvapesale.com\/cs\/\" target=\"_new\" rel=\"noopener\">Rmvapesale<\/a> za konkurenceschopn\u00e9 velkoobchodn\u00ed ceny.<\/li>\n<\/ul>\n<\/li>\n<li><strong>Co ukazuje LED displej?<\/strong>\n<ul>\n<li>Displej poskytuje aktu\u00e1ln\u00ed informace o procentu nabit\u00ed baterie a \u00farovni e-liquidu.<\/li>\n<\/ul>\n<\/li>\n<li><strong>Mohu upravit pr\u016ftok vzduchu u tohoto vaporiz\u00e9ru?<\/strong>\n<ul>\n<li>Ano, funkce nastaviteln\u00e9ho pr\u016ftoku vzduchu v\u00e1m umo\u017e\u0148uje p\u0159izp\u016fsobit si z\u00e1\u017eitek z vapov\u00e1n\u00ed.<\/li>\n<\/ul>\n<\/li>\n<li><strong>Jak dlouho vydr\u017e\u00ed baterie 850mAh?<\/strong>\n<ul>\n<li>Nab\u00edz\u00ed roz\u0161\u00ed\u0159en\u00e9 pou\u017eit\u00ed a lze jej dob\u00edjet n\u011bkolikr\u00e1t pro nep\u0159etr\u017eitou z\u00e1bavu.<\/li>\n<\/ul>\n<\/li>\n<li><strong>Je WASPE Crystal vhodn\u00fd pro vapov\u00e1n\u00ed bez nikotinu?<\/strong>\n<ul>\n<li>Ano, mo\u017enost nikotinu 0% je ide\u00e1ln\u00ed pro u\u017eivatele hledaj\u00edc\u00ed z\u00e1\u017eitek bez nikotinu.<\/li>\n<\/ul>\n<\/li>\n<\/ol>\n<\/div>\n<\/div>\n<\/div>\n<h2>Jak objednat?<\/h2>\n<div class=\"flex-shrink-0 flex flex-col relative items-end\">\n<div class=\"pt-0\">\n<div class=\"gizmo-bot-avatar flex h-8 w-8 items-center justify-center overflow-hidden rounded-full\">\n<div>\n<p><strong>1. Jak\u00e9 platebn\u00ed metody p\u0159ij\u00edm\u00e1te?<\/strong><br \/>\n<span class=\"selectable-text copyable-text false\">Pro platbu nab\u00edz\u00edme bankovn\u00ed p\u0159evod a Western Union. V\u011bt\u0161ina na\u0161ich z\u00e1kazn\u00edk\u016f v Evrop\u011b si vyb\u00edr\u00e1 bankovn\u00ed p\u0159evod, m\u00e1me m\u00edstn\u00ed bankovn\u00ed \u00fa\u010det, na kter\u00fd m\u016f\u017eete platit na n\u00e1\u0161 IBAN \u00fa\u010det bez manipula\u010dn\u00edho poplatku. <\/span>.<\/p>\n<p><strong>2. Jak mohu sledovat svou objedn\u00e1vku?<\/strong><br \/>\nPo odesl\u00e1n\u00ed bal\u00ed\u010dku <span class=\"selectable-text copyable-text false\">nab\u00eddneme sledovac\u00ed \u010d\u00edslo pro referenci a budeme v\u00e1s pr\u016fb\u011b\u017en\u011b informovat o stavu, dokud z\u00e1silku neobdr\u017e\u00edte<\/span>.<\/p>\n<p><strong>3. Jak dlouho trv\u00e1 doru\u010den\u00ed?<\/strong><\/p>\n<ul>\n<li>Doprava z <strong>\u010d\u00ednsk\u00fdch sklad\u016f<\/strong> trv\u00e1 p\u0159ibli\u017en\u011b <strong>7\u201314 pracovn\u00edch dn\u016f<\/strong>.<\/li>\n<li>Doprava z <strong>Evropsk\u00fdch sklad\u016f<\/strong> obvykle trv\u00e1 <strong>3\u20136 pracovn\u00edch dn\u016f<\/strong>.<\/li>\n<\/ul>\n<p><strong>4. Jak mohu z\u00edskat rychlej\u0161\u00ed doru\u010den\u00ed?<\/strong><br \/>\nPro rychlej\u0161\u00ed doru\u010den\u00ed doporu\u010dujeme objednat z na\u0161eho <strong>evropsk\u00e9ho skladu<\/strong>, kter\u00fd nab\u00edz\u00ed krat\u0161\u00ed dodac\u00ed lh\u016fty.<\/p>\n<p><strong>5. Co kdy\u017e obdr\u017e\u00edm po\u0161kozen\u00fd nebo vadn\u00fd produkt?<\/strong><br \/>\nPokud je va\u0161e zbo\u017e\u00ed po\u0161kozen\u00e9 nebo vadn\u00e9, kontaktujte z\u00e1kaznick\u00fd servis ohledn\u011b <strong>v\u00fdm\u011bny nebo vr\u00e1cen\u00ed pen\u011bz<\/strong>.<\/p>\n<p><strong>6. Jak mohu kontaktovat z\u00e1kaznick\u00fd servis?<\/strong><br \/>\nM\u016f\u017eete n\u00e1s kontaktovat p\u0159es<strong>\u00a0WhatsApp, nebo \u017eiv\u00fd chat<\/strong> na na\u0161ich webov\u00fdch str\u00e1nk\u00e1ch pro jakoukoli pomoc.<\/p>\n<\/div>\n<div class=\"relative p-1 rounded-sm flex items-center justify-center bg-token-main-surface-primary text-token-text-primary h-8 w-8\"><strong>7. Jak\u00e9 zp\u016fsoby dopravy se pou\u017e\u00edvaj\u00ed?<\/strong><\/div>\n<\/div>\n<\/div>\n<\/div>\n<div class=\"group\/conversation-turn relative flex w-full min-w-0 flex-col agent-turn\">\n<div class=\"flex-col gap-1 md:gap-3\">\n<div class=\"flex max-w-full flex-col flex-grow\">\n<div class=\"min-h-[20px] text-message flex w-full flex-col items-end gap-2 whitespace-normal break-words [.text-message+&amp;]:mt-5 overflow-x-auto\" dir=\"auto\" data-message-author-role=\"assistant\" data-message-id=\"22f8283b-3233-46ff-89a5-c7a41b33abda\">\n<div class=\"flex w-full flex-col gap-1 empty:hidden first:pt-[3px]\">\n<div class=\"markdown prose w-full break-words dark:prose-invert light\">\n<p>Spolupracujeme s UPS, DHL, FedEx, DPD a dal\u0161\u00edmi p\u0159edn\u00edmi p\u0159epravci. Vybereme nejlep\u0161\u00ed zp\u016fsob dopravy na z\u00e1klad\u011b va\u0161\u00ed doru\u010dovac\u00ed lokality, abychom zajistili, \u017ee sv\u00e9 produkty obdr\u017e\u00edte co nejrychleji.<\/p>\n<\/div>\n<\/div>\n<\/div>\n<\/div>\n<\/div>\n<\/div>\n<p>Naj\u00edt v\u00edce produkt\u016f pro vaping, kter\u00e9 by se v\u00e1m mohly l\u00edbit:<strong><em><a href=\"https:\/\/rmvapesale.com\/cs\/shop-2\/\">nakupujte nyn\u00ed &gt;&gt;&gt;<\/a><\/em><\/strong><\/p>","protected":false},"excerpt":{"rendered":"<p>WASPE Crystal 40k Puff Dvojit\u00e1 P\u0159\u00edchu\u0165 Dob\u00edjec\u00ed Jednor\u00e1zov\u00fd Vaporiz\u00e9r<br \/>\nWASPE Crystal 40000 Puffs Dvou P\u0159\u00edchut\u00ed Jednor\u00e1zov\u00fd Vaporiz\u00e9r Velkoobchod<br \/>\nWASPE Crystal 40000 Puffs 2 v 1 P\u0159\u00edchu\u0165 Chytr\u00e1 Obrazovka Velkoobchod Jednor\u00e1zov\u00fd<\/p>\n<p><strong>Kontaktujte Amy a z\u00edskejte spr\u00e1vnou odpov\u011b\u010f a kup\u00f3n na vape!<\/strong><\/p>\n<p><img loading=\"lazy\" decoding=\"async\" class=\"size-full wp-image-2375\" src=\"https:\/\/rmvapesale.com\/wp-content\/uploads\/2024\/10\/image.png\" alt=\"Nejlep\u0161\u00ed jednor\u00e1zov\u00e1 e-cigareta\" width=\"229\" height=\"300\" \/><\/p>\n<h3><a href=\"https:\/\/wa.me\/8617776015835\"><span style=\"color: #ff0000\"><strong>WhatsApp: +86 17776015835<\/strong><\/span><\/a><\/h3>\n<p>&nbsp;<\/p>","protected":false},"featured_media":2975,"comment_status":"open","ping_status":"closed","template":"","meta":{"_uag_custom_page_level_css":"","_lmt_disableupdate":"no","_lmt_disable":"","site-sidebar-layout":"default","site-content-layout":"content-boxed-container","ast-site-content-layout":"normal-width-container","site-content-style":"boxed","site-sidebar-style":"unboxed","ast-global-header-display":"","ast-banner-title-visibility":"","ast-main-header-display":"","ast-hfb-above-header-display":"","ast-hfb-below-header-display":"","ast-hfb-mobile-header-display":"","site-post-title":"","ast-breadcrumbs-content":"","ast-featured-img":"","footer-sml-layout":"","theme-transparent-header-meta":"default","adv-header-id-meta":"","stick-header-meta":"","header-above-stick-meta":"","header-main-stick-meta":"","header-below-stick-meta":"","astra-migrate-meta-layouts":"set","ast-page-background-enabled":"default","ast-page-background-meta":{"desktop":{"background-color":"var(--ast-global-color-4)","background-image":"","background-repeat":"repeat","background-position":"center center","background-size":"auto","background-attachment":"scroll","background-type":"","background-media":"","overlay-type":"","overlay-color":"","overlay-opacity":"","overlay-gradient":""},"tablet":{"background-color":"","background-image":"","background-repeat":"repeat","background-position":"center center","background-size":"auto","background-attachment":"scroll","background-type":"","background-media":"","overlay-type":"","overlay-color":"","overlay-opacity":"","overlay-gradient":""},"mobile":{"background-color":"","background-image":"","background-repeat":"repeat","background-position":"center center","background-size":"auto","background-attachment":"scroll","background-type":"","background-media":"","overlay-type":"","overlay-color":"","overlay-opacity":"","overlay-gradient":""}},"ast-content-background-meta":{"desktop":{"background-color":"var(--ast-global-color-5)","background-image":"","background-repeat":"repeat","background-position":"center center","background-size":"auto","background-attachment":"scroll","background-type":"","background-media":"","overlay-type":"","overlay-color":"","overlay-opacity":"","overlay-gradient":""},"tablet":{"background-color":"var(--ast-global-color-5)","background-image":"","background-repeat":"repeat","background-position":"center center","background-size":"auto","background-attachment":"scroll","background-type":"","background-media":"","overlay-type":"","overlay-color":"","overlay-opacity":"","overlay-gradient":""},"mobile":{"background-color":"var(--ast-global-color-5)","background-image":"","background-repeat":"repeat","background-position":"center center","background-size":"auto","background-attachment":"scroll","background-type":"","background-media":"","overlay-type":"","overlay-color":"","overlay-opacity":"","overlay-gradient":""}},"_joinchat":[]},"product_brand":[],"product_cat":[15,289,290,291,292,298,293,295,299,274,258,25,123,26,28,135,27,137,136,30],"product_tag":[146,124,222,64,40,111,300,221],"class_list":{"0":"post-2976","1":"product","2":"type-product","3":"status-publish","4":"has-post-thumbnail","6":"product_cat-new-vape-this-week","7":"product_cat-big-puffs-disposable-vapes","8":"product_cat-crystal-disposable-vapes","9":"product_cat-dual-mesh-disposable-vapes","10":"product_cat-digital-disposable-vapes","11":"product_cat-double-flavor-disposable-vapes","12":"product_cat-low-nicotine-disposable-vapes","13":"product_cat-rechargeable-disposable-vapes","14":"product_cat-smart-screen-disposable-vapes","15":"product_cat-waspe-fihp-vape","16":"product_cat-40000-puff-disposable-vape","17":"product_cat-germany-best-selling-vape","18":"product_cat-italy-wholesale-vape","19":"product_cat-netherlands-hot-sale-vape","20":"product_cat-poland-hot-sale-vape","21":"product_cat-spain-best-hot-sale-vape","22":"product_cat-fance-hot-sale-vape","23":"product_cat-rechargeable-vapes","24":"product_cat-smart-screen-vapes","25":"product_cat-minimum-order-quantity-50pcs","26":"product_tag-best-hot-sale-vape","27":"product_tag-crystal-vape","28":"product_tag-double-flavor-vape","29":"product_tag-dual-flavour-vape","30":"product_tag-hot-sale-vape","31":"product_tag-low-nicotine-disposable-vape","32":"product_tag-waspe-crystal-40000","33":"product_tag-waspe-vape","34":"desktop-align-left","35":"tablet-align-left","36":"mobile-align-left","38":"first","39":"instock","40":"sale","41":"shipping-taxable","42":"purchasable","43":"product-type-simple"},"uagb_featured_image_src":{"full":["https:\/\/rmvapesale.com\/wp-content\/uploads\/2025\/01\/WASPE-40000-Puffs-Crystal-Disposable-Vape-Wholesale.webp",1000,1000,false],"thumbnail":["https:\/\/rmvapesale.com\/wp-content\/uploads\/2025\/01\/WASPE-40000-Puffs-Crystal-Disposable-Vape-Wholesale-150x150.webp",150,150,true],"medium":["https:\/\/rmvapesale.com\/wp-content\/uploads\/2025\/01\/WASPE-40000-Puffs-Crystal-Disposable-Vape-Wholesale-300x300.webp",300,300,true],"medium_large":["https:\/\/rmvapesale.com\/wp-content\/uploads\/2025\/01\/WASPE-40000-Puffs-Crystal-Disposable-Vape-Wholesale-768x768.webp",768,768,true],"large":["https:\/\/rmvapesale.com\/wp-content\/uploads\/2025\/01\/WASPE-40000-Puffs-Crystal-Disposable-Vape-Wholesale.webp",1000,1000,false],"1536x1536":["https:\/\/rmvapesale.com\/wp-content\/uploads\/2025\/01\/WASPE-40000-Puffs-Crystal-Disposable-Vape-Wholesale.webp",1000,1000,false],"2048x2048":["https:\/\/rmvapesale.com\/wp-content\/uploads\/2025\/01\/WASPE-40000-Puffs-Crystal-Disposable-Vape-Wholesale.webp",1000,1000,false],"trp-custom-language-flag":["https:\/\/rmvapesale.com\/wp-content\/uploads\/2025\/01\/WASPE-40000-Puffs-Crystal-Disposable-Vape-Wholesale.webp",12,12,false],"woocommerce_thumbnail":["https:\/\/rmvapesale.com\/wp-content\/uploads\/2025\/01\/WASPE-40000-Puffs-Crystal-Disposable-Vape-Wholesale-300x300.webp",300,300,true],"woocommerce_single":["https:\/\/rmvapesale.com\/wp-content\/uploads\/2025\/01\/WASPE-40000-Puffs-Crystal-Disposable-Vape-Wholesale-600x600.webp",600,600,true],"woocommerce_gallery_thumbnail":["https:\/\/rmvapesale.com\/wp-content\/uploads\/2025\/01\/WASPE-40000-Puffs-Crystal-Disposable-Vape-Wholesale-100x100.webp",100,100,true],"wcpr-photo-reviews":["https:\/\/rmvapesale.com\/wp-content\/uploads\/2025\/01\/WASPE-40000-Puffs-Crystal-Disposable-Vape-Wholesale.webp",500,500,false]},"uagb_author_info":{"display_name":"AMY","author_link":"https:\/\/rmvapesale.com\/cs\/author\/"},"uagb_comment_info":0,"uagb_excerpt":"WASPE Crystal 40k Puff Twins Flavor Rechargeable Disposable Vape WASPE Crystal 40000 Puffs Dual Flavors Disposable Vape Bulk Buy WASPE Crystal 40000 Puffs 2 in 1 Flavor Smart Screen Wholesale Disposable Contact Amy to get right reply and vape coupon! WhatsApp: +86 17776015835 &nbsp;","_links":{"self":[{"href":"https:\/\/rmvapesale.com\/cs\/wp-json\/wp\/v2\/product\/2976","targetHints":{"allow":["GET"]}}],"collection":[{"href":"https:\/\/rmvapesale.com\/cs\/wp-json\/wp\/v2\/product"}],"about":[{"href":"https:\/\/rmvapesale.com\/cs\/wp-json\/wp\/v2\/types\/product"}],"replies":[{"embeddable":true,"href":"https:\/\/rmvapesale.com\/cs\/wp-json\/wp\/v2\/comments?post=2976"}],"wp:featuredmedia":[{"embeddable":true,"href":"https:\/\/rmvapesale.com\/cs\/wp-json\/wp\/v2\/media\/2975"}],"wp:attachment":[{"href":"https:\/\/rmvapesale.com\/cs\/wp-json\/wp\/v2\/media?parent=2976"}],"wp:term":[{"taxonomy":"product_brand","embeddable":true,"href":"https:\/\/rmvapesale.com\/cs\/wp-json\/wp\/v2\/product_brand?post=2976"},{"taxonomy":"product_cat","embeddable":true,"href":"https:\/\/rmvapesale.com\/cs\/wp-json\/wp\/v2\/product_cat?post=2976"},{"taxonomy":"product_tag","embeddable":true,"href":"https:\/\/rmvapesale.com\/cs\/wp-json\/wp\/v2\/product_tag?post=2976"}],"curies":[{"name":"wp","href":"https:\/\/api.w.org\/{rel}","templated":true}]}}