{"id":3011,"date":"2025-01-26T03:15:11","date_gmt":"2025-01-26T03:15:11","guid":{"rendered":"https:\/\/rmvapesale.com\/?post_type=product&#038;p=3011"},"modified":"2025-01-23T03:29:52","modified_gmt":"2025-01-23T03:29:52","slug":"vapsolo-dg-18000-puffs-smart-screen-puff-18k-disposable-vape-wholesale-electronic-cigarette-discount-price","status":"publish","type":"product","link":"https:\/\/rmvapesale.com\/cs\/product\/vapsolo-dg-18000-puffs-smart-screen-puff-18k-disposable-vape-wholesale-electronic-cigarette-discount-price\/","title":{"rendered":"Vapsolo DG 18000 Pot\u00e1hnut\u00ed Chytr\u00e1 obrazovka Pot\u00e1hnut\u00ed 18k Jednor\u00e1zov\u00e1 Vape Velkoobchod Elektronick\u00e1 cigareta Ak\u010dn\u00ed cena"},"content":{"rendered":"<div class=\"B2VR9 CJHX3e\">\n<div class=\"wyccme\">\n<div class=\"flex-shrink-0 flex flex-col relative items-end\">\n<div class=\"pt-0\">\n<div class=\"gizmo-bot-avatar flex h-8 w-8 items-center justify-center overflow-hidden rounded-full\">\n<div class=\"relative p-1 rounded-sm flex items-center justify-center bg-token-main-surface-primary text-token-text-primary h-8 w-8\">\n<div class=\"flex-shrink-0 flex flex-col relative items-end\">\n<div class=\"pt-0\">\n<div class=\"gizmo-bot-avatar flex h-8 w-8 items-center justify-center overflow-hidden rounded-full\">\n<h1 class=\"relative p-1 rounded-sm flex items-center justify-center bg-token-main-surface-primary text-token-text-primary h-8 w-8\">Vapsolo DG 18000 Pot\u00e1hnut\u00ed Chytr\u00e1 obrazovka Pot\u00e1hnut\u00ed 18k Jednor\u00e1zov\u00e1 Vape Velkoobchod Elektronick\u00e1 cigareta Ak\u010dn\u00ed cena<\/h1>\n<\/div>\n<\/div>\n<\/div>\n<\/div>\n<\/div>\n<\/div>\n<\/div>\n<div class=\"group\/conversation-turn relative flex w-full min-w-0 flex-col agent-turn\">\n<div class=\"flex-col gap-1 md:gap-3\">\n<div class=\"flex max-w-full flex-col flex-grow\">\n<div class=\"min-h-8 text-message flex w-full flex-col items-end gap-2 whitespace-normal break-words text-start [.text-message+&amp;]:mt-5\" dir=\"auto\" data-message-author-role=\"assistant\" data-message-id=\"80ece0c4-ead1-4ed9-a9f0-ddc22582b4f4\" data-message-model-slug=\"gpt-4o\">\n<p>Hled\u00e1te vysoce v\u00fdkonn\u00e9 za\u0159\u00edzen\u00ed <strong>jednor\u00e1zov\u00e9 e-cigarety<\/strong> s p\u016fsobiv\u00fdm po\u010dtem pot\u00e1hnut\u00ed a nejnov\u011bj\u0161\u00edmi funkcemi? V\u00e1\u0161 dokonal\u00fd prot\u011bj\u0161ek je <strong>jednor\u00e1zov\u00fd vape Vapsolo DG 18000 pot\u00e1hnut\u00ed s chytrou obrazovkou<\/strong> Navr\u017eeno pro vapery, kte\u0159\u00ed tou\u017e\u00ed po dlouhotrvaj\u00edc\u00edm uspokojen\u00ed, toto za\u0159\u00edzen\u00ed nab\u00edz\u00ed <strong>neuv\u011b\u0159iteln\u00fdch 18 000 pot\u00e1hnut\u00ed<\/strong>, <strong>nastaviteln\u00e9ho proud\u011bn\u00ed vzduchu<\/strong>a \u0161pi\u010dkov\u00fd <strong>chytr\u00fd displej<\/strong>to v\u0161e za dostupnou <strong>velkoobchodn\u00ed cenu<\/strong>.<\/p>\n<p>Tento vape nab\u00edz\u00ed <strong>Chytr\u00fd re\u017eim<\/strong> kter\u00fd automaticky upravuje v\u00fdkon a nastaven\u00ed na z\u00e1klad\u011b va\u0161ich vapovac\u00edch n\u00e1vyk\u016f, co\u017e zaji\u0161\u0165uje optim\u00e1ln\u00ed z\u00e1\u017eitek poka\u017ed\u00e9. Pot\u0159ebujete siln\u011bj\u0161\u00ed pot\u00e1hnut\u00ed? Aktivujte <strong>Re\u017eim Boost<\/strong> pro extra n\u00e1val intenzity a uspokojen\u00ed.<\/p>\n<p>Tento <strong>nastaviteln\u00e9 ovl\u00e1d\u00e1n\u00ed proud\u011bn\u00ed vzduchu<\/strong> umo\u017e\u0148uje doladit si z\u00e1\u017eitek z vapingu, a\u0165 u\u017e d\u00e1v\u00e1te p\u0159ednost pevn\u00e9mu, intenzivn\u00edmu potahu, nebo hladk\u00e9mu a vzdu\u0161n\u00e9mu. Nav\u00edc <strong>chytr\u00fd displej<\/strong> poskytuje p\u0159ehled o \u017eivotnosti baterie a po\u010dtu pot\u00e1hnut\u00ed v re\u00e1ln\u00e9m \u010dase, tak\u017ee budete v\u017edy v\u011bd\u011bt, kdy je \u010das dob\u00edjet.<\/p>\n<p>Vybaven <strong>dob\u00edjec\u00ed baterie 650 mAh<\/strong> a rychl\u00e9 nab\u00edjen\u00ed p\u0159es Type-C, si m\u016f\u017eete u\u017e\u00edvat nep\u0159eru\u0161ovan\u00fd vaping s rychl\u00fdm a \u00fa\u010dinn\u00fdm dopl\u0148ov\u00e1n\u00edm energie. Vyberte si z <strong>2% nebo 5% s\u00edly nikotinu<\/strong>, co\u017e vyhovuje jak p\u0159\u00edle\u017eitostn\u00fdm vaper\u016fm, tak t\u011bm, kte\u0159\u00ed hledaj\u00ed siln\u011bj\u0161\u00ed nikotinovou d\u00e1vku.<\/p>\n<p>Pro velkoodb\u011bratele nab\u00edz\u00ed Vapsolo DG 18000 bezkonkuren\u010dn\u00ed hodnotu s <strong>velkoobchodn\u00edmi cenami<\/strong>, co\u017e z n\u011bj \u010din\u00ed ide\u00e1ln\u00ed volbu pro maloobchodn\u00edky a distributory v \u010cesk\u00e9 republice.<\/p>\n<\/div>\n<\/div>\n<\/div>\n<\/div>\n<div class=\"flex-shrink-0 flex flex-col relative items-end\">\n<div class=\"pt-0\">\n<div class=\"gizmo-bot-avatar flex h-8 w-8 items-center justify-center overflow-hidden rounded-full\">\n<p>&nbsp;<\/p>\n<\/div>\n<\/div>\n<\/div>\n<\/div>\n<\/div>\n<p><strong>Kontaktujte Amy a z\u00edskejte spr\u00e1vnou odpov\u011b\u010f a kup\u00f3n na vape!<\/strong><\/p>\n<p><img loading=\"lazy\" decoding=\"async\" class=\"size-full wp-image-1978\" src=\"https:\/\/rmvapesale.com\/wp-content\/uploads\/2024\/09\/Disposable-Vape-Wholesale.jpg\" alt=\"Jednor\u00e1zov\u00e1 e-cigareta velkoobchod\" width=\"229\" height=\"300\" \/><\/p>\n<h3><a href=\"https:\/\/wa.me\/8617776015835\" target=\"_blank\" rel=\"noopener\"><span style=\"color: #ff0000\"><strong>WhatsApp: +86 17776015835<\/strong><\/span><\/a><\/h3>\n<p>&nbsp;<\/p>\n<h3><strong style=\"font-size: 1.7em\">Kl\u00ed\u010dov\u00e9 vlastnosti produktu Vapsolo DG 18000 Puffs<\/strong><\/h3>\n<p>\u2611 Nikotin: 2% 5%<br \/>\n\u2611 Chytr\u00fd re\u017eim: 18000 pota\u017een\u00ed<br \/>\nRe\u017eim zes\u00edlen\u00ed: 9000 pota\u017een\u00ed<br \/>\n\u2611 Kapacita: 28 ml<br \/>\n\u2611 650mah dob\u00edjec\u00ed<br \/>\n\u2611 0,90\u03a9 s\u00ed\u0165ov\u00e1 spir\u00e1lka<br \/>\n\u2611 Nastaviteln\u00fd pr\u016ftok vzduchu<br \/>\n\u2611 Chytr\u00fd displej: kapacita baterie\/kapacita e-liquidu<br \/>\n\u2611 10 dostupn\u00fdch p\u0159\u00edchut\u00ed<\/p>\n<p>&nbsp;<\/p>\n<figure id=\"attachment_3007\" aria-describedby=\"caption-attachment-3007\" style=\"width: 300px\" class=\"wp-caption alignnone\"><img loading=\"lazy\" decoding=\"async\" class=\"size-medium wp-image-3007\" src=\"https:\/\/rmvapesale.com\/wp-content\/uploads\/2025\/01\/Vapsolo-DG-18000-Puffs-Disposable-Vape-Bulk-Buy-300x300.webp\" alt=\"Vapsolo DG 18000 Puffs Jednor\u00e1zov\u00fd Vape Velkoobchodn\u00ed N\u00e1kup\" width=\"300\" height=\"300\" srcset=\"https:\/\/rmvapesale.com\/wp-content\/uploads\/2025\/01\/Vapsolo-DG-18000-Puffs-Disposable-Vape-Bulk-Buy-300x300.webp 300w, https:\/\/rmvapesale.com\/wp-content\/uploads\/2025\/01\/Vapsolo-DG-18000-Puffs-Disposable-Vape-Bulk-Buy-150x150.webp 150w, https:\/\/rmvapesale.com\/wp-content\/uploads\/2025\/01\/Vapsolo-DG-18000-Puffs-Disposable-Vape-Bulk-Buy-768x768.webp 768w, https:\/\/rmvapesale.com\/wp-content\/uploads\/2025\/01\/Vapsolo-DG-18000-Puffs-Disposable-Vape-Bulk-Buy-600x600.webp 600w, https:\/\/rmvapesale.com\/wp-content\/uploads\/2025\/01\/Vapsolo-DG-18000-Puffs-Disposable-Vape-Bulk-Buy-100x100.webp 100w, https:\/\/rmvapesale.com\/wp-content\/uploads\/2025\/01\/Vapsolo-DG-18000-Puffs-Disposable-Vape-Bulk-Buy.webp 1000w\" sizes=\"auto, (max-width: 300px) 100vw, 300px\" \/><figcaption id=\"caption-attachment-3007\" class=\"wp-caption-text\">Vapsolo DG 18000 Puffs Jednor\u00e1zov\u00fd Vape Velkoobchodn\u00ed N\u00e1kup<\/figcaption><\/figure>\n<h3><strong style=\"font-size: 1.7em\">Nejprod\u00e1van\u011bj\u0161\u00ed p\u0159\u00edchu\u0165 pro Vapsolo DG 18000 pot\u00e1hnut\u00ed<\/strong><strong style=\"font-size: 1.7em\">\u00a0Vape<\/strong><\/h3>\n<p>1.Broskev Mango Ananas <span style=\"color: #ff0000\"><strong>&gt;&gt;&gt; \u017dhav\u00e9!<\/strong><\/span><br \/>\n2.Ledov\u00fd mu\u010denka kiwi<br \/>\n3.Bor\u016fvka T\u0159e\u0161e\u0148 Brusinka <span style=\"color: #ff0000\"><strong>&gt;&gt;&gt; \u017dhav\u00e9!<\/strong><\/span><br \/>\n4.Ledov\u00fd meloun<br \/>\n5.Jahoda Kiwi<br \/>\n6.Citron Limetka<br \/>\n7.Jahoda Ban\u00e1n<br \/>\n8.Red Bull<br \/>\n9.Sm\u00ed\u0161en\u00e9 bobule <span style=\"color: #ff0000\"><strong>&gt;&gt;&gt; Nejlep\u0161\u00ed!<\/strong><\/span><br \/>\n10.Prime Jahoda Vodn\u00ed meloun<\/p>\n<p>&nbsp;<\/p>\n<h3><strong>Pro\u010d zvolit Rmvapesale pro Vapsolo DG 18000 pot\u00e1hnut\u00ed <\/strong><strong>V<\/strong><strong>ape Velkoobchod<\/strong><strong>?<\/strong><\/h3>\n<div class=\"flex-shrink-0 flex flex-col relative items-end\">\n<div class=\"pt-0\">\n<div class=\"gizmo-bot-avatar flex h-8 w-8 items-center justify-center overflow-hidden rounded-full\">\n<p>S rostouc\u00ed konkurenc\u00ed na trhu jednor\u00e1zov\u00fdch e-cigaret uvedla spole\u010dnost Rmvapesale, glob\u00e1ln\u00ed l\u00eddr v oblasti velkoobchodn\u00edch \u0159e\u0161en\u00ed jednor\u00e1zov\u00fdch vape, na trh Uwin 35000 Smart Screen Disposable Vape. Tento pr\u016fkopnick\u00fd produkt p\u0159itahuje pozornost sv\u00fdm jedine\u010dn\u00fdm estetick\u00fdm a m\u00f3dn\u00edm designem. D\u00edky rozs\u00e1hl\u00e9 \u0161k\u00e1le mo\u017enost\u00ed ovocn\u00fdch p\u0159\u00edchut\u00ed uspokoj\u00ed \u0161irok\u00e9 spektrum spot\u0159ebitelsk\u00fdch chut\u00ed a z\u00e1rove\u0148 klade d\u016fraz na inovaci a v\u0161estrannost.<\/p>\n<p class=\"relative p-1 rounded-sm flex items-center justify-center bg-token-main-surface-primary text-token-text-primary h-8 w-8\">Rmvapesale je v\u00e1\u0161 d\u016fv\u011bryhodn\u00fd obchod s pr\u00e9miov\u00fdmi jednor\u00e1zov\u00fdmi vape. S v\u00edce ne\u017e 5 lety zku\u0161enost\u00ed v\u00e1m p\u0159in\u00e1\u0161\u00edme obl\u00edben\u00e9 zna\u010dky jednor\u00e1zov\u00fdch vape, jako jsou Al Fakher, JNR Vape, Vapsolo Vape, Vapme Vape, <a href=\"https:\/\/rmvapesale.com\/cs\/product-category\/bang-vapes\/\">Bang Vape<\/a>, Waspe Vape, WGA Vape a<a href=\"https:\/\/rmvapesale.com\/cs\/product-category\/randm-fumot-vape\/\"> RandM Vape<\/a>. Na\u0161e nab\u00eddka zahrnuje \u017ehav\u00e9 jednor\u00e1zov\u00e9 vape, jako je <a href=\"https:\/\/rmvapesale.com\/cs\/product\/waspe-crystal-40000-puffs-double-flavor-led-display-disposable-vape-bulk-buy\/\">WASPE Crystal 40000 pot\u00e1hnut\u00ed<\/a> a chu\u0165ov\u011b bohat\u00e9 mo\u017enosti, jako je<a href=\"https:\/\/rmvapesale.com\/cs\/product\/aivono-fatman-15000-puffs-vape-disposable-e-cigarettes-mtl\/\"> AIVONO Shisha Hoohak 15000<\/a>. Ka\u017ed\u00fd produkt je vyb\u00edr\u00e1n s d\u016frazem na kvalitu, hodnotu a rozmanitost, abyste si zajistili dokonalou shodu pro va\u0161e pot\u0159eby. Objevte v\u00fdjime\u010dn\u00e9 slu\u017eby a \u0161irokou \u0161k\u00e1lu \u0161pi\u010dkov\u00fdch produkt\u016f na Rmvapesale.<\/p>\n<p>&nbsp;<\/p>\n<p class=\"relative p-1 rounded-sm flex items-center justify-center bg-token-main-surface-primary text-token-text-primary h-8 w-8\"><b style=\"font-size: 1.5em;font-style: inherit\">\u010casto kladen\u00e9 ot\u00e1zky pro Vapsolo DG 18k pot\u00e1hnut\u00ed <\/b><b style=\"font-size: 1.5em;font-style: inherit\">Dob\u00edjec\u00ed jednor\u00e1zov\u00e1 vapka<\/b><\/p>\n<ol>\n<li><strong>Kde si mohu koupit jednor\u00e1zovou e-cigaretu Vapsolo DG 18000 pot\u00e1hnut\u00ed za velkoobchodn\u00ed ceny?<\/strong>\n<ul>\n<li>M\u016f\u017eete si ji zakoupit za velkoobchodn\u00ed ceny od <a href=\"https:\/\/rmvapesale.com\/cs\/\" target=\"_new\" rel=\"noopener\">Rmvapesale<\/a>, kter\u00e1 nab\u00edz\u00ed mno\u017estevn\u00ed slevy a dopravu po cel\u00e9 \u010cesk\u00e9 republice.<\/li>\n<\/ul>\n<\/li>\n<li><strong>Jak pom\u00e1h\u00e1 displej s inteligentn\u00ed obrazovkou?<\/strong>\n<ul>\n<li>Displej ukazuje procento baterie a po\u010det pot\u00e1hnut\u00ed v re\u00e1ln\u00e9m \u010dase, tak\u017ee m\u00e1te v\u017edy p\u0159ehled.<\/li>\n<\/ul>\n<\/li>\n<li><strong>Mohu si nastavit proud\u011bn\u00ed vzduchu na Vapsolo 18000 pot\u00e1hnut\u00ed?<\/strong>\n<ul>\n<li>Ano, nastaviteln\u00e9 proud\u011bn\u00ed vzduchu v\u00e1m umo\u017en\u00ed p\u0159izp\u016fsobit si z\u00e1\u017eitek z vapov\u00e1n\u00ed od t\u011bsn\u00fdch po hladk\u00e9 potahy.<\/li>\n<\/ul>\n<\/li>\n<li><strong>Jak\u00e9 \u00farovn\u011b nikotinu jsou k dispozici?<\/strong>\n<ul>\n<li>Toto za\u0159\u00edzen\u00ed je k dispozici se s\u00edlou nikotinu 2% a 5%, aby vyhovovalo r\u016fzn\u00fdm preferenc\u00edm.<\/li>\n<\/ul>\n<\/li>\n<li><strong>Jak dlouho vydr\u017e\u00ed 650mAh baterie?<\/strong>\n<ul>\n<li>Dob\u00edjec\u00ed baterie nab\u00edz\u00ed dlouhou dobu pou\u017e\u00edv\u00e1n\u00ed a lze ji rychle dob\u00edt p\u0159es Type-C pro del\u0161\u00ed vapovac\u00ed seance.<\/li>\n<\/ul>\n<\/li>\n<\/ol>\n<\/div>\n<\/div>\n<\/div>\n<h2>Jak objednat?<\/h2>\n<div class=\"flex-shrink-0 flex flex-col relative items-end\">\n<div class=\"pt-0\">\n<div class=\"gizmo-bot-avatar flex h-8 w-8 items-center justify-center overflow-hidden rounded-full\">\n<div>\n<p><strong>1. Jak\u00e9 platebn\u00ed metody p\u0159ij\u00edm\u00e1te?<\/strong><br \/>\n<span class=\"selectable-text copyable-text false\">Pro platbu nab\u00edz\u00edme bankovn\u00ed p\u0159evod a Western Union. V\u011bt\u0161ina na\u0161ich z\u00e1kazn\u00edk\u016f v Evrop\u011b si vyb\u00edr\u00e1 bankovn\u00ed p\u0159evod, m\u00e1me m\u00edstn\u00ed bankovn\u00ed \u00fa\u010det, na kter\u00fd m\u016f\u017eete platit na n\u00e1\u0161 IBAN \u00fa\u010det bez manipula\u010dn\u00edho poplatku. <\/span>.<\/p>\n<p><strong>2. Jak mohu sledovat svou objedn\u00e1vku?<\/strong><br \/>\nPo odesl\u00e1n\u00ed bal\u00ed\u010dku <span class=\"selectable-text copyable-text false\">nab\u00eddneme sledovac\u00ed \u010d\u00edslo pro referenci a budeme v\u00e1s pr\u016fb\u011b\u017en\u011b informovat o stavu, dokud z\u00e1silku neobdr\u017e\u00edte<\/span>.<\/p>\n<p><strong>3. Jak dlouho trv\u00e1 doru\u010den\u00ed?<\/strong><\/p>\n<ul>\n<li>Doprava z <strong>\u010d\u00ednsk\u00fdch sklad\u016f<\/strong> trv\u00e1 p\u0159ibli\u017en\u011b <strong>7\u201314 pracovn\u00edch dn\u016f<\/strong>.<\/li>\n<li>Doprava z <strong>Evropsk\u00fdch sklad\u016f<\/strong> obvykle trv\u00e1 <strong>3\u20136 pracovn\u00edch dn\u016f<\/strong>.<\/li>\n<\/ul>\n<p><strong>4. Jak mohu z\u00edskat rychlej\u0161\u00ed doru\u010den\u00ed?<\/strong><br \/>\nPro rychlej\u0161\u00ed doru\u010den\u00ed doporu\u010dujeme objednat z na\u0161eho <strong>evropsk\u00e9ho skladu<\/strong>, kter\u00fd nab\u00edz\u00ed krat\u0161\u00ed dodac\u00ed lh\u016fty.<\/p>\n<p><strong>5. Co kdy\u017e obdr\u017e\u00edm po\u0161kozen\u00fd nebo vadn\u00fd produkt?<\/strong><br \/>\nPokud je va\u0161e zbo\u017e\u00ed po\u0161kozen\u00e9 nebo vadn\u00e9, kontaktujte z\u00e1kaznick\u00fd servis ohledn\u011b <strong>v\u00fdm\u011bny nebo vr\u00e1cen\u00ed pen\u011bz<\/strong>.<\/p>\n<p><strong>6. Jak mohu kontaktovat z\u00e1kaznick\u00fd servis?<\/strong><br \/>\nM\u016f\u017eete n\u00e1s kontaktovat p\u0159es<strong>\u00a0WhatsApp, nebo \u017eiv\u00fd chat<\/strong> na na\u0161ich webov\u00fdch str\u00e1nk\u00e1ch pro jakoukoli pomoc.<\/p>\n<\/div>\n<div class=\"relative p-1 rounded-sm flex items-center justify-center bg-token-main-surface-primary text-token-text-primary h-8 w-8\"><strong>7. Jak\u00e9 zp\u016fsoby dopravy se pou\u017e\u00edvaj\u00ed?<\/strong><\/div>\n<\/div>\n<\/div>\n<\/div>\n<div class=\"group\/conversation-turn relative flex w-full min-w-0 flex-col agent-turn\">\n<div class=\"flex-col gap-1 md:gap-3\">\n<div class=\"flex max-w-full flex-col flex-grow\">\n<div class=\"min-h-[20px] text-message flex w-full flex-col items-end gap-2 whitespace-normal break-words [.text-message+&amp;]:mt-5 overflow-x-auto\" dir=\"auto\" data-message-author-role=\"assistant\" data-message-id=\"22f8283b-3233-46ff-89a5-c7a41b33abda\">\n<div class=\"flex w-full flex-col gap-1 empty:hidden first:pt-[3px]\">\n<div class=\"markdown prose w-full break-words dark:prose-invert light\">\n<p>Spolupracujeme s UPS, DHL, FedEx, DPD a dal\u0161\u00edmi p\u0159edn\u00edmi p\u0159epravci. Vybereme nejlep\u0161\u00ed zp\u016fsob dopravy na z\u00e1klad\u011b va\u0161\u00ed doru\u010dovac\u00ed lokality, abychom zajistili, \u017ee sv\u00e9 produkty obdr\u017e\u00edte co nejrychleji.<\/p>\n<\/div>\n<\/div>\n<\/div>\n<\/div>\n<\/div>\n<\/div>\n<p>Naj\u00edt v\u00edce produkt\u016f pro vaping, kter\u00e9 by se v\u00e1m mohly l\u00edbit:<strong><em><a href=\"https:\/\/rmvapesale.com\/cs\/shop-2\/\">nakupujte nyn\u00ed &gt;&gt;&gt;<\/a><\/em><\/strong><\/p>","protected":false},"excerpt":{"rendered":"<p>Vapsolo DG 18000 pot\u00e1hnut\u00ed, jednor\u00e1zov\u00fd dob\u00edjec\u00ed vape s dvojitou p\u0159\u00edchut\u00ed<br \/>\nVapsolo DG 18k pot\u00e1hnut\u00ed, hromadn\u00fd n\u00e1kup jednor\u00e1zov\u00e9ho vapu, hork\u00fd prodej<br \/>\nVapsolo DG 18000 pot\u00e1hnut\u00ed, velkoobchodn\u00ed jednor\u00e1zov\u00fd vape s LED displejem a inteligentn\u00ed obrazovkou<\/p>\n<p><strong>Kontaktujte Amy a z\u00edskejte spr\u00e1vnou odpov\u011b\u010f a kup\u00f3n na vape!<\/strong><\/p>\n<p><img loading=\"lazy\" decoding=\"async\" class=\"size-full wp-image-2375\" src=\"https:\/\/rmvapesale.com\/wp-content\/uploads\/2024\/10\/image.png\" alt=\"Nejlep\u0161\u00ed jednor\u00e1zov\u00e1 e-cigareta\" width=\"229\" height=\"300\" \/><\/p>\n<h3><a href=\"https:\/\/wa.me\/8617776015835\"><span style=\"color: #ff0000\"><strong>WhatsApp: +86 17776015835<\/strong><\/span><\/a><\/h3>\n<p>&nbsp;<\/p>","protected":false},"featured_media":3006,"comment_status":"open","ping_status":"closed","template":"","meta":{"_uag_custom_page_level_css":"","_lmt_disableupdate":"no","_lmt_disable":"","site-sidebar-layout":"default","site-content-layout":"content-boxed-container","ast-site-content-layout":"normal-width-container","site-content-style":"boxed","site-sidebar-style":"unboxed","ast-global-header-display":"","ast-banner-title-visibility":"","ast-main-header-display":"","ast-hfb-above-header-display":"","ast-hfb-below-header-display":"","ast-hfb-mobile-header-display":"","site-post-title":"","ast-breadcrumbs-content":"","ast-featured-img":"","footer-sml-layout":"","theme-transparent-header-meta":"default","adv-header-id-meta":"","stick-header-meta":"","header-above-stick-meta":"","header-main-stick-meta":"","header-below-stick-meta":"","astra-migrate-meta-layouts":"set","ast-page-background-enabled":"default","ast-page-background-meta":{"desktop":{"background-color":"var(--ast-global-color-4)","background-image":"","background-repeat":"repeat","background-position":"center center","background-size":"auto","background-attachment":"scroll","background-type":"","background-media":"","overlay-type":"","overlay-color":"","overlay-opacity":"","overlay-gradient":""},"tablet":{"background-color":"","background-image":"","background-repeat":"repeat","background-position":"center center","background-size":"auto","background-attachment":"scroll","background-type":"","background-media":"","overlay-type":"","overlay-color":"","overlay-opacity":"","overlay-gradient":""},"mobile":{"background-color":"","background-image":"","background-repeat":"repeat","background-position":"center center","background-size":"auto","background-attachment":"scroll","background-type":"","background-media":"","overlay-type":"","overlay-color":"","overlay-opacity":"","overlay-gradient":""}},"ast-content-background-meta":{"desktop":{"background-color":"var(--ast-global-color-5)","background-image":"","background-repeat":"repeat","background-position":"center center","background-size":"auto","background-attachment":"scroll","background-type":"","background-media":"","overlay-type":"","overlay-color":"","overlay-opacity":"","overlay-gradient":""},"tablet":{"background-color":"var(--ast-global-color-5)","background-image":"","background-repeat":"repeat","background-position":"center center","background-size":"auto","background-attachment":"scroll","background-type":"","background-media":"","overlay-type":"","overlay-color":"","overlay-opacity":"","overlay-gradient":""},"mobile":{"background-color":"var(--ast-global-color-5)","background-image":"","background-repeat":"repeat","background-position":"center center","background-size":"auto","background-attachment":"scroll","background-type":"","background-media":"","overlay-type":"","overlay-color":"","overlay-opacity":"","overlay-gradient":""}},"_joinchat":[]},"product_brand":[],"product_cat":[15,289,290,291,292,298,293,295,299,275,25,123,26,28,135,27,137,136,30],"product_tag":[146,222,64,40,111,302,301],"class_list":{"0":"post-3011","1":"product","2":"type-product","3":"status-publish","4":"has-post-thumbnail","6":"product_cat-new-vape-this-week","7":"product_cat-big-puffs-disposable-vapes","8":"product_cat-crystal-disposable-vapes","9":"product_cat-dual-mesh-disposable-vapes","10":"product_cat-digital-disposable-vapes","11":"product_cat-double-flavor-disposable-vapes","12":"product_cat-low-nicotine-disposable-vapes","13":"product_cat-rechargeable-disposable-vapes","14":"product_cat-smart-screen-disposable-vapes","15":"product_cat-vapsolo-vape","16":"product_cat-germany-best-selling-vape","17":"product_cat-italy-wholesale-vape","18":"product_cat-netherlands-hot-sale-vape","19":"product_cat-poland-hot-sale-vape","20":"product_cat-spain-best-hot-sale-vape","21":"product_cat-fance-hot-sale-vape","22":"product_cat-rechargeable-vapes","23":"product_cat-smart-screen-vapes","24":"product_cat-minimum-order-quantity-50pcs","25":"product_tag-best-hot-sale-vape","26":"product_tag-double-flavor-vape","27":"product_tag-dual-flavour-vape","28":"product_tag-hot-sale-vape","29":"product_tag-low-nicotine-disposable-vape","30":"product_tag-vapsolo-dg-18000","31":"product_tag-vapsolo-vape","32":"desktop-align-left","33":"tablet-align-left","34":"mobile-align-left","36":"first","37":"instock","38":"sale","39":"shipping-taxable","40":"purchasable","41":"product-type-simple"},"uagb_featured_image_src":{"full":["https:\/\/rmvapesale.com\/wp-content\/uploads\/2025\/01\/Vapsolo-DG-18000-Puff-Disposable-Vape-Cheap-Price.webp",1000,1000,false],"thumbnail":["https:\/\/rmvapesale.com\/wp-content\/uploads\/2025\/01\/Vapsolo-DG-18000-Puff-Disposable-Vape-Cheap-Price-150x150.webp",150,150,true],"medium":["https:\/\/rmvapesale.com\/wp-content\/uploads\/2025\/01\/Vapsolo-DG-18000-Puff-Disposable-Vape-Cheap-Price-300x300.webp",300,300,true],"medium_large":["https:\/\/rmvapesale.com\/wp-content\/uploads\/2025\/01\/Vapsolo-DG-18000-Puff-Disposable-Vape-Cheap-Price-768x768.webp",768,768,true],"large":["https:\/\/rmvapesale.com\/wp-content\/uploads\/2025\/01\/Vapsolo-DG-18000-Puff-Disposable-Vape-Cheap-Price.webp",1000,1000,false],"1536x1536":["https:\/\/rmvapesale.com\/wp-content\/uploads\/2025\/01\/Vapsolo-DG-18000-Puff-Disposable-Vape-Cheap-Price.webp",1000,1000,false],"2048x2048":["https:\/\/rmvapesale.com\/wp-content\/uploads\/2025\/01\/Vapsolo-DG-18000-Puff-Disposable-Vape-Cheap-Price.webp",1000,1000,false],"trp-custom-language-flag":["https:\/\/rmvapesale.com\/wp-content\/uploads\/2025\/01\/Vapsolo-DG-18000-Puff-Disposable-Vape-Cheap-Price.webp",12,12,false],"woocommerce_thumbnail":["https:\/\/rmvapesale.com\/wp-content\/uploads\/2025\/01\/Vapsolo-DG-18000-Puff-Disposable-Vape-Cheap-Price-300x300.webp",300,300,true],"woocommerce_single":["https:\/\/rmvapesale.com\/wp-content\/uploads\/2025\/01\/Vapsolo-DG-18000-Puff-Disposable-Vape-Cheap-Price-600x600.webp",600,600,true],"woocommerce_gallery_thumbnail":["https:\/\/rmvapesale.com\/wp-content\/uploads\/2025\/01\/Vapsolo-DG-18000-Puff-Disposable-Vape-Cheap-Price-100x100.webp",100,100,true],"wcpr-photo-reviews":["https:\/\/rmvapesale.com\/wp-content\/uploads\/2025\/01\/Vapsolo-DG-18000-Puff-Disposable-Vape-Cheap-Price.webp",500,500,false]},"uagb_author_info":{"display_name":"AMY","author_link":"https:\/\/rmvapesale.com\/cs\/author\/"},"uagb_comment_info":0,"uagb_excerpt":"Vapsolo DG 18000 Puffs Twins Flavor Rechargeable Disposable Vape Vapsolo DG 18k Puff Hot Sale\u00a0Disposable Vape Bulk Buy Vapsolo DG 18000 Puffs LED Display\u00a0Smart Screen Wholesale Disposable Contact Amy to get right reply and vape coupon! WhatsApp: +86 17776015835 &nbsp;","_links":{"self":[{"href":"https:\/\/rmvapesale.com\/cs\/wp-json\/wp\/v2\/product\/3011","targetHints":{"allow":["GET"]}}],"collection":[{"href":"https:\/\/rmvapesale.com\/cs\/wp-json\/wp\/v2\/product"}],"about":[{"href":"https:\/\/rmvapesale.com\/cs\/wp-json\/wp\/v2\/types\/product"}],"replies":[{"embeddable":true,"href":"https:\/\/rmvapesale.com\/cs\/wp-json\/wp\/v2\/comments?post=3011"}],"wp:featuredmedia":[{"embeddable":true,"href":"https:\/\/rmvapesale.com\/cs\/wp-json\/wp\/v2\/media\/3006"}],"wp:attachment":[{"href":"https:\/\/rmvapesale.com\/cs\/wp-json\/wp\/v2\/media?parent=3011"}],"wp:term":[{"taxonomy":"product_brand","embeddable":true,"href":"https:\/\/rmvapesale.com\/cs\/wp-json\/wp\/v2\/product_brand?post=3011"},{"taxonomy":"product_cat","embeddable":true,"href":"https:\/\/rmvapesale.com\/cs\/wp-json\/wp\/v2\/product_cat?post=3011"},{"taxonomy":"product_tag","embeddable":true,"href":"https:\/\/rmvapesale.com\/cs\/wp-json\/wp\/v2\/product_tag?post=3011"}],"curies":[{"name":"wp","href":"https:\/\/api.w.org\/{rel}","templated":true}]}}