{"id":3013,"date":"2025-01-29T07:27:53","date_gmt":"2025-01-29T07:27:53","guid":{"rendered":"https:\/\/rmvapesale.com\/?post_type=product&#038;p=3013"},"modified":"2025-01-23T07:39:23","modified_gmt":"2025-01-23T07:39:23","slug":"bood-vape-30000-puff-bar-disposable-vape-wholesale-vape-pen-at-a-cheap-price","status":"publish","type":"product","link":"https:\/\/rmvapesale.com\/cs\/product\/bood-vape-30000-puff-bar-disposable-vape-wholesale-vape-pen-at-a-cheap-price\/","title":{"rendered":"Bood Vape 30000 tah\u016f Bar Jednor\u00e1zov\u00e1 e-cigareta Velkoobchodn\u00ed Vape Pen za n\u00edzkou cenu"},"content":{"rendered":"<div class=\"B2VR9 CJHX3e\">\n<div class=\"wyccme\">\n<div class=\"flex-shrink-0 flex flex-col relative items-end\">\n<div class=\"pt-0\">\n<div class=\"gizmo-bot-avatar flex h-8 w-8 items-center justify-center overflow-hidden rounded-full\">\n<div class=\"relative p-1 rounded-sm flex items-center justify-center bg-token-main-surface-primary text-token-text-primary h-8 w-8\">\n<div class=\"flex-shrink-0 flex flex-col relative items-end\">\n<div class=\"pt-0\">\n<div class=\"gizmo-bot-avatar flex h-8 w-8 items-center justify-center overflow-hidden rounded-full\">\n<div class=\"flex-shrink-0 flex flex-col relative items-end\">\n<div class=\"pt-0\">\n<div class=\"gizmo-bot-avatar flex h-8 w-8 items-center justify-center overflow-hidden rounded-full\">\n<h1 class=\"relative p-1 rounded-sm flex items-center justify-center bg-token-main-surface-primary text-token-text-primary h-8 w-8\">Bood Vape 30000 tah\u016f Bar Jednor\u00e1zov\u00e1 e-cigareta Velkoobchodn\u00ed Vape Pen za n\u00edzkou cenu<\/h1>\n<\/div>\n<\/div>\n<\/div>\n<\/div>\n<\/div>\n<\/div>\n<\/div>\n<\/div>\n<\/div>\n<\/div>\n<div class=\"group\/conversation-turn relative flex w-full min-w-0 flex-col agent-turn\">\n<div class=\"flex-col gap-1 md:gap-3\">\n<div class=\"flex max-w-full flex-col flex-grow\">\n<div class=\"min-h-8 text-message flex w-full flex-col items-end gap-2 whitespace-normal break-words text-start [.text-message+&amp;]:mt-5\" dir=\"auto\" data-message-author-role=\"assistant\" data-message-id=\"80ece0c4-ead1-4ed9-a9f0-ddc22582b4f4\" data-message-model-slug=\"gpt-4o\">\n<p>Tento <strong>Bood Vape 30000 Puff Bar Jednor\u00e1zov\u00e1 e-cigareta<\/strong> je navr\u017eena pro vapery, kte\u0159\u00ed po\u017eaduj\u00ed <strong>dlouhotrvaj\u00edc\u00ed v\u00fdkon, nastaviteln\u00fd pr\u016ftok vzduchu a technologii chytr\u00e9ho displeje<\/strong>, a to v\u0161e za <strong>dostupnou velkoobchodn\u00ed cenu<\/strong>. S p\u016fsobivou kapacitou <strong>30 000 pot\u00e1hnut\u00ed<\/strong>je tato dob\u00edjec\u00ed e-cigareta ide\u00e1ln\u00ed pro ty, kte\u0159\u00ed hledaj\u00ed pohodl\u00ed bez ob\u011btov\u00e1n\u00ed kvality.<\/p>\n<p>Baleno s <strong>20 ml p\u0159edpln\u011bn\u00e9 tekutiny<\/strong>, Bood Vape zaji\u0161\u0165uje dlouh\u00e9 vapovac\u00ed seance bez nutnosti neust\u00e1l\u00e9ho dopl\u0148ov\u00e1n\u00ed. Jej\u00ed <strong>technologi\u00ed du\u00e1ln\u00ed s\u00ed\u0165ov\u00e9 spir\u00e1ly<\/strong> dod\u00e1v\u00e1 hladkou, chutnou p\u00e1ru s ka\u017ed\u00fdm pot\u00e1hnut\u00edm, zat\u00edmco <strong>odpor c\u00edvky 1.0\u03a9<\/strong> optimalizuje jak produkci p\u00e1ry, tak chu\u0165.<\/p>\n<p>Tento <strong>nastaviteln\u00e9 ovl\u00e1d\u00e1n\u00ed proud\u011bn\u00ed vzduchu<\/strong> v\u00e1m umo\u017en\u00ed p\u0159izp\u016fsobit si z\u00e1\u017eitek\u2014a\u0165 u\u017e preferujete t\u011bsn\u00fd, intenzivn\u00ed potah nebo uvoln\u011bn\u011bj\u0161\u00ed, vzdu\u0161n\u011bj\u0161\u00ed potah. Nav\u00edc <strong>chytr\u00fd displej<\/strong> displej poskytuje aktualizace v re\u00e1ln\u00e9m \u010dase o po\u010dtu pot\u00e1hnut\u00ed a \u017eivotnosti baterie, abyste byli informov\u00e1ni po celou dobu vapov\u00e1n\u00ed.<\/p>\n<p>Poh\u00e1n\u011bno <strong>dob\u00edjec\u00ed baterie 650 mAh<\/strong>, za\u0159\u00edzen\u00ed disponuje <strong>rychlonab\u00edjec\u00ed port Type-C<\/strong>, co\u017e zaji\u0161\u0165uje rychl\u00e9 a efektivn\u00ed nab\u00edjen\u00ed, kdy\u017e je pot\u0159eba. S <strong>t\u0159emi mo\u017enostmi s\u00edly nikotinu (0%, 2% a 5%)<\/strong>, tento <strong>jednor\u00e1zov\u00fd vape s n\u00edzk\u00fdm obsahem nikotinu<\/strong> vyhov\u00ed v\u0161em preferenc\u00edm, od beznikotinov\u00fdch po siln\u00fd, uspokojiv\u00fd potah.<\/p>\n<p>Ide\u00e1ln\u00ed pro maloobchodn\u00edky a distributory, <strong>Bood Vape 30000 Puff Bar<\/strong> je k dispozici za bezkonkuren\u010dn\u00ed <strong>velkoobchodn\u00ed cenu jednor\u00e1zov\u00fdch vap\u016f<\/strong>, co\u017e z n\u011bj \u010din\u00ed vynikaj\u00edc\u00ed mo\u017enost pro hromadn\u00fd n\u00e1kup. Vyberte si z <strong>10 vzru\u0161uj\u00edc\u00edch p\u0159\u00edchut\u00ed<\/strong>, kter\u00e9 nab\u00edzej\u00ed n\u011bco pro ka\u017ed\u00e9ho.<\/p>\n<\/div>\n<\/div>\n<\/div>\n<\/div>\n<div class=\"flex-shrink-0 flex flex-col relative items-end\">\n<div class=\"pt-0\">\n<div class=\"gizmo-bot-avatar flex h-8 w-8 items-center justify-center overflow-hidden rounded-full\">\n<p>&nbsp;<\/p>\n<\/div>\n<\/div>\n<\/div>\n<\/div>\n<\/div>\n<p><strong>Kontaktujte Amy a z\u00edskejte spr\u00e1vnou odpov\u011b\u010f a kup\u00f3n na vape!<\/strong><\/p>\n<p><img loading=\"lazy\" decoding=\"async\" class=\"size-full wp-image-1978\" src=\"https:\/\/rmvapesale.com\/wp-content\/uploads\/2024\/09\/Disposable-Vape-Wholesale.jpg\" alt=\"Jednor\u00e1zov\u00e1 e-cigareta velkoobchod\" width=\"229\" height=\"300\" \/><\/p>\n<h3><a href=\"https:\/\/wa.me\/8617776015835\" target=\"_blank\" rel=\"noopener\"><span style=\"color: #ff0000\"><strong>WhatsApp: +86 17776015835<\/strong><\/span><\/a><\/h3>\n<h3><\/h3>\n<h3><strong style=\"font-size: 1.7em\">Kl\u00ed\u010dov\u00e9 vlastnosti produktu Bood Vape 30000 Puffs<\/strong><\/h3>\n<ul>\n<li><strong>Masivn\u00ed po\u010det pot\u00e1hnut\u00ed:<\/strong> U\u017eijte si a\u017e 30 000 pot\u00e1hnut\u00ed pro dlouhotrvaj\u00edc\u00ed spokojenost.<\/li>\n<li><strong>P\u0159edpln\u011bn\u00e1 e-kapalina 20 ml:<\/strong> Zaji\u0161\u0165uje prodlou\u017een\u00fd z\u00e1\u017eitek z vapov\u00e1n\u00ed bez dopl\u0148ov\u00e1n\u00ed.<\/li>\n<li><strong>Dob\u00edjec\u00ed baterie 650mAh:<\/strong> Konzistentn\u00ed v\u00fdkon s rychl\u00fdm nab\u00edjen\u00edm typu C.<\/li>\n<li><strong>Nastaviteln\u00fd pr\u016ftok vzduchu:<\/strong> P\u0159izp\u016fsobte si sv\u016fj styl vapov\u00e1n\u00ed p\u0159esn\u00fdm ovl\u00e1d\u00e1n\u00edm pr\u016ftoku vzduchu.<\/li>\n<li><strong>Chytr\u00fd displej:<\/strong> Sledujte po\u010det pot\u00e1hnut\u00ed a \u017eivotnost baterie v re\u00e1ln\u00e9m \u010dase.<\/li>\n<\/ul>\n<figure id=\"attachment_2978\" aria-describedby=\"caption-attachment-2978\" style=\"width: 1000px\" class=\"wp-caption alignnone\"><img loading=\"lazy\" decoding=\"async\" class=\"wp-image-2978 size-full\" src=\"https:\/\/rmvapesale.com\/wp-content\/uploads\/2025\/01\/BOOD-Infinity-30k-Vape-Price.webp\" alt=\"Cena vapu BOOD Infinity 30k\" width=\"1000\" height=\"1000\" srcset=\"https:\/\/rmvapesale.com\/wp-content\/uploads\/2025\/01\/BOOD-Infinity-30k-Vape-Price.webp 1000w, https:\/\/rmvapesale.com\/wp-content\/uploads\/2025\/01\/BOOD-Infinity-30k-Vape-Price-300x300.webp 300w, https:\/\/rmvapesale.com\/wp-content\/uploads\/2025\/01\/BOOD-Infinity-30k-Vape-Price-150x150.webp 150w, https:\/\/rmvapesale.com\/wp-content\/uploads\/2025\/01\/BOOD-Infinity-30k-Vape-Price-768x768.webp 768w, https:\/\/rmvapesale.com\/wp-content\/uploads\/2025\/01\/BOOD-Infinity-30k-Vape-Price-600x600.webp 600w, https:\/\/rmvapesale.com\/wp-content\/uploads\/2025\/01\/BOOD-Infinity-30k-Vape-Price-100x100.webp 100w\" sizes=\"auto, (max-width: 1000px) 100vw, 1000px\" \/><figcaption id=\"caption-attachment-2978\" class=\"wp-caption-text\">Cena vapu BOOD Infinity 30k<\/figcaption><\/figure>\n<h3><strong style=\"font-size: 1.7em\">Nejprod\u00e1van\u011bj\u0161\u00ed p\u0159\u00edchu\u0165 pro Bood Vape 30000 Puffs<\/strong><strong style=\"font-size: 1.7em\"> Vape<\/strong><\/h3>\n<p>Tento <strong>Bood Vape 30000 Puff Bar Jednor\u00e1zov\u00e1 e-cigareta<\/strong> kombinuje p\u016fsobiv\u00fd v\u00fdkon, chytr\u00e9 funkce a cenovou dostupnost, co\u017e z n\u011bj \u010din\u00ed jeden z <strong>nejpopul\u00e1rn\u011bj\u0161\u00edch jednor\u00e1zov\u00fdch vap\u016f<\/strong> dostupn\u00fdch. Objednejte je\u0161t\u011b dnes a za\u017eijte to nejlep\u0161\u00ed vapov\u00e1n\u00ed!<\/p>\n<p>1 JAHODOV\u00dd VODN\u00cd MELOUN <span style=\"color: #ff0000\"><strong>&gt;&gt;&gt;&gt; \u017dhav\u00e9 !<\/strong><\/span><br \/>\n2 BROSKEV MANGO ANANAS<br \/>\n3 SVIE\u017dI LED<br \/>\n4 OVOCN\u00c1 EXPLOZE <span style=\"color: #ff0000\"><strong>&gt;&gt;&gt;&gt; \u017dhav\u00e9 !<\/strong><\/span><br \/>\n5 JAHODOV\u00c9 KIWI<br \/>\n6 HAWAII<br \/>\n7 MODR\u00c1 MALINA LED <span style=\"color: #ff0000\"><strong>&gt;&gt;&gt;&gt; Nejlep\u0161\u00ed !<\/strong><\/span><br \/>\n8 BOR\u016eVKOV\u00c1 LIMON\u00c1DA<br \/>\n9 \u010cERN\u00dd LED<br \/>\n10 TIFFANY<\/p>\n<h3><strong>Pro\u010d si vybrat Rmvapesale pro Bood Vape 30000 Puff\u00a0 <\/strong><strong>V<\/strong><strong>ape Velkoobchod<\/strong><strong>?<\/strong><\/h3>\n<div class=\"flex-shrink-0 flex flex-col relative items-end\">\n<div class=\"pt-0\">\n<div class=\"gizmo-bot-avatar flex h-8 w-8 items-center justify-center overflow-hidden rounded-full\">\n<p>S rostouc\u00ed konkurenc\u00ed na trhu s jednor\u00e1zov\u00fdmi e-cigaretami uv\u00e1d\u00ed Rmvapesale, glob\u00e1ln\u00ed l\u00eddr ve velkoobchodn\u00edch \u0159e\u0161en\u00edch pro jednor\u00e1zov\u00e9 vapky, na trh Bood Vape 30000 Puff Bar. Tento pr\u016fkopnick\u00fd produkt p\u0159itahuje pozornost sv\u00fdm jedine\u010dn\u00fdm estetick\u00fdm a m\u00f3dn\u00edm designem. D\u00edky \u0161irok\u00e9 \u0161k\u00e1le ovocn\u00fdch p\u0159\u00edchut\u00ed uspokoj\u00ed \u0161irok\u00e9 spektrum spot\u0159ebitelsk\u00fdch chut\u00ed a z\u00e1rove\u0148 klade d\u016fraz na inovace a v\u0161estrannost.<\/p>\n<p class=\"relative p-1 rounded-sm flex items-center justify-center bg-token-main-surface-primary text-token-text-primary h-8 w-8\">Rmvapesale je v\u00e1\u0161 d\u016fv\u011bryhodn\u00fd obchod s pr\u00e9miov\u00fdmi jednor\u00e1zov\u00fdmi vape. S v\u00edce ne\u017e 5 lety zku\u0161enost\u00ed v\u00e1m p\u0159in\u00e1\u0161\u00edme obl\u00edben\u00e9 zna\u010dky jednor\u00e1zov\u00fdch vape, jako jsou Al Fakher, JNR Vape, Vapsolo Vape, Vapme Vape, <a href=\"https:\/\/rmvapesale.com\/cs\/product-category\/bang-vapes\/\">Bang Vape<\/a>, Waspe Vape, WGA Vape a<a href=\"https:\/\/rmvapesale.com\/cs\/product-category\/randm-fumot-vape\/\"> RandM Vape<\/a>. Na\u0161e nab\u00eddka zahrnuje \u017ehav\u00e9 jednor\u00e1zov\u00e9 vape, jako je <a href=\"https:\/\/rmvapesale.com\/cs\/product\/waspe-crystal-40000-puffs-double-flavor-led-display-disposable-vape-bulk-buy\/\">WASPE Crystal 40000 pot\u00e1hnut\u00ed<\/a> a chu\u0165ov\u011b bohat\u00e9 mo\u017enosti, jako je<a href=\"https:\/\/rmvapesale.com\/cs\/product\/aivono-fatman-15000-puffs-vape-disposable-e-cigarettes-mtl\/\"> AIVONO Shisha Hoohak 15000<\/a>. Ka\u017ed\u00fd produkt je vyb\u00edr\u00e1n s d\u016frazem na kvalitu, hodnotu a rozmanitost, abyste si zajistili dokonalou shodu pro va\u0161e pot\u0159eby. Objevte v\u00fdjime\u010dn\u00e9 slu\u017eby a \u0161irokou \u0161k\u00e1lu \u0161pi\u010dkov\u00fdch produkt\u016f na Rmvapesale.<\/p>\n<p class=\"relative p-1 rounded-sm flex items-center justify-center bg-token-main-surface-primary text-token-text-primary h-8 w-8\"><b style=\"font-size: 1.5em;font-style: inherit\">\u010casto kladen\u00e9 dotazy k Bood Vape 30000 <\/b><b style=\"font-size: 1.5em;font-style: inherit\">Dob\u00edjec\u00ed jednor\u00e1zov\u00e1 vapka<\/b><\/p>\n<ol>\n<li><strong>Kde mohu koupit Bood Vape 30000 Puff Bar za velkoobchodn\u00ed ceny?<\/strong>\n<ul>\n<li>M\u016f\u017eete ho zakoupit za nejlep\u0161\u00ed velkoobchodn\u00ed ceny od <a href=\"https:\/\/rmvapesale.com\/cs\/\" target=\"_new\" rel=\"noopener\">Rmvapesale<\/a>, co\u017e nab\u00edz\u00ed skv\u011bl\u00e9 mno\u017estevn\u00ed slevy.<\/li>\n<\/ul>\n<\/li>\n<li><strong>Jak\u00e9 \u00farovn\u011b nikotinu jsou dostupn\u00e9 v Bood Vape 30000?<\/strong>\n<ul>\n<li>Je k dispozici s obsahem nikotinu 0%, 2% a 5%, co\u017e uspokoj\u00ed r\u016fzn\u00e9 pot\u0159eby vapov\u00e1n\u00ed.<\/li>\n<\/ul>\n<\/li>\n<li><strong>Jak funguje nastaviteln\u00fd pr\u016ftok vzduchu?<\/strong>\n<ul>\n<li>Ovl\u00e1d\u00e1n\u00ed pr\u016ftoku vzduchu v\u00e1m umo\u017e\u0148uje p\u0159izp\u016fsobit si potah od t\u011bsn\u00e9ho po vzdu\u0161n\u00fd pro personalizovan\u00fd z\u00e1\u017eitek.<\/li>\n<\/ul>\n<\/li>\n<li><strong>Jak dlouho vydr\u017e\u00ed dob\u00edjec\u00ed baterie?<\/strong>\n<ul>\n<li>Baterie s kapacitou 650mAh poskytuje dlouhotrvaj\u00edc\u00ed v\u00fdkon a lze ji rychle dob\u00edt pomoc\u00ed portu Type-C.<\/li>\n<\/ul>\n<\/li>\n<li><strong>Jak\u00e9 p\u0159\u00edchut\u011b jsou k dispozici v Bood Vape 30000 Puff Bar?<\/strong>\n<ul>\n<li>Na v\u00fdb\u011br je z 10 lahodn\u00fdch p\u0159\u00edchut\u00ed, kter\u00e9 nab\u00edzej\u00ed \u0159adu mo\u017enost\u00ed pro uspokojen\u00ed r\u016fzn\u00fdch chu\u0165ov\u00fdch preferenc\u00ed.<\/li>\n<\/ul>\n<\/li>\n<\/ol>\n<\/div>\n<\/div>\n<\/div>\n<h2>Jak objednat?<\/h2>\n<div class=\"flex-shrink-0 flex flex-col relative items-end\">\n<div class=\"pt-0\">\n<div class=\"gizmo-bot-avatar flex h-8 w-8 items-center justify-center overflow-hidden rounded-full\">\n<div>\n<p><strong>1. Jak\u00e9 platebn\u00ed metody p\u0159ij\u00edm\u00e1te?<\/strong><br \/>\n<span class=\"selectable-text copyable-text false\">Pro platbu nab\u00edz\u00edme bankovn\u00ed p\u0159evod a Western Union. V\u011bt\u0161ina na\u0161ich z\u00e1kazn\u00edk\u016f v Evrop\u011b si vyb\u00edr\u00e1 bankovn\u00ed p\u0159evod, m\u00e1me m\u00edstn\u00ed bankovn\u00ed \u00fa\u010det, na kter\u00fd m\u016f\u017eete platit na n\u00e1\u0161 IBAN \u00fa\u010det bez manipula\u010dn\u00edho poplatku. <\/span>.<\/p>\n<p><strong>2. Jak mohu sledovat svou objedn\u00e1vku?<\/strong><br \/>\nPo odesl\u00e1n\u00ed bal\u00ed\u010dku <span class=\"selectable-text copyable-text false\">nab\u00eddneme sledovac\u00ed \u010d\u00edslo pro referenci a budeme v\u00e1s pr\u016fb\u011b\u017en\u011b informovat o stavu, dokud z\u00e1silku neobdr\u017e\u00edte<\/span>.<\/p>\n<p><strong>3. Jak dlouho trv\u00e1 doru\u010den\u00ed?<\/strong><\/p>\n<ul>\n<li>Doprava z <strong>\u010d\u00ednsk\u00fdch sklad\u016f<\/strong> trv\u00e1 p\u0159ibli\u017en\u011b <strong>7\u201314 pracovn\u00edch dn\u016f<\/strong>.<\/li>\n<li>Doprava z <strong>Evropsk\u00fdch sklad\u016f<\/strong> obvykle trv\u00e1 <strong>3\u20136 pracovn\u00edch dn\u016f<\/strong>.<\/li>\n<\/ul>\n<p><strong>4. Jak mohu z\u00edskat rychlej\u0161\u00ed doru\u010den\u00ed?<\/strong><br \/>\nPro rychlej\u0161\u00ed doru\u010den\u00ed doporu\u010dujeme objednat z na\u0161eho <strong>evropsk\u00e9ho skladu<\/strong>, kter\u00fd nab\u00edz\u00ed krat\u0161\u00ed dodac\u00ed lh\u016fty.<\/p>\n<p><strong>5. Co kdy\u017e obdr\u017e\u00edm po\u0161kozen\u00fd nebo vadn\u00fd produkt?<\/strong><br \/>\nPokud je va\u0161e zbo\u017e\u00ed po\u0161kozen\u00e9 nebo vadn\u00e9, kontaktujte z\u00e1kaznick\u00fd servis ohledn\u011b <strong>v\u00fdm\u011bny nebo vr\u00e1cen\u00ed pen\u011bz<\/strong>.<\/p>\n<p><strong>6. Jak mohu kontaktovat z\u00e1kaznick\u00fd servis?<\/strong><br \/>\nM\u016f\u017eete n\u00e1s kontaktovat p\u0159es<strong>\u00a0WhatsApp, nebo \u017eiv\u00fd chat<\/strong> na na\u0161ich webov\u00fdch str\u00e1nk\u00e1ch pro jakoukoli pomoc.<\/p>\n<\/div>\n<div class=\"relative p-1 rounded-sm flex items-center justify-center bg-token-main-surface-primary text-token-text-primary h-8 w-8\"><strong>7. Jak\u00e9 zp\u016fsoby dopravy se pou\u017e\u00edvaj\u00ed?<\/strong><\/div>\n<\/div>\n<\/div>\n<\/div>\n<div class=\"group\/conversation-turn relative flex w-full min-w-0 flex-col agent-turn\">\n<div class=\"flex-col gap-1 md:gap-3\">\n<div class=\"flex max-w-full flex-col flex-grow\">\n<div class=\"min-h-[20px] text-message flex w-full flex-col items-end gap-2 whitespace-normal break-words [.text-message+&amp;]:mt-5 overflow-x-auto\" dir=\"auto\" data-message-author-role=\"assistant\" data-message-id=\"22f8283b-3233-46ff-89a5-c7a41b33abda\">\n<div class=\"flex w-full flex-col gap-1 empty:hidden first:pt-[3px]\">\n<div class=\"markdown prose w-full break-words dark:prose-invert light\">\n<p>Spolupracujeme s UPS, DHL, FedEx, DPD a dal\u0161\u00edmi p\u0159edn\u00edmi p\u0159epravci. Vybereme nejlep\u0161\u00ed zp\u016fsob dopravy na z\u00e1klad\u011b va\u0161\u00ed doru\u010dovac\u00ed lokality, abychom zajistili, \u017ee sv\u00e9 produkty obdr\u017e\u00edte co nejrychleji.<\/p>\n<\/div>\n<\/div>\n<\/div>\n<\/div>\n<\/div>\n<\/div>\n<p>Naj\u00edt v\u00edce produkt\u016f pro vaping, kter\u00e9 by se v\u00e1m mohly l\u00edbit:<strong><em><a href=\"https:\/\/rmvapesale.com\/cs\/shop-2\/\">nakupujte nyn\u00ed &gt;&gt;&gt;<\/a><\/em><\/strong><\/p>","protected":false},"excerpt":{"rendered":"<p>Bood Vape 30000 30k Puff Bar Dob\u00edjec\u00ed Jednor\u00e1zov\u00e1 Vape N\u00edzk\u00e1 Cena<br \/>\nBood Vape 30000 Hork\u00fd Prodej Jednor\u00e1zov\u00e1 Vape Pero Hromadn\u00fd N\u00e1kup<br \/>\nBood Vape 30000 LED Displej Chytr\u00e1 Obrazovka Jednor\u00e1zov\u00e1 Vape Velkoobchod<\/p>\n<p><strong>Kontaktujte Amy a z\u00edskejte spr\u00e1vnou odpov\u011b\u010f a kup\u00f3n na vape!<\/strong><\/p>\n<p><img loading=\"lazy\" decoding=\"async\" class=\"size-full wp-image-2375\" src=\"https:\/\/rmvapesale.com\/wp-content\/uploads\/2024\/10\/image.png\" alt=\"Nejlep\u0161\u00ed jednor\u00e1zov\u00e1 e-cigareta\" width=\"229\" height=\"300\" \/><\/p>\n<h3><a href=\"https:\/\/wa.me\/8617776015835\"><span style=\"color: #ff0000\"><strong>WhatsApp: +86 17776015835<\/strong><\/span><\/a><\/h3>\n<p>&nbsp;<\/p>","protected":false},"featured_media":2977,"comment_status":"open","ping_status":"closed","template":"","meta":{"_uag_custom_page_level_css":"","_lmt_disableupdate":"no","_lmt_disable":"","site-sidebar-layout":"default","site-content-layout":"content-boxed-container","ast-site-content-layout":"normal-width-container","site-content-style":"boxed","site-sidebar-style":"unboxed","ast-global-header-display":"","ast-banner-title-visibility":"","ast-main-header-display":"","ast-hfb-above-header-display":"","ast-hfb-below-header-display":"","ast-hfb-mobile-header-display":"","site-post-title":"","ast-breadcrumbs-content":"","ast-featured-img":"","footer-sml-layout":"","theme-transparent-header-meta":"default","adv-header-id-meta":"","stick-header-meta":"","header-above-stick-meta":"","header-main-stick-meta":"","header-below-stick-meta":"","astra-migrate-meta-layouts":"set","ast-page-background-enabled":"default","ast-page-background-meta":{"desktop":{"background-color":"var(--ast-global-color-4)","background-image":"","background-repeat":"repeat","background-position":"center center","background-size":"auto","background-attachment":"scroll","background-type":"","background-media":"","overlay-type":"","overlay-color":"","overlay-opacity":"","overlay-gradient":""},"tablet":{"background-color":"","background-image":"","background-repeat":"repeat","background-position":"center center","background-size":"auto","background-attachment":"scroll","background-type":"","background-media":"","overlay-type":"","overlay-color":"","overlay-opacity":"","overlay-gradient":""},"mobile":{"background-color":"","background-image":"","background-repeat":"repeat","background-position":"center center","background-size":"auto","background-attachment":"scroll","background-type":"","background-media":"","overlay-type":"","overlay-color":"","overlay-opacity":"","overlay-gradient":""}},"ast-content-background-meta":{"desktop":{"background-color":"var(--ast-global-color-5)","background-image":"","background-repeat":"repeat","background-position":"center center","background-size":"auto","background-attachment":"scroll","background-type":"","background-media":"","overlay-type":"","overlay-color":"","overlay-opacity":"","overlay-gradient":""},"tablet":{"background-color":"var(--ast-global-color-5)","background-image":"","background-repeat":"repeat","background-position":"center center","background-size":"auto","background-attachment":"scroll","background-type":"","background-media":"","overlay-type":"","overlay-color":"","overlay-opacity":"","overlay-gradient":""},"mobile":{"background-color":"var(--ast-global-color-5)","background-image":"","background-repeat":"repeat","background-position":"center center","background-size":"auto","background-attachment":"scroll","background-type":"","background-media":"","overlay-type":"","overlay-color":"","overlay-opacity":"","overlay-gradient":""}},"_joinchat":[]},"product_brand":[],"product_cat":[15,289,290,291,292,293,295,299,265,253,25,123,26,28,135,27,137,136,30],"product_tag":[146,305,222,64,40,111,306],"class_list":{"0":"post-3013","1":"product","2":"type-product","3":"status-publish","4":"has-post-thumbnail","6":"product_cat-new-vape-this-week","7":"product_cat-big-puffs-disposable-vapes","8":"product_cat-crystal-disposable-vapes","9":"product_cat-dual-mesh-disposable-vapes","10":"product_cat-digital-disposable-vapes","11":"product_cat-low-nicotine-disposable-vapes","12":"product_cat-rechargeable-disposable-vapes","13":"product_cat-smart-screen-disposable-vapes","14":"product_cat-bood-disposable-vape","15":"product_cat-15000-puff-disposable-vape","16":"product_cat-germany-best-selling-vape","17":"product_cat-italy-wholesale-vape","18":"product_cat-netherlands-hot-sale-vape","19":"product_cat-poland-hot-sale-vape","20":"product_cat-spain-best-hot-sale-vape","21":"product_cat-fance-hot-sale-vape","22":"product_cat-rechargeable-vapes","23":"product_cat-smart-screen-vapes","24":"product_cat-minimum-order-quantity-50pcs","25":"product_tag-best-hot-sale-vape","26":"product_tag-bood-vape-30000","27":"product_tag-double-flavor-vape","28":"product_tag-dual-flavour-vape","29":"product_tag-hot-sale-vape","30":"product_tag-low-nicotine-disposable-vape","31":"product_tag-puff-bar","32":"desktop-align-left","33":"tablet-align-left","34":"mobile-align-left","36":"first","37":"instock","38":"sale","39":"shipping-taxable","40":"purchasable","41":"product-type-simple"},"uagb_featured_image_src":{"full":["https:\/\/rmvapesale.com\/wp-content\/uploads\/2025\/01\/Best-Bood-Infinity-30000-Puff-Rechargeable-Disposable-Vape.webp",1000,1000,false],"thumbnail":["https:\/\/rmvapesale.com\/wp-content\/uploads\/2025\/01\/Best-Bood-Infinity-30000-Puff-Rechargeable-Disposable-Vape-150x150.webp",150,150,true],"medium":["https:\/\/rmvapesale.com\/wp-content\/uploads\/2025\/01\/Best-Bood-Infinity-30000-Puff-Rechargeable-Disposable-Vape-300x300.webp",300,300,true],"medium_large":["https:\/\/rmvapesale.com\/wp-content\/uploads\/2025\/01\/Best-Bood-Infinity-30000-Puff-Rechargeable-Disposable-Vape-768x768.webp",768,768,true],"large":["https:\/\/rmvapesale.com\/wp-content\/uploads\/2025\/01\/Best-Bood-Infinity-30000-Puff-Rechargeable-Disposable-Vape.webp",1000,1000,false],"1536x1536":["https:\/\/rmvapesale.com\/wp-content\/uploads\/2025\/01\/Best-Bood-Infinity-30000-Puff-Rechargeable-Disposable-Vape.webp",1000,1000,false],"2048x2048":["https:\/\/rmvapesale.com\/wp-content\/uploads\/2025\/01\/Best-Bood-Infinity-30000-Puff-Rechargeable-Disposable-Vape.webp",1000,1000,false],"trp-custom-language-flag":["https:\/\/rmvapesale.com\/wp-content\/uploads\/2025\/01\/Best-Bood-Infinity-30000-Puff-Rechargeable-Disposable-Vape.webp",12,12,false],"woocommerce_thumbnail":["https:\/\/rmvapesale.com\/wp-content\/uploads\/2025\/01\/Best-Bood-Infinity-30000-Puff-Rechargeable-Disposable-Vape-300x300.webp",300,300,true],"woocommerce_single":["https:\/\/rmvapesale.com\/wp-content\/uploads\/2025\/01\/Best-Bood-Infinity-30000-Puff-Rechargeable-Disposable-Vape-600x600.webp",600,600,true],"woocommerce_gallery_thumbnail":["https:\/\/rmvapesale.com\/wp-content\/uploads\/2025\/01\/Best-Bood-Infinity-30000-Puff-Rechargeable-Disposable-Vape-100x100.webp",100,100,true],"wcpr-photo-reviews":["https:\/\/rmvapesale.com\/wp-content\/uploads\/2025\/01\/Best-Bood-Infinity-30000-Puff-Rechargeable-Disposable-Vape.webp",500,500,false]},"uagb_author_info":{"display_name":"AMY","author_link":"https:\/\/rmvapesale.com\/cs\/author\/"},"uagb_comment_info":0,"uagb_excerpt":"Bood Vape 30000 30k Puff Bar Rechargeable Disposable Vape Cheap Price Bood Vape 30000 Hot Sale Disposable Vape Pen Bulk Buy Bood Vape 30000 LED Display Smart Screen Disposable Vape Wholesale Contact Amy to get right reply and vape coupon! WhatsApp: +86 17776015835 &nbsp;","_links":{"self":[{"href":"https:\/\/rmvapesale.com\/cs\/wp-json\/wp\/v2\/product\/3013","targetHints":{"allow":["GET"]}}],"collection":[{"href":"https:\/\/rmvapesale.com\/cs\/wp-json\/wp\/v2\/product"}],"about":[{"href":"https:\/\/rmvapesale.com\/cs\/wp-json\/wp\/v2\/types\/product"}],"replies":[{"embeddable":true,"href":"https:\/\/rmvapesale.com\/cs\/wp-json\/wp\/v2\/comments?post=3013"}],"wp:featuredmedia":[{"embeddable":true,"href":"https:\/\/rmvapesale.com\/cs\/wp-json\/wp\/v2\/media\/2977"}],"wp:attachment":[{"href":"https:\/\/rmvapesale.com\/cs\/wp-json\/wp\/v2\/media?parent=3013"}],"wp:term":[{"taxonomy":"product_brand","embeddable":true,"href":"https:\/\/rmvapesale.com\/cs\/wp-json\/wp\/v2\/product_brand?post=3013"},{"taxonomy":"product_cat","embeddable":true,"href":"https:\/\/rmvapesale.com\/cs\/wp-json\/wp\/v2\/product_cat?post=3013"},{"taxonomy":"product_tag","embeddable":true,"href":"https:\/\/rmvapesale.com\/cs\/wp-json\/wp\/v2\/product_tag?post=3013"}],"curies":[{"name":"wp","href":"https:\/\/api.w.org\/{rel}","templated":true}]}}