{"id":3015,"date":"2025-02-02T08:01:52","date_gmt":"2025-02-02T08:01:52","guid":{"rendered":"https:\/\/rmvapesale.com\/?post_type=product&#038;p=3015"},"modified":"2025-01-23T08:19:44","modified_gmt":"2025-01-23T08:19:44","slug":"smart-screen-disposable-vape-bang-king-35000-puff-35k-rechargeable-disposable-vape-0-2-5-nicotine-factory-price","status":"publish","type":"product","link":"https:\/\/rmvapesale.com\/cs\/product\/smart-screen-disposable-vape-bang-king-35000-puff-35k-rechargeable-disposable-vape-0-2-5-nicotine-factory-price\/","title":{"rendered":"Chytr\u00e1 obrazovka Jednor\u00e1zov\u00e1 Vape Bang King 35000 Puff 35k Dob\u00edjec\u00ed Jednor\u00e1zov\u00e1 Vape 0% 2% 5% Nikotinov\u00e1 tov\u00e1rn\u00ed cena"},"content":{"rendered":"<div class=\"B2VR9 CJHX3e\">\n<div class=\"wyccme\">\n<div class=\"flex-shrink-0 flex flex-col relative items-end\">\n<div class=\"pt-0\">\n<div class=\"gizmo-bot-avatar flex h-8 w-8 items-center justify-center overflow-hidden rounded-full\">\n<div class=\"relative p-1 rounded-sm flex items-center justify-center bg-token-main-surface-primary text-token-text-primary h-8 w-8\">\n<div class=\"flex-shrink-0 flex flex-col relative items-end\">\n<div class=\"pt-0\">\n<div class=\"gizmo-bot-avatar flex h-8 w-8 items-center justify-center overflow-hidden rounded-full\">\n<div class=\"flex-shrink-0 flex flex-col relative items-end\">\n<div class=\"pt-0\">\n<div class=\"gizmo-bot-avatar flex h-8 w-8 items-center justify-center overflow-hidden rounded-full\">\n<h1 class=\"relative p-1 rounded-sm flex items-center justify-center bg-token-main-surface-primary text-token-text-primary h-8 w-8\">Chytr\u00e1 obrazovka Jednor\u00e1zov\u00e1 Vape Bang King 35000 Puff 35k Dob\u00edjec\u00ed Jednor\u00e1zov\u00e1 Vape 0% 2% 5% Nikotinov\u00e1 tov\u00e1rn\u00ed cena<\/h1>\n<\/div>\n<\/div>\n<\/div>\n<\/div>\n<\/div>\n<\/div>\n<\/div>\n<\/div>\n<\/div>\n<\/div>\n<div class=\"group\/conversation-turn relative flex w-full min-w-0 flex-col agent-turn\">\n<div class=\"flex-col gap-1 md:gap-3\">\n<div class=\"flex max-w-full flex-col flex-grow\">\n<div class=\"min-h-8 text-message flex w-full flex-col items-end gap-2 whitespace-normal break-words text-start [.text-message+&amp;]:mt-5\" dir=\"auto\" data-message-author-role=\"assistant\" data-message-id=\"80ece0c4-ead1-4ed9-a9f0-ddc22582b4f4\" data-message-model-slug=\"gpt-4o\">\n<p>Hled\u00e1te <strong>dob\u00edjec\u00ed jednor\u00e1zov\u00fd vape s vysok\u00fdm po\u010dtem potah\u016f<\/strong> a chytr\u00fdmi funkcemi? The <strong>Bang King 35000 Puffs Smart Screen Jednor\u00e1zov\u00fd Vape<\/strong> je ide\u00e1ln\u00ed volbou pro vapery, kte\u0159\u00ed po\u017eaduj\u00ed <strong>velkou kapacitu potah\u016f, nastaviteln\u00fd pr\u016ftok vzduchu a v\u00edce \u00farovn\u00ed nikotinu<\/strong>, to v\u0161e za <strong>n\u00edzkou velkoobchodn\u00ed cenu<\/strong>. S neuv\u011b\u0159iteln\u00fdmi <strong>Kapacita 35 000 potah\u016f<\/strong>, tento vape p\u0159in\u00e1\u0161\u00ed dlouhotrvaj\u00edc\u00ed po\u017eitek, co\u017e z n\u011bj \u010din\u00ed jeden z <strong>nejpopul\u00e1rn\u011bj\u0161\u00edch jednor\u00e1zov\u00fdch vap\u016f<\/strong> na trhu v \u010cesk\u00e9 republice.<\/p>\n<p>P\u0159edpln\u011bno <strong>23 ml e-liquidu<\/strong>, Bang King zaji\u0161\u0165uje chutn\u00fd, bezprobl\u00e9mov\u00fd z\u00e1\u017eitek z vapingu bez \u010dast\u00e9ho dopl\u0148ov\u00e1n\u00ed. Pokro\u010dil\u00e1 <strong>odporov\u00e1 c\u00edvka 0,6\u03a9<\/strong> poskytuje hladkou, uspokojivou produkci p\u00e1ry, zat\u00edmco inovativn\u00ed <strong>chytr\u00fd displej<\/strong> v\u00e1s informuje o stavu e-liquidu a baterie v re\u00e1ln\u00e9m \u010dase.<\/p>\n<p>Navr\u017eeno pro pohodl\u00ed, tento <strong>850mAh dob\u00edjec\u00ed bateri\u00ed<\/strong> podporuje <strong>rychl\u00e9 nab\u00edjen\u00ed Type-C<\/strong>, co\u017e v\u00e1m umo\u017en\u00ed rychle se vr\u00e1tit k vapov\u00e1n\u00ed. A\u0165 u\u017e preferujete <strong>e-cigaretu s n\u00edzk\u00fdm obsahem nikotinu<\/strong> nebo siln\u011bj\u0161\u00ed potah, Bang King nab\u00edz\u00ed n\u011bkolik sil nikotinu, v\u010detn\u011b <strong>0 %, 2 %, 3 % a 5 %<\/strong>, kter\u00e9 uspokoj\u00ed v\u0161echny preference.<\/p>\n<p>S funkc\u00ed <strong>nastaviteln\u00e9ho proud\u011bn\u00ed vzduchu<\/strong>, si m\u016f\u017eete doladit sv\u016fj z\u00e1\u017eitek z vapov\u00e1n\u00ed bu\u010f pro t\u011bsn\u011bj\u0161\u00ed potah, nebo pro jemn\u011bj\u0161\u00ed, vzdu\u0161n\u011bj\u0161\u00ed potah. Nav\u00edc, s <strong>12 lahodn\u00fdch p\u0159\u00edchut\u00ed<\/strong> na v\u00fdb\u011br, je tu n\u011bco, co uspokoj\u00ed ka\u017ed\u00fd vkus.<\/p>\n<p>Ide\u00e1ln\u00ed pro <strong>velkoodb\u011bratele a distributory vape<\/strong>, toto za\u0159\u00edzen\u00ed je k dispozici za <strong>p\u0159\u00edmou tov\u00e1rn\u00ed cenu<\/strong>, co\u017e z n\u011bj \u010din\u00ed skv\u011blou volbu pro ty, kte\u0159\u00ed cht\u011bj\u00ed <strong>nakoupit jednor\u00e1zov\u00e9 vapes ve velk\u00e9m<\/strong>.<\/p>\n<\/div>\n<\/div>\n<\/div>\n<\/div>\n<div class=\"flex-shrink-0 flex flex-col relative items-end\">\n<div class=\"pt-0\">\n<div class=\"gizmo-bot-avatar flex h-8 w-8 items-center justify-center overflow-hidden rounded-full\">\n<p>&nbsp;<\/p>\n<\/div>\n<\/div>\n<\/div>\n<\/div>\n<\/div>\n<p><strong>Kontaktujte Amy a z\u00edskejte spr\u00e1vnou odpov\u011b\u010f a kup\u00f3n na vape!<\/strong><\/p>\n<p><img loading=\"lazy\" decoding=\"async\" class=\"size-full wp-image-1978\" src=\"https:\/\/rmvapesale.com\/wp-content\/uploads\/2024\/09\/Disposable-Vape-Wholesale.jpg\" alt=\"Jednor\u00e1zov\u00e1 e-cigareta velkoobchod\" width=\"229\" height=\"300\" \/><\/p>\n<h3><a href=\"https:\/\/wa.me\/8617776015835\" target=\"_blank\" rel=\"noopener\"><span style=\"color: #ff0000\"><strong>WhatsApp: +86 17776015835<\/strong><\/span><\/a><\/h3>\n<h3><\/h3>\n<h3><strong style=\"font-size: 1.7em\">Kl\u00ed\u010dov\u00e9 vlastnosti produktu Bang King 35000 Puffs<\/strong><\/h3>\n<ul>\n<li><strong>Obrovsk\u00fdch 35 000 potah\u016f:<\/strong> U\u017eijte si prodlou\u017een\u00e9 vapov\u00e1n\u00ed bez \u010dast\u00fdch v\u00fdm\u011bn.<\/li>\n<li><strong>Kapacita e-liquidu 23 ml:<\/strong> Poskytuje dlouhotrvaj\u00edc\u00ed po\u017eitek bez nutnosti dopl\u0148ov\u00e1n\u00ed.<\/li>\n<li><strong>Displej s chytr\u00fdm displejem:<\/strong> Sleduje po\u010det potah\u016f a \u00farove\u0148 baterie v re\u00e1ln\u00e9m \u010dase.<\/li>\n<li><strong>Mo\u017enosti nikotinu:<\/strong> Dostupn\u00e9 v 0 %, 2 %, 3 % a 5 % pro v\u0161echny u\u017eivatele.<\/li>\n<li><strong>Dob\u00edjec\u00ed 850mAh baterie:<\/strong> Dlouhotrvaj\u00edc\u00ed v\u00fdkon s rychl\u00fdm nab\u00edjen\u00edm p\u0159es USB-C.<\/li>\n<li><strong>Nastaviteln\u00e9 ovl\u00e1d\u00e1n\u00ed proud\u011bn\u00ed vzduchu:<\/strong> P\u0159izp\u016fsobte si potah pro perfektn\u00ed z\u00e1\u017eitek.<\/li>\n<li><strong>Ochrana proti p\u0159ep\u00e1len\u00ed:<\/strong> Zaji\u0161\u0165uje hladk\u00fd a konzistentn\u00ed z\u00e1\u017eitek z vapov\u00e1n\u00ed.<\/li>\n<li><strong>12 p\u0159\u00edchut\u00ed:<\/strong> \u0160irok\u00e1 \u0161k\u00e1la p\u0159\u00edchut\u00ed, kter\u00e9 uspokoj\u00ed ka\u017ed\u00e9ho.<\/li>\n<\/ul>\n<figure id=\"attachment_2996\" aria-describedby=\"caption-attachment-2996\" style=\"width: 800px\" class=\"wp-caption alignnone\"><img loading=\"lazy\" decoding=\"async\" class=\"wp-image-2996 size-full\" src=\"https:\/\/rmvapesale.com\/wp-content\/uploads\/2025\/01\/Bang-King-Vape-35000-Puffs-Disposable-Vapes-Bulk-Buy.webp\" alt=\"Jednor\u00e1zov\u00e9 e-cigarety Bang King Vape 35000 potah\u016f velkoobjemov\u00fd n\u00e1kup\" width=\"800\" height=\"800\" srcset=\"https:\/\/rmvapesale.com\/wp-content\/uploads\/2025\/01\/Bang-King-Vape-35000-Puffs-Disposable-Vapes-Bulk-Buy.webp 800w, https:\/\/rmvapesale.com\/wp-content\/uploads\/2025\/01\/Bang-King-Vape-35000-Puffs-Disposable-Vapes-Bulk-Buy-300x300.webp 300w, https:\/\/rmvapesale.com\/wp-content\/uploads\/2025\/01\/Bang-King-Vape-35000-Puffs-Disposable-Vapes-Bulk-Buy-150x150.webp 150w, https:\/\/rmvapesale.com\/wp-content\/uploads\/2025\/01\/Bang-King-Vape-35000-Puffs-Disposable-Vapes-Bulk-Buy-768x768.webp 768w, https:\/\/rmvapesale.com\/wp-content\/uploads\/2025\/01\/Bang-King-Vape-35000-Puffs-Disposable-Vapes-Bulk-Buy-600x600.webp 600w, https:\/\/rmvapesale.com\/wp-content\/uploads\/2025\/01\/Bang-King-Vape-35000-Puffs-Disposable-Vapes-Bulk-Buy-100x100.webp 100w\" sizes=\"auto, (max-width: 800px) 100vw, 800px\" \/><figcaption id=\"caption-attachment-2996\" class=\"wp-caption-text\">Jednor\u00e1zov\u00e9 e-cigarety Bang King Vape 35000 potah\u016f velkoobjemov\u00fd n\u00e1kup<\/figcaption><\/figure>\n<h3><strong style=\"font-size: 1.7em\">Nejprod\u00e1van\u011bj\u0161\u00ed p\u0159\u00edchu\u0165 pro Bang King 35000 potah\u016f<\/strong><strong style=\"font-size: 1.7em\">\u00a0Vape<\/strong><\/h3>\n<p>Tento <strong>Bang King 35000 potah\u016f dob\u00edjec\u00ed jednor\u00e1zov\u00e1 e-cigareta<\/strong> nab\u00edz\u00ed <strong>prvot\u0159\u00eddn\u00ed z\u00e1\u017eitek z vapov\u00e1n\u00ed<\/strong> s <strong>chytrou technologi\u00ed<\/strong>, co\u017e z n\u011bj \u010din\u00ed nejlep\u0161\u00ed volbu jak pro osobn\u00ed pou\u017eit\u00ed, tak pro velkoobchodn\u00ed distribuci. Objednejte si nyn\u00ed a u\u017eijte si to nejlep\u0161\u00ed z jednor\u00e1zov\u00e9ho vapov\u00e1n\u00ed!<\/p>\n<ol>\n<li>Jahoda Mango<\/li>\n<li>Love66<\/li>\n<li>Blue Razz Ice<\/li>\n<li>Jahoda Vodn\u00ed meloun<\/li>\n<li>Citron M\u00e1ta<\/li>\n<li>Dvojit\u00e9 jablko<\/li>\n<li>Energetick\u00fd n\u00e1poj<\/li>\n<li>Peach Ice (broskvov\u00fd led)<\/li>\n<li>Jahoda Kiwi<\/li>\n<li>Grape Ice<\/li>\n<li>Bor\u016fvkov\u00fd led<\/li>\n<li>Vodn\u00ed meloun<\/li>\n<\/ol>\n<h3><strong>Pro\u010d si vybrat Rmvapesale pro Bang King 35000 pot\u00e1hnut\u00ed\u00a0 <\/strong><strong>V<\/strong><strong>ape Velkoobchod<\/strong><strong>?<\/strong><\/h3>\n<div class=\"flex-shrink-0 flex flex-col relative items-end\">\n<div class=\"pt-0\">\n<div class=\"gizmo-bot-avatar flex h-8 w-8 items-center justify-center overflow-hidden rounded-full\">\n<p>S rostouc\u00ed konkurenc\u00ed na trhu jednor\u00e1zov\u00fdch e-cigaret uvedla spole\u010dnost Rmvapesale, glob\u00e1ln\u00ed l\u00eddr v oblasti velkoobchodn\u00edch \u0159e\u0161en\u00ed jednor\u00e1zov\u00fdch vape, na trh Uwin 35000 Smart Screen Disposable Vape. Tento pr\u016fkopnick\u00fd produkt p\u0159itahuje pozornost sv\u00fdm jedine\u010dn\u00fdm estetick\u00fdm a m\u00f3dn\u00edm designem. D\u00edky rozs\u00e1hl\u00e9 \u0161k\u00e1le mo\u017enost\u00ed ovocn\u00fdch p\u0159\u00edchut\u00ed uspokoj\u00ed \u0161irok\u00e9 spektrum spot\u0159ebitelsk\u00fdch chut\u00ed a z\u00e1rove\u0148 klade d\u016fraz na inovaci a v\u0161estrannost.<\/p>\n<p class=\"relative p-1 rounded-sm flex items-center justify-center bg-token-main-surface-primary text-token-text-primary h-8 w-8\">Rmvapesale je v\u00e1\u0161 d\u016fv\u011bryhodn\u00fd obchod s pr\u00e9miov\u00fdmi jednor\u00e1zov\u00fdmi vape. S v\u00edce ne\u017e 5 lety zku\u0161enost\u00ed v\u00e1m p\u0159in\u00e1\u0161\u00edme obl\u00edben\u00e9 zna\u010dky jednor\u00e1zov\u00fdch vape, jako jsou Al Fakher, JNR Vape, Vapsolo Vape, Vapme Vape, <a href=\"https:\/\/rmvapesale.com\/cs\/product-category\/bang-vapes\/\">Bang Vape<\/a>, Waspe Vape, WGA Vape a<a href=\"https:\/\/rmvapesale.com\/cs\/product-category\/randm-fumot-vape\/\"> RandM Vape<\/a>. Na\u0161e nab\u00eddka zahrnuje \u017ehav\u00e9 jednor\u00e1zov\u00e9 vape, jako je <a href=\"https:\/\/rmvapesale.com\/cs\/product\/vopk-tornado-15000-puffs-disposable-vape-led-display\/\">VOPK Tornado 15000 pot\u00e1hnut\u00ed<\/a> a chu\u0165ov\u011b bohat\u00e9 mo\u017enosti, jako je<a href=\"https:\/\/rmvapesale.com\/cs\/product\/elf-box-ls15000-puffs-shisha-hookah-disposable-vape\/\"> ELF BOX shisha Hooka 15000 pot\u00e1hnut\u00ed<\/a>. Ka\u017ed\u00fd produkt je vyb\u00edr\u00e1n s d\u016frazem na kvalitu, hodnotu a rozmanitost, abyste si zajistili dokonalou shodu pro va\u0161e pot\u0159eby. Objevte v\u00fdjime\u010dn\u00e9 slu\u017eby a \u0161irokou \u0161k\u00e1lu \u0161pi\u010dkov\u00fdch produkt\u016f na Rmvapesale.<\/p>\n<p class=\"relative p-1 rounded-sm flex items-center justify-center bg-token-main-surface-primary text-token-text-primary h-8 w-8\"><b style=\"font-size: 1.5em;font-style: inherit\">\u010casto kladen\u00e9 ot\u00e1zky pro Bang King 35000 pot\u00e1hnut\u00ed <\/b><b style=\"font-size: 1.5em;font-style: inherit\">Dob\u00edjec\u00ed jednor\u00e1zov\u00e1 vapka<\/b><\/p>\n<ol>\n<li><strong>Kde mohu koupit jednor\u00e1zovou vapku Bang King 35000 pot\u00e1hnut\u00ed za velkoobchodn\u00ed ceny?<\/strong>\n<ul>\n<li>Nejlep\u0161\u00ed ceny p\u0159\u00edmo z tov\u00e1rny m\u016f\u017eete z\u00edskat na <a href=\"https:\/\/rmvapesale.com\/cs\/\" target=\"_new\" rel=\"noopener\">Rmvapesale<\/a>, va\u0161eho d\u016fv\u011bryhodn\u00e9ho zdroje pro velkoobchodn\u00ed jednor\u00e1zov\u00e9 vapky.<\/li>\n<\/ul>\n<\/li>\n<li><strong>Je jednor\u00e1zov\u00e1 vapa Bang King 35000 dob\u00edjec\u00ed?<\/strong>\n<ul>\n<li>Ano, dod\u00e1v\u00e1 se s dob\u00edjec\u00ed bateri\u00ed s kapacitou 850mAh a podporuje rychl\u00e9 nab\u00edjen\u00ed typu C.<\/li>\n<\/ul>\n<\/li>\n<li><strong>Jak\u00e9 s\u00edly nikotinu jsou k dispozici?<\/strong>\n<ul>\n<li>Tato vapa je k dispozici s obsahem nikotinu 0%, 2%, 3% a 5%, aby vyhovovala r\u016fzn\u00fdm preferenc\u00edm.<\/li>\n<\/ul>\n<\/li>\n<li><strong>Jak funguje inteligentn\u00ed displej?<\/strong>\n<ul>\n<li>Displej poskytuje informace o \u017eivotnosti baterie a hladin\u011b e-liquidu v re\u00e1ln\u00e9m \u010dase, tak\u017ee budete v\u017edy v obraze.<\/li>\n<\/ul>\n<\/li>\n<li><strong>Nab\u00edz\u00ed Bang King 35K nastaviteln\u00fd pr\u016ftok vzduchu?<\/strong>\n<ul>\n<li>Ano, funkce nastaviteln\u00e9ho pr\u016ftoku vzduchu v\u00e1m umo\u017en\u00ed p\u0159izp\u016fsobit si styl vapov\u00e1n\u00ed pro pevn\u011bj\u0161\u00ed nebo voln\u011bj\u0161\u00ed pot\u00e1hnut\u00ed.<\/li>\n<\/ul>\n<\/li>\n<\/ol>\n<\/div>\n<\/div>\n<\/div>\n<h2>Jak objednat?<\/h2>\n<div class=\"flex-shrink-0 flex flex-col relative items-end\">\n<div class=\"pt-0\">\n<div class=\"gizmo-bot-avatar flex h-8 w-8 items-center justify-center overflow-hidden rounded-full\">\n<div>\n<p><strong>1. Jak\u00e9 platebn\u00ed metody p\u0159ij\u00edm\u00e1te?<\/strong><br \/>\n<span class=\"selectable-text copyable-text false\">Pro platbu nab\u00edz\u00edme bankovn\u00ed p\u0159evod a Western Union. V\u011bt\u0161ina na\u0161ich z\u00e1kazn\u00edk\u016f v Evrop\u011b si vyb\u00edr\u00e1 bankovn\u00ed p\u0159evod, m\u00e1me m\u00edstn\u00ed bankovn\u00ed \u00fa\u010det, na kter\u00fd m\u016f\u017eete platit na n\u00e1\u0161 IBAN \u00fa\u010det bez manipula\u010dn\u00edho poplatku. <\/span>.<\/p>\n<p><strong>2. Jak mohu sledovat svou objedn\u00e1vku?<\/strong><br \/>\nPo odesl\u00e1n\u00ed bal\u00ed\u010dku <span class=\"selectable-text copyable-text false\">nab\u00eddneme sledovac\u00ed \u010d\u00edslo pro referenci a budeme v\u00e1s pr\u016fb\u011b\u017en\u011b informovat o stavu, dokud z\u00e1silku neobdr\u017e\u00edte<\/span>.<\/p>\n<p><strong>3. Jak dlouho trv\u00e1 doru\u010den\u00ed?<\/strong><\/p>\n<ul>\n<li>Doprava z <strong>\u010d\u00ednsk\u00fdch sklad\u016f<\/strong> trv\u00e1 p\u0159ibli\u017en\u011b <strong>7\u201314 pracovn\u00edch dn\u016f<\/strong>.<\/li>\n<li>Doprava z <strong>Evropsk\u00fdch sklad\u016f<\/strong> obvykle trv\u00e1 <strong>3\u20136 pracovn\u00edch dn\u016f<\/strong>.<\/li>\n<\/ul>\n<p><strong>4. Jak mohu z\u00edskat rychlej\u0161\u00ed doru\u010den\u00ed?<\/strong><br \/>\nPro rychlej\u0161\u00ed doru\u010den\u00ed doporu\u010dujeme objednat z na\u0161eho <strong>evropsk\u00e9ho skladu<\/strong>, kter\u00fd nab\u00edz\u00ed krat\u0161\u00ed dodac\u00ed lh\u016fty.<\/p>\n<p><strong>5. Co kdy\u017e obdr\u017e\u00edm po\u0161kozen\u00fd nebo vadn\u00fd produkt?<\/strong><br \/>\nPokud je va\u0161e zbo\u017e\u00ed po\u0161kozen\u00e9 nebo vadn\u00e9, kontaktujte z\u00e1kaznick\u00fd servis ohledn\u011b <strong>v\u00fdm\u011bny nebo vr\u00e1cen\u00ed pen\u011bz<\/strong>.<\/p>\n<p><strong>6. Jak mohu kontaktovat z\u00e1kaznick\u00fd servis?<\/strong><br \/>\nM\u016f\u017eete n\u00e1s kontaktovat p\u0159es<strong>\u00a0WhatsApp, nebo \u017eiv\u00fd chat<\/strong> na na\u0161ich webov\u00fdch str\u00e1nk\u00e1ch pro jakoukoli pomoc.<\/p>\n<\/div>\n<div class=\"relative p-1 rounded-sm flex items-center justify-center bg-token-main-surface-primary text-token-text-primary h-8 w-8\"><strong>7. Jak\u00e9 zp\u016fsoby dopravy se pou\u017e\u00edvaj\u00ed?<\/strong><\/div>\n<\/div>\n<\/div>\n<\/div>\n<div class=\"group\/conversation-turn relative flex w-full min-w-0 flex-col agent-turn\">\n<div class=\"flex-col gap-1 md:gap-3\">\n<div class=\"flex max-w-full flex-col flex-grow\">\n<div class=\"min-h-[20px] text-message flex w-full flex-col items-end gap-2 whitespace-normal break-words [.text-message+&amp;]:mt-5 overflow-x-auto\" dir=\"auto\" data-message-author-role=\"assistant\" data-message-id=\"22f8283b-3233-46ff-89a5-c7a41b33abda\">\n<div class=\"flex w-full flex-col gap-1 empty:hidden first:pt-[3px]\">\n<div class=\"markdown prose w-full break-words dark:prose-invert light\">\n<p>Spolupracujeme s UPS, DHL, FedEx, DPD a dal\u0161\u00edmi p\u0159edn\u00edmi p\u0159epravci. Vybereme nejlep\u0161\u00ed zp\u016fsob dopravy na z\u00e1klad\u011b va\u0161\u00ed doru\u010dovac\u00ed lokality, abychom zajistili, \u017ee sv\u00e9 produkty obdr\u017e\u00edte co nejrychleji.<\/p>\n<\/div>\n<\/div>\n<\/div>\n<\/div>\n<\/div>\n<\/div>\n<p>Naj\u00edt v\u00edce produkt\u016f pro vaping, kter\u00e9 by se v\u00e1m mohly l\u00edbit:<strong><em><a href=\"https:\/\/rmvapesale.com\/cs\/shop-2\/\">nakupujte nyn\u00ed &gt;&gt;&gt;<\/a><\/em><\/strong><\/p>","protected":false},"excerpt":{"rendered":"<p>Bang King 35000 Pufy Dob\u00edjec\u00ed Jednor\u00e1zov\u00fd Vaporiz\u00e9r Levn\u00e1 Cena<br \/>\nBang King 35k Puf\u016f Obl\u00edben\u00fd Jednor\u00e1zov\u00fd Vaporiz\u00e9r Pero Velkoobchod<br \/>\nBangKing 35000 Puf\u016f LED Displej Chytr\u00e1 Obrazovka Velkoobchod Jednor\u00e1zov\u00fdch Vaporiz\u00e9r\u016f<\/p>\n<p><strong>Kontaktujte Amy a z\u00edskejte spr\u00e1vnou odpov\u011b\u010f a kup\u00f3n na vape!<\/strong><\/p>\n<p><img loading=\"lazy\" decoding=\"async\" class=\"size-full wp-image-2375\" src=\"https:\/\/rmvapesale.com\/wp-content\/uploads\/2024\/10\/image.png\" alt=\"Nejlep\u0161\u00ed jednor\u00e1zov\u00e1 e-cigareta\" width=\"229\" height=\"300\" \/><\/p>\n<h3><a href=\"https:\/\/wa.me\/8617776015835\"><span style=\"color: #ff0000\"><strong>WhatsApp: +86 17776015835<\/strong><\/span><\/a><\/h3>\n<p>&nbsp;<\/p>","protected":false},"featured_media":2995,"comment_status":"open","ping_status":"closed","template":"","meta":{"_uag_custom_page_level_css":"","_lmt_disableupdate":"no","_lmt_disable":"","site-sidebar-layout":"default","site-content-layout":"content-boxed-container","ast-site-content-layout":"normal-width-container","site-content-style":"boxed","site-sidebar-style":"unboxed","ast-global-header-display":"","ast-banner-title-visibility":"","ast-main-header-display":"","ast-hfb-above-header-display":"","ast-hfb-below-header-display":"","ast-hfb-mobile-header-display":"","site-post-title":"","ast-breadcrumbs-content":"","ast-featured-img":"","footer-sml-layout":"","theme-transparent-header-meta":"default","adv-header-id-meta":"","stick-header-meta":"","header-above-stick-meta":"","header-main-stick-meta":"","header-below-stick-meta":"","astra-migrate-meta-layouts":"set","ast-page-background-enabled":"default","ast-page-background-meta":{"desktop":{"background-color":"var(--ast-global-color-4)","background-image":"","background-repeat":"repeat","background-position":"center center","background-size":"auto","background-attachment":"scroll","background-type":"","background-media":"","overlay-type":"","overlay-color":"","overlay-opacity":"","overlay-gradient":""},"tablet":{"background-color":"","background-image":"","background-repeat":"repeat","background-position":"center center","background-size":"auto","background-attachment":"scroll","background-type":"","background-media":"","overlay-type":"","overlay-color":"","overlay-opacity":"","overlay-gradient":""},"mobile":{"background-color":"","background-image":"","background-repeat":"repeat","background-position":"center center","background-size":"auto","background-attachment":"scroll","background-type":"","background-media":"","overlay-type":"","overlay-color":"","overlay-opacity":"","overlay-gradient":""}},"ast-content-background-meta":{"desktop":{"background-color":"var(--ast-global-color-5)","background-image":"","background-repeat":"repeat","background-position":"center center","background-size":"auto","background-attachment":"scroll","background-type":"","background-media":"","overlay-type":"","overlay-color":"","overlay-opacity":"","overlay-gradient":""},"tablet":{"background-color":"var(--ast-global-color-5)","background-image":"","background-repeat":"repeat","background-position":"center center","background-size":"auto","background-attachment":"scroll","background-type":"","background-media":"","overlay-type":"","overlay-color":"","overlay-opacity":"","overlay-gradient":""},"mobile":{"background-color":"var(--ast-global-color-5)","background-image":"","background-repeat":"repeat","background-position":"center center","background-size":"auto","background-attachment":"scroll","background-type":"","background-media":"","overlay-type":"","overlay-color":"","overlay-opacity":"","overlay-gradient":""}},"_joinchat":[]},"product_brand":[],"product_cat":[15,289,291,292,293,295,299,279,246,25,123,26,28,135,27,60,137,136,30],"product_tag":[308,76,199,146,64,40,111,306],"class_list":{"0":"post-3015","1":"product","2":"type-product","3":"status-publish","4":"has-post-thumbnail","6":"product_cat-new-vape-this-week","7":"product_cat-big-puffs-disposable-vapes","8":"product_cat-dual-mesh-disposable-vapes","9":"product_cat-digital-disposable-vapes","10":"product_cat-low-nicotine-disposable-vapes","11":"product_cat-rechargeable-disposable-vapes","12":"product_cat-smart-screen-disposable-vapes","13":"product_cat-bang-king-vape","14":"product_cat-35000-puffs-disposable-vape","15":"product_cat-germany-best-selling-vape","16":"product_cat-italy-wholesale-vape","17":"product_cat-netherlands-hot-sale-vape","18":"product_cat-poland-hot-sale-vape","19":"product_cat-spain-best-hot-sale-vape","20":"product_cat-fance-hot-sale-vape","21":"product_cat-bang-vapes","22":"product_cat-rechargeable-vapes","23":"product_cat-smart-screen-vapes","24":"product_cat-minimum-order-quantity-50pcs","25":"product_tag-bang-king-35000","26":"product_tag-bang-king-vape","27":"product_tag-bang-vape","28":"product_tag-best-hot-sale-vape","29":"product_tag-dual-flavour-vape","30":"product_tag-hot-sale-vape","31":"product_tag-low-nicotine-disposable-vape","32":"product_tag-puff-bar","33":"desktop-align-left","34":"tablet-align-left","35":"mobile-align-left","37":"first","38":"instock","39":"sale","40":"shipping-taxable","41":"purchasable","42":"product-type-simple"},"uagb_featured_image_src":{"full":["https:\/\/rmvapesale.com\/wp-content\/uploads\/2025\/01\/Bang-King-35k-Puffs-Disposable-Vapes-Wholesale.webp",800,800,false],"thumbnail":["https:\/\/rmvapesale.com\/wp-content\/uploads\/2025\/01\/Bang-King-35k-Puffs-Disposable-Vapes-Wholesale-150x150.webp",150,150,true],"medium":["https:\/\/rmvapesale.com\/wp-content\/uploads\/2025\/01\/Bang-King-35k-Puffs-Disposable-Vapes-Wholesale-300x300.webp",300,300,true],"medium_large":["https:\/\/rmvapesale.com\/wp-content\/uploads\/2025\/01\/Bang-King-35k-Puffs-Disposable-Vapes-Wholesale-768x768.webp",768,768,true],"large":["https:\/\/rmvapesale.com\/wp-content\/uploads\/2025\/01\/Bang-King-35k-Puffs-Disposable-Vapes-Wholesale.webp",800,800,false],"1536x1536":["https:\/\/rmvapesale.com\/wp-content\/uploads\/2025\/01\/Bang-King-35k-Puffs-Disposable-Vapes-Wholesale.webp",800,800,false],"2048x2048":["https:\/\/rmvapesale.com\/wp-content\/uploads\/2025\/01\/Bang-King-35k-Puffs-Disposable-Vapes-Wholesale.webp",800,800,false],"trp-custom-language-flag":["https:\/\/rmvapesale.com\/wp-content\/uploads\/2025\/01\/Bang-King-35k-Puffs-Disposable-Vapes-Wholesale.webp",12,12,false],"woocommerce_thumbnail":["https:\/\/rmvapesale.com\/wp-content\/uploads\/2025\/01\/Bang-King-35k-Puffs-Disposable-Vapes-Wholesale-300x300.webp",300,300,true],"woocommerce_single":["https:\/\/rmvapesale.com\/wp-content\/uploads\/2025\/01\/Bang-King-35k-Puffs-Disposable-Vapes-Wholesale-600x600.webp",600,600,true],"woocommerce_gallery_thumbnail":["https:\/\/rmvapesale.com\/wp-content\/uploads\/2025\/01\/Bang-King-35k-Puffs-Disposable-Vapes-Wholesale-100x100.webp",100,100,true],"wcpr-photo-reviews":["https:\/\/rmvapesale.com\/wp-content\/uploads\/2025\/01\/Bang-King-35k-Puffs-Disposable-Vapes-Wholesale.webp",500,500,false]},"uagb_author_info":{"display_name":"AMY","author_link":"https:\/\/rmvapesale.com\/cs\/author\/"},"uagb_comment_info":0,"uagb_excerpt":"Bang King 35000 Puff\u00a0 Bar Rechargeable Disposable Vape Cheap Price Bang King 35k Puff Popular Disposable Vape Pen Bulk Buy BangKing 35000 Puff LED Display Smart Screen Disposable Vape Wholesale Contact Amy to get right reply and vape coupon! WhatsApp: +86 17776015835 &nbsp;","_links":{"self":[{"href":"https:\/\/rmvapesale.com\/cs\/wp-json\/wp\/v2\/product\/3015","targetHints":{"allow":["GET"]}}],"collection":[{"href":"https:\/\/rmvapesale.com\/cs\/wp-json\/wp\/v2\/product"}],"about":[{"href":"https:\/\/rmvapesale.com\/cs\/wp-json\/wp\/v2\/types\/product"}],"replies":[{"embeddable":true,"href":"https:\/\/rmvapesale.com\/cs\/wp-json\/wp\/v2\/comments?post=3015"}],"wp:featuredmedia":[{"embeddable":true,"href":"https:\/\/rmvapesale.com\/cs\/wp-json\/wp\/v2\/media\/2995"}],"wp:attachment":[{"href":"https:\/\/rmvapesale.com\/cs\/wp-json\/wp\/v2\/media?parent=3015"}],"wp:term":[{"taxonomy":"product_brand","embeddable":true,"href":"https:\/\/rmvapesale.com\/cs\/wp-json\/wp\/v2\/product_brand?post=3015"},{"taxonomy":"product_cat","embeddable":true,"href":"https:\/\/rmvapesale.com\/cs\/wp-json\/wp\/v2\/product_cat?post=3015"},{"taxonomy":"product_tag","embeddable":true,"href":"https:\/\/rmvapesale.com\/cs\/wp-json\/wp\/v2\/product_tag?post=3015"}],"curies":[{"name":"wp","href":"https:\/\/api.w.org\/{rel}","templated":true}]}}