{"id":3017,"date":"2025-02-04T08:19:58","date_gmt":"2025-02-04T08:19:58","guid":{"rendered":"https:\/\/rmvapesale.com\/?post_type=product&#038;p=3017"},"modified":"2025-08-21T11:39:48","modified_gmt":"2025-08-21T11:39:48","slug":"uwin-crystal-35000-smart-screen-disposable-vape-puff-35k-rechargeable-disposable-vape-pen-bulk-buy","status":"publish","type":"product","link":"https:\/\/rmvapesale.com\/cs\/product\/uwin-crystal-35000-smart-screen-disposable-vape-puff-35k-rechargeable-disposable-vape-pen-bulk-buy\/","title":{"rendered":"Uwin 35000 Chytr\u00e1 obrazovka Jednor\u00e1zov\u00e1 Vape Puff 35k Dob\u00edjec\u00ed Jednor\u00e1zov\u00e1 Vape Pen Hromadn\u00fd n\u00e1kup"},"content":{"rendered":"<div class=\"B2VR9 CJHX3e\">\n<div class=\"wyccme\">\n<div class=\"flex-shrink-0 flex flex-col relative items-end\">\n<div class=\"pt-0\">\n<div class=\"gizmo-bot-avatar flex h-8 w-8 items-center justify-center overflow-hidden rounded-full\">\n<div class=\"relative p-1 rounded-sm flex items-center justify-center bg-token-main-surface-primary text-token-text-primary h-8 w-8\">\n<div class=\"flex-shrink-0 flex flex-col relative items-end\">\n<div class=\"pt-0\">\n<div class=\"gizmo-bot-avatar flex h-8 w-8 items-center justify-center overflow-hidden rounded-full\">\n<div class=\"flex-shrink-0 flex flex-col relative items-end\">\n<div class=\"pt-0\">\n<div class=\"gizmo-bot-avatar flex h-8 w-8 items-center justify-center overflow-hidden rounded-full\">\n<h1 class=\"relative p-1 rounded-sm flex items-center justify-center bg-token-main-surface-primary text-token-text-primary h-8 w-8\">Uwin 35000 Chytr\u00e1 obrazovka Jednor\u00e1zov\u00e1 Vape Puff 35k Dob\u00edjec\u00ed Jednor\u00e1zov\u00e1 Vape Pen Hromadn\u00fd n\u00e1kup<\/h1>\n<\/div>\n<\/div>\n<\/div>\n<\/div>\n<\/div>\n<\/div>\n<\/div>\n<\/div>\n<\/div>\n<\/div>\n<div class=\"group\/conversation-turn relative flex w-full min-w-0 flex-col agent-turn\">\n<div class=\"flex-col gap-1 md:gap-3\">\n<div class=\"flex max-w-full flex-col flex-grow\">\n<div class=\"min-h-8 text-message flex w-full flex-col items-end gap-2 whitespace-normal break-words text-start [.text-message+&amp;]:mt-5\" dir=\"auto\" data-message-author-role=\"assistant\" data-message-id=\"80ece0c4-ead1-4ed9-a9f0-ddc22582b4f4\" data-message-model-slug=\"gpt-4o\">\n<p>Tento <strong>Uwin Crystal 35000, jednor\u00e1zov\u00e1 e-cigareta s inteligentn\u00edm displejem<\/strong>, kter\u00e1 m\u011bn\u00ed pravidla hry ve sv\u011bt\u011b <strong>dob\u00edjec\u00edch jednor\u00e1zov\u00fdch e-cigaret<\/strong>. S neuv\u011b\u0159iteln\u00fdmi <strong>35 000 pot\u00e1hnut\u00ed<\/strong>je toto za\u0159\u00edzen\u00ed navr\u017eeno pro vapery, kte\u0159\u00ed tou\u017e\u00ed po <strong>dlouhotrvaj\u00edc\u00edm v\u00fdkonu, p\u0159izp\u016fsobiteln\u00e9m proud\u011bn\u00ed vzduchu a \u017eiv\u00e9m RGB osv\u011btlen\u00ed, kter\u00e9 se p\u0159izp\u016fsobuje hudb\u011b<\/strong>, a dod\u00e1v\u00e1 ka\u017ed\u00e9 relaci s e-cigaretou n\u00e1dech vzru\u0161en\u00ed.<\/p>\n<p>P\u0159edpln\u011bn\u00fd va\u0161\u00edm obl\u00edben\u00fdm e-liquidem, Uwin Crystal nab\u00edz\u00ed <strong>16 jedine\u010dn\u00fdch p\u0159\u00edchut\u00ed<\/strong>, co\u017e zaji\u0161\u0165uje, \u017ee si ka\u017ed\u00fd najde to sv\u00e9. A\u0165 u\u017e preferujete <strong>e-cigaretu s n\u00edzk\u00fdm obsahem nikotinu<\/strong> nebo pro intenzivn\u011bj\u0161\u00ed z\u00e1\u017eitek je tento vape pero k dispozici v <strong>0%, 2%, 3% a 5% nikotinov\u00fdch \u00farovn\u00edch<\/strong>, co\u017e je ide\u00e1ln\u00ed pro v\u0161echny preference.<\/p>\n<p>Tento <strong>chytr\u00fd displej<\/strong> umo\u017e\u0148uje snadno sledovat stav baterie a po\u010det pot\u00e1hnut\u00ed, tak\u017ee m\u00e1te v\u017edy v\u0161e pod kontrolou. Za\u0159\u00edzen\u00ed je nap\u00e1jeno <strong>650mAh dob\u00edjec\u00ed kobaltovou bateri\u00ed<\/strong>, podporuje <strong>rychl\u00e9 nab\u00edjen\u00ed Type-C<\/strong>, tak\u017ee m\u016f\u017eete rychle dob\u00edt a pokra\u010dovat v vapov\u00e1n\u00ed.<\/p>\n<p>Navr\u017eeno s <strong>1.0\u03a9 mesh spir\u00e1lkou<\/strong>, Uwin Crystal poskytuje hladkou, konzistentn\u00ed p\u00e1ru s bohatou chut\u00ed p\u0159i ka\u017ed\u00e9m pot\u00e1hnut\u00ed. Funkce <strong>nastaviteln\u00e9ho proud\u011bn\u00ed vzduchu<\/strong> v\u00e1m umo\u017e\u0148uje p\u0159izp\u016fsobit si n\u00e1dech pro t\u011bsn\u011bj\u0161\u00ed nebo voln\u011bj\u0161\u00ed pot\u00e1hnut\u00ed, co\u017e nab\u00edz\u00ed flexibilitu pro MTL i DTL vapery.<\/p>\n<p>Ide\u00e1ln\u00ed pro <strong>velkoobchodn\u00ed kupuj\u00edc\u00ed jednor\u00e1zov\u00fdch vap\u016f<\/strong>, ka\u017ed\u00fd karton obsahuje <strong>160 kus\u016f<\/strong>, s celkovou hmotnost\u00ed <strong>21 kg<\/strong>, co\u017e z n\u011bj \u010din\u00ed cenov\u011b efektivn\u00ed \u0159e\u0161en\u00ed pro maloobchodn\u00edky, kte\u0159\u00ed cht\u011bj\u00ed <strong>nakupovat jednor\u00e1zov\u00e9 vaporiz\u00e9ry ve velk\u00e9m za velkoobchodn\u00ed ceny<\/strong>.<\/p>\n<\/div>\n<\/div>\n<\/div>\n<\/div>\n<div class=\"flex-shrink-0 flex flex-col relative items-end\">\n<div class=\"pt-0\">\n<div class=\"gizmo-bot-avatar flex h-8 w-8 items-center justify-center overflow-hidden rounded-full\">\n<p>&nbsp;<\/p>\n<\/div>\n<\/div>\n<\/div>\n<\/div>\n<\/div>\n<p><strong>Kontaktujte Amy a z\u00edskejte spr\u00e1vnou odpov\u011b\u010f a kup\u00f3n na vape!<\/strong><\/p>\n<p><img loading=\"lazy\" decoding=\"async\" class=\"size-full wp-image-1978\" src=\"https:\/\/rmvapesale.com\/wp-content\/uploads\/2024\/09\/Disposable-Vape-Wholesale.jpg\" alt=\"Jednor\u00e1zov\u00e1 e-cigareta velkoobchod\" width=\"229\" height=\"300\" \/><\/p>\n<h3><a href=\"https:\/\/wa.me\/8617776015835\" target=\"_blank\" rel=\"noopener\"><span style=\"color: #ff0000\"><strong>WhatsApp: +86 17776015835<\/strong><\/span><\/a><\/h3>\n<h3><\/h3>\n<h3><strong style=\"font-size: 1.7em\">Uwin 35000 pot\u00e1hnut\u00ed, kl\u00ed\u010dov\u00e9 vlastnosti produktu<\/strong><\/h3>\n<ul>\n<li><strong>Kapacita 35 000 pot\u00e1hnut\u00ed:<\/strong> U\u017eijte si prodlou\u017een\u00e9 vapov\u00e1n\u00ed bez p\u0159eru\u0161en\u00ed.<\/li>\n<li><strong>S\u00edla nikotinu:<\/strong> K dispozici v 0%, 2%, 3% a 5%, aby vyhovovala va\u0161im preferenc\u00edm vapov\u00e1n\u00ed.<\/li>\n<li><strong>650mAh dob\u00edjec\u00ed baterie:<\/strong> Kobaltov\u00e1 baterie s rychl\u00fdm nab\u00edjen\u00edm Type-C pro dlouhotrvaj\u00edc\u00ed energii.<\/li>\n<li><strong>Displej s chytr\u00fdm displejem:<\/strong> Snadno sledujte stav baterie a po\u010det potah\u016f.<\/li>\n<li><strong>16 p\u0159\u00edchut\u00ed:<\/strong> \u0160irok\u00e1 \u0161k\u00e1la p\u0159\u00edchut\u00ed, kter\u00e9 vyhovuj\u00ed ka\u017ed\u00e9mu vkusu.<\/li>\n<li><strong>1,0\u03a9 mesh spir\u00e1lka:<\/strong> Zaji\u0161\u0165uje hladkou produkci p\u00e1ry a konzistentn\u00ed pod\u00e1n\u00ed chuti.<\/li>\n<li><strong>Nastaviteln\u00e9 ovl\u00e1d\u00e1n\u00ed proud\u011bn\u00ed vzduchu:<\/strong> P\u0159izp\u016fsobte si z\u00e1\u017eitek z vapov\u00e1n\u00ed s lehkost\u00ed.<\/li>\n<li><strong>RGB sv\u011btla synchronizovan\u00e1 s hudbou:<\/strong> Dynamick\u00e9 osv\u011btlen\u00ed podtrhuje v\u00e1\u0161 styl vapov\u00e1n\u00ed.<\/li>\n<li><strong>Mo\u017enost hromadn\u00e9ho n\u00e1kupu:<\/strong> 160 ks v kartonu, ide\u00e1ln\u00ed pro velkoobchodn\u00ed odb\u011bratele.<\/li>\n<\/ul>\n<figure id=\"attachment_3002\" aria-describedby=\"caption-attachment-3002\" style=\"width: 1024px\" class=\"wp-caption alignnone\"><img loading=\"lazy\" decoding=\"async\" class=\"wp-image-3002 size-large\" src=\"https:\/\/rmvapesale.com\/wp-content\/uploads\/2025\/01\/Tornado-Vape-35000-Puffs-Disposable-Vape-1024x1024.jpg\" alt=\"Tornado Vape 35000 potah\u016f jednor\u00e1zov\u00e1 e-cigareta\" width=\"1024\" height=\"1024\" srcset=\"https:\/\/rmvapesale.com\/wp-content\/uploads\/2025\/01\/Tornado-Vape-35000-Puffs-Disposable-Vape-1024x1024.jpg 1024w, https:\/\/rmvapesale.com\/wp-content\/uploads\/2025\/01\/Tornado-Vape-35000-Puffs-Disposable-Vape-300x300.jpg 300w, https:\/\/rmvapesale.com\/wp-content\/uploads\/2025\/01\/Tornado-Vape-35000-Puffs-Disposable-Vape-150x150.jpg 150w, https:\/\/rmvapesale.com\/wp-content\/uploads\/2025\/01\/Tornado-Vape-35000-Puffs-Disposable-Vape-768x768.jpg 768w, https:\/\/rmvapesale.com\/wp-content\/uploads\/2025\/01\/Tornado-Vape-35000-Puffs-Disposable-Vape-600x600.jpg 600w, https:\/\/rmvapesale.com\/wp-content\/uploads\/2025\/01\/Tornado-Vape-35000-Puffs-Disposable-Vape-100x100.jpg 100w, https:\/\/rmvapesale.com\/wp-content\/uploads\/2025\/01\/Tornado-Vape-35000-Puffs-Disposable-Vape.jpg 1126w\" sizes=\"auto, (max-width: 1024px) 100vw, 1024px\" \/><figcaption id=\"caption-attachment-3002\" class=\"wp-caption-text\">Tornado Vape 35000 potah\u016f jednor\u00e1zov\u00e1 e-cigareta<\/figcaption><\/figure>\n<h3><strong style=\"font-size: 1.7em\">Nejprod\u00e1van\u011bj\u0161\u00ed p\u0159\u00edchut\u011b pro Uwin 35000 potah\u016f<\/strong><strong style=\"font-size: 1.7em\">\u00a0Vape<\/strong><\/h3>\n<p>1. Bor\u016fvka Malina <span style=\"color: #ff0000\"><strong>&gt;&gt;&gt; \u017dhav\u00e9 !<\/strong><\/span><br \/>\n2.Hroznov\u00e9 v\u00edno ledov\u00e9<br \/>\n3. Jahoda Vodn\u00ed meloun <span style=\"color: #ff0000\"><strong>&gt;&gt;&gt; \u017dhav\u00e9 !<\/strong><\/span><br \/>\n4.Bor\u016fvky na ledu<br \/>\n5.Vodn\u00ed meloun ledov\u00fd<br \/>\n6.T\u0159e\u0161e\u0148 ledov\u00e1<br \/>\n7.Jahoda malina t\u0159e\u0161e\u0148 ledov\u00e1 <span style=\"color: #ff0000\"><strong>&gt;&gt;&gt; \u017dhav\u00e9 !<\/strong><\/span><br \/>\n8. Kiwi Maracuja Guava<br \/>\n9. Jahoda s Ledem<br \/>\n10. Broskev Mango Ananas<br \/>\n11. Bor\u016fvka T\u0159e\u0161e\u0148 Brusinka <span style=\"color: #ff0000\"><strong>&gt;&gt;&gt; \u017dhav\u00e9 !<\/strong><\/span><br \/>\n12. Broskvov\u00e9 bobule<br \/>\n13. T\u0159e\u0161\u0148ov\u00e1 Cola<br \/>\n14. Sm\u00ed\u0161en\u00e9 bobule <span style=\"color: #ff0000\"><strong>&gt;&gt;&gt; Nejlep\u0161\u00ed!<\/strong><\/span><br \/>\n15. Pan Modr\u00fd <span style=\"color: #ff0000\"><strong>&gt;&gt;&gt; \u017dhav\u00e9 !<\/strong><\/span><br \/>\n16. Letn\u00ed broskvov\u00e1 ledov\u00e1<\/p>\n<p>Tento <strong>Uwin Crystal 35000, jednor\u00e1zov\u00e1 e-cigareta s inteligentn\u00edm displejem<\/strong> je vynikaj\u00edc\u00ed volbou pro vapery, kte\u0159\u00ed po\u017eaduj\u00ed <strong>vysok\u00fd v\u00fdkon, bohat\u00e9 chut\u011b a pokro\u010dil\u00e9 funkce<\/strong>. A\u0165 u\u017e nakupujete pro sebe, nebo se chyst\u00e1te <strong>nakoupit ve velk\u00e9m<\/strong>, tento vape p\u0159in\u00e1\u0161\u00ed vynikaj\u00edc\u00ed hodnotu za bezkonkuren\u010dn\u00ed cenu. Objednejte si ho je\u0161t\u011b dnes a u\u017eijte si dokonal\u00fd z\u00e1\u017eitek z vapinguUwin 35000 Jednor\u00e1zov\u00fd vape s chytr\u00fdm displejem 35k Dob\u00edjec\u00ed jednor\u00e1zov\u00e9 vape pero Velkoobchodn\u00ed n\u00e1kup<\/p>\n<h3><strong>Pro\u010d si vybrat Rmvapesale pro Uwin 35000\u00a0 <\/strong><strong>V<\/strong><strong>ape Velkoobchod<\/strong><strong>?<\/strong><\/h3>\n<div class=\"flex-shrink-0 flex flex-col relative items-end\">\n<div class=\"pt-0\">\n<div class=\"gizmo-bot-avatar flex h-8 w-8 items-center justify-center overflow-hidden rounded-full\">\n<p>S rostouc\u00ed konkurenc\u00ed na trhu jednor\u00e1zov\u00fdch e-cigaret uvedla spole\u010dnost Rmvapesale, glob\u00e1ln\u00ed l\u00eddr v oblasti velkoobchodn\u00edch \u0159e\u0161en\u00ed jednor\u00e1zov\u00fdch vape, na trh Uwin 35000 Smart Screen Disposable Vape. Tento pr\u016fkopnick\u00fd produkt p\u0159itahuje pozornost sv\u00fdm jedine\u010dn\u00fdm estetick\u00fdm a m\u00f3dn\u00edm designem. D\u00edky rozs\u00e1hl\u00e9 \u0161k\u00e1le mo\u017enost\u00ed ovocn\u00fdch p\u0159\u00edchut\u00ed uspokoj\u00ed \u0161irok\u00e9 spektrum spot\u0159ebitelsk\u00fdch chut\u00ed a z\u00e1rove\u0148 klade d\u016fraz na inovaci a v\u0161estrannost.<\/p>\n<p class=\"relative p-1 rounded-sm flex items-center justify-center bg-token-main-surface-primary text-token-text-primary h-8 w-8\">Rmvapesale je v\u00e1\u0161 d\u016fv\u011bryhodn\u00fd obchod s pr\u00e9miov\u00fdmi jednor\u00e1zov\u00fdmi vape. S v\u00edce ne\u017e 5 lety zku\u0161enost\u00ed v\u00e1m p\u0159in\u00e1\u0161\u00edme obl\u00edben\u00e9 zna\u010dky jednor\u00e1zov\u00fdch vape, jako jsou Al Fakher, JNR Vape, Vapsolo Vape, Vapme Vape, <a href=\"https:\/\/rmvapesale.com\/cs\/product-category\/bang-vapes\/\">Bang Vape<\/a>, Waspe Vape, WGA Vape a<a href=\"https:\/\/rmvapesale.com\/cs\/product-category\/randm-fumot-vape\/\"> RandM Vape<\/a>. Na\u0161e nab\u00eddka zahrnuje \u017ehav\u00e9 jednor\u00e1zov\u00e9 vape, jako je <a href=\"https:\/\/rmvapesale.com\/cs\/product\/vozol-gear-power-20000-puff-disposable-vape\/\">Vozol Gear 20000 Puffs<\/a> a chu\u0165ov\u011b bohat\u00e9 mo\u017enosti, jako je<a href=\"https:\/\/rmvapesale.com\/cs\/product\/elf-box-shisha-16000-puffs-led-display-disposable-vape\/\"> ELF BOX shisha Hooka 16000 \u0160LUK\u016e<\/a>. Ka\u017ed\u00fd produkt je vyb\u00edr\u00e1n s d\u016frazem na kvalitu, hodnotu a rozmanitost, abyste si zajistili dokonalou shodu pro va\u0161e pot\u0159eby. Objevte v\u00fdjime\u010dn\u00e9 slu\u017eby a \u0161irokou \u0161k\u00e1lu \u0161pi\u010dkov\u00fdch produkt\u016f na Rmvapesale.<\/p>\n<p class=\"relative p-1 rounded-sm flex items-center justify-center bg-token-main-surface-primary text-token-text-primary h-8 w-8\"><b style=\"font-size: 1.5em;font-style: inherit\">\u010casto kladen\u00e9 dotazy k Uwin 35000 <\/b><b style=\"font-size: 1.5em;font-style: inherit\">Dob\u00edjec\u00ed jednor\u00e1zov\u00e1 vapka<\/b><\/p>\n<ol>\n<li><strong>Kde mohu koupit jednor\u00e1zovou vapku Uwin Crystal 35000 za velkoobchodn\u00ed ceny?<\/strong>\n<ul>\n<li>M\u016f\u017eete si ji zakoupit za tov\u00e1rn\u00ed ceny od <a href=\"https:\/\/rmvapesale.com\/cs\/\" target=\"_new\" rel=\"noopener\">Rmvapesale<\/a>, va\u0161eho d\u016fv\u011bryhodn\u00e9ho zdroje pro velkoobchodn\u00ed jednor\u00e1zov\u00e9 vapky.<\/li>\n<\/ul>\n<\/li>\n<li><strong>Je jednor\u00e1zov\u00e1 vapka Uwin Crystal 35000 dob\u00edjec\u00ed?<\/strong>\n<ul>\n<li>Ano, je vybavena 650mAh dob\u00edjec\u00ed kobaltovou bateri\u00ed s nab\u00edjec\u00edm portem Type-C pro rychl\u00e9 dob\u00edjen\u00ed.<\/li>\n<\/ul>\n<\/li>\n<li><strong>Jak\u00e9 s\u00edly nikotinu jsou pro tuto vapku k dispozici?<\/strong>\n<ul>\n<li>Uwin Crystal se dod\u00e1v\u00e1 ve \u010dty\u0159ech sil\u00e1ch nikotinu: 0%, 2%, 3% a 5%, co\u017e vyhovuje r\u016fzn\u00fdm preferenc\u00edm vapingu.<\/li>\n<\/ul>\n<\/li>\n<li><strong>Jak funguje inteligentn\u00ed displej?<\/strong>\n<ul>\n<li>Obrazovka poskytuje aktu\u00e1ln\u00ed informace o po\u010dtu pot\u00e1hnut\u00ed a stavu baterie, abyste m\u011bli v\u017edy p\u0159ehled.<\/li>\n<\/ul>\n<\/li>\n<li><strong>M\u00e1 Uwin Crystal nastaviteln\u00fd pr\u016ftok vzduchu?<\/strong>\n<ul>\n<li>Ano, obsahuje nastaviteln\u00fd syst\u00e9m pr\u016ftoku vzduchu, abyste si mohli p\u0159izp\u016fsobit sv\u016fj styl vapov\u00e1n\u00ed pro dokonal\u00fd potah.<\/li>\n<\/ul>\n<\/li>\n<\/ol>\n<\/div>\n<\/div>\n<\/div>\n<h2>Jak objednat?<\/h2>\n<div class=\"flex-shrink-0 flex flex-col relative items-end\">\n<div class=\"pt-0\">\n<div class=\"gizmo-bot-avatar flex h-8 w-8 items-center justify-center overflow-hidden rounded-full\">\n<div>\n<p><strong>1. Jak\u00e9 platebn\u00ed metody p\u0159ij\u00edm\u00e1te?<\/strong><br \/>\n<span class=\"selectable-text copyable-text false\">Pro platbu nab\u00edz\u00edme bankovn\u00ed p\u0159evod a Western Union. V\u011bt\u0161ina na\u0161ich z\u00e1kazn\u00edk\u016f v Evrop\u011b si vyb\u00edr\u00e1 bankovn\u00ed p\u0159evod, m\u00e1me m\u00edstn\u00ed bankovn\u00ed \u00fa\u010det, na kter\u00fd m\u016f\u017eete platit na n\u00e1\u0161 IBAN \u00fa\u010det bez manipula\u010dn\u00edho poplatku. <\/span>.<\/p>\n<p><strong>2. Jak mohu sledovat svou objedn\u00e1vku?<\/strong><br \/>\nPo odesl\u00e1n\u00ed bal\u00ed\u010dku <span class=\"selectable-text copyable-text false\">nab\u00eddneme sledovac\u00ed \u010d\u00edslo pro referenci a budeme v\u00e1s pr\u016fb\u011b\u017en\u011b informovat o stavu, dokud z\u00e1silku neobdr\u017e\u00edte<\/span>.<\/p>\n<p><strong>3. Jak dlouho trv\u00e1 doru\u010den\u00ed?<\/strong><\/p>\n<ul>\n<li>Doprava z <strong>\u010d\u00ednsk\u00fdch sklad\u016f<\/strong> trv\u00e1 p\u0159ibli\u017en\u011b <strong>7\u201314 pracovn\u00edch dn\u016f<\/strong>.<\/li>\n<li>Doprava z <strong>Evropsk\u00fdch sklad\u016f<\/strong> obvykle trv\u00e1 <strong>3\u20136 pracovn\u00edch dn\u016f<\/strong>.<\/li>\n<\/ul>\n<p><strong>4. Jak mohu z\u00edskat rychlej\u0161\u00ed doru\u010den\u00ed?<\/strong><br \/>\nPro rychlej\u0161\u00ed doru\u010den\u00ed doporu\u010dujeme objednat z na\u0161eho <strong>evropsk\u00e9ho skladu<\/strong>, kter\u00fd nab\u00edz\u00ed krat\u0161\u00ed dodac\u00ed lh\u016fty.<\/p>\n<p><strong>5. Co kdy\u017e obdr\u017e\u00edm po\u0161kozen\u00fd nebo vadn\u00fd produkt?<\/strong><br \/>\nPokud je va\u0161e zbo\u017e\u00ed po\u0161kozen\u00e9 nebo vadn\u00e9, kontaktujte z\u00e1kaznick\u00fd servis ohledn\u011b <strong>v\u00fdm\u011bny nebo vr\u00e1cen\u00ed pen\u011bz<\/strong>.<\/p>\n<p><strong>6. Jak mohu kontaktovat z\u00e1kaznick\u00fd servis?<\/strong><br \/>\nM\u016f\u017eete n\u00e1s kontaktovat p\u0159es<strong>\u00a0WhatsApp, nebo \u017eiv\u00fd chat<\/strong> na na\u0161ich webov\u00fdch str\u00e1nk\u00e1ch pro jakoukoli pomoc.<\/p>\n<\/div>\n<div class=\"relative p-1 rounded-sm flex items-center justify-center bg-token-main-surface-primary text-token-text-primary h-8 w-8\"><strong>7. Jak\u00e9 zp\u016fsoby dopravy se pou\u017e\u00edvaj\u00ed?<\/strong><\/div>\n<\/div>\n<\/div>\n<\/div>\n<div class=\"group\/conversation-turn relative flex w-full min-w-0 flex-col agent-turn\">\n<div class=\"flex-col gap-1 md:gap-3\">\n<div class=\"flex max-w-full flex-col flex-grow\">\n<div class=\"min-h-[20px] text-message flex w-full flex-col items-end gap-2 whitespace-normal break-words [.text-message+&amp;]:mt-5 overflow-x-auto\" dir=\"auto\" data-message-author-role=\"assistant\" data-message-id=\"22f8283b-3233-46ff-89a5-c7a41b33abda\">\n<div class=\"flex w-full flex-col gap-1 empty:hidden first:pt-[3px]\">\n<div class=\"markdown prose w-full break-words dark:prose-invert light\">\n<p>Spolupracujeme s UPS, DHL, FedEx, DPD a dal\u0161\u00edmi p\u0159edn\u00edmi p\u0159epravci. Vybereme nejlep\u0161\u00ed zp\u016fsob dopravy na z\u00e1klad\u011b va\u0161\u00ed doru\u010dovac\u00ed lokality, abychom zajistili, \u017ee sv\u00e9 produkty obdr\u017e\u00edte co nejrychleji.<\/p>\n<\/div>\n<\/div>\n<\/div>\n<\/div>\n<\/div>\n<\/div>\n<p>Naj\u00edt v\u00edce produkt\u016f pro vaping, kter\u00e9 by se v\u00e1m mohly l\u00edbit:<strong><em><a href=\"https:\/\/rmvapesale.com\/cs\/shop-2\/\">nakupujte nyn\u00ed &gt;&gt;&gt;<\/a><\/em><\/strong><\/p>","protected":false},"excerpt":{"rendered":"<p>Inteligentn\u00ed displej Vape Uwin 35000 pot\u00e1hnut\u00ed, jednor\u00e1zov\u00e1 e-cigareta s mo\u017enost\u00ed dob\u00edjen\u00ed, levn\u00e1 cena<br \/>\nUwin 35000 pot\u00e1hnut\u00ed, obl\u00edben\u00e1 jednor\u00e1zov\u00e1 e-cigareta, velkoobjemov\u00fd n\u00e1kup<br \/>\nNejlep\u0161\u00ed Uwin 35000, 35 tis\u00edc pot\u00e1hnut\u00ed, LED displej, inteligentn\u00ed obrazovka, jednor\u00e1zov\u00e1 e-cigareta, velkoobchod<\/p>\n<p><strong>Kontaktujte Amy a z\u00edskejte spr\u00e1vnou odpov\u011b\u010f a kup\u00f3n na vape!<\/strong><\/p>\n<p><img loading=\"lazy\" decoding=\"async\" class=\"size-full wp-image-2375\" src=\"https:\/\/rmvapesale.com\/wp-content\/uploads\/2024\/10\/image.png\" alt=\"Nejlep\u0161\u00ed jednor\u00e1zov\u00e1 e-cigareta\" width=\"229\" height=\"300\" \/><\/p>\n<h3><a href=\"https:\/\/wa.me\/8617776015835\"><span style=\"color: #ff0000\"><strong>WhatsApp: +86 17776015835<\/strong><\/span><\/a><\/h3>\n<p>&nbsp;<\/p>","protected":false},"featured_media":3001,"comment_status":"open","ping_status":"closed","template":"","meta":{"_uag_custom_page_level_css":"","_lmt_disableupdate":"no","_lmt_disable":"","site-sidebar-layout":"default","site-content-layout":"content-boxed-container","ast-site-content-layout":"normal-width-container","site-content-style":"boxed","site-sidebar-style":"unboxed","ast-global-header-display":"","ast-banner-title-visibility":"","ast-main-header-display":"","ast-hfb-above-header-display":"","ast-hfb-below-header-display":"","ast-hfb-mobile-header-display":"","site-post-title":"","ast-breadcrumbs-content":"","ast-featured-img":"","footer-sml-layout":"","theme-transparent-header-meta":"default","adv-header-id-meta":"","stick-header-meta":"","header-above-stick-meta":"","header-main-stick-meta":"","header-below-stick-meta":"","astra-migrate-meta-layouts":"set","ast-page-background-enabled":"default","ast-page-background-meta":{"desktop":{"background-color":"var(--ast-global-color-4)","background-image":"","background-repeat":"repeat","background-position":"center center","background-size":"auto","background-attachment":"scroll","background-type":"","background-media":"","overlay-type":"","overlay-color":"","overlay-opacity":"","overlay-gradient":""},"tablet":{"background-color":"","background-image":"","background-repeat":"repeat","background-position":"center center","background-size":"auto","background-attachment":"scroll","background-type":"","background-media":"","overlay-type":"","overlay-color":"","overlay-opacity":"","overlay-gradient":""},"mobile":{"background-color":"","background-image":"","background-repeat":"repeat","background-position":"center center","background-size":"auto","background-attachment":"scroll","background-type":"","background-media":"","overlay-type":"","overlay-color":"","overlay-opacity":"","overlay-gradient":""}},"ast-content-background-meta":{"desktop":{"background-color":"var(--ast-global-color-5)","background-image":"","background-repeat":"repeat","background-position":"center center","background-size":"auto","background-attachment":"scroll","background-type":"","background-media":"","overlay-type":"","overlay-color":"","overlay-opacity":"","overlay-gradient":""},"tablet":{"background-color":"var(--ast-global-color-5)","background-image":"","background-repeat":"repeat","background-position":"center center","background-size":"auto","background-attachment":"scroll","background-type":"","background-media":"","overlay-type":"","overlay-color":"","overlay-opacity":"","overlay-gradient":""},"mobile":{"background-color":"var(--ast-global-color-5)","background-image":"","background-repeat":"repeat","background-position":"center center","background-size":"auto","background-attachment":"scroll","background-type":"","background-media":"","overlay-type":"","overlay-color":"","overlay-opacity":"","overlay-gradient":""}},"_joinchat":[]},"product_brand":[],"product_cat":[15,289,291,292,293,295,299,282,246,25,123,26,28,135,27,137,136,30],"product_tag":[146,64,40,111,310,306,309],"class_list":{"0":"post-3017","1":"product","2":"type-product","3":"status-publish","4":"has-post-thumbnail","6":"product_cat-new-vape-this-week","7":"product_cat-big-puffs-disposable-vapes","8":"product_cat-dual-mesh-disposable-vapes","9":"product_cat-digital-disposable-vapes","10":"product_cat-low-nicotine-disposable-vapes","11":"product_cat-rechargeable-disposable-vapes","12":"product_cat-smart-screen-disposable-vapes","13":"product_cat-uwin-vape","14":"product_cat-35000-puffs-disposable-vape","15":"product_cat-germany-best-selling-vape","16":"product_cat-italy-wholesale-vape","17":"product_cat-netherlands-hot-sale-vape","18":"product_cat-poland-hot-sale-vape","19":"product_cat-spain-best-hot-sale-vape","20":"product_cat-fance-hot-sale-vape","21":"product_cat-rechargeable-vapes","22":"product_cat-smart-screen-vapes","23":"product_cat-minimum-order-quantity-50pcs","24":"product_tag-best-hot-sale-vape","25":"product_tag-dual-flavour-vape","26":"product_tag-hot-sale-vape","27":"product_tag-low-nicotine-disposable-vape","28":"product_tag-puff-35k","29":"product_tag-puff-bar","30":"product_tag-uwin-35000","31":"desktop-align-left","32":"tablet-align-left","33":"mobile-align-left","35":"first","36":"instock","37":"sale","38":"shipping-taxable","39":"purchasable","40":"product-type-simple"},"uagb_featured_image_src":{"full":["https:\/\/rmvapesale.com\/wp-content\/uploads\/2025\/01\/Tornado-Vape-35000-UWIN-Disposable-Vape.jpg",1126,1126,false],"thumbnail":["https:\/\/rmvapesale.com\/wp-content\/uploads\/2025\/01\/Tornado-Vape-35000-UWIN-Disposable-Vape-150x150.jpg",150,150,true],"medium":["https:\/\/rmvapesale.com\/wp-content\/uploads\/2025\/01\/Tornado-Vape-35000-UWIN-Disposable-Vape-300x300.jpg",300,300,true],"medium_large":["https:\/\/rmvapesale.com\/wp-content\/uploads\/2025\/01\/Tornado-Vape-35000-UWIN-Disposable-Vape-768x768.jpg",768,768,true],"large":["https:\/\/rmvapesale.com\/wp-content\/uploads\/2025\/01\/Tornado-Vape-35000-UWIN-Disposable-Vape-1024x1024.jpg",1024,1024,true],"1536x1536":["https:\/\/rmvapesale.com\/wp-content\/uploads\/2025\/01\/Tornado-Vape-35000-UWIN-Disposable-Vape.jpg",1126,1126,false],"2048x2048":["https:\/\/rmvapesale.com\/wp-content\/uploads\/2025\/01\/Tornado-Vape-35000-UWIN-Disposable-Vape.jpg",1126,1126,false],"trp-custom-language-flag":["https:\/\/rmvapesale.com\/wp-content\/uploads\/2025\/01\/Tornado-Vape-35000-UWIN-Disposable-Vape.jpg",12,12,false],"woocommerce_thumbnail":["https:\/\/rmvapesale.com\/wp-content\/uploads\/2025\/01\/Tornado-Vape-35000-UWIN-Disposable-Vape-300x300.jpg",300,300,true],"woocommerce_single":["https:\/\/rmvapesale.com\/wp-content\/uploads\/2025\/01\/Tornado-Vape-35000-UWIN-Disposable-Vape-600x600.jpg",600,600,true],"woocommerce_gallery_thumbnail":["https:\/\/rmvapesale.com\/wp-content\/uploads\/2025\/01\/Tornado-Vape-35000-UWIN-Disposable-Vape-100x100.jpg",100,100,true],"wcpr-photo-reviews":["https:\/\/rmvapesale.com\/wp-content\/uploads\/2025\/01\/Tornado-Vape-35000-UWIN-Disposable-Vape.jpg",500,500,false]},"uagb_author_info":{"display_name":"AMY","author_link":"https:\/\/rmvapesale.com\/cs\/author\/"},"uagb_comment_info":0,"uagb_excerpt":"Smart Screen Vape Uwin 35000 Puff\u00a0 Bar Rechargeable Disposable Vape Cheap Price Uwin 35000 Puff Popular Disposable Vape Pen Bulk Buy Best Uwin 35000 35k Puff LED Display Smart Screen Disposable Vape Wholesale Contact Amy to get right reply and vape coupon! WhatsApp: +86 17776015835 &nbsp;","_links":{"self":[{"href":"https:\/\/rmvapesale.com\/cs\/wp-json\/wp\/v2\/product\/3017","targetHints":{"allow":["GET"]}}],"collection":[{"href":"https:\/\/rmvapesale.com\/cs\/wp-json\/wp\/v2\/product"}],"about":[{"href":"https:\/\/rmvapesale.com\/cs\/wp-json\/wp\/v2\/types\/product"}],"replies":[{"embeddable":true,"href":"https:\/\/rmvapesale.com\/cs\/wp-json\/wp\/v2\/comments?post=3017"}],"wp:featuredmedia":[{"embeddable":true,"href":"https:\/\/rmvapesale.com\/cs\/wp-json\/wp\/v2\/media\/3001"}],"wp:attachment":[{"href":"https:\/\/rmvapesale.com\/cs\/wp-json\/wp\/v2\/media?parent=3017"}],"wp:term":[{"taxonomy":"product_brand","embeddable":true,"href":"https:\/\/rmvapesale.com\/cs\/wp-json\/wp\/v2\/product_brand?post=3017"},{"taxonomy":"product_cat","embeddable":true,"href":"https:\/\/rmvapesale.com\/cs\/wp-json\/wp\/v2\/product_cat?post=3017"},{"taxonomy":"product_tag","embeddable":true,"href":"https:\/\/rmvapesale.com\/cs\/wp-json\/wp\/v2\/product_tag?post=3017"}],"curies":[{"name":"wp","href":"https:\/\/api.w.org\/{rel}","templated":true}]}}