{"id":370,"date":"2021-08-20T11:50:58","date_gmt":"2021-08-20T11:50:58","guid":{"rendered":"https:\/\/rmvapesale.com\/product\/hybrid-cleansing-balm\/"},"modified":"2025-01-20T03:10:16","modified_gmt":"2025-01-20T03:10:16","slug":"randm-vape-al-fakher-10000-puffs-vape-wholesale","status":"publish","type":"product","link":"https:\/\/rmvapesale.com\/cs\/product\/randm-vape-al-fakher-10000-puffs-vape-wholesale\/","title":{"rendered":"Randm Vape Al Fakher 10000 PUFFS VAPE velkoobchodn\u00ed cena Fumot SHISHA 10K"},"content":{"rendered":"<h1><strong>Randm Vape Al Fakher 10000 PUFFS VAPE velkoobchodn\u00ed cena Fumot SHISHA 10K<\/strong><\/h1>\n<p>Randm Vape Al Fakher 10000 je revolu\u010dn\u00ed dob\u00edjec\u00ed DTL (Direct To Lung) Vape, kter\u00fd nov\u011b definuje dokonalost vapov\u00e1n\u00ed. D\u00edky LED indik\u00e1toru poskytuje aktu\u00e1ln\u00ed informace o hladin\u011b e-liquidu a nap\u00e1jen\u00ed, co\u017e zaji\u0161\u0165uje, \u017ee m\u00e1te v\u017edy v\u0161e pod kontrolou. S praktick\u00fdm portem Type-C, kter\u00fd se nach\u00e1z\u00ed na jeho z\u00e1kladn\u011b, je nab\u00edjen\u00ed tohoto vapa snadn\u00e9 a rychl\u00e9.<\/p>\n<p>P\u0159edpln\u011bn\u00fd 18ml e-liquidu, Shisha bar 10000 poskytuje s\u00edlu nikotinu 0,5 %, nab\u00edz\u00ed a\u017e \u00fa\u017easn\u00fdch 10 000 pot\u00e1hnut\u00ed v testovac\u00edm prost\u0159ed\u00ed. Ale nen\u00ed to jen o kvantit\u011b \u2013 tento vape se m\u016f\u017ee pochlubit technologi\u00ed Mesh Coil, kter\u00e1 integruje n\u00edzkoodporovou c\u00edvku 0,6 ohmu pro maxim\u00e1ln\u00ed povrch topen\u00ed. Rozlu\u010dte se se such\u00fdmi potahy a nerovnom\u011brn\u00fdm rozlo\u017een\u00edm chuti; design Mesh Coil zaji\u0161\u0165uje konzistentn\u00ed zah\u0159\u00edv\u00e1n\u00ed, co\u017e vede k hlad\u0161\u00edm potah\u016fm a bohat\u0161\u00ed produkci p\u00e1ry.<\/p>\n<p>Nyn\u00ed je tento Randm Vape Al Fakher \u017ehav\u00fdm prodejem ve v\u011bt\u0161in\u011b evropsk\u00fdch zem\u00ed, jako je N\u011bmecko, Nizozemsko, Francie, It\u00e1lie, \u0160v\u00fdcarsko, \u0160v\u00e9dsko, \u0160pan\u011blsko, Polsko, Belgie, Rakousko, Norsko, D\u00e1nsko atd., \u017ee je to dobr\u00e1 volba pro maloobchodn\u00edky, kte\u0159\u00ed hledaj\u00ed cenov\u011b v\u00fdhodn\u00fd jednor\u00e1zov\u00fd vape s hromadn\u00fdm n\u00e1kupem za velkoobchodn\u00ed cenu.<\/p>\n<p><strong>P\u0159idejte obchodn\u00edho mana\u017eera AMY whatsapp <a href=\"https:\/\/wa.me\/8617776015835\" target=\"_blank\" rel=\"noopener\">+86-17776015835<\/a> z\u00edskejte v\u011bt\u0161\u00ed slevu!<\/strong><\/p>\n<p><img loading=\"lazy\" decoding=\"async\" class=\"size-medium wp-image-1814\" src=\"https:\/\/rmvapesale.com\/wp-content\/uploads\/2024\/04\/whatsapp-amy-229x300.jpg\" alt=\"whatsapp amy\" width=\"229\" height=\"300\" srcset=\"https:\/\/rmvapesale.com\/wp-content\/uploads\/2024\/04\/whatsapp-amy-229x300.jpg 229w, https:\/\/rmvapesale.com\/wp-content\/uploads\/2024\/04\/whatsapp-amy-783x1024.jpg 783w, https:\/\/rmvapesale.com\/wp-content\/uploads\/2024\/04\/whatsapp-amy-768x1005.jpg 768w, https:\/\/rmvapesale.com\/wp-content\/uploads\/2024\/04\/whatsapp-amy-600x785.jpg 600w, https:\/\/rmvapesale.com\/wp-content\/uploads\/2024\/04\/whatsapp-amy.jpg 990w\" sizes=\"auto, (max-width: 229px) 100vw, 229px\" \/><\/p>\n<h2>Randm Vape Al Fakher 10000 potah\u016f FAQS<\/h2>\n<p><strong>1. Co je sou\u010d\u00e1st\u00ed balen\u00ed Randm Vape Al Fakher 10000 PUFFS VAPE &amp; Fumot SHISHA 10K?<\/strong><\/p>\n<ul>\n<li>Ka\u017ed\u00e9 balen\u00ed obsahuje jedno dob\u00edjec\u00ed DTL (Direct To Lung) Vape za\u0159\u00edzen\u00ed, p\u0159edpln\u011bn\u00e9 18 ml e-liquidu a s LED indik\u00e1torem. Balen\u00ed nav\u00edc obsahuje nab\u00edjec\u00ed kabel Type-C pro pohodln\u00e9 nab\u00edjen\u00ed.<\/li>\n<\/ul>\n<p><strong>2. Kolik potah\u016f mohu o\u010dek\u00e1vat od Fumot Vape Shisha 10000 Puff?<\/strong><\/p>\n<ul>\n<li>Shisha 10000 se m\u016f\u017ee pochlubit p\u016fsobiv\u00fdmi 10 000 potahy (v testovac\u00edm prost\u0159ed\u00ed), co\u017e poskytuje prodlou\u017een\u00e9 pou\u017e\u00edv\u00e1n\u00ed a trvalou spokojenost.<\/li>\n<\/ul>\n<p><strong>3. Jakou s\u00edlu nikotinu nab\u00edz\u00ed Randm Shisha 10000 potah\u016f?<\/strong><\/p>\n<ul>\n<li>Shisha 10000 je p\u0159edpln\u011bna e-liquidem s obsahem nikotinu 0,5 %, co\u017e nab\u00edz\u00ed vyv\u00e1\u017een\u00fd z\u00e1\u017eitek z vapov\u00e1n\u00ed.<\/li>\n<\/ul>\n<p><strong>4. Mohu si vybrat svou preferovanou p\u0159\u00edchu\u0165 s vape Fumot Shisha 10k?<\/strong><\/p>\n<ul>\n<li>Ano, naprosto! Shisha 10000 nab\u00edz\u00ed v\u00fdb\u011br z 34 p\u0159\u00edchut\u00ed, kter\u00e9 uspokoj\u00ed r\u016fzn\u00e9 preference a zajist\u00ed, \u017ee si ka\u017ed\u00fd najde n\u011bco pro sebe.<\/li>\n<\/ul>\n<p><strong>3. Jak technologie Mesh Coil vylep\u0161uje z\u00e1\u017eitek z vapov\u00e1n\u00ed?<\/strong><\/p>\n<ul>\n<li>Technologie Mesh Coil integrovan\u00e1 do Randm Vape Fumot Shisha 10000 se vyzna\u010duje n\u00edzkoodporovou c\u00edvkou 0,6 ohmu, kter\u00e1 maximalizuje povrch topen\u00ed pro hlad\u0161\u00ed potahy a bohat\u0161\u00ed produkci p\u00e1ry. Tato technologie zaji\u0161\u0165uje konzistentn\u00ed a rovnom\u011brn\u00e9 zah\u0159\u00edv\u00e1n\u00ed e-liquidu, co\u017e p\u0159in\u00e1\u0161\u00ed dokonal\u00fd chu\u0165ov\u00fd z\u00e1\u017eitek.<\/li>\n<\/ul>\n<p><strong>6. Je Fumot AI FAKHER <\/strong><strong>Shisha 10000 PUFFS snadno nab\u00edjet?<\/strong><\/p>\n<ul>\n<li>Ano, RANDM Shisha 10000 PUFFS m\u00e1 na sv\u00e9 z\u00e1kladn\u011b port Type-C pro rychl\u00e9 a pohodln\u00e9 nab\u00edjen\u00ed. Jednodu\u0161e p\u0159ipojte dodan\u00fd nab\u00edjec\u00ed kabel Type-C ke zdroji nap\u00e1jen\u00ed pro rychl\u00e9 dopln\u011bn\u00ed energie baterie.<\/li>\n<\/ul>\n<p><strong>7. Mohu ovl\u00e1dat pr\u016ftok vzduchu s FUMOT VAPE Shisha 10K PUFFS VELKOOBCHOD?<\/strong><\/p>\n<ul>\n<li>Ano, Shisha 10000 je vybavena ovl\u00e1d\u00e1n\u00edm pr\u016ftoku vzduchu, co\u017e umo\u017e\u0148uje u\u017eivatel\u016fm upravit pr\u016ftok podle jejich preference pro p\u0159izp\u016fsoben\u00fd z\u00e1\u017eitek z vapov\u00e1n\u00ed.<\/li>\n<\/ul>\n<p><strong>8. Je WHOLESALE FUMOT RANDM VAPE Shisha 10000 vhodn\u00e1 jak pro za\u010d\u00e1te\u010dn\u00edky, tak pro zku\u0161en\u00e9 vapery?<\/strong><\/p>\n<ul>\n<li>Ur\u010dit\u011b! Shisha 10000 je navr\u017eena tak, aby vyhovovala pot\u0159eb\u00e1m jak za\u010d\u00e1te\u010dn\u00edk\u016f, tak zku\u0161en\u00fdch vap\u00e9r\u016f, nab\u00edz\u00ed snadn\u00e9 pou\u017eit\u00ed, pokro\u010dil\u00e9 funkce a vynikaj\u00edc\u00ed v\u00fdkon pro v\u0161echny.<\/li>\n<\/ul>\n<p><strong>9. Co m\u00e1m d\u011blat, pokud m\u00e1m dal\u0161\u00ed ot\u00e1zky nebo pot\u0159ebuji pomoc?<\/strong><\/p>\n<ul>\n<li>Pokud m\u00e1te jak\u00e9koli dal\u0161\u00ed ot\u00e1zky nebo pot\u0159ebujete pomoc s Randm Vape Al Fakher 10000 PUFFS VAPE &amp; Fumot SHISHA 10K, nev\u00e1hejte kontaktovat n\u00e1\u0161 t\u00fdm z\u00e1kaznick\u00e9 podpory. Jsme tu, abychom v\u00e1m pomohli a zajistili, \u017ee v\u00e1\u0161 z\u00e1\u017eitek z vapov\u00e1n\u00ed bude v\u00fdjime\u010dn\u00fd.<\/li>\n<\/ul>\n<p>Naj\u00edt v\u00edce produkt\u016f pro vaping, kter\u00e9 by se v\u00e1m mohly l\u00edbit:<em><a href=\"https:\/\/rmvapesale.com\/cs\/shop-2\/\">nakupovat nyn\u00ed\u00a0<\/a><\/em><\/p>\n<p>dal\u0161\u00ed \u017ehav\u00e9 prodeje vape, kter\u00e9 by se v\u00e1m mohly l\u00edbit:<\/p>","protected":false},"excerpt":{"rendered":"<p class=\"LC20lb MBeuO DKV0Md\">Fumot Shisha 10000 DTL jednor\u00e1zov\u00e1 elektronick\u00e1 cigareta<br \/>\nRANDM SHISHA 10000 PUFF Vape AI FAKHER<br \/>\nFumot Crown Bar 10k Velkoobchodn\u00ed dob\u00edjec\u00ed Vape<br \/>\n<strong>Kontaktujte Amy pro v\u011bt\u0161\u00ed slevu a ni\u017e\u0161\u00ed MOQ Vape<\/strong><\/p>\n<p><img loading=\"lazy\" decoding=\"async\" class=\"size-medium wp-image-1814\" src=\"https:\/\/rmvapesale.com\/wp-content\/uploads\/2024\/04\/whatsapp-amy-229x300.jpg\" alt=\"whatsapp amy\" width=\"229\" height=\"300\" srcset=\"https:\/\/rmvapesale.com\/wp-content\/uploads\/2024\/04\/whatsapp-amy-229x300.jpg 229w, https:\/\/rmvapesale.com\/wp-content\/uploads\/2024\/04\/whatsapp-amy-783x1024.jpg 783w, https:\/\/rmvapesale.com\/wp-content\/uploads\/2024\/04\/whatsapp-amy-768x1005.jpg 768w, https:\/\/rmvapesale.com\/wp-content\/uploads\/2024\/04\/whatsapp-amy-600x785.jpg 600w, https:\/\/rmvapesale.com\/wp-content\/uploads\/2024\/04\/whatsapp-amy.jpg 990w\" sizes=\"auto, (max-width: 229px) 100vw, 229px\" \/><\/p>\n<h3><span style=\"color: #ff0000\"><strong>WhatsApp: +86 17776015835<\/strong><\/span><\/h3>","protected":false},"featured_media":1852,"comment_status":"open","ping_status":"closed","template":"","meta":{"_uag_custom_page_level_css":"","_lmt_disableupdate":"no","_lmt_disable":"","site-sidebar-layout":"default","site-content-layout":"content-boxed-container","ast-site-content-layout":"normal-width-container","site-content-style":"boxed","site-sidebar-style":"unboxed","ast-global-header-display":"","ast-banner-title-visibility":"","ast-main-header-display":"","ast-hfb-above-header-display":"","ast-hfb-below-header-display":"","ast-hfb-mobile-header-display":"","site-post-title":"","ast-breadcrumbs-content":"","ast-featured-img":"","footer-sml-layout":"","ast-disable-related-posts":"","theme-transparent-header-meta":"default","adv-header-id-meta":"","stick-header-meta":"","header-above-stick-meta":"","header-main-stick-meta":"","header-below-stick-meta":"","astra-migrate-meta-layouts":"set","ast-page-background-enabled":"default","ast-page-background-meta":{"desktop":{"background-color":"var(--ast-global-color-4)","background-image":"","background-repeat":"repeat","background-position":"center center","background-size":"auto","background-attachment":"scroll","background-type":"","background-media":"","overlay-type":"","overlay-color":"","overlay-opacity":"","overlay-gradient":""},"tablet":{"background-color":"","background-image":"","background-repeat":"repeat","background-position":"center center","background-size":"auto","background-attachment":"scroll","background-type":"","background-media":"","overlay-type":"","overlay-color":"","overlay-opacity":"","overlay-gradient":""},"mobile":{"background-color":"","background-image":"","background-repeat":"repeat","background-position":"center center","background-size":"auto","background-attachment":"scroll","background-type":"","background-media":"","overlay-type":"","overlay-color":"","overlay-opacity":"","overlay-gradient":""}},"ast-content-background-meta":{"desktop":{"background-color":"var(--ast-global-color-5)","background-image":"","background-repeat":"repeat","background-position":"center center","background-size":"auto","background-attachment":"scroll","background-type":"","background-media":"","overlay-type":"","overlay-color":"","overlay-opacity":"","overlay-gradient":""},"tablet":{"background-color":"var(--ast-global-color-5)","background-image":"","background-repeat":"repeat","background-position":"center center","background-size":"auto","background-attachment":"scroll","background-type":"","background-media":"","overlay-type":"","overlay-color":"","overlay-opacity":"","overlay-gradient":""},"mobile":{"background-color":"var(--ast-global-color-5)","background-image":"","background-repeat":"repeat","background-position":"center center","background-size":"auto","background-attachment":"scroll","background-type":"","background-media":"","overlay-type":"","overlay-color":"","overlay-opacity":"","overlay-gradient":""}},"_joinchat":[]},"product_brand":[],"product_cat":[25,271,289,27,51,123,293,30,26,15,28,31,295,137,299,136,135],"product_tag":[39,40,41,38,37],"class_list":{"0":"post-370","1":"product","2":"type-product","3":"status-publish","4":"has-post-thumbnail","6":"product_cat-germany-best-selling-vape","7":"product_cat-10000-puff-disposable-vape","8":"product_cat-big-puffs-disposable-vapes","9":"product_cat-fance-hot-sale-vape","10":"product_cat-fumot-vape","11":"product_cat-italy-wholesale-vape","12":"product_cat-low-nicotine-disposable-vapes","13":"product_cat-minimum-order-quantity-50pcs","14":"product_cat-netherlands-hot-sale-vape","15":"product_cat-new-vape-this-week","16":"product_cat-poland-hot-sale-vape","17":"product_cat-randm-fumot-vape","18":"product_cat-rechargeable-disposable-vapes","19":"product_cat-rechargeable-vapes","20":"product_cat-smart-screen-disposable-vapes","21":"product_cat-smart-screen-vapes","22":"product_cat-spain-best-hot-sale-vape","23":"product_tag-fumot-vape","24":"product_tag-hot-sale-vape","25":"product_tag-original-factory-vape","26":"product_tag-randm-vape","27":"product_tag-wholesale-vape-price","28":"desktop-align-left","29":"tablet-align-left","30":"mobile-align-left","32":"first","33":"instock","34":"sale","35":"shipping-taxable","36":"purchasable","37":"product-type-simple"},"uagb_featured_image_src":{"full":["https:\/\/rmvapesale.com\/wp-content\/uploads\/2024\/04\/FUMOT-VAPE-SHISHA-AL-FAKHER-10K-PUFFS-VAPE.jpg",375,666,false],"thumbnail":["https:\/\/rmvapesale.com\/wp-content\/uploads\/2024\/04\/FUMOT-VAPE-SHISHA-AL-FAKHER-10K-PUFFS-VAPE-150x150.jpg",150,150,true],"medium":["https:\/\/rmvapesale.com\/wp-content\/uploads\/2024\/04\/FUMOT-VAPE-SHISHA-AL-FAKHER-10K-PUFFS-VAPE-169x300.jpg",169,300,true],"medium_large":["https:\/\/rmvapesale.com\/wp-content\/uploads\/2024\/04\/FUMOT-VAPE-SHISHA-AL-FAKHER-10K-PUFFS-VAPE.jpg",375,666,false],"large":["https:\/\/rmvapesale.com\/wp-content\/uploads\/2024\/04\/FUMOT-VAPE-SHISHA-AL-FAKHER-10K-PUFFS-VAPE.jpg",375,666,false],"1536x1536":["https:\/\/rmvapesale.com\/wp-content\/uploads\/2024\/04\/FUMOT-VAPE-SHISHA-AL-FAKHER-10K-PUFFS-VAPE.jpg",375,666,false],"2048x2048":["https:\/\/rmvapesale.com\/wp-content\/uploads\/2024\/04\/FUMOT-VAPE-SHISHA-AL-FAKHER-10K-PUFFS-VAPE.jpg",375,666,false],"trp-custom-language-flag":["https:\/\/rmvapesale.com\/wp-content\/uploads\/2024\/04\/FUMOT-VAPE-SHISHA-AL-FAKHER-10K-PUFFS-VAPE.jpg",7,12,false],"woocommerce_thumbnail":["https:\/\/rmvapesale.com\/wp-content\/uploads\/2024\/04\/FUMOT-VAPE-SHISHA-AL-FAKHER-10K-PUFFS-VAPE-300x300.jpg",300,300,true],"woocommerce_single":["https:\/\/rmvapesale.com\/wp-content\/uploads\/2024\/04\/FUMOT-VAPE-SHISHA-AL-FAKHER-10K-PUFFS-VAPE.jpg",375,666,false],"woocommerce_gallery_thumbnail":["https:\/\/rmvapesale.com\/wp-content\/uploads\/2024\/04\/FUMOT-VAPE-SHISHA-AL-FAKHER-10K-PUFFS-VAPE-100x100.jpg",100,100,true],"wcpr-photo-reviews":["https:\/\/rmvapesale.com\/wp-content\/uploads\/2024\/04\/FUMOT-VAPE-SHISHA-AL-FAKHER-10K-PUFFS-VAPE.jpg",282,500,false]},"uagb_author_info":{"display_name":"yannazhan","author_link":"https:\/\/rmvapesale.com\/cs\/author\/"},"uagb_comment_info":0,"uagb_excerpt":"Fumot Shisha 10000 DTL Disposable Vape RANDM SHISHA 10000 PUFF Vape AI FAKHER Fumot Crown Bar 10k Wholesale Vape Rechargeable Contact Amy For More Discount And Lower MOQ Vape WhatsApp: +86 17776015835","_links":{"self":[{"href":"https:\/\/rmvapesale.com\/cs\/wp-json\/wp\/v2\/product\/370","targetHints":{"allow":["GET"]}}],"collection":[{"href":"https:\/\/rmvapesale.com\/cs\/wp-json\/wp\/v2\/product"}],"about":[{"href":"https:\/\/rmvapesale.com\/cs\/wp-json\/wp\/v2\/types\/product"}],"replies":[{"embeddable":true,"href":"https:\/\/rmvapesale.com\/cs\/wp-json\/wp\/v2\/comments?post=370"}],"wp:featuredmedia":[{"embeddable":true,"href":"https:\/\/rmvapesale.com\/cs\/wp-json\/wp\/v2\/media\/1852"}],"wp:attachment":[{"href":"https:\/\/rmvapesale.com\/cs\/wp-json\/wp\/v2\/media?parent=370"}],"wp:term":[{"taxonomy":"product_brand","embeddable":true,"href":"https:\/\/rmvapesale.com\/cs\/wp-json\/wp\/v2\/product_brand?post=370"},{"taxonomy":"product_cat","embeddable":true,"href":"https:\/\/rmvapesale.com\/cs\/wp-json\/wp\/v2\/product_cat?post=370"},{"taxonomy":"product_tag","embeddable":true,"href":"https:\/\/rmvapesale.com\/cs\/wp-json\/wp\/v2\/product_tag?post=370"}],"curies":[{"name":"wp","href":"https:\/\/api.w.org\/{rel}","templated":true}]}}