{"id":1869,"date":"2024-04-29T08:45:44","date_gmt":"2024-04-29T08:45:44","guid":{"rendered":"https:\/\/rmvapesale.com\/?post_type=product&#038;p=1869"},"modified":"2025-01-20T03:11:06","modified_gmt":"2025-01-20T03:11:06","slug":"jnr-shisha-vape-15000-puffs-wholesale-price-with-screen-vape","status":"publish","type":"product","link":"https:\/\/rmvapesale.com\/da\/product\/jnr-shisha-vape-15000-puffs-wholesale-price-with-screen-vape\/","title":{"rendered":"VOPK SHISHA VAPE 15000 PUFFS ENGROSPRIS JNR MED SK\u00c6RM VAPE"},"content":{"rendered":"<h1>VOPK SHISHA VAPE 15000 PUFFS ENGROSPRIS JNR MED SK\u00c6RM VAPE<\/h1>\n<p>VOPK SHISHA VAPE 15000 PUFFS JNR er en f\u00f8rsteklasses engangs vape pen designet specielt til Direct-to-Lung (DTL) entusiaster. Med en imponerende kapacitet p\u00e5 15.000 sug sikrer denne enhed en forl\u00e6nget og tilfredsstillende vapingoplevelse. Den interne struktur inkluderer en 0,6 ohm mesh coil, der giver overlegen damp produktion og rige smagsoplevelser, hvilket g\u00f8r den ideel til dem, der s\u00e6tter pris p\u00e5 dybe lung hits. Enheden er udstyret med 20 ml e-juice, hvilket giver mulighed for udvidede vaping sessioner.<\/p>\n<p>Brugere kan v\u00e6lge mellem forskellige nikotinstyrker, herunder 0%, 2%, 3% eller 5%, der im\u00f8dekommer forskellige pr\u00e6ferencer. VOPK Shisha Hookah genopladelig vape er drevet af et p\u00e5lideligt 600mAh batteri, der sikrer ensartet ydeevne i hele sin levetid, og har en Type-C opladningsport til hurtig genopladning.<\/p>\n<p>VOPK Shisha bar 15000 F\u00e5s i ti l\u00e6kre smagsvarianter som Double Apple og Watermelon Ice, denne vape pen kombinerer stil, funktionalitet og alsidighed, hvilket g\u00f8r den til et topvalg for dampere, der s\u00f8ger en oplevelse af h\u00f8j kvalitet.<\/p>\n<p><strong>Tilf\u00f8j salgschef AMY f\u00e5 vape kupon!<\/strong><\/p>\n<p><img loading=\"lazy\" decoding=\"async\" class=\"size-medium wp-image-1814\" src=\"https:\/\/rmvapesale.com\/wp-content\/uploads\/2024\/04\/whatsapp-amy-229x300.jpg\" alt=\"whatsapp amy\" width=\"229\" height=\"300\" srcset=\"https:\/\/rmvapesale.com\/wp-content\/uploads\/2024\/04\/whatsapp-amy-229x300.jpg 229w, https:\/\/rmvapesale.com\/wp-content\/uploads\/2024\/04\/whatsapp-amy-783x1024.jpg 783w, https:\/\/rmvapesale.com\/wp-content\/uploads\/2024\/04\/whatsapp-amy-768x1005.jpg 768w, https:\/\/rmvapesale.com\/wp-content\/uploads\/2024\/04\/whatsapp-amy-600x785.jpg 600w, https:\/\/rmvapesale.com\/wp-content\/uploads\/2024\/04\/whatsapp-amy.jpg 990w\" sizes=\"auto, (max-width: 229px) 100vw, 229px\" \/><\/p>\n<p><span style=\"color: #ff0000\"><strong>whatsapp <a style=\"color: #ff0000\" href=\"https:\/\/wa.me\/8617776015835\" target=\"_blank\" rel=\"noopener\">+86-17776015835<\/a><\/strong><\/span><\/p>\n<h2>VOPK Shisha Hookah 15000 15K Puffs Smagsliste:<\/h2>\n<p>1. Double Apple<br \/>\n2. Double Melon Mint<br \/>\n3. Grape Mint<br \/>\n4. Juicy Peach<br \/>\n5. Lady Killa<br \/>\n6. Mix Berry Ice<br \/>\n7. Pineapple Coconut<br \/>\n8. Red Berry Slush<br \/>\n9. Vandmelon Is<br \/>\n10. Hvid Mamba<\/p>\n<h2>VOPK JNR SHISHA VAPE 15000 PUFF: Engrospris med Sk\u00e6rm Vape \u2013 Produkt FAQ<\/h2>\n<p>1. Hvad er specialiteten ved VOPK JNR SHISHA VAPE 15000 Pust?<\/p>\n<p>VOPK JNR SHISHA VAPE 15K PUFF<span style=\"font-size: 16px\">\u00a0skiller sig ud for sin h\u00f8je pustekapacitet, der tilbyder op til 15000 pust pr. enhed, hvilket sikrer forl\u00e6nget nydelse.<\/span><\/p>\n<p>2. Hvilken slags h\u00e5ndv\u00e6rk har VOPK JNR SHISHA VAPE 15K PUFFS-enheden?<\/p>\n<p>VOPK VAPE SHISHA 15000 PUFF-enheden har et tofarvet design suppleret med UV-print, hvilket giver et visuelt sl\u00e5ende udseende og omhyggeligt h\u00e5ndv\u00e6rk.<br \/>\n3. Hvilken type coil bruger VOPK VAPE SHISHA 15000 Pust, og hvad er VOPK VAPE SHISHA 15K PUFF-modstanden?<\/p>\n<p>VOPK VAPE SHISHA 15K PUFFS bruger mesh coil-teknologi med en modstand p\u00e5 0,6ohm\/m, hvilket sikrer stabil ydeevne og en j\u00e6vn vaping-oplevelse.<br \/>\n4. Hvor meget VOPK JNR SHISHA 15000 PUFF e-v\u00e6ske kan forst\u00f8veren indeholde?<\/p>\n<p>VOPK JNR SHISHA 15000 Pust forst\u00f8veren har en kapacitet p\u00e5 20 ml, hvilket giver mulighed for lange vaping-sessioner uden hyppige genopfyldninger.<br \/>\n5. Hvilket materiale er coilen lavet af VOPK JNR SHISHA 15K PUFF?<\/p>\n<p>VOPK JNR SHISHA 15K PUFFS-coilen er fremstillet af h\u00f8jkvalitets mesh coil-materiale, hvilket sikrer fremragende fordampning og ren smagslevering.<br \/>\n6. Hvad er batterikapaciteten p\u00e5 VOPK JNR VAPE 15000 PUFF-enheden?<\/p>\n<p>VOPK JNR VAPE 15000 Pust har et kraftfuldt 600mAh batteri, der giver langvarig og p\u00e5lidelig str\u00f8mst\u00f8tte til uafbrudte vaping-sessioner.<br \/>\n7. Hvilken type batteri bruger VOPK JNR VAPE 15K PUFF?<\/p>\n<p>VOPK JNR VAPE 15K PUFFS-enheden bruger 18250-batterimodellen, der er kendt for sin holdbarhed og lange levetid.<br \/>\n8. Hvor l\u00e6nge skal jeg oplade min 15000 PUFF JNR SHISHA VAPE VOPK?<\/p>\n<p>15000 PUFF VAPE SHISHA VOPK er udstyret med en praktisk Type-C-opladningsport, der giver mulighed for hurtig og effektiv opladning, hvilket sikrer minimal nedetid.<br \/>\n9. Hvilken vaping-stil henvender 15000 PUFF JNR SHISHA VOPK sig til?<\/p>\n<p>VOPK SHISHA VAPE 15000 PUFFS er velegnet til Direct-To-Lung (DTL) vaping, hvilket giver en rig og tilfredsstillende vaping-oplevelse.<br \/>\n10. Hvordan sikrer 15000 PUFF JNR VAPE VOPK brugerkomfort?<\/p>\n<p>Med sin h\u00f8je puff-kapacitet, visuelt tiltalende design og avancerede coil-teknologi prioriterer VOPK SHISHA VAPE 15000 PUFFS brugertilfredshed og bekvemmelighed, hvilket g\u00f8r den til et ideelt valg for b\u00e5de nybegyndere og erfarne dampere.<\/p>\n<p>&nbsp;<\/p>\n<p>Find flere Vape-produkter, du m\u00e5ske kan lide:<em><a href=\"https:\/\/rmvapesale.com\/da\/shop-2\/\">k\u00f8b nu\u00a0<\/a><\/em><\/p>\n<p>andre varme salg vape du m\u00e5ske kan lide:<\/p>","protected":false},"excerpt":{"rendered":"<p class=\"LC20lb MBeuO DKV0Md\">15K PUFFS JNR VAPE VOPK Engrospris<br \/>\n15K PUFFS JNR SHISHA VOPK Fabrikspris<br \/>\n15K PUFFS VAPE SHISHA VOPK Rabatpris<br \/>\n<strong>Kontakt Amy For Mere Rabat Og Lavere MOQ Vape<\/strong><\/p>\n<p><img loading=\"lazy\" decoding=\"async\" class=\"size-medium wp-image-1814\" src=\"https:\/\/rmvapesale.com\/wp-content\/uploads\/2024\/04\/whatsapp-amy-229x300.jpg\" alt=\"whatsapp amy\" width=\"229\" height=\"300\" srcset=\"https:\/\/rmvapesale.com\/wp-content\/uploads\/2024\/04\/whatsapp-amy-229x300.jpg 229w, https:\/\/rmvapesale.com\/wp-content\/uploads\/2024\/04\/whatsapp-amy-783x1024.jpg 783w, https:\/\/rmvapesale.com\/wp-content\/uploads\/2024\/04\/whatsapp-amy-768x1005.jpg 768w, https:\/\/rmvapesale.com\/wp-content\/uploads\/2024\/04\/whatsapp-amy-600x785.jpg 600w, https:\/\/rmvapesale.com\/wp-content\/uploads\/2024\/04\/whatsapp-amy.jpg 990w\" sizes=\"auto, (max-width: 229px) 100vw, 229px\" \/><\/p>\n<h3><span style=\"color: #ff0000\"><strong>WhatsApp: +86 17776015835<\/strong><\/span><\/h3>","protected":false},"featured_media":1864,"comment_status":"open","ping_status":"closed","template":"","meta":{"_uag_custom_page_level_css":"","_lmt_disableupdate":"no","_lmt_disable":"","site-sidebar-layout":"default","site-content-layout":"content-boxed-container","ast-site-content-layout":"normal-width-container","site-content-style":"boxed","site-sidebar-style":"unboxed","ast-global-header-display":"","ast-banner-title-visibility":"","ast-main-header-display":"","ast-hfb-above-header-display":"","ast-hfb-below-header-display":"","ast-hfb-mobile-header-display":"","site-post-title":"","ast-breadcrumbs-content":"","ast-featured-img":"","footer-sml-layout":"","ast-disable-related-posts":"","theme-transparent-header-meta":"default","adv-header-id-meta":"","stick-header-meta":"","header-above-stick-meta":"","header-main-stick-meta":"","header-below-stick-meta":"","astra-migrate-meta-layouts":"set","ast-page-background-enabled":"default","ast-page-background-meta":{"desktop":{"background-color":"var(--ast-global-color-4)","background-image":"","background-repeat":"repeat","background-position":"center center","background-size":"auto","background-attachment":"scroll","background-type":"","background-media":"","overlay-type":"","overlay-color":"","overlay-opacity":"","overlay-gradient":""},"tablet":{"background-color":"","background-image":"","background-repeat":"repeat","background-position":"center center","background-size":"auto","background-attachment":"scroll","background-type":"","background-media":"","overlay-type":"","overlay-color":"","overlay-opacity":"","overlay-gradient":""},"mobile":{"background-color":"","background-image":"","background-repeat":"repeat","background-position":"center center","background-size":"auto","background-attachment":"scroll","background-type":"","background-media":"","overlay-type":"","overlay-color":"","overlay-opacity":"","overlay-gradient":""}},"ast-content-background-meta":{"desktop":{"background-color":"var(--ast-global-color-5)","background-image":"","background-repeat":"repeat","background-position":"center center","background-size":"auto","background-attachment":"scroll","background-type":"","background-media":"","overlay-type":"","overlay-color":"","overlay-opacity":"","overlay-gradient":""},"tablet":{"background-color":"var(--ast-global-color-5)","background-image":"","background-repeat":"repeat","background-position":"center center","background-size":"auto","background-attachment":"scroll","background-type":"","background-media":"","overlay-type":"","overlay-color":"","overlay-opacity":"","overlay-gradient":""},"mobile":{"background-color":"var(--ast-global-color-5)","background-image":"","background-repeat":"repeat","background-position":"center center","background-size":"auto","background-attachment":"scroll","background-type":"","background-media":"","overlay-type":"","overlay-color":"","overlay-opacity":"","overlay-gradient":""}},"_joinchat":[]},"product_brand":[],"product_cat":[25,61,289,27,293,30,26,15,28,31,295,137,296,136,280],"product_tag":[44,40,41,43,42,37],"class_list":{"0":"post-1869","1":"product","2":"type-product","3":"status-publish","4":"has-post-thumbnail","6":"product_cat-germany-best-selling-vape","7":"product_cat-15000-puffs-disposable-vapes","8":"product_cat-big-puffs-disposable-vapes","9":"product_cat-fance-hot-sale-vape","10":"product_cat-low-nicotine-disposable-vapes","11":"product_cat-minimum-order-quantity-50pcs","12":"product_cat-netherlands-hot-sale-vape","13":"product_cat-new-vape-this-week","14":"product_cat-poland-hot-sale-vape","15":"product_cat-randm-fumot-vape","16":"product_cat-rechargeable-disposable-vapes","17":"product_cat-rechargeable-vapes","18":"product_cat-shisha-hookah-disposable-vapes","19":"product_cat-smart-screen-vapes","20":"product_cat-vopk-vape","21":"product_tag-15k-puffs-15000-vape-wholesale","22":"product_tag-hot-sale-vape","23":"product_tag-original-factory-vape","24":"product_tag-shisha-vape","25":"product_tag-vopk-vape","26":"product_tag-wholesale-vape-price","27":"desktop-align-left","28":"tablet-align-left","29":"mobile-align-left","31":"first","32":"instock","33":"sale","34":"shipping-taxable","35":"purchasable","36":"product-type-simple"},"uagb_featured_image_src":{"full":["https:\/\/rmvapesale.com\/wp-content\/uploads\/2024\/04\/VOPK-SHISHA-VAPE-15K-PUFFS-PRICE.jpg",500,500,false],"thumbnail":["https:\/\/rmvapesale.com\/wp-content\/uploads\/2024\/04\/VOPK-SHISHA-VAPE-15K-PUFFS-PRICE-150x150.jpg",150,150,true],"medium":["https:\/\/rmvapesale.com\/wp-content\/uploads\/2024\/04\/VOPK-SHISHA-VAPE-15K-PUFFS-PRICE-300x300.jpg",300,300,true],"medium_large":["https:\/\/rmvapesale.com\/wp-content\/uploads\/2024\/04\/VOPK-SHISHA-VAPE-15K-PUFFS-PRICE.jpg",500,500,false],"large":["https:\/\/rmvapesale.com\/wp-content\/uploads\/2024\/04\/VOPK-SHISHA-VAPE-15K-PUFFS-PRICE.jpg",500,500,false],"1536x1536":["https:\/\/rmvapesale.com\/wp-content\/uploads\/2024\/04\/VOPK-SHISHA-VAPE-15K-PUFFS-PRICE.jpg",500,500,false],"2048x2048":["https:\/\/rmvapesale.com\/wp-content\/uploads\/2024\/04\/VOPK-SHISHA-VAPE-15K-PUFFS-PRICE.jpg",500,500,false],"trp-custom-language-flag":["https:\/\/rmvapesale.com\/wp-content\/uploads\/2024\/04\/VOPK-SHISHA-VAPE-15K-PUFFS-PRICE.jpg",12,12,false],"woocommerce_thumbnail":["https:\/\/rmvapesale.com\/wp-content\/uploads\/2024\/04\/VOPK-SHISHA-VAPE-15K-PUFFS-PRICE-300x300.jpg",300,300,true],"woocommerce_single":["https:\/\/rmvapesale.com\/wp-content\/uploads\/2024\/04\/VOPK-SHISHA-VAPE-15K-PUFFS-PRICE.jpg",500,500,false],"woocommerce_gallery_thumbnail":["https:\/\/rmvapesale.com\/wp-content\/uploads\/2024\/04\/VOPK-SHISHA-VAPE-15K-PUFFS-PRICE-100x100.jpg",100,100,true],"wcpr-photo-reviews":["https:\/\/rmvapesale.com\/wp-content\/uploads\/2024\/04\/VOPK-SHISHA-VAPE-15K-PUFFS-PRICE.jpg",500,500,false]},"uagb_author_info":{"display_name":"yannazhan","author_link":"https:\/\/rmvapesale.com\/da\/author\/"},"uagb_comment_info":0,"uagb_excerpt":"15K PUFFS JNR VAPE VOPK Wholesale Price 15K PUFFS JNR SHISHA VOPK Factory Price 15K PUFFS VAPE SHISHA VOPK Discount Price Contact Amy For More Discount And Lower MOQ Vape WhatsApp: +86 17776015835","_links":{"self":[{"href":"https:\/\/rmvapesale.com\/da\/wp-json\/wp\/v2\/product\/1869","targetHints":{"allow":["GET"]}}],"collection":[{"href":"https:\/\/rmvapesale.com\/da\/wp-json\/wp\/v2\/product"}],"about":[{"href":"https:\/\/rmvapesale.com\/da\/wp-json\/wp\/v2\/types\/product"}],"replies":[{"embeddable":true,"href":"https:\/\/rmvapesale.com\/da\/wp-json\/wp\/v2\/comments?post=1869"}],"wp:featuredmedia":[{"embeddable":true,"href":"https:\/\/rmvapesale.com\/da\/wp-json\/wp\/v2\/media\/1864"}],"wp:attachment":[{"href":"https:\/\/rmvapesale.com\/da\/wp-json\/wp\/v2\/media?parent=1869"}],"wp:term":[{"taxonomy":"product_brand","embeddable":true,"href":"https:\/\/rmvapesale.com\/da\/wp-json\/wp\/v2\/product_brand?post=1869"},{"taxonomy":"product_cat","embeddable":true,"href":"https:\/\/rmvapesale.com\/da\/wp-json\/wp\/v2\/product_cat?post=1869"},{"taxonomy":"product_tag","embeddable":true,"href":"https:\/\/rmvapesale.com\/da\/wp-json\/wp\/v2\/product_tag?post=1869"}],"curies":[{"name":"wp","href":"https:\/\/api.w.org\/{rel}","templated":true}]}}