{"id":1874,"date":"2024-05-09T07:00:52","date_gmt":"2024-05-09T07:00:52","guid":{"rendered":"https:\/\/rmvapesale.com\/?post_type=product&#038;p=1874"},"modified":"2024-10-21T08:04:35","modified_gmt":"2024-10-21T08:04:35","slug":"randm-tornado-15000-puffs-15k-vape-recharge-fumot-original-vape-factory-price","status":"publish","type":"product","link":"https:\/\/rmvapesale.com\/da\/product\/randm-tornado-15000-puffs-15k-vape-recharge-fumot-original-vape-factory-price\/","title":{"rendered":"RANDM TORNADO 15000 PUFFS 15K VAPE GENOPLADELIG FUMOT ORIGINAL VAPE FABRIKSPRIS"},"content":{"rendered":"<h1>RANDM TORNADO 15000 PUFFS 15K VAPE GENOPLADELIG FUMOT ORIGINAL VAPE FABRIKSPRIS<\/h1>\n<p>RANDM TORNADO VAPE 15000 PUFFS Genopladelig vape er nu popul\u00e6r i de fleste europ\u00e6iske lande, som Tyskland, Holland, Frankrig, Italien, Spanien, Schweiz, Sverige, Polen, osv. Hvordan k\u00f8ber man Randm Tornado 15k Vapes? Hvad er Fumot tornado 15k vape? Sig goddag til RANDM Tornado 15K Vape \u2013 en f\u00f8rsteklasses kreation fra Fumot. Denne slemme dreng har masser af kraft med sin kapacitet p\u00e5 15.000 sug, hvilket s\u00e6tter barren h\u00f8jt i vape-verdenen. Denne vape er skabt af troldm\u00e6ndene hos Shenzhen Fumot Technology og ser ikke kun cool ud, men leverer ogs\u00e5 varen.<\/p>\n<p>Med muligheder for nikotinindhold fra 0% til 5%, og forudindl\u00e6st med 25 ml e-v\u00e6ske, er der smagsvarianter til flere dage. Drevet af et 850mAh genopladeligt batteri og med en 0,9\u03a9 Mesh coil, garanterer den j\u00e6vne sug hver gang. Hold \u00f8je med dine v\u00e6ske- og batteriniveauer med LED-indikatoren \u2013 det er lige s\u00e5 let som en leg. G\u00f8r dig klar til den ultimative vape-oplevelse med RANDM Tornado 15K Vape<\/p>\n<p>&nbsp;<\/p>\n<p><strong>Tilf\u00f8j salgschef AMY whatsapp <a href=\"https:\/\/wa.me\/8617776015835\" target=\"_blank\" rel=\"noopener\">+86-17776015835<\/a> f\u00e5 mere rabat!<\/strong><\/p>\n<p><img loading=\"lazy\" decoding=\"async\" class=\"size-medium wp-image-1814\" src=\"https:\/\/rmvapesale.com\/wp-content\/uploads\/2024\/04\/whatsapp-amy-229x300.jpg\" alt=\"whatsapp amy\" width=\"229\" height=\"300\" srcset=\"https:\/\/rmvapesale.com\/wp-content\/uploads\/2024\/04\/whatsapp-amy-229x300.jpg 229w, https:\/\/rmvapesale.com\/wp-content\/uploads\/2024\/04\/whatsapp-amy-783x1024.jpg 783w, https:\/\/rmvapesale.com\/wp-content\/uploads\/2024\/04\/whatsapp-amy-768x1005.jpg 768w, https:\/\/rmvapesale.com\/wp-content\/uploads\/2024\/04\/whatsapp-amy-600x785.jpg 600w, https:\/\/rmvapesale.com\/wp-content\/uploads\/2024\/04\/whatsapp-amy.jpg 990w\" sizes=\"auto, (max-width: 229px) 100vw, 229px\" \/><\/p>\n<h2>Specifikationer FOR FUMOT TORNADO 15000 Engangs Vape:<\/h2>\n<p>Nikotinindhold muligheder: 0%, 2%, 3% og 5%<br \/>\nOp til 15000 sug<br \/>\nForudfyldt med 25 ml e-v\u00e6ske<br \/>\n850mAh genopladeligt batteri<br \/>\n0.9\u03a9 Mesh coil<br \/>\n41 tilg\u00e6ngelige smagsvarianter<\/p>\n<h2>Bedste Randm 15000 Pust Smag<\/h2>\n<p>1 Blue Razz Lemonade<br \/>\n2 Fersken Is<br \/>\n3 Sure \u00c6ble<br \/>\n4 Vandmelon Is<br \/>\n5 Bl\u00e5b\u00e6r P\u00e5 Is<br \/>\n6 Bl\u00e5b\u00e6r Hindb\u00e6r<br \/>\n7 Ananas Is<br \/>\n8 Kirseb\u00e6r<br \/>\n9 Jordb\u00e6ris<br \/>\n10 Vimto\u00a0 <span style=\"color: #ff0000\"><strong>&gt;&gt;&gt;&gt; Popul\u00e6r!<\/strong><\/span><br \/>\n11 Drue Is<br \/>\n12 Cola Is<br \/>\n13 Jordb\u00e6r Vandmelon<br \/>\n14 Pink Lemonade <span style=\"color: #ff0000\"><strong>&gt;&gt;&gt;&gt; Bedst!<\/strong><\/span><br \/>\n15 Blandede B\u00e6r <span style=\"color: #ff0000\"><strong>&gt;&gt;&gt;&gt; Popul\u00e6r!<\/strong><\/span><br \/>\n16 Fersken Mango<br \/>\n17. Dragefrugt<br \/>\n18. Jordb\u00e6rdrue<br \/>\n19. Mr. Blue <span style=\"color: #ff0000\"><strong>&gt;&gt;&gt;&gt; Popul\u00e6r!<\/strong><\/span><br \/>\n20. Lush Is<br \/>\n21. Ispind<br \/>\n22. Jordb\u00e6r Kiwi<br \/>\n23. Kiwi passionsfrugt guava<br \/>\n24. Triple b\u00e6r <span style=\"color: #ff0000\"><strong>&gt;&gt;&gt;&gt; Popul\u00e6r!<\/strong><\/span><br \/>\n25. Banan is<br \/>\n26. Fersken bl\u00e5b\u00e6r slik<br \/>\n27. \u00c6ble Fersken P\u00e6re<br \/>\n28. B\u00e6r Lemonade<br \/>\n29. Blue Razz Kirseb\u00e6r<br \/>\n30. Bl\u00e5b\u00e6r Bubblegum<br \/>\n31. Bl\u00e5b\u00e6r Kirseb\u00e6r Traneb\u00e6r<br \/>\n32. Bl\u00e5b\u00e6r Granat\u00e6ble<br \/>\n33. Bluesour Hindb\u00e6r<br \/>\n34. Kirseb\u00e6r Cola<br \/>\n35. Gummibj\u00f8rn<br \/>\n36. Citron<br \/>\n37. Mango P\u00e5 is<br \/>\n38. R\u00f8d Energi Is<br \/>\n39. Jordb\u00e6r Banan<br \/>\n40. Jordb\u00e6r Red Bull<br \/>\n41. Jordb\u00e6r Vandmelon Lemonade<\/p>\n<p>&nbsp;<\/p>\n<h2>Randm Tornado 15000 OSS<\/h2>\n<p>1. Hvad er den originale RANDM VAPE 15K TORNADO?<br \/>\nDen originale RANDM VAPE 15K TORNADO er en popul\u00e6r engangs vape-enhed fremstillet af Fumot Vape Tech. Den er navngivet efter sin imponerende kapacitet p\u00e5 15.000 sug.<\/p>\n<p>2. Hvem fremstiller den \u00e6gte RANDM VAPE 15K TORNADO?<br \/>\nDen \u00e6gte RANDM VAPE 15K TORNADO er fremstillet af Shenzhen Fumot Technology, en f\u00f8rende virksomhed inden for vape-industrien, der er kendt for sine innovative produkter.<\/p>\n<p>3. Hvad g\u00f8r den autentiske RANDM VAPE 15K TORNADO unik?<\/p>\n<p>Med sin kapacitet p\u00e5 15.000 sug skiller den autentiske RANDM VAPE 15K TORNADO sig ud som en af de engangs vapes p\u00e5 markedet med den h\u00f8jeste kapacitet. Det er et godt valg for dem, der \u00f8nsker enheder, der holder l\u00e6ngere.<\/p>\n<p>4. Hvilke smagsvarianter er tilg\u00e6ngelige til den \u00e6gte RANDM VAPE 15K TORNADO?<br \/>\nDen \u00e6gte RANDM VAPE 15K TORNADO f\u00e5s i en r\u00e6kke forskellige smagsvarianter, herunder \u00c6ble Fersken P\u00e6re, Banan Is, B\u00e6r Lemonade, Bl\u00e5 Hindb\u00e6r Kirseb\u00e6r og mange flere. Med 41 smagsvarianter at v\u00e6lge imellem er der noget for enhver smag.<\/p>\n<p>5. Hvor l\u00e6nge holder batteriet p\u00e5 den autentiske RANDM VAPE 15K TORNADO?<br \/>\nDen autentiske RANDM VAPE 15K TORNADO har et indbygget batteri med en kapacitet p\u00e5 850 mAh, hvilket giver forl\u00e6nget brug p\u00e5 en enkelt opladning. Den n\u00f8jagtige batterilevetid afh\u00e6nger af individuelle brugsm\u00f8nstre.<\/p>\n<p>6. Kan den originale RANDM VAPE 15000 TORNADO genoplades?<br \/>\nNej, den originale RANDM VAPE 15000 TORNADO er en engangs vape-enhed og kan ikke genoplades. N\u00e5r batteriet er opbrugt, eller e-v\u00e6sken er l\u00f8bet t\u00f8r, er det meningen, at enheden skal bortskaffes p\u00e5 ansvarlig vis.<\/p>\n<p>7. Hvordan kan jeg k\u00f8be den \u00e6gte RANDM VAPE 15000?<br \/>\nDen \u00e6gte RANDM VAPE 15000 kan k\u00f8bes gennem autoriserede distribut\u00f8rer. For engrosforesp\u00f8rgsler kan distribut\u00f8rer <a href=\"https:\/\/wa.me\/8617776015835\" target=\"_blank\" rel=\"noopener\">kontakt os<\/a> direkte. Detailkunder kan finde produktet hos udvalgte forhandlere eller onlinebutikker.<\/p>\n<p>&nbsp;<\/p>\n<p>Find flere Vape-produkter, du m\u00e5ske kan lide:<em><a href=\"https:\/\/rmvapesale.com\/da\/shop-2\/\">k\u00f8b nu\u00a0<\/a><\/em><\/p>\n<p>andre varme salg vape du m\u00e5ske kan lide:<\/p>\n<p><a href=\"https:\/\/rmvapesale.com\/da\/product\/jnr-shisha-vape-15000-puffs-wholesale-price-with-screen-vape\/\">VOPK SHISHA 15K<\/a><\/p>\n<p><a href=\"https:\/\/rmvapesale.com\/da\/product\/randm-vape-al-fakher-10000-puffs-vape-wholesale\/\">randm vape AI FAKHER 15k vape<\/a><\/p>","protected":false},"excerpt":{"rendered":"<p class=\"LC20lb MBeuO DKV0Md\">15K PUFFS FUMOT VAPE RANDM Engrospris<br \/>\n15K PUFFS FUMOT ORIGINAL RANDM Fabrikspris<br \/>\n15K PUFFS \u00c6gte FUMOT VAPE TORNADO RANDM Rabatpris<br \/>\n<strong>Kontakt Amy For Mere Rabat Og Lavere MOQ Vape<\/strong><\/p>\n<p><img loading=\"lazy\" decoding=\"async\" class=\"size-medium wp-image-1814\" src=\"https:\/\/rmvapesale.com\/wp-content\/uploads\/2024\/04\/whatsapp-amy-229x300.jpg\" alt=\"whatsapp amy\" width=\"229\" height=\"300\" srcset=\"https:\/\/rmvapesale.com\/wp-content\/uploads\/2024\/04\/whatsapp-amy-229x300.jpg 229w, https:\/\/rmvapesale.com\/wp-content\/uploads\/2024\/04\/whatsapp-amy-783x1024.jpg 783w, https:\/\/rmvapesale.com\/wp-content\/uploads\/2024\/04\/whatsapp-amy-768x1005.jpg 768w, https:\/\/rmvapesale.com\/wp-content\/uploads\/2024\/04\/whatsapp-amy-600x785.jpg 600w, https:\/\/rmvapesale.com\/wp-content\/uploads\/2024\/04\/whatsapp-amy.jpg 990w\" sizes=\"auto, (max-width: 229px) 100vw, 229px\" \/><\/p>\n<h3><span style=\"color: #ff0000\"><strong>WhatsApp: +86 17776015835<\/strong><\/span><\/h3>","protected":false},"featured_media":1877,"comment_status":"open","ping_status":"closed","template":"","meta":{"_uag_custom_page_level_css":"","_lmt_disableupdate":"no","_lmt_disable":"","site-sidebar-layout":"default","site-content-layout":"content-boxed-container","ast-site-content-layout":"normal-width-container","site-content-style":"boxed","site-sidebar-style":"unboxed","ast-global-header-display":"","ast-banner-title-visibility":"","ast-main-header-display":"","ast-hfb-above-header-display":"","ast-hfb-below-header-display":"","ast-hfb-mobile-header-display":"","site-post-title":"","ast-breadcrumbs-content":"","ast-featured-img":"","footer-sml-layout":"","theme-transparent-header-meta":"default","adv-header-id-meta":"","stick-header-meta":"","header-above-stick-meta":"","header-main-stick-meta":"","header-below-stick-meta":"","astra-migrate-meta-layouts":"set","ast-page-background-enabled":"default","ast-page-background-meta":{"desktop":{"background-color":"var(--ast-global-color-4)","background-image":"","background-repeat":"repeat","background-position":"center center","background-size":"auto","background-attachment":"scroll","background-type":"","background-media":"","overlay-type":"","overlay-color":"","overlay-opacity":"","overlay-gradient":""},"tablet":{"background-color":"","background-image":"","background-repeat":"repeat","background-position":"center center","background-size":"auto","background-attachment":"scroll","background-type":"","background-media":"","overlay-type":"","overlay-color":"","overlay-opacity":"","overlay-gradient":""},"mobile":{"background-color":"","background-image":"","background-repeat":"repeat","background-position":"center center","background-size":"auto","background-attachment":"scroll","background-type":"","background-media":"","overlay-type":"","overlay-color":"","overlay-opacity":"","overlay-gradient":""}},"ast-content-background-meta":{"desktop":{"background-color":"var(--ast-global-color-5)","background-image":"","background-repeat":"repeat","background-position":"center center","background-size":"auto","background-attachment":"scroll","background-type":"","background-media":"","overlay-type":"","overlay-color":"","overlay-opacity":"","overlay-gradient":""},"tablet":{"background-color":"var(--ast-global-color-5)","background-image":"","background-repeat":"repeat","background-position":"center center","background-size":"auto","background-attachment":"scroll","background-type":"","background-media":"","overlay-type":"","overlay-color":"","overlay-opacity":"","overlay-gradient":""},"mobile":{"background-color":"var(--ast-global-color-5)","background-image":"","background-repeat":"repeat","background-position":"center center","background-size":"auto","background-attachment":"scroll","background-type":"","background-media":"","overlay-type":"","overlay-color":"","overlay-opacity":"","overlay-gradient":""}},"_joinchat":[]},"product_brand":[],"product_cat":[25,51,123,26,28,135,27,31,61,137,15,30],"product_tag":[44,39,40,41,171,38,37],"class_list":{"0":"post-1874","1":"product","2":"type-product","3":"status-publish","4":"has-post-thumbnail","6":"product_cat-germany-best-selling-vape","7":"product_cat-fumot-vape","8":"product_cat-italy-wholesale-vape","9":"product_cat-netherlands-hot-sale-vape","10":"product_cat-poland-hot-sale-vape","11":"product_cat-spain-best-hot-sale-vape","12":"product_cat-fance-hot-sale-vape","13":"product_cat-randm-fumot-vape","14":"product_cat-15000-puffs-disposable-vapes","15":"product_cat-rechargeable-vapes","16":"product_cat-new-vape-this-week","17":"product_cat-minimum-order-quantity-50pcs","18":"product_tag-15k-puffs-15000-vape-wholesale","19":"product_tag-fumot-vape","20":"product_tag-hot-sale-vape","21":"product_tag-original-factory-vape","22":"product_tag-randm-15000","23":"product_tag-randm-vape","24":"product_tag-wholesale-vape-price","25":"desktop-align-left","26":"tablet-align-left","27":"mobile-align-left","29":"first","30":"instock","31":"sale","32":"shipping-taxable","33":"purchasable","34":"product-type-simple"},"uagb_featured_image_src":{"full":["https:\/\/rmvapesale.com\/wp-content\/uploads\/2024\/05\/randm-vape-tornado-15k-fumot.jpg",424,589,false],"thumbnail":["https:\/\/rmvapesale.com\/wp-content\/uploads\/2024\/05\/randm-vape-tornado-15k-fumot-150x150.jpg",150,150,true],"medium":["https:\/\/rmvapesale.com\/wp-content\/uploads\/2024\/05\/randm-vape-tornado-15k-fumot-216x300.jpg",216,300,true],"medium_large":["https:\/\/rmvapesale.com\/wp-content\/uploads\/2024\/05\/randm-vape-tornado-15k-fumot.jpg",424,589,false],"large":["https:\/\/rmvapesale.com\/wp-content\/uploads\/2024\/05\/randm-vape-tornado-15k-fumot.jpg",424,589,false],"1536x1536":["https:\/\/rmvapesale.com\/wp-content\/uploads\/2024\/05\/randm-vape-tornado-15k-fumot.jpg",424,589,false],"2048x2048":["https:\/\/rmvapesale.com\/wp-content\/uploads\/2024\/05\/randm-vape-tornado-15k-fumot.jpg",424,589,false],"trp-custom-language-flag":["https:\/\/rmvapesale.com\/wp-content\/uploads\/2024\/05\/randm-vape-tornado-15k-fumot.jpg",9,12,false],"woocommerce_thumbnail":["https:\/\/rmvapesale.com\/wp-content\/uploads\/2024\/05\/randm-vape-tornado-15k-fumot-300x300.jpg",300,300,true],"woocommerce_single":["https:\/\/rmvapesale.com\/wp-content\/uploads\/2024\/05\/randm-vape-tornado-15k-fumot.jpg",424,589,false],"woocommerce_gallery_thumbnail":["https:\/\/rmvapesale.com\/wp-content\/uploads\/2024\/05\/randm-vape-tornado-15k-fumot-100x100.jpg",100,100,true],"wcpr-photo-reviews":["https:\/\/rmvapesale.com\/wp-content\/uploads\/2024\/05\/randm-vape-tornado-15k-fumot.jpg",360,500,false]},"uagb_author_info":{"display_name":"yannazhan","author_link":"https:\/\/rmvapesale.com\/da\/author\/"},"uagb_comment_info":0,"uagb_excerpt":"15K PUFFS FUMOT VAPE RANDM Wholesale Price 15K PUFFS FUMOT ORIGINAL RANDM\u00a0 Factory Price 15K PUFFS Genuine FUMOT VAPE TORNADO RANDM Discount Price Contact Amy For More Discount And Lower MOQ Vape WhatsApp: +86 17776015835","_links":{"self":[{"href":"https:\/\/rmvapesale.com\/da\/wp-json\/wp\/v2\/product\/1874","targetHints":{"allow":["GET"]}}],"collection":[{"href":"https:\/\/rmvapesale.com\/da\/wp-json\/wp\/v2\/product"}],"about":[{"href":"https:\/\/rmvapesale.com\/da\/wp-json\/wp\/v2\/types\/product"}],"replies":[{"embeddable":true,"href":"https:\/\/rmvapesale.com\/da\/wp-json\/wp\/v2\/comments?post=1874"}],"wp:featuredmedia":[{"embeddable":true,"href":"https:\/\/rmvapesale.com\/da\/wp-json\/wp\/v2\/media\/1877"}],"wp:attachment":[{"href":"https:\/\/rmvapesale.com\/da\/wp-json\/wp\/v2\/media?parent=1874"}],"wp:term":[{"taxonomy":"product_brand","embeddable":true,"href":"https:\/\/rmvapesale.com\/da\/wp-json\/wp\/v2\/product_brand?post=1874"},{"taxonomy":"product_cat","embeddable":true,"href":"https:\/\/rmvapesale.com\/da\/wp-json\/wp\/v2\/product_cat?post=1874"},{"taxonomy":"product_tag","embeddable":true,"href":"https:\/\/rmvapesale.com\/da\/wp-json\/wp\/v2\/product_tag?post=1874"}],"curies":[{"name":"wp","href":"https:\/\/api.w.org\/{rel}","templated":true}]}}