{"id":1886,"date":"2024-05-15T08:46:17","date_gmt":"2024-05-15T08:46:17","guid":{"rendered":"https:\/\/rmvapesale.com\/?post_type=product&#038;p=1886"},"modified":"2024-10-21T08:52:11","modified_gmt":"2024-10-21T08:52:11","slug":"original-randm-vape-digital-puff-12000-fumot-factory-price","status":"publish","type":"product","link":"https:\/\/rmvapesale.com\/da\/product\/original-randm-vape-digital-puff-12000-fumot-factory-price\/","title":{"rendered":"Original Randm Vape Digital Pust 12000 FUMOT Fabrikspris"},"content":{"rendered":"<h1>Original Randm Vape Digital Pust 12000 FUMOT Fabrikspris<\/h1>\n<p>Den seneste <strong>Original Randm Vape Digital Puff 12000<\/strong>, det perfekte valg til at udvide dit marked i Europa som Tyskland, Holland, Frankrig, Italien, Spanien, Schweiz, Sverige, Polen osv. Denne avancerede vaping-enhed kan ikke kun prale af fremragende ydeevne, men tilbyder ogs\u00e5 en r\u00e6kke smagsvarianter for at im\u00f8dekomme forskellige forbrugerpr\u00e6ferencer.<\/p>\n<p>The <strong>Fumot Digital Box 12000 Engangs-vape<\/strong> er udstyret med en 20 ml e-v\u00e6ske kapacitet, der giver op til 12.000 pust pr. enhed, hvilket sikrer langvarig nydelse for brugerne. Den har et integreret 850mAh genopladeligt batteri med en praktisk batteri- og e-v\u00e6skevisning, der g\u00f8r det muligt for brugerne nemt at overv\u00e5ge resterende str\u00f8m og e-v\u00e6skeniveauer for en problemfri vaping-oplevelse.<\/p>\n<p>Vi tilbyder en bred vifte af smagsvarianter, herunder Cool Mint, Watermelon Ice, Grape Ice, Blueberry Raspberry, Strawberry Watermelon og mange flere, i alt 24 unikke muligheder. For eksempel leverer Cool Mint en forfriskende og k\u00f8lig fornemmelse, mens Watermelon Ice kombinerer s\u00f8de og isede noter for en dejlig oplevelse, perfekt til varme sommerdage.<\/p>\n<p>Desuden anvender <strong>Fumot Digital Randm 12000 Engangs-vape<\/strong> avanceret nikotinsaltteknologi, tilg\u00e6ngelig i 0%, 2%, 3% og 5% nikotinkoncentrationer, hvilket giver brugerne mulighed for at v\u00e6lge det niveau, der bedst passer til deres behov.<\/p>\n<p>Som en VAPE-grossist kan du drage fordel af vores fabriks-direkte priser, hvilket sikrer maksimal omkostningseffektivitet. Vores minimumsordrem\u00e6ngde er kun 50 stykker, ideelt for grossister, der importerer e-cigaretter fra Kina for f\u00f8rste gang. Vi yder ogs\u00e5 24H kundesupport og h\u00e5ndterer alle toldklareringssager, hvilket g\u00f8r din k\u00f8bsproces nem og bekymringsfri.<\/p>\n<p><strong>Tilf\u00f8j salgschef AMY whatsapp <a href=\"https:\/\/wa.me\/8617776015835\" target=\"_blank\" rel=\"noopener\">+86-17776015835<\/a> f\u00e5 mere rabat!<\/strong><\/p>\n<p><img loading=\"lazy\" decoding=\"async\" class=\"size-medium wp-image-1814\" src=\"https:\/\/rmvapesale.com\/wp-content\/uploads\/2024\/04\/whatsapp-amy-229x300.jpg\" alt=\"whatsapp amy\" width=\"229\" height=\"300\" srcset=\"https:\/\/rmvapesale.com\/wp-content\/uploads\/2024\/04\/whatsapp-amy-229x300.jpg 229w, https:\/\/rmvapesale.com\/wp-content\/uploads\/2024\/04\/whatsapp-amy-783x1024.jpg 783w, https:\/\/rmvapesale.com\/wp-content\/uploads\/2024\/04\/whatsapp-amy-768x1005.jpg 768w, https:\/\/rmvapesale.com\/wp-content\/uploads\/2024\/04\/whatsapp-amy-600x785.jpg 600w, https:\/\/rmvapesale.com\/wp-content\/uploads\/2024\/04\/whatsapp-amy.jpg 990w\" sizes=\"auto, (max-width: 229px) 100vw, 229px\" \/><\/p>\n<h2>Specifikationer for FUMOT PUFF 12000 Engangs-vape:<\/h2>\n<p>Nikotinindhold muligheder: 0%, 2%, 3% og 5%<br \/>\nOp til 12.000 pust<br \/>\nForfyldt med 20 ml e-v\u00e6ske<br \/>\n850mAh genopladeligt batteri<br \/>\n0.9\u03a9 Mesh coil<br \/>\n40 tilg\u00e6ngelige smagsvarianter<\/p>\n<h2>Popul\u00e6r smag for randm vape Digital 12000 Pust<\/h2>\n<p>1 Cool Mint<br \/>\n2 Vandmelonis<br \/>\n3 Drueis<br \/>\n4 Bl\u00e5b\u00e6r Hindb\u00e6r <strong><span style=\"color: #ff0000\">&gt;&gt;&gt;Hot!<\/span><\/strong><br \/>\n5 Jordb\u00e6r Vandmelon<br \/>\n6 Jordb\u00e6r Banan<br \/>\n7 Lush Ice<br \/>\n8 Kirseb\u00e6r<br \/>\n9 Jordb\u00e6ris<br \/>\n10 Ispinde<br \/>\n11 Pink Lemonade <strong><span style=\"color: #ff0000\">&gt;&gt;&gt;Bedst!<\/span><\/strong><br \/>\n12 Mango p\u00e5 is<br \/>\n13 Blandede b\u00e6r<br \/>\n14 Jordb\u00e6r Donut<br \/>\n15 Jordb\u00e6r Drue<br \/>\n16 Kirseb\u00e6rcola<br \/>\n17 Dr. Bl\u00e5<br \/>\n18 Bl\u00e5b\u00e6r p\u00e5 is<br \/>\n19 Kiwi, passionsfrugt, guava<br \/>\n20 Jordb\u00e6r, kiwi<br \/>\n21 Fersken, mango<br \/>\n22 Fersken p\u00e5 is<br \/>\n23 R\u00f8dt \u00e6ble p\u00e5 is<br \/>\n24 Bl\u00e5b\u00e6r-tyggegummi<br \/>\n25 B\u00e6r-lemonade<br \/>\n26 Bl\u00e5 hindb\u00e6r-lemonade<br \/>\n27 Bl\u00e5 sur hindb\u00e6r <strong><span style=\"color: #ff0000\">&gt;&gt;&gt;Hot!<\/span><\/strong><br \/>\n28 Jordb\u00e6r Red Bull<br \/>\n29 \u00c6ble-b\u00e6rbombe<br \/>\n30 Vandmelon-tyggegummi<br \/>\n31 Hindb\u00e6r, vandmelon<br \/>\n32 Sort is<br \/>\n33 Bl\u00e5b\u00e6r, kirseb\u00e6r, traneb\u00e6r <strong><span style=\"color: #ff0000\">&gt;&gt;&gt;Hot!<\/span><\/strong><br \/>\n34 Jordb\u00e6r, granat\u00e6ble<br \/>\n35 Vimto <strong><span style=\"color: #ff0000\">&gt;&gt;&gt;Hot!<\/span><\/strong><br \/>\n36 Kirseb\u00e6r og b\u00e6r<br \/>\n37 Citron<br \/>\n38 Bingo Crush<br \/>\n39 Bl\u00e5b\u00e6r kiwi<br \/>\n40 \u00c6ble Kanel<\/p>\n<figure id=\"attachment_2480\" aria-describedby=\"caption-attachment-2480\" style=\"width: 600px\" class=\"wp-caption alignnone\"><img loading=\"lazy\" decoding=\"async\" class=\"wp-image-2480 size-full\" src=\"https:\/\/rmvapesale.com\/wp-content\/uploads\/2024\/10\/Fumot-Digital-Box-12000-Disposable-Vape.jpg\" alt=\"Fumot Digital Box 12000 Engangs-vape\" width=\"600\" height=\"600\" srcset=\"https:\/\/rmvapesale.com\/wp-content\/uploads\/2024\/10\/Fumot-Digital-Box-12000-Disposable-Vape.jpg 600w, https:\/\/rmvapesale.com\/wp-content\/uploads\/2024\/10\/Fumot-Digital-Box-12000-Disposable-Vape-300x300.jpg 300w, https:\/\/rmvapesale.com\/wp-content\/uploads\/2024\/10\/Fumot-Digital-Box-12000-Disposable-Vape-150x150.jpg 150w, https:\/\/rmvapesale.com\/wp-content\/uploads\/2024\/10\/Fumot-Digital-Box-12000-Disposable-Vape-100x100.jpg 100w\" sizes=\"auto, (max-width: 600px) 100vw, 600px\" \/><figcaption id=\"caption-attachment-2480\" class=\"wp-caption-text\">Fumot Digital Box 12000 Engangs-vape<\/figcaption><\/figure>\n<h2>Ting du m\u00e5ske vil vide om Fumot Digital Puff 12000 Vape, f\u00f8r du k\u00f8ber stort ind.<\/h2>\n<p><strong>Q1: Hvilke nikotinmuligheder er der tilg\u00e6ngelige for Fumot Randm Digital 12000 Puffs Vape?<\/strong><\/p>\n<ul>\n<li>The <strong>Original Fumot Vape Digital 12000 Puffs<\/strong> tilbyder nikotinsaltkoncentrationer p\u00e5 0%, 2%, 3% og 5%.<\/li>\n<\/ul>\n<p><strong>Q2: Hvor mange smagsvarianter er tilg\u00e6ngelige for dette produkt?<\/strong><\/p>\n<ul>\n<li>The <strong>Original Randm Digital Vape 12k Puffs<\/strong> kommer i 24 forskellige smagsvarianter, herunder Cool Mint, Watermelon Ice, Grape Ice, og flere.<\/li>\n<\/ul>\n<p><strong>Q3: Hvad er e-v\u00e6ske kapaciteten og antallet af sug til denne enhed?<\/strong><\/p>\n<ul>\n<li>The <strong>Original Randm Vape Digital Puffs 12000<\/strong> har en 20 ml e-v\u00e6ske kapacitet og giver op til 12.000 sug pr. enhed.<\/li>\n<\/ul>\n<p><strong>Q4: Er batteriet genopladeligt, og hvordan kan jeg overv\u00e5ge dets status?<\/strong><\/p>\n<ul>\n<li>Ja, det <strong>Original Randm Digital Vape 12k Puffs<\/strong> har et integreret 850mAh genopladeligt batteri med et display til at overv\u00e5ge batteri- og e-v\u00e6ske niveauer.<\/li>\n<\/ul>\n<p><strong>Q5: Hvad er minimumsbestillingsm\u00e6ngden, og hvilken support tilbyder I for nye import\u00f8rer?<\/strong><\/p>\n<ul>\n<li>Vores minimumsbestillingsm\u00e6ngde er 50 stk. Vi tilbyder 24\/7 kundesupport og h\u00e5ndterer alle toldklareringsproblemer, hvilket g\u00f8r det ideelt for f\u00f8rstegangsimport\u00f8rer fra Kina.<\/li>\n<\/ul>\n<p><strong>Q6: Hvordan er produktet pakket til engros?<\/strong><\/p>\n<ul>\n<li>The <strong>Original Fumot Digital Vape 12k Puffs<\/strong> er pakket med 10 stk. i en display\u00e6ske og 200 stk. i en karton.<\/li>\n<\/ul>\n<p><strong>Q7: Er der nogen fabrikspriser tilg\u00e6ngelige for stork\u00f8b?<\/strong><\/p>\n<ul>\n<li>Ja, vi tilbyder <strong>Original Fumot Vape Digital 12k Puffs fabrikspris<\/strong> muligheder for stork\u00f8b for at sikre, at du f\u00e5r den bedste v\u00e6rdi.<\/li>\n<\/ul>\n<p><strong>Q8: Kan jeg f\u00e5 konkurrencedygtige priser for store ordrer?<\/strong><\/p>\n<ul>\n<li>Absolut, vi leverer <strong>Original Randm Digital Vape 12k Puffs engrospris<\/strong> for at hj\u00e6lpe dig med at maksimere din vape-forretnings fortjenstmargen.<\/li>\n<\/ul>\n<p>Find flere Vape-produkter, du m\u00e5ske kan lide:<em><a href=\"https:\/\/rmvapesale.com\/da\/shop-2\/\">k\u00f8b nu\u00a0<\/a><\/em><\/p>\n<p>andre varme salg vape du m\u00e5ske kan lide:<\/p>\n<p><a href=\"https:\/\/rmvapesale.com\/da\/product\/jnr-shisha-vape-15000-puffs-wholesale-price-with-screen-vape\/\">VOPK SHISHA 15K<\/a><\/p>\n<p><a href=\"https:\/\/rmvapesale.com\/da\/product\/randm-vape-al-fakher-10000-puffs-vape-wholesale\/\">randm vape AI FAKHER 15k vape<\/a><\/p>\n<p><a href=\"https:\/\/rmvapesale.com\/da\/product\/randm-tornado-15000-puffs-15k-vape-recharge-fumot-original-vape-factory-price\/\">Fumot digital box Puff 12000<\/a><\/p>","protected":false},"excerpt":{"rendered":"<p class=\"LC20lb MBeuO DKV0Md\">Original Fumot Vape Digital 12000 Pust Fabrikspris<br \/>\nOriginal Fumot Vape Digital 12k Pust Pris K\u00f8b i l\u00f8s v\u00e6gt<br \/>\nFumot Vape RandM Digital 12000 Pris Billig<br \/>\n<strong>Kontakt Amy For Mere Rabat Og Lavere MOQ Vape<\/strong><\/p>\n<p><img loading=\"lazy\" decoding=\"async\" class=\"size-medium wp-image-1814\" src=\"https:\/\/rmvapesale.com\/wp-content\/uploads\/2024\/04\/whatsapp-amy-229x300.jpg\" alt=\"whatsapp amy\" width=\"229\" height=\"300\" srcset=\"https:\/\/rmvapesale.com\/wp-content\/uploads\/2024\/04\/whatsapp-amy-229x300.jpg 229w, https:\/\/rmvapesale.com\/wp-content\/uploads\/2024\/04\/whatsapp-amy-783x1024.jpg 783w, https:\/\/rmvapesale.com\/wp-content\/uploads\/2024\/04\/whatsapp-amy-768x1005.jpg 768w, https:\/\/rmvapesale.com\/wp-content\/uploads\/2024\/04\/whatsapp-amy-600x785.jpg 600w, https:\/\/rmvapesale.com\/wp-content\/uploads\/2024\/04\/whatsapp-amy.jpg 990w\" sizes=\"auto, (max-width: 229px) 100vw, 229px\" \/><\/p>\n<h3><span style=\"color: #ff0000\"><strong>WhatsApp: +86 17776015835<\/strong><\/span><\/h3>","protected":false},"featured_media":2485,"comment_status":"open","ping_status":"closed","template":"","meta":{"_uag_custom_page_level_css":"","_lmt_disableupdate":"no","_lmt_disable":"","site-sidebar-layout":"default","site-content-layout":"content-boxed-container","ast-site-content-layout":"normal-width-container","site-content-style":"boxed","site-sidebar-style":"unboxed","ast-global-header-display":"","ast-banner-title-visibility":"","ast-main-header-display":"","ast-hfb-above-header-display":"","ast-hfb-below-header-display":"","ast-hfb-mobile-header-display":"","site-post-title":"","ast-breadcrumbs-content":"","ast-featured-img":"","footer-sml-layout":"","theme-transparent-header-meta":"default","adv-header-id-meta":"","stick-header-meta":"","header-above-stick-meta":"","header-main-stick-meta":"","header-below-stick-meta":"","astra-migrate-meta-layouts":"set","ast-page-background-enabled":"default","ast-page-background-meta":{"desktop":{"background-color":"var(--ast-global-color-4)","background-image":"","background-repeat":"repeat","background-position":"center center","background-size":"auto","background-attachment":"scroll","background-type":"","background-media":"","overlay-type":"","overlay-color":"","overlay-opacity":"","overlay-gradient":""},"tablet":{"background-color":"","background-image":"","background-repeat":"repeat","background-position":"center center","background-size":"auto","background-attachment":"scroll","background-type":"","background-media":"","overlay-type":"","overlay-color":"","overlay-opacity":"","overlay-gradient":""},"mobile":{"background-color":"","background-image":"","background-repeat":"repeat","background-position":"center center","background-size":"auto","background-attachment":"scroll","background-type":"","background-media":"","overlay-type":"","overlay-color":"","overlay-opacity":"","overlay-gradient":""}},"ast-content-background-meta":{"desktop":{"background-color":"var(--ast-global-color-5)","background-image":"","background-repeat":"repeat","background-position":"center center","background-size":"auto","background-attachment":"scroll","background-type":"","background-media":"","overlay-type":"","overlay-color":"","overlay-opacity":"","overlay-gradient":""},"tablet":{"background-color":"var(--ast-global-color-5)","background-image":"","background-repeat":"repeat","background-position":"center center","background-size":"auto","background-attachment":"scroll","background-type":"","background-media":"","overlay-type":"","overlay-color":"","overlay-opacity":"","overlay-gradient":""},"mobile":{"background-color":"var(--ast-global-color-5)","background-image":"","background-repeat":"repeat","background-position":"center center","background-size":"auto","background-attachment":"scroll","background-type":"","background-media":"","overlay-type":"","overlay-color":"","overlay-opacity":"","overlay-gradient":""}},"_joinchat":[]},"product_brand":[],"product_cat":[25,26,28,27,31,15,30],"product_tag":[45,46,39,40,111,41,38,165,37],"class_list":{"0":"post-1886","1":"product","2":"type-product","3":"status-publish","4":"has-post-thumbnail","6":"product_cat-germany-best-selling-vape","7":"product_cat-netherlands-hot-sale-vape","8":"product_cat-poland-hot-sale-vape","9":"product_cat-fance-hot-sale-vape","10":"product_cat-randm-fumot-vape","11":"product_cat-new-vape-this-week","12":"product_cat-minimum-order-quantity-50pcs","13":"product_tag-12k-vape-puff-12000","14":"product_tag-digital-box-12000-puff-original","15":"product_tag-fumot-vape","16":"product_tag-hot-sale-vape","17":"product_tag-low-nicotine-disposable-vape","18":"product_tag-original-factory-vape","19":"product_tag-randm-vape","20":"product_tag-rechargeable-vapes","21":"product_tag-wholesale-vape-price","22":"desktop-align-left","23":"tablet-align-left","24":"mobile-align-left","26":"first","27":"instock","28":"sale","29":"shipping-taxable","30":"purchasable","31":"product-type-simple"},"uagb_featured_image_src":{"full":["https:\/\/rmvapesale.com\/wp-content\/uploads\/2024\/10\/Randm-Vape-12000-Puffs.jpg",600,600,false],"thumbnail":["https:\/\/rmvapesale.com\/wp-content\/uploads\/2024\/10\/Randm-Vape-12000-Puffs-150x150.jpg",150,150,true],"medium":["https:\/\/rmvapesale.com\/wp-content\/uploads\/2024\/10\/Randm-Vape-12000-Puffs-300x300.jpg",300,300,true],"medium_large":["https:\/\/rmvapesale.com\/wp-content\/uploads\/2024\/10\/Randm-Vape-12000-Puffs.jpg",600,600,false],"large":["https:\/\/rmvapesale.com\/wp-content\/uploads\/2024\/10\/Randm-Vape-12000-Puffs.jpg",600,600,false],"1536x1536":["https:\/\/rmvapesale.com\/wp-content\/uploads\/2024\/10\/Randm-Vape-12000-Puffs.jpg",600,600,false],"2048x2048":["https:\/\/rmvapesale.com\/wp-content\/uploads\/2024\/10\/Randm-Vape-12000-Puffs.jpg",600,600,false],"trp-custom-language-flag":["https:\/\/rmvapesale.com\/wp-content\/uploads\/2024\/10\/Randm-Vape-12000-Puffs.jpg",12,12,false],"woocommerce_thumbnail":["https:\/\/rmvapesale.com\/wp-content\/uploads\/2024\/10\/Randm-Vape-12000-Puffs-300x300.jpg",300,300,true],"woocommerce_single":["https:\/\/rmvapesale.com\/wp-content\/uploads\/2024\/10\/Randm-Vape-12000-Puffs.jpg",600,600,false],"woocommerce_gallery_thumbnail":["https:\/\/rmvapesale.com\/wp-content\/uploads\/2024\/10\/Randm-Vape-12000-Puffs-100x100.jpg",100,100,true],"wcpr-photo-reviews":["https:\/\/rmvapesale.com\/wp-content\/uploads\/2024\/10\/Randm-Vape-12000-Puffs.jpg",500,500,false]},"uagb_author_info":{"display_name":"yannazhan","author_link":"https:\/\/rmvapesale.com\/da\/author\/"},"uagb_comment_info":0,"uagb_excerpt":"Original Fumot Vape Digital 12ooo Puffs Factory Price Original Fumot Vape Digital 12k Puffs Price Bulk Buy Fumot Vape RandM Digital 12000 Price Cheap Contact Amy For More Discount And Lower MOQ Vape WhatsApp: +86 17776015835","_links":{"self":[{"href":"https:\/\/rmvapesale.com\/da\/wp-json\/wp\/v2\/product\/1886","targetHints":{"allow":["GET"]}}],"collection":[{"href":"https:\/\/rmvapesale.com\/da\/wp-json\/wp\/v2\/product"}],"about":[{"href":"https:\/\/rmvapesale.com\/da\/wp-json\/wp\/v2\/types\/product"}],"replies":[{"embeddable":true,"href":"https:\/\/rmvapesale.com\/da\/wp-json\/wp\/v2\/comments?post=1886"}],"wp:featuredmedia":[{"embeddable":true,"href":"https:\/\/rmvapesale.com\/da\/wp-json\/wp\/v2\/media\/2485"}],"wp:attachment":[{"href":"https:\/\/rmvapesale.com\/da\/wp-json\/wp\/v2\/media?parent=1886"}],"wp:term":[{"taxonomy":"product_brand","embeddable":true,"href":"https:\/\/rmvapesale.com\/da\/wp-json\/wp\/v2\/product_brand?post=1886"},{"taxonomy":"product_cat","embeddable":true,"href":"https:\/\/rmvapesale.com\/da\/wp-json\/wp\/v2\/product_cat?post=1886"},{"taxonomy":"product_tag","embeddable":true,"href":"https:\/\/rmvapesale.com\/da\/wp-json\/wp\/v2\/product_tag?post=1886"}],"curies":[{"name":"wp","href":"https:\/\/api.w.org\/{rel}","templated":true}]}}