{"id":1892,"date":"2024-05-15T09:27:34","date_gmt":"2024-05-15T09:27:34","guid":{"rendered":"https:\/\/rmvapesale.com\/?post_type=product&#038;p=1892"},"modified":"2024-10-22T08:17:31","modified_gmt":"2024-10-22T08:17:31","slug":"original-randm-tornado-9000-puffs-vape-fumot-factory-price-cheap","status":"publish","type":"product","link":"https:\/\/rmvapesale.com\/da\/product\/original-randm-tornado-9000-puffs-vape-fumot-factory-price-cheap\/","title":{"rendered":"Original RANDM TORNADO 9000 Pust Vape Fumot Fabrikspris Billig"},"content":{"rendered":"<h1>Original RANDM TORNADO 9000 Pust Vape Fumot Fabrikspris Billig<\/h1>\n<p>Fumot Vape RANDM TORNADO 9000 Puffs, en banebrydende engangs vape-enhed designet til at im\u00f8dekomme behovene hos kr\u00e6sne danske grossister. Udviklet med pr\u00e6cision og innovation lover denne enhed en enest\u00e5ende vaping-oplevelse, der kombinerer h\u00f8j ydeevne med et bredt udvalg af smagsvarianter.<\/p>\n<p>Med sine avancerede funktioner skiller Fumot vape 9000 sig ud blandt konkurrenterne. Udstyret med en mesh-coil og et integreret genopladeligt 850mAh batteri sikrer den glat og ensartet dampproduktion for langvarig forn\u00f8jelse. Enheden tilbyder et udvalg af nikotinsaltkoncentrationer fra 0% til 5%, der im\u00f8dekommer forskellige pr\u00e6ferencer.<\/p>\n<p>Men det, der virkelig adskiller RANDM TORNADO 9000, er det omfattende smagsudvalg. Med 43 fristende muligheder at v\u00e6lge imellem, inklusive klassikere som Lush Ice og Strawberry Lemonade, samt unikke blandinger som Honeydew Ice Cream og Pina Colada, er der noget for enhver smag.<\/p>\n<p>Hvis du er Vape Randm-s\u00e6lger og s\u00f8ger vape-produkter af h\u00f8j kvalitet til konkurrencedygtige priser.<\/p>\n<p><strong>Tilf\u00f8j salgschef AMY whatsapp <a href=\"https:\/\/wa.me\/8617776015835\" target=\"_blank\" rel=\"noopener\">+86-17776015835<\/a> f\u00e5 mere rabat!<\/strong><\/p>\n<p><img loading=\"lazy\" decoding=\"async\" class=\"size-medium wp-image-1814\" src=\"https:\/\/rmvapesale.com\/wp-content\/uploads\/2024\/04\/whatsapp-amy-229x300.jpg\" alt=\"whatsapp amy\" width=\"229\" height=\"300\" srcset=\"https:\/\/rmvapesale.com\/wp-content\/uploads\/2024\/04\/whatsapp-amy-229x300.jpg 229w, https:\/\/rmvapesale.com\/wp-content\/uploads\/2024\/04\/whatsapp-amy-783x1024.jpg 783w, https:\/\/rmvapesale.com\/wp-content\/uploads\/2024\/04\/whatsapp-amy-768x1005.jpg 768w, https:\/\/rmvapesale.com\/wp-content\/uploads\/2024\/04\/whatsapp-amy-600x785.jpg 600w, https:\/\/rmvapesale.com\/wp-content\/uploads\/2024\/04\/whatsapp-amy.jpg 990w\" sizes=\"auto, (max-width: 229px) 100vw, 229px\" \/><\/p>\n<h3>Specifikationer for FUMOT PUFF 9000 Engangs Vape Enhed:<\/h3>\n<p>Nikotinindhold muligheder: 0%, 2%, 3% og 5%<br \/>\nOp til 9000 sug<br \/>\nForudfyldt med 18 ml e-v\u00e6ske<br \/>\n850mAh genopladeligt batteri<br \/>\n0.9\u03a9 Mesh coil<br \/>\n43 tilg\u00e6ngelige smage p\u00e5 lager<\/p>\n<figure id=\"attachment_1930\" aria-describedby=\"caption-attachment-1930\" style=\"width: 800px\" class=\"wp-caption alignnone\"><img loading=\"lazy\" decoding=\"async\" class=\"wp-image-1930 size-full\" src=\"https:\/\/rmvapesale.com\/wp-content\/uploads\/2024\/08\/Fumot-Randm-Tornado-9000-Disposable-Vape-Gummy-Bear.png\" alt=\"Fumot Randm Tornado 9000 Engangs Vape Gummy Bear\" width=\"800\" height=\"800\" srcset=\"https:\/\/rmvapesale.com\/wp-content\/uploads\/2024\/08\/Fumot-Randm-Tornado-9000-Disposable-Vape-Gummy-Bear.png 800w, https:\/\/rmvapesale.com\/wp-content\/uploads\/2024\/08\/Fumot-Randm-Tornado-9000-Disposable-Vape-Gummy-Bear-300x300.png 300w, https:\/\/rmvapesale.com\/wp-content\/uploads\/2024\/08\/Fumot-Randm-Tornado-9000-Disposable-Vape-Gummy-Bear-150x150.png 150w, https:\/\/rmvapesale.com\/wp-content\/uploads\/2024\/08\/Fumot-Randm-Tornado-9000-Disposable-Vape-Gummy-Bear-768x768.png 768w, https:\/\/rmvapesale.com\/wp-content\/uploads\/2024\/08\/Fumot-Randm-Tornado-9000-Disposable-Vape-Gummy-Bear-600x600.png 600w, https:\/\/rmvapesale.com\/wp-content\/uploads\/2024\/08\/Fumot-Randm-Tornado-9000-Disposable-Vape-Gummy-Bear-100x100.png 100w\" sizes=\"auto, (max-width: 800px) 100vw, 800px\" \/><figcaption id=\"caption-attachment-1930\" class=\"wp-caption-text\">Fumot Randm Tornado 9000 Engangs Vape Gummy Bear<\/figcaption><\/figure>\n<h2>RANDM TORNADO 9000 Puffs Smag<\/h2>\n<p>1 Aloe Drue<br \/>\n2 Banan Kage<br \/>\n3 Sort Drage Ice<br \/>\n4 Sort Ice<br \/>\n5 Blue Razz Ice<br \/>\n6 Blue Razz Kush<br \/>\n7 Bl\u00e5b\u00e6r Kirseb\u00e6r Traneb\u00e6r<br \/>\n8 Bl\u00e5b\u00e6r Hindb\u00e6r<br \/>\n9 Bl\u00e5b\u00e6r Sur Hindb\u00e6r<br \/>\n10 Bluelicious Ice<br \/>\n11 Kirseb\u00e6r<br \/>\n12 Kirseb\u00e6r Fersken Lemonade<br \/>\n13 K\u00f8lig Mynte<br \/>\n14 Brusende Kirseb\u00e6r<br \/>\n15 Vindrue<br \/>\n16 Gummy Bj\u00f8rn<br \/>\n17 Guava Is<br \/>\n18 Is-pind<br \/>\n19 Kiwi Passionfrugt Guava<br \/>\n20 Citron &amp; Lime<br \/>\n21 Lush Ice<br \/>\n22 Blandet B\u00e6r<br \/>\n23 Hr. Bl\u00e5<br \/>\n24 Appelsin Sodavand<br \/>\n25 Fersken B\u00e6r<br \/>\n26 Fersken Lemonade<br \/>\n27 Fersken Mango Ananas<br \/>\n28 Ananas<br \/>\n29 Pink Lemonade<br \/>\n30 Regnbue Slik<br \/>\n31 Hindb\u00e6r Vandmelon<br \/>\ncURL Too many subrequests.<br \/>\n33 Sur Slik<br \/>\n34 Jordb\u00e6r Banan<br \/>\n35 Jordb\u00e6r Fl\u00f8de<br \/>\ncURL Too many subrequests.<br \/>\n37 Jordb\u00e6r Limonade<br \/>\n38 Jordb\u00e6r Hindb\u00e6r Kirseb\u00e6r Is<br \/>\n39 Jordb\u00e6r Vandmelon<br \/>\n40 Tredobbelt Mango<br \/>\n41 Vimto<br \/>\n42 Vandmelon Brazz Is<\/p>\n<p>Ting, du m\u00e5ske vil vide om Randm 9000 puffs Vape, f\u00f8r du k\u00f8ber i st\u00f8rre m\u00e6ngder.<\/p>\n<h4>FAQ:<\/h4>\n<p><strong>Sp\u00f8rgsm\u00e5l: Hvad er priss\u00e6tningen for Fumot RANDM TORNADO 9000?<\/strong><\/p>\n<p>A: Vi tilbyder konkurrencedygtige fabrikspriser for den originale Randm Vape Enhed Puffs 9000, b\u00e5de for individuelle enheder og st\u00f8rre ordrer.<\/p>\n<p><strong>Sp\u00f8rgsm\u00e5l: Er der engrospriser tilg\u00e6ngelige for Fumot RANDM TORNADO 9000?<\/strong><\/p>\n<p>A: Ja, vi tilbyder engrospriser for det originale Randm Vape Kit 9000 Puffs, som henvender sig til grossister, der \u00f8nsker at k\u00f8be i st\u00f8rre m\u00e6ngder.<\/p>\n<p><strong>Sp\u00f8rgsm\u00e5l: Hvad er pristrinnene for st\u00f8rre ordrer af Fumot RANDM TORNADO 9000?<\/strong><\/p>\n<p>A: Vi tilbyder attraktive m\u00e6ngderabatter p\u00e5 Original Randm Vape Pod Puffs 9000, hvilket sikrer besparelser for grossister, der k\u00f8ber i st\u00f8rre m\u00e6ngder.<\/p>\n<p><strong>Q: Tilbyder I specielle priser for f\u00f8rstegangsimport\u00f8rer?<\/strong><\/p>\n<p>A: Ja, vi tilbyder konkurrencedygtige priser p\u00e5 Fumot RANDM TORNADO 9000, hvilket g\u00f8r den til et ideelt valg for f\u00f8rstegangsimport\u00f8rer af e-cigaretter i Danmark.<\/p>\n<p>Find flere Vape-produkter, du m\u00e5ske kan lide:<em><a href=\"https:\/\/rmvapesale.com\/da\/shop-2\/\">k\u00f8b nu\u00a0<\/a><\/em><\/p>\n<p>andre varme salg vape du m\u00e5ske kan lide:<\/p>\n<p><a href=\"https:\/\/rmvapesale.com\/da\/product\/jnr-shisha-vape-15000-puffs-wholesale-price-with-screen-vape\/\">VOPK SHISHA 15K\/ <\/a><a href=\"https:\/\/rmvapesale.com\/da\/product\/randm-vape-al-fakher-10000-puffs-vape-wholesale\/\">randm vape AI FAKHER 15k vape\/<\/a><a href=\"https:\/\/rmvapesale.com\/da\/product\/randm-tornado-15000-puffs-15k-vape-recharge-fumot-original-vape-factory-price\/\">Fumot digital box Puff 12000<\/a><\/p>","protected":false},"excerpt":{"rendered":"<p class=\"LC20lb MBeuO DKV0Md\">Billig Pris 9000 Puffs Vape Enhed Original Fumot<br \/>\nK\u00f8b i Bulk 9000 Puffs Vape Enhed Original Randm<br \/>\nEngrospris 9000 Puffs Vape Kit Original Fumot<br \/>\n<strong>Kontakt Amy For Mere Rabat Og Lavere MOQ Vape<\/strong><\/p>\n<p><img loading=\"lazy\" decoding=\"async\" class=\"size-medium wp-image-1814\" src=\"https:\/\/rmvapesale.com\/wp-content\/uploads\/2024\/04\/whatsapp-amy-229x300.jpg\" alt=\"whatsapp amy\" width=\"229\" height=\"300\" srcset=\"https:\/\/rmvapesale.com\/wp-content\/uploads\/2024\/04\/whatsapp-amy-229x300.jpg 229w, https:\/\/rmvapesale.com\/wp-content\/uploads\/2024\/04\/whatsapp-amy-783x1024.jpg 783w, https:\/\/rmvapesale.com\/wp-content\/uploads\/2024\/04\/whatsapp-amy-768x1005.jpg 768w, https:\/\/rmvapesale.com\/wp-content\/uploads\/2024\/04\/whatsapp-amy-600x785.jpg 600w, https:\/\/rmvapesale.com\/wp-content\/uploads\/2024\/04\/whatsapp-amy.jpg 990w\" sizes=\"auto, (max-width: 229px) 100vw, 229px\" \/><\/p>\n<h3><span style=\"color: #ff0000\"><strong>WhatsApp: +86 17776015835<\/strong><\/span><\/h3>","protected":false},"featured_media":1887,"comment_status":"open","ping_status":"closed","template":"","meta":{"_uag_custom_page_level_css":"","_lmt_disableupdate":"no","_lmt_disable":"","site-sidebar-layout":"default","site-content-layout":"content-boxed-container","ast-site-content-layout":"normal-width-container","site-content-style":"boxed","site-sidebar-style":"unboxed","ast-global-header-display":"","ast-banner-title-visibility":"","ast-main-header-display":"","ast-hfb-above-header-display":"","ast-hfb-below-header-display":"","ast-hfb-mobile-header-display":"","site-post-title":"","ast-breadcrumbs-content":"","ast-featured-img":"","footer-sml-layout":"","theme-transparent-header-meta":"default","adv-header-id-meta":"","stick-header-meta":"","header-above-stick-meta":"","header-main-stick-meta":"","header-below-stick-meta":"","astra-migrate-meta-layouts":"set","ast-page-background-enabled":"default","ast-page-background-meta":{"desktop":{"background-color":"var(--ast-global-color-4)","background-image":"","background-repeat":"repeat","background-position":"center center","background-size":"auto","background-attachment":"scroll","background-type":"","background-media":"","overlay-type":"","overlay-color":"","overlay-opacity":"","overlay-gradient":""},"tablet":{"background-color":"","background-image":"","background-repeat":"repeat","background-position":"center center","background-size":"auto","background-attachment":"scroll","background-type":"","background-media":"","overlay-type":"","overlay-color":"","overlay-opacity":"","overlay-gradient":""},"mobile":{"background-color":"","background-image":"","background-repeat":"repeat","background-position":"center center","background-size":"auto","background-attachment":"scroll","background-type":"","background-media":"","overlay-type":"","overlay-color":"","overlay-opacity":"","overlay-gradient":""}},"ast-content-background-meta":{"desktop":{"background-color":"var(--ast-global-color-5)","background-image":"","background-repeat":"repeat","background-position":"center center","background-size":"auto","background-attachment":"scroll","background-type":"","background-media":"","overlay-type":"","overlay-color":"","overlay-opacity":"","overlay-gradient":""},"tablet":{"background-color":"var(--ast-global-color-5)","background-image":"","background-repeat":"repeat","background-position":"center center","background-size":"auto","background-attachment":"scroll","background-type":"","background-media":"","overlay-type":"","overlay-color":"","overlay-opacity":"","overlay-gradient":""},"mobile":{"background-color":"var(--ast-global-color-5)","background-image":"","background-repeat":"repeat","background-position":"center center","background-size":"auto","background-attachment":"scroll","background-type":"","background-media":"","overlay-type":"","overlay-color":"","overlay-opacity":"","overlay-gradient":""}},"_joinchat":[]},"product_brand":[],"product_cat":[25,52,51,123,26,28,135,27,31,137,15,30],"product_tag":[47,39,40,41,181,38,37],"class_list":{"0":"post-1892","1":"product","2":"type-product","3":"status-publish","4":"has-post-thumbnail","6":"product_cat-germany-best-selling-vape","7":"product_cat-9000-puffs-disposable-vapes","8":"product_cat-fumot-vape","9":"product_cat-italy-wholesale-vape","10":"product_cat-netherlands-hot-sale-vape","11":"product_cat-poland-hot-sale-vape","12":"product_cat-spain-best-hot-sale-vape","13":"product_cat-fance-hot-sale-vape","14":"product_cat-randm-fumot-vape","15":"product_cat-rechargeable-vapes","16":"product_cat-new-vape-this-week","17":"product_cat-minimum-order-quantity-50pcs","18":"product_tag-9000-puffs-vape","19":"product_tag-fumot-vape","20":"product_tag-hot-sale-vape","21":"product_tag-original-factory-vape","22":"product_tag-randm-tornado-9000","23":"product_tag-randm-vape","24":"product_tag-wholesale-vape-price","25":"desktop-align-left","26":"tablet-align-left","27":"mobile-align-left","29":"first","30":"instock","31":"sale","32":"shipping-taxable","33":"purchasable","34":"product-type-simple"},"uagb_featured_image_src":{"full":["https:\/\/rmvapesale.com\/wp-content\/uploads\/2024\/05\/RM-TORNADO-VAPE-DISPOSABEL-9000-PUFFS.png",600,600,false],"thumbnail":["https:\/\/rmvapesale.com\/wp-content\/uploads\/2024\/05\/RM-TORNADO-VAPE-DISPOSABEL-9000-PUFFS-150x150.png",150,150,true],"medium":["https:\/\/rmvapesale.com\/wp-content\/uploads\/2024\/05\/RM-TORNADO-VAPE-DISPOSABEL-9000-PUFFS-300x300.png",300,300,true],"medium_large":["https:\/\/rmvapesale.com\/wp-content\/uploads\/2024\/05\/RM-TORNADO-VAPE-DISPOSABEL-9000-PUFFS.png",600,600,false],"large":["https:\/\/rmvapesale.com\/wp-content\/uploads\/2024\/05\/RM-TORNADO-VAPE-DISPOSABEL-9000-PUFFS.png",600,600,false],"1536x1536":["https:\/\/rmvapesale.com\/wp-content\/uploads\/2024\/05\/RM-TORNADO-VAPE-DISPOSABEL-9000-PUFFS.png",600,600,false],"2048x2048":["https:\/\/rmvapesale.com\/wp-content\/uploads\/2024\/05\/RM-TORNADO-VAPE-DISPOSABEL-9000-PUFFS.png",600,600,false],"trp-custom-language-flag":["https:\/\/rmvapesale.com\/wp-content\/uploads\/2024\/05\/RM-TORNADO-VAPE-DISPOSABEL-9000-PUFFS.png",12,12,false],"woocommerce_thumbnail":["https:\/\/rmvapesale.com\/wp-content\/uploads\/2024\/05\/RM-TORNADO-VAPE-DISPOSABEL-9000-PUFFS-300x300.png",300,300,true],"woocommerce_single":["https:\/\/rmvapesale.com\/wp-content\/uploads\/2024\/05\/RM-TORNADO-VAPE-DISPOSABEL-9000-PUFFS.png",600,600,false],"woocommerce_gallery_thumbnail":["https:\/\/rmvapesale.com\/wp-content\/uploads\/2024\/05\/RM-TORNADO-VAPE-DISPOSABEL-9000-PUFFS-100x100.png",100,100,true],"wcpr-photo-reviews":["https:\/\/rmvapesale.com\/wp-content\/uploads\/2024\/05\/RM-TORNADO-VAPE-DISPOSABEL-9000-PUFFS.png",500,500,false]},"uagb_author_info":{"display_name":"yannazhan","author_link":"https:\/\/rmvapesale.com\/da\/author\/"},"uagb_comment_info":0,"uagb_excerpt":"Cheap Price 9ooo Puffs Vape Device Original Fumot Bulk Buy 9ooo Puffs Vape Device Original Randm Wholesale Price 9ooo Puffs Vape Kit Original Fumot Contact Amy For More Discount And Lower MOQ Vape WhatsApp: +86 17776015835","_links":{"self":[{"href":"https:\/\/rmvapesale.com\/da\/wp-json\/wp\/v2\/product\/1892","targetHints":{"allow":["GET"]}}],"collection":[{"href":"https:\/\/rmvapesale.com\/da\/wp-json\/wp\/v2\/product"}],"about":[{"href":"https:\/\/rmvapesale.com\/da\/wp-json\/wp\/v2\/types\/product"}],"replies":[{"embeddable":true,"href":"https:\/\/rmvapesale.com\/da\/wp-json\/wp\/v2\/comments?post=1892"}],"wp:featuredmedia":[{"embeddable":true,"href":"https:\/\/rmvapesale.com\/da\/wp-json\/wp\/v2\/media\/1887"}],"wp:attachment":[{"href":"https:\/\/rmvapesale.com\/da\/wp-json\/wp\/v2\/media?parent=1892"}],"wp:term":[{"taxonomy":"product_brand","embeddable":true,"href":"https:\/\/rmvapesale.com\/da\/wp-json\/wp\/v2\/product_brand?post=1892"},{"taxonomy":"product_cat","embeddable":true,"href":"https:\/\/rmvapesale.com\/da\/wp-json\/wp\/v2\/product_cat?post=1892"},{"taxonomy":"product_tag","embeddable":true,"href":"https:\/\/rmvapesale.com\/da\/wp-json\/wp\/v2\/product_tag?post=1892"}],"curies":[{"name":"wp","href":"https:\/\/api.w.org\/{rel}","templated":true}]}}