{"id":1893,"date":"2024-09-18T08:33:25","date_gmt":"2024-09-18T08:33:25","guid":{"rendered":"https:\/\/rmvapesale.com\/?post_type=product&#038;p=1893"},"modified":"2025-01-20T03:56:18","modified_gmt":"2025-01-20T03:56:18","slug":"wga-crystal-plus-20000-puff-dual-flavour-disposable-vape","status":"publish","type":"product","link":"https:\/\/rmvapesale.com\/da\/product\/wga-crystal-plus-20000-puff-dual-flavour-disposable-vape\/","title":{"rendered":"WGA Crystal Plus 20000 sug Dobbelt smag engangs vape"},"content":{"rendered":"<h1>WGA Crystal Plus 20000 sug Dobbelt smag engangs vape<\/h1>\n<p>Vi introducerer WGA Crystal Plus 20000 Puffs Vape, en revolutionerende vapeenhed designet til ultimativ bekvemmelighed og alsidighed. Udstyret med et genopladeligt 650mAh batteri og et imponerende antal pust p\u00e5 omkring 20.000, tilbyder denne vape langvarig nydelse uden hyppige genopladninger. Dets innovative dobbelte mesh-system lader dig nemt skifte mellem to smage ved at skubbe mundstykket, hvilket sikrer, at hvert pust er glat og smagfuldt. Med en sk\u00e6rm og USB Type-C opladning, l\u00f8fter WGA Crystal Plus 20K din vapingoplevelse. Sig farvel til middelm\u00e5dige engangsvapes og omfavn 2-i-1 forn\u00f8jelsen af WGA Crystal Plus!<\/p>\n<p><strong>Tilf\u00f8j\u00a0AMY whatsapp <a href=\"https:\/\/wa.me\/8617776015835\" target=\"_blank\" rel=\"noopener\">+86-17776015835<\/a> f\u00e5 mere rabat!<\/strong><\/p>\n<p><img loading=\"lazy\" decoding=\"async\" class=\"size-full wp-image-1978\" src=\"https:\/\/rmvapesale.com\/wp-content\/uploads\/2024\/09\/Disposable-Vape-Wholesale.jpg\" alt=\"Engrospriser p\u00e5 engangsvape\" width=\"229\" height=\"300\" \/><\/p>\n<h2>Specifikationer FOR WGA Crystal Plus 20000<\/h2>\n<p>Pust: 20000 pust<br \/>\nBatteri: 650mAh<br \/>\nE-v\u00e6ske: 15ml*2<br \/>\nNikotinstyrke: 2% 5%<br \/>\nType C Genopladelig<\/p>\n<h2><\/h2>\n<p>&nbsp;<\/p>\n<h2>Smagsliste<\/h2>\n<p>&nbsp;<\/p>\n<p>1. Bl\u00e5 Hindb\u00e6r Kirseb\u00e6r<br \/>\n2. Bl\u00e5 Hindb\u00e6r Gummibamser<br \/>\n3. Bl\u00e5 Hindb\u00e6r Limonade<br \/>\n4. Bl\u00e5b\u00e6r Candyfloss<br \/>\n5. Frisk mynte<br \/>\n6. Gummibj\u00f8rn<br \/>\n7. Heisenberg<br \/>\n8. Jolly Ranger<br \/>\n9. Saftig fersken<br \/>\n10. Citron<br \/>\n11. Ananas is<br \/>\n12. Ananas citron<br \/>\n13. Sommerdr\u00f8m<br \/>\n14. Jordb\u00e6ris<br \/>\n15. Jordb\u00e6r hindb\u00e6r is<br \/>\n16. Triple mango<br \/>\n17. Vandmelon is<br \/>\n18. Vandmelon Hubba Bubba<\/p>\n<figure id=\"attachment_2030\" aria-describedby=\"caption-attachment-2030\" style=\"width: 788px\" class=\"wp-caption alignnone\"><img loading=\"lazy\" decoding=\"async\" class=\"wp-image-2030 size-full\" src=\"https:\/\/rmvapesale.com\/wp-content\/uploads\/2024\/09\/WGA-Crystal-Plus-20K-Vape.jpg\" alt=\"WGA Crystal Plus 20K Vape\" width=\"788\" height=\"788\" srcset=\"https:\/\/rmvapesale.com\/wp-content\/uploads\/2024\/09\/WGA-Crystal-Plus-20K-Vape.jpg 788w, https:\/\/rmvapesale.com\/wp-content\/uploads\/2024\/09\/WGA-Crystal-Plus-20K-Vape-300x300.jpg 300w, https:\/\/rmvapesale.com\/wp-content\/uploads\/2024\/09\/WGA-Crystal-Plus-20K-Vape-150x150.jpg 150w, https:\/\/rmvapesale.com\/wp-content\/uploads\/2024\/09\/WGA-Crystal-Plus-20K-Vape-768x768.jpg 768w, https:\/\/rmvapesale.com\/wp-content\/uploads\/2024\/09\/WGA-Crystal-Plus-20K-Vape-600x600.jpg 600w, https:\/\/rmvapesale.com\/wp-content\/uploads\/2024\/09\/WGA-Crystal-Plus-20K-Vape-100x100.jpg 100w\" sizes=\"auto, (max-width: 788px) 100vw, 788px\" \/><figcaption id=\"caption-attachment-2030\" class=\"wp-caption-text\">WGA Crystal Plus 20K Vape<\/figcaption><\/figure>\n<h4><\/h4>\n<h4>FAQ:<\/h4>\n<p>&nbsp;<\/p>\n<p><strong>1. Hvor l\u00e6nge holder en WGA Crystal Plus 20000 enhed?<\/strong><br \/>\nVed korrekt brug kan hver enhed levere omkring 20.000 sug, hvilket for de fleste brugere vil vare i flere uger.<\/p>\n<p><strong>2. Kan jeg genoplade WGA Crystal Plus 20K?<\/strong><br \/>\nMens de fleste versioner ikke kan genoplades, kan nogle nyere modeller have et genopladeligt batteri.<\/p>\n<p><strong>3. Hvordan skifter jeg mellem de to smage?<\/strong><br \/>\nDu skal blot skubbe mundstykket for at skifte mellem de to smagstanke.<\/p>\n<p><strong>4. Er WGA Crystal Plus 20000 velegnet til begyndere?<\/strong><br \/>\nAbsolut! Dets brugervenlige design g\u00f8r den perfekt til b\u00e5de nye og erfarne dampere.<\/p>\n<p>&nbsp;<\/p>\n<p>Andre hot-sale vapes du m\u00e5ske kan lide:<\/p>\n<p><a href=\"https:\/\/rmvapesale.com\/da\/product\/waspe-12000-puffs-disposable-vape-pen\/\"><strong>Waspe 12000 12K sug<\/strong><\/a><em><a href=\"https:\/\/rmvapesale.com\/da\/product\/waspe-12000-puffs-disposable-vape-pen\/\"><strong> &gt;&gt;&gt;K\u00f8b<\/strong><\/a><\/em><\/p>\n<p><a href=\"https:\/\/rmvapesale.com\/da\/product\/vapme-shisha-hookah-15000-puffs-vape-0-2-nicotine\/\"><strong>Vapme Shisha Hookah 15K sug<\/strong><\/a><em><strong><a href=\"https:\/\/rmvapesale.com\/da\/product\/waspe-12000-puffs-disposable-vape-pen\/\">&gt;&gt;&gt;K\u00f8b<\/a><\/strong><\/em><\/p>\n<p><a href=\"https:\/\/rmvapesale.com\/da\/product\/fihp-shisha-hookah-15000-pro-disposable-vape-wholesale\/\"><strong>FIHP 15000 sug <\/strong><\/a><strong><em><a href=\"https:\/\/rmvapesale.com\/da\/product\/waspe-12000-puffs-disposable-vape-pen\/\">&gt;&gt;&gt;K\u00f8b<\/a><\/em><\/strong><\/p>\n<p>&nbsp;<\/p>\n<p>&nbsp;<\/p>\n<p>Find flere Vape-produkter, du m\u00e5ske kan lide:<em><a href=\"https:\/\/rmvapesale.com\/da\/shop-2\/\">k\u00f8b nu\u00a0<\/a><\/em><\/p>\n<p>&nbsp;<\/p>","protected":false},"excerpt":{"rendered":"<p class=\"LC20lb MBeuO DKV0Md\">WGA Crystal Plus 20000 Vape 2-i-1 Genopladelig Vape<br \/>\nWGA Crystal Plus 20000 Engangs Vape 2-i-1 Smage<br \/>\nWGA Crystal Plus 20000 Pust \u2013 Dual Flavour Engangs Vape<br \/>\n<strong>Kontakt Amy For Mere Rabat Og Lavere MOQ Vape<\/strong><\/p>\n<p><img loading=\"lazy\" decoding=\"async\" class=\"size-medium wp-image-1814\" src=\"https:\/\/rmvapesale.com\/wp-content\/uploads\/2024\/04\/whatsapp-amy-229x300.jpg\" alt=\"whatsapp amy\" width=\"229\" height=\"300\" srcset=\"https:\/\/rmvapesale.com\/wp-content\/uploads\/2024\/04\/whatsapp-amy-229x300.jpg 229w, https:\/\/rmvapesale.com\/wp-content\/uploads\/2024\/04\/whatsapp-amy-783x1024.jpg 783w, https:\/\/rmvapesale.com\/wp-content\/uploads\/2024\/04\/whatsapp-amy-768x1005.jpg 768w, https:\/\/rmvapesale.com\/wp-content\/uploads\/2024\/04\/whatsapp-amy-600x785.jpg 600w, https:\/\/rmvapesale.com\/wp-content\/uploads\/2024\/04\/whatsapp-amy.jpg 990w\" sizes=\"auto, (max-width: 229px) 100vw, 229px\" \/><\/p>\n<h3><span style=\"color: #ff0000\"><strong>WhatsApp: +86 17776015835<\/strong><\/span><\/h3>","protected":false},"featured_media":2036,"comment_status":"open","ping_status":"closed","template":"","meta":{"_uag_custom_page_level_css":"","_lmt_disableupdate":"no","_lmt_disable":"","site-sidebar-layout":"default","site-content-layout":"content-boxed-container","ast-site-content-layout":"normal-width-container","site-content-style":"boxed","site-sidebar-style":"unboxed","ast-global-header-display":"","ast-banner-title-visibility":"","ast-main-header-display":"","ast-hfb-above-header-display":"","ast-hfb-below-header-display":"","ast-hfb-mobile-header-display":"","site-post-title":"","ast-breadcrumbs-content":"","ast-featured-img":"","footer-sml-layout":"","theme-transparent-header-meta":"default","adv-header-id-meta":"","stick-header-meta":"","header-above-stick-meta":"","header-main-stick-meta":"","header-below-stick-meta":"","astra-migrate-meta-layouts":"set","ast-page-background-enabled":"default","ast-page-background-meta":{"desktop":{"background-color":"var(--ast-global-color-4)","background-image":"","background-repeat":"repeat","background-position":"center center","background-size":"auto","background-attachment":"scroll","background-type":"","background-media":"","overlay-type":"","overlay-color":"","overlay-opacity":"","overlay-gradient":""},"tablet":{"background-color":"","background-image":"","background-repeat":"repeat","background-position":"center center","background-size":"auto","background-attachment":"scroll","background-type":"","background-media":"","overlay-type":"","overlay-color":"","overlay-opacity":"","overlay-gradient":""},"mobile":{"background-color":"","background-image":"","background-repeat":"repeat","background-position":"center center","background-size":"auto","background-attachment":"scroll","background-type":"","background-media":"","overlay-type":"","overlay-color":"","overlay-opacity":"","overlay-gradient":""}},"ast-content-background-meta":{"desktop":{"background-color":"var(--ast-global-color-5)","background-image":"","background-repeat":"repeat","background-position":"center center","background-size":"auto","background-attachment":"scroll","background-type":"","background-media":"","overlay-type":"","overlay-color":"","overlay-opacity":"","overlay-gradient":""},"tablet":{"background-color":"var(--ast-global-color-5)","background-image":"","background-repeat":"repeat","background-position":"center center","background-size":"auto","background-attachment":"scroll","background-type":"","background-media":"","overlay-type":"","overlay-color":"","overlay-opacity":"","overlay-gradient":""},"mobile":{"background-color":"var(--ast-global-color-5)","background-image":"","background-repeat":"repeat","background-position":"center center","background-size":"auto","background-attachment":"scroll","background-type":"","background-media":"","overlay-type":"","overlay-color":"","overlay-opacity":"","overlay-gradient":""}},"_joinchat":[]},"product_brand":[],"product_cat":[25,289,290,291,292,298,293,295,299,283,255,123,26,28,135,27,137,136,15,30],"product_tag":[66,64,40,41,65,37],"class_list":{"0":"post-1893","1":"product","2":"type-product","3":"status-publish","4":"has-post-thumbnail","6":"product_cat-germany-best-selling-vape","7":"product_cat-big-puffs-disposable-vapes","8":"product_cat-crystal-disposable-vapes","9":"product_cat-dual-mesh-disposable-vapes","10":"product_cat-digital-disposable-vapes","11":"product_cat-double-flavor-disposable-vapes","12":"product_cat-low-nicotine-disposable-vapes","13":"product_cat-rechargeable-disposable-vapes","14":"product_cat-smart-screen-disposable-vapes","15":"product_cat-wga-vape","16":"product_cat-20000-puff-disposable-vape","17":"product_cat-italy-wholesale-vape","18":"product_cat-netherlands-hot-sale-vape","19":"product_cat-poland-hot-sale-vape","20":"product_cat-spain-best-hot-sale-vape","21":"product_cat-fance-hot-sale-vape","22":"product_cat-rechargeable-vapes","23":"product_cat-smart-screen-vapes","24":"product_cat-new-vape-this-week","25":"product_cat-minimum-order-quantity-50pcs","26":"product_tag-disposable-vape","27":"product_tag-dual-flavour-vape","28":"product_tag-hot-sale-vape","29":"product_tag-original-factory-vape","30":"product_tag-wga-crystal-plus-20000","31":"product_tag-wholesale-vape-price","32":"desktop-align-left","33":"tablet-align-left","34":"mobile-align-left","36":"first","37":"instock","38":"sale","39":"shipping-taxable","40":"purchasable","41":"product-type-simple"},"uagb_featured_image_src":{"full":["https:\/\/rmvapesale.com\/wp-content\/uploads\/2024\/09\/WGA-Crystal-Plus-20000-Vape.png",800,800,false],"thumbnail":["https:\/\/rmvapesale.com\/wp-content\/uploads\/2024\/09\/WGA-Crystal-Plus-20000-Vape-150x150.png",150,150,true],"medium":["https:\/\/rmvapesale.com\/wp-content\/uploads\/2024\/09\/WGA-Crystal-Plus-20000-Vape-300x300.png",300,300,true],"medium_large":["https:\/\/rmvapesale.com\/wp-content\/uploads\/2024\/09\/WGA-Crystal-Plus-20000-Vape-768x768.png",768,768,true],"large":["https:\/\/rmvapesale.com\/wp-content\/uploads\/2024\/09\/WGA-Crystal-Plus-20000-Vape.png",800,800,false],"1536x1536":["https:\/\/rmvapesale.com\/wp-content\/uploads\/2024\/09\/WGA-Crystal-Plus-20000-Vape.png",800,800,false],"2048x2048":["https:\/\/rmvapesale.com\/wp-content\/uploads\/2024\/09\/WGA-Crystal-Plus-20000-Vape.png",800,800,false],"trp-custom-language-flag":["https:\/\/rmvapesale.com\/wp-content\/uploads\/2024\/09\/WGA-Crystal-Plus-20000-Vape.png",12,12,false],"woocommerce_thumbnail":["https:\/\/rmvapesale.com\/wp-content\/uploads\/2024\/09\/WGA-Crystal-Plus-20000-Vape-300x300.png",300,300,true],"woocommerce_single":["https:\/\/rmvapesale.com\/wp-content\/uploads\/2024\/09\/WGA-Crystal-Plus-20000-Vape-600x600.png",600,600,true],"woocommerce_gallery_thumbnail":["https:\/\/rmvapesale.com\/wp-content\/uploads\/2024\/09\/WGA-Crystal-Plus-20000-Vape-100x100.png",100,100,true],"wcpr-photo-reviews":["https:\/\/rmvapesale.com\/wp-content\/uploads\/2024\/09\/WGA-Crystal-Plus-20000-Vape.png",500,500,false]},"uagb_author_info":{"display_name":"yannazhan","author_link":"https:\/\/rmvapesale.com\/da\/author\/"},"uagb_comment_info":0,"uagb_excerpt":"WGA Crystal Plus 20000 Vape 2-in-1 Rechargeable Vape WGA Crystal Plus 20000 Disposable Vape 2-in-1 Flavours WGA Crystal Plus 20000 Puff \u2013 Dual Flavour Disposable Vape Contact Amy For More Discount And Lower MOQ Vape WhatsApp: +86 17776015835","_links":{"self":[{"href":"https:\/\/rmvapesale.com\/da\/wp-json\/wp\/v2\/product\/1893","targetHints":{"allow":["GET"]}}],"collection":[{"href":"https:\/\/rmvapesale.com\/da\/wp-json\/wp\/v2\/product"}],"about":[{"href":"https:\/\/rmvapesale.com\/da\/wp-json\/wp\/v2\/types\/product"}],"replies":[{"embeddable":true,"href":"https:\/\/rmvapesale.com\/da\/wp-json\/wp\/v2\/comments?post=1893"}],"wp:featuredmedia":[{"embeddable":true,"href":"https:\/\/rmvapesale.com\/da\/wp-json\/wp\/v2\/media\/2036"}],"wp:attachment":[{"href":"https:\/\/rmvapesale.com\/da\/wp-json\/wp\/v2\/media?parent=1893"}],"wp:term":[{"taxonomy":"product_brand","embeddable":true,"href":"https:\/\/rmvapesale.com\/da\/wp-json\/wp\/v2\/product_brand?post=1893"},{"taxonomy":"product_cat","embeddable":true,"href":"https:\/\/rmvapesale.com\/da\/wp-json\/wp\/v2\/product_cat?post=1893"},{"taxonomy":"product_tag","embeddable":true,"href":"https:\/\/rmvapesale.com\/da\/wp-json\/wp\/v2\/product_tag?post=1893"}],"curies":[{"name":"wp","href":"https:\/\/api.w.org\/{rel}","templated":true}]}}