{"id":1940,"date":"2024-08-27T07:55:11","date_gmt":"2024-08-27T07:55:11","guid":{"rendered":"https:\/\/rmvapesale.com\/?post_type=product&#038;p=1940"},"modified":"2024-11-04T09:58:31","modified_gmt":"2024-11-04T09:58:31","slug":"randm-tornado-15000-puffs-vape-wholesale","status":"publish","type":"product","link":"https:\/\/rmvapesale.com\/da\/product\/randm-tornado-15000-puffs-vape-wholesale\/","title":{"rendered":"RandM Tornado 15000 Puffs Vape Engros"},"content":{"rendered":"<h1>RandM Tornado 15000 Puffs Vape Engros<\/h1>\n<p>Engangsvapes er blevet popul\u00e6re med deres brede udvalg af smage og brugervenlighed. Leder du efter den bedste pris p\u00e5 en engangsvape? RandM Tornado 15000 Puffs anbefales st\u00e6rkt for dens imponerende funktioner. Den er designet med et genopladeligt 850mAh-batteri, der kan levere op til 15.000 sug. Her i vores butik kan du k\u00f8be RandM Tornado 15000 puffs vape til engrospris.<\/p>\n<p>Tornado 15000 har et nyt design med et 850mAh genopladeligt batteri, der hurtigt oplades via en USB-C-port, hvilket muligg\u00f8r effektiv genopladning. RandM Tornado 15000 engangsvape kommer med mesh coil-teknologi, hvilket giver en bl\u00f8dere og mere behagelig dampoplevelse p\u00e5 tv\u00e6rs af dets udvalg af smage.<\/p>\n<p>Frem for alt er RM 15000 virkelig en omkostningseffektiv vape, du b\u00f8r pr\u00f8ve!<\/p>\n<p><strong>Kontakt Amy for at f\u00e5 det rigtige svar og engrospris!<\/strong><\/p>\n<p><img loading=\"lazy\" decoding=\"async\" class=\"size-medium wp-image-1814\" src=\"https:\/\/rmvapesale.com\/wp-content\/uploads\/2024\/04\/whatsapp-amy-229x300.jpg\" alt=\"whatsapp amy\" width=\"229\" height=\"300\" srcset=\"https:\/\/rmvapesale.com\/wp-content\/uploads\/2024\/04\/whatsapp-amy-229x300.jpg 229w, https:\/\/rmvapesale.com\/wp-content\/uploads\/2024\/04\/whatsapp-amy-783x1024.jpg 783w, https:\/\/rmvapesale.com\/wp-content\/uploads\/2024\/04\/whatsapp-amy-768x1005.jpg 768w, https:\/\/rmvapesale.com\/wp-content\/uploads\/2024\/04\/whatsapp-amy-600x785.jpg 600w, https:\/\/rmvapesale.com\/wp-content\/uploads\/2024\/04\/whatsapp-amy.jpg 990w\" sizes=\"auto, (max-width: 229px) 100vw, 229px\" \/><\/p>\n<h2><strong>Hvad g\u00f8r FUMOT RandM Tornado 15000 til en unik engangsvape?<\/strong><\/h2>\n<p>Med super specifikationer skiller RANDM VAPE 15K TORNADO Authentic sig ud som en af de h\u00f8jeste kapaciteter blandt engangsvapes p\u00e5 markedet.<\/p>\n<p>Nikotinindhold muligheder: 0%, 2%, 3% og 5%<br \/>\nOp til 15000 sug<br \/>\nForudfyldt med 25 ml e-v\u00e6ske<br \/>\n850mAh genopladeligt batteri<br \/>\n0.9\u03a9 Mesh coil<br \/>\n41 tilg\u00e6ngelige smagsvarianter<\/p>\n<h2><strong>Hvilken er den bedste smag for RandM Tornado 15k puffs vape?<\/strong><\/h2>\n<p>Mr blue er uden tvivl den mest popul\u00e6re smag for RandM Tornado 15000, du b\u00f8r pr\u00f8ve den!<\/p>\n<p>RandM Tornado 15000 puff tilbyder i alt 41 tilg\u00e6ngelige smage til dit valg, der er noget for enhver smag.<\/p>\n<p>1 Blue Razz Lemonade<br \/>\n2 Fersken Is<br \/>\n3 Sure \u00c6ble<br \/>\n4 Vandmelon Is<br \/>\n5 Bl\u00e5b\u00e6r P\u00e5 Is<br \/>\n6 Bl\u00e5b\u00e6r Hindb\u00e6r<br \/>\n7 Ananas Is<br \/>\n8 Kirseb\u00e6r<br \/>\n9 Jordb\u00e6ris<br \/>\n10 Vimto<br \/>\n11 Drue Is<br \/>\n12 Cola Is<br \/>\n13 Jordb\u00e6r Vandmelon<br \/>\n14 Pink Lemonade<br \/>\n15 Blandede B\u00e6r<br \/>\n16 Fersken Mango<br \/>\n17. Dragefrugt<br \/>\n18. Jordb\u00e6rdrue<br \/>\n19. Mr. Blue<br \/>\n20. Lush Is<br \/>\n21. Ispind<br \/>\n22. Jordb\u00e6r Kiwi<br \/>\n23. Kiwi passionsfrugt guava<br \/>\n24. Triple b\u00e6r<br \/>\n25. Banan is<br \/>\n26. Fersken bl\u00e5b\u00e6r slik<br \/>\n27. \u00c6ble Fersken P\u00e6re<br \/>\n28. B\u00e6r Lemonade<br \/>\n29. Blue Razz Kirseb\u00e6r<br \/>\n30. Bl\u00e5b\u00e6r Bubblegum<br \/>\n31. Bl\u00e5b\u00e6r Kirseb\u00e6r Traneb\u00e6r<br \/>\n32. Bl\u00e5b\u00e6r Granat\u00e6ble<br \/>\n33. Bluesour Hindb\u00e6r<br \/>\n34. Kirseb\u00e6r Cola<br \/>\n35. Gummibj\u00f8rn<br \/>\n36. Citron<br \/>\n37. Mango P\u00e5 is<br \/>\n38. R\u00f8d Energi Is<br \/>\n39. Jordb\u00e6r Banan<br \/>\n40. Jordb\u00e6r Red Bull<br \/>\n41. Jordb\u00e6r Vandmelon Lemonade<\/p>\n<h2><strong>Sp\u00f8rgsm\u00e5l, du m\u00e5ske vil vide om RandM Tornado 15000 puffs vape<\/strong><\/h2>\n<p>&nbsp;<\/p>\n<h3>Q1. Hvad er RM Tornado 15000 Puffs Vape Original?<\/h3>\n<p>A: RANDM VAPE 15K TORNADO Original er en engangsvape-enhed designet til l\u00e6ngere dampningssessioner. Den er navngivet efter dens imponerende kapacitet p\u00e5 15.000 sug.<\/p>\n<h3>Q2. Hvem fremstiller RandM Tornado 15k Puffs Vape Genuine?<\/h3>\n<p>Den \u00e6gte RANDM VAPE 15K TORNADO er fremstillet af Shenzhen Fumot Technology, en f\u00f8rende virksomhed inden for vape-industrien, der er kendt for sine innovative produkter.<\/p>\n<h3>Q3. Hvor l\u00e6nge holder Authentic RandM Tornado 15K Vape?<\/h3>\n<p>Den autentiske RANDM VAPE 15K TORNADO har et indbygget batteri med en kapacitet p\u00e5 850 mAh, hvilket giver forl\u00e6nget brug p\u00e5 en enkelt opladning. Den n\u00f8jagtige batterilevetid afh\u00e6nger af individuelle brugsm\u00f8nstre.<\/p>\n<h3>Q4. Er Fumot RandM Tornado 15000 Puffs Vape Original genopladelig?<\/h3>\n<p><span style=\"font-size: 16px\">A: Ja, RANDM VAPE 15K TORNADO Original kommer med et genopladeligt batteri, der g\u00f8r den genopladelig.<\/span><\/p>\n<h3>Q5. Hvordan kan jeg k\u00f8be Fumot RandM Tornado 15000 Puffs Vape Genuine?<\/h3>\n<p>A: RANDM VAPE 15K TORNADO Original er tilg\u00e6ngelig for k\u00f8b gennem autoriserede distribut\u00f8rer. For engrossalg kan distribut\u00f8rer <a href=\"https:\/\/wa.me\/8617776015835\" target=\"_blank\" rel=\"noopener\">kontakt os<\/a> direkte. Detailkunder kan finde produktet hos udvalgte forhandlere eller onlinebutikker.<\/p>\n<p><strong>Forsendelsesdetaljer:<\/strong><br \/>\nProduktionstid: 5-10 arbejdsdage<br \/>\nLeveringstid: 8-14 arbejdsdage<\/p>\n<p>Alle produkter i vores butik er 100% originale og autentiske, s\u00e5 ti gange kompensation for falske varer er vores butikspolitik. Vi bruger logistikkanaler som UPS\/DHL\/FEDEX\/DPD til at levere varer til dig.<\/p>\n<p>For pakker sendt til Danmark tager det normalt 10 arbejdsdage at ankomme. Forsendelse til europ\u00e6iske lande tager normalt omkring 12-15 arbejdsdage at ankomme. Vi opdaterer logistikinformationen for dig i realtid.<\/p>\n<p>Find flere Vape-produkter, du m\u00e5ske kan lide:<em><a href=\"https:\/\/rmvapesale.com\/da\/shop-2\/\">k\u00f8b nu\u00a0<\/a><\/em><\/p>\n<p>andre varme salg vape du m\u00e5ske kan lide:<\/p>\n<p><a href=\"https:\/\/rmvapesale.com\/da\/product\/randm-vape-al-fakher-10000-puffs-vape-wholesale\/\">randm vape AI FAKHER 15k vape<\/a><\/p>\n<p><a href=\"https:\/\/rmvapesale.com\/da\/product\/original-randm-tornado-9000-puffs-disposable-vape-factory-price\/\">RandM Tornado 9000<\/a><\/p>","protected":false},"excerpt":{"rendered":"<p>Fumot Tornado 15000 VAPE Engrospris<br \/>\nORIGINAL RandM Tornado 15000 Fabriksengros p\u00e5 lager<br \/>\n\u00c6gte RANDM Vape FUMOT TORNADO 15000 Tilbudspris<\/p>\n<p><strong>Kontakt Amy For Mere Rabat Og Lavere MOQ Vape<\/strong><\/p>\n<p><img loading=\"lazy\" decoding=\"async\" class=\"size-medium wp-image-1814\" src=\"https:\/\/rmvapesale.com\/wp-content\/uploads\/2024\/04\/whatsapp-amy-229x300.jpg\" alt=\"whatsapp amy\" width=\"229\" height=\"300\" srcset=\"https:\/\/rmvapesale.com\/wp-content\/uploads\/2024\/04\/whatsapp-amy-229x300.jpg 229w, https:\/\/rmvapesale.com\/wp-content\/uploads\/2024\/04\/whatsapp-amy-783x1024.jpg 783w, https:\/\/rmvapesale.com\/wp-content\/uploads\/2024\/04\/whatsapp-amy-768x1005.jpg 768w, https:\/\/rmvapesale.com\/wp-content\/uploads\/2024\/04\/whatsapp-amy-600x785.jpg 600w, https:\/\/rmvapesale.com\/wp-content\/uploads\/2024\/04\/whatsapp-amy.jpg 990w\" sizes=\"auto, (max-width: 229px) 100vw, 229px\" \/><\/p>\n<h3><span style=\"color: #ff0000\"><strong>WhatsApp: +86 17776015835<\/strong><\/span><\/h3>","protected":false},"featured_media":1937,"comment_status":"open","ping_status":"closed","template":"","meta":{"_uag_custom_page_level_css":"","_lmt_disableupdate":"no","_lmt_disable":"","site-sidebar-layout":"default","site-content-layout":"content-boxed-container","ast-site-content-layout":"normal-width-container","site-content-style":"boxed","site-sidebar-style":"unboxed","ast-global-header-display":"","ast-banner-title-visibility":"","ast-main-header-display":"","ast-hfb-above-header-display":"","ast-hfb-below-header-display":"","ast-hfb-mobile-header-display":"","site-post-title":"","ast-breadcrumbs-content":"","ast-featured-img":"","footer-sml-layout":"","theme-transparent-header-meta":"default","adv-header-id-meta":"","stick-header-meta":"","header-above-stick-meta":"","header-main-stick-meta":"","header-below-stick-meta":"","astra-migrate-meta-layouts":"set","ast-page-background-enabled":"default","ast-page-background-meta":{"desktop":{"background-color":"var(--ast-global-color-4)","background-image":"","background-repeat":"repeat","background-position":"center center","background-size":"auto","background-attachment":"scroll","background-type":"","background-media":"","overlay-type":"","overlay-color":"","overlay-opacity":"","overlay-gradient":""},"tablet":{"background-color":"","background-image":"","background-repeat":"repeat","background-position":"center center","background-size":"auto","background-attachment":"scroll","background-type":"","background-media":"","overlay-type":"","overlay-color":"","overlay-opacity":"","overlay-gradient":""},"mobile":{"background-color":"","background-image":"","background-repeat":"repeat","background-position":"center center","background-size":"auto","background-attachment":"scroll","background-type":"","background-media":"","overlay-type":"","overlay-color":"","overlay-opacity":"","overlay-gradient":""}},"ast-content-background-meta":{"desktop":{"background-color":"var(--ast-global-color-5)","background-image":"","background-repeat":"repeat","background-position":"center center","background-size":"auto","background-attachment":"scroll","background-type":"","background-media":"","overlay-type":"","overlay-color":"","overlay-opacity":"","overlay-gradient":""},"tablet":{"background-color":"var(--ast-global-color-5)","background-image":"","background-repeat":"repeat","background-position":"center center","background-size":"auto","background-attachment":"scroll","background-type":"","background-media":"","overlay-type":"","overlay-color":"","overlay-opacity":"","overlay-gradient":""},"mobile":{"background-color":"var(--ast-global-color-5)","background-image":"","background-repeat":"repeat","background-position":"center center","background-size":"auto","background-attachment":"scroll","background-type":"","background-media":"","overlay-type":"","overlay-color":"","overlay-opacity":"","overlay-gradient":""}},"_joinchat":[]},"product_brand":[],"product_cat":[25,51,195,26,28,27,31,137,136,15,30],"product_tag":[44,39,40,41,38,37],"class_list":{"0":"post-1940","1":"product","2":"type-product","3":"status-publish","4":"has-post-thumbnail","6":"product_cat-germany-best-selling-vape","7":"product_cat-fumot-vape","8":"product_cat-germany-warehouse","9":"product_cat-netherlands-hot-sale-vape","10":"product_cat-poland-hot-sale-vape","11":"product_cat-fance-hot-sale-vape","12":"product_cat-randm-fumot-vape","13":"product_cat-rechargeable-vapes","14":"product_cat-smart-screen-vapes","15":"product_cat-new-vape-this-week","16":"product_cat-minimum-order-quantity-50pcs","17":"product_tag-15k-puffs-15000-vape-wholesale","18":"product_tag-fumot-vape","19":"product_tag-hot-sale-vape","20":"product_tag-original-factory-vape","21":"product_tag-randm-vape","22":"product_tag-wholesale-vape-price","23":"desktop-align-left","24":"tablet-align-left","25":"mobile-align-left","27":"first","28":"instock","29":"sale","30":"shipping-taxable","31":"purchasable","32":"product-type-simple"},"uagb_featured_image_src":{"full":["https:\/\/rmvapesale.com\/wp-content\/uploads\/2024\/08\/RandM-Tornado-15000-Wholesale-Blue-Razz-Lemonade.jpg",800,800,false],"thumbnail":["https:\/\/rmvapesale.com\/wp-content\/uploads\/2024\/08\/RandM-Tornado-15000-Wholesale-Blue-Razz-Lemonade-150x150.jpg",150,150,true],"medium":["https:\/\/rmvapesale.com\/wp-content\/uploads\/2024\/08\/RandM-Tornado-15000-Wholesale-Blue-Razz-Lemonade-300x300.jpg",300,300,true],"medium_large":["https:\/\/rmvapesale.com\/wp-content\/uploads\/2024\/08\/RandM-Tornado-15000-Wholesale-Blue-Razz-Lemonade-768x768.jpg",768,768,true],"large":["https:\/\/rmvapesale.com\/wp-content\/uploads\/2024\/08\/RandM-Tornado-15000-Wholesale-Blue-Razz-Lemonade.jpg",800,800,false],"1536x1536":["https:\/\/rmvapesale.com\/wp-content\/uploads\/2024\/08\/RandM-Tornado-15000-Wholesale-Blue-Razz-Lemonade.jpg",800,800,false],"2048x2048":["https:\/\/rmvapesale.com\/wp-content\/uploads\/2024\/08\/RandM-Tornado-15000-Wholesale-Blue-Razz-Lemonade.jpg",800,800,false],"trp-custom-language-flag":["https:\/\/rmvapesale.com\/wp-content\/uploads\/2024\/08\/RandM-Tornado-15000-Wholesale-Blue-Razz-Lemonade.jpg",12,12,false],"woocommerce_thumbnail":["https:\/\/rmvapesale.com\/wp-content\/uploads\/2024\/08\/RandM-Tornado-15000-Wholesale-Blue-Razz-Lemonade-300x300.jpg",300,300,true],"woocommerce_single":["https:\/\/rmvapesale.com\/wp-content\/uploads\/2024\/08\/RandM-Tornado-15000-Wholesale-Blue-Razz-Lemonade-600x600.jpg",600,600,true],"woocommerce_gallery_thumbnail":["https:\/\/rmvapesale.com\/wp-content\/uploads\/2024\/08\/RandM-Tornado-15000-Wholesale-Blue-Razz-Lemonade-100x100.jpg",100,100,true],"wcpr-photo-reviews":["https:\/\/rmvapesale.com\/wp-content\/uploads\/2024\/08\/RandM-Tornado-15000-Wholesale-Blue-Razz-Lemonade.jpg",500,500,false]},"uagb_author_info":{"display_name":"AMY","author_link":"https:\/\/rmvapesale.com\/da\/author\/"},"uagb_comment_info":0,"uagb_excerpt":"Fumot Tornado 15000 VAPE Wholesale Price ORIGINAL RandM Tornado 15000 Factory Wholesale in Stock Genuine RANDM Vape FUMOT TORNADO 15000 Discount Price Contact Amy For More Discount And Lower MOQ Vape WhatsApp: +86 17776015835","_links":{"self":[{"href":"https:\/\/rmvapesale.com\/da\/wp-json\/wp\/v2\/product\/1940","targetHints":{"allow":["GET"]}}],"collection":[{"href":"https:\/\/rmvapesale.com\/da\/wp-json\/wp\/v2\/product"}],"about":[{"href":"https:\/\/rmvapesale.com\/da\/wp-json\/wp\/v2\/types\/product"}],"replies":[{"embeddable":true,"href":"https:\/\/rmvapesale.com\/da\/wp-json\/wp\/v2\/comments?post=1940"}],"wp:featuredmedia":[{"embeddable":true,"href":"https:\/\/rmvapesale.com\/da\/wp-json\/wp\/v2\/media\/1937"}],"wp:attachment":[{"href":"https:\/\/rmvapesale.com\/da\/wp-json\/wp\/v2\/media?parent=1940"}],"wp:term":[{"taxonomy":"product_brand","embeddable":true,"href":"https:\/\/rmvapesale.com\/da\/wp-json\/wp\/v2\/product_brand?post=1940"},{"taxonomy":"product_cat","embeddable":true,"href":"https:\/\/rmvapesale.com\/da\/wp-json\/wp\/v2\/product_cat?post=1940"},{"taxonomy":"product_tag","embeddable":true,"href":"https:\/\/rmvapesale.com\/da\/wp-json\/wp\/v2\/product_tag?post=1940"}],"curies":[{"name":"wp","href":"https:\/\/api.w.org\/{rel}","templated":true}]}}