{"id":1994,"date":"2024-09-13T03:39:06","date_gmt":"2024-09-13T03:39:06","guid":{"rendered":"https:\/\/rmvapesale.com\/?post_type=product&#038;p=1994"},"modified":"2025-01-20T03:52:56","modified_gmt":"2025-01-20T03:52:56","slug":"bang-digital-box-15000-puffs-original-factory-wholesale","status":"publish","type":"product","link":"https:\/\/rmvapesale.com\/da\/product\/bang-digital-box-15000-puffs-original-factory-wholesale\/","title":{"rendered":"Bang Digital Box 15000 Pust Original Fabriksengros"},"content":{"rendered":"<h1>Bang Digital Box 15000 Pust Original Fabriksengros<\/h1>\n<p>Introducerer Bang Digital Box 15000 Puffs, en avanceret engangs vape, der problemfrit kombinerer stil, funktionalitet og enest\u00e5ende holdbarhed. Fremstillet med en slank aluminiumlegering og PETG-krop, leverer denne enhed b\u00e5de imponerende holdbarhed og et moderne udseende.<\/p>\n<p>Med et bredt udvalg af smagsvarianter og nikotinstyrker tilg\u00e6ngelige er Bang Digital 15000 Puffs et alsidigt valg for voksne vapere. Designet til bekvemmelighed passer den let ind i din livsstil og tilbyder en p\u00e5lidelig, smagfuld og brugervenlig vapingoplevelse.<\/p>\n<p>Hvorfor ikke opdage toppen af engangs vaping med Bang Digital 15000 Puffs lige nu?<\/p>\n<p><strong>Kontakt Amy for at f\u00e5 det rigtige svar og flere produktvideoer!<\/strong><\/p>\n<p><img loading=\"lazy\" decoding=\"async\" class=\"size-medium wp-image-1814\" src=\"https:\/\/rmvapesale.com\/wp-content\/uploads\/2024\/04\/whatsapp-amy-229x300.jpg\" alt=\"whatsapp amy\" width=\"229\" height=\"300\" srcset=\"https:\/\/rmvapesale.com\/wp-content\/uploads\/2024\/04\/whatsapp-amy-229x300.jpg 229w, https:\/\/rmvapesale.com\/wp-content\/uploads\/2024\/04\/whatsapp-amy-783x1024.jpg 783w, https:\/\/rmvapesale.com\/wp-content\/uploads\/2024\/04\/whatsapp-amy-768x1005.jpg 768w, https:\/\/rmvapesale.com\/wp-content\/uploads\/2024\/04\/whatsapp-amy-600x785.jpg 600w, https:\/\/rmvapesale.com\/wp-content\/uploads\/2024\/04\/whatsapp-amy.jpg 990w\" sizes=\"auto, (max-width: 229px) 100vw, 229px\" \/><\/p>\n<h3><span style=\"color: #ff0000\"><strong>WhatsApp: +86 17776015835<\/strong><\/span><\/h3>\n<p>&nbsp;<\/p>\n<h2><strong>Bang Digital 15000 Puffs N\u00f8glefunktioner<\/strong><\/h2>\n<p>Nikotin: 0% 2% 3% 5%<br \/>\nPust: 15000<br \/>\nKapacitet: 23ml<br \/>\n12 smagsvarianter tilg\u00e6ngelige<br \/>\n500mAh Genopladelig<br \/>\nMesh Coil<\/p>\n<h2><strong>Top bedste smag til Bang Digital 15000<\/strong><\/h2>\n<p>Denne Bang Digital Box 15000 Puffs Engangs Pod med 12 ekspertudformede smagsvarianter, hver designet til at tilbyde en karakteristisk og tilfredsstillende smagsoplevelse, der er noget for enhver.<\/p>\n<p>1. Bl\u00e5 Frys<br \/>\n2. B\u00e6r Eksplosion &gt;&gt;Varme!<br \/>\n3. Bl\u00e5 Kirseb\u00e6r Citron<br \/>\n4. Fersken Frys<br \/>\n5. Drue Frys<br \/>\n6. Fersken B\u00e6r<br \/>\n7. Sur \u00c6ble Raspberry<br \/>\n8. Tre Frugt<br \/>\n9. Vandmelon Is &gt;&gt;Varme!<br \/>\n10. Jordb\u00e6r Vandmelon &gt;&gt;Bedst!<br \/>\n11. K\u00f8lig Mint<br \/>\n12. Jordb\u00e6r Litchi &gt;&gt;Hot!<\/p>\n<h2><strong>Sp\u00f8rgsm\u00e5l du m\u00e5ske vil vide om Bang Digital 15000 Puffs<\/strong><\/h2>\n<p>&nbsp;<\/p>\n<p><strong>1. Hvordan bruger jeg Bang Digital 15000 Puffs, hvis jeg er ny til vaping?<\/strong><br \/>\nBang Digital 15000 Puffs er designet til nem brug. Bare fjern emballagen og begynd at puffe for at nyde din valgte smag. Der er ingen komplicerede indstillinger eller vedligeholdelse, hvilket g\u00f8r det til et perfekt valg for begyndere.<\/p>\n<p><strong>2. Er Bang Digital 15000 Puffs milj\u00f8venligt?<\/strong><br \/>\nJa, Vapes Europe er forpligtet til b\u00e6redygtighed. Selvom Bang Digital 15000 Puffs er en engangs enhed, opfordrer vi til ansvarlig bortskaffelse. Brug venligst udpegede e-affaldsgenbrugsfaciliteter for at minimere milj\u00f8p\u00e5virkningen og sikre korrekt h\u00e5ndtering af enhedens komponenter.<\/p>\n<p><strong>3. Hvordan skal jeg sikkert bortskaffe Bang Digital 15000 Puffs?<\/strong><br \/>\nFor at bortskaffe Bang Digital 15000 Puffs, skal du f\u00f8rst sikre, at den er helt tom. F\u00f8lg derefter lokale regler for e-affaldsafhentning eller genbrugscentre. Mange samfund tilbyder specifikke afleveringssteder for elektroniske enheder for at sikre korrekt bortskaffelse og reducere milj\u00f8p\u00e5virkningen.<\/p>\n<p><strong>4. Er Bang Digital Box 15000 sikkert at bruge og bortskaffe?<\/strong><br \/>\nAbsolut. Waspe Tornado 15000 er designet med sikkerhed i tankerne og overholder industristandarder. Dens engangs natur eliminerer vedligeholdelsesproblemer, og n\u00e5r den bortskaffes ansvarligt, har den minimal milj\u00f8p\u00e5virkning. F\u00f8lg altid sikkerhedsretningslinjerne, og du er velkommen til at kontakte vores kundesupportteam for specifikke sp\u00f8rgsm\u00e5l.<\/p>\n<p>&nbsp;<\/p>\n<h3><b>OFTE STILLEDE SP\u00d8RGSM\u00c5L<\/b><\/h3>\n<div class=\"flex-shrink-0 flex flex-col relative items-end\">\n<div>\n<div class=\"pt-0\">\n<div class=\"gizmo-bot-avatar flex h-8 w-8 items-center justify-center overflow-hidden rounded-full\">\n<div class=\"relative p-1 rounded-sm flex items-center justify-center bg-token-main-surface-primary text-token-text-primary h-8 w-8\"><strong>Hvilke forsendelsesmetoder bruges?<\/strong><\/div>\n<\/div>\n<\/div>\n<\/div>\n<\/div>\n<div class=\"group\/conversation-turn relative flex w-full min-w-0 flex-col agent-turn\">\n<div class=\"flex-col gap-1 md:gap-3\">\n<div class=\"flex max-w-full flex-col flex-grow\">\n<div class=\"min-h-[20px] text-message flex w-full flex-col items-end gap-2 whitespace-normal break-words [.text-message+&amp;]:mt-5 overflow-x-auto\" dir=\"auto\" data-message-author-role=\"assistant\" data-message-id=\"22f8283b-3233-46ff-89a5-c7a41b33abda\">\n<div class=\"flex w-full flex-col gap-1 empty:hidden first:pt-[3px]\">\n<div class=\"markdown prose w-full break-words dark:prose-invert light\">\n<p>Vi samarbejder med UPS, DHL, FedEx, DPD og andre f\u00f8rende transport\u00f8rer. Vi vil v\u00e6lge den bedste forsendelsesmetode baseret p\u00e5 din leveringsplacering for at sikre, at du modtager dine produkter s\u00e5 hurtigt som muligt.<\/p>\n<\/div>\n<p><strong>Hvor lang tid tager det at ankomme?<\/strong><\/p>\n<p>Pakker sendt til Danmark ankommer normalt inden for 10 arbejdsdage. Forsendelse til europ\u00e6iske lande tager generelt omkring 12-15 arbejdsdage. Vi vil give opdateringer i realtid om din forsendelsesstatus.<\/p>\n<p>&nbsp;<\/p>\n<\/div>\n<\/div>\n<\/div>\n<\/div>\n<\/div>\n<p>Find flere Vape-produkter, du m\u00e5ske kan lide:<em><a href=\"https:\/\/rmvapesale.com\/da\/shop-2\/\">k\u00f8b nu\u00a0<\/a><\/em><\/p>\n<p>andre varme salg vape du m\u00e5ske kan lide:<\/p>\n<p><a href=\"https:\/\/rmvapesale.com\/da\/product\/bang-30k-puffs-disposable-vape-double-taste-wholesale-italy\/\">Bang 30k Puffs<\/a><\/p>\n<p><a href=\"https:\/\/rmvapesale.com\/da\/product\/bang-beach-22000-puffs-smart-screen-vapes-factory-price\/\">Bang Beach 22000 Puffs<\/a><\/p>\n<p><a href=\"https:\/\/rmvapesale.com\/da\/product\/randm-tornado-15000-puffs-vape-wholesale\/\">RandM Tornado 15000 Pust<\/a><\/p>\n<p><a href=\"https:\/\/rmvapesale.com\/da\/product\/bang-20000-puffs-disposable-vape-wholesale-supplier\/\">cURL Too many subrequests.<\/a><\/p>","protected":false},"excerpt":{"rendered":"<p class=\"LC20lb MBeuO DKV0Md\">Bang Box Opladelig Engangs Vape 15000 Puffs<\/p>\n<p>Bang Digital Box 15000 Puffs Original Vape Pod Engrospris<\/p>\n<p>Bang Digital Puff 15k 15000 Puffs Engangs E-cigaretter 0% 2% 3% 5% Nikotin<\/p>\n<p><strong>Kontakt Amy For Mere Rabat Og Lavere MOQ Vape<\/strong><\/p>\n<p><img loading=\"lazy\" decoding=\"async\" class=\"size-medium wp-image-1814\" src=\"https:\/\/rmvapesale.com\/wp-content\/uploads\/2024\/04\/whatsapp-amy-229x300.jpg\" alt=\"whatsapp amy\" width=\"229\" height=\"300\" srcset=\"https:\/\/rmvapesale.com\/wp-content\/uploads\/2024\/04\/whatsapp-amy-229x300.jpg 229w, https:\/\/rmvapesale.com\/wp-content\/uploads\/2024\/04\/whatsapp-amy-783x1024.jpg 783w, https:\/\/rmvapesale.com\/wp-content\/uploads\/2024\/04\/whatsapp-amy-768x1005.jpg 768w, https:\/\/rmvapesale.com\/wp-content\/uploads\/2024\/04\/whatsapp-amy-600x785.jpg 600w, https:\/\/rmvapesale.com\/wp-content\/uploads\/2024\/04\/whatsapp-amy.jpg 990w\" sizes=\"auto, (max-width: 229px) 100vw, 229px\" \/><\/p>\n<h3><span style=\"color: #ff0000\"><strong>WhatsApp: +86 17776015835<\/strong><\/span><\/h3>","protected":false},"featured_media":1993,"comment_status":"open","ping_status":"closed","template":"","meta":{"_uag_custom_page_level_css":"","_lmt_disableupdate":"no","_lmt_disable":"","site-sidebar-layout":"default","site-content-layout":"content-boxed-container","ast-site-content-layout":"normal-width-container","site-content-style":"boxed","site-sidebar-style":"unboxed","ast-global-header-display":"","ast-banner-title-visibility":"","ast-main-header-display":"","ast-hfb-above-header-display":"","ast-hfb-below-header-display":"","ast-hfb-mobile-header-display":"","site-post-title":"","ast-breadcrumbs-content":"","ast-featured-img":"","footer-sml-layout":"","ast-disable-related-posts":"","theme-transparent-header-meta":"default","adv-header-id-meta":"","stick-header-meta":"","header-above-stick-meta":"","header-main-stick-meta":"","header-below-stick-meta":"","astra-migrate-meta-layouts":"set","ast-page-background-enabled":"default","ast-page-background-meta":{"desktop":{"background-color":"var(--ast-global-color-4)","background-image":"","background-repeat":"repeat","background-position":"center center","background-size":"auto","background-attachment":"scroll","background-type":"","background-media":"","overlay-type":"","overlay-color":"","overlay-opacity":"","overlay-gradient":""},"tablet":{"background-color":"","background-image":"","background-repeat":"repeat","background-position":"center center","background-size":"auto","background-attachment":"scroll","background-type":"","background-media":"","overlay-type":"","overlay-color":"","overlay-opacity":"","overlay-gradient":""},"mobile":{"background-color":"","background-image":"","background-repeat":"repeat","background-position":"center center","background-size":"auto","background-attachment":"scroll","background-type":"","background-media":"","overlay-type":"","overlay-color":"","overlay-opacity":"","overlay-gradient":""}},"ast-content-background-meta":{"desktop":{"background-color":"var(--ast-global-color-5)","background-image":"","background-repeat":"repeat","background-position":"center center","background-size":"auto","background-attachment":"scroll","background-type":"","background-media":"","overlay-type":"","overlay-color":"","overlay-opacity":"","overlay-gradient":""},"tablet":{"background-color":"var(--ast-global-color-5)","background-image":"","background-repeat":"repeat","background-position":"center center","background-size":"auto","background-attachment":"scroll","background-type":"","background-media":"","overlay-type":"","overlay-color":"","overlay-opacity":"","overlay-gradient":""},"mobile":{"background-color":"var(--ast-global-color-5)","background-image":"","background-repeat":"repeat","background-position":"center center","background-size":"auto","background-attachment":"scroll","background-type":"","background-media":"","overlay-type":"","overlay-color":"","overlay-opacity":"","overlay-gradient":""}},"_joinchat":[]},"product_brand":[],"product_cat":[60,61,273,279,292,27,25,123,293,30,26,15,28,295,137,299,136,135],"product_tag":[63,56,57,58,40,41,37],"class_list":{"0":"post-1994","1":"product","2":"type-product","3":"status-publish","4":"has-post-thumbnail","6":"product_cat-bang-vapes","7":"product_cat-15000-puffs-disposable-vapes","8":"product_cat-bang-box-vape","9":"product_cat-bang-king-vape","10":"product_cat-digital-disposable-vapes","11":"product_cat-fance-hot-sale-vape","12":"product_cat-germany-best-selling-vape","13":"product_cat-italy-wholesale-vape","14":"product_cat-low-nicotine-disposable-vapes","15":"product_cat-minimum-order-quantity-50pcs","16":"product_cat-netherlands-hot-sale-vape","17":"product_cat-new-vape-this-week","18":"product_cat-poland-hot-sale-vape","19":"product_cat-rechargeable-disposable-vapes","20":"product_cat-rechargeable-vapes","21":"product_cat-smart-screen-disposable-vapes","22":"product_cat-smart-screen-vapes","23":"product_cat-spain-best-hot-sale-vape","24":"product_tag-bang-vapes","25":"product_tag-disposable-vape-wholesale-near-me","26":"product_tag-disposable-vape-wholesale-supplier","27":"product_tag-electric-cigarettes","28":"product_tag-hot-sale-vape","29":"product_tag-original-factory-vape","30":"product_tag-wholesale-vape-price","31":"desktop-align-left","32":"tablet-align-left","33":"mobile-align-left","35":"first","36":"instock","37":"sale","38":"shipping-taxable","39":"purchasable","40":"product-type-simple"},"uagb_featured_image_src":{"full":["https:\/\/rmvapesale.com\/wp-content\/uploads\/2024\/09\/Bang-Digital-Puff15000-Puffs-Disposable-E-Cigarettes.jpg",800,800,false],"thumbnail":["https:\/\/rmvapesale.com\/wp-content\/uploads\/2024\/09\/Bang-Digital-Puff15000-Puffs-Disposable-E-Cigarettes-150x150.jpg",150,150,true],"medium":["https:\/\/rmvapesale.com\/wp-content\/uploads\/2024\/09\/Bang-Digital-Puff15000-Puffs-Disposable-E-Cigarettes-300x300.jpg",300,300,true],"medium_large":["https:\/\/rmvapesale.com\/wp-content\/uploads\/2024\/09\/Bang-Digital-Puff15000-Puffs-Disposable-E-Cigarettes-768x768.jpg",768,768,true],"large":["https:\/\/rmvapesale.com\/wp-content\/uploads\/2024\/09\/Bang-Digital-Puff15000-Puffs-Disposable-E-Cigarettes.jpg",800,800,false],"1536x1536":["https:\/\/rmvapesale.com\/wp-content\/uploads\/2024\/09\/Bang-Digital-Puff15000-Puffs-Disposable-E-Cigarettes.jpg",800,800,false],"2048x2048":["https:\/\/rmvapesale.com\/wp-content\/uploads\/2024\/09\/Bang-Digital-Puff15000-Puffs-Disposable-E-Cigarettes.jpg",800,800,false],"trp-custom-language-flag":["https:\/\/rmvapesale.com\/wp-content\/uploads\/2024\/09\/Bang-Digital-Puff15000-Puffs-Disposable-E-Cigarettes.jpg",12,12,false],"woocommerce_thumbnail":["https:\/\/rmvapesale.com\/wp-content\/uploads\/2024\/09\/Bang-Digital-Puff15000-Puffs-Disposable-E-Cigarettes-300x300.jpg",300,300,true],"woocommerce_single":["https:\/\/rmvapesale.com\/wp-content\/uploads\/2024\/09\/Bang-Digital-Puff15000-Puffs-Disposable-E-Cigarettes-600x600.jpg",600,600,true],"woocommerce_gallery_thumbnail":["https:\/\/rmvapesale.com\/wp-content\/uploads\/2024\/09\/Bang-Digital-Puff15000-Puffs-Disposable-E-Cigarettes-100x100.jpg",100,100,true],"wcpr-photo-reviews":["https:\/\/rmvapesale.com\/wp-content\/uploads\/2024\/09\/Bang-Digital-Puff15000-Puffs-Disposable-E-Cigarettes.jpg",500,500,false]},"uagb_author_info":{"display_name":"AMY","author_link":"https:\/\/rmvapesale.com\/da\/author\/"},"uagb_comment_info":0,"uagb_excerpt":"Bang Box\u00a0 Recharge Disposable Vape 15000 Puffs Bang Digital Box 15000 Puffs Original Vape Pod Wholesale Price Bang Digital Puff 15k 15000 Puffs Disposable E Cigarettes\u00a0 0% 2% 3% 5% Nicotine Contact Amy For More Discount And Lower MOQ Vape WhatsApp: +86 17776015835","_links":{"self":[{"href":"https:\/\/rmvapesale.com\/da\/wp-json\/wp\/v2\/product\/1994","targetHints":{"allow":["GET"]}}],"collection":[{"href":"https:\/\/rmvapesale.com\/da\/wp-json\/wp\/v2\/product"}],"about":[{"href":"https:\/\/rmvapesale.com\/da\/wp-json\/wp\/v2\/types\/product"}],"replies":[{"embeddable":true,"href":"https:\/\/rmvapesale.com\/da\/wp-json\/wp\/v2\/comments?post=1994"}],"wp:featuredmedia":[{"embeddable":true,"href":"https:\/\/rmvapesale.com\/da\/wp-json\/wp\/v2\/media\/1993"}],"wp:attachment":[{"href":"https:\/\/rmvapesale.com\/da\/wp-json\/wp\/v2\/media?parent=1994"}],"wp:term":[{"taxonomy":"product_brand","embeddable":true,"href":"https:\/\/rmvapesale.com\/da\/wp-json\/wp\/v2\/product_brand?post=1994"},{"taxonomy":"product_cat","embeddable":true,"href":"https:\/\/rmvapesale.com\/da\/wp-json\/wp\/v2\/product_cat?post=1994"},{"taxonomy":"product_tag","embeddable":true,"href":"https:\/\/rmvapesale.com\/da\/wp-json\/wp\/v2\/product_tag?post=1994"}],"curies":[{"name":"wp","href":"https:\/\/api.w.org\/{rel}","templated":true}]}}