{"id":1995,"date":"2024-09-13T08:03:11","date_gmt":"2024-09-13T08:03:11","guid":{"rendered":"https:\/\/rmvapesale.com\/?post_type=product&#038;p=1995"},"modified":"2025-01-20T03:53:42","modified_gmt":"2025-01-20T03:53:42","slug":"vapme-shisha-hookah-15000-puffs-vape-0-2-nicotine","status":"publish","type":"product","link":"https:\/\/rmvapesale.com\/da\/product\/vapme-shisha-hookah-15000-puffs-vape-0-2-nicotine\/","title":{"rendered":"Vapme Shisha Hookah 15000 Puffs Vape 0% 2% Nikotin"},"content":{"rendered":"<h1>Vapme Shisha Hookah 15000 Puffs Vape 0% 2% Nikotin<\/h1>\n<p>Vi pr\u00e6senterer Vapme Shisha Hookah 15000 Puffs, en genopladelig engangs vape designet til at l\u00f8fte din vapingoplevelse. Med en bem\u00e6rkelsesv\u00e6rdig kapacitet p\u00e5 15000 puffs tilbyder denne enhed forl\u00e6nget nydelse og fleksibilitet, tilg\u00e6ngelig i nikotinniveauer p\u00e5 0% eller 2%, der passer til dine pr\u00e6ferencer.<\/p>\n<p>Med en gener\u00f8s e-juice kapacitet p\u00e5 25 ml sikrer Vapme Shisha Hookah, at du har rigeligt med forsyning til uafbrudte sessioner. Dens 650mAh genopladelige batteri og Type-C opladningsport giver effektiv og bekvem genopladning, hvilket sikrer, at du kan nyde din vape uden afbrydelse.<\/p>\n<p>Med 24 smagsvarianter at v\u00e6lge imellem og en 0.6\u03a9 modstand for glat, smagfuld damp leverer denne engangs genopladelige vape en konsekvent tilfredsstillende oplevelse. Forbedre din vapingrejse med Vapme Shisha Hookah 15000.<\/p>\n<p>&nbsp;<\/p>\n<p><strong>Kontakt Amy for at f\u00e5 det rigtige svar og engrospris!<\/strong><\/p>\n<p><img loading=\"lazy\" decoding=\"async\" class=\"size-medium wp-image-1814\" src=\"https:\/\/rmvapesale.com\/wp-content\/uploads\/2024\/04\/whatsapp-amy-229x300.jpg\" alt=\"whatsapp amy\" width=\"229\" height=\"300\" srcset=\"https:\/\/rmvapesale.com\/wp-content\/uploads\/2024\/04\/whatsapp-amy-229x300.jpg 229w, https:\/\/rmvapesale.com\/wp-content\/uploads\/2024\/04\/whatsapp-amy-783x1024.jpg 783w, https:\/\/rmvapesale.com\/wp-content\/uploads\/2024\/04\/whatsapp-amy-768x1005.jpg 768w, https:\/\/rmvapesale.com\/wp-content\/uploads\/2024\/04\/whatsapp-amy-600x785.jpg 600w, https:\/\/rmvapesale.com\/wp-content\/uploads\/2024\/04\/whatsapp-amy.jpg 990w\" sizes=\"auto, (max-width: 229px) 100vw, 229px\" \/><\/p>\n<h2><\/h2>\n<h2>Vapme Shisha Hookah 15000 Specifikation<\/h2>\n<p>Puffs: 15000 Puffs<br \/>\nNikotin: 0%, 2%<br \/>\nE-juice Kapacitet: 25 ML<br \/>\nBatteri: 650mAh (Genopladeligt)<br \/>\nOpladningsport: Type C<br \/>\nModstand: 0.6\u03a9<br \/>\nSmagsvarianter: 24 Smagsvarianter<\/p>\n<h2><strong>Bedste popul\u00e6re smag til Vapme Shisha 15000 Puffs?<\/strong><\/h2>\n<p>Vapme Shisha Hookah 15000 Puffs tilbyder i alt 24 tilg\u00e6ngelige smagsvarianter, s\u00e5 der er noget for enhver smag.<\/p>\n<p>1. Bl\u00e5b\u00e6r p\u00e5 is<br \/>\n2. Kiwi passionsfrugt guava<br \/>\n3. Bl\u00e5 hindb\u00e6r lemonade<br \/>\n4. Jordb\u00e6r kiwi<br \/>\n5. Blandede b\u00e6r<br \/>\n6. Jordb\u00e6r vandmelon<br \/>\n7. Drue is<br \/>\n8. Vandmelon is<br \/>\n9. Fersken mango ananas<br \/>\n10. Jordb\u00e6r is<br \/>\n11. Fersken is<br \/>\n12. Mango banan<br \/>\n13. Kirseb\u00e6r b\u00e6r<br \/>\n14. Bl\u00e5b\u00e6r hindb\u00e6r<br \/>\n15. K\u00e6rlighed 66<br \/>\n16. Vandmelon bull<br \/>\n17. Jordb\u00e6r drue<br \/>\n18. Jordb\u00e6r hindb\u00e6r slik<br \/>\n19. Mamba<br \/>\n20. Vandmelon kirseb\u00e6r<br \/>\n21. Frossen \u00e6ble<br \/>\n22. Citron mynte<br \/>\n23. Solb\u00e6r is<br \/>\n24. Ananas shake<\/p>\n<h2><\/h2>\n<h2><strong>Sp\u00f8rgsm\u00e5l du m\u00e5ske vil vide om Vapme Shisha Hookah 15000<\/strong><\/h2>\n<p>&nbsp;<\/p>\n<h3>Q 1. Hvor mange sug kan jeg forvente fra Vapme Shisha Hookah 15000 Pust?<\/h3>\n<p>A. Vapme Shisha Hookah 15000 kan prale af imponerende 15.000 sug (i et testmilj\u00f8), hvilket giver forl\u00e6nget brug og varig tilfredshed.<\/p>\n<h3>Q 2. Hvor l\u00e6nge holder den autentiske Vapme Shisha Hookah 15000 Vape?<\/h3>\n<p>A: Den autentiske Vapme Shisha Hookah 15000<span style=\"font-size: 16px\">\u00a0<\/span>har et indbygget batteri med en kapacitet p\u00e5 650 mAh, hvilket giver forl\u00e6nget brug p\u00e5 en enkelt opladning. Men den n\u00f8jagtige batterilevetid afh\u00e6nger af individuelle brugsm\u00f8nstre.<\/p>\n<h3>Q 3. Er Vapme Shisha Hookah 15000 Original genopladelig?<\/h3>\n<p><span style=\"font-size: 16px\">A: Ja, Vapme Shisha Hookah 15000 Original leveres med et 650 mAh genopladeligt batteri, s\u00e5 det er genopladeligt. Du kan nyde den indtil sidste dr\u00e5be.<\/span><\/p>\n<h3>Q 4. Hvor kan jeg f\u00e5 engrosprisen for Vapme Shisha Hookah 15000 genopladelig engangs vape?<\/h3>\n<p>A: Vapme Shisha Hookah 15000<span style=\"font-size: 16px\">\u00a0<\/span>kan k\u00f8bes via autoriserede distribut\u00f8rer. For engrosforesp\u00f8rgsler kan distribut\u00f8rer <a href=\"https:\/\/wa.me\/8617776015835\" target=\"_blank\" rel=\"noopener\">kontakt os<\/a> direkte. Detailkunder kan finde produktet hos udvalgte forhandlere eller onlinebutikker.<\/p>\n<p>&nbsp;<\/p>\n<p>Find flere Vape-produkter, du m\u00e5ske kan lide:<em><a href=\"https:\/\/rmvapesale.com\/da\/shop-2\/\">k\u00f8b nu\u00a0<\/a><\/em><\/p>\n<p>&nbsp;<\/p>\n<p>andre varme salg vape du m\u00e5ske kan lide:<\/p>\n<p><a href=\"https:\/\/rmvapesale.com\/da\/product\/randm-vape-al-fakher-10000-puffs-vape-wholesale\/\">randm vape AI FAKHER 15k vape<\/a><\/p>\n<p><a href=\"https:\/\/rmvapesale.com\/da\/product\/original-randm-tornado-9000-puffs-disposable-vape-factory-price\/\">RandM Tornado 9000<\/a><\/p>\n<p><a href=\"https:\/\/rmvapesale.com\/da\/product\/vapme-crystal-7000-puffs-rechargeable-disposable-vape-price\/\">Vapme Crystal 7000 Pust<\/a><\/p>","protected":false},"excerpt":{"rendered":"<p>Vapme Shisha Hookah 15000 Puffs Genopladelig Engangs Vape Bulk K\u00f8bspris<\/p>\n<p>PUFF 15000 VAPME SHISHA HOOKAH Bedste Smag p\u00e5 Lager<\/p>\n<p>Vapme Shisha Hookah 15k Puffs 0% 2% Nikotin<\/p>\n<p><strong>Kontakt Amy For Mere Rabat Og Lavere MOQ Vape<\/strong><\/p>\n<p><img loading=\"lazy\" decoding=\"async\" class=\"size-medium wp-image-1814\" src=\"https:\/\/rmvapesale.com\/wp-content\/uploads\/2024\/04\/whatsapp-amy-229x300.jpg\" alt=\"whatsapp amy\" width=\"229\" height=\"300\" srcset=\"https:\/\/rmvapesale.com\/wp-content\/uploads\/2024\/04\/whatsapp-amy-229x300.jpg 229w, https:\/\/rmvapesale.com\/wp-content\/uploads\/2024\/04\/whatsapp-amy-783x1024.jpg 783w, https:\/\/rmvapesale.com\/wp-content\/uploads\/2024\/04\/whatsapp-amy-768x1005.jpg 768w, https:\/\/rmvapesale.com\/wp-content\/uploads\/2024\/04\/whatsapp-amy-600x785.jpg 600w, https:\/\/rmvapesale.com\/wp-content\/uploads\/2024\/04\/whatsapp-amy.jpg 990w\" sizes=\"auto, (max-width: 229px) 100vw, 229px\" \/><\/p>\n<h3><span style=\"color: #ff0000\"><strong>WhatsApp: +86 17776015835<\/strong><\/span><\/h3>","protected":false},"featured_media":2000,"comment_status":"open","ping_status":"closed","template":"","meta":{"_uag_custom_page_level_css":"","_lmt_disableupdate":"no","_lmt_disable":"","site-sidebar-layout":"default","site-content-layout":"content-boxed-container","ast-site-content-layout":"normal-width-container","site-content-style":"boxed","site-sidebar-style":"unboxed","ast-global-header-display":"","ast-banner-title-visibility":"","ast-main-header-display":"","ast-hfb-above-header-display":"","ast-hfb-below-header-display":"","ast-hfb-mobile-header-display":"","site-post-title":"","ast-breadcrumbs-content":"","ast-featured-img":"","footer-sml-layout":"","ast-disable-related-posts":"","theme-transparent-header-meta":"default","adv-header-id-meta":"","stick-header-meta":"","header-above-stick-meta":"","header-main-stick-meta":"","header-below-stick-meta":"","astra-migrate-meta-layouts":"set","ast-page-background-enabled":"default","ast-page-background-meta":{"desktop":{"background-color":"var(--ast-global-color-4)","background-image":"","background-repeat":"repeat","background-position":"center center","background-size":"auto","background-attachment":"scroll","background-type":"","background-media":"","overlay-type":"","overlay-color":"","overlay-opacity":"","overlay-gradient":""},"tablet":{"background-color":"","background-image":"","background-repeat":"repeat","background-position":"center center","background-size":"auto","background-attachment":"scroll","background-type":"","background-media":"","overlay-type":"","overlay-color":"","overlay-opacity":"","overlay-gradient":""},"mobile":{"background-color":"","background-image":"","background-repeat":"repeat","background-position":"center center","background-size":"auto","background-attachment":"scroll","background-type":"","background-media":"","overlay-type":"","overlay-color":"","overlay-opacity":"","overlay-gradient":""}},"ast-content-background-meta":{"desktop":{"background-color":"var(--ast-global-color-5)","background-image":"","background-repeat":"repeat","background-position":"center center","background-size":"auto","background-attachment":"scroll","background-type":"","background-media":"","overlay-type":"","overlay-color":"","overlay-opacity":"","overlay-gradient":""},"tablet":{"background-color":"var(--ast-global-color-5)","background-image":"","background-repeat":"repeat","background-position":"center center","background-size":"auto","background-attachment":"scroll","background-type":"","background-media":"","overlay-type":"","overlay-color":"","overlay-opacity":"","overlay-gradient":""},"mobile":{"background-color":"var(--ast-global-color-5)","background-image":"","background-repeat":"repeat","background-position":"center center","background-size":"auto","background-attachment":"scroll","background-type":"","background-media":"","overlay-type":"","overlay-color":"","overlay-opacity":"","overlay-gradient":""}},"_joinchat":[]},"product_brand":[],"product_cat":[25,61,292,27,123,293,30,26,15,28,137,296,299,136,135,281],"product_tag":[56,57,40,41,62,54,53,37],"class_list":{"0":"post-1995","1":"product","2":"type-product","3":"status-publish","4":"has-post-thumbnail","6":"product_cat-germany-best-selling-vape","7":"product_cat-15000-puffs-disposable-vapes","8":"product_cat-digital-disposable-vapes","9":"product_cat-fance-hot-sale-vape","10":"product_cat-italy-wholesale-vape","11":"product_cat-low-nicotine-disposable-vapes","12":"product_cat-minimum-order-quantity-50pcs","13":"product_cat-netherlands-hot-sale-vape","14":"product_cat-new-vape-this-week","15":"product_cat-poland-hot-sale-vape","16":"product_cat-rechargeable-vapes","17":"product_cat-shisha-hookah-disposable-vapes","18":"product_cat-smart-screen-disposable-vapes","19":"product_cat-smart-screen-vapes","20":"product_cat-spain-best-hot-sale-vape","21":"product_cat-vapme-vape","22":"product_tag-disposable-vape-wholesale-near-me","23":"product_tag-disposable-vape-wholesale-supplier","24":"product_tag-hot-sale-vape","25":"product_tag-original-factory-vape","26":"product_tag-puff-15000","27":"product_tag-rechargeable-disposable-vape","28":"product_tag-vapme-vape","29":"product_tag-wholesale-vape-price","30":"desktop-align-left","31":"tablet-align-left","32":"mobile-align-left","34":"first","35":"instock","36":"sale","37":"shipping-taxable","38":"purchasable","39":"product-type-simple"},"uagb_featured_image_src":{"full":["https:\/\/rmvapesale.com\/wp-content\/uploads\/2024\/09\/Vapme-Shisha-Hookah-15000.jpg",788,788,false],"thumbnail":["https:\/\/rmvapesale.com\/wp-content\/uploads\/2024\/09\/Vapme-Shisha-Hookah-15000-150x150.jpg",150,150,true],"medium":["https:\/\/rmvapesale.com\/wp-content\/uploads\/2024\/09\/Vapme-Shisha-Hookah-15000-300x300.jpg",300,300,true],"medium_large":["https:\/\/rmvapesale.com\/wp-content\/uploads\/2024\/09\/Vapme-Shisha-Hookah-15000-768x768.jpg",768,768,true],"large":["https:\/\/rmvapesale.com\/wp-content\/uploads\/2024\/09\/Vapme-Shisha-Hookah-15000.jpg",788,788,false],"1536x1536":["https:\/\/rmvapesale.com\/wp-content\/uploads\/2024\/09\/Vapme-Shisha-Hookah-15000.jpg",788,788,false],"2048x2048":["https:\/\/rmvapesale.com\/wp-content\/uploads\/2024\/09\/Vapme-Shisha-Hookah-15000.jpg",788,788,false],"trp-custom-language-flag":["https:\/\/rmvapesale.com\/wp-content\/uploads\/2024\/09\/Vapme-Shisha-Hookah-15000.jpg",12,12,false],"woocommerce_thumbnail":["https:\/\/rmvapesale.com\/wp-content\/uploads\/2024\/09\/Vapme-Shisha-Hookah-15000-300x300.jpg",300,300,true],"woocommerce_single":["https:\/\/rmvapesale.com\/wp-content\/uploads\/2024\/09\/Vapme-Shisha-Hookah-15000-600x600.jpg",600,600,true],"woocommerce_gallery_thumbnail":["https:\/\/rmvapesale.com\/wp-content\/uploads\/2024\/09\/Vapme-Shisha-Hookah-15000-100x100.jpg",100,100,true],"wcpr-photo-reviews":["https:\/\/rmvapesale.com\/wp-content\/uploads\/2024\/09\/Vapme-Shisha-Hookah-15000.jpg",500,500,false]},"uagb_author_info":{"display_name":"AMY","author_link":"https:\/\/rmvapesale.com\/da\/author\/"},"uagb_comment_info":0,"uagb_excerpt":"Vapme Shisha Hookah 15000 Puffs Rechargeable Disposable Vape Bulk Buy Price PUFF 15000 VAPME SHISHA HOOKAH Best Flavor in Stock Vapme Shisha Hookah 15k Puffs 0% 2% Nicotine Contact Amy For More Discount And Lower MOQ Vape WhatsApp: +86 17776015835","_links":{"self":[{"href":"https:\/\/rmvapesale.com\/da\/wp-json\/wp\/v2\/product\/1995","targetHints":{"allow":["GET"]}}],"collection":[{"href":"https:\/\/rmvapesale.com\/da\/wp-json\/wp\/v2\/product"}],"about":[{"href":"https:\/\/rmvapesale.com\/da\/wp-json\/wp\/v2\/types\/product"}],"replies":[{"embeddable":true,"href":"https:\/\/rmvapesale.com\/da\/wp-json\/wp\/v2\/comments?post=1995"}],"wp:featuredmedia":[{"embeddable":true,"href":"https:\/\/rmvapesale.com\/da\/wp-json\/wp\/v2\/media\/2000"}],"wp:attachment":[{"href":"https:\/\/rmvapesale.com\/da\/wp-json\/wp\/v2\/media?parent=1995"}],"wp:term":[{"taxonomy":"product_brand","embeddable":true,"href":"https:\/\/rmvapesale.com\/da\/wp-json\/wp\/v2\/product_brand?post=1995"},{"taxonomy":"product_cat","embeddable":true,"href":"https:\/\/rmvapesale.com\/da\/wp-json\/wp\/v2\/product_cat?post=1995"},{"taxonomy":"product_tag","embeddable":true,"href":"https:\/\/rmvapesale.com\/da\/wp-json\/wp\/v2\/product_tag?post=1995"}],"curies":[{"name":"wp","href":"https:\/\/api.w.org\/{rel}","templated":true}]}}