{"id":2001,"date":"2024-09-18T02:33:31","date_gmt":"2024-09-18T02:33:31","guid":{"rendered":"https:\/\/rmvapesale.com\/?post_type=product&#038;p=2001"},"modified":"2025-01-20T03:54:40","modified_gmt":"2025-01-20T03:54:40","slug":"waspe-tornado-15000-puffs-original-factory-price","status":"publish","type":"product","link":"https:\/\/rmvapesale.com\/da\/product\/waspe-tornado-15000-puffs-original-factory-price\/","title":{"rendered":"Waspe Tornado 15000 sug Original fabrikspris"},"content":{"rendered":"<h1>Waspe Tornado 15000 sug Original fabrikspris<\/h1>\n<p>Oplev en ny engangs vape med Waspe Tornado 15000 Pust Original, der tilbyder op til 15000 pust og udelukkende er tilg\u00e6ngelig fra Waspe fabrikken. Denne innovative vape enhed giver en enest\u00e5ende nikotinfri oplevelse til en konkurrencedygtig pris. Dens slanke design har en LED-sk\u00e6rm til at overv\u00e5ge batterilevetid og pust t\u00e6ller, alt sammen i en ergonomisk konstruktion, der giver dig mulighed for at nyde en r\u00e6kke forskellige smagsvarianter som aldrig f\u00f8r.<\/p>\n<p><strong>Kontakt Amy for at f\u00e5 det rigtige svar og flere produktvideoer!<\/strong><\/p>\n<figure id=\"attachment_1978\" aria-describedby=\"caption-attachment-1978\" style=\"width: 229px\" class=\"wp-caption alignnone\"><img loading=\"lazy\" decoding=\"async\" class=\"size-full wp-image-1978\" src=\"https:\/\/rmvapesale.com\/wp-content\/uploads\/2024\/09\/Disposable-Vape-Wholesale.jpg\" alt=\"Engrospriser p\u00e5 engangsvape\" width=\"229\" height=\"300\" \/><figcaption id=\"caption-attachment-1978\" class=\"wp-caption-text\">Engrospriser p\u00e5 engangsvape<\/figcaption><\/figure>\n<h3><span style=\"color: #ff0000\"><strong>WhatsApp: +86 17776015835<\/strong><\/span><\/h3>\n<p>&nbsp;<\/p>\n<figure id=\"attachment_2013\" aria-describedby=\"caption-attachment-2013\" style=\"width: 300px\" class=\"wp-caption alignnone\"><img loading=\"lazy\" decoding=\"async\" class=\"size-medium wp-image-2013\" src=\"https:\/\/rmvapesale.com\/wp-content\/uploads\/2024\/09\/Waspe-Tornado-15000-300x300.png\" alt=\"Waspe Tornado 15000\" width=\"300\" height=\"300\" srcset=\"https:\/\/rmvapesale.com\/wp-content\/uploads\/2024\/09\/Waspe-Tornado-15000-300x300.png 300w, https:\/\/rmvapesale.com\/wp-content\/uploads\/2024\/09\/Waspe-Tornado-15000-150x150.png 150w, https:\/\/rmvapesale.com\/wp-content\/uploads\/2024\/09\/Waspe-Tornado-15000-768x768.png 768w, https:\/\/rmvapesale.com\/wp-content\/uploads\/2024\/09\/Waspe-Tornado-15000-600x600.png 600w, https:\/\/rmvapesale.com\/wp-content\/uploads\/2024\/09\/Waspe-Tornado-15000-100x100.png 100w, https:\/\/rmvapesale.com\/wp-content\/uploads\/2024\/09\/Waspe-Tornado-15000.png 800w\" sizes=\"auto, (max-width: 300px) 100vw, 300px\" \/><figcaption id=\"caption-attachment-2013\" class=\"wp-caption-text\">Waspe Tornado 15000<\/figcaption><\/figure>\n<h2><strong>Waspe Tornado 15000 pust N\u00f8glefunktioner<\/strong><\/h2>\n<p>Pust: 15000<br \/>\nBatteri: 850mah Genopladeligt<br \/>\nDisplay: LED Display<br \/>\nNikotin: 0% 2% 3% 5%<br \/>\nV\u00e6skekapacitet: 22ml<br \/>\nSpole: Mesh Coil<\/p>\n<h2><strong>Top bedste smag til Waspe Tornado 15000<\/strong><\/h2>\n<p>Waspe Tornado 15000 pust Engangs kit kan prale af 12 ekspertudviklede smagsvarianter, hver designet til at tilbyde en distinkt og tilfredsstillende smagsoplevelse, der er noget bedst for dig<\/p>\n<p>1. Vandmelon Is<span style=\"color: #ff0000\"><strong>&gt;&gt;&gt;&gt;Hurtigt!<\/strong><\/span><br \/>\n2. Jordb\u00e6r Vandmelon<br \/>\n3. Appelsinsodavand<br \/>\n4. Dobbelt \u00c6ble<span style=\"color: #ff0000\"><strong>&gt;&gt;&gt;&gt;Hurtigt!<\/strong><\/span><br \/>\n5. Jordb\u00e6r Kiwi<br \/>\n6. Kirseb\u00e6ris<span style=\"color: #ff0000\"><strong>&gt;&gt;&gt;&gt;Hurtigt!<\/strong><\/span><br \/>\n7. Aloe Drue<br \/>\n8. Blandede b\u00e6r<span style=\"color: #ff0000\"><strong>&gt;&gt;&gt;&gt;Bedste!<\/strong><\/span><br \/>\n9. Bl\u00e5b\u00e6r Is<br \/>\n10. Jordb\u00e6r Mango<br \/>\n11. Bl\u00e5 Hindb\u00e6r Lemon<span style=\"color: #ff0000\"><strong>&gt;&gt;&gt;&gt;Hurtigt!<\/strong><\/span><br \/>\n12. Fersken Is<\/p>\n<h2><strong>Sp\u00f8rgsm\u00e5l du m\u00e5ske vil vide om Waspe Tornado 15000<\/strong><\/h2>\n<p>&nbsp;<\/p>\n<p><strong>1. Hvordan bruger jeg Waspe Tornado 15000,<\/strong><strong>\u00a0<\/strong><strong>hvis jeg er ny inden for vaping?<\/strong><br \/>\nWaspe Tornado 15000 er designet til at v\u00e6re let at bruge. Du skal blot pakke enheden ud og begynde at puste for at nyde din valgte smag. Der er ingen komplicerede indstillinger eller vedligeholdelse p\u00e5kr\u00e6vet, hvilket g\u00f8r det til et perfekt valg for begyndere.<\/p>\n<p><strong>2. Er Waspe Tornado 15000 milj\u00f8venlig?<\/strong><br \/>\nJa, Vapes Europe er engageret i b\u00e6redygtighed. Selvom Waspe Tornado 15000 er en engangsenhed, opfordrer vi til ansvarlig bortskaffelse. Brug venligst udpegede e-affaldsgenbrugsfaciliteter for at minimere milj\u00f8p\u00e5virkningen og sikre korrekt h\u00e5ndtering af enhedens komponenter.<\/p>\n<p><strong>3. Hvordan skal jeg bortskaffe Waspe Tornado 15000 sikkert?<\/strong><br \/>\nFor at bortskaffe BWaspe Tornado 15000 skal du f\u00f8rst sikre dig, at den er helt t\u00f8mt. F\u00f8lg derefter lokale regler for bortskaffelse af e-affald eller genbrugscentre. Mange lokalsamfund tilbyder specifikke afleveringssteder for elektroniske enheder for at sikre korrekt bortskaffelse og reducere milj\u00f8p\u00e5virkningen.<\/p>\n<p><strong>4. Er Waspe Tornado 15000 sikker til brug og bortskaffelse?<\/strong><br \/>\nAbsolut. Waspe Tornado 15000 er designet med sikkerhed i tankerne og overholder industristandarder. Dens engangs natur eliminerer vedligeholdelsesproblemer, og n\u00e5r den bortskaffes ansvarligt, har den minimal milj\u00f8p\u00e5virkning. F\u00f8lg altid sikkerhedsretningslinjerne, og du er velkommen til at kontakte vores kundesupportteam for specifikke sp\u00f8rgsm\u00e5l.<\/p>\n<p>&nbsp;<\/p>\n<h3><b>OFTE STILLEDE SP\u00d8RGSM\u00c5L<\/b><\/h3>\n<p>&nbsp;<\/p>\n<div class=\"flex-shrink-0 flex flex-col relative items-end\">\n<div>\n<div class=\"pt-0\">\n<div class=\"gizmo-bot-avatar flex h-8 w-8 items-center justify-center overflow-hidden rounded-full\">\n<div class=\"relative p-1 rounded-sm flex items-center justify-center bg-token-main-surface-primary text-token-text-primary h-8 w-8\"><strong>Hvilke forsendelsesmetoder bruges?<\/strong><\/div>\n<\/div>\n<\/div>\n<\/div>\n<\/div>\n<div class=\"group\/conversation-turn relative flex w-full min-w-0 flex-col agent-turn\">\n<div class=\"flex-col gap-1 md:gap-3\">\n<div class=\"flex max-w-full flex-col flex-grow\">\n<div class=\"min-h-[20px] text-message flex w-full flex-col items-end gap-2 whitespace-normal break-words [.text-message+&amp;]:mt-5 overflow-x-auto\" dir=\"auto\" data-message-author-role=\"assistant\" data-message-id=\"22f8283b-3233-46ff-89a5-c7a41b33abda\">\n<div class=\"flex w-full flex-col gap-1 empty:hidden first:pt-[3px]\">\n<div class=\"markdown prose w-full break-words dark:prose-invert light\">\n<p>Vi samarbejder med UPS, DHL, FedEx, DPD og andre f\u00f8rende transport\u00f8rer. Vi vil v\u00e6lge den bedste forsendelsesmetode baseret p\u00e5 din leveringsplacering for at sikre, at du modtager dine produkter s\u00e5 hurtigt som muligt.<\/p>\n<\/div>\n<p><strong>Hvor lang tid tager det at ankomme?<\/strong><\/p>\n<p>Pakker sendt til Danmark ankommer normalt inden for 10 arbejdsdage. Forsendelse til europ\u00e6iske lande tager generelt omkring 12-15 arbejdsdage. Vi vil give opdateringer i realtid om din forsendelsesstatus.<\/p>\n<\/div>\n<p><strong>garanti<\/strong><\/p>\n<p>Alle produkter i vores butik garanteres at v\u00e6re 100% originale og autentiske. Vi tilbyder 10 gange kompensation for falske varer!<\/p>\n<div class=\"flex w-full flex-col gap-1 empty:hidden first:pt-[3px]\">\n<p>&nbsp;<\/p>\n<\/div>\n<\/div>\n<\/div>\n<\/div>\n<\/div>\n<p>Find flere Vape-produkter, du m\u00e5ske kan lide:<strong><em><a href=\"https:\/\/rmvapesale.com\/da\/shop-2\/\">k\u00f8b nu &gt;&gt;&gt;<\/a><\/em><\/strong><\/p>\n<p>andre varme salg vape du m\u00e5ske kan lide:<\/p>\n<p><strong><a href=\"https:\/\/rmvapesale.com\/da\/product\/bang-digital-box-15000-puffs-original-factory-wholesale\/\">Bang Digital Box 15000 Pust<\/a><\/strong><\/p>\n<p><strong><a href=\"https:\/\/rmvapesale.com\/da\/product\/bang-beach-22000-puffs-smart-screen-vapes-factory-price\/\">Bang Beach 22000 Puffs<\/a><\/strong><\/p>\n<p><a href=\"https:\/\/rmvapesale.com\/da\/product\/randm-tornado-15000-puffs-vape-wholesale\/\"><strong>RandM Tornado 15000 Pust<\/strong><\/a><\/p>\n<p>&nbsp;<\/p>","protected":false},"excerpt":{"rendered":"<p class=\"LC20lb MBeuO DKV0Md\">Waspe Tornado 15000 Pust Engangs Vape<\/p>\n<p>Original Waspe Tornado 15000 Pust Engrospris<\/p>\n<p>WASPE 15000 Pust Original LED Lys Engangs Vape<\/p>\n<p><strong>Kontakt Amy For Mere Rabat Og Lavere MOQ Vape<\/strong><\/p>\n<p><img loading=\"lazy\" decoding=\"async\" class=\"size-medium wp-image-1814\" src=\"https:\/\/rmvapesale.com\/wp-content\/uploads\/2024\/04\/whatsapp-amy-229x300.jpg\" alt=\"whatsapp amy\" width=\"229\" height=\"300\" srcset=\"https:\/\/rmvapesale.com\/wp-content\/uploads\/2024\/04\/whatsapp-amy-229x300.jpg 229w, https:\/\/rmvapesale.com\/wp-content\/uploads\/2024\/04\/whatsapp-amy-783x1024.jpg 783w, https:\/\/rmvapesale.com\/wp-content\/uploads\/2024\/04\/whatsapp-amy-768x1005.jpg 768w, https:\/\/rmvapesale.com\/wp-content\/uploads\/2024\/04\/whatsapp-amy-600x785.jpg 600w, https:\/\/rmvapesale.com\/wp-content\/uploads\/2024\/04\/whatsapp-amy.jpg 990w\" sizes=\"auto, (max-width: 229px) 100vw, 229px\" \/><\/p>\n<h3><span style=\"color: #ff0000\"><strong>WhatsApp: +86 17776015835<\/strong><\/span><\/h3>","protected":false},"featured_media":2012,"comment_status":"open","ping_status":"closed","template":"","meta":{"_uag_custom_page_level_css":"","_lmt_disableupdate":"no","_lmt_disable":"","site-sidebar-layout":"default","site-content-layout":"content-boxed-container","ast-site-content-layout":"normal-width-container","site-content-style":"boxed","site-sidebar-style":"unboxed","ast-global-header-display":"","ast-banner-title-visibility":"","ast-main-header-display":"","ast-hfb-above-header-display":"","ast-hfb-below-header-display":"","ast-hfb-mobile-header-display":"","site-post-title":"","ast-breadcrumbs-content":"","ast-featured-img":"","footer-sml-layout":"","ast-disable-related-posts":"","theme-transparent-header-meta":"default","adv-header-id-meta":"","stick-header-meta":"","header-above-stick-meta":"","header-main-stick-meta":"","header-below-stick-meta":"","astra-migrate-meta-layouts":"set","ast-page-background-enabled":"default","ast-page-background-meta":{"desktop":{"background-color":"var(--ast-global-color-4)","background-image":"","background-repeat":"repeat","background-position":"center center","background-size":"auto","background-attachment":"scroll","background-type":"","background-media":"","overlay-type":"","overlay-color":"","overlay-opacity":"","overlay-gradient":""},"tablet":{"background-color":"","background-image":"","background-repeat":"repeat","background-position":"center center","background-size":"auto","background-attachment":"scroll","background-type":"","background-media":"","overlay-type":"","overlay-color":"","overlay-opacity":"","overlay-gradient":""},"mobile":{"background-color":"","background-image":"","background-repeat":"repeat","background-position":"center center","background-size":"auto","background-attachment":"scroll","background-type":"","background-media":"","overlay-type":"","overlay-color":"","overlay-opacity":"","overlay-gradient":""}},"ast-content-background-meta":{"desktop":{"background-color":"var(--ast-global-color-5)","background-image":"","background-repeat":"repeat","background-position":"center center","background-size":"auto","background-attachment":"scroll","background-type":"","background-media":"","overlay-type":"","overlay-color":"","overlay-opacity":"","overlay-gradient":""},"tablet":{"background-color":"var(--ast-global-color-5)","background-image":"","background-repeat":"repeat","background-position":"center center","background-size":"auto","background-attachment":"scroll","background-type":"","background-media":"","overlay-type":"","overlay-color":"","overlay-opacity":"","overlay-gradient":""},"mobile":{"background-color":"var(--ast-global-color-5)","background-image":"","background-repeat":"repeat","background-position":"center center","background-size":"auto","background-attachment":"scroll","background-type":"","background-media":"","overlay-type":"","overlay-color":"","overlay-opacity":"","overlay-gradient":""}},"_joinchat":[]},"product_brand":[],"product_cat":[15,61,292,27,25,123,293,30,26,28,295,137,299,136,135,297],"product_tag":[56,57,58,40,41,37],"class_list":{"0":"post-2001","1":"product","2":"type-product","3":"status-publish","4":"has-post-thumbnail","6":"product_cat-new-vape-this-week","7":"product_cat-15000-puffs-disposable-vapes","8":"product_cat-digital-disposable-vapes","9":"product_cat-fance-hot-sale-vape","10":"product_cat-germany-best-selling-vape","11":"product_cat-italy-wholesale-vape","12":"product_cat-low-nicotine-disposable-vapes","13":"product_cat-minimum-order-quantity-50pcs","14":"product_cat-netherlands-hot-sale-vape","15":"product_cat-poland-hot-sale-vape","16":"product_cat-rechargeable-disposable-vapes","17":"product_cat-rechargeable-vapes","18":"product_cat-smart-screen-disposable-vapes","19":"product_cat-smart-screen-vapes","20":"product_cat-spain-best-hot-sale-vape","21":"product_cat-tornado-disposable-vapes","22":"product_tag-disposable-vape-wholesale-near-me","23":"product_tag-disposable-vape-wholesale-supplier","24":"product_tag-electric-cigarettes","25":"product_tag-hot-sale-vape","26":"product_tag-original-factory-vape","27":"product_tag-wholesale-vape-price","28":"desktop-align-left","29":"tablet-align-left","30":"mobile-align-left","32":"first","33":"instock","34":"sale","35":"shipping-taxable","36":"purchasable","37":"product-type-simple"},"uagb_featured_image_src":{"full":["https:\/\/rmvapesale.com\/wp-content\/uploads\/2024\/09\/Waspe-Tornado-15000-Puffs.jpg",800,800,false],"thumbnail":["https:\/\/rmvapesale.com\/wp-content\/uploads\/2024\/09\/Waspe-Tornado-15000-Puffs-150x150.jpg",150,150,true],"medium":["https:\/\/rmvapesale.com\/wp-content\/uploads\/2024\/09\/Waspe-Tornado-15000-Puffs-300x300.jpg",300,300,true],"medium_large":["https:\/\/rmvapesale.com\/wp-content\/uploads\/2024\/09\/Waspe-Tornado-15000-Puffs-768x768.jpg",768,768,true],"large":["https:\/\/rmvapesale.com\/wp-content\/uploads\/2024\/09\/Waspe-Tornado-15000-Puffs.jpg",800,800,false],"1536x1536":["https:\/\/rmvapesale.com\/wp-content\/uploads\/2024\/09\/Waspe-Tornado-15000-Puffs.jpg",800,800,false],"2048x2048":["https:\/\/rmvapesale.com\/wp-content\/uploads\/2024\/09\/Waspe-Tornado-15000-Puffs.jpg",800,800,false],"trp-custom-language-flag":["https:\/\/rmvapesale.com\/wp-content\/uploads\/2024\/09\/Waspe-Tornado-15000-Puffs.jpg",12,12,false],"woocommerce_thumbnail":["https:\/\/rmvapesale.com\/wp-content\/uploads\/2024\/09\/Waspe-Tornado-15000-Puffs-300x300.jpg",300,300,true],"woocommerce_single":["https:\/\/rmvapesale.com\/wp-content\/uploads\/2024\/09\/Waspe-Tornado-15000-Puffs-600x600.jpg",600,600,true],"woocommerce_gallery_thumbnail":["https:\/\/rmvapesale.com\/wp-content\/uploads\/2024\/09\/Waspe-Tornado-15000-Puffs-100x100.jpg",100,100,true],"wcpr-photo-reviews":["https:\/\/rmvapesale.com\/wp-content\/uploads\/2024\/09\/Waspe-Tornado-15000-Puffs.jpg",500,500,false]},"uagb_author_info":{"display_name":"AMY","author_link":"https:\/\/rmvapesale.com\/da\/author\/"},"uagb_comment_info":0,"uagb_excerpt":"Waspe Tornado 15000 puffs Disposable Vape Original Waspe Tornado 15000 puffs Wholesale Price WASPE 15000 Puffs Original LED Light Disposable Vape Contact Amy For More Discount And Lower MOQ Vape WhatsApp: +86 17776015835","_links":{"self":[{"href":"https:\/\/rmvapesale.com\/da\/wp-json\/wp\/v2\/product\/2001","targetHints":{"allow":["GET"]}}],"collection":[{"href":"https:\/\/rmvapesale.com\/da\/wp-json\/wp\/v2\/product"}],"about":[{"href":"https:\/\/rmvapesale.com\/da\/wp-json\/wp\/v2\/types\/product"}],"replies":[{"embeddable":true,"href":"https:\/\/rmvapesale.com\/da\/wp-json\/wp\/v2\/comments?post=2001"}],"wp:featuredmedia":[{"embeddable":true,"href":"https:\/\/rmvapesale.com\/da\/wp-json\/wp\/v2\/media\/2012"}],"wp:attachment":[{"href":"https:\/\/rmvapesale.com\/da\/wp-json\/wp\/v2\/media?parent=2001"}],"wp:term":[{"taxonomy":"product_brand","embeddable":true,"href":"https:\/\/rmvapesale.com\/da\/wp-json\/wp\/v2\/product_brand?post=2001"},{"taxonomy":"product_cat","embeddable":true,"href":"https:\/\/rmvapesale.com\/da\/wp-json\/wp\/v2\/product_cat?post=2001"},{"taxonomy":"product_tag","embeddable":true,"href":"https:\/\/rmvapesale.com\/da\/wp-json\/wp\/v2\/product_tag?post=2001"}],"curies":[{"name":"wp","href":"https:\/\/api.w.org\/{rel}","templated":true}]}}