{"id":2037,"date":"2024-09-19T03:28:36","date_gmt":"2024-09-19T03:28:36","guid":{"rendered":"https:\/\/rmvapesale.com\/?post_type=product&#038;p=2037"},"modified":"2025-08-21T11:56:24","modified_gmt":"2025-08-21T11:56:24","slug":"wga-crystal-pro-max-extra-15k-puffs-disposable-vape-wholesale","status":"publish","type":"product","link":"https:\/\/rmvapesale.com\/da\/product\/wga-crystal-pro-max-extra-15k-puffs-disposable-vape-wholesale\/","title":{"rendered":"WGA Crystal Pro Max Extra 15k Puffs Engangsvape Engros"},"content":{"rendered":"<h1><strong>WGA Crystal Pro Max Extra 15k Puffs Engangsvape Engros<\/strong><\/h1>\n<p data-start=\"119\" data-end=\"507\">The <strong data-start=\"123\" data-end=\"188\">WGA Crystal Pro Max Extra 15k Puffs Engangsvape Engros<\/strong> er skr\u00e6ddersyet til det europ\u00e6iske marked, is\u00e6r popul\u00e6r blandt unge m\u00e6nd i alderen 25-35 \u00e5r i Holland og Tyskland. Designet til langvarig brug, kombinerer <strong data-start=\"336\" data-end=\"368\">Crystal Pro Max 15.000 sug<\/strong> et solidt design med p\u00e5lidelig ydeevne, hvilket giver kunderne en konsekvent dampningsmulighed uden behov for genopfyldninger eller opladning.<\/p>\n<p data-start=\"509\" data-end=\"817\">Med op til <strong data-start=\"520\" data-end=\"549\">15k Sug Engangs Vape<\/strong> kapacitet, passer den til livsstilen for bybrugere, der v\u00e6rds\u00e6tter holdbarhed og praktisk anvendelighed. Forhandlere i Danmark nyder godt af at have en enhed p\u00e5 lager, der matcher den nuv\u00e6rende markedseftersp\u00f8rgsel: st\u00e6rk smagslevering, holdbart batteri og et elegant udseende, der appellerer til yngre forbrugere.<\/p>\n<p data-start=\"819\" data-end=\"1076\">For engrossk\u00f8bere giver WGA Crystal Pro Max Extra konkurrencedygtige marginer og et stabilt salgspotentiale i hele Europa. Kompakt emballage, nem logistik og brandgenkendelse g\u00f8r det til en smart tilf\u00f8jelse til ethvert produktsortiment, der er rettet mod det unge segment.<\/p>\n<p><strong>Kontakt Amy for at f\u00e5 det rigtige svar og flere produktvideoer!<\/strong><\/p>\n<p><img loading=\"lazy\" decoding=\"async\" class=\"size-full wp-image-1978\" src=\"https:\/\/rmvapesale.com\/wp-content\/uploads\/2024\/09\/Disposable-Vape-Wholesale.jpg\" alt=\"Engrospriser p\u00e5 engangsvape\" width=\"229\" height=\"300\" \/><\/p>\n<h3><span style=\"color: #ff0000;\"><strong>WhatsApp: +86 17776015835<\/strong><\/span><\/h3>\n<p>&nbsp;<\/p>\n<h2 class=\"LC20lb MBeuO DKV0Md\"><strong>WGA Crystal Pro Max 15000<\/strong><\/h2>\n<h2><strong> N\u00f8glefunktioner<\/strong><\/h2>\n<p>Nikotin: 2% 5%<br \/>\nSug: 12000<br \/>\nKapacitet: 20ml<br \/>\n15 smagsvarianter tilg\u00e6ngelige<br \/>\nType-C portFedt farvet lys i bunden<br \/>\n650mah Genopladelig<br \/>\nMesh Spole 0.8\u03a9<\/p>\n<p>&nbsp;<\/p>\n<p><img loading=\"lazy\" decoding=\"async\" class=\"wp-image-2040 size-full\" src=\"https:\/\/rmvapesale.com\/wp-content\/uploads\/2024\/09\/WGA-Crystal-Pro-Max-15k-Wholesale.png\" alt=\"WGA Crystal Pro Max 15k Engros\" width=\"666\" height=\"666\" srcset=\"https:\/\/rmvapesale.com\/wp-content\/uploads\/2024\/09\/WGA-Crystal-Pro-Max-15k-Wholesale.png 666w, https:\/\/rmvapesale.com\/wp-content\/uploads\/2024\/09\/WGA-Crystal-Pro-Max-15k-Wholesale-300x300.png 300w, https:\/\/rmvapesale.com\/wp-content\/uploads\/2024\/09\/WGA-Crystal-Pro-Max-15k-Wholesale-150x150.png 150w, https:\/\/rmvapesale.com\/wp-content\/uploads\/2024\/09\/WGA-Crystal-Pro-Max-15k-Wholesale-600x600.png 600w, https:\/\/rmvapesale.com\/wp-content\/uploads\/2024\/09\/WGA-Crystal-Pro-Max-15k-Wholesale-100x100.png 100w\" sizes=\"auto, (max-width: 666px) 100vw, 666px\" \/><\/p>\n<h2><\/h2>\n<p>&nbsp;<\/p>\n<h2><strong>Top smag for WGA Crystal Pro Max Extra 15K Puffs<\/strong><\/h2>\n<p>&nbsp;<\/p>\n<p>WGA Crystal Pro Max Extra 15K Puffs engangs vape pen kan prale af 15 smukt udformede smage, hver designet til at tilbyde en s\u00e6rpr\u00e6get og tilfredsstillende dampoplevelse, der er noget for dig!<\/p>\n<p>1.vandmelon is<br \/>\n2.bl\u00e5b\u00e6r hindb\u00e6r<span style=\"color: #ff0000;\"><strong>&gt;&gt;&gt;&gt;Hurtigt!<\/strong><\/span><br \/>\n3.fizzy cherry<br \/>\n4.gummibj\u00f8rn<br \/>\n5.citron lime<br \/>\n6.jordb\u00e6r is<br \/>\n7.bl\u00e5b\u00e6r sur hindb\u00e6r<span style=\"color: #ff0000;\"><strong>&gt;&gt;&gt;&gt;Hurtigt!<\/strong><\/span><br \/>\n8.bl\u00e5 hindb\u00e6r is<br \/>\n9.mr blue<span style=\"color: #ff0000;\"><strong>&gt;&gt;&gt;&gt;Bedste!<\/strong><\/span><br \/>\n10.skittles<br \/>\n11.bl\u00e5b\u00e6r kirseb\u00e6r traneb\u00e6r<br \/>\n12.saftig fersken<br \/>\n13.jordb\u00e6r hindb\u00e6r kirseb\u00e6r is<br \/>\n14.hubba bubba<br \/>\n15.bromb\u00e6r bl\u00e5b\u00e6r hindb\u00e6r<br \/>\n16.jordb\u00e6r ispop<br \/>\n17.bl\u00e5b\u00e6r ispop<br \/>\n18.prime jordb\u00e6r vandmelon<br \/>\n19.jordb\u00e6r kirseb\u00e6r tyggegummi<br \/>\n20.hindb\u00e6r kirseb\u00e6r is<br \/>\n21.ananas is<span style=\"color: #ff0000;\"><strong>&gt;&gt;&gt;&gt;Hurtigt!<\/strong><\/span><br \/>\n22.sommerdr\u00f8m<br \/>\n23.wga pink<br \/>\n24.frisk mynte<br \/>\n25.dobbelt \u00e6ble<br \/>\n26.triple mango<br \/>\n27.sort drage is<br \/>\n28.cola is<br \/>\n29.ananas citron<br \/>\n30.mr black<span style=\"color: #ff0000;\"><strong>&gt;&gt;&gt;&gt;Hurtigt!<\/strong><\/span><br \/>\n31.kiwi passionsfrugt guava<\/p>\n<p>&nbsp;<\/p>\n<h2><strong>Sp\u00f8rgsm\u00e5l, du m\u00e5ske vil vide om WGA Crystal Pro Max 15000 Puffs\u00a0<\/strong><\/h2>\n<p>&nbsp;<\/p>\n<p><strong>1. Hvor mange sug tilbyder Crystal Pro Max 15k?<\/strong><br \/>\nDen tilbyder cirka 15.000 sug.<\/p>\n<p><strong>2. Er Crystal Pro Max 15k lovlig at bruge i Danmark?<\/strong><br \/>\nJa, Crystal Pro Max 15k er lovlig til brug i Danmark.<\/p>\n<p><strong>3. Hvor l\u00e6nge vil Crystal Pro Max 15k holde?<\/strong><br \/>\nLevetiden varierer afh\u00e6ngigt af brugsvaner, men med en kapacitet p\u00e5 18.000 sug og et genopladeligt 750mAh batteri sikrer det lange vape-sessioner.<\/p>\n<p><strong>4. Kan WGA Crystal Pro Max genoplades?<\/strong><br \/>\nJa, Crystal Pro Max 15k er genopladelig og har en Type-C opladningsport for nem opladning.<\/p>\n<p>&nbsp;<\/p>\n<h3><b>OFTE STILLEDE SP\u00d8RGSM\u00c5L<\/b><\/h3>\n<p>&nbsp;<\/p>\n<div class=\"flex-shrink-0 flex flex-col relative items-end\">\n<div>\n<div class=\"pt-0\">\n<div class=\"gizmo-bot-avatar flex h-8 w-8 items-center justify-center overflow-hidden rounded-full\">\n<div class=\"relative p-1 rounded-sm flex items-center justify-center bg-token-main-surface-primary text-token-text-primary h-8 w-8\"><strong>Hvilke forsendelsesmetoder bruges?<\/strong><\/div>\n<\/div>\n<\/div>\n<\/div>\n<\/div>\n<div class=\"group\/conversation-turn relative flex w-full min-w-0 flex-col agent-turn\">\n<div class=\"flex-col gap-1 md:gap-3\">\n<div class=\"flex max-w-full flex-col flex-grow\">\n<div class=\"min-h-[20px] text-message flex w-full flex-col items-end gap-2 whitespace-normal break-words [.text-message+&amp;]:mt-5 overflow-x-auto\" dir=\"auto\" data-message-author-role=\"assistant\" data-message-id=\"22f8283b-3233-46ff-89a5-c7a41b33abda\">\n<div class=\"flex w-full flex-col gap-1 empty:hidden first:pt-[3px]\">\n<div class=\"markdown prose w-full break-words dark:prose-invert light\">\n<p>Vi samarbejder med UPS, DHL, FedEx, DPD og andre f\u00f8rende transport\u00f8rer. Vi vil v\u00e6lge den bedste forsendelsesmetode baseret p\u00e5 din leveringsplacering for at sikre, at du modtager dine produkter s\u00e5 hurtigt som muligt.<\/p>\n<\/div>\n<p><strong>Hvor lang tid tager det at ankomme?<\/strong><\/p>\n<p>Pakker sendt til Danmark ankommer normalt inden for 10 arbejdsdage. Forsendelse til europ\u00e6iske lande tager generelt omkring 12-15 arbejdsdage. Vi vil give opdateringer i realtid om din forsendelsesstatus.<\/p>\n<\/div>\n<p><strong>Garanti<\/strong><\/p>\n<p><span style=\"color: #ff0000;\"><strong>Alle produkter i vores butik garanteres at v\u00e6re 100% originale og autentiske. Vi tilbyder 10 gange kompensation for falske varer!<\/strong><\/span><\/p>\n<div class=\"flex w-full flex-col gap-1 empty:hidden first:pt-[3px]\">\n<p>&nbsp;<\/p>\n<\/div>\n<\/div>\n<\/div>\n<\/div>\n<\/div>\n<p>&nbsp;<\/p>\n<p>Andre hot-sale vapes du m\u00e5ske kan lide:<\/p>\n<p><strong><a href=\"https:\/\/rmvapesale.com\/da\/product\/wga-crystal-plus-20000-puff-dual-flavour-disposable-vape\/\">WGA Crystal Plus 20000<\/a><\/strong><\/p>\n<p><a href=\"https:\/\/rmvapesale.com\/da\/product\/waspe-tornado-15000-puffs-original-factory-price\/\"><strong>Waspe Tornado 15000 pust<\/strong><\/a><\/p>\n<p><a href=\"https:\/\/rmvapesale.com\/da\/product\/waspe-digital-box-12000-puffs-wholesale-disposable-vape\/\"><strong>WASPE Digital Box 12000 Pust<\/strong><\/a><\/p>\n<p>&nbsp;<\/p>\n<p>&nbsp;<\/p>\n<p>Find flere Vape-produkter, du m\u00e5ske kan lide:<strong><em><a href=\"https:\/\/rmvapesale.com\/da\/shop-2\/\">k\u00f8b nu &gt;&gt;&gt;<\/a><\/em><\/strong><\/p>","protected":false},"excerpt":{"rendered":"<p>WGA Crystal Pro Max Extra 15k Puffs Engangs Vape<br \/>\nWGA Crystal Pro Max Extra 15000 Engangs Vape Engros<br \/>\nWGA Crystal Pro Max 15K Puffs Engangs Vape Pod S\u00e6t<\/p>\n<p><strong>Kontakt Amy For Mere Rabat Og Lavere MOQ Vape<\/strong><\/p>\n<p><img loading=\"lazy\" decoding=\"async\" class=\"size-full wp-image-1978\" src=\"https:\/\/rmvapesale.com\/wp-content\/uploads\/2024\/09\/Disposable-Vape-Wholesale.jpg\" alt=\"Engrospriser p\u00e5 engangsvape\" width=\"229\" height=\"300\" \/><\/p>\n<h3><span style=\"color: #ff0000;\"><strong>WhatsApp: +86 17776015835<\/strong><\/span><\/h3>","protected":false},"featured_media":2042,"comment_status":"open","ping_status":"closed","template":"","meta":{"_uag_custom_page_level_css":"","_lmt_disableupdate":"no","_lmt_disable":"","site-sidebar-layout":"default","site-content-layout":"content-boxed-container","ast-site-content-layout":"normal-width-container","site-content-style":"boxed","site-sidebar-style":"unboxed","ast-global-header-display":"","ast-banner-title-visibility":"","ast-main-header-display":"","ast-hfb-above-header-display":"","ast-hfb-below-header-display":"","ast-hfb-mobile-header-display":"","site-post-title":"","ast-breadcrumbs-content":"","ast-featured-img":"","footer-sml-layout":"","ast-disable-related-posts":"","theme-transparent-header-meta":"default","adv-header-id-meta":"","stick-header-meta":"","header-above-stick-meta":"","header-main-stick-meta":"","header-below-stick-meta":"","astra-migrate-meta-layouts":"set","ast-page-background-enabled":"default","ast-page-background-meta":{"desktop":{"background-color":"var(--ast-global-color-4)","background-image":"","background-repeat":"repeat","background-position":"center center","background-size":"auto","background-attachment":"scroll","background-type":"","background-media":"","overlay-type":"","overlay-color":"","overlay-opacity":"","overlay-gradient":""},"tablet":{"background-color":"","background-image":"","background-repeat":"repeat","background-position":"center center","background-size":"auto","background-attachment":"scroll","background-type":"","background-media":"","overlay-type":"","overlay-color":"","overlay-opacity":"","overlay-gradient":""},"mobile":{"background-color":"","background-image":"","background-repeat":"repeat","background-position":"center center","background-size":"auto","background-attachment":"scroll","background-type":"","background-media":"","overlay-type":"","overlay-color":"","overlay-opacity":"","overlay-gradient":""}},"ast-content-background-meta":{"desktop":{"background-color":"var(--ast-global-color-5)","background-image":"","background-repeat":"repeat","background-position":"center center","background-size":"auto","background-attachment":"scroll","background-type":"","background-media":"","overlay-type":"","overlay-color":"","overlay-opacity":"","overlay-gradient":""},"tablet":{"background-color":"var(--ast-global-color-5)","background-image":"","background-repeat":"repeat","background-position":"center center","background-size":"auto","background-attachment":"scroll","background-type":"","background-media":"","overlay-type":"","overlay-color":"","overlay-opacity":"","overlay-gradient":""},"mobile":{"background-color":"var(--ast-global-color-5)","background-image":"","background-repeat":"repeat","background-position":"center center","background-size":"auto","background-attachment":"scroll","background-type":"","background-media":"","overlay-type":"","overlay-color":"","overlay-opacity":"","overlay-gradient":""}},"_joinchat":[]},"product_brand":[],"product_cat":[15,61,290,292,27,25,123,293,30,26,28,295,299,135,283],"product_tag":[67,57,58,70,68,69],"class_list":{"0":"post-2037","1":"product","2":"type-product","3":"status-publish","4":"has-post-thumbnail","6":"product_cat-new-vape-this-week","7":"product_cat-15000-puffs-disposable-vapes","8":"product_cat-crystal-disposable-vapes","9":"product_cat-digital-disposable-vapes","10":"product_cat-fance-hot-sale-vape","11":"product_cat-germany-best-selling-vape","12":"product_cat-italy-wholesale-vape","13":"product_cat-low-nicotine-disposable-vapes","14":"product_cat-minimum-order-quantity-50pcs","15":"product_cat-netherlands-hot-sale-vape","16":"product_cat-poland-hot-sale-vape","17":"product_cat-rechargeable-disposable-vapes","18":"product_cat-smart-screen-disposable-vapes","19":"product_cat-spain-best-hot-sale-vape","20":"product_cat-wga-vape","21":"product_tag-15k-vapes","22":"product_tag-disposable-vape-wholesale-supplier","23":"product_tag-electric-cigarettes","24":"product_tag-wga-15000-puffs","25":"product_tag-wga-crystal-pro-max-15k-wholesale","26":"product_tag-wga-vape","27":"desktop-align-left","28":"tablet-align-left","29":"mobile-align-left","31":"first","32":"instock","33":"sale","34":"shipping-taxable","35":"purchasable","36":"product-type-simple"},"uagb_featured_image_src":{"full":["https:\/\/rmvapesale.com\/wp-content\/uploads\/2024\/09\/WGA-Crystal-Pro-Max-Extra-15k-Puffs-Disposable-Vape.jpg",788,788,false],"thumbnail":["https:\/\/rmvapesale.com\/wp-content\/uploads\/2024\/09\/WGA-Crystal-Pro-Max-Extra-15k-Puffs-Disposable-Vape-150x150.jpg",150,150,true],"medium":["https:\/\/rmvapesale.com\/wp-content\/uploads\/2024\/09\/WGA-Crystal-Pro-Max-Extra-15k-Puffs-Disposable-Vape-300x300.jpg",300,300,true],"medium_large":["https:\/\/rmvapesale.com\/wp-content\/uploads\/2024\/09\/WGA-Crystal-Pro-Max-Extra-15k-Puffs-Disposable-Vape-768x768.jpg",768,768,true],"large":["https:\/\/rmvapesale.com\/wp-content\/uploads\/2024\/09\/WGA-Crystal-Pro-Max-Extra-15k-Puffs-Disposable-Vape.jpg",788,788,false],"1536x1536":["https:\/\/rmvapesale.com\/wp-content\/uploads\/2024\/09\/WGA-Crystal-Pro-Max-Extra-15k-Puffs-Disposable-Vape.jpg",788,788,false],"2048x2048":["https:\/\/rmvapesale.com\/wp-content\/uploads\/2024\/09\/WGA-Crystal-Pro-Max-Extra-15k-Puffs-Disposable-Vape.jpg",788,788,false],"trp-custom-language-flag":["https:\/\/rmvapesale.com\/wp-content\/uploads\/2024\/09\/WGA-Crystal-Pro-Max-Extra-15k-Puffs-Disposable-Vape.jpg",12,12,false],"woocommerce_thumbnail":["https:\/\/rmvapesale.com\/wp-content\/uploads\/2024\/09\/WGA-Crystal-Pro-Max-Extra-15k-Puffs-Disposable-Vape-300x300.jpg",300,300,true],"woocommerce_single":["https:\/\/rmvapesale.com\/wp-content\/uploads\/2024\/09\/WGA-Crystal-Pro-Max-Extra-15k-Puffs-Disposable-Vape-600x600.jpg",600,600,true],"woocommerce_gallery_thumbnail":["https:\/\/rmvapesale.com\/wp-content\/uploads\/2024\/09\/WGA-Crystal-Pro-Max-Extra-15k-Puffs-Disposable-Vape-100x100.jpg",100,100,true],"wcpr-photo-reviews":["https:\/\/rmvapesale.com\/wp-content\/uploads\/2024\/09\/WGA-Crystal-Pro-Max-Extra-15k-Puffs-Disposable-Vape.jpg",500,500,false]},"uagb_author_info":{"display_name":"AMY","author_link":"https:\/\/rmvapesale.com\/da\/author\/"},"uagb_comment_info":0,"uagb_excerpt":"WGA Crystal Pro Max Extra 15k Puffs Disposable Vape WGA Crystal Pro Max Extra 15000 Disposable Vape Wholesale WGA Crystal Pro Max 15K Puffs Disposable Vape Pod Kit Contact Amy For More Discount And Lower MOQ Vape WhatsApp: +86 17776015835","_links":{"self":[{"href":"https:\/\/rmvapesale.com\/da\/wp-json\/wp\/v2\/product\/2037","targetHints":{"allow":["GET"]}}],"collection":[{"href":"https:\/\/rmvapesale.com\/da\/wp-json\/wp\/v2\/product"}],"about":[{"href":"https:\/\/rmvapesale.com\/da\/wp-json\/wp\/v2\/types\/product"}],"replies":[{"embeddable":true,"href":"https:\/\/rmvapesale.com\/da\/wp-json\/wp\/v2\/comments?post=2037"}],"wp:featuredmedia":[{"embeddable":true,"href":"https:\/\/rmvapesale.com\/da\/wp-json\/wp\/v2\/media\/2042"}],"wp:attachment":[{"href":"https:\/\/rmvapesale.com\/da\/wp-json\/wp\/v2\/media?parent=2037"}],"wp:term":[{"taxonomy":"product_brand","embeddable":true,"href":"https:\/\/rmvapesale.com\/da\/wp-json\/wp\/v2\/product_brand?post=2037"},{"taxonomy":"product_cat","embeddable":true,"href":"https:\/\/rmvapesale.com\/da\/wp-json\/wp\/v2\/product_cat?post=2037"},{"taxonomy":"product_tag","embeddable":true,"href":"https:\/\/rmvapesale.com\/da\/wp-json\/wp\/v2\/product_tag?post=2037"}],"curies":[{"name":"wp","href":"https:\/\/api.w.org\/{rel}","templated":true}]}}