{"id":2045,"date":"2024-09-19T08:19:14","date_gmt":"2024-09-19T08:19:14","guid":{"rendered":"https:\/\/rmvapesale.com\/?post_type=product&#038;p=2045"},"modified":"2025-01-21T09:13:47","modified_gmt":"2025-01-21T09:13:47","slug":"evappe-deluxe-bar-18000-puffs-led-screen-disposable-vape","status":"publish","type":"product","link":"https:\/\/rmvapesale.com\/da\/product\/evappe-deluxe-bar-18000-puffs-led-screen-disposable-vape\/","title":{"rendered":"Evappe Deluxe Bar 18000 Pust LED-sk\u00e6rm Engangs Vape"},"content":{"rendered":"<h1>Evappe Deluxe Bar 18000 Pust LED-sk\u00e6rm Engangs Vape<\/h1>\n<p>L\u00f8ft din vapingoplevelse med Evappe Deluxe Bar 18000 Puffs, en revolutionerende engangs-vape, der kombinerer banebrydende teknologi med uovertruffen bekvemmelighed. Med en levende LED-sk\u00e6rm giver denne enhed dig mulighed for nemt at overv\u00e5ge din str\u00f8m og brug med et \u00f8jeblik, hvilket sikrer, at du altid har kontrol over dine vapingsessioner.<\/p>\n<p>V\u00e6lg mellem 10 l\u00e6kre smagsvarianter, hver designet til at pirre dine smagsl\u00f8g og holde din oplevelse frisk og sp\u00e6ndende. Uanset om du foretr\u00e6kker frugtagtige, mintagtige eller overd\u00e5dige dessertsmagsvarianter, har Evappe Deluxe Bar noget for enhver smag.<\/p>\n<p>Med et kraftfuldt 600mAh genopladeligt batteri og en Type-C-opladningsport kan du nyde forl\u00e6nget brug uden besv\u00e6ret med konstante udskiftninger. Plus, det justerbare luftstr\u00f8mssystem giver dig mulighed for at tilpasse dit sug for den perfekte vapingoplevelse hver gang.<\/p>\n<p>Oplev fremtidens vaping med Evappe Deluxe Bar 18000 \u2013 hvor innovation m\u00f8der smag!<\/p>\n<p>&nbsp;<\/p>\n<p><strong>Kontakt Amy for at f\u00e5 det rigtige svar og flere produktvideoer!<\/strong><\/p>\n<p><img loading=\"lazy\" decoding=\"async\" class=\"size-full wp-image-1978\" src=\"https:\/\/rmvapesale.com\/wp-content\/uploads\/2024\/09\/Disposable-Vape-Wholesale.jpg\" alt=\"Engrospriser p\u00e5 engangsvape\" width=\"229\" height=\"300\" \/><\/p>\n<h3><span style=\"color: #ff0000\"><strong>WhatsApp: +86 17776015835<\/strong><\/span><\/h3>\n<p>&nbsp;<\/p>\n<h2>Evappe Deluxe Bar 18000 Puffs N\u00f8glefunktioner<\/h2>\n<p>&nbsp;<\/p>\n<p>0% 2% 5% Nikotin<br \/>\n25 ml E-v\u00e6ske.<br \/>\n18000 Puffs<br \/>\n750mah Genopladelig<br \/>\nType-C.<br \/>\nMesh Coil:0.6omh<\/p>\n<div class=\"mceTemp\"><\/div>\n<h2><\/h2>\n<h2><strong>Top smag til Evappe Deluxe Bar 18000<\/strong><\/h2>\n<p>&nbsp;<\/p>\n<p>Evappe Deluxe Bar 18000 Puffs engangs vape pen kan prale af 10 ekspertudviklede smagsvarianter, hver designet til at tilbyde en distinkt og tilfredsstillende vapingoplevelse, der er noget bedst for dig!<\/p>\n<p>1. To \u00e6bler<span style=\"color: #ff0000\"><strong>&gt;&gt;&gt;&gt;Hurtigt!<\/strong><\/span><br \/>\n2. Drue mynte<br \/>\n3. Frodig is<span style=\"color: #ff0000\"><strong>&gt;&gt;&gt;&gt;Bedste!<\/strong><\/span><br \/>\n4. Kirseb\u00e6r hindb\u00e6r<br \/>\n5. Fersken is<br \/>\n6. K\u00e6rlighed 66<br \/>\n7. Lucid dr\u00f8m<br \/>\n8.Strawberry Punch<br \/>\n9. Bl\u00e5b\u00e6rgummi<span style=\"color: #ff0000\"><strong>&gt;&gt;&gt;&gt;Hurtigt!<\/strong><\/span><br \/>\n10. B\u00e6r-is<\/p>\n<p>&nbsp;<\/p>\n<p><img loading=\"lazy\" decoding=\"async\" class=\"size-medium wp-image-2046\" src=\"https:\/\/rmvapesale.com\/wp-content\/uploads\/2024\/09\/Evappe-Deluxe-Bar-18k-Puffs--300x300.jpg\" alt=\"Evappe Deluxe Bar 18k Puffs\" width=\"300\" height=\"300\" srcset=\"https:\/\/rmvapesale.com\/wp-content\/uploads\/2024\/09\/Evappe-Deluxe-Bar-18k-Puffs--300x300.jpg 300w, https:\/\/rmvapesale.com\/wp-content\/uploads\/2024\/09\/Evappe-Deluxe-Bar-18k-Puffs--150x150.jpg 150w, https:\/\/rmvapesale.com\/wp-content\/uploads\/2024\/09\/Evappe-Deluxe-Bar-18k-Puffs--768x768.jpg 768w, https:\/\/rmvapesale.com\/wp-content\/uploads\/2024\/09\/Evappe-Deluxe-Bar-18k-Puffs--600x600.jpg 600w, https:\/\/rmvapesale.com\/wp-content\/uploads\/2024\/09\/Evappe-Deluxe-Bar-18k-Puffs--100x100.jpg 100w, https:\/\/rmvapesale.com\/wp-content\/uploads\/2024\/09\/Evappe-Deluxe-Bar-18k-Puffs-.jpg 800w\" sizes=\"auto, (max-width: 300px) 100vw, 300px\" \/><\/p>\n<h2><strong>Sp\u00f8rgsm\u00e5l du m\u00e5ske vil vide om Evappe Deluxe Bar 18k Puffs\u00a0<\/strong><\/h2>\n<p>&nbsp;<\/p>\n<p><strong>1. Hvor mange sug tilbyder Evappe Deluxe Bar 18k?<\/strong><br \/>\nDenne engangs vape med stor kapacitet tilbyder cirka 18.000 sug.<\/p>\n<p><strong>2. Er det lovligt at bruge Evappe Deluxe Bar 18k i Danmark?<\/strong><br \/>\nJa, Evappe Deluxe Bar 18k er lovlig at bruge i Danmark.<\/p>\n<p><strong>3. Hvor l\u00e6nge holder Evappe Deluxe Bar 18k?<\/strong><br \/>\nLevetiden varierer afh\u00e6ngigt af brugsvaner, men med en kapacitet p\u00e5 18.000 sug og et genopladeligt 750mAh batteri sikrer det lange vape-sessioner.<\/p>\n<p><strong>4. Kan Evappe Deluxe Bar 18k genoplades?<\/strong><br \/>\nJa, Evappe Deluxe Bar 18k er genopladelig og har en Type-C opladningsport for nem opladning.<\/p>\n<p>&nbsp;<\/p>\n<h3><b>OFTE STILLEDE SP\u00d8RGSM\u00c5L<\/b><\/h3>\n<p>&nbsp;<\/p>\n<div class=\"flex-shrink-0 flex flex-col relative items-end\">\n<div>\n<div class=\"pt-0\">\n<div class=\"gizmo-bot-avatar flex h-8 w-8 items-center justify-center overflow-hidden rounded-full\">\n<div class=\"relative p-1 rounded-sm flex items-center justify-center bg-token-main-surface-primary text-token-text-primary h-8 w-8\"><strong>Hvilke forsendelsesmetoder bruges?<\/strong><\/div>\n<\/div>\n<\/div>\n<\/div>\n<\/div>\n<div class=\"group\/conversation-turn relative flex w-full min-w-0 flex-col agent-turn\">\n<div class=\"flex-col gap-1 md:gap-3\">\n<div class=\"flex max-w-full flex-col flex-grow\">\n<div class=\"min-h-[20px] text-message flex w-full flex-col items-end gap-2 whitespace-normal break-words [.text-message+&amp;]:mt-5 overflow-x-auto\" dir=\"auto\" data-message-author-role=\"assistant\" data-message-id=\"22f8283b-3233-46ff-89a5-c7a41b33abda\">\n<div class=\"flex w-full flex-col gap-1 empty:hidden first:pt-[3px]\">\n<div class=\"markdown prose w-full break-words dark:prose-invert light\">\n<p>Vi samarbejder med UPS, DHL, FedEx, DPD og andre f\u00f8rende transport\u00f8rer. Vi vil v\u00e6lge den bedste forsendelsesmetode baseret p\u00e5 din leveringsplacering for at sikre, at du modtager dine produkter s\u00e5 hurtigt som muligt.<\/p>\n<p>&nbsp;<\/p>\n<\/div>\n<p><strong>Hvor lang tid tager det at ankomme?<\/strong><\/p>\n<p>Til Danmark ankommer normalt inden for 10 arbejdsdage.<\/p>\n<p>Til europ\u00e6iske lande tager det generelt omkring 12-15 arbejdsdage.<\/p>\n<p>Vi vil give realtidsopdateringer om din forsendelsesstatus.<\/p>\n<p>&nbsp;<\/p>\n<\/div>\n<p><strong>Garanti<\/strong><\/p>\n<p><span style=\"color: #ff0000\"><strong>Alle produkter i vores butik garanteres at v\u00e6re 100% originale og autentiske. Vi tilbyder 10 gange kompensation for falske varer!<\/strong><\/span><\/p>\n<div class=\"flex w-full flex-col gap-1 empty:hidden first:pt-[3px]\">\n<p>&nbsp;<\/p>\n<\/div>\n<\/div>\n<\/div>\n<\/div>\n<\/div>\n<p>&nbsp;<\/p>\n<p>Andre hot-sale vapes du m\u00e5ske kan lide:<\/p>\n<p><strong><a href=\"https:\/\/rmvapesale.com\/da\/product\/wga-crystal-plus-20000-puff-dual-flavour-disposable-vape\/\">WGA Crystal Plus 20000<\/a><\/strong><\/p>\n<p><a href=\"https:\/\/rmvapesale.com\/da\/product\/waspe-tornado-15000-puffs-original-factory-price\/\"><strong>Waspe Tornado 15000 pust<\/strong><\/a><\/p>\n<p><a href=\"https:\/\/rmvapesale.com\/da\/product\/waspe-digital-box-12000-puffs-wholesale-disposable-vape\/\"><strong>WASPE Digital Box 12000 Pust<\/strong><\/a><\/p>\n<p>&nbsp;<\/p>\n<p>&nbsp;<\/p>\n<p>Find flere Vape-produkter, du m\u00e5ske kan lide:<strong><em><a href=\"https:\/\/rmvapesale.com\/da\/shop-2\/\">k\u00f8b nu &gt;&gt;&gt;<\/a><\/em><\/strong><\/p>","protected":false},"excerpt":{"rendered":"<p>Evappe Deluxe Bar Engangs Vape 18000 Pust<br \/>\nOriginal Evappe Shisha Deluxe Bar 18000 Pust<br \/>\nEvappe Deluxe Bar 18000 Pust 10 Smag Vape Pen<br \/>\nEvappe Deluxe Bar 18000 Pust LED-sk\u00e6rm Puff 18k Engangs Vape<\/p>\n<p><strong>Kontakt Amy For Mere Rabat Og Lavere MOQ Vape<\/strong><\/p>\n<p><img loading=\"lazy\" decoding=\"async\" class=\"size-full wp-image-1978\" src=\"https:\/\/rmvapesale.com\/wp-content\/uploads\/2024\/09\/Disposable-Vape-Wholesale.jpg\" alt=\"Engrospriser p\u00e5 engangsvape\" width=\"229\" height=\"300\" \/><\/p>\n<h3><span style=\"color: #ff0000\"><strong>WhatsApp: +86 17776015835<\/strong><\/span><\/h3>","protected":false},"featured_media":2047,"comment_status":"open","ping_status":"closed","template":"","meta":{"_uag_custom_page_level_css":"","_lmt_disableupdate":"no","_lmt_disable":"","site-sidebar-layout":"default","site-content-layout":"content-boxed-container","ast-site-content-layout":"normal-width-container","site-content-style":"boxed","site-sidebar-style":"unboxed","ast-global-header-display":"","ast-banner-title-visibility":"","ast-main-header-display":"","ast-hfb-above-header-display":"","ast-hfb-below-header-display":"","ast-hfb-mobile-header-display":"","site-post-title":"","ast-breadcrumbs-content":"","ast-featured-img":"","footer-sml-layout":"","theme-transparent-header-meta":"default","adv-header-id-meta":"","stick-header-meta":"","header-above-stick-meta":"","header-main-stick-meta":"","header-below-stick-meta":"","astra-migrate-meta-layouts":"set","ast-page-background-enabled":"default","ast-page-background-meta":{"desktop":{"background-color":"var(--ast-global-color-4)","background-image":"","background-repeat":"repeat","background-position":"center center","background-size":"auto","background-attachment":"scroll","background-type":"","background-media":"","overlay-type":"","overlay-color":"","overlay-opacity":"","overlay-gradient":""},"tablet":{"background-color":"","background-image":"","background-repeat":"repeat","background-position":"center center","background-size":"auto","background-attachment":"scroll","background-type":"","background-media":"","overlay-type":"","overlay-color":"","overlay-opacity":"","overlay-gradient":""},"mobile":{"background-color":"","background-image":"","background-repeat":"repeat","background-position":"center center","background-size":"auto","background-attachment":"scroll","background-type":"","background-media":"","overlay-type":"","overlay-color":"","overlay-opacity":"","overlay-gradient":""}},"ast-content-background-meta":{"desktop":{"background-color":"var(--ast-global-color-5)","background-image":"","background-repeat":"repeat","background-position":"center center","background-size":"auto","background-attachment":"scroll","background-type":"","background-media":"","overlay-type":"","overlay-color":"","overlay-opacity":"","overlay-gradient":""},"tablet":{"background-color":"var(--ast-global-color-5)","background-image":"","background-repeat":"repeat","background-position":"center center","background-size":"auto","background-attachment":"scroll","background-type":"","background-media":"","overlay-type":"","overlay-color":"","overlay-opacity":"","overlay-gradient":""},"mobile":{"background-color":"var(--ast-global-color-5)","background-image":"","background-repeat":"repeat","background-position":"center center","background-size":"auto","background-attachment":"scroll","background-type":"","background-media":"","overlay-type":"","overlay-color":"","overlay-opacity":"","overlay-gradient":""}},"_joinchat":[]},"product_brand":[],"product_cat":[15,289,291,292,293,295,296,299,25,123,26,28,135,27,137,136,30],"product_tag":[72,57,58,71,73],"class_list":{"0":"post-2045","1":"product","2":"type-product","3":"status-publish","4":"has-post-thumbnail","6":"product_cat-new-vape-this-week","7":"product_cat-big-puffs-disposable-vapes","8":"product_cat-dual-mesh-disposable-vapes","9":"product_cat-digital-disposable-vapes","10":"product_cat-low-nicotine-disposable-vapes","11":"product_cat-rechargeable-disposable-vapes","12":"product_cat-shisha-hookah-disposable-vapes","13":"product_cat-smart-screen-disposable-vapes","14":"product_cat-germany-best-selling-vape","15":"product_cat-italy-wholesale-vape","16":"product_cat-netherlands-hot-sale-vape","17":"product_cat-poland-hot-sale-vape","18":"product_cat-spain-best-hot-sale-vape","19":"product_cat-fance-hot-sale-vape","20":"product_cat-rechargeable-vapes","21":"product_cat-smart-screen-vapes","22":"product_cat-minimum-order-quantity-50pcs","23":"product_tag-deluxe-bar-18000puff","24":"product_tag-disposable-vape-wholesale-supplier","25":"product_tag-electric-cigarettes","26":"product_tag-evappe","27":"product_tag-led-screem-vape","28":"desktop-align-left","29":"tablet-align-left","30":"mobile-align-left","32":"first","33":"instock","34":"sale","35":"shipping-taxable","36":"purchasable","37":"product-type-simple"},"uagb_featured_image_src":{"full":["https:\/\/rmvapesale.com\/wp-content\/uploads\/2024\/09\/Evappe-Deluxe-Bar-18000-Disposable-Vape.png",788,788,false],"thumbnail":["https:\/\/rmvapesale.com\/wp-content\/uploads\/2024\/09\/Evappe-Deluxe-Bar-18000-Disposable-Vape-150x150.png",150,150,true],"medium":["https:\/\/rmvapesale.com\/wp-content\/uploads\/2024\/09\/Evappe-Deluxe-Bar-18000-Disposable-Vape-300x300.png",300,300,true],"medium_large":["https:\/\/rmvapesale.com\/wp-content\/uploads\/2024\/09\/Evappe-Deluxe-Bar-18000-Disposable-Vape-768x768.png",768,768,true],"large":["https:\/\/rmvapesale.com\/wp-content\/uploads\/2024\/09\/Evappe-Deluxe-Bar-18000-Disposable-Vape.png",788,788,false],"1536x1536":["https:\/\/rmvapesale.com\/wp-content\/uploads\/2024\/09\/Evappe-Deluxe-Bar-18000-Disposable-Vape.png",788,788,false],"2048x2048":["https:\/\/rmvapesale.com\/wp-content\/uploads\/2024\/09\/Evappe-Deluxe-Bar-18000-Disposable-Vape.png",788,788,false],"trp-custom-language-flag":["https:\/\/rmvapesale.com\/wp-content\/uploads\/2024\/09\/Evappe-Deluxe-Bar-18000-Disposable-Vape.png",12,12,false],"woocommerce_thumbnail":["https:\/\/rmvapesale.com\/wp-content\/uploads\/2024\/09\/Evappe-Deluxe-Bar-18000-Disposable-Vape-300x300.png",300,300,true],"woocommerce_single":["https:\/\/rmvapesale.com\/wp-content\/uploads\/2024\/09\/Evappe-Deluxe-Bar-18000-Disposable-Vape-600x600.png",600,600,true],"woocommerce_gallery_thumbnail":["https:\/\/rmvapesale.com\/wp-content\/uploads\/2024\/09\/Evappe-Deluxe-Bar-18000-Disposable-Vape-100x100.png",100,100,true],"wcpr-photo-reviews":["https:\/\/rmvapesale.com\/wp-content\/uploads\/2024\/09\/Evappe-Deluxe-Bar-18000-Disposable-Vape.png",500,500,false]},"uagb_author_info":{"display_name":"AMY","author_link":"https:\/\/rmvapesale.com\/da\/author\/"},"uagb_comment_info":0,"uagb_excerpt":"Evappe Deluxe Bar Disposable Vape 18000 Puffs Original Evappe Shisha Deluxe Bar 18000 Puffs Evappe Deluxe Bar 18000 Puffs 10 Flavours Vape Pen Evappe Deluxe Bar 18000 Puffs LED Screen Puff 18k Disposable Vape Contact Amy For More Discount And Lower MOQ Vape WhatsApp: +86 17776015835","_links":{"self":[{"href":"https:\/\/rmvapesale.com\/da\/wp-json\/wp\/v2\/product\/2045","targetHints":{"allow":["GET"]}}],"collection":[{"href":"https:\/\/rmvapesale.com\/da\/wp-json\/wp\/v2\/product"}],"about":[{"href":"https:\/\/rmvapesale.com\/da\/wp-json\/wp\/v2\/types\/product"}],"replies":[{"embeddable":true,"href":"https:\/\/rmvapesale.com\/da\/wp-json\/wp\/v2\/comments?post=2045"}],"wp:featuredmedia":[{"embeddable":true,"href":"https:\/\/rmvapesale.com\/da\/wp-json\/wp\/v2\/media\/2047"}],"wp:attachment":[{"href":"https:\/\/rmvapesale.com\/da\/wp-json\/wp\/v2\/media?parent=2045"}],"wp:term":[{"taxonomy":"product_brand","embeddable":true,"href":"https:\/\/rmvapesale.com\/da\/wp-json\/wp\/v2\/product_brand?post=2045"},{"taxonomy":"product_cat","embeddable":true,"href":"https:\/\/rmvapesale.com\/da\/wp-json\/wp\/v2\/product_cat?post=2045"},{"taxonomy":"product_tag","embeddable":true,"href":"https:\/\/rmvapesale.com\/da\/wp-json\/wp\/v2\/product_tag?post=2045"}],"curies":[{"name":"wp","href":"https:\/\/api.w.org\/{rel}","templated":true}]}}