{"id":2054,"date":"2024-09-20T02:34:42","date_gmt":"2024-09-20T02:34:42","guid":{"rendered":"https:\/\/rmvapesale.com\/?post_type=product&#038;p=2054"},"modified":"2025-01-21T09:14:46","modified_gmt":"2025-01-21T09:14:46","slug":"wga-crystal-plus-smart-16000-disposable-vape","status":"publish","type":"product","link":"https:\/\/rmvapesale.com\/da\/product\/wga-crystal-plus-smart-16000-disposable-vape\/","title":{"rendered":"WGA Crystal Plus Smart 16000 engangs vape"},"content":{"rendered":"<h3 class=\"LC20lb MBeuO DKV0Md\">WGA Crystal Plus Smart 16000 engangs vape<\/h3>\n<p>L\u00f8ft din vapingoplevelse med WGA Crystal Plus Smart 16000 Disposable Vape Pod, nu tilg\u00e6ngelig. Denne innovative vape-enhed er designet til den kr\u00e6sne damper og tilbyder imponerende 16.000 sug af uafbrudt tilfredshed.<\/p>\n<p>Det, der adskiller Crystal Plus Smart p\u00e5 et overfyldt marked, er dens kombination af avanceret teknologi og slankt design. Med et banebrydende mesh coil-system leverer den j\u00e6vn, ensartet dampudvikling med hvert sug. Nyd rige smagsoplevelser og t\u00e6tte skyer takket v\u00e6re optimeret luftstr\u00f8m og overlegen coil-teknologi.<\/p>\n<p>Crystal Plus Smart er fyldt med f\u00f8rsteklasses e-v\u00e6ske og tilbyder et omfattende udvalg af l\u00e6kre smagsvarianter, der vil gl\u00e6de enhver smag \u2013 uanset om du er ude efter frugtagtige, menthol- eller dessertinspirerede muligheder, er der noget for enhver smag.<\/p>\n<p>Omfavn fremtidens vaping med WGA Crystal Plus Smart Disposable Vape Pod, der nu er tilg\u00e6ngelig, hvor kvalitet m\u00f8der bekvemmelighed.<\/p>\n<p><strong>Tilf\u00f8j AMY whatsapp for at f\u00e5 mere rabat!<\/strong><\/p>\n<p><img loading=\"lazy\" decoding=\"async\" class=\"size-full wp-image-1978\" src=\"https:\/\/rmvapesale.com\/wp-content\/uploads\/2024\/09\/Disposable-Vape-Wholesale.jpg\" alt=\"Engrospriser p\u00e5 engangsvape\" width=\"229\" height=\"300\" \/><\/p>\n<h3><span style=\"color: #ff0000\"><strong>WhatsApp: +86 17776015835<\/strong><\/span><\/h3>\n<p>&nbsp;<\/p>\n<h2>Specifikationer for WGA Crystal Plus Smart 16000<\/h2>\n<p>Pust: 20000 pust<br \/>\nBatteri: 650mAh<br \/>\nE-v\u00e6ske: 15ml*2<br \/>\nNikotinstyrke: 2% 5%<br \/>\nType C Genopladelig<\/p>\n<h2><\/h2>\n<p>&nbsp;<\/p>\n<h2>WGA Crystal Smart 16000 Smagsliste<\/h2>\n<p>&nbsp;<\/p>\n<p>1. Banan Is<br \/>\n2. Bl\u00e5 Hindb\u00e6r Kirseb\u00e6r<br \/>\n3. Bl\u00e5 Hindb\u00e6r Is<br \/>\n4. Bl\u00e5b\u00e6r Kirseb\u00e6r Traneb\u00e6r<br \/>\n5. Bl\u00e5b\u00e6r Hindb\u00e6r<br \/>\n6. Bl\u00e5b\u00e6r Syrlig Hindb\u00e6r<br \/>\n7. Kirseb\u00e6r Is<br \/>\n8. Brusende Kirseb\u00e6r<br \/>\n9. Frisk Mynte<br \/>\n10. Gummibj\u00f8rn<br \/>\n11. Hubba Bubba<br \/>\n12. Saftig Fersken<br \/>\n13. Citron<br \/>\n14. Mr. Blue<br \/>\n15. R\u00f8dt \u00c6ble Is<br \/>\n16. Skittles<br \/>\n17. Jordb\u00e6r Hindb\u00e6r Kirseb\u00e6r<br \/>\n18. Sommerdr\u00f8m<br \/>\n19. Vimto Bull<br \/>\n20. Vandmelon Is<\/p>\n<div class=\"mceTemp\"><\/div>\n<h4><\/h4>\n<h4>FAQ:<\/h4>\n<p>&nbsp;<\/p>\n<p><strong>1. Hvor l\u00e6nge holder en WGA Crystal Plus Smart 16k-enhed?<\/strong><br \/>\nVed korrekt brug kan hver enhed levere omkring 20.000 sug, hvilket for de fleste brugere vil vare i flere uger.<\/p>\n<p><strong>2. Kan jeg genoplade WGA Crystal Smart 16000?<\/strong><br \/>\nJa, denne engangs vape kommer med et genopladeligt batteri, som du kan oplade, n\u00e5r det l\u00f8ber t\u00f8r.<\/p>\n<p><strong>3. Er WGA Crystal Smart 16000 egnet til begyndere?<\/strong><br \/>\nAbsolut! Dets brugervenlige design g\u00f8r den perfekt til b\u00e5de nye og erfarne dampere.<\/p>\n<p>&nbsp;<\/p>\n<p>Andre hot-sale vapes du m\u00e5ske kan lide:<\/p>\n<p><a href=\"https:\/\/rmvapesale.com\/da\/product\/waspe-12000-puffs-disposable-vape-pen\/\"><strong>WGA Crystal Pro Max Extra 15000<\/strong><\/a><em><a href=\"https:\/\/rmvapesale.com\/da\/product\/wga-crystal-pro-max-extra-15k-puffs-disposable-vape-wholesale\/\"><strong> &gt;&gt;&gt;K\u00f8b<\/strong><\/a><\/em><\/p>\n<p><strong><a href=\"https:\/\/rmvapesale.com\/da\/product\/wga-crystal-plus-20000-puff-dual-flavour-disposable-vape\/\">WGA Crystal Plus 20000<\/a><\/strong><em><strong><a href=\"https:\/\/rmvapesale.com\/da\/product\/wga-crystal-plus-20000-puff-dual-flavour-disposable-vape\/\">\u00a0 &gt;&gt;&gt;K\u00f8b<\/a><\/strong><\/em><\/p>\n<p><a href=\"https:\/\/rmvapesale.com\/da\/product\/fihp-shisha-hookah-15000-pro-disposable-vape-wholesale\/\"><strong>FIHP 15000 sug <\/strong><\/a><strong><em><a href=\"https:\/\/rmvapesale.com\/da\/product\/waspe-12000-puffs-disposable-vape-pen\/\">&gt;&gt;&gt;K\u00f8b<\/a><\/em><\/strong><\/p>\n<p>&nbsp;<\/p>\n<p>&nbsp;<\/p>\n<p>Find flere Vape-produkter, du m\u00e5ske kan lide:<em><a href=\"https:\/\/rmvapesale.com\/da\/shop-2\/\">k\u00f8b nu\u00a0<\/a><\/em><\/p>\n<p>&nbsp;<\/p>","protected":false},"excerpt":{"rendered":"<p class=\"LC20lb MBeuO DKV0Md\">WGA Crystal Plus Smart 16000 Puffs Engangs Vape Pod<br \/>\nWGA Crystal Plus Smart 16000 Engangs Vape Engros<br \/>\nWGA Crystal Plus Smart 16K Puffs Fabrikspris<\/p>\n<p class=\"LC20lb MBeuO DKV0Md\"><strong>Kontakt Amy For Mere Rabat Og Lavere MOQ Vape<\/strong><\/p>\n<p><img loading=\"lazy\" decoding=\"async\" class=\"size-medium wp-image-1814\" src=\"https:\/\/rmvapesale.com\/wp-content\/uploads\/2024\/04\/whatsapp-amy-229x300.jpg\" alt=\"whatsapp amy\" width=\"229\" height=\"300\" srcset=\"https:\/\/rmvapesale.com\/wp-content\/uploads\/2024\/04\/whatsapp-amy-229x300.jpg 229w, https:\/\/rmvapesale.com\/wp-content\/uploads\/2024\/04\/whatsapp-amy-783x1024.jpg 783w, https:\/\/rmvapesale.com\/wp-content\/uploads\/2024\/04\/whatsapp-amy-768x1005.jpg 768w, https:\/\/rmvapesale.com\/wp-content\/uploads\/2024\/04\/whatsapp-amy-600x785.jpg 600w, https:\/\/rmvapesale.com\/wp-content\/uploads\/2024\/04\/whatsapp-amy.jpg 990w\" sizes=\"auto, (max-width: 229px) 100vw, 229px\" \/><\/p>\n<h3><span style=\"color: #ff0000\"><strong>WhatsApp: +86 17776015835<\/strong><\/span><\/h3>","protected":false},"featured_media":2062,"comment_status":"open","ping_status":"closed","template":"","meta":{"_uag_custom_page_level_css":"","_lmt_disableupdate":"no","_lmt_disable":"","site-sidebar-layout":"default","site-content-layout":"content-boxed-container","ast-site-content-layout":"normal-width-container","site-content-style":"boxed","site-sidebar-style":"unboxed","ast-global-header-display":"","ast-banner-title-visibility":"","ast-main-header-display":"","ast-hfb-above-header-display":"","ast-hfb-below-header-display":"","ast-hfb-mobile-header-display":"","site-post-title":"","ast-breadcrumbs-content":"","ast-featured-img":"","footer-sml-layout":"","theme-transparent-header-meta":"default","adv-header-id-meta":"","stick-header-meta":"","header-above-stick-meta":"","header-main-stick-meta":"","header-below-stick-meta":"","astra-migrate-meta-layouts":"set","ast-page-background-enabled":"default","ast-page-background-meta":{"desktop":{"background-color":"var(--ast-global-color-4)","background-image":"","background-repeat":"repeat","background-position":"center center","background-size":"auto","background-attachment":"scroll","background-type":"","background-media":"","overlay-type":"","overlay-color":"","overlay-opacity":"","overlay-gradient":""},"tablet":{"background-color":"","background-image":"","background-repeat":"repeat","background-position":"center center","background-size":"auto","background-attachment":"scroll","background-type":"","background-media":"","overlay-type":"","overlay-color":"","overlay-opacity":"","overlay-gradient":""},"mobile":{"background-color":"","background-image":"","background-repeat":"repeat","background-position":"center center","background-size":"auto","background-attachment":"scroll","background-type":"","background-media":"","overlay-type":"","overlay-color":"","overlay-opacity":"","overlay-gradient":""}},"ast-content-background-meta":{"desktop":{"background-color":"var(--ast-global-color-5)","background-image":"","background-repeat":"repeat","background-position":"center center","background-size":"auto","background-attachment":"scroll","background-type":"","background-media":"","overlay-type":"","overlay-color":"","overlay-opacity":"","overlay-gradient":""},"tablet":{"background-color":"var(--ast-global-color-5)","background-image":"","background-repeat":"repeat","background-position":"center center","background-size":"auto","background-attachment":"scroll","background-type":"","background-media":"","overlay-type":"","overlay-color":"","overlay-opacity":"","overlay-gradient":""},"mobile":{"background-color":"var(--ast-global-color-5)","background-image":"","background-repeat":"repeat","background-position":"center center","background-size":"auto","background-attachment":"scroll","background-type":"","background-media":"","overlay-type":"","overlay-color":"","overlay-opacity":"","overlay-gradient":""}},"_joinchat":[]},"product_brand":[],"product_cat":[25,289,290,291,292,293,295,296,299,283,123,26,28,135,27,137,136,15,30],"product_tag":[66,40,41,75,74,69,37],"class_list":{"0":"post-2054","1":"product","2":"type-product","3":"status-publish","4":"has-post-thumbnail","6":"product_cat-germany-best-selling-vape","7":"product_cat-big-puffs-disposable-vapes","8":"product_cat-crystal-disposable-vapes","9":"product_cat-dual-mesh-disposable-vapes","10":"product_cat-digital-disposable-vapes","11":"product_cat-low-nicotine-disposable-vapes","12":"product_cat-rechargeable-disposable-vapes","13":"product_cat-shisha-hookah-disposable-vapes","14":"product_cat-smart-screen-disposable-vapes","15":"product_cat-wga-vape","16":"product_cat-italy-wholesale-vape","17":"product_cat-netherlands-hot-sale-vape","18":"product_cat-poland-hot-sale-vape","19":"product_cat-spain-best-hot-sale-vape","20":"product_cat-fance-hot-sale-vape","21":"product_cat-rechargeable-vapes","22":"product_cat-smart-screen-vapes","23":"product_cat-new-vape-this-week","24":"product_cat-minimum-order-quantity-50pcs","25":"product_tag-disposable-vape","26":"product_tag-hot-sale-vape","27":"product_tag-original-factory-vape","28":"product_tag-wga-crystal-plus-smart-16000","29":"product_tag-wga-crystal-plus-smart-16k","30":"product_tag-wga-vape","31":"product_tag-wholesale-vape-price","32":"desktop-align-left","33":"tablet-align-left","34":"mobile-align-left","36":"first","37":"instock","38":"sale","39":"shipping-taxable","40":"purchasable","41":"product-type-simple"},"uagb_featured_image_src":{"full":["https:\/\/rmvapesale.com\/wp-content\/uploads\/2024\/09\/WGA-Crystal-Plus-Smart-16000-Watermelon-Ice.png",800,800,false],"thumbnail":["https:\/\/rmvapesale.com\/wp-content\/uploads\/2024\/09\/WGA-Crystal-Plus-Smart-16000-Watermelon-Ice-150x150.png",150,150,true],"medium":["https:\/\/rmvapesale.com\/wp-content\/uploads\/2024\/09\/WGA-Crystal-Plus-Smart-16000-Watermelon-Ice-300x300.png",300,300,true],"medium_large":["https:\/\/rmvapesale.com\/wp-content\/uploads\/2024\/09\/WGA-Crystal-Plus-Smart-16000-Watermelon-Ice-768x768.png",768,768,true],"large":["https:\/\/rmvapesale.com\/wp-content\/uploads\/2024\/09\/WGA-Crystal-Plus-Smart-16000-Watermelon-Ice.png",800,800,false],"1536x1536":["https:\/\/rmvapesale.com\/wp-content\/uploads\/2024\/09\/WGA-Crystal-Plus-Smart-16000-Watermelon-Ice.png",800,800,false],"2048x2048":["https:\/\/rmvapesale.com\/wp-content\/uploads\/2024\/09\/WGA-Crystal-Plus-Smart-16000-Watermelon-Ice.png",800,800,false],"trp-custom-language-flag":["https:\/\/rmvapesale.com\/wp-content\/uploads\/2024\/09\/WGA-Crystal-Plus-Smart-16000-Watermelon-Ice.png",12,12,false],"woocommerce_thumbnail":["https:\/\/rmvapesale.com\/wp-content\/uploads\/2024\/09\/WGA-Crystal-Plus-Smart-16000-Watermelon-Ice-300x300.png",300,300,true],"woocommerce_single":["https:\/\/rmvapesale.com\/wp-content\/uploads\/2024\/09\/WGA-Crystal-Plus-Smart-16000-Watermelon-Ice-600x600.png",600,600,true],"woocommerce_gallery_thumbnail":["https:\/\/rmvapesale.com\/wp-content\/uploads\/2024\/09\/WGA-Crystal-Plus-Smart-16000-Watermelon-Ice-100x100.png",100,100,true],"wcpr-photo-reviews":["https:\/\/rmvapesale.com\/wp-content\/uploads\/2024\/09\/WGA-Crystal-Plus-Smart-16000-Watermelon-Ice.png",500,500,false]},"uagb_author_info":{"display_name":"AMY","author_link":"https:\/\/rmvapesale.com\/da\/author\/"},"uagb_comment_info":0,"uagb_excerpt":"WGA Crystal Plus Smart 16000 Puffs Disposable Vape Pod WGA Crystal Plus Smart 16000 Disposable Vape Wholesale WGA Crystal Plus Smart 16K Puffs Facotory Price Contact Amy For More Discount And Lower MOQ Vape WhatsApp: +86 17776015835","_links":{"self":[{"href":"https:\/\/rmvapesale.com\/da\/wp-json\/wp\/v2\/product\/2054","targetHints":{"allow":["GET"]}}],"collection":[{"href":"https:\/\/rmvapesale.com\/da\/wp-json\/wp\/v2\/product"}],"about":[{"href":"https:\/\/rmvapesale.com\/da\/wp-json\/wp\/v2\/types\/product"}],"replies":[{"embeddable":true,"href":"https:\/\/rmvapesale.com\/da\/wp-json\/wp\/v2\/comments?post=2054"}],"wp:featuredmedia":[{"embeddable":true,"href":"https:\/\/rmvapesale.com\/da\/wp-json\/wp\/v2\/media\/2062"}],"wp:attachment":[{"href":"https:\/\/rmvapesale.com\/da\/wp-json\/wp\/v2\/media?parent=2054"}],"wp:term":[{"taxonomy":"product_brand","embeddable":true,"href":"https:\/\/rmvapesale.com\/da\/wp-json\/wp\/v2\/product_brand?post=2054"},{"taxonomy":"product_cat","embeddable":true,"href":"https:\/\/rmvapesale.com\/da\/wp-json\/wp\/v2\/product_cat?post=2054"},{"taxonomy":"product_tag","embeddable":true,"href":"https:\/\/rmvapesale.com\/da\/wp-json\/wp\/v2\/product_tag?post=2054"}],"curies":[{"name":"wp","href":"https:\/\/api.w.org\/{rel}","templated":true}]}}