{"id":2126,"date":"2024-09-23T08:07:35","date_gmt":"2024-09-23T08:07:35","guid":{"rendered":"https:\/\/rmvapesale.com\/?post_type=product&#038;p=2126"},"modified":"2025-01-21T09:20:36","modified_gmt":"2025-01-21T09:20:36","slug":"bang-beach-20000-puffs-vape-smart-screen-disposable-e-cig","status":"publish","type":"product","link":"https:\/\/rmvapesale.com\/da\/product\/bang-beach-20000-puffs-vape-smart-screen-disposable-e-cig\/","title":{"rendered":"Bang Beach 20000 Puffs Vape Smart Sk\u00e6rm Engangs E-cigaret"},"content":{"rendered":"<div class=\"B2VR9 CJHX3e\">\n<div class=\"wyccme\">\n<h1>Bang Beach 20000 Puffs Vape Smart Screen Engangs E Cigaretter<\/h1>\n<p>Forbedr din vaping-oplevelse med Bang Beach 20000 engangs-vape, der er designet til dem, der \u00f8nsker forl\u00e6nget nydelse uden besv\u00e6ret med konstante udskiftninger. Bang Beach 20000 leveres med imponerende 20.000 sug, hvilket sikrer, at du kan nyde dine yndlingssmage i l\u00e6ngere tid, hvilket g\u00f8r den til den perfekte ledsager til enhver udflugt. Skr\u00e6ddersy ogs\u00e5 din oplevelse med muligheder for 0%, 2%, 3% og 5% nikotinstyrker, der im\u00f8dekommer alle pr\u00e6ferencer - uanset om du s\u00f8ger et nikotin-hit eller en mere j\u00e6vn oplevelse.<\/p>\n<p>Hvad mere er, denne engangs-vape har en LED-sk\u00e6rm, der giver realtidsopdateringer om batterilevetid og e-v\u00e6ske-niveauer, hvilket sikrer, at du altid har kontrol.<\/p>\n<p>Opdag en ny standard inden for vaping med Bang Beach 20000 engangs-vape \u2013 hvor bekvemmelighed m\u00f8der ydeevne, og hvert sug er en forn\u00f8jelse!<\/p>\n<\/div>\n<\/div>\n<p>&nbsp;<\/p>\n<p><strong>Kontakt Amy for at f\u00e5 det rigtige svar og flere produktvideoer!<\/strong><\/p>\n<p><img loading=\"lazy\" decoding=\"async\" class=\"size-full wp-image-1978\" src=\"https:\/\/rmvapesale.com\/wp-content\/uploads\/2024\/09\/Disposable-Vape-Wholesale.jpg\" alt=\"Engrospriser p\u00e5 engangsvape\" width=\"229\" height=\"300\" \/><\/p>\n<h3><span style=\"color: #ff0000\"><strong>WhatsApp: +86 17776015835<\/strong><\/span><\/h3>\n<p>&nbsp;<\/p>\n<h2><\/h2>\n<h2><strong>Bang Beach 20000 Puffs N\u00f8glefunktioner<\/strong><\/h2>\n<p>&nbsp;<\/p>\n<p>Nikotin:0% 2% 3% 5%<br \/>\nPust: 20000<br \/>\nKapacitet: 35 ml<br \/>\n12 smagsvarianter tilg\u00e6ngelige<br \/>\nDobbelt Mesh<br \/>\n650mah Genopladelig<br \/>\nOlievisning<br \/>\nStr\u00f8mvisning<\/p>\n<h2><\/h2>\n<h2><\/h2>\n<h2><strong>Bedste smag til Bang Beach 20000 Vape<\/strong><\/h2>\n<p>Bang Beach 20000 engangs-vape-pod med 12 smage, hver designet til at tilbyde en s\u00e6rpr\u00e6get og tilfredsstillende vaping-oplevelse, er der noget, der passer bedst til dig!<\/p>\n<p>1. Fersken Mango<br \/>\n2.Blandede B\u00e6r<span style=\"color: #ff0000\"><strong>&gt;&gt;&gt;&gt;Hurtigt!<\/strong><\/span><br \/>\n3. Lyser\u00f8d Limonade<br \/>\n4.Jordb\u00e6r Vandmelon<br \/>\n5. Vandmelon Is<br \/>\n6. Drueis<br \/>\n7. Bl\u00e5 Brazz Is<br \/>\n8.Jordb\u00e6r Is<span style=\"color: #ff0000\"><strong>&gt;&gt;&gt;&gt;Bedste!<\/strong><\/span><br \/>\n9.Triple B\u00e6r Is<br \/>\n10.Bl\u00e5b\u00e6r Hindb\u00e6r<br \/>\n11.Peach Ice<br \/>\n12. Sure \u00c6bler<span style=\"color: #ff0000\"><strong>&gt;&gt;&gt;&gt;Hurtigt!<\/strong><\/span><\/p>\n<p>&nbsp;<\/p>\n<h2><strong>Sp\u00f8rgsm\u00e5l du m\u00e5ske vil vide om Bang Beach 20000<\/strong><\/h2>\n<p>&nbsp;<\/p>\n<p><strong>1. Hvor meget nikotin er der i Bang Beach 20000?<\/strong><br \/>\nBang Beach 20000 har 0%, 2%, 3% og 5% nikotinsalt. Med avanceret mesh coil-teknologi giver den en overlegen dampoplevelse fyldt med rig smag.<\/p>\n<p><strong>2. Er Bang Beach 20000 vape genopladelige?<\/strong><br \/>\nJa, Bang Beach 20000 inkluderer et 650 mAh genopladeligt batteri, der giver langvarig nydelse.<\/p>\n<p><strong>3. Hvor mange pust kan du f\u00e5 fra en Bang Beach 20000?<\/strong><br \/>\nBang Beach 20000 leverer omkring 20000 pust, afh\u00e6ngigt af brugen, og kommer i 12 smagsvarianter.<\/p>\n<p><strong>4. Hvor lang tid tager det at oplade en Bang Beach 20000?<\/strong><br \/>\nBang Beach 20000 kan oplades fuldt ud p\u00e5 kun 30 til 35 minutter, hvilket sikrer hurtig klarhed til brug.<\/p>\n<p>&nbsp;<\/p>\n<h3><b>OFTE STILLEDE SP\u00d8RGSM\u00c5L<\/b><\/h3>\n<p>&nbsp;<\/p>\n<div class=\"flex-shrink-0 flex flex-col relative items-end\">\n<div>\n<div class=\"pt-0\">\n<div class=\"gizmo-bot-avatar flex h-8 w-8 items-center justify-center overflow-hidden rounded-full\">\n<div class=\"relative p-1 rounded-sm flex items-center justify-center bg-token-main-surface-primary text-token-text-primary h-8 w-8\"><strong>Hvilke forsendelsesmetoder bruges?<\/strong><\/div>\n<\/div>\n<\/div>\n<\/div>\n<\/div>\n<div class=\"group\/conversation-turn relative flex w-full min-w-0 flex-col agent-turn\">\n<div class=\"flex-col gap-1 md:gap-3\">\n<div class=\"flex max-w-full flex-col flex-grow\">\n<div class=\"min-h-[20px] text-message flex w-full flex-col items-end gap-2 whitespace-normal break-words [.text-message+&amp;]:mt-5 overflow-x-auto\" dir=\"auto\" data-message-author-role=\"assistant\" data-message-id=\"22f8283b-3233-46ff-89a5-c7a41b33abda\">\n<div class=\"flex w-full flex-col gap-1 empty:hidden first:pt-[3px]\">\n<div class=\"markdown prose w-full break-words dark:prose-invert light\">\n<p>Vi samarbejder med UPS, DHL, FedEx, DPD og andre f\u00f8rende transport\u00f8rer. Vi vil v\u00e6lge den bedste forsendelsesmetode baseret p\u00e5 din leveringsplacering for at sikre, at du modtager dine produkter s\u00e5 hurtigt som muligt.<\/p>\n<\/div>\n<p><strong>Hvor lang tid tager det at ankomme?<\/strong><\/p>\n<p>Pakker sendt til Danmark ankommer normalt inden for 10 arbejdsdage. Forsendelse til europ\u00e6iske lande tager generelt omkring 12-15 arbejdsdage. Vi vil give opdateringer i realtid om din forsendelsesstatus.<\/p>\n<\/div>\n<p><strong>Garanti<\/strong><\/p>\n<p><span style=\"color: #ff0000\"><strong>Alle produkter i vores butik garanteres at v\u00e6re 100% originale og autentiske. Vi tilbyder 10 gange kompensation for falske varer!<\/strong><\/span><\/p>\n<div class=\"flex w-full flex-col gap-1 empty:hidden first:pt-[3px]\">\n<p>&nbsp;<\/p>\n<\/div>\n<\/div>\n<\/div>\n<\/div>\n<\/div>\n<p>&nbsp;<\/p>\n<p>Andre hot-sale vapes du m\u00e5ske kan lide:<\/p>\n<p><strong><a href=\"https:\/\/rmvapesale.com\/da\/product\/wga-crystal-plus-20000-puff-dual-flavour-disposable-vape\/\">Bang King 30000 Pust<\/a><\/strong><\/p>\n<p><a href=\"https:\/\/rmvapesale.com\/da\/product\/bang-20000-puffs-disposable-vape-wholesale-supplier\/\"><strong>WGA Crystal Plus Smart 16000 Puffs<\/strong><\/a><\/p>\n<p><a href=\"https:\/\/rmvapesale.com\/da\/product\/wga-crystal-pro-max-extra-15k-puffs-disposable-vape-wholesale\/\"><strong>Bang 25000 Puffs<\/strong><\/a><\/p>\n<p>&nbsp;<\/p>\n<p>&nbsp;<\/p>\n<p>Find flere Vape-produkter, du m\u00e5ske kan lide:<strong><em><a href=\"https:\/\/rmvapesale.com\/da\/shop-2\/\">k\u00f8b nu &gt;&gt;&gt;<\/a><\/em><\/strong><\/p>","protected":false},"excerpt":{"rendered":"<p>Bang Vape Beach 20000 Puffs Alle Smag Engroshandel<br \/>\nBANG BEACH 20000 PUFFS 0% 2% 3% 5% Nikotin<br \/>\nBang Beach 20000 Puffs Engangs Vape Engroshandel<\/p>\n<p><strong>Kontakt Amy For Mere Rabat Og Lavere MOQ Vape<\/strong><\/p>\n<p><img loading=\"lazy\" decoding=\"async\" class=\"size-full wp-image-1978\" src=\"https:\/\/rmvapesale.com\/wp-content\/uploads\/2024\/09\/Disposable-Vape-Wholesale.jpg\" alt=\"Engrospriser p\u00e5 engangsvape\" width=\"229\" height=\"300\" \/><\/p>\n<h3><span style=\"color: #ff0000\"><strong>WhatsApp: +86 17776015835<\/strong><\/span><\/h3>","protected":false},"featured_media":2122,"comment_status":"open","ping_status":"closed","template":"","meta":{"_uag_custom_page_level_css":"","_lmt_disableupdate":"no","_lmt_disable":"","site-sidebar-layout":"default","site-content-layout":"content-boxed-container","ast-site-content-layout":"normal-width-container","site-content-style":"boxed","site-sidebar-style":"unboxed","ast-global-header-display":"","ast-banner-title-visibility":"","ast-main-header-display":"","ast-hfb-above-header-display":"","ast-hfb-below-header-display":"","ast-hfb-mobile-header-display":"","site-post-title":"","ast-breadcrumbs-content":"","ast-featured-img":"","footer-sml-layout":"","theme-transparent-header-meta":"default","adv-header-id-meta":"","stick-header-meta":"","header-above-stick-meta":"","header-main-stick-meta":"","header-below-stick-meta":"","astra-migrate-meta-layouts":"set","ast-page-background-enabled":"default","ast-page-background-meta":{"desktop":{"background-color":"var(--ast-global-color-4)","background-image":"","background-repeat":"repeat","background-position":"center center","background-size":"auto","background-attachment":"scroll","background-type":"","background-media":"","overlay-type":"","overlay-color":"","overlay-opacity":"","overlay-gradient":""},"tablet":{"background-color":"","background-image":"","background-repeat":"repeat","background-position":"center center","background-size":"auto","background-attachment":"scroll","background-type":"","background-media":"","overlay-type":"","overlay-color":"","overlay-opacity":"","overlay-gradient":""},"mobile":{"background-color":"","background-image":"","background-repeat":"repeat","background-position":"center center","background-size":"auto","background-attachment":"scroll","background-type":"","background-media":"","overlay-type":"","overlay-color":"","overlay-opacity":"","overlay-gradient":""}},"ast-content-background-meta":{"desktop":{"background-color":"var(--ast-global-color-5)","background-image":"","background-repeat":"repeat","background-position":"center center","background-size":"auto","background-attachment":"scroll","background-type":"","background-media":"","overlay-type":"","overlay-color":"","overlay-opacity":"","overlay-gradient":""},"tablet":{"background-color":"var(--ast-global-color-5)","background-image":"","background-repeat":"repeat","background-position":"center center","background-size":"auto","background-attachment":"scroll","background-type":"","background-media":"","overlay-type":"","overlay-color":"","overlay-opacity":"","overlay-gradient":""},"mobile":{"background-color":"var(--ast-global-color-5)","background-image":"","background-repeat":"repeat","background-position":"center center","background-size":"auto","background-attachment":"scroll","background-type":"","background-media":"","overlay-type":"","overlay-color":"","overlay-opacity":"","overlay-gradient":""}},"_joinchat":[]},"product_brand":[],"product_cat":[15,289,292,293,295,299,273,279,255,25,123,26,28,135,27,60,137,136,30],"product_tag":[88,63,57,58,54],"class_list":{"0":"post-2126","1":"product","2":"type-product","3":"status-publish","4":"has-post-thumbnail","6":"product_cat-new-vape-this-week","7":"product_cat-big-puffs-disposable-vapes","8":"product_cat-digital-disposable-vapes","9":"product_cat-low-nicotine-disposable-vapes","10":"product_cat-rechargeable-disposable-vapes","11":"product_cat-smart-screen-disposable-vapes","12":"product_cat-bang-box-vape","13":"product_cat-bang-king-vape","14":"product_cat-20000-puff-disposable-vape","15":"product_cat-germany-best-selling-vape","16":"product_cat-italy-wholesale-vape","17":"product_cat-netherlands-hot-sale-vape","18":"product_cat-poland-hot-sale-vape","19":"product_cat-spain-best-hot-sale-vape","20":"product_cat-fance-hot-sale-vape","21":"product_cat-bang-vapes","22":"product_cat-rechargeable-vapes","23":"product_cat-smart-screen-vapes","24":"product_cat-minimum-order-quantity-50pcs","25":"product_tag-bang-beach-2000","26":"product_tag-bang-vapes","27":"product_tag-disposable-vape-wholesale-supplier","28":"product_tag-electric-cigarettes","29":"product_tag-rechargeable-disposable-vape","30":"desktop-align-left","31":"tablet-align-left","32":"mobile-align-left","34":"first","35":"instock","36":"sale","37":"shipping-taxable","38":"purchasable","39":"product-type-simple"},"uagb_featured_image_src":{"full":["https:\/\/rmvapesale.com\/wp-content\/uploads\/2024\/09\/Bang-Beach-20000-LED-Light-Disposable-Vape.png",800,800,false],"thumbnail":["https:\/\/rmvapesale.com\/wp-content\/uploads\/2024\/09\/Bang-Beach-20000-LED-Light-Disposable-Vape-150x150.png",150,150,true],"medium":["https:\/\/rmvapesale.com\/wp-content\/uploads\/2024\/09\/Bang-Beach-20000-LED-Light-Disposable-Vape-300x300.png",300,300,true],"medium_large":["https:\/\/rmvapesale.com\/wp-content\/uploads\/2024\/09\/Bang-Beach-20000-LED-Light-Disposable-Vape-768x768.png",768,768,true],"large":["https:\/\/rmvapesale.com\/wp-content\/uploads\/2024\/09\/Bang-Beach-20000-LED-Light-Disposable-Vape.png",800,800,false],"1536x1536":["https:\/\/rmvapesale.com\/wp-content\/uploads\/2024\/09\/Bang-Beach-20000-LED-Light-Disposable-Vape.png",800,800,false],"2048x2048":["https:\/\/rmvapesale.com\/wp-content\/uploads\/2024\/09\/Bang-Beach-20000-LED-Light-Disposable-Vape.png",800,800,false],"trp-custom-language-flag":["https:\/\/rmvapesale.com\/wp-content\/uploads\/2024\/09\/Bang-Beach-20000-LED-Light-Disposable-Vape.png",12,12,false],"woocommerce_thumbnail":["https:\/\/rmvapesale.com\/wp-content\/uploads\/2024\/09\/Bang-Beach-20000-LED-Light-Disposable-Vape-300x300.png",300,300,true],"woocommerce_single":["https:\/\/rmvapesale.com\/wp-content\/uploads\/2024\/09\/Bang-Beach-20000-LED-Light-Disposable-Vape-600x600.png",600,600,true],"woocommerce_gallery_thumbnail":["https:\/\/rmvapesale.com\/wp-content\/uploads\/2024\/09\/Bang-Beach-20000-LED-Light-Disposable-Vape-100x100.png",100,100,true],"wcpr-photo-reviews":["https:\/\/rmvapesale.com\/wp-content\/uploads\/2024\/09\/Bang-Beach-20000-LED-Light-Disposable-Vape.png",500,500,false]},"uagb_author_info":{"display_name":"AMY","author_link":"https:\/\/rmvapesale.com\/da\/author\/"},"uagb_comment_info":0,"uagb_excerpt":"Bang Vape Beach 20000 Puffs All Flavour Wholesale BANG BEACH 20000 PUFFS 0% 2% 3% 5% Nicotine Bang Beach 20000 Puff Disposable Vape Wholesale Contact Amy For More Discount And Lower MOQ Vape WhatsApp: +86 17776015835","_links":{"self":[{"href":"https:\/\/rmvapesale.com\/da\/wp-json\/wp\/v2\/product\/2126","targetHints":{"allow":["GET"]}}],"collection":[{"href":"https:\/\/rmvapesale.com\/da\/wp-json\/wp\/v2\/product"}],"about":[{"href":"https:\/\/rmvapesale.com\/da\/wp-json\/wp\/v2\/types\/product"}],"replies":[{"embeddable":true,"href":"https:\/\/rmvapesale.com\/da\/wp-json\/wp\/v2\/comments?post=2126"}],"wp:featuredmedia":[{"embeddable":true,"href":"https:\/\/rmvapesale.com\/da\/wp-json\/wp\/v2\/media\/2122"}],"wp:attachment":[{"href":"https:\/\/rmvapesale.com\/da\/wp-json\/wp\/v2\/media?parent=2126"}],"wp:term":[{"taxonomy":"product_brand","embeddable":true,"href":"https:\/\/rmvapesale.com\/da\/wp-json\/wp\/v2\/product_brand?post=2126"},{"taxonomy":"product_cat","embeddable":true,"href":"https:\/\/rmvapesale.com\/da\/wp-json\/wp\/v2\/product_cat?post=2126"},{"taxonomy":"product_tag","embeddable":true,"href":"https:\/\/rmvapesale.com\/da\/wp-json\/wp\/v2\/product_tag?post=2126"}],"curies":[{"name":"wp","href":"https:\/\/api.w.org\/{rel}","templated":true}]}}