{"id":2138,"date":"2024-09-24T07:38:58","date_gmt":"2024-09-24T07:38:58","guid":{"rendered":"https:\/\/rmvapesale.com\/?post_type=product&#038;p=2138"},"modified":"2025-01-21T09:22:28","modified_gmt":"2025-01-21T09:22:28","slug":"bang-pulse-18000-puffs-18k-disposable-vape-factory-price","status":"publish","type":"product","link":"https:\/\/rmvapesale.com\/da\/product\/bang-pulse-18000-puffs-18k-disposable-vape-factory-price\/","title":{"rendered":"Bang Pulse 18000 Puffs 18k Engangsvape Fabrikspris"},"content":{"rendered":"<div class=\"B2VR9 CJHX3e\">\n<div class=\"wyccme\">\n<h1>Bang Pulse 18000 Puffs 18k Engangsvape Fabrikspris<\/h1>\n<p>Bang Pulse 18000 Puffs er en slank og yderst funktionel engangs e-cigaret, der tilbyder imponerende 18000 sug. Denne engangs vape er udstyret med en gener\u00f8s kapacitet p\u00e5 26 ml e-v\u00e6ske og et kraftfuldt 650mAh batteri, hvilket sikrer, at brugerne kan nyde en tilfredsstillende vapingoplevelse uden hyppig genopladning eller p\u00e5fyldning. Hvad mere er, denne enhed giver brugerne mulighed for at justere inhalationsluften for at matche deres hum\u00f8r, hvilket leverer en skr\u00e6ddersyet og premium vapingoplevelse.<\/p>\n<\/div>\n<div class=\"wyccme\">\n<p>Kontakt for at starte din egen Bang Pulse 18000 Puffs med fabrikpriser lige nu!<\/p>\n<\/div>\n<\/div>\n<p><strong>Kontakt Amy for at f\u00e5 det rigtige svar og flere produktvideoer!<\/strong><\/p>\n<p><img loading=\"lazy\" decoding=\"async\" class=\"size-full wp-image-1978\" src=\"https:\/\/rmvapesale.com\/wp-content\/uploads\/2024\/09\/Disposable-Vape-Wholesale.jpg\" alt=\"Engrospriser p\u00e5 engangsvape\" width=\"229\" height=\"300\" \/><\/p>\n<h3><span style=\"color: #ff0000\"><strong>WhatsApp: +86 17776015835<\/strong><\/span><\/h3>\n<p>&nbsp;<\/p>\n<h2><\/h2>\n<h2><strong>Bang Pulse 18000 N\u00f8glefunktioner<\/strong><\/h2>\n<p>op til 18000 Puffs<br \/>\n650mAh indbygget batteri<br \/>\n26ml forudfyldt e-v\u00e6ske<br \/>\n0%2%3%5% Nikotinniveau<br \/>\nType-c Genopladelig<br \/>\nLED-Power Display<\/p>\n<h2><\/h2>\n<h2><strong>Top smag til Bang Pulse 18000 Vape<\/strong><\/h2>\n<p>Bang 18000 engangs vape pod kan prale af 12 smagsvarianter, hver designet til at tilbyde en karakteristisk og tilfredsstillende vaping oplevelse, der er noget bedst for dig!<\/p>\n<p>1. Cheery Bomb<span style=\"color: #ff0000\"><strong>&gt;&gt;&gt;&gt;Hurtigt!<\/strong><\/span><br \/>\n2. Juicy Peach Ice<br \/>\n3. Tropisk Frugt<br \/>\n4. Drue Ice<br \/>\n5. Fersken Mango<br \/>\n6. Jordb\u00e6r Banan<span style=\"color: #ff0000\"><strong>&gt;&gt;&gt;&gt;Hurtigt!<\/strong><\/span><br \/>\n7. Jordb\u00e6r Mango<br \/>\n8. Triple Berry Ice<br \/>\n9.Jordb\u00e6r Vandmelon<br \/>\n10. Vandmelon Is<br \/>\n11.Blue Razz Ice<span style=\"color: #ff0000\"><strong>&gt;&gt;&gt;&gt;Bedste!<\/strong><\/span><br \/>\n12.Sur \u00c6ble Is<\/p>\n<p>&nbsp;<\/p>\n<h2><strong>Sp\u00f8rgsm\u00e5l du m\u00e5ske vil vide om Bang Pulse 18000 Puffs<\/strong><\/h2>\n<p>&nbsp;<\/p>\n<p><strong>1. Hvor meget nikotin er der i Bang Pulse 18000?<\/strong><br \/>\nBang Pulse 18000 engangs vape har 0%2%3% 5% nikotinsalt. Med avanceret mesh coil-teknologi tilbyder den en overlegen dampoplevelse fyldt med rig smag.<\/p>\n<p><strong>2. Er Bang Pulse 18000 engangs vape genopladelig?<\/strong><br \/>\nJa, Bang 18000 inkluderer et 650 mAh genopladeligt batteri, der giver langvarig nydelse.<\/p>\n<p><strong>3. Hvor mange puffs kan du f\u00e5 fra en Bang Pulse 18000Puffs?<\/strong><br \/>\nBang 18000 Pust leverer omkring 18000 sug, afh\u00e6ngigt af brugen, og kommer i 16 smagsvarianter.<\/p>\n<p><strong>4. Hvor lang tid tager det at oplade en Bang Pulse 18000?<\/strong><br \/>\nBang 18000 engangs vape kan oplades fuldt ud p\u00e5 kun 30 til 35 minutter, hvilket sikrer hurtig klarhed til brug.<\/p>\n<p>&nbsp;<\/p>\n<h3><b>OFTE STILLEDE SP\u00d8RGSM\u00c5L<\/b><\/h3>\n<p>&nbsp;<\/p>\n<div class=\"flex-shrink-0 flex flex-col relative items-end\">\n<div>\n<div class=\"pt-0\">\n<div class=\"gizmo-bot-avatar flex h-8 w-8 items-center justify-center overflow-hidden rounded-full\">\n<div class=\"relative p-1 rounded-sm flex items-center justify-center bg-token-main-surface-primary text-token-text-primary h-8 w-8\"><strong>Hvilke forsendelsesmetoder bruges?<\/strong><\/div>\n<\/div>\n<\/div>\n<\/div>\n<\/div>\n<div class=\"group\/conversation-turn relative flex w-full min-w-0 flex-col agent-turn\">\n<div class=\"flex-col gap-1 md:gap-3\">\n<div class=\"flex max-w-full flex-col flex-grow\">\n<div class=\"min-h-[20px] text-message flex w-full flex-col items-end gap-2 whitespace-normal break-words [.text-message+&amp;]:mt-5 overflow-x-auto\" dir=\"auto\" data-message-author-role=\"assistant\" data-message-id=\"22f8283b-3233-46ff-89a5-c7a41b33abda\">\n<div class=\"flex w-full flex-col gap-1 empty:hidden first:pt-[3px]\">\n<div class=\"markdown prose w-full break-words dark:prose-invert light\">\n<p>Vi samarbejder med UPS, DHL, FedEx, DPD og andre f\u00f8rende transport\u00f8rer. Vi vil v\u00e6lge den bedste forsendelsesmetode baseret p\u00e5 din leveringsplacering for at sikre, at du modtager dine produkter s\u00e5 hurtigt som muligt.<\/p>\n<\/div>\n<p><strong>Hvor lang tid tager det at ankomme?<\/strong><\/p>\n<p>Pakker sendt til Danmark ankommer normalt inden for 10 arbejdsdage. Forsendelse til europ\u00e6iske lande tager generelt omkring 12-15 arbejdsdage. Vi vil give opdateringer i realtid om din forsendelsesstatus.<\/p>\n<\/div>\n<p><strong>Garanti<\/strong><\/p>\n<p><span style=\"color: #ff0000\"><strong>Alle produkter i vores butik garanteres at v\u00e6re 100% originale og autentiske. Vi tilbyder 10 gange kompensation for falske varer!<\/strong><\/span><\/p>\n<div class=\"flex w-full flex-col gap-1 empty:hidden first:pt-[3px]\">\n<p>&nbsp;<\/p>\n<\/div>\n<\/div>\n<\/div>\n<\/div>\n<\/div>\n<p>&nbsp;<\/p>\n<p>Andre hot-sale vapes du m\u00e5ske kan lide:<\/p>\n<p><strong><a href=\"https:\/\/rmvapesale.com\/da\/product\/wga-crystal-plus-20000-puff-dual-flavour-disposable-vape\/\">Bang King 30000 Pust<\/a><\/strong><\/p>\n<p><a href=\"https:\/\/rmvapesale.com\/da\/product\/bang-20000-puffs-disposable-vape-wholesale-supplier\/\"><strong>WGA Crystal Pro Max Extra 15000<\/strong><\/a><\/p>\n<p><a href=\"https:\/\/rmvapesale.com\/da\/product\/wga-crystal-pro-max-extra-15k-puffs-disposable-vape-wholesale\/\"><strong>Bang 25000 Puffs<\/strong><\/a><\/p>\n<p><a href=\"https:\/\/rmvapesale.com\/da\/product\/bang-beach-20000-puffs-vape-smart-screen-disposable-e-cig\/\"><strong>Bang Vape Beach 20000 Pust\u00a0<\/strong><\/a><\/p>\n<p>&nbsp;<\/p>\n<p>&nbsp;<\/p>\n<p>Find flere Vape-produkter, du m\u00e5ske kan lide:<strong><em><a href=\"https:\/\/rmvapesale.com\/da\/shop-2\/\">k\u00f8b nu &gt;&gt;&gt;<\/a><\/em><\/strong><\/p>","protected":false},"excerpt":{"rendered":"<p>Bang Pulse 18000 Puffs LED-Display Engangs Vape Engros<br \/>\nBang Vape Pulse 18000 Puffs 0% 2% 3% 5% Nikotin<br \/>\nBang Pulse 18000 Engangs Vape Bulk K\u00f8b Pris<\/p>\n<p><strong>Kontakt Amy For Mere Rabat Og Lavere MOQ Vape<\/strong><\/p>\n<p><img loading=\"lazy\" decoding=\"async\" class=\"size-full wp-image-1978\" src=\"https:\/\/rmvapesale.com\/wp-content\/uploads\/2024\/09\/Disposable-Vape-Wholesale.jpg\" alt=\"Engrospriser p\u00e5 engangsvape\" width=\"229\" height=\"300\" \/><\/p>\n<h3><span style=\"color: #ff0000\"><strong>WhatsApp: +86 17776015835<\/strong><\/span><\/h3>","protected":false},"featured_media":2135,"comment_status":"open","ping_status":"closed","template":"","meta":{"_uag_custom_page_level_css":"","_lmt_disableupdate":"no","_lmt_disable":"","site-sidebar-layout":"default","site-content-layout":"content-boxed-container","ast-site-content-layout":"normal-width-container","site-content-style":"boxed","site-sidebar-style":"unboxed","ast-global-header-display":"","ast-banner-title-visibility":"","ast-main-header-display":"","ast-hfb-above-header-display":"","ast-hfb-below-header-display":"","ast-hfb-mobile-header-display":"","site-post-title":"","ast-breadcrumbs-content":"","ast-featured-img":"","footer-sml-layout":"","ast-disable-related-posts":"","theme-transparent-header-meta":"default","adv-header-id-meta":"","stick-header-meta":"","header-above-stick-meta":"","header-main-stick-meta":"","header-below-stick-meta":"","astra-migrate-meta-layouts":"set","ast-page-background-enabled":"default","ast-page-background-meta":{"desktop":{"background-color":"var(--ast-global-color-4)","background-image":"","background-repeat":"repeat","background-position":"center center","background-size":"auto","background-attachment":"scroll","background-type":"","background-media":"","overlay-type":"","overlay-color":"","overlay-opacity":"","overlay-gradient":""},"tablet":{"background-color":"","background-image":"","background-repeat":"repeat","background-position":"center center","background-size":"auto","background-attachment":"scroll","background-type":"","background-media":"","overlay-type":"","overlay-color":"","overlay-opacity":"","overlay-gradient":""},"mobile":{"background-color":"","background-image":"","background-repeat":"repeat","background-position":"center center","background-size":"auto","background-attachment":"scroll","background-type":"","background-media":"","overlay-type":"","overlay-color":"","overlay-opacity":"","overlay-gradient":""}},"ast-content-background-meta":{"desktop":{"background-color":"var(--ast-global-color-5)","background-image":"","background-repeat":"repeat","background-position":"center center","background-size":"auto","background-attachment":"scroll","background-type":"","background-media":"","overlay-type":"","overlay-color":"","overlay-opacity":"","overlay-gradient":""},"tablet":{"background-color":"var(--ast-global-color-5)","background-image":"","background-repeat":"repeat","background-position":"center center","background-size":"auto","background-attachment":"scroll","background-type":"","background-media":"","overlay-type":"","overlay-color":"","overlay-opacity":"","overlay-gradient":""},"mobile":{"background-color":"var(--ast-global-color-5)","background-image":"","background-repeat":"repeat","background-position":"center center","background-size":"auto","background-attachment":"scroll","background-type":"","background-media":"","overlay-type":"","overlay-color":"","overlay-opacity":"","overlay-gradient":""}},"_joinchat":[]},"product_brand":[],"product_cat":[15,273,279,60,289,292,291,27,25,123,293,30,26,28,295,137,299,136,135],"product_tag":[90,63,57,58,54,85],"class_list":{"0":"post-2138","1":"product","2":"type-product","3":"status-publish","4":"has-post-thumbnail","6":"product_cat-new-vape-this-week","7":"product_cat-bang-box-vape","8":"product_cat-bang-king-vape","9":"product_cat-bang-vapes","10":"product_cat-big-puffs-disposable-vapes","11":"product_cat-digital-disposable-vapes","12":"product_cat-dual-mesh-disposable-vapes","13":"product_cat-fance-hot-sale-vape","14":"product_cat-germany-best-selling-vape","15":"product_cat-italy-wholesale-vape","16":"product_cat-low-nicotine-disposable-vapes","17":"product_cat-minimum-order-quantity-50pcs","18":"product_cat-netherlands-hot-sale-vape","19":"product_cat-poland-hot-sale-vape","20":"product_cat-rechargeable-disposable-vapes","21":"product_cat-rechargeable-vapes","22":"product_cat-smart-screen-disposable-vapes","23":"product_cat-smart-screen-vapes","24":"product_cat-spain-best-hot-sale-vape","25":"product_tag-bang-pulse-18000","26":"product_tag-bang-vapes","27":"product_tag-disposable-vape-wholesale-supplier","28":"product_tag-electric-cigarettes","29":"product_tag-rechargeable-disposable-vape","30":"product_tag-smart-disposable-vape","31":"desktop-align-left","32":"tablet-align-left","33":"mobile-align-left","35":"first","36":"instock","37":"sale","38":"shipping-taxable","39":"purchasable","40":"product-type-simple"},"uagb_featured_image_src":{"full":["https:\/\/rmvapesale.com\/wp-content\/uploads\/2024\/09\/Bang-Pulse-18000-Puffs-Disposable-Vape.png",788,788,false],"thumbnail":["https:\/\/rmvapesale.com\/wp-content\/uploads\/2024\/09\/Bang-Pulse-18000-Puffs-Disposable-Vape-150x150.png",150,150,true],"medium":["https:\/\/rmvapesale.com\/wp-content\/uploads\/2024\/09\/Bang-Pulse-18000-Puffs-Disposable-Vape-300x300.png",300,300,true],"medium_large":["https:\/\/rmvapesale.com\/wp-content\/uploads\/2024\/09\/Bang-Pulse-18000-Puffs-Disposable-Vape-768x768.png",768,768,true],"large":["https:\/\/rmvapesale.com\/wp-content\/uploads\/2024\/09\/Bang-Pulse-18000-Puffs-Disposable-Vape.png",788,788,false],"1536x1536":["https:\/\/rmvapesale.com\/wp-content\/uploads\/2024\/09\/Bang-Pulse-18000-Puffs-Disposable-Vape.png",788,788,false],"2048x2048":["https:\/\/rmvapesale.com\/wp-content\/uploads\/2024\/09\/Bang-Pulse-18000-Puffs-Disposable-Vape.png",788,788,false],"trp-custom-language-flag":["https:\/\/rmvapesale.com\/wp-content\/uploads\/2024\/09\/Bang-Pulse-18000-Puffs-Disposable-Vape.png",12,12,false],"woocommerce_thumbnail":["https:\/\/rmvapesale.com\/wp-content\/uploads\/2024\/09\/Bang-Pulse-18000-Puffs-Disposable-Vape-300x300.png",300,300,true],"woocommerce_single":["https:\/\/rmvapesale.com\/wp-content\/uploads\/2024\/09\/Bang-Pulse-18000-Puffs-Disposable-Vape-600x600.png",600,600,true],"woocommerce_gallery_thumbnail":["https:\/\/rmvapesale.com\/wp-content\/uploads\/2024\/09\/Bang-Pulse-18000-Puffs-Disposable-Vape-100x100.png",100,100,true],"wcpr-photo-reviews":["https:\/\/rmvapesale.com\/wp-content\/uploads\/2024\/09\/Bang-Pulse-18000-Puffs-Disposable-Vape.png",500,500,false]},"uagb_author_info":{"display_name":"AMY","author_link":"https:\/\/rmvapesale.com\/da\/author\/"},"uagb_comment_info":0,"uagb_excerpt":"Bang Pulse 18000 Puffs LED Display Dispsable Vape Wholesale Bang\u00a0 Vape Pulse 18000 Puffs 0% 2% 3% 5% Nicotine Bang Pulse 18000 Disposable Vape Bulk Buy Price Contact Amy For More Discount And Lower MOQ Vape WhatsApp: +86 17776015835","_links":{"self":[{"href":"https:\/\/rmvapesale.com\/da\/wp-json\/wp\/v2\/product\/2138","targetHints":{"allow":["GET"]}}],"collection":[{"href":"https:\/\/rmvapesale.com\/da\/wp-json\/wp\/v2\/product"}],"about":[{"href":"https:\/\/rmvapesale.com\/da\/wp-json\/wp\/v2\/types\/product"}],"replies":[{"embeddable":true,"href":"https:\/\/rmvapesale.com\/da\/wp-json\/wp\/v2\/comments?post=2138"}],"wp:featuredmedia":[{"embeddable":true,"href":"https:\/\/rmvapesale.com\/da\/wp-json\/wp\/v2\/media\/2135"}],"wp:attachment":[{"href":"https:\/\/rmvapesale.com\/da\/wp-json\/wp\/v2\/media?parent=2138"}],"wp:term":[{"taxonomy":"product_brand","embeddable":true,"href":"https:\/\/rmvapesale.com\/da\/wp-json\/wp\/v2\/product_brand?post=2138"},{"taxonomy":"product_cat","embeddable":true,"href":"https:\/\/rmvapesale.com\/da\/wp-json\/wp\/v2\/product_cat?post=2138"},{"taxonomy":"product_tag","embeddable":true,"href":"https:\/\/rmvapesale.com\/da\/wp-json\/wp\/v2\/product_tag?post=2138"}],"curies":[{"name":"wp","href":"https:\/\/api.w.org\/{rel}","templated":true}]}}