{"id":2180,"date":"2024-09-26T05:57:54","date_gmt":"2024-09-26T05:57:54","guid":{"rendered":"https:\/\/rmvapesale.com\/?post_type=product&#038;p=2180"},"modified":"2025-01-21T09:37:06","modified_gmt":"2025-01-21T09:37:06","slug":"elf-box-ls15000-puffs-shisha-hookah-disposable-vape","status":"publish","type":"product","link":"https:\/\/rmvapesale.com\/da\/product\/elf-box-ls15000-puffs-shisha-hookah-disposable-vape\/","title":{"rendered":"ELf BOX LS15000 Puffs Shisha Hookah Engangs Vape"},"content":{"rendered":"<div class=\"B2VR9 CJHX3e\">\n<div class=\"wyccme\">\n<h3 class=\"LC20lb MBeuO DKV0Md\">ELf BOX LS15000 Puffs Shisha Hookah Engangs Vape<\/h3>\n<p>Vi pr\u00e6senterer ELF BOX LS15000 Puffs Shisha Hookah engangs vape, nu tilg\u00e6ngelig til engros. Denne omhyggeligt udformede enhed har et fantastisk krystaldesign, der fanger med sit slanke og stilfulde udseende. Udstyret med en avanceret mesh coil leverer ELF BOX LS15000 rig, smagfuld damp med hvert sug, hvilket sikrer uovertruffen tilfredshed for dine kunder. Type-C hurtigopladningsfunktionen reducerer nedetiden, hvilket giver mulighed for udvidede vape-sessioner og \u00f8get nydelse. Med en imponerende kapacitet p\u00e5 15.000 sug og 26 ml e-v\u00e6ske tilbyder denne vape enest\u00e5ende lang levetid og v\u00e6rdi. F\u00e5s i nikotinstyrker 0%\/2%\/3%\/5%, den henvender sig til en bred vifte af pr\u00e6ferencer.<\/p>\n<p>Opgrader din vapingrejse i dag med ELF BOX LS15000 Puffs Shisha Hookah!<\/p>\n<\/div>\n<\/div>\n<p><strong>Kontakt Amy for at f\u00e5 det rigtige svar og flere produktvideoer!<\/strong><\/p>\n<p><img loading=\"lazy\" decoding=\"async\" class=\"size-full wp-image-1978\" src=\"https:\/\/rmvapesale.com\/wp-content\/uploads\/2024\/09\/Disposable-Vape-Wholesale.jpg\" alt=\"Engrospriser p\u00e5 engangsvape\" width=\"229\" height=\"300\" \/><\/p>\n<h3><span style=\"color: #ff0000\"><strong>WhatsApp: +86 17776015835<\/strong><\/span><\/h3>\n<p>&nbsp;<\/p>\n<h2><\/h2>\n<h2><strong>ELf BOX LS15000 Puffs Shisha Hookah N\u00f8glefunktioner<\/strong><\/h2>\n<p>Pust:15000<br \/>\nKerner: Mesh coil 0.6ohm<br \/>\nE-v\u00e6ske: 26ml<br \/>\nNikotin: 0%\/2%\/3%\/5%<br \/>\nBatteri: 18250-600mah<br \/>\nGenopladelig: Type-C<\/p>\n<h2><\/h2>\n<h2><strong>Top smag til ELf BOX LS15000 Shisha Hookah<\/strong><\/h2>\n<p>V\u00e6lg mellem en r\u00e6kke lokkende smagsvarianter, fra forfriskende Watermelon Ice til eksotisk Kiwi Passion Fruit, der sikrer, at der er en smag for enhver smag. Hver pakke indeholder en ELf BOX LS15000 Shisha Hookah engangs vape, med 10 \u00e6sker pr. karton.<\/p>\n<p>&nbsp;<\/p>\n<p>1. Blackberry ice<span style=\"color: #ff0000\"><strong>&gt;&gt;&gt;&gt;Hurtigt!<\/strong><\/span><br \/>\n2. Blueberry on ice<br \/>\n3. Kiwi Passion Fruit<br \/>\n4. Strawberry Kiwi<span style=\"color: #ff0000\"><strong>&gt;&gt;&gt;&gt;Hurtigt!<\/strong><\/span><br \/>\n5.Bl\u00e5 Razz Lemonade<br \/>\n6. Watermelon ice<br \/>\n7. Jordb\u00e6r Vandmelon<br \/>\n8. Strawberry ice<br \/>\n9. Peach Mango Pineapple<br \/>\n10. Grape ice<br \/>\n11. Mango Banana<br \/>\n12. Mixed berries<span style=\"color: #ff0000\"><strong>&gt;&gt;&gt;&gt;Bedste!<\/strong><\/span><\/p>\n<figure id=\"attachment_2179\" aria-describedby=\"caption-attachment-2179\" style=\"width: 788px\" class=\"wp-caption alignnone\"><img loading=\"lazy\" decoding=\"async\" class=\"wp-image-2179 size-full\" src=\"https:\/\/rmvapesale.com\/wp-content\/uploads\/2024\/09\/ELF-BOX-LS15000-Shisha-Wholesale.png\" alt=\"ELF BOX LS15000 Shisha Engros\" width=\"788\" height=\"550\" srcset=\"https:\/\/rmvapesale.com\/wp-content\/uploads\/2024\/09\/ELF-BOX-LS15000-Shisha-Wholesale.png 788w, https:\/\/rmvapesale.com\/wp-content\/uploads\/2024\/09\/ELF-BOX-LS15000-Shisha-Wholesale-300x209.png 300w, https:\/\/rmvapesale.com\/wp-content\/uploads\/2024\/09\/ELF-BOX-LS15000-Shisha-Wholesale-768x536.png 768w, https:\/\/rmvapesale.com\/wp-content\/uploads\/2024\/09\/ELF-BOX-LS15000-Shisha-Wholesale-600x419.png 600w\" sizes=\"auto, (max-width: 788px) 100vw, 788px\" \/><figcaption id=\"caption-attachment-2179\" class=\"wp-caption-text\">ELF BOX LS15000 Shisha Engros<\/figcaption><\/figure>\n<h2><strong>Sp\u00f8rgsm\u00e5l du m\u00e5ske vil vide om ELf BOX LS15000 Shisha Vandpibe<\/strong><\/h2>\n<p>&nbsp;<\/p>\n<p><strong>1. Hvilken oplader bruger en ELf BOX LS15000 Shisha Vandpibe vape?<\/strong><br \/>\nDu kan genoplade ELF BOX Shisha 16000 Pust Engangs Vape med et standard USB-C opladerkabel og en 1A oplader eller port.<\/p>\n<p><strong>2. Hvor meget nikotin indeholder ELf BOX LS15000 Shisha Vandpibe?<\/strong><br \/>\nELf BOX LS15000 Shisha Vandpibe tilbyder 0%\/2%\/3%\/5% nikotin at v\u00e6lge imellem.<\/p>\n<p><strong>3. Er ELf BOX LS15000 Shisha HookahVape god?<\/strong><br \/>\nEn ELf BOX LS15000 Shisha Vandpibe engangs vape er perfekt til begyndere og en p\u00e5lidelig backup for erfarne brugere, der tilbyder et imponerende udseende og god smag.<\/p>\n<p><strong>4. Kan ELf BOX LS15000 Shisha Vandpibe genopfyldes?<\/strong><br \/>\nELf BOX LS15000 Shisha Vandpibe Vape er genopladelig, men n\u00e5r e-v\u00e6sken er brugt op, skal den bortskaffes korrekt, da engangs vapes indeholder batterier, der ikke b\u00f8r smides i almindeligt affald.<\/p>\n<p>&nbsp;<\/p>\n<h3><b>OFTE STILLEDE SP\u00d8RGSM\u00c5L<\/b><\/h3>\n<p>&nbsp;<\/p>\n<div class=\"flex-shrink-0 flex flex-col relative items-end\">\n<div>\n<div class=\"pt-0\">\n<div class=\"gizmo-bot-avatar flex h-8 w-8 items-center justify-center overflow-hidden rounded-full\">\n<div class=\"relative p-1 rounded-sm flex items-center justify-center bg-token-main-surface-primary text-token-text-primary h-8 w-8\"><strong>Hvilke forsendelsesmetoder bruges?<\/strong><\/div>\n<\/div>\n<\/div>\n<\/div>\n<\/div>\n<div class=\"group\/conversation-turn relative flex w-full min-w-0 flex-col agent-turn\">\n<div class=\"flex-col gap-1 md:gap-3\">\n<div class=\"flex max-w-full flex-col flex-grow\">\n<div class=\"min-h-[20px] text-message flex w-full flex-col items-end gap-2 whitespace-normal break-words [.text-message+&amp;]:mt-5 overflow-x-auto\" dir=\"auto\" data-message-author-role=\"assistant\" data-message-id=\"22f8283b-3233-46ff-89a5-c7a41b33abda\">\n<div class=\"flex w-full flex-col gap-1 empty:hidden first:pt-[3px]\">\n<div class=\"markdown prose w-full break-words dark:prose-invert light\">\n<p>Vi samarbejder med UPS, DHL, FedEx, DPD og andre f\u00f8rende transport\u00f8rer. Vi vil v\u00e6lge den bedste forsendelsesmetode baseret p\u00e5 din leveringsplacering for at sikre, at du modtager dine produkter s\u00e5 hurtigt som muligt.<\/p>\n<\/div>\n<p><strong>Hvor lang tid tager det at ankomme?<\/strong><\/p>\n<p>Pakker sendt til Danmark ankommer normalt inden for 10 arbejdsdage. Forsendelse til europ\u00e6iske lande tager generelt omkring 12-15 arbejdsdage. Vi vil give opdateringer i realtid om din forsendelsesstatus.<\/p>\n<\/div>\n<p><strong>Garanti<\/strong><\/p>\n<p><span style=\"color: #ff0000\"><strong>Alle produkter i vores butik garanteres at v\u00e6re 100% originale og autentiske. Vi tilbyder 10 gange kompensation for falske varer!<\/strong><\/span><\/p>\n<div class=\"flex w-full flex-col gap-1 empty:hidden first:pt-[3px]\">\n<p>&nbsp;<\/p>\n<\/div>\n<\/div>\n<\/div>\n<\/div>\n<\/div>\n<p>&nbsp;<\/p>\n<p>Andre hot-sale vapes du m\u00e5ske kan lide:<\/p>\n<p>&nbsp;<\/p>\n<p><a href=\"https:\/\/rmvapesale.com\/da\/product\/original-randm-vape-digital-puff-12000-fumot-factory-price\/\"><strong>Randm Digital 12oo0 Pust<\/strong><\/a><\/p>\n<p><strong><a href=\"https:\/\/rmvapesale.com\/da\/product\/vozol-vista-20000-puffs-smart-disposable-vape\/\">Vozol Vista 20000 Puffs\u00a0<\/a><\/strong><\/p>\n<p><a href=\"https:\/\/rmvapesale.com\/da\/product\/bang-shisha-15000-puffs-disposable-vape-puff-15k-wholesale\/\"><strong>Bang Shisha 15000 Puffs<\/strong><\/a><\/p>\n<p><a href=\"https:\/\/rmvapesale.com\/da\/product\/randm-tornado-20000-puffs-original-fumot-vape-wholesale\/\"><strong>RandM Tornado 20000 Pust<\/strong><\/a><\/p>\n<p>&nbsp;<\/p>\n<p>&nbsp;<\/p>\n<p>Find flere Vape-produkter, du m\u00e5ske kan lide:<strong><em><a href=\"https:\/\/rmvapesale.com\/da\/shop-2\/\">k\u00f8b nu &gt;&gt;&gt;<\/a><\/em><\/strong><\/p>","protected":false},"excerpt":{"rendered":"<p>ELF BOX LS15000Puffs Shisha Hookah Nikotin 0% 2% 3% 5%<br \/>\nEngros ELF BOX LS15000 Puffs Engangs Vape<br \/>\nELf BOX LS15000 Puffs Shisha Hookah Engangs Vape<\/p>\n<p><strong>Kontakt Amy for mere rabat og et korrekt svar<\/strong><\/p>\n<p><img loading=\"lazy\" decoding=\"async\" class=\"size-full wp-image-1978\" src=\"https:\/\/rmvapesale.com\/wp-content\/uploads\/2024\/09\/Disposable-Vape-Wholesale.jpg\" alt=\"Engrospriser p\u00e5 engangsvape\" width=\"229\" height=\"300\" \/><\/p>\n<h3><span style=\"color: #ff0000\"><strong>WhatsApp: +86 17776015835<\/strong><\/span><\/h3>","protected":false},"featured_media":2175,"comment_status":"open","ping_status":"closed","template":"","meta":{"_uag_custom_page_level_css":"","_lmt_disableupdate":"no","_lmt_disable":"","site-sidebar-layout":"default","site-content-layout":"content-boxed-container","ast-site-content-layout":"normal-width-container","site-content-style":"boxed","site-sidebar-style":"unboxed","ast-global-header-display":"","ast-banner-title-visibility":"","ast-main-header-display":"","ast-hfb-above-header-display":"","ast-hfb-below-header-display":"","ast-hfb-mobile-header-display":"","site-post-title":"","ast-breadcrumbs-content":"","ast-featured-img":"","footer-sml-layout":"","theme-transparent-header-meta":"default","adv-header-id-meta":"","stick-header-meta":"","header-above-stick-meta":"","header-main-stick-meta":"","header-below-stick-meta":"","astra-migrate-meta-layouts":"set","ast-page-background-enabled":"default","ast-page-background-meta":{"desktop":{"background-color":"var(--ast-global-color-4)","background-image":"","background-repeat":"repeat","background-position":"center center","background-size":"auto","background-attachment":"scroll","background-type":"","background-media":"","overlay-type":"","overlay-color":"","overlay-opacity":"","overlay-gradient":""},"tablet":{"background-color":"","background-image":"","background-repeat":"repeat","background-position":"center center","background-size":"auto","background-attachment":"scroll","background-type":"","background-media":"","overlay-type":"","overlay-color":"","overlay-opacity":"","overlay-gradient":""},"mobile":{"background-color":"","background-image":"","background-repeat":"repeat","background-position":"center center","background-size":"auto","background-attachment":"scroll","background-type":"","background-media":"","overlay-type":"","overlay-color":"","overlay-opacity":"","overlay-gradient":""}},"ast-content-background-meta":{"desktop":{"background-color":"var(--ast-global-color-5)","background-image":"","background-repeat":"repeat","background-position":"center center","background-size":"auto","background-attachment":"scroll","background-type":"","background-media":"","overlay-type":"","overlay-color":"","overlay-opacity":"","overlay-gradient":""},"tablet":{"background-color":"var(--ast-global-color-5)","background-image":"","background-repeat":"repeat","background-position":"center center","background-size":"auto","background-attachment":"scroll","background-type":"","background-media":"","overlay-type":"","overlay-color":"","overlay-opacity":"","overlay-gradient":""},"mobile":{"background-color":"var(--ast-global-color-5)","background-image":"","background-repeat":"repeat","background-position":"center center","background-size":"auto","background-attachment":"scroll","background-type":"","background-media":"","overlay-type":"","overlay-color":"","overlay-opacity":"","overlay-gradient":""}},"_joinchat":[]},"product_brand":[],"product_cat":[15,289,292,293,295,296,299,25,123,26,28,135,27,61,137,136,30],"product_tag":[99,102,101,54,103,43],"class_list":{"0":"post-2180","1":"product","2":"type-product","3":"status-publish","4":"has-post-thumbnail","6":"product_cat-new-vape-this-week","7":"product_cat-big-puffs-disposable-vapes","8":"product_cat-digital-disposable-vapes","9":"product_cat-low-nicotine-disposable-vapes","10":"product_cat-rechargeable-disposable-vapes","11":"product_cat-shisha-hookah-disposable-vapes","12":"product_cat-smart-screen-disposable-vapes","13":"product_cat-germany-best-selling-vape","14":"product_cat-italy-wholesale-vape","15":"product_cat-netherlands-hot-sale-vape","16":"product_cat-poland-hot-sale-vape","17":"product_cat-spain-best-hot-sale-vape","18":"product_cat-fance-hot-sale-vape","19":"product_cat-15000-puffs-disposable-vapes","20":"product_cat-rechargeable-vapes","21":"product_cat-smart-screen-vapes","22":"product_cat-minimum-order-quantity-50pcs","23":"product_tag-disposable-vape-wholesale","24":"product_tag-elf-box-ls15000-shisha-hookah","25":"product_tag-led-display-vape","26":"product_tag-rechargeable-disposable-vape","27":"product_tag-shisha-hookah","28":"product_tag-shisha-vape","29":"desktop-align-left","30":"tablet-align-left","31":"mobile-align-left","33":"first","34":"instock","35":"sale","36":"shipping-taxable","37":"purchasable","38":"product-type-simple"},"uagb_featured_image_src":{"full":["https:\/\/rmvapesale.com\/wp-content\/uploads\/2024\/09\/ELF-BOX-LS15000-Puff-Shisha-Hookah-Vape-Wholesale.png",800,800,false],"thumbnail":["https:\/\/rmvapesale.com\/wp-content\/uploads\/2024\/09\/ELF-BOX-LS15000-Puff-Shisha-Hookah-Vape-Wholesale-150x150.png",150,150,true],"medium":["https:\/\/rmvapesale.com\/wp-content\/uploads\/2024\/09\/ELF-BOX-LS15000-Puff-Shisha-Hookah-Vape-Wholesale-300x300.png",300,300,true],"medium_large":["https:\/\/rmvapesale.com\/wp-content\/uploads\/2024\/09\/ELF-BOX-LS15000-Puff-Shisha-Hookah-Vape-Wholesale-768x768.png",768,768,true],"large":["https:\/\/rmvapesale.com\/wp-content\/uploads\/2024\/09\/ELF-BOX-LS15000-Puff-Shisha-Hookah-Vape-Wholesale.png",800,800,false],"1536x1536":["https:\/\/rmvapesale.com\/wp-content\/uploads\/2024\/09\/ELF-BOX-LS15000-Puff-Shisha-Hookah-Vape-Wholesale.png",800,800,false],"2048x2048":["https:\/\/rmvapesale.com\/wp-content\/uploads\/2024\/09\/ELF-BOX-LS15000-Puff-Shisha-Hookah-Vape-Wholesale.png",800,800,false],"trp-custom-language-flag":["https:\/\/rmvapesale.com\/wp-content\/uploads\/2024\/09\/ELF-BOX-LS15000-Puff-Shisha-Hookah-Vape-Wholesale.png",12,12,false],"woocommerce_thumbnail":["https:\/\/rmvapesale.com\/wp-content\/uploads\/2024\/09\/ELF-BOX-LS15000-Puff-Shisha-Hookah-Vape-Wholesale-300x300.png",300,300,true],"woocommerce_single":["https:\/\/rmvapesale.com\/wp-content\/uploads\/2024\/09\/ELF-BOX-LS15000-Puff-Shisha-Hookah-Vape-Wholesale-600x600.png",600,600,true],"woocommerce_gallery_thumbnail":["https:\/\/rmvapesale.com\/wp-content\/uploads\/2024\/09\/ELF-BOX-LS15000-Puff-Shisha-Hookah-Vape-Wholesale-100x100.png",100,100,true],"wcpr-photo-reviews":["https:\/\/rmvapesale.com\/wp-content\/uploads\/2024\/09\/ELF-BOX-LS15000-Puff-Shisha-Hookah-Vape-Wholesale.png",500,500,false]},"uagb_author_info":{"display_name":"AMY","author_link":"https:\/\/rmvapesale.com\/da\/author\/"},"uagb_comment_info":0,"uagb_excerpt":"ELF BOX LS15000Puffs Shisha Hookah Nicotine 0% 2% 3% 5% Wholesale ELF BOX LS15000 Puffs Disposable Vape ELf BOX LS15000 Puffs Shisha Hookah Disposable Vape Contact Amy For More Discount And Right Reply WhatsApp: +86 17776015835","_links":{"self":[{"href":"https:\/\/rmvapesale.com\/da\/wp-json\/wp\/v2\/product\/2180","targetHints":{"allow":["GET"]}}],"collection":[{"href":"https:\/\/rmvapesale.com\/da\/wp-json\/wp\/v2\/product"}],"about":[{"href":"https:\/\/rmvapesale.com\/da\/wp-json\/wp\/v2\/types\/product"}],"replies":[{"embeddable":true,"href":"https:\/\/rmvapesale.com\/da\/wp-json\/wp\/v2\/comments?post=2180"}],"wp:featuredmedia":[{"embeddable":true,"href":"https:\/\/rmvapesale.com\/da\/wp-json\/wp\/v2\/media\/2175"}],"wp:attachment":[{"href":"https:\/\/rmvapesale.com\/da\/wp-json\/wp\/v2\/media?parent=2180"}],"wp:term":[{"taxonomy":"product_brand","embeddable":true,"href":"https:\/\/rmvapesale.com\/da\/wp-json\/wp\/v2\/product_brand?post=2180"},{"taxonomy":"product_cat","embeddable":true,"href":"https:\/\/rmvapesale.com\/da\/wp-json\/wp\/v2\/product_cat?post=2180"},{"taxonomy":"product_tag","embeddable":true,"href":"https:\/\/rmvapesale.com\/da\/wp-json\/wp\/v2\/product_tag?post=2180"}],"curies":[{"name":"wp","href":"https:\/\/api.w.org\/{rel}","templated":true}]}}