{"id":2238,"date":"2024-09-29T07:26:38","date_gmt":"2024-09-29T07:26:38","guid":{"rendered":"https:\/\/rmvapesale.com\/?post_type=product&#038;p=2238"},"modified":"2025-01-21T09:55:12","modified_gmt":"2025-01-21T09:55:12","slug":"uzy-bang-king-12000-puffs-disposable-vape-20-flavors","status":"publish","type":"product","link":"https:\/\/rmvapesale.com\/da\/product\/uzy-bang-king-12000-puffs-disposable-vape-20-flavors\/","title":{"rendered":"UZY Bang King 12000 Puffs Engangs Vape 20 Smagsvarianter"},"content":{"rendered":"<div class=\"B2VR9 CJHX3e\">\n<div class=\"wyccme\">\n<h1 class=\"LC20lb MBeuO DKV0Md\">UZY Bang King 12000 Puffs Engangs Vape Wholesale 20 Smagsvarianter<\/h1>\n<p>UZY Bang King 12000 Puffs er en robust, stor kapacitets engangs vape, der er blevet popul\u00e6r for sin imponerende kapacitet, smagskvalitet og brede udvalg. Mange entusiaster anser Bang Vape for at tilbyde nogle af de bedste smagsoplevelser. Enheden kommer i 20 forskellige smagsvarianter med nikotinniveauer p\u00e5 5%, 3%, 2% og 0%. Med en enest\u00e5ende e-v\u00e6skekapacitet p\u00e5 23 ml leverer den op til 12.000 puffs. Drevet af et genopladeligt 650mAh batteri, har den et h\u00f8jtydende mesh-coil system for en forbedret vapingoplevelse.<\/p>\n<p>H\u00e6v din stil og oplevelse med UZY Bang King 12000 Puffs\u2014hvor luksus m\u00f8der tilg\u00e6ngelighed.<\/p>\n<\/div>\n<\/div>\n<p><strong>Kontakt Amy for at f\u00e5 det rigtige svar og flere produktvideoer!<\/strong><\/p>\n<p><img loading=\"lazy\" decoding=\"async\" class=\"size-full wp-image-1978\" src=\"https:\/\/rmvapesale.com\/wp-content\/uploads\/2024\/09\/Disposable-Vape-Wholesale.jpg\" alt=\"Engrospriser p\u00e5 engangsvape\" width=\"229\" height=\"300\" \/><\/p>\n<h3><span style=\"color: #ff0000\"><strong>WhatsApp: +86 17776015835<\/strong><\/span><\/h3>\n<p>&nbsp;<\/p>\n<h2><\/h2>\n<h2><strong>UZY Bang King 12000 Puffs N\u00f8glefunktioner<\/strong><\/h2>\n<p>650mAh indbygget batteri<br \/>\nGenopladeligt<br \/>\nEffektiv og ensartet str\u00f8mforsyning<br \/>\n23ml Forudfyldt E-v\u00e6ske<br \/>\n0% 2% 3% 5% Nikotinniveau<br \/>\nTilfredsstil n\u00e6sten 12000 Puffs<br \/>\nJusterbar luftstr\u00f8m<\/p>\n<figure id=\"attachment_2232\" aria-describedby=\"caption-attachment-2232\" style=\"width: 808px\" class=\"wp-caption alignnone\"><img loading=\"lazy\" decoding=\"async\" class=\"wp-image-2232 size-full\" src=\"https:\/\/rmvapesale.com\/wp-content\/uploads\/2024\/09\/UZY-Bang-King-12000-Puffs-Disposable-Vape.jpg\" alt=\"UZY Bang King 12000 Puffs Engangs Vape\" width=\"808\" height=\"808\" srcset=\"https:\/\/rmvapesale.com\/wp-content\/uploads\/2024\/09\/UZY-Bang-King-12000-Puffs-Disposable-Vape.jpg 808w, https:\/\/rmvapesale.com\/wp-content\/uploads\/2024\/09\/UZY-Bang-King-12000-Puffs-Disposable-Vape-300x300.jpg 300w, https:\/\/rmvapesale.com\/wp-content\/uploads\/2024\/09\/UZY-Bang-King-12000-Puffs-Disposable-Vape-150x150.jpg 150w, https:\/\/rmvapesale.com\/wp-content\/uploads\/2024\/09\/UZY-Bang-King-12000-Puffs-Disposable-Vape-768x768.jpg 768w, https:\/\/rmvapesale.com\/wp-content\/uploads\/2024\/09\/UZY-Bang-King-12000-Puffs-Disposable-Vape-600x600.jpg 600w, https:\/\/rmvapesale.com\/wp-content\/uploads\/2024\/09\/UZY-Bang-King-12000-Puffs-Disposable-Vape-100x100.jpg 100w\" sizes=\"auto, (max-width: 808px) 100vw, 808px\" \/><figcaption id=\"caption-attachment-2232\" class=\"wp-caption-text\">UZY Bang King 12000 Puffs Engangs Vape<\/figcaption><\/figure>\n<h2><strong>Top smag til UZY Bang King 12000<\/strong><\/h2>\n<p>UZY Bang King 12000 Engangs Vape tilbyder 20 l\u00e6kre smagsvarianter, v\u00e6lg mellem en r\u00e6kke smage, herunder klassisk tobak, forfriskende k\u00f8lig mynte og den eksotiske s\u00f8dme af mango, hver lover en rig, tilfredsstillende oplevelse med hver puff.<\/p>\n<p>1. Jordb\u00e6r Vandmelon<br \/>\n2. Bl\u00e5b\u00e6r P\u00e5 Is<br \/>\n3. Fersken Mango Ananas<br \/>\n4. Fersken Is<br \/>\n5. Vandmelon Is<span style=\"color: #ff0000\"><strong>&gt;&gt;&gt;&gt;Hurtigt!<\/strong><\/span><br \/>\n6. Drueis<br \/>\n7. Jordb\u00e6r Kiwi<br \/>\n8. Bl\u00e5b\u00e6r Hindb\u00e6r<span style=\"color: #ff0000\"><strong>&gt;&gt;&gt;&gt;Hurtigt!<\/strong><\/span><br \/>\n9. Kiwi Passionfrugt<br \/>\n10. Kirseb\u00e6r Is<br \/>\n11. Hr. Blue<br \/>\n12. Cola is<br \/>\n13. Triple Mango<br \/>\n14. Jordb\u00e6r Is<br \/>\n15. R\u00f8d Energi<span style=\"color: #ff0000\"><strong>&gt;&gt;&gt;&gt;Bedste!<\/strong><\/span><br \/>\n16. Blandet B\u00e6r<br \/>\n17. Dobbel \u00c6ble<br \/>\n18. Gummy Bj\u00f8rn<span style=\"color: #ff0000\"><strong>&gt;&gt;&gt;&gt;Hurtigt!<\/strong><\/span><br \/>\n19. Pink Lemonade<br \/>\n20. Fersken B\u00e6r<\/p>\n<p>&nbsp;<\/p>\n<div class=\"mceTemp\"><\/div>\n<p>&nbsp;<\/p>\n<h2><strong>Sp\u00f8rgsm\u00e5l du m\u00e5ske vil vide om UZY Bang King 12000<\/strong><\/h2>\n<p>&nbsp;<\/p>\n<div class=\"flex-shrink-0 flex flex-col relative items-end\">\n<div>\n<div class=\"pt-0\">\n<div class=\"gizmo-bot-avatar flex h-8 w-8 items-center justify-center overflow-hidden rounded-full\">\n<div class=\"relative p-1 rounded-sm flex items-center justify-center bg-token-main-surface-primary text-token-text-primary h-8 w-8\"><\/div>\n<\/div>\n<\/div>\n<\/div>\n<\/div>\n<div class=\"group\/conversation-turn relative flex w-full min-w-0 flex-col agent-turn\">\n<div class=\"flex-col gap-1 md:gap-3\">\n<div class=\"flex max-w-full flex-col flex-grow\">\n<div class=\"min-h-8 text-message flex w-full flex-col items-end gap-2 whitespace-normal break-words [.text-message+&amp;]:mt-5\" dir=\"auto\" data-message-author-role=\"assistant\" data-message-id=\"f226d3fc-81f3-46d5-8c46-31787fff0357\">\n<div class=\"flex w-full flex-col gap-1 empty:hidden first:pt-[3px]\">\n<div class=\"markdown prose w-full break-words dark:prose-invert light\">\n<p><strong>1. Hvor mange puf giver UZY Bang King 12k? <\/strong><strong>Engangs vape med puf giver?<\/strong><br \/>\nUZY Bang King 12k leverer op til 12000 puf, hvilket langt overstiger kapaciteten for typiske engangs vapes.<\/p>\n<p><strong>2. Hvilke smagsvarianter er tilg\u00e6ngelige i UZY Bang King 12k engangs vape pen?<\/strong><br \/>\nPopul\u00e6re smagsvarianter inkluderer Vandmelon Is, Hr. Bl\u00e5, Triple Mango, Jordb\u00e6r Is, R\u00f8d Energi, Blandet B\u00e6r osv.<\/p>\n<p><strong>3. Er UZY Bang King 12000 egnet til begyndere?<\/strong><br \/>\nJa, den er perfekt til begyndere med sit simple, knapfrie design \u2013 bare inhaler for at starte vaping.<\/p>\n<p><strong>4. Hvordan skal jeg opbevare min engangs-vape?<\/strong><br \/>\nOpbevar din enhed et k\u00f8ligt, t\u00f8rt sted, v\u00e6k fra direkte sollys og uden for r\u00e6kkevidde af b\u00f8rn og k\u00e6ledyr.<\/p>\n<p><strong>5. Hvor lang tid varer UZY Bang King 12000?<\/strong><br \/>\nMed en kapacitet p\u00e5 12.000 puf kan UZY Bang King 12000 vare i flere uger, afh\u00e6ngigt af brugen.<\/p>\n<\/div>\n<\/div>\n<\/div>\n<\/div>\n<\/div>\n<\/div>\n<p>&nbsp;<\/p>\n<h3><b>OFTE STILLEDE SP\u00d8RGSM\u00c5L<\/b><\/h3>\n<p>&nbsp;<\/p>\n<div class=\"flex-shrink-0 flex flex-col relative items-end\">\n<div>\n<div class=\"pt-0\">\n<div class=\"gizmo-bot-avatar flex h-8 w-8 items-center justify-center overflow-hidden rounded-full\">\n<div class=\"relative p-1 rounded-sm flex items-center justify-center bg-token-main-surface-primary text-token-text-primary h-8 w-8\"><strong>Hvilke forsendelsesmetoder bruges?<\/strong><\/div>\n<\/div>\n<\/div>\n<\/div>\n<\/div>\n<div class=\"group\/conversation-turn relative flex w-full min-w-0 flex-col agent-turn\">\n<div class=\"flex-col gap-1 md:gap-3\">\n<div class=\"flex max-w-full flex-col flex-grow\">\n<div class=\"min-h-[20px] text-message flex w-full flex-col items-end gap-2 whitespace-normal break-words [.text-message+&amp;]:mt-5 overflow-x-auto\" dir=\"auto\" data-message-author-role=\"assistant\" data-message-id=\"22f8283b-3233-46ff-89a5-c7a41b33abda\">\n<div class=\"flex w-full flex-col gap-1 empty:hidden first:pt-[3px]\">\n<div class=\"markdown prose w-full break-words dark:prose-invert light\">\n<p>Vi samarbejder med UPS, DHL, FedEx, DPD og andre f\u00f8rende transport\u00f8rer. Vi vil v\u00e6lge den bedste forsendelsesmetode baseret p\u00e5 din leveringsplacering for at sikre, at du modtager dine produkter s\u00e5 hurtigt som muligt.<\/p>\n<\/div>\n<p><strong>Hvor lang tid tager det at ankomme?<\/strong><\/p>\n<p>Pakker sendt til Danmark ankommer normalt inden for 10 arbejdsdage. Forsendelse til europ\u00e6iske lande tager generelt omkring 12-15 arbejdsdage. Vi vil give opdateringer i realtid om din forsendelsesstatus.<\/p>\n<\/div>\n<p><strong>Garanti<\/strong><\/p>\n<p><span style=\"color: #ff0000\"><strong>Alle produkter i vores butik garanteres at v\u00e6re 100% originale og autentiske. Vi tilbyder 10 gange kompensation for falske varer!<\/strong><\/span><\/p>\n<div class=\"flex w-full flex-col gap-1 empty:hidden first:pt-[3px]\">\n<p>&nbsp;<\/p>\n<\/div>\n<\/div>\n<\/div>\n<\/div>\n<\/div>\n<p>&nbsp;<\/p>\n<p>Andre hot-sale vapes du m\u00e5ske kan lide:<\/p>\n<p>&nbsp;<\/p>\n<p><a href=\"https:\/\/rmvapesale.com\/da\/product\/original-randm-vape-digital-puff-12000-fumot-factory-price\/\"><strong>VOZOL Gear 20000 Pust<\/strong><\/a><\/p>\n<p><strong><a href=\"https:\/\/rmvapesale.com\/da\/product\/randm-tornado-15000-puffs-15k-vape-recharge-fumot-original-vape-factory-price\/\">VOPK Tornado 15000 Puffs <\/a><\/strong><\/p>\n<p><a href=\"https:\/\/rmvapesale.com\/da\/product\/vapme-crystal-7000-puffs-rechargeable-disposable-vape-price\/\"><strong>Vapme Crystal 7000 Pust<\/strong><\/a><\/p>\n<p>&nbsp;<\/p>\n<p>&nbsp;<\/p>\n<p>Find flere Vape-produkter, du m\u00e5ske kan lide:<strong><em><a href=\"https:\/\/rmvapesale.com\/da\/shop-2\/\">k\u00f8b nu &gt;&gt;&gt;<\/a><\/em><\/strong><\/p>","protected":false},"excerpt":{"rendered":"<p>UZY Bang King 12000 Puffs Genopladelig Engangs Pod<br \/>\nUZY Bang King 12000 Puffs 0% 2% 3% 5% Nikotin<br \/>\nAutentiske UZY Bang King 12k Puff Engangs Vapes<\/p>\n<p><strong>Kontakt Amy for mere rabat og et korrekt svar<\/strong><\/p>\n<p><img loading=\"lazy\" decoding=\"async\" class=\"size-full wp-image-1978\" src=\"https:\/\/rmvapesale.com\/wp-content\/uploads\/2024\/09\/Disposable-Vape-Wholesale.jpg\" alt=\"Engrospriser p\u00e5 engangsvape\" width=\"229\" height=\"300\" \/><\/p>\n<h3><span style=\"color: #ff0000\"><strong>WhatsApp: +86 17776015835<\/strong><\/span><\/h3>","protected":false},"featured_media":2234,"comment_status":"open","ping_status":"closed","template":"","meta":{"_uag_custom_page_level_css":"","_lmt_disableupdate":"no","_lmt_disable":"","site-sidebar-layout":"default","site-content-layout":"content-boxed-container","ast-site-content-layout":"normal-width-container","site-content-style":"boxed","site-sidebar-style":"unboxed","ast-global-header-display":"","ast-banner-title-visibility":"","ast-main-header-display":"","ast-hfb-above-header-display":"","ast-hfb-below-header-display":"","ast-hfb-mobile-header-display":"","site-post-title":"","ast-breadcrumbs-content":"","ast-featured-img":"","footer-sml-layout":"","theme-transparent-header-meta":"default","adv-header-id-meta":"","stick-header-meta":"","header-above-stick-meta":"","header-main-stick-meta":"","header-below-stick-meta":"","astra-migrate-meta-layouts":"set","ast-page-background-enabled":"default","ast-page-background-meta":{"desktop":{"background-color":"var(--ast-global-color-4)","background-image":"","background-repeat":"repeat","background-position":"center center","background-size":"auto","background-attachment":"scroll","background-type":"","background-media":"","overlay-type":"","overlay-color":"","overlay-opacity":"","overlay-gradient":""},"tablet":{"background-color":"","background-image":"","background-repeat":"repeat","background-position":"center center","background-size":"auto","background-attachment":"scroll","background-type":"","background-media":"","overlay-type":"","overlay-color":"","overlay-opacity":"","overlay-gradient":""},"mobile":{"background-color":"","background-image":"","background-repeat":"repeat","background-position":"center center","background-size":"auto","background-attachment":"scroll","background-type":"","background-media":"","overlay-type":"","overlay-color":"","overlay-opacity":"","overlay-gradient":""}},"ast-content-background-meta":{"desktop":{"background-color":"var(--ast-global-color-5)","background-image":"","background-repeat":"repeat","background-position":"center center","background-size":"auto","background-attachment":"scroll","background-type":"","background-media":"","overlay-type":"","overlay-color":"","overlay-opacity":"","overlay-gradient":""},"tablet":{"background-color":"var(--ast-global-color-5)","background-image":"","background-repeat":"repeat","background-position":"center center","background-size":"auto","background-attachment":"scroll","background-type":"","background-media":"","overlay-type":"","overlay-color":"","overlay-opacity":"","overlay-gradient":""},"mobile":{"background-color":"var(--ast-global-color-5)","background-image":"","background-repeat":"repeat","background-position":"center center","background-size":"auto","background-attachment":"scroll","background-type":"","background-media":"","overlay-type":"","overlay-color":"","overlay-opacity":"","overlay-gradient":""}},"_joinchat":[]},"product_brand":[],"product_cat":[15,293,295,287,254,25,123,26,28,135,27,61,137,136,30],"product_tag":[99,111,105,54,113],"class_list":{"0":"post-2238","1":"product","2":"type-product","3":"status-publish","4":"has-post-thumbnail","6":"product_cat-new-vape-this-week","7":"product_cat-low-nicotine-disposable-vapes","8":"product_cat-rechargeable-disposable-vapes","9":"product_cat-uzy-vape","10":"product_cat-12000-puff-disposable-vape","11":"product_cat-germany-best-selling-vape","12":"product_cat-italy-wholesale-vape","13":"product_cat-netherlands-hot-sale-vape","14":"product_cat-poland-hot-sale-vape","15":"product_cat-spain-best-hot-sale-vape","16":"product_cat-fance-hot-sale-vape","17":"product_cat-15000-puffs-disposable-vapes","18":"product_cat-rechargeable-vapes","19":"product_cat-smart-screen-vapes","20":"product_cat-minimum-order-quantity-50pcs","21":"product_tag-disposable-vape-wholesale","22":"product_tag-low-nicotine-disposable-vape","23":"product_tag-nicotine-free-disposable-vape","24":"product_tag-rechargeable-disposable-vape","25":"product_tag-uzy-bang-king-12000","26":"desktop-align-left","27":"tablet-align-left","28":"mobile-align-left","30":"first","31":"instock","32":"sale","33":"shipping-taxable","34":"purchasable","35":"product-type-simple"},"uagb_featured_image_src":{"full":["https:\/\/rmvapesale.com\/wp-content\/uploads\/2024\/09\/Uzy-Bang-King-12000-Puffs-Vape-Pen.jpg",808,808,false],"thumbnail":["https:\/\/rmvapesale.com\/wp-content\/uploads\/2024\/09\/Uzy-Bang-King-12000-Puffs-Vape-Pen-150x150.jpg",150,150,true],"medium":["https:\/\/rmvapesale.com\/wp-content\/uploads\/2024\/09\/Uzy-Bang-King-12000-Puffs-Vape-Pen-300x300.jpg",300,300,true],"medium_large":["https:\/\/rmvapesale.com\/wp-content\/uploads\/2024\/09\/Uzy-Bang-King-12000-Puffs-Vape-Pen-768x768.jpg",768,768,true],"large":["https:\/\/rmvapesale.com\/wp-content\/uploads\/2024\/09\/Uzy-Bang-King-12000-Puffs-Vape-Pen.jpg",808,808,false],"1536x1536":["https:\/\/rmvapesale.com\/wp-content\/uploads\/2024\/09\/Uzy-Bang-King-12000-Puffs-Vape-Pen.jpg",808,808,false],"2048x2048":["https:\/\/rmvapesale.com\/wp-content\/uploads\/2024\/09\/Uzy-Bang-King-12000-Puffs-Vape-Pen.jpg",808,808,false],"trp-custom-language-flag":["https:\/\/rmvapesale.com\/wp-content\/uploads\/2024\/09\/Uzy-Bang-King-12000-Puffs-Vape-Pen.jpg",12,12,false],"woocommerce_thumbnail":["https:\/\/rmvapesale.com\/wp-content\/uploads\/2024\/09\/Uzy-Bang-King-12000-Puffs-Vape-Pen-300x300.jpg",300,300,true],"woocommerce_single":["https:\/\/rmvapesale.com\/wp-content\/uploads\/2024\/09\/Uzy-Bang-King-12000-Puffs-Vape-Pen-600x600.jpg",600,600,true],"woocommerce_gallery_thumbnail":["https:\/\/rmvapesale.com\/wp-content\/uploads\/2024\/09\/Uzy-Bang-King-12000-Puffs-Vape-Pen-100x100.jpg",100,100,true],"wcpr-photo-reviews":["https:\/\/rmvapesale.com\/wp-content\/uploads\/2024\/09\/Uzy-Bang-King-12000-Puffs-Vape-Pen.jpg",500,500,false]},"uagb_author_info":{"display_name":"AMY","author_link":"https:\/\/rmvapesale.com\/da\/author\/"},"uagb_comment_info":0,"uagb_excerpt":"UZY Bang King 12000 Puffs Rechargeable Disposable Pod UZY Bang King 12000 Puffs 0% 2% 3% 5% Nicotine Authentic UZY Bang King 12k Puff Disposable Vapes Contact Amy For More Discount And Right Reply WhatsApp: +86 17776015835","_links":{"self":[{"href":"https:\/\/rmvapesale.com\/da\/wp-json\/wp\/v2\/product\/2238","targetHints":{"allow":["GET"]}}],"collection":[{"href":"https:\/\/rmvapesale.com\/da\/wp-json\/wp\/v2\/product"}],"about":[{"href":"https:\/\/rmvapesale.com\/da\/wp-json\/wp\/v2\/types\/product"}],"replies":[{"embeddable":true,"href":"https:\/\/rmvapesale.com\/da\/wp-json\/wp\/v2\/comments?post=2238"}],"wp:featuredmedia":[{"embeddable":true,"href":"https:\/\/rmvapesale.com\/da\/wp-json\/wp\/v2\/media\/2234"}],"wp:attachment":[{"href":"https:\/\/rmvapesale.com\/da\/wp-json\/wp\/v2\/media?parent=2238"}],"wp:term":[{"taxonomy":"product_brand","embeddable":true,"href":"https:\/\/rmvapesale.com\/da\/wp-json\/wp\/v2\/product_brand?post=2238"},{"taxonomy":"product_cat","embeddable":true,"href":"https:\/\/rmvapesale.com\/da\/wp-json\/wp\/v2\/product_cat?post=2238"},{"taxonomy":"product_tag","embeddable":true,"href":"https:\/\/rmvapesale.com\/da\/wp-json\/wp\/v2\/product_tag?post=2238"}],"curies":[{"name":"wp","href":"https:\/\/api.w.org\/{rel}","templated":true}]}}