{"id":2246,"date":"2024-09-30T01:30:54","date_gmt":"2024-09-30T01:30:54","guid":{"rendered":"https:\/\/rmvapesale.com\/?post_type=product&#038;p=2246"},"modified":"2025-01-21T09:55:50","modified_gmt":"2025-01-21T09:55:50","slug":"mesii-visual-box-16000-puffs-disposable-vape-full-screen","status":"publish","type":"product","link":"https:\/\/rmvapesale.com\/da\/product\/mesii-visual-box-16000-puffs-disposable-vape-full-screen\/","title":{"rendered":"MESii Visual Box 16000 Puffs Engangs Vape Fuld Sk\u00e6rm"},"content":{"rendered":"<div class=\"B2VR9 CJHX3e\">\n<div class=\"wyccme\">\n<h1 class=\"LC20lb MBeuO DKV0Md\">MESii Visual Box 16000 Puffs Engangs Vape Fuld Sk\u00e6rm<\/h1>\n<p>Introducerer MESii Visual Box 16000 Puffs Full Sk\u00e6rm Engangs Vape \u2013 en avanceret enhed designet til en langvarig, h\u00f8jtydende vapingoplevelse. Med imponerende 16.000 puffs og en kapacitet p\u00e5 20ML e-v\u00e6ske tilbyder denne engangs vape lang levetid og bekvemmelighed. Drevet af et genopladeligt 600mAh batteri med USB-C hurtigopladning p\u00e5 45 minutter.<\/p>\n<p>Den dobbelte mesh-coil sikrer glat, ensartet damp, mens fuldsk\u00e6rmsdisplayet giver vigtig info med et blik, herunder digital olieindikator, intelligent str\u00f8mindikator og en smart vaping-timer. Tilpas din oplevelse med justerbar luftstr\u00f8m, fire opvarmningsindstillinger og en b\u00f8rnesikret l\u00e5s for ekstra sikkerhed.<\/p>\n<p>H\u00e6v din vape med MESii Visual Box \u2013 hvor teknologi, bekvemmelighed og sikkerhed g\u00e5r op i en h\u00f8jere enhed for den ultimative vapingoplevelse.<\/p>\n<\/div>\n<\/div>\n<p><strong>Kontakt Amy for at f\u00e5 det rigtige svar og flere produktvideoer!<\/strong><\/p>\n<p><img loading=\"lazy\" decoding=\"async\" class=\"size-full wp-image-1978\" src=\"https:\/\/rmvapesale.com\/wp-content\/uploads\/2024\/09\/Disposable-Vape-Wholesale.jpg\" alt=\"Engrospriser p\u00e5 engangsvape\" width=\"229\" height=\"300\" \/><\/p>\n<h3><span style=\"color: #ff0000\"><strong>WhatsApp: +86 17776015835<\/strong><\/span><\/h3>\n<p>&nbsp;<\/p>\n<h2><\/h2>\n<h2><strong>MESii Visual Box 16000 Puffs N\u00f8glefunktioner<\/strong><\/h2>\n<p>16000 Puffs<br \/>\n20ML E-v\u00e6ske<br \/>\n600mAh Genopladeligt<br \/>\nDobbelt mesh coil<br \/>\nFuldsk\u00e6rmsdisplay<br \/>\nJusterbar luftstr\u00f8m<br \/>\nB\u00f8rnesikret l\u00e5s<br \/>\nIntelligent str\u00f8mindikator<br \/>\nFire opvarmningsindstillinger<br \/>\nSmart vaping-timer<br \/>\nDigital olieindikator<br \/>\nUSB-C 45 minutters hurtigopladning<\/p>\n<h2><\/h2>\n<h2><strong>Top smag til MESii Visual Box 16000 Puffs<\/strong><\/h2>\n<p>MESii Visual Box 16000 Puffs Engangs Vape pod tilbyder 15 l\u00e6kre smagsvarianter, v\u00e6lg mellem en r\u00e6kke smage, herunder klassisk tobak, forfriskende k\u00f8lig mint og den eksotiske s\u00f8dme af mango, hver lover en rig, tilfredsstillende oplevelse med hver puff.<\/p>\n<p>1.Bl\u00e5b\u00e6rstorm<br \/>\n2.Bl\u00e5 Razz is<span style=\"color: #ff0000\"><strong>&gt;&gt;&gt;&gt;Hurtigt!<\/strong><\/span><br \/>\n3.Miami Mint<br \/>\n4.Peach is<br \/>\n5.Vandmelon is<br \/>\n6.Dragon Fruit Banan Kirseb\u00e6r<br \/>\n7.Blandede B\u00e6r<span style=\"color: #ff0000\"><strong>&gt;&gt;&gt;&gt;Hurtigt!<\/strong><\/span><br \/>\n8.Sur \u00c6ble is<br \/>\n9. Ananas Kokos<br \/>\n10.Hindb\u00e6rVandmelon<br \/>\n11.Vandmelon Boblegum<br \/>\n12.Strawberry Watermelon<br \/>\n13.Jordb\u00e6rHindb\u00e6r Kirseb\u00e6r<span style=\"color: #ff0000\"><strong>&gt;&gt;&gt;&gt;Bedste!<\/strong><\/span><br \/>\n14.Druer is<br \/>\n15.Jordb\u00e6r Kiwi<span style=\"color: #ff0000\"><strong>&gt;&gt;&gt;&gt;Hurtigt!<\/strong><\/span><\/p>\n<figure id=\"attachment_2241\" aria-describedby=\"caption-attachment-2241\" style=\"width: 300px\" class=\"wp-caption alignnone\"><img loading=\"lazy\" decoding=\"async\" class=\"size-medium wp-image-2241\" src=\"https:\/\/rmvapesale.com\/wp-content\/uploads\/2024\/09\/Mesii-16000-Puffs-Dispsoable-Vape-Flavour-300x300.png\" alt=\"Mesii 16000 Puffs Engangs Vape Smag\" width=\"300\" height=\"300\" srcset=\"https:\/\/rmvapesale.com\/wp-content\/uploads\/2024\/09\/Mesii-16000-Puffs-Dispsoable-Vape-Flavour-300x300.png 300w, https:\/\/rmvapesale.com\/wp-content\/uploads\/2024\/09\/Mesii-16000-Puffs-Dispsoable-Vape-Flavour-150x150.png 150w, https:\/\/rmvapesale.com\/wp-content\/uploads\/2024\/09\/Mesii-16000-Puffs-Dispsoable-Vape-Flavour-768x768.png 768w, https:\/\/rmvapesale.com\/wp-content\/uploads\/2024\/09\/Mesii-16000-Puffs-Dispsoable-Vape-Flavour-600x600.png 600w, https:\/\/rmvapesale.com\/wp-content\/uploads\/2024\/09\/Mesii-16000-Puffs-Dispsoable-Vape-Flavour-100x100.png 100w, https:\/\/rmvapesale.com\/wp-content\/uploads\/2024\/09\/Mesii-16000-Puffs-Dispsoable-Vape-Flavour.png 788w\" sizes=\"auto, (max-width: 300px) 100vw, 300px\" \/><figcaption id=\"caption-attachment-2241\" class=\"wp-caption-text\">Mesii 16000 Puffs Engangs Vape Smag<\/figcaption><\/figure>\n<h2><strong>Sp\u00f8rgsm\u00e5l du m\u00e5ske vil vide om MESii Visual Box 16000 Puffs<\/strong><\/h2>\n<p>&nbsp;<\/p>\n<div class=\"flex-shrink-0 flex flex-col relative items-end\">\n<div>\n<div class=\"pt-0\">\n<div class=\"gizmo-bot-avatar flex h-8 w-8 items-center justify-center overflow-hidden rounded-full\">\n<div class=\"relative p-1 rounded-sm flex items-center justify-center bg-token-main-surface-primary text-token-text-primary h-8 w-8\"><\/div>\n<\/div>\n<\/div>\n<\/div>\n<\/div>\n<div class=\"group\/conversation-turn relative flex w-full min-w-0 flex-col agent-turn\">\n<div class=\"flex-col gap-1 md:gap-3\">\n<div class=\"flex max-w-full flex-col flex-grow\">\n<div class=\"min-h-8 text-message flex w-full flex-col items-end gap-2 whitespace-normal break-words [.text-message+&amp;]:mt-5\" dir=\"auto\" data-message-author-role=\"assistant\" data-message-id=\"f226d3fc-81f3-46d5-8c46-31787fff0357\">\n<div class=\"flex w-full flex-col gap-1 empty:hidden first:pt-[3px]\">\n<div class=\"markdown prose w-full break-words dark:prose-invert light\">\n<p><strong>1.Hvor mange puffs giver MESii Visual Box 16000 Puffs<\/strong><strong>\u00a0engangs vape?<\/strong><br \/>\nMESii Visual Box 16000 Puffs leverer op til 16000 puffs, langt overg\u00e5r kapaciteten af almindelige engangs vapes.<\/p>\n<p><strong>2.Hvilke smagsvarianter er tilg\u00e6ngelige i MESii Visual Box 16000 Puffs engangs vape pen?<\/strong><br \/>\nPopul\u00e6re smagsvarianter inkluderer Bl\u00e5b\u00e6rstorm, Bl\u00e5 Razz is, Miami Mint, Blandede B\u00e6r, Sur \u00c6ble is, Jordb\u00e6rHindb\u00e6r Kirseb\u00e6r osv.<\/p>\n<p><strong>3. Er MESii Visual Box 16000 Puffs egnet til begyndere?<\/strong><br \/>\nJa, den er perfekt til begyndere med sit simple, knapfrie design \u2013 bare inhaler for at starte vaping.<\/p>\n<p><strong>4. Hvordan skal jeg opbevare min engangs-vape?<\/strong><br \/>\nOpbevar din enhed et k\u00f8ligt, t\u00f8rt sted, v\u00e6k fra direkte sollys og uden for r\u00e6kkevidde af b\u00f8rn og k\u00e6ledyr.<\/p>\n<p><strong>5. Hvor lang tid varer MESii Visual Box 16000 Puffs?<\/strong><br \/>\nMed en kapacitet p\u00e5 16.000 puffs kan MESii Visual Box 16000 Puffs vare i flere uger, afh\u00e6ngigt af brugen.<\/p>\n<\/div>\n<\/div>\n<\/div>\n<\/div>\n<\/div>\n<\/div>\n<p>&nbsp;<\/p>\n<h3><b>OFTE STILLEDE SP\u00d8RGSM\u00c5L<\/b><\/h3>\n<p>&nbsp;<\/p>\n<div class=\"flex-shrink-0 flex flex-col relative items-end\">\n<div>\n<div class=\"pt-0\">\n<div class=\"gizmo-bot-avatar flex h-8 w-8 items-center justify-center overflow-hidden rounded-full\">\n<div class=\"relative p-1 rounded-sm flex items-center justify-center bg-token-main-surface-primary text-token-text-primary h-8 w-8\"><strong>Hvilke forsendelsesmetoder bruges?<\/strong><\/div>\n<\/div>\n<\/div>\n<\/div>\n<\/div>\n<div class=\"group\/conversation-turn relative flex w-full min-w-0 flex-col agent-turn\">\n<div class=\"flex-col gap-1 md:gap-3\">\n<div class=\"flex max-w-full flex-col flex-grow\">\n<div class=\"min-h-[20px] text-message flex w-full flex-col items-end gap-2 whitespace-normal break-words [.text-message+&amp;]:mt-5 overflow-x-auto\" dir=\"auto\" data-message-author-role=\"assistant\" data-message-id=\"22f8283b-3233-46ff-89a5-c7a41b33abda\">\n<div class=\"flex w-full flex-col gap-1 empty:hidden first:pt-[3px]\">\n<div class=\"markdown prose w-full break-words dark:prose-invert light\">\n<p>Vi samarbejder med UPS, DHL, FedEx, DPD og andre f\u00f8rende transport\u00f8rer. Vi vil v\u00e6lge den bedste forsendelsesmetode baseret p\u00e5 din leveringsplacering for at sikre, at du modtager dine produkter s\u00e5 hurtigt som muligt.<\/p>\n<\/div>\n<p><strong>Hvor lang tid tager det at ankomme?<\/strong><\/p>\n<p>Pakker sendt til Danmark ankommer normalt inden for 10 arbejdsdage. Forsendelse til europ\u00e6iske lande tager generelt omkring 12-15 arbejdsdage. Vi vil give opdateringer i realtid om din forsendelsesstatus.<\/p>\n<\/div>\n<p><strong>Garanti<\/strong><\/p>\n<p><span style=\"color: #ff0000\"><strong>Alle produkter i vores butik garanteres at v\u00e6re 100% originale og autentiske. Vi tilbyder 10 gange kompensation for falske varer!<\/strong><\/span><\/p>\n<div class=\"flex w-full flex-col gap-1 empty:hidden first:pt-[3px]\">\n<p>&nbsp;<\/p>\n<\/div>\n<\/div>\n<\/div>\n<\/div>\n<\/div>\n<p>&nbsp;<\/p>\n<p>Andre hot-sale vapes du m\u00e5ske kan lide:<\/p>\n<p>&nbsp;<\/p>\n<p><a href=\"https:\/\/rmvapesale.com\/da\/product\/original-randm-vape-digital-puff-12000-fumot-factory-price\/\"><strong>VOZOL Gear 20000 Pust<span style=\"color: #ff0000\">&gt;&gt;&gt;&gt;g\u00e5!<\/span><\/strong><\/a><\/p>\n<p><strong><a href=\"https:\/\/rmvapesale.com\/da\/product\/randm-tornado-15000-puffs-15k-vape-recharge-fumot-original-vape-factory-price\/\">VOPK Tornado 15000 Puffs<\/a><a href=\"https:\/\/rmvapesale.com\/da\/product\/original-randm-vape-digital-puff-12000-fumot-factory-price\/\"><span style=\"color: #ff0000\">&gt;&gt;&gt;&gt;g\u00e5!<\/span><\/a><\/strong><\/p>\n<p><a href=\"https:\/\/rmvapesale.com\/da\/product\/vapme-crystal-7000-puffs-rechargeable-disposable-vape-price\/\"><strong>Vapme Crystal 7000 Pust<a href=\"https:\/\/rmvapesale.com\/da\/product\/original-randm-vape-digital-puff-12000-fumot-factory-price\/\"><span style=\"color: #ff0000\">&gt;&gt;&gt;&gt;g\u00e5!<\/span><\/a><\/strong><\/a><\/p>\n<p><a href=\"https:\/\/rmvapesale.com\/da\/product\/uzy-crystal-pro-max-10k-puffs-disposable-vape-pen-wholesale\/\"><strong>UZY Crystal Pro Max 10k Pust<a href=\"https:\/\/rmvapesale.com\/da\/product\/original-randm-vape-digital-puff-12000-fumot-factory-price\/\"><span style=\"color: #ff0000\">&gt;&gt;&gt;&gt;g\u00e5!<\/span><\/a><\/strong><\/a><\/p>\n<p>&nbsp;<\/p>\n<p>&nbsp;<\/p>\n<p>Find flere Vape-produkter, du m\u00e5ske kan lide:<strong><em><a href=\"https:\/\/rmvapesale.com\/da\/shop-2\/\">k\u00f8b nu &gt;&gt;&gt;<\/a><\/em><\/strong><\/p>","protected":false},"excerpt":{"rendered":"<p>MESii Visual Boxx 16K 16000 Puffs Engangs Vape<br \/>\nMESii Visual Box 16000 Puffs Engangs Vape Pod<br \/>\nMesii Visual Box 16000 Puffs 0%2%3%5% Nikotin E-cigaret<\/p>\n<p><strong>Kontakt Amy for mere rabat og et korrekt svar<\/strong><\/p>\n<p><img loading=\"lazy\" decoding=\"async\" class=\"size-full wp-image-1978\" src=\"https:\/\/rmvapesale.com\/wp-content\/uploads\/2024\/09\/Disposable-Vape-Wholesale.jpg\" alt=\"Engrospriser p\u00e5 engangsvape\" width=\"229\" height=\"300\" \/><\/p>\n<h3><span style=\"color: #ff0000\"><strong>WhatsApp: +86 17776015835<\/strong><\/span><\/h3>","protected":false},"featured_media":2239,"comment_status":"open","ping_status":"closed","template":"","meta":{"_uag_custom_page_level_css":"","_lmt_disableupdate":"no","_lmt_disable":"","site-sidebar-layout":"default","site-content-layout":"content-boxed-container","ast-site-content-layout":"normal-width-container","site-content-style":"boxed","site-sidebar-style":"unboxed","ast-global-header-display":"","ast-banner-title-visibility":"","ast-main-header-display":"","ast-hfb-above-header-display":"","ast-hfb-below-header-display":"","ast-hfb-mobile-header-display":"","site-post-title":"","ast-breadcrumbs-content":"","ast-featured-img":"","footer-sml-layout":"","theme-transparent-header-meta":"default","adv-header-id-meta":"","stick-header-meta":"","header-above-stick-meta":"","header-main-stick-meta":"","header-below-stick-meta":"","astra-migrate-meta-layouts":"set","ast-page-background-enabled":"default","ast-page-background-meta":{"desktop":{"background-color":"var(--ast-global-color-4)","background-image":"","background-repeat":"repeat","background-position":"center center","background-size":"auto","background-attachment":"scroll","background-type":"","background-media":"","overlay-type":"","overlay-color":"","overlay-opacity":"","overlay-gradient":""},"tablet":{"background-color":"","background-image":"","background-repeat":"repeat","background-position":"center center","background-size":"auto","background-attachment":"scroll","background-type":"","background-media":"","overlay-type":"","overlay-color":"","overlay-opacity":"","overlay-gradient":""},"mobile":{"background-color":"","background-image":"","background-repeat":"repeat","background-position":"center center","background-size":"auto","background-attachment":"scroll","background-type":"","background-media":"","overlay-type":"","overlay-color":"","overlay-opacity":"","overlay-gradient":""}},"ast-content-background-meta":{"desktop":{"background-color":"var(--ast-global-color-5)","background-image":"","background-repeat":"repeat","background-position":"center center","background-size":"auto","background-attachment":"scroll","background-type":"","background-media":"","overlay-type":"","overlay-color":"","overlay-opacity":"","overlay-gradient":""},"tablet":{"background-color":"var(--ast-global-color-5)","background-image":"","background-repeat":"repeat","background-position":"center center","background-size":"auto","background-attachment":"scroll","background-type":"","background-media":"","overlay-type":"","overlay-color":"","overlay-opacity":"","overlay-gradient":""},"mobile":{"background-color":"var(--ast-global-color-5)","background-image":"","background-repeat":"repeat","background-position":"center center","background-size":"auto","background-attachment":"scroll","background-type":"","background-media":"","overlay-type":"","overlay-color":"","overlay-opacity":"","overlay-gradient":""}},"_joinchat":[]},"product_brand":[],"product_cat":[15,292,293,295,299,25,123,26,28,135,27,31,61,137,136],"product_tag":[114,99,111,105,54,115],"class_list":{"0":"post-2246","1":"product","2":"type-product","3":"status-publish","4":"has-post-thumbnail","6":"product_cat-new-vape-this-week","7":"product_cat-digital-disposable-vapes","8":"product_cat-low-nicotine-disposable-vapes","9":"product_cat-rechargeable-disposable-vapes","10":"product_cat-smart-screen-disposable-vapes","11":"product_cat-germany-best-selling-vape","12":"product_cat-italy-wholesale-vape","13":"product_cat-netherlands-hot-sale-vape","14":"product_cat-poland-hot-sale-vape","15":"product_cat-spain-best-hot-sale-vape","16":"product_cat-fance-hot-sale-vape","17":"product_cat-randm-fumot-vape","18":"product_cat-15000-puffs-disposable-vapes","19":"product_cat-rechargeable-vapes","20":"product_cat-smart-screen-vapes","21":"product_tag-disposable-vape-pod","22":"product_tag-disposable-vape-wholesale","23":"product_tag-low-nicotine-disposable-vape","24":"product_tag-nicotine-free-disposable-vape","25":"product_tag-rechargeable-disposable-vape","26":"product_tag-smart-screen-disposable-vape","27":"desktop-align-left","28":"tablet-align-left","29":"mobile-align-left","31":"first","32":"instock","33":"sale","34":"shipping-taxable","35":"purchasable","36":"product-type-simple"},"uagb_featured_image_src":{"full":["https:\/\/rmvapesale.com\/wp-content\/uploads\/2024\/09\/Mesii-16000-Dispsoable-Vape.png",788,788,false],"thumbnail":["https:\/\/rmvapesale.com\/wp-content\/uploads\/2024\/09\/Mesii-16000-Dispsoable-Vape-150x150.png",150,150,true],"medium":["https:\/\/rmvapesale.com\/wp-content\/uploads\/2024\/09\/Mesii-16000-Dispsoable-Vape-300x300.png",300,300,true],"medium_large":["https:\/\/rmvapesale.com\/wp-content\/uploads\/2024\/09\/Mesii-16000-Dispsoable-Vape-768x768.png",768,768,true],"large":["https:\/\/rmvapesale.com\/wp-content\/uploads\/2024\/09\/Mesii-16000-Dispsoable-Vape.png",788,788,false],"1536x1536":["https:\/\/rmvapesale.com\/wp-content\/uploads\/2024\/09\/Mesii-16000-Dispsoable-Vape.png",788,788,false],"2048x2048":["https:\/\/rmvapesale.com\/wp-content\/uploads\/2024\/09\/Mesii-16000-Dispsoable-Vape.png",788,788,false],"trp-custom-language-flag":["https:\/\/rmvapesale.com\/wp-content\/uploads\/2024\/09\/Mesii-16000-Dispsoable-Vape.png",12,12,false],"woocommerce_thumbnail":["https:\/\/rmvapesale.com\/wp-content\/uploads\/2024\/09\/Mesii-16000-Dispsoable-Vape-300x300.png",300,300,true],"woocommerce_single":["https:\/\/rmvapesale.com\/wp-content\/uploads\/2024\/09\/Mesii-16000-Dispsoable-Vape-600x600.png",600,600,true],"woocommerce_gallery_thumbnail":["https:\/\/rmvapesale.com\/wp-content\/uploads\/2024\/09\/Mesii-16000-Dispsoable-Vape-100x100.png",100,100,true],"wcpr-photo-reviews":["https:\/\/rmvapesale.com\/wp-content\/uploads\/2024\/09\/Mesii-16000-Dispsoable-Vape.png",500,500,false]},"uagb_author_info":{"display_name":"AMY","author_link":"https:\/\/rmvapesale.com\/da\/author\/"},"uagb_comment_info":0,"uagb_excerpt":"MESii Visual Boxx 16K 16000 Puffs Disposable Vape MESii Visual Box 16000 Puffs Disposable Vape Pod Mesii Visual Box 16000 Puffs 0%2%3%5% Nicotine E-cigarette Contact Amy For More Discount And Right Reply WhatsApp: +86 17776015835","_links":{"self":[{"href":"https:\/\/rmvapesale.com\/da\/wp-json\/wp\/v2\/product\/2246","targetHints":{"allow":["GET"]}}],"collection":[{"href":"https:\/\/rmvapesale.com\/da\/wp-json\/wp\/v2\/product"}],"about":[{"href":"https:\/\/rmvapesale.com\/da\/wp-json\/wp\/v2\/types\/product"}],"replies":[{"embeddable":true,"href":"https:\/\/rmvapesale.com\/da\/wp-json\/wp\/v2\/comments?post=2246"}],"wp:featuredmedia":[{"embeddable":true,"href":"https:\/\/rmvapesale.com\/da\/wp-json\/wp\/v2\/media\/2239"}],"wp:attachment":[{"href":"https:\/\/rmvapesale.com\/da\/wp-json\/wp\/v2\/media?parent=2246"}],"wp:term":[{"taxonomy":"product_brand","embeddable":true,"href":"https:\/\/rmvapesale.com\/da\/wp-json\/wp\/v2\/product_brand?post=2246"},{"taxonomy":"product_cat","embeddable":true,"href":"https:\/\/rmvapesale.com\/da\/wp-json\/wp\/v2\/product_cat?post=2246"},{"taxonomy":"product_tag","embeddable":true,"href":"https:\/\/rmvapesale.com\/da\/wp-json\/wp\/v2\/product_tag?post=2246"}],"curies":[{"name":"wp","href":"https:\/\/api.w.org\/{rel}","templated":true}]}}