{"id":2320,"date":"2024-10-10T01:23:26","date_gmt":"2024-10-10T01:23:26","guid":{"rendered":"https:\/\/rmvapesale.com\/?post_type=product&#038;p=2320"},"modified":"2024-10-10T09:25:15","modified_gmt":"2024-10-10T09:25:15","slug":"elf-box-digital-12000-puffs-led-display-disposable-vape","status":"publish","type":"product","link":"https:\/\/rmvapesale.com\/da\/product\/elf-box-digital-12000-puffs-led-display-disposable-vape\/","title":{"rendered":"ELF BOX Digital 12000 Pust LED Display Engangs Vape"},"content":{"rendered":"<div class=\"B2VR9 CJHX3e\">\n<div class=\"wyccme\">\n<h1 class=\"LC20lb MBeuO DKV0Md\">ELF BOX Digital 12000 Puffs LED Display engangs-vape stork\u00f8b<\/h1>\n<div class=\"flex-shrink-0 flex flex-col relative items-end\">\n<div>\n<div class=\"pt-0\">\n<div class=\"gizmo-bot-avatar flex h-8 w-8 items-center justify-center overflow-hidden rounded-full\">\n<div class=\"relative p-1 rounded-sm flex items-center justify-center bg-token-main-surface-primary text-token-text-primary h-8 w-8\">\n<p>G\u00f8r dig klar til at forbedre din vaping-oplevelse med <strong>ELF BOX Digital 12000 Pust LED Display Engangs Vape<\/strong>! Denne vape indeholder utrolige <strong>12.000 sug<\/strong>, hvilket giver dig langvarig tilfredsstillelse uden behov for konstante udskiftninger. Den er perfekt til daglig brug og er designet til b\u00e5de bekvemmelighed og ydeevne.<\/p>\n<p>Med en <strong>23 ml e-v\u00e6skekapacitet<\/strong> og en <strong>0,8 ohm mesh coil<\/strong>, kan du forvente bl\u00f8de, smagfulde hits hver gang du vaper. V\u00e6lg mellem <strong>0%, 2%, 3% eller 5% nikotinstyrker<\/strong> for at skr\u00e6ddersy din oplevelse pr\u00e6cis efter din smag.<\/p>\n<p>og passer til en bred vifte af dampere, fra dem, der foretr\u00e6kker nikotinfrie muligheder, til dem, der nyder et st\u00e6rkere hit. <strong>LED digitalt display<\/strong> holder dig informeret om batterilevetid og e-v\u00e6skeniveau, s\u00e5 du altid har kontrol. Derudover, med et <strong>500 mAh genopladeligt batteri<\/strong> og <strong>Type-C opladning<\/strong>, kan du oplade hurtigt og forts\u00e6tte med at vape hele dagen.<\/p>\n<p>Perfekt til stork\u00f8bere, er <strong>ELF BOX Digital 12000<\/strong> ideel til dem, der \u00f8nsker ydeevne i topklasse i en elegant, brugervenlig pakke. Fyld lageret op nu, og giv dine kunder en vape, de vil elske!<\/p>\n<p>Bestil din <strong>ELF BOX Digital 12000 LED-sk\u00e6rm Engangs Vape Bulk K\u00f8b<\/strong> i dag, og tilf\u00f8j denne uundv\u00e6rlige enhed til dit sortiment!<\/p>\n<p>&nbsp;<\/p>\n<\/div>\n<\/div>\n<\/div>\n<\/div>\n<\/div>\n<\/div>\n<\/div>\n<p><strong>Kontakt Amy for at f\u00e5 det rigtige svar og flere produktvideoer!<\/strong><\/p>\n<p><img loading=\"lazy\" decoding=\"async\" class=\"size-full wp-image-1978\" src=\"https:\/\/rmvapesale.com\/wp-content\/uploads\/2024\/09\/Disposable-Vape-Wholesale.jpg\" alt=\"Engrospriser p\u00e5 engangsvape\" width=\"229\" height=\"300\" \/><\/p>\n<h3><a href=\"https:\/\/wa.me\/8617776015835\" target=\"_blank\" rel=\"noopener\"><span style=\"color: #ff0000\"><strong>WhatsApp: +86 17776015835<\/strong><\/span><\/a><\/h3>\n<p>&nbsp;<\/p>\n<h2><\/h2>\n<h2><strong>ELF BOX Digital 12000 Puffs Vape N\u00f8glefunktioner<\/strong><\/h2>\n<p>&nbsp;<\/p>\n<ul>\n<li><strong>H\u00f8jt antal pust<\/strong>: Nyd op til 12.000 sug for en langvarig og uafbrudt dampoplevelse.<\/li>\n<li><strong>E-v\u00e6ske kapacitet<\/strong>: Med en 23 ml tank kan du dampe l\u00e6ngere uden at skulle fylde op ofte.<\/li>\n<li><strong>Genopladeligt batteri<\/strong>: Drevet af et 500mAh batteri, der sikrer langvarig ydeevne og nem genopladning.<\/li>\n<li><strong>Type-C Opladning<\/strong>: Genoplad hurtigt og effektivt ved hj\u00e6lp af den moderne Type-C-forbindelse.<\/li>\n<li><strong>Mesh Coil-teknologi<\/strong>: Oplev forbedret smag og j\u00e6vn damp med 0,8 ohm mesh-coilen.<\/li>\n<li><strong>Digitalt display<\/strong>: Hold dig opdateret med en smart digital sk\u00e6rm, der viser dit batteri- og e-v\u00e6ske niveau.<\/li>\n<li><strong>: Avanceret coil-teknologi forbedrer smagsleveringen og skaber glatte, t\u00e6tte skyer, perfekt til smagsentusiaster.<\/strong>: F\u00e5s i 0%, 2%, 3% og 5% nikotinstyrker, der passer til dine dampbehov.<\/li>\n<\/ul>\n<h2><\/h2>\n<h2><strong>Top smag til ELF BOX Digital 12000 Puffs E-cigaretter\u00a0<\/strong><\/h2>\n<p>ELF BOX Digital 12000 Puffs LED Display Engangs Vape tilbyder 12 l\u00e6kre smagsvarianter, v\u00e6lg mellem en r\u00e6kke forskellige smage, herunder klassisk forfriskende cool mint og den eksotiske s\u00f8dme af drue, hvor hver enkelt lover en rig, tilfredsstillende rejse med hvert sug.<\/p>\n<p>1.Watermelon Ice <span style=\"color: #ff0000\"><strong>&gt;&gt;&gt;&gt; Popul\u00e6r!<\/strong><\/span><br \/>\n2.Strawberry Ice<br \/>\n3. Bl\u00e5 Hindb\u00e6r Is<br \/>\n4.Kirseb\u00e6rcola <span style=\"color: #ff0000\"><strong>&gt;&gt;&gt;&gt; Popul\u00e6r!<\/strong><\/span><br \/>\n5.Jordb\u00e6rblast<br \/>\n6.Kokosmelon<br \/>\n7.Kiwi Passionsfrugt<br \/>\n8.Blandet frugt <span style=\"color: #ff0000\"><strong>&gt;&gt;&gt;&gt; Bedst!<\/strong><\/span><br \/>\n9.Bl\u00e5b\u00e6r sur hindb\u00e6r<br \/>\n10.Dobbelt \u00e6ble<br \/>\n11.Jordb\u00e6r vandmelon<br \/>\n12. Vandmelon Bubblegum<br \/>\n13.Fersken is<br \/>\n14.Jordb\u00e6r banan<br \/>\n15. Mr. Blue<br \/>\n16.Bromb\u00e6r is<br \/>\n17.Mango is<br \/>\n18.Drue is<br \/>\n19.Fersken b\u00e6r<br \/>\n20.Jordb\u00e6r Kiwi Frugt<\/p>\n<figure id=\"attachment_2327\" aria-describedby=\"caption-attachment-2327\" style=\"width: 300px\" class=\"wp-caption alignnone\"><img loading=\"lazy\" decoding=\"async\" class=\"size-medium wp-image-2327\" src=\"https:\/\/rmvapesale.com\/wp-content\/uploads\/2024\/10\/Vape-Elf-Box-12000-Puffs-12K-E-cigarette-300x225.jpg\" alt=\"Vape Elf Box 12000 Puffs 12K E-cigaret\" width=\"300\" height=\"225\" srcset=\"https:\/\/rmvapesale.com\/wp-content\/uploads\/2024\/10\/Vape-Elf-Box-12000-Puffs-12K-E-cigarette-300x225.jpg 300w, https:\/\/rmvapesale.com\/wp-content\/uploads\/2024\/10\/Vape-Elf-Box-12000-Puffs-12K-E-cigarette-768x576.jpg 768w, https:\/\/rmvapesale.com\/wp-content\/uploads\/2024\/10\/Vape-Elf-Box-12000-Puffs-12K-E-cigarette-600x450.jpg 600w, https:\/\/rmvapesale.com\/wp-content\/uploads\/2024\/10\/Vape-Elf-Box-12000-Puffs-12K-E-cigarette.jpg 808w\" sizes=\"auto, (max-width: 300px) 100vw, 300px\" \/><figcaption id=\"caption-attachment-2327\" class=\"wp-caption-text\">Vape Elf Box 12000 Puffs 12K E-cigaret<\/figcaption><\/figure>\n<p>&nbsp;<\/p>\n<h3>Hvorfor v\u00e6lge Rmvapesale til din ELF BOX Digital 12000 Puffs LED Display Engangs Vape?<\/h3>\n<div class=\"flex-shrink-0 flex flex-col relative items-end\">\n<div>\n<div class=\"pt-0\">\n<div class=\"gizmo-bot-avatar flex h-8 w-8 items-center justify-center overflow-hidden rounded-full\">\n<div class=\"relative p-1 rounded-sm flex items-center justify-center bg-token-main-surface-primary text-token-text-primary h-8 w-8\">\n<p>&nbsp;<\/p>\n<p>N\u00e5r du v\u00e6lger Rmvapesale til dine engrosbehov for engangsvapes, f\u00e5r du gavn af:<\/p>\n<ul>\n<li><strong>Konkurrencedygtig pris<\/strong>: F\u00e5 adgang til attraktive engrospriser, der \u00f8ger din forretningsmargin.<\/li>\n<li><strong>H\u00f8j kvalitet<\/strong>: Vores vapes er fremstillet efter de h\u00f8jeste standarder, og <span style=\"color: #ff0000\"><strong>garanteret 100% originale og autentiske, eller 10 gange kompensation gives for falske varer!<\/strong><\/span><\/li>\n<li><strong>Fremragende kundeservice<\/strong>: Vores dedikerede team er altid klar til at hj\u00e6lpe dig, hvilket g\u00f8r din k\u00f8bsproces glat og problemfri.<\/li>\n<li><strong>Hurtig<\/strong>: Forvent hurtig og p\u00e5lidelig forsendelse, der sikrer, at dine ordrer ankommer til tiden, hver gang.<\/li>\n<\/ul>\n<h3><\/h3>\n<h3><b>OFTE STILLEDE SP\u00d8RGSM\u00c5L<\/b><\/h3>\n<p>&nbsp;<\/p>\n<\/div>\n<\/div>\n<\/div>\n<\/div>\n<\/div>\n<div class=\"group\/conversation-turn relative flex w-full min-w-0 flex-col agent-turn\">\n<div class=\"flex-col gap-1 md:gap-3\">\n<div class=\"flex max-w-full flex-col flex-grow\">\n<div class=\"min-h-8 text-message flex w-full flex-col items-end gap-2 whitespace-normal break-words [.text-message+&amp;]:mt-5\" dir=\"auto\" data-message-author-role=\"assistant\" data-message-id=\"f226d3fc-81f3-46d5-8c46-31787fff0357\">\n<div class=\"flex w-full flex-col gap-1 empty:hidden first:pt-[3px]\">\n<div class=\"markdown prose w-full break-words dark:prose-invert light\">\n<p><strong>Q1: Hvor mange sug kan jeg f\u00e5 fra ELF Box Digital 12000 Puffs Engangs Vape?<\/strong><br \/>\nA1: Den <strong>ELF Box Digital 12000 Puffs Engangs Vape<\/strong> leverer op til <strong>12.000 sug<\/strong>, der tilbyder en udvidet vaping-oplevelse uden behov for hyppige udskiftninger.<\/p>\n<p><strong>Q2: Hvilke smagsvarianter er tilg\u00e6ngelige for ELF Box Digital 12k E-cigaret Engros?<\/strong><br \/>\nA2: Du kan nyde 20 sp\u00e6ndende smagsvarianter, inklusive <strong>Vandmelon Is<\/strong>, <strong>Jordb\u00e6r Banan<\/strong>, <strong>Blue Razz Ice<\/strong>, <strong>Mango Is<\/strong>, og <strong>Drue Ice<\/strong>, bare for at n\u00e6vne et par stykker. Der er en smag for enhver smagspr\u00e6ference!<\/p>\n<p><strong>Q3: Hvor stor er e-v\u00e6ske-kapaciteten i ELF Box Digital Box 12000 Puffs Engangs Vape?<\/strong><br \/>\nA3: Denne enhed leveres med en gener\u00f8s <strong>23 ml e-v\u00e6skekapacitet<\/strong>, hvilket sikrer langvarig brug uden hyppige genopfyldninger.<\/p>\n<p><strong>Q4: Hvilke nikotinstyrker er tilg\u00e6ngelige i ELF Box Digital 12000 Puffs E-cigaret?<\/strong><br \/>\nA4: Du kan v\u00e6lge mellem <strong>0%, 2%, 3%, eller 5% nikotinniveauer<\/strong>, hvilket g\u00f8r det nemt at finde den rigtige styrke til din vaping-stil.<\/p>\n<p><strong>Q5: Hvordan fungerer den digitale sk\u00e6rm p\u00e5 ELF Box Digital Box 12k Engangs Vape?<\/strong><br \/>\nA5: Den <strong>smarte digitale sk\u00e6rm<\/strong> giver dig mulighed for at overv\u00e5ge b\u00e5de dit batteri- og e-v\u00e6skeniveau, s\u00e5 du aldrig bliver overrasket.<\/p>\n<p><strong>Q6: Kan ELF Box Digital 12k E Cigaret genoplades?<\/strong><br \/>\nA6: Ja, enheden har en <strong>500 mAh genopladeligt batteri<\/strong> og en <strong>Type-C ladeport<\/strong> til hurtig og effektiv opladning.<\/p>\n<p><strong>Q7: Kan jeg k\u00f8be ELF Box Digital 12000 Puffs Disposable Vape i l\u00f8s v\u00e6gt?<\/strong><br \/>\nA7: Absolut! <strong>ELF Box Digital 12000 Puffs engangs-vape engros<\/strong> muligheder er tilg\u00e6ngelige for dem, der \u00f8nsker at fylde op i l\u00f8s v\u00e6gt og nyde konkurrencedygtige priser.<\/p>\n<p><strong>Q8: Hvilken spoleteknologi bruger ELF Box Digital Box 12k?<\/strong><br \/>\nA8: Den bruger en <strong>0,8 ohm mesh coil<\/strong> for forbedret smag og j\u00e6vn damp produktion, hvilket sikrer en tilfredsstillende damp oplevelse.<\/p>\n<\/div>\n<\/div>\n<\/div>\n<\/div>\n<\/div>\n<\/div>\n<p>&nbsp;<\/p>\n<h3><\/h3>\n<h3>Om forsendelse<\/h3>\n<div class=\"flex-shrink-0 flex flex-col relative items-end\">\n<div>\n<div class=\"pt-0\">\n<div class=\"gizmo-bot-avatar flex h-8 w-8 items-center justify-center overflow-hidden rounded-full\">\n<div><\/div>\n<div class=\"relative p-1 rounded-sm flex items-center justify-center bg-token-main-surface-primary text-token-text-primary h-8 w-8\"><strong>1. Hvilke forsendelsesmetoder bruges?<\/strong><\/div>\n<\/div>\n<\/div>\n<\/div>\n<\/div>\n<div class=\"group\/conversation-turn relative flex w-full min-w-0 flex-col agent-turn\">\n<div class=\"flex-col gap-1 md:gap-3\">\n<div class=\"flex max-w-full flex-col flex-grow\">\n<div class=\"min-h-[20px] text-message flex w-full flex-col items-end gap-2 whitespace-normal break-words [.text-message+&amp;]:mt-5 overflow-x-auto\" dir=\"auto\" data-message-author-role=\"assistant\" data-message-id=\"22f8283b-3233-46ff-89a5-c7a41b33abda\">\n<div class=\"flex w-full flex-col gap-1 empty:hidden first:pt-[3px]\">\n<div class=\"markdown prose w-full break-words dark:prose-invert light\">\n<p>Vi samarbejder med UPS, DHL, FedEx, DPD og andre f\u00f8rende transport\u00f8rer. Vi vil v\u00e6lge den bedste forsendelsesmetode baseret p\u00e5 din leveringsplacering for at sikre, at du modtager dine produkter s\u00e5 hurtigt som muligt.<\/p>\n<\/div>\n<p><strong>2. Hvor lang tid tager det at ankomme?<\/strong><\/p>\n<p>Pakker sendt til Danmark ankommer normalt inden for 10 arbejdsdage. Forsendelse til europ\u00e6iske lande tager generelt omkring 12-15 arbejdsdage. Vi vil give opdateringer i realtid om din forsendelsesstatus.<\/p>\n<\/div>\n<\/div>\n<\/div>\n<\/div>\n<\/div>\n<p>&nbsp;<\/p>\n<p>Andre hot-sale vapes du m\u00e5ske kan lide:<\/p>\n<p><a href=\"https:\/\/rmvapesale.com\/da\/product\/waspe-12000-puffs-disposable-vape-pen\/\"><strong>WASPE 12000 Pust\u00a0 \u00a0<span style=\"color: #ff0000\">&gt;&gt;&gt;&gt; go!<\/span><\/strong><\/a><\/p>\n<p><strong><a href=\"https:\/\/rmvapesale.com\/da\/product\/waspe-fihp-30000-puffs-led-display-disposable-vape-box\/\">WASPE FIHP 30000 Pust <span style=\"color: #ff0000\">&gt;&gt;&gt;&gt; go!<\/span><\/a>\u00a0<\/strong><\/p>\n<h2 class=\"woocommerce-loop-product__title\"><a style=\"font-size: 16px\" href=\"https:\/\/rmvapesale.com\/da\/product\/bang-box-30000-puff-double-taste-smart-screen-disposable-vape-wholesale\/\"><strong>Bang Box 30000 Pust Dobbelt Smag <span style=\"color: #ff0000\">&gt;&gt;&gt;&gt; go!<\/span><\/strong><\/a><\/h2>\n<p>&nbsp;<\/p>\n<p>&nbsp;<\/p>\n<p>Find flere Vape-produkter, du m\u00e5ske kan lide:<strong><em><a href=\"https:\/\/rmvapesale.com\/da\/shop-2\/\">k\u00f8b nu &gt;&gt;&gt;<\/a><\/em><\/strong><\/p>","protected":false},"excerpt":{"rendered":"<p>ELF Box Digital 12000 Puffs 0% 2% 3% 5% Lav nikotin<br \/>\nELF BOX Digital Box 12000 Puffs engangs-e-cigaretter<br \/>\nELF Box Digital 12000 Puffs engangs-vape engros<\/p>\n<p><img loading=\"lazy\" decoding=\"async\" class=\"size-full wp-image-1978\" src=\"https:\/\/rmvapesale.com\/wp-content\/uploads\/2024\/09\/Disposable-Vape-Wholesale.jpg\" alt=\"Engrospriser p\u00e5 engangsvape\" width=\"229\" height=\"300\" \/><\/p>\n<h3><a href=\"https:\/\/wa.me\/8617776015835\"><span style=\"color: #ff0000\"><strong>WhatsApp: +86 17776015835<\/strong><\/span><\/a><\/h3>\n<p>&nbsp;<\/p>","protected":false},"featured_media":2325,"comment_status":"open","ping_status":"closed","template":"","meta":{"_uag_custom_page_level_css":"","_lmt_disableupdate":"","_lmt_disable":"","site-sidebar-layout":"default","site-content-layout":"content-boxed-container","ast-site-content-layout":"normal-width-container","site-content-style":"boxed","site-sidebar-style":"unboxed","ast-global-header-display":"","ast-banner-title-visibility":"","ast-main-header-display":"","ast-hfb-above-header-display":"","ast-hfb-below-header-display":"","ast-hfb-mobile-header-display":"","site-post-title":"","ast-breadcrumbs-content":"","ast-featured-img":"","footer-sml-layout":"","ast-disable-related-posts":"","theme-transparent-header-meta":"default","adv-header-id-meta":"","stick-header-meta":"","header-above-stick-meta":"","header-main-stick-meta":"","header-below-stick-meta":"","astra-migrate-meta-layouts":"set","ast-page-background-enabled":"default","ast-page-background-meta":{"desktop":{"background-color":"var(--ast-global-color-4)","background-image":"","background-repeat":"repeat","background-position":"center center","background-size":"auto","background-attachment":"scroll","background-type":"","background-media":"","overlay-type":"","overlay-color":"","overlay-opacity":"","overlay-gradient":""},"tablet":{"background-color":"","background-image":"","background-repeat":"repeat","background-position":"center center","background-size":"auto","background-attachment":"scroll","background-type":"","background-media":"","overlay-type":"","overlay-color":"","overlay-opacity":"","overlay-gradient":""},"mobile":{"background-color":"","background-image":"","background-repeat":"repeat","background-position":"center center","background-size":"auto","background-attachment":"scroll","background-type":"","background-media":"","overlay-type":"","overlay-color":"","overlay-opacity":"","overlay-gradient":""}},"ast-content-background-meta":{"desktop":{"background-color":"var(--ast-global-color-5)","background-image":"","background-repeat":"repeat","background-position":"center center","background-size":"auto","background-attachment":"scroll","background-type":"","background-media":"","overlay-type":"","overlay-color":"","overlay-opacity":"","overlay-gradient":""},"tablet":{"background-color":"var(--ast-global-color-5)","background-image":"","background-repeat":"repeat","background-position":"center center","background-size":"auto","background-attachment":"scroll","background-type":"","background-media":"","overlay-type":"","overlay-color":"","overlay-opacity":"","overlay-gradient":""},"mobile":{"background-color":"var(--ast-global-color-5)","background-image":"","background-repeat":"repeat","background-position":"center center","background-size":"auto","background-attachment":"scroll","background-type":"","background-media":"","overlay-type":"","overlay-color":"","overlay-opacity":"","overlay-gradient":""}},"_joinchat":[]},"product_brand":[],"product_cat":[15,60,128,27,25,123,30,26,28],"product_tag":[66,125,126,129,101,105,120],"class_list":{"0":"post-2320","1":"product","2":"type-product","3":"status-publish","4":"has-post-thumbnail","6":"product_cat-new-vape-this-week","7":"product_cat-bang-vapes","8":"product_cat-elf-box-disposable-vapes","9":"product_cat-fance-hot-sale-vape","10":"product_cat-germany-best-selling-vape","11":"product_cat-italy-wholesale-vape","12":"product_cat-minimum-order-quantity-50pcs","13":"product_cat-netherlands-hot-sale-vape","14":"product_cat-poland-hot-sale-vape","15":"product_tag-disposable-vape","16":"product_tag-disposable-vape-italy","17":"product_tag-e-cigarettes","18":"product_tag-elf-box-vape","19":"product_tag-led-display-vape","20":"product_tag-nicotine-free-disposable-vape","21":"product_tag-vape-wholesale","22":"desktop-align-left","23":"tablet-align-left","24":"mobile-align-left","26":"first","27":"instock","28":"sale","29":"shipping-taxable","30":"purchasable","31":"product-type-simple"},"uagb_featured_image_src":{"full":["https:\/\/rmvapesale.com\/wp-content\/uploads\/2024\/10\/ELF-Box-Digital-12000-Puffs-Disposable.jpg",808,808,false],"thumbnail":["https:\/\/rmvapesale.com\/wp-content\/uploads\/2024\/10\/ELF-Box-Digital-12000-Puffs-Disposable-150x150.jpg",150,150,true],"medium":["https:\/\/rmvapesale.com\/wp-content\/uploads\/2024\/10\/ELF-Box-Digital-12000-Puffs-Disposable-300x300.jpg",300,300,true],"medium_large":["https:\/\/rmvapesale.com\/wp-content\/uploads\/2024\/10\/ELF-Box-Digital-12000-Puffs-Disposable-768x768.jpg",768,768,true],"large":["https:\/\/rmvapesale.com\/wp-content\/uploads\/2024\/10\/ELF-Box-Digital-12000-Puffs-Disposable.jpg",808,808,false],"1536x1536":["https:\/\/rmvapesale.com\/wp-content\/uploads\/2024\/10\/ELF-Box-Digital-12000-Puffs-Disposable.jpg",808,808,false],"2048x2048":["https:\/\/rmvapesale.com\/wp-content\/uploads\/2024\/10\/ELF-Box-Digital-12000-Puffs-Disposable.jpg",808,808,false],"trp-custom-language-flag":["https:\/\/rmvapesale.com\/wp-content\/uploads\/2024\/10\/ELF-Box-Digital-12000-Puffs-Disposable.jpg",12,12,false],"woocommerce_thumbnail":["https:\/\/rmvapesale.com\/wp-content\/uploads\/2024\/10\/ELF-Box-Digital-12000-Puffs-Disposable-300x300.jpg",300,300,true],"woocommerce_single":["https:\/\/rmvapesale.com\/wp-content\/uploads\/2024\/10\/ELF-Box-Digital-12000-Puffs-Disposable-600x600.jpg",600,600,true],"woocommerce_gallery_thumbnail":["https:\/\/rmvapesale.com\/wp-content\/uploads\/2024\/10\/ELF-Box-Digital-12000-Puffs-Disposable-100x100.jpg",100,100,true],"wcpr-photo-reviews":["https:\/\/rmvapesale.com\/wp-content\/uploads\/2024\/10\/ELF-Box-Digital-12000-Puffs-Disposable.jpg",500,500,false]},"uagb_author_info":{"display_name":"AMY","author_link":"https:\/\/rmvapesale.com\/da\/author\/"},"uagb_comment_info":0,"uagb_excerpt":"ELF Box Digital 12000 Puffs 0% 2% 3% 5% Low Nicotine ELF BOX Digital Box 12000 Puffs Disposable E Cigarettes ELF Box Digital 12000 Puffs Disposable Vape Wholesale WhatsApp: +86 17776015835 &nbsp;","_links":{"self":[{"href":"https:\/\/rmvapesale.com\/da\/wp-json\/wp\/v2\/product\/2320","targetHints":{"allow":["GET"]}}],"collection":[{"href":"https:\/\/rmvapesale.com\/da\/wp-json\/wp\/v2\/product"}],"about":[{"href":"https:\/\/rmvapesale.com\/da\/wp-json\/wp\/v2\/types\/product"}],"replies":[{"embeddable":true,"href":"https:\/\/rmvapesale.com\/da\/wp-json\/wp\/v2\/comments?post=2320"}],"wp:featuredmedia":[{"embeddable":true,"href":"https:\/\/rmvapesale.com\/da\/wp-json\/wp\/v2\/media\/2325"}],"wp:attachment":[{"href":"https:\/\/rmvapesale.com\/da\/wp-json\/wp\/v2\/media?parent=2320"}],"wp:term":[{"taxonomy":"product_brand","embeddable":true,"href":"https:\/\/rmvapesale.com\/da\/wp-json\/wp\/v2\/product_brand?post=2320"},{"taxonomy":"product_cat","embeddable":true,"href":"https:\/\/rmvapesale.com\/da\/wp-json\/wp\/v2\/product_cat?post=2320"},{"taxonomy":"product_tag","embeddable":true,"href":"https:\/\/rmvapesale.com\/da\/wp-json\/wp\/v2\/product_tag?post=2320"}],"curies":[{"name":"wp","href":"https:\/\/api.w.org\/{rel}","templated":true}]}}