{"id":2329,"date":"2024-10-10T09:22:12","date_gmt":"2024-10-10T09:22:12","guid":{"rendered":"https:\/\/rmvapesale.com\/?post_type=product&#038;p=2329"},"modified":"2024-10-22T07:41:39","modified_gmt":"2024-10-22T07:41:39","slug":"bang-box-30000-puff-double-taste-smart-screen-disposable-vape","status":"publish","type":"product","link":"https:\/\/rmvapesale.com\/da\/product\/bang-box-30000-puff-double-taste-smart-screen-disposable-vape\/","title":{"rendered":"Bang Box 30000 sug Dobbelt smag Smart sk\u00e6rm engangs-vape"},"content":{"rendered":"<div class=\"B2VR9 CJHX3e\">\n<div class=\"wyccme\">\n<h1 class=\"LC20lb MBeuO DKV0Md\">Bang Box 30000 Pust Dobbelt Smag Smart Sk\u00e6rm Engangs Vape Engros<\/h1>\n<div class=\"flex-shrink-0 flex flex-col relative items-end\">\n<div>\n<div class=\"pt-0\">\n<div class=\"gizmo-bot-avatar flex h-8 w-8 items-center justify-center overflow-hidden rounded-full\">\n<div class=\"relative p-1 rounded-sm flex items-center justify-center bg-token-main-surface-primary text-token-text-primary h-8 w-8\">\n<p>Leder du efter den ultimative vape med massiv kapacitet? S\u00e5 er <strong>Bang Box 30000 sug Dobbelt smag Smart sk\u00e6rm engangs-vape<\/strong> den rette for dig! Med imponerende 30.000 pust sikrer denne enhed, at du damper i dagevis \u2013 bogstaveligt talt.<\/p>\n<p>Pakket med <strong>36 ml e-v\u00e6ske<\/strong> og drevet af et <strong>550mAh genopladeligt batteri<\/strong>, er Bang Box designet til langvarig ydeevne. Den har en <strong>mesh-spole<\/strong>, der sikrer en j\u00e6vn og rig smag med hvert pust. Det <strong>digitale LCD-display<\/strong> holder dig opdateret ved at vise batterilevetid og e-v\u00e6skeniveauer med et enkelt blik, s\u00e5 du undg\u00e5r overraskelser!<\/p>\n<p>Med <strong>nikotinfri<\/strong> muligheder som 0%, <strong>lav nikotin <\/strong>muligheder som 2%, og andre nikotinstyrker som 3% og 5%, kan du v\u00e6lge den styrke, der passer til din stil. Og lad os ikke glemme den sp\u00e6ndende <strong>Dobbelt Smag-funktion<\/strong>\u2014 som tilbyder dobbelt s\u00e5 meget smag i \u00e9n enhed for en uovertruffen oplevelse!<\/p>\n<p>Oplad den nemt med <strong>Type-C<\/strong> -porten, og du er klar til at forts\u00e6tte. Den <strong>Bang Box 30000 Puff<\/strong> er perfekt til engrosk\u00f8bere, der \u00f8nsker at tilbyde kunderne noget, der er b\u00e5de kraftfuldt og fyldt med smag.<\/p>\n<p>Fyld lageret op nu og nyd fordelene ved <strong>Bang Box 30000 Pust Dobbelt Smag Smart Sk\u00e6rm Engangs Vape Engros<\/strong>!<\/p>\n<p>&nbsp;<\/p>\n<\/div>\n<\/div>\n<\/div>\n<\/div>\n<\/div>\n<\/div>\n<\/div>\n<p><strong>Kontakt Amy for at f\u00e5 det rigtige svar og flere produktvideoer!<\/strong><\/p>\n<p><img loading=\"lazy\" decoding=\"async\" class=\"size-full wp-image-1978\" src=\"https:\/\/rmvapesale.com\/wp-content\/uploads\/2024\/09\/Disposable-Vape-Wholesale.jpg\" alt=\"Engrospriser p\u00e5 engangsvape\" width=\"229\" height=\"300\" \/><\/p>\n<h3><a href=\"https:\/\/wa.me\/8617776015835\" target=\"_blank\" rel=\"noopener\"><span style=\"color: #ff0000\"><strong>WhatsApp: +86 17776015835<\/strong><\/span><\/a><\/h3>\n<p>&nbsp;<\/p>\n<h2><\/h2>\n<h2><strong>Bang Box 30000 Puff Dobbelt Smag Vape N\u00f8glefunktioner<\/strong><\/h2>\n<p>&nbsp;<\/p>\n<ul>\n<li><strong>H\u00f8jt antal pust<\/strong>: Nyd op til 30.000 sug, hvilket g\u00f8r den perfekt til daglig dampning uden konstante udskiftninger.<\/li>\n<li><strong>Stor E-v\u00e6ske Kapacitet<\/strong>: Med en 35 ml tank minimerer denne vape behovet for hyppige genopfyldninger og tilbyder udvidet brug.<\/li>\n<li><strong>Genopladeligt batteri<\/strong>: Udstyret med et 850mAh batteri, sikrer det langvarig ydeevne og nem genopladning.<\/li>\n<li><strong>Type-C Opladning<\/strong>: Genoplad hurtigt og bekvemt ved hj\u00e6lp af det moderne Type-C-stik.<\/li>\n<li><strong>Dual Mesh Coil-teknologi<\/strong>: Oplev forbedret smag og rig damp produktion for en mere tilfredsstillende damp.<\/li>\n<li><strong>Smart Display<\/strong>: Hold dig opdateret med en digital smartsk\u00e6rm, der viser din batterilevetid og e-v\u00e6ske niveauer.<\/li>\n<li><strong>Justerbar luftstr\u00f8m<\/strong>: Finjuster dit sug med dobbelt honeycomb luftstr\u00f8mskontrol for en skr\u00e6ddersyet damp oplevelse.<\/li>\n<li><strong>: Avanceret coil-teknologi forbedrer smagsleveringen og skaber glatte, t\u00e6tte skyer, perfekt til smagsentusiaster.<\/strong>: F\u00e5s i 0%, 2%, 3% og 5% nikotinniveauer, der passer til forskellige pr\u00e6ferencer.<\/li>\n<\/ul>\n<h2><\/h2>\n<h2><strong>Top smag for Bang Box 30000 Puff E-cigaretter\u00a0<\/strong><\/h2>\n<p>Bang Box 30000 Puff Dobbelt Smag Smart Screen Disposable Vape tilbyder 12 l\u00e6kre smagsvarianter, v\u00e6lg mellem en r\u00e6kke smagsvarianter, inklusive den klassiske forfriskende k\u00f8lige mynte og den eksotiske s\u00f8dme af drue, der hver is\u00e6r lover en rig, tilfredsstillende rejse med hvert sug.<\/p>\n<p>1.Jordb\u00e6r Kiwi<br \/>\n2.Sort Brast <span style=\"color: #ff0000\"><strong>&gt;&gt;&gt;&gt; Popul\u00e6r!<\/strong><\/span><br \/>\n3. Jordb\u00e6r Vandmelon<br \/>\n4.Junglejuice<br \/>\n5.Bl\u00e5b\u00e6r Sour Hindb\u00e6r Is <span style=\"color: #ff0000\"><strong>&gt;&gt;&gt;&gt; Popul\u00e6r!<\/strong><\/span><br \/>\n6. Vandmelon Is<br \/>\n7.Bl\u00e5b\u00e6r Is<br \/>\n8.Bl\u00e5b\u00e6r Granat\u00e6ble<br \/>\n9.Bl\u00e5b\u00e6r Burst <span style=\"color: #ff0000\"><strong>&gt;&gt;&gt;&gt; Bedst!<\/strong><\/span><br \/>\n10.\u00c6ble Fersken<br \/>\n11.Passionsfrugt<br \/>\n12.Dobbelt Drue<\/p>\n<figure id=\"attachment_2316\" aria-describedby=\"caption-attachment-2316\" style=\"width: 487px\" class=\"wp-caption alignnone\"><img loading=\"lazy\" decoding=\"async\" class=\"wp-image-2316 size-full\" src=\"https:\/\/rmvapesale.com\/wp-content\/uploads\/2024\/10\/Bang-Box-30k-Puffs-Factory-Price-New-Vape-This-Week.jpg\" alt=\"Bang Box 30k Puffs Fabrikspris Ny Vape Denne Uge\" width=\"487\" height=\"800\" srcset=\"https:\/\/rmvapesale.com\/wp-content\/uploads\/2024\/10\/Bang-Box-30k-Puffs-Factory-Price-New-Vape-This-Week.jpg 487w, https:\/\/rmvapesale.com\/wp-content\/uploads\/2024\/10\/Bang-Box-30k-Puffs-Factory-Price-New-Vape-This-Week-183x300.jpg 183w\" sizes=\"auto, (max-width: 487px) 100vw, 487px\" \/><figcaption id=\"caption-attachment-2316\" class=\"wp-caption-text\">Bang Box 30k Puffs Fabrikspris Ny Vape Denne Uge<\/figcaption><\/figure>\n<h3>Hvorfor V\u00e6lge Rmvapesale til Dit Massek\u00f8b Bang Box 30000 Puffs?<\/h3>\n<div class=\"flex-shrink-0 flex flex-col relative items-end\">\n<div>\n<div class=\"pt-0\">\n<div class=\"gizmo-bot-avatar flex h-8 w-8 items-center justify-center overflow-hidden rounded-full\">\n<div class=\"relative p-1 rounded-sm flex items-center justify-center bg-token-main-surface-primary text-token-text-primary h-8 w-8\">\n<p>&nbsp;<\/p>\n<p>N\u00e5r du v\u00e6lger Rmvapesale til dine engrosbehov for engangsvapes, f\u00e5r du gavn af:<\/p>\n<ul>\n<li><strong>Konkurrencedygtig pris<\/strong>: F\u00e5 adgang til attraktive engrospriser, der \u00f8ger din forretningsmargin.<\/li>\n<li><strong>H\u00f8j kvalitet<\/strong>: Vores vapes er fremstillet efter de h\u00f8jeste standarder, og <span style=\"color: #ff0000\"><strong>garanteret 100% originale og autentiske, eller 10 gange kompensation gives for falske varer!<\/strong><\/span><\/li>\n<li><strong>Fremragende kundeservice<\/strong>: Vores dedikerede team er altid klar til at hj\u00e6lpe dig, hvilket g\u00f8r din k\u00f8bsproces glat og problemfri.<\/li>\n<li><strong>Hurtig<\/strong>: Forvent hurtig og p\u00e5lidelig forsendelse, der sikrer, at dine ordrer ankommer til tiden, hver gang.<\/li>\n<\/ul>\n<h3><\/h3>\n<h3><b>OFTE STILLEDE SP\u00d8RGSM\u00c5L<\/b><\/h3>\n<p>&nbsp;<\/p>\n<\/div>\n<\/div>\n<\/div>\n<\/div>\n<\/div>\n<div class=\"group\/conversation-turn relative flex w-full min-w-0 flex-col agent-turn\">\n<div class=\"flex-col gap-1 md:gap-3\">\n<div class=\"flex max-w-full flex-col flex-grow\">\n<div class=\"min-h-8 text-message flex w-full flex-col items-end gap-2 whitespace-normal break-words [.text-message+&amp;]:mt-5\" dir=\"auto\" data-message-author-role=\"assistant\" data-message-id=\"f226d3fc-81f3-46d5-8c46-31787fff0357\">\n<div class=\"flex w-full flex-col gap-1 empty:hidden first:pt-[3px]\">\n<div class=\"markdown prose w-full break-words dark:prose-invert light\">\n<p><strong>Q1: Hvad g\u00f8r Bang Box 30000 Puff Dobbelt Smag Engangs Vape speciel?<\/strong><br \/>\nA1: Den <strong>Bang Box 30000 Puff Dobbelt Smag Engangs Vapes<\/strong> tilbyder op til 30.000 sug og har <strong>dobbelt smagsteknologi<\/strong>, som giver dig mulighed for at skifte mellem to smage i \u00e9n enhed. Den er ogs\u00e5 udstyret med et smart LED-display, der viser b\u00e5de batteri- og e-v\u00e6skeniveauer, hvilket giver en bekvem og forbedret dampoplevelse.<\/p>\n<p><strong>Q2: Hvilke smage er tilg\u00e6ngelige for Bang Box 30000 Puff Dobbelt Smag Engangs Vapes?<\/strong><br \/>\nA2: Der er 12 l\u00e6kre smage at v\u00e6lge imellem, inklusive <strong>Jordb\u00e6r Kiwi<\/strong>, <strong>Sort Eksplosion<\/strong>, <strong>Vandmelon Is<\/strong>, <strong>Bl\u00e5b\u00e6r Granat\u00e6ble<\/strong>, og <strong>Dobbelt Drue<\/strong>. Uanset om du foretr\u00e6kker frugtagtige eller iskolde smage, er der noget for enhver smag!<\/p>\n<p><strong>Q3: Hvordan fungerer det smarte display p\u00e5 Bang Box 30000 Puff Dobbelt Smag Smart Vapes?<\/strong><br \/>\nA3: Displayet <strong>LED-sk\u00e6rm<\/strong> viser vigtige detaljer som batterilevetid og e-v\u00e6skeniveauer, hvilket g\u00f8r det nemt at holde styr p\u00e5 din enheds status.<\/p>\n<p><strong>Q4: Hvor stor er e-v\u00e6skekapaciteten for Bang 30000 Puff Dobbelt Smag Engangs Vapes?<\/strong><br \/>\nA4: Denne vape har en gener\u00f8s <strong>35 ml e-v\u00e6skekapacitet<\/strong>, som sikrer langvarig brug uden behov for hyppige genopfyldninger.<\/p>\n<p><strong>Q5: Hvilke nikotinmuligheder er der for Bang Box 30000 Puff Dobbelt Smag Smart Vapes?<\/strong><br \/>\nA5: Du kan v\u00e6lge mellem <strong>0%, 2%, 3% og 5% nikotinstyrker<\/strong>, hvilket giver dig fleksibilitet afh\u00e6ngigt af din pr\u00e6ference.<\/p>\n<p><strong>Q6: Er Bang Box 30000 Puff Double Taste Smart Vape genopladelig?<\/strong><br \/>\nA6: Ja, enheden er udstyret med en <strong>Type-C ladeport<\/strong> og et <strong>850mAh batteri<\/strong>, hvilket g\u00f8r den hurtig og nem at genoplade.<\/p>\n<p><strong>Q7: Kan jeg k\u00f8be Bang 30000 Puff Double Taste Smart Vape i l\u00f8s v\u00e6gt?<\/strong><br \/>\nA7: Ja, <strong>Bang 30000 Puff Double Taste Smart Vape Engros<\/strong> muligheder er tilg\u00e6ngelige for forhandlere, der \u00f8nsker at fylde op med denne popul\u00e6re enhed.<\/p>\n<\/div>\n<\/div>\n<\/div>\n<\/div>\n<\/div>\n<\/div>\n<p>&nbsp;<\/p>\n<h3><\/h3>\n<h3>Om forsendelse<\/h3>\n<div class=\"flex-shrink-0 flex flex-col relative items-end\">\n<div>\n<div class=\"pt-0\">\n<div class=\"gizmo-bot-avatar flex h-8 w-8 items-center justify-center overflow-hidden rounded-full\">\n<div><\/div>\n<div class=\"relative p-1 rounded-sm flex items-center justify-center bg-token-main-surface-primary text-token-text-primary h-8 w-8\"><strong>1. Hvilke forsendelsesmetoder bruges?<\/strong><\/div>\n<\/div>\n<\/div>\n<\/div>\n<\/div>\n<div class=\"group\/conversation-turn relative flex w-full min-w-0 flex-col agent-turn\">\n<div class=\"flex-col gap-1 md:gap-3\">\n<div class=\"flex max-w-full flex-col flex-grow\">\n<div class=\"min-h-[20px] text-message flex w-full flex-col items-end gap-2 whitespace-normal break-words [.text-message+&amp;]:mt-5 overflow-x-auto\" dir=\"auto\" data-message-author-role=\"assistant\" data-message-id=\"22f8283b-3233-46ff-89a5-c7a41b33abda\">\n<div class=\"flex w-full flex-col gap-1 empty:hidden first:pt-[3px]\">\n<div class=\"markdown prose w-full break-words dark:prose-invert light\">\n<p>Vi samarbejder med UPS, DHL, FedEx, DPD og andre f\u00f8rende transport\u00f8rer. Vi vil v\u00e6lge den bedste forsendelsesmetode baseret p\u00e5 din leveringsplacering for at sikre, at du modtager dine produkter s\u00e5 hurtigt som muligt.<\/p>\n<\/div>\n<p><strong>2. Hvor lang tid tager det at ankomme?<\/strong><\/p>\n<p>Pakker sendt til Danmark ankommer normalt inden for 10 arbejdsdage. Forsendelse til europ\u00e6iske lande tager generelt omkring 12-15 arbejdsdage. Vi vil give opdateringer i realtid om din forsendelsesstatus.<\/p>\n<\/div>\n<\/div>\n<\/div>\n<\/div>\n<\/div>\n<p>&nbsp;<\/p>\n<p>Andre hot-sale vapes du m\u00e5ske kan lide:<\/p>\n<p><a href=\"https:\/\/rmvapesale.com\/da\/product\/aivono-aim-magic-20000-20k-puffs-disposable-vape-pod\/\"><strong>Aivono Aim Magic 20000 Pust\u00a0 \u00a0<span style=\"color: #ff0000\">&gt;&gt;&gt;&gt; go!<\/span><\/strong><\/a><\/p>\n<p><strong><a href=\"https:\/\/rmvapesale.com\/da\/product\/waspe-fihp-30000-puffs-led-display-disposable-vape-box\/\">WASPE FIHP 30000 Pust <span style=\"color: #ff0000\">&gt;&gt;&gt;&gt; go!<\/span><\/a>\u00a0<\/strong><\/p>\n<p><a href=\"https:\/\/rmvapesale.com\/da\/product\/bang-box-30000-puff-smart-screen-disposable-vape-wholesale\/\"><strong>Bang Box 30000 sug smart-sk\u00e6rm sug <span style=\"color: #ff0000\">&gt;&gt;&gt;&gt; go!<\/span><\/strong><\/a><\/p>\n<p>&nbsp;<\/p>\n<p>&nbsp;<\/p>\n<p>Find flere Vape-produkter, du m\u00e5ske kan lide:<strong><em><a href=\"https:\/\/rmvapesale.com\/da\/shop-2\/\">k\u00f8b nu &gt;&gt;&gt;<\/a><\/em><\/strong><\/p>","protected":false},"excerpt":{"rendered":"<p>Bang Box 30000 Pust Smart Sk\u00e6rm Engangs E-cigaretter<br \/>\nBang Vape Box 30000 Pust Dobbelt Smag Engangs Vape Engros<br \/>\nBang Box 30000 Pust 0% 2% 3% 5% Nikotinfri Engangs Vape<\/p>\n<p><img loading=\"lazy\" decoding=\"async\" class=\"size-full wp-image-1978\" src=\"https:\/\/rmvapesale.com\/wp-content\/uploads\/2024\/09\/Disposable-Vape-Wholesale.jpg\" alt=\"Engrospriser p\u00e5 engangsvape\" width=\"229\" height=\"300\" \/><\/p>\n<h3><a href=\"https:\/\/wa.me\/8617776015835\"><span style=\"color: #ff0000\"><strong>WhatsApp: +86 17776015835<\/strong><\/span><\/a><\/h3>\n<p>&nbsp;<\/p>","protected":false},"featured_media":2315,"comment_status":"open","ping_status":"closed","template":"","meta":{"_uag_custom_page_level_css":"","_lmt_disableupdate":"no","_lmt_disable":"","site-sidebar-layout":"default","site-content-layout":"content-boxed-container","ast-site-content-layout":"normal-width-container","site-content-style":"boxed","site-sidebar-style":"unboxed","ast-global-header-display":"","ast-banner-title-visibility":"","ast-main-header-display":"","ast-hfb-above-header-display":"","ast-hfb-below-header-display":"","ast-hfb-mobile-header-display":"","site-post-title":"","ast-breadcrumbs-content":"","ast-featured-img":"","footer-sml-layout":"","theme-transparent-header-meta":"default","adv-header-id-meta":"","stick-header-meta":"","header-above-stick-meta":"","header-main-stick-meta":"","header-below-stick-meta":"","astra-migrate-meta-layouts":"set","ast-page-background-enabled":"default","ast-page-background-meta":{"desktop":{"background-color":"var(--ast-global-color-4)","background-image":"","background-repeat":"repeat","background-position":"center center","background-size":"auto","background-attachment":"scroll","background-type":"","background-media":"","overlay-type":"","overlay-color":"","overlay-opacity":"","overlay-gradient":""},"tablet":{"background-color":"","background-image":"","background-repeat":"repeat","background-position":"center center","background-size":"auto","background-attachment":"scroll","background-type":"","background-media":"","overlay-type":"","overlay-color":"","overlay-opacity":"","overlay-gradient":""},"mobile":{"background-color":"","background-image":"","background-repeat":"repeat","background-position":"center center","background-size":"auto","background-attachment":"scroll","background-type":"","background-media":"","overlay-type":"","overlay-color":"","overlay-opacity":"","overlay-gradient":""}},"ast-content-background-meta":{"desktop":{"background-color":"var(--ast-global-color-5)","background-image":"","background-repeat":"repeat","background-position":"center center","background-size":"auto","background-attachment":"scroll","background-type":"","background-media":"","overlay-type":"","overlay-color":"","overlay-opacity":"","overlay-gradient":""},"tablet":{"background-color":"var(--ast-global-color-5)","background-image":"","background-repeat":"repeat","background-position":"center center","background-size":"auto","background-attachment":"scroll","background-type":"","background-media":"","overlay-type":"","overlay-color":"","overlay-opacity":"","overlay-gradient":""},"mobile":{"background-color":"var(--ast-global-color-5)","background-image":"","background-repeat":"repeat","background-position":"center center","background-size":"auto","background-attachment":"scroll","background-type":"","background-media":"","overlay-type":"","overlay-color":"","overlay-opacity":"","overlay-gradient":""}},"_joinchat":[]},"product_brand":[],"product_cat":[15,25,123,26,28,135,27,60,137,136,30],"product_tag":[63,66,125,126,101,105,127,120],"class_list":{"0":"post-2329","1":"product","2":"type-product","3":"status-publish","4":"has-post-thumbnail","6":"product_cat-new-vape-this-week","7":"product_cat-germany-best-selling-vape","8":"product_cat-italy-wholesale-vape","9":"product_cat-netherlands-hot-sale-vape","10":"product_cat-poland-hot-sale-vape","11":"product_cat-spain-best-hot-sale-vape","12":"product_cat-fance-hot-sale-vape","13":"product_cat-bang-vapes","14":"product_cat-rechargeable-vapes","15":"product_cat-smart-screen-vapes","16":"product_cat-minimum-order-quantity-50pcs","17":"product_tag-bang-vapes","18":"product_tag-disposable-vape","19":"product_tag-disposable-vape-italy","20":"product_tag-e-cigarettes","21":"product_tag-led-display-vape","22":"product_tag-nicotine-free-disposable-vape","23":"product_tag-puff-30k","24":"product_tag-vape-wholesale","25":"desktop-align-left","26":"tablet-align-left","27":"mobile-align-left","29":"first","30":"instock","31":"sale","32":"shipping-taxable","33":"purchasable","34":"product-type-simple"},"uagb_featured_image_src":{"full":["https:\/\/rmvapesale.com\/wp-content\/uploads\/2024\/10\/Bang-Box-30k-Puffs-Discount-Price-Fashion-Vape.jpg",800,800,false],"thumbnail":["https:\/\/rmvapesale.com\/wp-content\/uploads\/2024\/10\/Bang-Box-30k-Puffs-Discount-Price-Fashion-Vape-150x150.jpg",150,150,true],"medium":["https:\/\/rmvapesale.com\/wp-content\/uploads\/2024\/10\/Bang-Box-30k-Puffs-Discount-Price-Fashion-Vape-300x300.jpg",300,300,true],"medium_large":["https:\/\/rmvapesale.com\/wp-content\/uploads\/2024\/10\/Bang-Box-30k-Puffs-Discount-Price-Fashion-Vape-768x768.jpg",768,768,true],"large":["https:\/\/rmvapesale.com\/wp-content\/uploads\/2024\/10\/Bang-Box-30k-Puffs-Discount-Price-Fashion-Vape.jpg",800,800,false],"1536x1536":["https:\/\/rmvapesale.com\/wp-content\/uploads\/2024\/10\/Bang-Box-30k-Puffs-Discount-Price-Fashion-Vape.jpg",800,800,false],"2048x2048":["https:\/\/rmvapesale.com\/wp-content\/uploads\/2024\/10\/Bang-Box-30k-Puffs-Discount-Price-Fashion-Vape.jpg",800,800,false],"trp-custom-language-flag":["https:\/\/rmvapesale.com\/wp-content\/uploads\/2024\/10\/Bang-Box-30k-Puffs-Discount-Price-Fashion-Vape.jpg",12,12,false],"woocommerce_thumbnail":["https:\/\/rmvapesale.com\/wp-content\/uploads\/2024\/10\/Bang-Box-30k-Puffs-Discount-Price-Fashion-Vape-300x300.jpg",300,300,true],"woocommerce_single":["https:\/\/rmvapesale.com\/wp-content\/uploads\/2024\/10\/Bang-Box-30k-Puffs-Discount-Price-Fashion-Vape-600x600.jpg",600,600,true],"woocommerce_gallery_thumbnail":["https:\/\/rmvapesale.com\/wp-content\/uploads\/2024\/10\/Bang-Box-30k-Puffs-Discount-Price-Fashion-Vape-100x100.jpg",100,100,true],"wcpr-photo-reviews":["https:\/\/rmvapesale.com\/wp-content\/uploads\/2024\/10\/Bang-Box-30k-Puffs-Discount-Price-Fashion-Vape.jpg",500,500,false]},"uagb_author_info":{"display_name":"AMY","author_link":"https:\/\/rmvapesale.com\/da\/author\/"},"uagb_comment_info":0,"uagb_excerpt":"Bang Box 30000 Puffs Smart Screen Disposable E Cigarettes Bang Vape Box 30000 Puffs Duble Taste Disposable Vape Wholesale Bang Box 30000 Puffs 0% 2% 3% 5% Free Nicotine Disposable Vape WhatsApp: +86 17776015835 &nbsp;","_links":{"self":[{"href":"https:\/\/rmvapesale.com\/da\/wp-json\/wp\/v2\/product\/2329","targetHints":{"allow":["GET"]}}],"collection":[{"href":"https:\/\/rmvapesale.com\/da\/wp-json\/wp\/v2\/product"}],"about":[{"href":"https:\/\/rmvapesale.com\/da\/wp-json\/wp\/v2\/types\/product"}],"replies":[{"embeddable":true,"href":"https:\/\/rmvapesale.com\/da\/wp-json\/wp\/v2\/comments?post=2329"}],"wp:featuredmedia":[{"embeddable":true,"href":"https:\/\/rmvapesale.com\/da\/wp-json\/wp\/v2\/media\/2315"}],"wp:attachment":[{"href":"https:\/\/rmvapesale.com\/da\/wp-json\/wp\/v2\/media?parent=2329"}],"wp:term":[{"taxonomy":"product_brand","embeddable":true,"href":"https:\/\/rmvapesale.com\/da\/wp-json\/wp\/v2\/product_brand?post=2329"},{"taxonomy":"product_cat","embeddable":true,"href":"https:\/\/rmvapesale.com\/da\/wp-json\/wp\/v2\/product_cat?post=2329"},{"taxonomy":"product_tag","embeddable":true,"href":"https:\/\/rmvapesale.com\/da\/wp-json\/wp\/v2\/product_tag?post=2329"}],"curies":[{"name":"wp","href":"https:\/\/api.w.org\/{rel}","templated":true}]}}