{"id":2433,"date":"2024-10-16T09:15:53","date_gmt":"2024-10-16T09:15:53","guid":{"rendered":"https:\/\/rmvapesale.com\/?post_type=product&#038;p=2433"},"modified":"2024-10-16T09:57:47","modified_gmt":"2024-10-16T09:57:47","slug":"aivono-aim-freak-13000-puffs-disposable-vape-cheap-price","status":"publish","type":"product","link":"https:\/\/rmvapesale.com\/da\/product\/aivono-aim-freak-13000-puffs-disposable-vape-cheap-price\/","title":{"rendered":"AIVONO Aim Freak 13000 Puffs Engangs vape Billig pris"},"content":{"rendered":"<div class=\"B2VR9 CJHX3e\">\n<div class=\"wyccme\">\n<h1 class=\"LC20lb MBeuO DKV0Md\">AIVONO Aim Freak 13000 Puffs Engangs vape Billig pris<\/h1>\n<div class=\"flex-shrink-0 flex flex-col relative items-end\">\n<div class=\"pt-0\">\n<div class=\"gizmo-bot-avatar flex h-8 w-8 items-center justify-center overflow-hidden rounded-full\">\n<div class=\"relative p-1 rounded-sm flex items-center justify-center bg-token-main-surface-primary text-token-text-primary h-8 w-8\">\n<p>The AIVONO Aim Freak 13000 Puffs Disposable Vape is a hot sale vape pen designed for both casual users and wholesale. This rechargeable disposable vape boasts an impressive capacity of 20ml of e-liquid, allowing for up to 13,000 puffs per device.<\/p>\n<p>The device is powered by a robust 500mAh rechargeable battery, featuring a Type-C charging port for quick recharging. Its advanced 1.0\u03a9 mesh coil ensures smooth vapor production and enhances flavor delivery, making each puff satisfying.<\/p>\n<p>One of the standout features of the AIVONO Aim Freak is its digital display screen, which provides real-time updates on battery life and e-liquid levels. It is available in various nicotine strengths, including 0%, 2%, 3%, and 5%, catering to a wide range of preferences<\/p>\n<\/div>\n<\/div>\n<\/div>\n<\/div>\n<\/div>\n<\/div>\n<p><strong>Kontakt Amy for at f\u00e5 det rigtige svar og flere produktvideoer!<\/strong><\/p>\n<p><img loading=\"lazy\" decoding=\"async\" class=\"size-full wp-image-1978\" src=\"https:\/\/rmvapesale.com\/wp-content\/uploads\/2024\/09\/Disposable-Vape-Wholesale.jpg\" alt=\"Engrospriser p\u00e5 engangsvape\" width=\"229\" height=\"300\" \/><\/p>\n<h3><a href=\"https:\/\/wa.me\/8617776015835\" target=\"_blank\" rel=\"noopener\"><span style=\"color: #ff0000\"><strong>WhatsApp: +86 17776015835<\/strong><\/span><\/a><\/h3>\n<p>&nbsp;<\/p>\n<h2><\/h2>\n<h2><strong>AIVONO Disposable Vape 13000 Puffs Key Features<\/strong><\/h2>\n<p>Pust: 13000 pust<br \/>\nNikotin: 0\/2\/3\/5%<br \/>\n23 ml E-v\u00e6ske.<br \/>\nMesh Coil<br \/>\nGenopladeligt batteri<br \/>\nRGB LED-farver<br \/>\nIntegreret 650mAh batteri.<br \/>\n16 smagsvarianter tilg\u00e6ngelige.<\/p>\n<h2><\/h2>\n<h2><strong>Top smag for <\/strong><strong>AIVONO 13000 Disposable<\/strong><\/h2>\n<p>With a diverse selection of flavors such as Blue Razz Ice, Strawberry Kiwi, and Watermelon Ice, the AIVONO Aim Freak offers a unique and enjoyable vaping experience.<\/p>\n<p>1.Blue Razz Ice<br \/>\n2.Strawberry Ice<br \/>\n3.Vandmelon Is<span style=\"color: #ff0000\"><strong>&gt;&gt;&gt;&gt; Popul\u00e6r!<\/strong><\/span><br \/>\n4.Peach Juice<br \/>\n5. Jordb\u00e6r Kiwi<br \/>\n6. Vandmelon Bubble Gum<span style=\"color: #ff0000\"><strong>&gt;&gt;&gt;&gt; Popul\u00e6r!<\/strong><\/span><br \/>\n7.Pineapple Coconut Ice<br \/>\n8.Pink Lemonade<span style=\"color: #ff0000\"><strong>&gt;&gt;&gt;&gt; Bedst!<\/strong><\/span><br \/>\ncURL Too many subrequests.<br \/>\ncURL Too many subrequests.<\/p>\n<figure id=\"attachment_2427\" aria-describedby=\"caption-attachment-2427\" style=\"width: 808px\" class=\"wp-caption alignnone\"><img loading=\"lazy\" decoding=\"async\" class=\"wp-image-2427 size-full\" src=\"https:\/\/rmvapesale.com\/wp-content\/uploads\/2024\/10\/AIVONO-AIM-Vape-13000-Puffs-Disposable.png\" alt=\"cURL Too many subrequests.\" width=\"808\" height=\"656\" srcset=\"https:\/\/rmvapesale.com\/wp-content\/uploads\/2024\/10\/AIVONO-AIM-Vape-13000-Puffs-Disposable.png 808w, https:\/\/rmvapesale.com\/wp-content\/uploads\/2024\/10\/AIVONO-AIM-Vape-13000-Puffs-Disposable-300x244.png 300w, https:\/\/rmvapesale.com\/wp-content\/uploads\/2024\/10\/AIVONO-AIM-Vape-13000-Puffs-Disposable-768x624.png 768w, https:\/\/rmvapesale.com\/wp-content\/uploads\/2024\/10\/AIVONO-AIM-Vape-13000-Puffs-Disposable-600x487.png 600w\" sizes=\"auto, (max-width: 808px) 100vw, 808px\" \/><figcaption id=\"caption-attachment-2427\" class=\"wp-caption-text\">cURL Too many subrequests.<\/figcaption><\/figure>\n<h3><\/h3>\n<h3><strong>Hvorfor v\u00e6lge Rmvapesale til Bang Tornado 13000 Genopladelig Vape<\/strong><strong>?<\/strong><\/h3>\n<div class=\"flex-shrink-0 flex flex-col relative items-end\">\n<div class=\"pt-0\">\n<div class=\"gizmo-bot-avatar flex h-8 w-8 items-center justify-center overflow-hidden rounded-full\">\n<div class=\"relative p-1 rounded-sm flex items-center justify-center bg-token-main-surface-primary text-token-text-primary h-8 w-8\">\n<p>&nbsp;<\/p>\n<p>N\u00e5r du v\u00e6lger Rmvapesale til dine engrosbehov for engangsvapes, f\u00e5r du gavn af:<\/p>\n<ul>\n<li><strong>Konkurrencedygtig pris<\/strong>: F\u00e5 adgang til attraktive engrospriser, der \u00f8ger din forretningsmargin.<\/li>\n<li><strong>H\u00f8j kvalitet<\/strong>: Vores vapes er fremstillet efter de h\u00f8jeste standarder, og <span style=\"color: #ff0000\"><strong>garanteret 100% originale og autentiske, eller 10 gange kompensation gives for falske varer!<\/strong><\/span><\/li>\n<li><strong>Fremragende kundeservice<\/strong>: Vores dedikerede team er altid klar til at hj\u00e6lpe dig, hvilket g\u00f8r din k\u00f8bsproces glat og problemfri.<\/li>\n<li><strong>Hurtig<\/strong>: Forvent hurtig og p\u00e5lidelig forsendelse, der sikrer, at dine ordrer ankommer til tiden, hver gang.<\/li>\n<\/ul>\n<\/div>\n<h3><\/h3>\n<div class=\"relative p-1 rounded-sm flex items-center justify-center bg-token-main-surface-primary text-token-text-primary h-8 w-8\">\n<h3><b>OFTE STILLEDE SP\u00d8RGSM\u00c5L<\/b><\/h3>\n<p>&nbsp;<\/p>\n<\/div>\n<\/div>\n<\/div>\n<\/div>\n<div class=\"group\/conversation-turn relative flex w-full min-w-0 flex-col agent-turn\">\n<div class=\"flex-col gap-1 md:gap-3\">\n<div class=\"flex max-w-full flex-col flex-grow\">\n<div class=\"min-h-8 text-message flex w-full flex-col items-end gap-2 whitespace-normal break-words [.text-message+&amp;]:mt-5\" dir=\"auto\" data-message-author-role=\"assistant\" data-message-id=\"f226d3fc-81f3-46d5-8c46-31787fff0357\">\n<div class=\"flex w-full flex-col gap-1 empty:hidden first:pt-[3px]\">\n<div class=\"markdown prose w-full break-words dark:prose-invert light\">\n<div class=\"group\/conversation-turn relative flex w-full min-w-0 flex-col agent-turn\">\n<div class=\"flex-col gap-1 md:gap-3\">\n<div class=\"flex max-w-full flex-col flex-grow\">\n<div class=\"min-h-8 text-message flex w-full flex-col items-end gap-2 whitespace-normal break-words [.text-message+&amp;]:mt-5\" dir=\"auto\" data-message-author-role=\"assistant\" data-message-id=\"91d2b73b-9149-4888-a964-4b8464e0e6e3\" data-message-model-slug=\"gpt-4o\">\n<div class=\"flex w-full flex-col gap-1 empty:hidden first:pt-[3px]\">\n<div class=\"markdown prose w-full break-words dark:prose-invert light\">\n<p><strong>cURL Too many subrequests.<\/strong><br \/>\ncURL Too many subrequests.<\/p>\n<p><strong>cURL Too many subrequests.<\/strong><br \/>\ncURL Too many subrequests.<\/p>\n<p><strong>cURL Too many subrequests.<\/strong><br \/>\ncURL Too many subrequests.<\/p>\n<p><strong>cURL Too many subrequests.<\/strong><br \/>\ncURL Too many subrequests.<\/p>\n<p><strong>cURL Too many subrequests.<\/strong><br \/>\ncURL Too many subrequests.<\/p>\n<p>&nbsp;<\/p>\n<\/div>\n<\/div>\n<\/div>\n<\/div>\n<\/div>\n<\/div>\n<\/div>\n<\/div>\n<\/div>\n<\/div>\n<\/div>\n<\/div>\n<h3>Om forsendelse<\/h3>\n<div class=\"flex-shrink-0 flex flex-col relative items-end\">\n<div>\n<div class=\"pt-0\">\n<div class=\"gizmo-bot-avatar flex h-8 w-8 items-center justify-center overflow-hidden rounded-full\">\n<div><\/div>\n<div class=\"relative p-1 rounded-sm flex items-center justify-center bg-token-main-surface-primary text-token-text-primary h-8 w-8\"><strong>1. Hvilke forsendelsesmetoder bruges?<\/strong><\/div>\n<\/div>\n<\/div>\n<\/div>\n<\/div>\n<div class=\"group\/conversation-turn relative flex w-full min-w-0 flex-col agent-turn\">\n<div class=\"flex-col gap-1 md:gap-3\">\n<div class=\"flex max-w-full flex-col flex-grow\">\n<div class=\"min-h-[20px] text-message flex w-full flex-col items-end gap-2 whitespace-normal break-words [.text-message+&amp;]:mt-5 overflow-x-auto\" dir=\"auto\" data-message-author-role=\"assistant\" data-message-id=\"22f8283b-3233-46ff-89a5-c7a41b33abda\">\n<div class=\"flex w-full flex-col gap-1 empty:hidden first:pt-[3px]\">\n<div class=\"markdown prose w-full break-words dark:prose-invert light\">\n<p>Vi samarbejder med UPS, DHL, FedEx, DPD og andre f\u00f8rende transport\u00f8rer. Vi vil v\u00e6lge den bedste forsendelsesmetode baseret p\u00e5 din leveringsplacering for at sikre, at du modtager dine produkter s\u00e5 hurtigt som muligt.<\/p>\n<\/div>\n<p><strong>2. Hvor lang tid tager det at ankomme?<\/strong><\/p>\n<p>Pakker sendt til Danmark ankommer normalt inden for 10 arbejdsdage. Forsendelse til europ\u00e6iske lande tager generelt omkring 12-15 arbejdsdage. Vi vil give opdateringer i realtid om din forsendelsesstatus.<\/p>\n<\/div>\n<\/div>\n<\/div>\n<\/div>\n<\/div>\n<p>&nbsp;<\/p>\n<p>Andre hot-sale vapes du m\u00e5ske kan lide:<\/p>\n<p><a href=\"https:\/\/rmvapesale.com\/da\/product\/bang-box-20000-puffs-vape-0-2-5-nicotine\/\"><strong>Bang Box 20000 sug\u00a0 \u00a0<span style=\"color: #ff0000\">&gt;&gt;&gt;&gt; go!<\/span><\/strong><\/a><\/p>\n<p><strong><a href=\"https:\/\/rmvapesale.com\/da\/product\/faivono-bang-maxi-15000-puffs-disposable-vape-bulk-wholesale\/\">AIVONO Aim Bang Maxi 15000 sug <span style=\"color: #ff0000\">&gt;&gt;&gt;&gt; go!<\/span><\/a>\u00a0<\/strong><\/p>\n<p><a href=\"https:\/\/rmvapesale.com\/da\/product\/bang-36000-puffs-full-display-smart-vape-bulk-price\/\"><strong>Bang 36000 genopladelig sug <span style=\"color: #ff0000\">&gt;&gt;&gt;&gt; go!<\/span><\/strong><\/a><\/p>\n<p>&nbsp;<\/p>\n<p>&nbsp;<\/p>\n<p>Find flere Vape-produkter, du m\u00e5ske kan lide:<strong><em><a href=\"https:\/\/rmvapesale.com\/da\/shop-2\/\">k\u00f8b nu &gt;&gt;&gt;<\/a><\/em><\/strong><\/p>","protected":false},"excerpt":{"rendered":"<p>AIVONO 13000 Puffs Disposable Vape E-cigarettes Bulk<br \/>\nWholesale AIVONO AIM 13000 Puff Rechargeable Vapes<br \/>\nAIVONO Disposable Vape 13000 Puffs 0% 2% 3% 5% Nicotine<\/p>\n<p><img loading=\"lazy\" decoding=\"async\" class=\"size-full wp-image-2375\" src=\"https:\/\/rmvapesale.com\/wp-content\/uploads\/2024\/10\/image.png\" alt=\"Bedste Engangs Vape\" width=\"229\" height=\"300\" \/><\/p>\n<h3><a href=\"https:\/\/wa.me\/8617776015835\"><span style=\"color: #ff0000\"><strong>WhatsApp: +86 17776015835<\/strong><\/span><\/a><\/h3>\n<p>&nbsp;<\/p>","protected":false},"featured_media":2429,"comment_status":"open","ping_status":"closed","template":"","meta":{"_uag_custom_page_level_css":"","_lmt_disableupdate":"","_lmt_disable":"","site-sidebar-layout":"default","site-content-layout":"content-boxed-container","ast-site-content-layout":"normal-width-container","site-content-style":"boxed","site-sidebar-style":"unboxed","ast-global-header-display":"","ast-banner-title-visibility":"","ast-main-header-display":"","ast-hfb-above-header-display":"","ast-hfb-below-header-display":"","ast-hfb-mobile-header-display":"","site-post-title":"","ast-breadcrumbs-content":"","ast-featured-img":"","footer-sml-layout":"","ast-disable-related-posts":"","theme-transparent-header-meta":"default","adv-header-id-meta":"","stick-header-meta":"","header-above-stick-meta":"","header-main-stick-meta":"","header-below-stick-meta":"","astra-migrate-meta-layouts":"set","ast-page-background-enabled":"default","ast-page-background-meta":{"desktop":{"background-color":"var(--ast-global-color-4)","background-image":"","background-repeat":"repeat","background-position":"center center","background-size":"auto","background-attachment":"scroll","background-type":"","background-media":"","overlay-type":"","overlay-color":"","overlay-opacity":"","overlay-gradient":""},"tablet":{"background-color":"","background-image":"","background-repeat":"repeat","background-position":"center center","background-size":"auto","background-attachment":"scroll","background-type":"","background-media":"","overlay-type":"","overlay-color":"","overlay-opacity":"","overlay-gradient":""},"mobile":{"background-color":"","background-image":"","background-repeat":"repeat","background-position":"center center","background-size":"auto","background-attachment":"scroll","background-type":"","background-media":"","overlay-type":"","overlay-color":"","overlay-opacity":"","overlay-gradient":""}},"ast-content-background-meta":{"desktop":{"background-color":"var(--ast-global-color-5)","background-image":"","background-repeat":"repeat","background-position":"center center","background-size":"auto","background-attachment":"scroll","background-type":"","background-media":"","overlay-type":"","overlay-color":"","overlay-opacity":"","overlay-gradient":""},"tablet":{"background-color":"var(--ast-global-color-5)","background-image":"","background-repeat":"repeat","background-position":"center center","background-size":"auto","background-attachment":"scroll","background-type":"","background-media":"","overlay-type":"","overlay-color":"","overlay-opacity":"","overlay-gradient":""},"mobile":{"background-color":"var(--ast-global-color-5)","background-image":"","background-repeat":"repeat","background-position":"center center","background-size":"auto","background-attachment":"scroll","background-type":"","background-media":"","overlay-type":"","overlay-color":"","overlay-opacity":"","overlay-gradient":""}},"_joinchat":[]},"product_brand":[],"product_cat":[15,60,27,25,123,30,26,28,137,136,135],"product_tag":[153,146,155,111,132,154],"class_list":{"0":"post-2433","1":"product","2":"type-product","3":"status-publish","4":"has-post-thumbnail","6":"product_cat-new-vape-this-week","7":"product_cat-bang-vapes","8":"product_cat-fance-hot-sale-vape","9":"product_cat-germany-best-selling-vape","10":"product_cat-italy-wholesale-vape","11":"product_cat-minimum-order-quantity-50pcs","12":"product_cat-netherlands-hot-sale-vape","13":"product_cat-poland-hot-sale-vape","14":"product_cat-rechargeable-vapes","15":"product_cat-smart-screen-vapes","16":"product_cat-spain-best-hot-sale-vape","17":"product_tag-aivono-13000","18":"product_tag-best-hot-sale-vape","19":"product_tag-digital-display-box","20":"product_tag-low-nicotine-disposable-vape","21":"product_tag-rechargeable-vape","22":"product_tag-smart-vape","23":"desktop-align-left","24":"tablet-align-left","25":"mobile-align-left","27":"first","28":"instock","29":"sale","30":"shipping-taxable","31":"purchasable","32":"product-type-simple"},"uagb_featured_image_src":{"full":["https:\/\/rmvapesale.com\/wp-content\/uploads\/2024\/10\/AIVONO-Vape-13000-Puffs-Disposable-Price.png",808,808,false],"thumbnail":["https:\/\/rmvapesale.com\/wp-content\/uploads\/2024\/10\/AIVONO-Vape-13000-Puffs-Disposable-Price-150x150.png",150,150,true],"medium":["https:\/\/rmvapesale.com\/wp-content\/uploads\/2024\/10\/AIVONO-Vape-13000-Puffs-Disposable-Price-300x300.png",300,300,true],"medium_large":["https:\/\/rmvapesale.com\/wp-content\/uploads\/2024\/10\/AIVONO-Vape-13000-Puffs-Disposable-Price-768x768.png",768,768,true],"large":["https:\/\/rmvapesale.com\/wp-content\/uploads\/2024\/10\/AIVONO-Vape-13000-Puffs-Disposable-Price.png",808,808,false],"1536x1536":["https:\/\/rmvapesale.com\/wp-content\/uploads\/2024\/10\/AIVONO-Vape-13000-Puffs-Disposable-Price.png",808,808,false],"2048x2048":["https:\/\/rmvapesale.com\/wp-content\/uploads\/2024\/10\/AIVONO-Vape-13000-Puffs-Disposable-Price.png",808,808,false],"trp-custom-language-flag":["https:\/\/rmvapesale.com\/wp-content\/uploads\/2024\/10\/AIVONO-Vape-13000-Puffs-Disposable-Price.png",12,12,false],"woocommerce_thumbnail":["https:\/\/rmvapesale.com\/wp-content\/uploads\/2024\/10\/AIVONO-Vape-13000-Puffs-Disposable-Price-300x300.png",300,300,true],"woocommerce_single":["https:\/\/rmvapesale.com\/wp-content\/uploads\/2024\/10\/AIVONO-Vape-13000-Puffs-Disposable-Price-600x600.png",600,600,true],"woocommerce_gallery_thumbnail":["https:\/\/rmvapesale.com\/wp-content\/uploads\/2024\/10\/AIVONO-Vape-13000-Puffs-Disposable-Price-100x100.png",100,100,true],"wcpr-photo-reviews":["https:\/\/rmvapesale.com\/wp-content\/uploads\/2024\/10\/AIVONO-Vape-13000-Puffs-Disposable-Price.png",500,500,false]},"uagb_author_info":{"display_name":"AMY","author_link":"https:\/\/rmvapesale.com\/da\/author\/"},"uagb_comment_info":0,"uagb_excerpt":"AIVONO 13000 Puffs Disposable Vape E-cigarettes Bulk Wholesale AIVONO AIM 13000 Puff Rechargeable Vapes AIVONO Disposable Vape 13000 Puffs 0% 2% 3% 5% Nicotine WhatsApp: +86 17776015835 &nbsp;","_links":{"self":[{"href":"https:\/\/rmvapesale.com\/da\/wp-json\/wp\/v2\/product\/2433","targetHints":{"allow":["GET"]}}],"collection":[{"href":"https:\/\/rmvapesale.com\/da\/wp-json\/wp\/v2\/product"}],"about":[{"href":"https:\/\/rmvapesale.com\/da\/wp-json\/wp\/v2\/types\/product"}],"replies":[{"embeddable":true,"href":"https:\/\/rmvapesale.com\/da\/wp-json\/wp\/v2\/comments?post=2433"}],"wp:featuredmedia":[{"embeddable":true,"href":"https:\/\/rmvapesale.com\/da\/wp-json\/wp\/v2\/media\/2429"}],"wp:attachment":[{"href":"https:\/\/rmvapesale.com\/da\/wp-json\/wp\/v2\/media?parent=2433"}],"wp:term":[{"taxonomy":"product_brand","embeddable":true,"href":"https:\/\/rmvapesale.com\/da\/wp-json\/wp\/v2\/product_brand?post=2433"},{"taxonomy":"product_cat","embeddable":true,"href":"https:\/\/rmvapesale.com\/da\/wp-json\/wp\/v2\/product_cat?post=2433"},{"taxonomy":"product_tag","embeddable":true,"href":"https:\/\/rmvapesale.com\/da\/wp-json\/wp\/v2\/product_tag?post=2433"}],"curies":[{"name":"wp","href":"https:\/\/api.w.org\/{rel}","templated":true}]}}