{"id":2472,"date":"2024-10-21T03:19:00","date_gmt":"2024-10-21T03:19:00","guid":{"rendered":"https:\/\/rmvapesale.com\/?post_type=product&#038;p=2472"},"modified":"2024-10-21T07:09:46","modified_gmt":"2024-10-21T07:09:46","slug":"fumot-digital-box-12000-disposable-vape-pink-lemonade-flavor","status":"publish","type":"product","link":"https:\/\/rmvapesale.com\/da\/product\/fumot-digital-box-12000-disposable-vape-pink-lemonade-flavor\/","title":{"rendered":"Fumot Digital Box 12000 Engangs Vape Pink Lemonade Smag"},"content":{"rendered":"<div class=\"B2VR9 CJHX3e\">\n<div class=\"wyccme\">\n<h1 class=\"LC20lb MBeuO DKV0Md\">Fumot Digital Box 12000 Engangs Vape Pink Lemonade Smag<\/h1>\n<div class=\"flex-shrink-0 flex flex-col relative items-end\">\n<div class=\"pt-0\">\n<div class=\"gizmo-bot-avatar flex h-8 w-8 items-center justify-center overflow-hidden rounded-full\">\n<div class=\"relative p-1 rounded-sm flex items-center justify-center bg-token-main-surface-primary text-token-text-primary h-8 w-8\">\n<p>Pink Lemonade, en favorit i Fumot Digital Box 12000 Engangs Vape, leverer en uimodst\u00e5elig blanding af syrlig citrus og s\u00f8de b\u00e6rnoter. Denne livlige blanding af citroner og b\u00e6r skaber en forfriskende, livlig smagsprofil, der g\u00f8r hver puff til en forn\u00f8jelig oplevelse. Den naturlige zest af citrusfrugter, suppleret af subtile b\u00e6rundertoner, sikrer en perfekt afbalanceret og harmonisk vape.<\/p>\n<p>Med hver ind\u00e5nding intensiveres den dristige smag, hvilket efterlader en spr\u00f8d, forfriskende eftersmag, der minder om varme sommerdage. Takket v\u00e6re Fumot Vape 12000 puffs\u2019 banebrydende teknologi forbliver smagen konsekvent og rig gennem hele sessionen, hvilket forbedrer vape-oplevelsen for et \u00f8jeblik af ren forn\u00f8jelse.<\/p>\n<p>Fumot Digital Randm 12000 Engangs Vape Pink Lemonade er det ideelle valg for dem, der nyder en frugtig og forfriskende vape. Uanset om du slapper af efter en lang dag eller s\u00f8ger en frisk start p\u00e5 din morgen, tilbyder denne smag den perfekte blanding af frugtighed og friskhed. Det er et fremragende valg for vapere, der \u00f8nsker variation i smagen uden at g\u00e5 p\u00e5 kompromis med intensitet eller tilfredshed.<\/p>\n<p>&nbsp;<\/p>\n<\/div>\n<\/div>\n<\/div>\n<\/div>\n<\/div>\n<\/div>\n<p><strong>Kontakt Amy for at f\u00e5 det rigtige svar og en vape-kupon!<\/strong><\/p>\n<p><img loading=\"lazy\" decoding=\"async\" class=\"size-full wp-image-1978\" src=\"https:\/\/rmvapesale.com\/wp-content\/uploads\/2024\/09\/Disposable-Vape-Wholesale.jpg\" alt=\"Engrospriser p\u00e5 engangsvape\" width=\"229\" height=\"300\" \/><\/p>\n<h3><a href=\"https:\/\/wa.me\/8617776015835\" target=\"_blank\" rel=\"noopener\"><span style=\"color: #ff0000\"><strong>WhatsApp: +86 17776015835<\/strong><\/span><\/a><\/h3>\n<p>&nbsp;<\/p>\n<h2><\/h2>\n<h2><strong>Fumot 12k vape Engangs<\/strong><strong>\u00a0<\/strong><strong>N\u00f8glefunktioner<\/strong><\/h2>\n<p>&nbsp;<\/p>\n<p>M\u00e6rke: TORNADO 25000<br \/>\nSmag: Pink Lemonade<br \/>\nSug: 12000<br \/>\nNikotin: 0\/2\/3\/5%<br \/>\n20 ML E-Juice.<br \/>\nGenopladeligt batteri<br \/>\nIntegreret 850mAh batteri.<br \/>\n40 Smagsvarianter tilg\u00e6ngelige.<br \/>\nDisplay Sk\u00e6rm til E-juice og Batteri<\/p>\n<h2><\/h2>\n<h2><strong>Top smag til RandM Fumot Digital Box 12000 Vape<\/strong><\/h2>\n<p>Med 24 unikke smagsvarianter im\u00f8dekommer RandM Tornado 25000 en bred vifte af pr\u00e6ferencer, hvilket sikrer, at hver bruger kan finde en smag, der passer til deres smag. Enheden er fremstillet af materialer af h\u00f8j kvalitet, hvilket sikrer holdbarhed og en tilfredsstillende dampoplevelse<\/p>\n<p>1. K\u00f8lig Mint<br \/>\n2. Vandmelon Is<br \/>\n3. Drupe Is<br \/>\n4. Bl\u00e5b\u00e6r Hindb\u00e6r <span style=\"color: #ff0000\"><strong>&gt;&gt;&gt;&gt; Popul\u00e6r!<\/strong><\/span><br \/>\n5. Jordb\u00e6r Vandmelon<br \/>\n6. Jordb\u00e6r Banan<br \/>\n7. Lush Ice<br \/>\n8. Kirseb\u00e6r<br \/>\n9. Jordb\u00e6r is<br \/>\n10. Ispind<br \/>\n11. Pink Lemonade <span style=\"color: #ff0000\"><strong>&gt;&gt;&gt;&gt; Bedst!<\/strong><\/span><br \/>\n12. Mango p\u00e5 is<br \/>\n13. Blandede b\u00e6r <span style=\"color: #ff0000\"><strong>&gt;&gt;&gt;&gt; Popul\u00e6r!<\/strong><\/span><br \/>\n14. Jordb\u00e6r donut<br \/>\n15. Jordb\u00e6r drue<br \/>\n16. Kirseb\u00e6r cola<br \/>\n17. Dr Bl\u00e5<br \/>\n18. Bl\u00e5b\u00e6r p\u00e5 is<br \/>\n19. Kiwi passionsfrugt guava<br \/>\n20. Jordb\u00e6r kiwi<br \/>\n21. Fersken mango<br \/>\n22. Fersken is <span style=\"color: #ff0000\"><strong>&gt;&gt;&gt;&gt; Popul\u00e6r!<\/strong><\/span><br \/>\n23. R\u00f8dt \u00e6ble is<br \/>\n24. Bl\u00e5b\u00e6r tyggegummi<br \/>\n25. B\u00e6r lemonade<br \/>\n26. Bl\u00e5 hindb\u00e6r lemonade<br \/>\n27. Bl\u00e5 sur hindb\u00e6r<br \/>\n28. Jordb\u00e6r Red bull<br \/>\n29. \u00c6bleb\u00e6rblast<br \/>\n30. Vandmelon boblegum<br \/>\n31. Hindb\u00e6r vandmelon<br \/>\n32. Sort is<br \/>\n33. Bl\u00e5b\u00e6rkirseb\u00e6r traneb\u00e6r<br \/>\n34. Jordb\u00e6rpomp (granat\u00e6ble)<br \/>\n35. Vimto <span style=\"color: #ff0000\"><strong>&gt;&gt;&gt;&gt; Popul\u00e6r!<\/strong><\/span><br \/>\n36. Kirseb\u00e6rb\u00e6r <span style=\"color: #ff0000\"><strong>&gt;&gt;&gt;&gt; Popul\u00e6r!<\/strong><\/span><br \/>\n37. Citron &amp; Lime<br \/>\n38. Bingo Knus<br \/>\n39. Bl\u00e5b\u00e6r Kiwi<br \/>\n40. \u00c6ble Kanel<\/p>\n<figure id=\"attachment_2481\" aria-describedby=\"caption-attachment-2481\" style=\"width: 600px\" class=\"wp-caption alignnone\"><img loading=\"lazy\" decoding=\"async\" class=\"wp-image-2481 size-full\" src=\"https:\/\/rmvapesale.com\/wp-content\/uploads\/2024\/10\/Fumot-Vape-12000-Puffs-RandM-Flavor.jpg\" alt=\"Fumot Vape 12000 Puffs RandM Smag\" width=\"600\" height=\"600\" srcset=\"https:\/\/rmvapesale.com\/wp-content\/uploads\/2024\/10\/Fumot-Vape-12000-Puffs-RandM-Flavor.jpg 600w, https:\/\/rmvapesale.com\/wp-content\/uploads\/2024\/10\/Fumot-Vape-12000-Puffs-RandM-Flavor-300x300.jpg 300w, https:\/\/rmvapesale.com\/wp-content\/uploads\/2024\/10\/Fumot-Vape-12000-Puffs-RandM-Flavor-150x150.jpg 150w, https:\/\/rmvapesale.com\/wp-content\/uploads\/2024\/10\/Fumot-Vape-12000-Puffs-RandM-Flavor-100x100.jpg 100w\" sizes=\"auto, (max-width: 600px) 100vw, 600px\" \/><figcaption id=\"caption-attachment-2481\" class=\"wp-caption-text\">Fumot Vape 12000 Puffs RandM Smag<\/figcaption><\/figure>\n<h3><strong>Hvorfor v\u00e6lge Rmvapesale til Randm Vape 12000 Puffs<\/strong><strong>?<\/strong><\/h3>\n<div class=\"flex-shrink-0 flex flex-col relative items-end\">\n<div class=\"pt-0\">\n<div class=\"gizmo-bot-avatar flex h-8 w-8 items-center justify-center overflow-hidden rounded-full\">\n<div class=\"relative p-1 rounded-sm flex items-center justify-center bg-token-main-surface-primary text-token-text-primary h-8 w-8\">\n<p>&nbsp;<\/p>\n<p>N\u00e5r du v\u00e6lger Rmvapesale til dine engrosbehov for engangsvapes, f\u00e5r du gavn af:<\/p>\n<ul>\n<li><strong>Konkurrencedygtig pris<\/strong>: F\u00e5 adgang til attraktive engrospriser, der \u00f8ger din forretningsmargin.<\/li>\n<li><strong>H\u00f8j kvalitet<\/strong>: Vores vapes er fremstillet efter de h\u00f8jeste standarder, og <span style=\"color: #ff0000\"><strong>garanteret 100% originale og autentiske, eller 10 gange kompensation gives for falske varer!<\/strong><\/span><\/li>\n<li><strong>Fremragende kundeservice<\/strong>: Vores dedikerede team er altid klar til at hj\u00e6lpe dig, hvilket g\u00f8r din k\u00f8bsproces glat og problemfri.<\/li>\n<li><strong>Hurtig<\/strong>: Forvent hurtig og p\u00e5lidelig forsendelse, der sikrer, at dine ordrer ankommer til tiden, hver gang.<\/li>\n<\/ul>\n<\/div>\n<h3><\/h3>\n<div class=\"relative p-1 rounded-sm flex items-center justify-center bg-token-main-surface-primary text-token-text-primary h-8 w-8\">\n<h3><b>OFTE STILLEDE SP\u00d8RGSM\u00c5L<\/b><\/h3>\n<p>&nbsp;<\/p>\n<ul>\n<li><strong>Hvordan v\u00e6lger jeg den rigtige engangsvape?<\/strong><br \/>\nValget af den bedste engangsvape afh\u00e6nger af dine pr\u00e6ferencer. Hvis du \u00f8nsker en langtidsholdbar enhed, kan du v\u00e6lge modeller som RandM Tornado 25000 Puffs, som tilbyder tusindvis af sug. For smagsentusiaster tilbyder m\u00e6rker som Bang vapes eller Waspe vape et bredt udvalg af frugt- og desserter smage. N\u00f8glen er at prioritere, hvad der betyder mest for dig: batterilevetid, smagsvariation eller b\u00e6rbarhed.<\/li>\n<li><strong>Hvilken engangsvape giver den bedste smag?<\/strong><br \/>\nFor enest\u00e5ende smag er Fumot RandM vape 25000 en topkandidat, der leverer bl\u00f8de sug med langvarig smag, is\u00e6r i frugtige varianter som Cherry Bomb Candy, Double Apple, PINK LEMONADE, osv.<\/li>\n<li><strong>Hvordan ved du, hvorn\u00e5r din vape er tom?\u00a0<\/strong><br \/>\nDu vil bem\u00e6rke, at din engangsvape er ved at l\u00f8be t\u00f8r, n\u00e5r smagen sv\u00e6kkes, eller damp produktionen falder. Nogle nye engangsvapes med sk\u00e6rm, som RandM Tornado 12000, RandM Tornado 25000, Waspe 30000 puffs, vil have en indikator p\u00e5 sk\u00e6rmen.<\/li>\n<li><strong>Hvor lang tid tager det at oplade en Randm Tornado?<\/strong><br \/>\nDet tager normalt omkring 3 til 4 timer at oplade de fleste e-cigaret batterier for at opn\u00e5 en fuld opladning, afh\u00e6ngigt af batteriets st\u00f8rrelse. Det er bedst at vente, indtil batteriet er helt afladet, f\u00f8r du genoplader det. Men da hver enhed er unik, b\u00f8r du altid konsultere din produkts manual for specifikke opladningsvejledninger og indikatorer for at sikre optimal ydeevne.<\/li>\n<\/ul>\n<\/div>\n<\/div>\n<\/div>\n<\/div>\n<div class=\"group\/conversation-turn relative flex w-full min-w-0 flex-col agent-turn\">\n<div class=\"flex-col gap-1 md:gap-3\">\n<div class=\"flex max-w-full flex-col flex-grow\">\n<div class=\"min-h-8 text-message flex w-full flex-col items-end gap-2 whitespace-normal break-words [.text-message+&amp;]:mt-5\" dir=\"auto\" data-message-author-role=\"assistant\" data-message-id=\"f226d3fc-81f3-46d5-8c46-31787fff0357\">\n<div class=\"flex w-full flex-col gap-1 empty:hidden first:pt-[3px]\">\n<div class=\"markdown prose w-full break-words dark:prose-invert light\">\n<div class=\"group\/conversation-turn relative flex w-full min-w-0 flex-col agent-turn\">\n<div class=\"flex-col gap-1 md:gap-3\">\n<div class=\"flex max-w-full flex-col flex-grow\">\n<div class=\"min-h-8 text-message flex w-full flex-col items-end gap-2 whitespace-normal break-words [.text-message+&amp;]:mt-5\" dir=\"auto\" data-message-author-role=\"assistant\" data-message-id=\"91d2b73b-9149-4888-a964-4b8464e0e6e3\" data-message-model-slug=\"gpt-4o\">\n<div class=\"flex w-full flex-col gap-1 empty:hidden first:pt-[3px]\">\n<div class=\"markdown prose w-full break-words dark:prose-invert light\">\n<p>&nbsp;<\/p>\n<\/div>\n<\/div>\n<\/div>\n<\/div>\n<\/div>\n<\/div>\n<\/div>\n<\/div>\n<\/div>\n<\/div>\n<\/div>\n<\/div>\n<h3>Om forsendelse<\/h3>\n<div class=\"flex-shrink-0 flex flex-col relative items-end\">\n<div>\n<div class=\"pt-0\">\n<div class=\"gizmo-bot-avatar flex h-8 w-8 items-center justify-center overflow-hidden rounded-full\">\n<div><\/div>\n<div class=\"relative p-1 rounded-sm flex items-center justify-center bg-token-main-surface-primary text-token-text-primary h-8 w-8\"><strong>1. Hvilke forsendelsesmetoder bruges?<\/strong><\/div>\n<\/div>\n<\/div>\n<\/div>\n<\/div>\n<div class=\"group\/conversation-turn relative flex w-full min-w-0 flex-col agent-turn\">\n<div class=\"flex-col gap-1 md:gap-3\">\n<div class=\"flex max-w-full flex-col flex-grow\">\n<div class=\"min-h-[20px] text-message flex w-full flex-col items-end gap-2 whitespace-normal break-words [.text-message+&amp;]:mt-5 overflow-x-auto\" dir=\"auto\" data-message-author-role=\"assistant\" data-message-id=\"22f8283b-3233-46ff-89a5-c7a41b33abda\">\n<div class=\"flex w-full flex-col gap-1 empty:hidden first:pt-[3px]\">\n<div class=\"markdown prose w-full break-words dark:prose-invert light\">\n<p>Vi samarbejder med UPS, DHL, FedEx, DPD og andre f\u00f8rende transport\u00f8rer. Vi vil v\u00e6lge den bedste forsendelsesmetode baseret p\u00e5 din leveringsplacering for at sikre, at du modtager dine produkter s\u00e5 hurtigt som muligt.<\/p>\n<\/div>\n<p><strong>2. Hvor lang tid tager det at ankomme?<\/strong><\/p>\n<p>Pakker sendt til Danmark ankommer normalt inden for 10 arbejdsdage. Forsendelse til europ\u00e6iske lande tager generelt omkring 12-15 arbejdsdage. Vi vil give opdateringer i realtid om din forsendelsesstatus.<\/p>\n<\/div>\n<\/div>\n<\/div>\n<\/div>\n<\/div>\n<p>&nbsp;<\/p>\n<p>Andre hot-sale vapes du m\u00e5ske kan lide:<\/p>\n<p><a href=\"https:\/\/rmvapesale.com\/da\/product\/randm-tornado-15000-puffs-15k-vape-recharge-fumot-original-vape-factory-price\/\"><strong>Randm Vape 15000 Pust\u00a0 \u00a0<span style=\"color: #ff0000\">&gt;&gt;&gt;&gt; go!<\/span><\/strong><\/a><\/p>\n<p><strong><a href=\"https:\/\/rmvapesale.com\/da\/product\/faivono-bang-maxi-15000-puffs-disposable-vape-bulk-wholesale\/\">AIVONO Aim Bang Maxi 15000 sug <span style=\"color: #ff0000\">&gt;&gt;&gt;&gt; go!<\/span><\/a>\u00a0<\/strong><\/p>\n<p><a href=\"https:\/\/rmvapesale.com\/da\/product\/randm-tornado-25000-puffs-disposable-vape-wholesale\/\"><strong>Fumot Vape RandM Tornado 25000 Puffs <span style=\"color: #ff0000\">&gt;&gt;&gt;&gt; go!<\/span><\/strong><\/a><\/p>\n<p>&nbsp;<\/p>\n<p>&nbsp;<\/p>\n<p>Find flere Vape-produkter, du m\u00e5ske kan lide:<strong><em><a href=\"https:\/\/rmvapesale.com\/da\/shop-2\/\">k\u00f8b nu &gt;&gt;&gt;<\/a><\/em><\/strong><\/p>","protected":false},"excerpt":{"rendered":"<p>Fumot Vape RandM Digital Box 12000 Pink Lemonade Billig Pris<br \/>\nRandM Digital Box 12000 Puffs genopladelige vapes Stork\u00f8b<br \/>\nRandM Vape 12000 Puffs med Smart Sk\u00e6rm Engros<\/p>\n<p><img loading=\"lazy\" decoding=\"async\" class=\"size-full wp-image-2375\" src=\"https:\/\/rmvapesale.com\/wp-content\/uploads\/2024\/10\/image.png\" alt=\"Bedste Engangs Vape\" width=\"229\" height=\"300\" \/><\/p>\n<h3><a href=\"https:\/\/wa.me\/8617776015835\"><span style=\"color: #ff0000\"><strong>WhatsApp: +86 17776015835<\/strong><\/span><\/a><\/h3>\n<p>&nbsp;<\/p>","protected":false},"featured_media":2486,"comment_status":"open","ping_status":"closed","template":"","meta":{"_uag_custom_page_level_css":"","_lmt_disableupdate":"no","_lmt_disable":"","site-sidebar-layout":"default","site-content-layout":"content-boxed-container","ast-site-content-layout":"normal-width-container","site-content-style":"boxed","site-sidebar-style":"unboxed","ast-global-header-display":"","ast-banner-title-visibility":"","ast-main-header-display":"","ast-hfb-above-header-display":"","ast-hfb-below-header-display":"","ast-hfb-mobile-header-display":"","site-post-title":"","ast-breadcrumbs-content":"","ast-featured-img":"","footer-sml-layout":"","ast-disable-related-posts":"","theme-transparent-header-meta":"default","adv-header-id-meta":"","stick-header-meta":"","header-above-stick-meta":"","header-main-stick-meta":"","header-below-stick-meta":"","astra-migrate-meta-layouts":"set","ast-page-background-enabled":"default","ast-page-background-meta":{"desktop":{"background-color":"var(--ast-global-color-4)","background-image":"","background-repeat":"repeat","background-position":"center center","background-size":"auto","background-attachment":"scroll","background-type":"","background-media":"","overlay-type":"","overlay-color":"","overlay-opacity":"","overlay-gradient":""},"tablet":{"background-color":"","background-image":"","background-repeat":"repeat","background-position":"center center","background-size":"auto","background-attachment":"scroll","background-type":"","background-media":"","overlay-type":"","overlay-color":"","overlay-opacity":"","overlay-gradient":""},"mobile":{"background-color":"","background-image":"","background-repeat":"repeat","background-position":"center center","background-size":"auto","background-attachment":"scroll","background-type":"","background-media":"","overlay-type":"","overlay-color":"","overlay-opacity":"","overlay-gradient":""}},"ast-content-background-meta":{"desktop":{"background-color":"var(--ast-global-color-5)","background-image":"","background-repeat":"repeat","background-position":"center center","background-size":"auto","background-attachment":"scroll","background-type":"","background-media":"","overlay-type":"","overlay-color":"","overlay-opacity":"","overlay-gradient":""},"tablet":{"background-color":"var(--ast-global-color-5)","background-image":"","background-repeat":"repeat","background-position":"center center","background-size":"auto","background-attachment":"scroll","background-type":"","background-media":"","overlay-type":"","overlay-color":"","overlay-opacity":"","overlay-gradient":""},"mobile":{"background-color":"var(--ast-global-color-5)","background-image":"","background-repeat":"repeat","background-position":"center center","background-size":"auto","background-attachment":"scroll","background-type":"","background-media":"","overlay-type":"","overlay-color":"","overlay-opacity":"","overlay-gradient":""}},"_joinchat":[]},"product_brand":[],"product_cat":[15,27,51,25,123,30,26,28,31,137,136,135],"product_tag":[169,155,167,170,165,166,120],"class_list":{"0":"post-2472","1":"product","2":"type-product","3":"status-publish","4":"has-post-thumbnail","6":"product_cat-new-vape-this-week","7":"product_cat-fance-hot-sale-vape","8":"product_cat-fumot-vape","9":"product_cat-germany-best-selling-vape","10":"product_cat-italy-wholesale-vape","11":"product_cat-minimum-order-quantity-50pcs","12":"product_cat-netherlands-hot-sale-vape","13":"product_cat-poland-hot-sale-vape","14":"product_cat-randm-fumot-vape","15":"product_cat-rechargeable-vapes","16":"product_cat-smart-screen-vapes","17":"product_cat-spain-best-hot-sale-vape","18":"product_tag-best-disposable-vape-2024","19":"product_tag-digital-display-box","20":"product_tag-disposable-vape-with-screen","21":"product_tag-randm-12000-puff","22":"product_tag-rechargeable-vapes","23":"product_tag-tornado-vape","24":"product_tag-vape-wholesale","25":"desktop-align-left","26":"tablet-align-left","27":"mobile-align-left","29":"first","30":"instock","31":"sale","32":"shipping-taxable","33":"purchasable","34":"product-type-simple"},"uagb_featured_image_src":{"full":["https:\/\/rmvapesale.com\/wp-content\/uploads\/2024\/10\/RandM-Tornado-Digital-12000-Pink-Lemonade.jpg",606,606,false],"thumbnail":["https:\/\/rmvapesale.com\/wp-content\/uploads\/2024\/10\/RandM-Tornado-Digital-12000-Pink-Lemonade-150x150.jpg",150,150,true],"medium":["https:\/\/rmvapesale.com\/wp-content\/uploads\/2024\/10\/RandM-Tornado-Digital-12000-Pink-Lemonade-300x300.jpg",300,300,true],"medium_large":["https:\/\/rmvapesale.com\/wp-content\/uploads\/2024\/10\/RandM-Tornado-Digital-12000-Pink-Lemonade.jpg",606,606,false],"large":["https:\/\/rmvapesale.com\/wp-content\/uploads\/2024\/10\/RandM-Tornado-Digital-12000-Pink-Lemonade.jpg",606,606,false],"1536x1536":["https:\/\/rmvapesale.com\/wp-content\/uploads\/2024\/10\/RandM-Tornado-Digital-12000-Pink-Lemonade.jpg",606,606,false],"2048x2048":["https:\/\/rmvapesale.com\/wp-content\/uploads\/2024\/10\/RandM-Tornado-Digital-12000-Pink-Lemonade.jpg",606,606,false],"trp-custom-language-flag":["https:\/\/rmvapesale.com\/wp-content\/uploads\/2024\/10\/RandM-Tornado-Digital-12000-Pink-Lemonade.jpg",12,12,false],"woocommerce_thumbnail":["https:\/\/rmvapesale.com\/wp-content\/uploads\/2024\/10\/RandM-Tornado-Digital-12000-Pink-Lemonade-300x300.jpg",300,300,true],"woocommerce_single":["https:\/\/rmvapesale.com\/wp-content\/uploads\/2024\/10\/RandM-Tornado-Digital-12000-Pink-Lemonade-600x600.jpg",600,600,true],"woocommerce_gallery_thumbnail":["https:\/\/rmvapesale.com\/wp-content\/uploads\/2024\/10\/RandM-Tornado-Digital-12000-Pink-Lemonade-100x100.jpg",100,100,true],"wcpr-photo-reviews":["https:\/\/rmvapesale.com\/wp-content\/uploads\/2024\/10\/RandM-Tornado-Digital-12000-Pink-Lemonade.jpg",500,500,false]},"uagb_author_info":{"display_name":"AMY","author_link":"https:\/\/rmvapesale.com\/da\/author\/"},"uagb_comment_info":0,"uagb_excerpt":"Fumot Vape RandM Digital Box 12000 Pink Lemonade Cheap Price RandM Digital Box 12000 Puffs rechargeable vapes Bulk Buy RandM Vape 12000 Puffs with Smart Screen Wholesale WhatsApp: +86 17776015835 &nbsp;","_links":{"self":[{"href":"https:\/\/rmvapesale.com\/da\/wp-json\/wp\/v2\/product\/2472","targetHints":{"allow":["GET"]}}],"collection":[{"href":"https:\/\/rmvapesale.com\/da\/wp-json\/wp\/v2\/product"}],"about":[{"href":"https:\/\/rmvapesale.com\/da\/wp-json\/wp\/v2\/types\/product"}],"replies":[{"embeddable":true,"href":"https:\/\/rmvapesale.com\/da\/wp-json\/wp\/v2\/comments?post=2472"}],"wp:featuredmedia":[{"embeddable":true,"href":"https:\/\/rmvapesale.com\/da\/wp-json\/wp\/v2\/media\/2486"}],"wp:attachment":[{"href":"https:\/\/rmvapesale.com\/da\/wp-json\/wp\/v2\/media?parent=2472"}],"wp:term":[{"taxonomy":"product_brand","embeddable":true,"href":"https:\/\/rmvapesale.com\/da\/wp-json\/wp\/v2\/product_brand?post=2472"},{"taxonomy":"product_cat","embeddable":true,"href":"https:\/\/rmvapesale.com\/da\/wp-json\/wp\/v2\/product_cat?post=2472"},{"taxonomy":"product_tag","embeddable":true,"href":"https:\/\/rmvapesale.com\/da\/wp-json\/wp\/v2\/product_tag?post=2472"}],"curies":[{"name":"wp","href":"https:\/\/api.w.org\/{rel}","templated":true}]}}