{"id":2532,"date":"2024-10-23T09:07:59","date_gmt":"2024-10-23T09:07:59","guid":{"rendered":"https:\/\/rmvapesale.com\/?post_type=product&#038;p=2532"},"modified":"2024-10-23T09:52:00","modified_gmt":"2024-10-23T09:52:00","slug":"fumot-randm-tornado-30000-puffs-30k-music-disposable-vape","status":"publish","type":"product","link":"https:\/\/rmvapesale.com\/da\/product\/fumot-randm-tornado-30000-puffs-30k-music-disposable-vape\/","title":{"rendered":"Fumot RandM Tornado 30000 sug 30K musik engangsvape"},"content":{"rendered":"<div class=\"B2VR9 CJHX3e\">\n<div class=\"wyccme\">\n<h1 class=\"LC20lb MBeuO DKV0Md\">Fumot RandM Tornado 30000 sug 30K musik engangsvape<\/h1>\n<div class=\"flex-shrink-0 flex flex-col relative items-end\">\n<div class=\"pt-0\">\n<div class=\"gizmo-bot-avatar flex h-8 w-8 items-center justify-center overflow-hidden rounded-full\">\n<div class=\"relative p-1 rounded-sm flex items-center justify-center bg-token-main-surface-primary text-token-text-primary h-8 w-8\">\n<p>The <strong>Fumot RandM Tornado 30000 sug 30K musik engangsvape<\/strong> er en banebrydende enhed designet til dem, der s\u00f8ger en udvidet og dynamisk dampoplevelse. Med en imponerende kapacitet p\u00e5 op til <strong>30.000 sug<\/strong>, skiller denne enhed sig ud p\u00e5 markedet for sin levetid, hvilket g\u00f8r den til en <strong>popul\u00e6r vape<\/strong> for b\u00e5de lejlighedsvise og regelm\u00e6ssige dampere. Dens 85<strong>0mAh genopladeligt batteri<\/strong> og <strong>Type-C ladeport<\/strong> sikrer hurtig og effektiv genopladning, s\u00e5 du kan dampe l\u00e6ngere med minimal nedetid.<\/p>\n<p>Hvad der adskiller <strong>RandM Tornado 30000<\/strong> s\u00e6rligt er dens <strong>mesh coil-teknologi<\/strong>, som leverer enest\u00e5ende <strong>smag og damp<\/strong>, hvilket sikrer, at hvert sug er rigt og tilfredsstillende. Derudover tilbyder enheden en sjov og interaktiv funktion med <strong>musiksynkronisering<\/strong>, hvor <strong>RGB-lys pulserer i takt til dine yndlingssange<\/strong>, hvilket skaber en fordybende dampoplevelse, der er perfekt til fester eller personlig nydelse.<\/p>\n<p>Tilg\u00e6ngelig i <strong>Perfekt til dem, der leder efter en<\/strong> muligheder, henvender <strong>Fumot Tornado 30000<\/strong> sig til en r\u00e6kke pr\u00e6ferencer, herunder dem, der leder efter <strong>genopladelige vapes<\/strong> med lavere nikotinindhold. Med sin kombination af h\u00f8jt antal sug, musikintegration og praktisk opladning, er <strong>Fumot Tornado 30K Music Disposable Vape<\/strong> enest\u00e5ende p\u00e5 markedet, hvilket g\u00f8r den til et topvalg for dampere i <strong>Danmark.<\/strong><\/p>\n<p>Perfekt til dem, der \u00f8nsker at <strong>k\u00f8be Fumot vape 30000 puff vapes<\/strong>, denne enhed tilbyder innovation, smag og sjov i \u00e9n kompakt pakke.<\/p>\n<\/div>\n<\/div>\n<\/div>\n<\/div>\n<\/div>\n<\/div>\n<p><strong>Kontakt Amy for at f\u00e5 det rigtige svar og en vape-kupon!<\/strong><\/p>\n<p><img loading=\"lazy\" decoding=\"async\" class=\"size-full wp-image-1978\" src=\"https:\/\/rmvapesale.com\/wp-content\/uploads\/2024\/09\/Disposable-Vape-Wholesale.jpg\" alt=\"Engrospriser p\u00e5 engangsvape\" width=\"229\" height=\"300\" \/><\/p>\n<h3><a href=\"https:\/\/wa.me\/8617776015835\" target=\"_blank\" rel=\"noopener\"><span style=\"color: #ff0000\"><strong>WhatsApp: +86 17776015835<\/strong><\/span><\/a><\/h3>\n<p>&nbsp;<\/p>\n<h2><\/h2>\n<h2><strong>Fumot Tornado 30000 engangsvape<\/strong><strong>\u00a0<\/strong><strong>N\u00f8glefunktioner<\/strong><\/h2>\n<p>M\u00e6rke: RandM TORNADO 30000<br \/>\nE-v\u00e6ske: 25ml<br \/>\nPust: 30000<br \/>\nSpole: Mesh Coil<br \/>\nBatteri: 850mAh<br \/>\nPort: Type-C<br \/>\nNikotin(Saltindhold): F\u00e5s i 0%, 2%, 3%, 5%<br \/>\nSmagsvarianter: F\u00e5s i 30 forskellige smagsvarianter<br \/>\nAndet: LED-display danser til musikken<\/p>\n<figure id=\"attachment_2526\" aria-describedby=\"caption-attachment-2526\" style=\"width: 808px\" class=\"wp-caption alignnone\"><img loading=\"lazy\" decoding=\"async\" class=\"wp-image-2526 size-full\" src=\"https:\/\/rmvapesale.com\/wp-content\/uploads\/2024\/10\/Fumot-RandM-Tornado-30000-Puffs-Vape.jpg\" alt=\"Fumot RandM Tornado 30000 Puffs Vape\" width=\"808\" height=\"808\" srcset=\"https:\/\/rmvapesale.com\/wp-content\/uploads\/2024\/10\/Fumot-RandM-Tornado-30000-Puffs-Vape.jpg 808w, https:\/\/rmvapesale.com\/wp-content\/uploads\/2024\/10\/Fumot-RandM-Tornado-30000-Puffs-Vape-300x300.jpg 300w, https:\/\/rmvapesale.com\/wp-content\/uploads\/2024\/10\/Fumot-RandM-Tornado-30000-Puffs-Vape-150x150.jpg 150w, https:\/\/rmvapesale.com\/wp-content\/uploads\/2024\/10\/Fumot-RandM-Tornado-30000-Puffs-Vape-768x768.jpg 768w, https:\/\/rmvapesale.com\/wp-content\/uploads\/2024\/10\/Fumot-RandM-Tornado-30000-Puffs-Vape-600x600.jpg 600w, https:\/\/rmvapesale.com\/wp-content\/uploads\/2024\/10\/Fumot-RandM-Tornado-30000-Puffs-Vape-100x100.jpg 100w\" sizes=\"auto, (max-width: 808px) 100vw, 808px\" \/><figcaption id=\"caption-attachment-2526\" class=\"wp-caption-text\">Fumot RandM Tornado 30000 Puffs Vape<\/figcaption><\/figure>\n<h2><strong>Bedste smag til Fumot RandM Tornado 30000<\/strong><\/h2>\n<p>Denne Randm Tornado 30000 engangsvape er designet til at levere et udbrud af frugtig s\u00f8dme med hver puff, herunder syrlig citrus, l\u00e6kre b\u00e6r og tropiske noter<\/p>\n<p>1. Banana Ice<br \/>\n2. Black Ice<br \/>\n3. Blue Razz IceV<br \/>\n4. Blueberry On Ice<br \/>\n5. Blueberry Raspberry<span style=\"color: #ff0000\"><strong>&gt;&gt;&gt;&gt; Popul\u00e6r!<\/strong><\/span><br \/>\n6. Blueberry Sour Raspberry <span style=\"color: #ff0000\"><strong>&gt;&gt;&gt;&gt; Popul\u00e6r!<\/strong><\/span><br \/>\n7. Cherry Ice<br \/>\n8. Cherry Cola<br \/>\n9. Cola Ice<br \/>\n10. Cool Mint<br \/>\n11. Double Apple<br \/>\n12. Dr Blue <span style=\"color: #ff0000\"><strong>&gt;&gt;&gt;&gt; Bedst!<\/strong><\/span><br \/>\n13. Grape Ice<br \/>\n14. Ice Pop<br \/>\n15. Kiwi Passion Fruit Guava<br \/>\n16. Love 66<br \/>\n17. Lush Ice<br \/>\n18. Mixed Berries<br \/>\n19. Peach Berry<br \/>\n20. Peach Ice<br \/>\n21. Peachy Mango Pineapple<br \/>\n22. Pineapple Ice<br \/>\n23. Pink Lemonade<br \/>\n24. Skittles<br \/>\n25. Strawberry Banana<br \/>\n26. Strawberry Grape<br \/>\n27. Strawberry Ice<br \/>\n28. Strawberry Watermelon<br \/>\n29. Triple Mango<br \/>\n30. Vimto<span style=\"color: #ff0000\"><strong>&gt;&gt;&gt;&gt; Popul\u00e6r!<\/strong><\/span><\/p>\n<p>&nbsp;<\/p>\n<p>&nbsp;<\/p>\n<h3><strong>Hvorfor v\u00e6lge Rmvapesale til RandM Tornado 30000<\/strong><strong>?<\/strong><\/h3>\n<div class=\"flex-shrink-0 flex flex-col relative items-end\">\n<div class=\"pt-0\">\n<div class=\"gizmo-bot-avatar flex h-8 w-8 items-center justify-center overflow-hidden rounded-full\">\n<div class=\"relative p-1 rounded-sm flex items-center justify-center bg-token-main-surface-primary text-token-text-primary h-8 w-8\">\n<p>&nbsp;<\/p>\n<p>N\u00e5r du v\u00e6lger Rmvapesale til dine engrosbehov for engangsvapes, f\u00e5r du gavn af:<\/p>\n<ul>\n<li><strong>Konkurrencedygtig pris<\/strong>: F\u00e5 adgang til attraktive engrospriser, der \u00f8ger din forretningsmargin.<\/li>\n<li><strong>H\u00f8j kvalitet<\/strong>: Vores vapes er fremstillet efter de h\u00f8jeste standarder, og <span style=\"color: #ff0000\"><strong>garanteret 100% originale og autentiske, eller 10 gange kompensation gives for falske varer!<\/strong><\/span><\/li>\n<li><strong>Fremragende kundeservice<\/strong>: Vores dedikerede team er altid klar til at hj\u00e6lpe dig, hvilket g\u00f8r din k\u00f8bsproces glat og problemfri.<\/li>\n<li><strong>Hurtig<\/strong>: Forvent hurtig og p\u00e5lidelig forsendelse, der sikrer, at dine ordrer ankommer til tiden, hver gang.<\/li>\n<\/ul>\n<\/div>\n<h3><\/h3>\n<div class=\"relative p-1 rounded-sm flex items-center justify-center bg-token-main-surface-primary text-token-text-primary h-8 w-8\">\n<h3><b>OFTE STILLEDE SP\u00d8RGSM\u00c5L<\/b><\/h3>\n<p>&nbsp;<\/p>\n<ul>\n<li><strong>S\u00e5dan bruger du en Fumot 30k engangs vape pen?<\/strong><br \/>\nFor at bruge Fumot RandM Tornado 30000 Puffs engangs vapes, skal du blot tage enheden ud af emballagen, inhalere gennem mundstykket, og den vil automatisk aktiveres. Nyd den rige damp, der produceres af dens mesh coil teknologi. Enheden har ogs\u00e5 RGB-lys, der synkroniserer med musik, hvilket forbedrer vaping oplevelsen.<\/li>\n<li><strong>S\u00e5dan oplader du Fumot RandM Tornado 30000 Puffs engangs vape<\/strong><br \/>\nFumot RandM Tornado 30000 er genopladelig. Den leveres med et 850mAh batteri og er udstyret med en Type-C opladningsport. For at oplade enheden skal du slutte den til en str\u00f8mkilde med et Type-C-kabel, og batteriet genoplades hurtigt og effektivt.<\/li>\n<li><strong>Hvor meget nikotin er der i en Fumot Vape RandM Tornado 30000<\/strong><br \/>\nFumot RandM Tornado 30000 f\u00e5s i disposable vape-muligheder med lavt nikotinindhold, 0%, 2%, 5%.<\/li>\n<li><strong>Hvordan ved man, hvorn\u00e5r en vape er tom<\/strong><br \/>\nFumot RandM Tornado 30000 har ikke et display, der viser e-v\u00e6skeniveauet, men du kan se, hvorn\u00e5r den er tom, ved at smagen og dampdannelsen reduceres. N\u00e5r dampen bliver svag, eller smagen falmer, betyder det sandsynligvis, at e-v\u00e6sken er ved at l\u00f8be ud, selvom batteriet stadig er opladet.<\/li>\n<li><strong>Hvor l\u00e6nge skal jeg oplade min RandM Tornado 30000?<\/strong><br \/>\nDen n\u00f8jagtige opladningstid afh\u00e6nger af str\u00f8mkilden, men med dens Type-C-opladningsmulighed skal Fumot RandM Tornado 30000 oplades relativt hurtigt. Det er bedst at se p\u00e5 opladningsindikatoren (hvis tilg\u00e6ngelig) eller overv\u00e5ge enheden under opladning for at undg\u00e5 overopladning.<\/li>\n<li><strong>Hvor kan jeg k\u00f8be Fumot RandM Tornado 30000 engangsvape<\/strong><br \/>\nFumot RandM Tornado 30000 Puffs engangsvape kan k\u00f8bes hos forhandlere og online vape-butikker, der f\u00f8rer premium engangsvapes.<\/li>\n<\/ul>\n<\/div>\n<\/div>\n<\/div>\n<\/div>\n<h3>Om forsendelse<\/h3>\n<div class=\"flex-shrink-0 flex flex-col relative items-end\">\n<div>\n<div class=\"pt-0\">\n<div class=\"gizmo-bot-avatar flex h-8 w-8 items-center justify-center overflow-hidden rounded-full\">\n<div><\/div>\n<div class=\"relative p-1 rounded-sm flex items-center justify-center bg-token-main-surface-primary text-token-text-primary h-8 w-8\"><strong>1. Hvilke forsendelsesmetoder bruges?<\/strong><\/div>\n<\/div>\n<\/div>\n<\/div>\n<\/div>\n<div class=\"group\/conversation-turn relative flex w-full min-w-0 flex-col agent-turn\">\n<div class=\"flex-col gap-1 md:gap-3\">\n<div class=\"flex max-w-full flex-col flex-grow\">\n<div class=\"min-h-[20px] text-message flex w-full flex-col items-end gap-2 whitespace-normal break-words [.text-message+&amp;]:mt-5 overflow-x-auto\" dir=\"auto\" data-message-author-role=\"assistant\" data-message-id=\"22f8283b-3233-46ff-89a5-c7a41b33abda\">\n<div class=\"flex w-full flex-col gap-1 empty:hidden first:pt-[3px]\">\n<div class=\"markdown prose w-full break-words dark:prose-invert light\">\n<p>Vi samarbejder med UPS, DHL, FedEx, DPD og andre f\u00f8rende transport\u00f8rer. Vi vil v\u00e6lge den bedste forsendelsesmetode baseret p\u00e5 din leveringsplacering for at sikre, at du modtager dine produkter s\u00e5 hurtigt som muligt.<\/p>\n<\/div>\n<p><strong>2. Hvor lang tid tager det at ankomme?<\/strong><\/p>\n<p>Pakker sendt til Danmark ankommer normalt inden for 10 arbejdsdage. Forsendelse til europ\u00e6iske lande tager generelt omkring 12-15 arbejdsdage. Vi vil give opdateringer i realtid om din forsendelsesstatus.<\/p>\n<\/div>\n<\/div>\n<\/div>\n<\/div>\n<\/div>\n<p>&nbsp;<\/p>\n<p>Andre hot-sale vapes du m\u00e5ske kan lide:<\/p>\n<p><a href=\"https:\/\/rmvapesale.com\/da\/product\/randm-tornado-15000-puffs-15k-vape-recharge-fumot-original-vape-factory-price\/\"><strong>Randm Vape 15000 Pust\u00a0 \u00a0<span style=\"color: #ff0000\">&gt;&gt;&gt;&gt; go!<\/span><\/strong><\/a><\/p>\n<p><strong><a href=\"https:\/\/rmvapesale.com\/da\/product\/aivono-22000-rechargeable-vapes-with-display-screen\/\">Aivono Aim Fatpro 22000 Pust <span style=\"color: #ff0000\">&gt;&gt;&gt;&gt; go!<\/span><\/a>\u00a0<\/strong><\/p>\n<p><a href=\"https:\/\/rmvapesale.com\/da\/product\/original-randm-vape-digital-puff-12000-fumot-factory-price\/\"><strong>Fumot Vape 12000 Pust <span style=\"color: #ff0000\">&gt;&gt;&gt;&gt; go!<\/span><\/strong><\/a><\/p>\n<p>&nbsp;<\/p>\n<p>&nbsp;<\/p>\n<p>Find flere Vape-produkter, du m\u00e5ske kan lide:<strong><em><a href=\"https:\/\/rmvapesale.com\/da\/shop-2\/\">k\u00f8b nu &gt;&gt;&gt;<\/a><\/em><\/strong><\/p>","protected":false},"excerpt":{"rendered":"<p>Fumot RandM Tornado 30000 Puffs engangs vape engros<br \/>\nRandM Tornado 30000 musik 30k genopladelig vape smag<br \/>\nRandm Fumot Tornado 30000 Puffs musik 0% 2% 5%<\/p>\n<p><img loading=\"lazy\" decoding=\"async\" class=\"size-full wp-image-2375\" src=\"https:\/\/rmvapesale.com\/wp-content\/uploads\/2024\/10\/image.png\" alt=\"Bedste Engangs Vape\" width=\"229\" height=\"300\" \/><\/p>\n<h3><a href=\"https:\/\/wa.me\/8617776015835\"><span style=\"color: #ff0000\"><strong>WhatsApp: +86 17776015835<\/strong><\/span><\/a><\/h3>\n<p>&nbsp;<\/p>","protected":false},"featured_media":2531,"comment_status":"open","ping_status":"closed","template":"","meta":{"_uag_custom_page_level_css":"","_lmt_disableupdate":"no","_lmt_disable":"","site-sidebar-layout":"default","site-content-layout":"content-boxed-container","ast-site-content-layout":"normal-width-container","site-content-style":"boxed","site-sidebar-style":"unboxed","ast-global-header-display":"","ast-banner-title-visibility":"","ast-main-header-display":"","ast-hfb-above-header-display":"","ast-hfb-below-header-display":"","ast-hfb-mobile-header-display":"","site-post-title":"","ast-breadcrumbs-content":"","ast-featured-img":"","footer-sml-layout":"","theme-transparent-header-meta":"default","adv-header-id-meta":"","stick-header-meta":"","header-above-stick-meta":"","header-main-stick-meta":"","header-below-stick-meta":"","astra-migrate-meta-layouts":"set","ast-page-background-enabled":"default","ast-page-background-meta":{"desktop":{"background-color":"var(--ast-global-color-4)","background-image":"","background-repeat":"repeat","background-position":"center center","background-size":"auto","background-attachment":"scroll","background-type":"","background-media":"","overlay-type":"","overlay-color":"","overlay-opacity":"","overlay-gradient":""},"tablet":{"background-color":"","background-image":"","background-repeat":"repeat","background-position":"center center","background-size":"auto","background-attachment":"scroll","background-type":"","background-media":"","overlay-type":"","overlay-color":"","overlay-opacity":"","overlay-gradient":""},"mobile":{"background-color":"","background-image":"","background-repeat":"repeat","background-position":"center center","background-size":"auto","background-attachment":"scroll","background-type":"","background-media":"","overlay-type":"","overlay-color":"","overlay-opacity":"","overlay-gradient":""}},"ast-content-background-meta":{"desktop":{"background-color":"var(--ast-global-color-5)","background-image":"","background-repeat":"repeat","background-position":"center center","background-size":"auto","background-attachment":"scroll","background-type":"","background-media":"","overlay-type":"","overlay-color":"","overlay-opacity":"","overlay-gradient":""},"tablet":{"background-color":"var(--ast-global-color-5)","background-image":"","background-repeat":"repeat","background-position":"center center","background-size":"auto","background-attachment":"scroll","background-type":"","background-media":"","overlay-type":"","overlay-color":"","overlay-opacity":"","overlay-gradient":""},"mobile":{"background-color":"var(--ast-global-color-5)","background-image":"","background-repeat":"repeat","background-position":"center center","background-size":"auto","background-attachment":"scroll","background-type":"","background-media":"","overlay-type":"","overlay-color":"","overlay-opacity":"","overlay-gradient":""}},"_joinchat":[]},"product_brand":[],"product_cat":[15,51,25,123,26,28,135,27,31,137,136,30],"product_tag":[146,155,186,38,165,166,120],"class_list":{"0":"post-2532","1":"product","2":"type-product","3":"status-publish","4":"has-post-thumbnail","6":"product_cat-new-vape-this-week","7":"product_cat-fumot-vape","8":"product_cat-germany-best-selling-vape","9":"product_cat-italy-wholesale-vape","10":"product_cat-netherlands-hot-sale-vape","11":"product_cat-poland-hot-sale-vape","12":"product_cat-spain-best-hot-sale-vape","13":"product_cat-fance-hot-sale-vape","14":"product_cat-randm-fumot-vape","15":"product_cat-rechargeable-vapes","16":"product_cat-smart-screen-vapes","17":"product_cat-minimum-order-quantity-50pcs","18":"product_tag-best-hot-sale-vape","19":"product_tag-digital-display-box","20":"product_tag-fumot-30k","21":"product_tag-randm-vape","22":"product_tag-rechargeable-vapes","23":"product_tag-tornado-vape","24":"product_tag-vape-wholesale","25":"desktop-align-left","26":"tablet-align-left","27":"mobile-align-left","29":"first","30":"instock","31":"sale","32":"shipping-taxable","33":"purchasable","34":"product-type-simple"},"uagb_featured_image_src":{"full":["https:\/\/rmvapesale.com\/wp-content\/uploads\/2024\/10\/RandM-Tornado-30000-Puffs-Vape.jpg",808,808,false],"thumbnail":["https:\/\/rmvapesale.com\/wp-content\/uploads\/2024\/10\/RandM-Tornado-30000-Puffs-Vape-150x150.jpg",150,150,true],"medium":["https:\/\/rmvapesale.com\/wp-content\/uploads\/2024\/10\/RandM-Tornado-30000-Puffs-Vape-300x300.jpg",300,300,true],"medium_large":["https:\/\/rmvapesale.com\/wp-content\/uploads\/2024\/10\/RandM-Tornado-30000-Puffs-Vape-768x768.jpg",768,768,true],"large":["https:\/\/rmvapesale.com\/wp-content\/uploads\/2024\/10\/RandM-Tornado-30000-Puffs-Vape.jpg",808,808,false],"1536x1536":["https:\/\/rmvapesale.com\/wp-content\/uploads\/2024\/10\/RandM-Tornado-30000-Puffs-Vape.jpg",808,808,false],"2048x2048":["https:\/\/rmvapesale.com\/wp-content\/uploads\/2024\/10\/RandM-Tornado-30000-Puffs-Vape.jpg",808,808,false],"trp-custom-language-flag":["https:\/\/rmvapesale.com\/wp-content\/uploads\/2024\/10\/RandM-Tornado-30000-Puffs-Vape.jpg",12,12,false],"woocommerce_thumbnail":["https:\/\/rmvapesale.com\/wp-content\/uploads\/2024\/10\/RandM-Tornado-30000-Puffs-Vape-300x300.jpg",300,300,true],"woocommerce_single":["https:\/\/rmvapesale.com\/wp-content\/uploads\/2024\/10\/RandM-Tornado-30000-Puffs-Vape-600x600.jpg",600,600,true],"woocommerce_gallery_thumbnail":["https:\/\/rmvapesale.com\/wp-content\/uploads\/2024\/10\/RandM-Tornado-30000-Puffs-Vape-100x100.jpg",100,100,true],"wcpr-photo-reviews":["https:\/\/rmvapesale.com\/wp-content\/uploads\/2024\/10\/RandM-Tornado-30000-Puffs-Vape.jpg",500,500,false]},"uagb_author_info":{"display_name":"AMY","author_link":"https:\/\/rmvapesale.com\/da\/author\/"},"uagb_comment_info":0,"uagb_excerpt":"Fumot RandM Tornado 30000 Puffs Disposable Vape Wholesale RandM Tornado 30000 music 30k Rechargeable Vape Flavor Randm Fumot Tornado 30000 Puffs Music 0% 2% 5% WhatsApp: +86 17776015835 &nbsp;","_links":{"self":[{"href":"https:\/\/rmvapesale.com\/da\/wp-json\/wp\/v2\/product\/2532","targetHints":{"allow":["GET"]}}],"collection":[{"href":"https:\/\/rmvapesale.com\/da\/wp-json\/wp\/v2\/product"}],"about":[{"href":"https:\/\/rmvapesale.com\/da\/wp-json\/wp\/v2\/types\/product"}],"replies":[{"embeddable":true,"href":"https:\/\/rmvapesale.com\/da\/wp-json\/wp\/v2\/comments?post=2532"}],"wp:featuredmedia":[{"embeddable":true,"href":"https:\/\/rmvapesale.com\/da\/wp-json\/wp\/v2\/media\/2531"}],"wp:attachment":[{"href":"https:\/\/rmvapesale.com\/da\/wp-json\/wp\/v2\/media?parent=2532"}],"wp:term":[{"taxonomy":"product_brand","embeddable":true,"href":"https:\/\/rmvapesale.com\/da\/wp-json\/wp\/v2\/product_brand?post=2532"},{"taxonomy":"product_cat","embeddable":true,"href":"https:\/\/rmvapesale.com\/da\/wp-json\/wp\/v2\/product_cat?post=2532"},{"taxonomy":"product_tag","embeddable":true,"href":"https:\/\/rmvapesale.com\/da\/wp-json\/wp\/v2\/product_tag?post=2532"}],"curies":[{"name":"wp","href":"https:\/\/api.w.org\/{rel}","templated":true}]}}