{"id":2547,"date":"2024-10-25T02:22:52","date_gmt":"2024-10-25T02:22:52","guid":{"rendered":"https:\/\/rmvapesale.com\/?post_type=product&#038;p=2547"},"modified":"2024-10-25T03:03:28","modified_gmt":"2024-10-25T03:03:28","slug":"rechargeable-vape-vapme-spacex-22000-puff-wholesale","status":"publish","type":"product","link":"https:\/\/rmvapesale.com\/da\/product\/rechargeable-vape-vapme-spacex-22000-puff-wholesale\/","title":{"rendered":"Genopladelig Vape Vapme Spacex 22000 Pust Engros"},"content":{"rendered":"<div class=\"B2VR9 CJHX3e\">\n<div class=\"wyccme\">\n<h1 class=\"LC20lb MBeuO DKV0Md\">Genopladelige Vapes Vapme Spacex 22000 Pust Engros<\/h1>\n<div class=\"flex-shrink-0 flex flex-col relative items-end\">\n<div class=\"pt-0\">\n<div class=\"gizmo-bot-avatar flex h-8 w-8 items-center justify-center overflow-hidden rounded-full\">\n<div class=\"relative p-1 rounded-sm flex items-center justify-center bg-token-main-surface-primary text-token-text-primary h-8 w-8\">\n<p>Den Genopladelige Vape <strong>Vapme Spacex 22000 Pust<\/strong> er en premium<strong> smart engangs vape<\/strong> designet til brugere, der s\u00f8ger udvidede vape-sessioner og bekvemmelighed. Med en imponerende <strong>30 ml kapacitet af vape juice<\/strong> og evnen til at levere over <strong>22.000 pust<\/strong>er denne enhed bygget til lang levetid og tilfredshed. Dens <strong>850mAh batteri<\/strong>, genopladelig via <strong>Type-C port<\/strong>, sikrer, at du kan nyde dine yndlingssmagsvarianter uden afbrydelser, hvilket g\u00f8r den perfekt til b\u00e5de lejlighedsvise vapers og tunge brugere. Udstyret med en <strong>0,8-ohm mesh coil<\/strong>, giver denne <strong>genopladelig vape<\/strong>\u00a0giver optimal damp produktion, hvilket sikrer, at hvert pust er rig p\u00e5 smag og glat ved inhalering.<\/p>\n<p>The <strong>LED-sk\u00e6rm<\/strong> er en anden fremragende funktion, der giver brugerne mulighed for nemt at overv\u00e5ge batterilevetid og e-juice niveauer med et \u00f8jeblik, med en avanceret teknologi, der f\u00e5r den til at skille sig ud ved siden af andre <strong>engangs vape med sk\u00e6rm<\/strong>. Denne <strong>Perfekt til dem, der leder efter en <\/strong>\u00a0leveres med 2% nikotinstyrke til brugere, der s\u00f8ger et mildt hit, og\u00a0<strong>5% nikotin <\/strong>muligheden henvender sig til dampere, der \u00f8nsker en st\u00e6rkere oplevelse.<\/p>\n<p>The <strong>Vapme 22000<\/strong> er ideel til <strong>engros vapes<\/strong>, hvilket g\u00f8r det til et perfekt valg for detailhandlere, der \u00f8nsker at fylde op med produkter med h\u00f8j eftersp\u00f8rgsel. Dens store kapacitet, genopladelige batteri og smagsvariation g\u00f8r den til en <strong>popul\u00e6r vape<\/strong> p\u00e5 det danske <strong>engangs vape<\/strong> marked, der leverer b\u00e5de kvalitet og bekvemmelighed i \u00e9n slank pakke.<\/p>\n<\/div>\n<\/div>\n<\/div>\n<\/div>\n<\/div>\n<\/div>\n<p><strong>Kontakt Amy for at f\u00e5 det rigtige svar og en vape-kupon!<\/strong><\/p>\n<p><img loading=\"lazy\" decoding=\"async\" class=\"size-full wp-image-1978\" src=\"https:\/\/rmvapesale.com\/wp-content\/uploads\/2024\/09\/Disposable-Vape-Wholesale.jpg\" alt=\"Engrospriser p\u00e5 engangsvape\" width=\"229\" height=\"300\" \/><\/p>\n<h3><a href=\"https:\/\/wa.me\/8617776015835\" target=\"_blank\" rel=\"noopener\"><span style=\"color: #ff0000\"><strong>WhatsApp: +86 17776015835<\/strong><\/span><\/a><\/h3>\n<p>&nbsp;<\/p>\n<h2><\/h2>\n<h2><strong>Vapme 22000 <\/strong><strong>Genopladelig Vape<\/strong><strong>\u00a0<\/strong><strong>N\u00f8glefunktioner<\/strong><\/h2>\n<p>M\u00e6rke: Vapme Vape<br \/>\nBatteri: 850mah type-c port<br \/>\nKapacitet: 30 ml vape juice<br \/>\nCoil: 0,8 ohm mesh coil<br \/>\nPust: 22000+ pust<br \/>\nNikotin: 2%\/5%<br \/>\nLED-display til batteri og e-juice<\/p>\n<h2><strong>Top smag for <\/strong><strong>Genopladelig Vape <\/strong><strong>Vapme 22000 <\/strong><strong>Pust\u00a0<\/strong><\/h2>\n<p>Denne <strong>boks vape<\/strong> enhed tilbyder <strong>12 sp\u00e6ndende smagsvarianter<\/strong>, fra det syrlige burst af <strong>Blue Razz Lemonade<\/strong> til den forfriskende k\u00f8lighed af <strong>Vandmelon Is<\/strong> og det tropiske mix af <strong>Mango Peach Pineapple<\/strong>. Uanset om du foretr\u00e6kker s\u00f8de, frugtagtige eller iskolde smage, har Vapme Spacex noget for enhver smag.<\/p>\n<p>1. Blue razz lemonade<span style=\"color: #ff0000\"><strong>&gt;&gt;&gt;&gt; Popul\u00e6r!<\/strong><\/span><br \/>\n2. Fersken is<br \/>\n3.Vandmelon is <span style=\"color: #ff0000\"><strong>&gt;&gt;&gt;&gt; Popul\u00e6r!<\/strong><\/span><br \/>\n4. Bl\u00e5b\u00e6r hindb\u00e6r<br \/>\n5. Kirseb\u00e6ris<br \/>\n6. Jordb\u00e6ris<br \/>\n7. Jordb\u00e6r vandmelon<br \/>\n8. Mango fersken ananas <span style=\"color: #ff0000\"><strong>&gt;&gt;&gt;&gt; Bedst!<\/strong><\/span><br \/>\n9. Jordb\u00e6r kiwi<br \/>\n10. Kiwi passionsfrugt guava<br \/>\n11. Energidrik<br \/>\n12.Love 66<\/p>\n<figure id=\"attachment_2542\" aria-describedby=\"caption-attachment-2542\" style=\"width: 800px\" class=\"wp-caption alignnone\"><img loading=\"lazy\" decoding=\"async\" class=\"wp-image-2542 size-full\" src=\"https:\/\/rmvapesale.com\/wp-content\/uploads\/2024\/10\/Disposable-Vape-Vapme-22000-Puffs-Price.jpg\" alt=\"Engangs Vape Vapme 22000 Pust Pris\" width=\"800\" height=\"800\" srcset=\"https:\/\/rmvapesale.com\/wp-content\/uploads\/2024\/10\/Disposable-Vape-Vapme-22000-Puffs-Price.jpg 800w, https:\/\/rmvapesale.com\/wp-content\/uploads\/2024\/10\/Disposable-Vape-Vapme-22000-Puffs-Price-300x300.jpg 300w, https:\/\/rmvapesale.com\/wp-content\/uploads\/2024\/10\/Disposable-Vape-Vapme-22000-Puffs-Price-150x150.jpg 150w, https:\/\/rmvapesale.com\/wp-content\/uploads\/2024\/10\/Disposable-Vape-Vapme-22000-Puffs-Price-768x768.jpg 768w, https:\/\/rmvapesale.com\/wp-content\/uploads\/2024\/10\/Disposable-Vape-Vapme-22000-Puffs-Price-600x600.jpg 600w, https:\/\/rmvapesale.com\/wp-content\/uploads\/2024\/10\/Disposable-Vape-Vapme-22000-Puffs-Price-100x100.jpg 100w\" sizes=\"auto, (max-width: 800px) 100vw, 800px\" \/><figcaption id=\"caption-attachment-2542\" class=\"wp-caption-text\">Engangs Vape Vapme 22000 Pust Pris<\/figcaption><\/figure>\n<p>&nbsp;<\/p>\n<h3><strong>Hvorfor v\u00e6lge Rmvapesale til Vapme 22000 Pust<\/strong><strong>?<\/strong><\/h3>\n<div class=\"flex-shrink-0 flex flex-col relative items-end\">\n<div class=\"pt-0\">\n<div class=\"gizmo-bot-avatar flex h-8 w-8 items-center justify-center overflow-hidden rounded-full\">\n<div class=\"relative p-1 rounded-sm flex items-center justify-center bg-token-main-surface-primary text-token-text-primary h-8 w-8\">\n<p>&nbsp;<\/p>\n<p>N\u00e5r du v\u00e6lger Rmvapesale til dine engrosbehov for engangsvapes, f\u00e5r du gavn af:<\/p>\n<ul>\n<li><strong>Konkurrencedygtig pris<\/strong>: F\u00e5 adgang til attraktive engrospriser, der \u00f8ger din forretningsmargin.<\/li>\n<li><strong>H\u00f8j kvalitet<\/strong>: Vores vapes er fremstillet efter de h\u00f8jeste standarder, og <span style=\"color: #ff0000\"><strong>garanteret 100% originale og autentiske, eller 10 gange kompensation gives for falske varer!<\/strong><\/span><\/li>\n<li><strong>Fremragende kundeservice<\/strong>: Vores dedikerede team er altid klar til at hj\u00e6lpe dig, hvilket g\u00f8r din k\u00f8bsproces glat og problemfri.<\/li>\n<li><strong>Hurtig<\/strong>: Forvent hurtig og p\u00e5lidelig forsendelse, der sikrer, at dine ordrer ankommer til tiden, hver gang.<\/li>\n<\/ul>\n<\/div>\n<h3><\/h3>\n<div class=\"relative p-1 rounded-sm flex items-center justify-center bg-token-main-surface-primary text-token-text-primary h-8 w-8\">\n<h3><b>Genopladelig Vape Vapme 22000 FAQS<\/b><\/h3>\n<ul>\n<li><strong>Hvordan oplades Vapme Spacex 22000 genopladelig engangs vape<\/strong><br \/>\nVapme Spacex 22000 leveres med et 850mAh genopladeligt batteri, der kan oplades via Type-C-opladningsporten. Tilslut blot Type-C-kablet til en str\u00f8mkilde for at genoplade enheden.<\/li>\n<li><strong>Hvor meget nikotin er der i en Vapme Spacex 22000 Pust<\/strong><br \/>\nVapme Spacex 22000 Pust f\u00e5s i to nikotinstyrke muligheder: 2% (20mg) for et mildere hit og 5% (50mg) for brugere, der s\u00f8ger en st\u00e6rkere oplevelse.<\/li>\n<li><strong>Hvor l\u00e6nge skal jeg oplade min Vapme Spacex 22000 Vape Box?<\/strong><br \/>\nDen n\u00f8jagtige opladningstid afh\u00e6nger af str\u00f8mkilden, men Type-C-hurtigopladningsfunktionen giver mulighed for relativt hurtige genopladninger. Overv\u00e5g LED-displayet for at kontrollere, hvorn\u00e5r batteriet er fuldt opladet, da displayet giver information om batterilevetid.<\/li>\n<li><strong>Hvor kan jeg k\u00f8be Vapme Spacex 22000 engangs vapes?<\/strong><br \/>\nVapme Spacex 22000 Pust engangs vape kan k\u00f8bes hos forhandlere, vape butikker eller online platforme, der specialiserer sig i salg af vaping produkter. Det er ogs\u00e5 tilg\u00e6ngeligt til engros, hvilket g\u00f8r det til en popul\u00e6r mulighed for virksomheder, der \u00f8nsker at lagerf\u00f8re engangs vapes.<\/li>\n<li><strong>Hvad er de bedste engangs vapes i 2024?<\/strong><br \/>\nNogle af de bedste engangs vapes i 2024 inkluderer:<\/p>\n<ul>\n<li><strong>Vapme Spacex 22000 Pust<\/strong>: Kendt for sin store kapacitet, LED-display og genopladelige batteri.<\/li>\n<li><strong>Vapme Crystal 20000 Pust<\/strong>: Popul\u00e6r for sin Double Flavor-funktionalitet og praktiske opladning.<\/li>\n<li><strong>Aivono Fatpro 22000 Pust<\/strong>: Tilbyder en langvarig vaping-oplevelse med mesh coil-teknologi og justerbar luftstr\u00f8m.<\/li>\n<li><strong>Fumot RandM Tornado 30000 Pust<\/strong>: Har musiksynkronisering og RGB-lys, ideel til interaktiv vaping.<\/li>\n<\/ul>\n<\/li>\n<\/ul>\n<\/div>\n<\/div>\n<\/div>\n<\/div>\n<h3>Om forsendelse<\/h3>\n<div class=\"flex-shrink-0 flex flex-col relative items-end\">\n<div>\n<div class=\"pt-0\">\n<div class=\"gizmo-bot-avatar flex h-8 w-8 items-center justify-center overflow-hidden rounded-full\">\n<div><\/div>\n<div class=\"relative p-1 rounded-sm flex items-center justify-center bg-token-main-surface-primary text-token-text-primary h-8 w-8\"><strong>1. Hvilke forsendelsesmetoder bruges?<\/strong><\/div>\n<\/div>\n<\/div>\n<\/div>\n<\/div>\n<div class=\"group\/conversation-turn relative flex w-full min-w-0 flex-col agent-turn\">\n<div class=\"flex-col gap-1 md:gap-3\">\n<div class=\"flex max-w-full flex-col flex-grow\">\n<div class=\"min-h-[20px] text-message flex w-full flex-col items-end gap-2 whitespace-normal break-words [.text-message+&amp;]:mt-5 overflow-x-auto\" dir=\"auto\" data-message-author-role=\"assistant\" data-message-id=\"22f8283b-3233-46ff-89a5-c7a41b33abda\">\n<div class=\"flex w-full flex-col gap-1 empty:hidden first:pt-[3px]\">\n<div class=\"markdown prose w-full break-words dark:prose-invert light\">\n<p>Vi samarbejder med UPS, DHL, FedEx, DPD og andre f\u00f8rende transport\u00f8rer. Vi vil v\u00e6lge den bedste forsendelsesmetode baseret p\u00e5 din leveringsplacering for at sikre, at du modtager dine produkter s\u00e5 hurtigt som muligt.<\/p>\n<\/div>\n<p><strong>2. Hvor lang tid tager det at ankomme?<\/strong><\/p>\n<p>Pakker sendt til Danmark ankommer normalt inden for 10 arbejdsdage. Forsendelse til europ\u00e6iske lande tager generelt omkring 12-15 arbejdsdage. Vi vil give opdateringer i realtid om din forsendelsesstatus.<\/p>\n<\/div>\n<\/div>\n<\/div>\n<\/div>\n<\/div>\n<p>&nbsp;<\/p>\n<p>Andre hot-sale vapes du m\u00e5ske kan lide:<\/p>\n<p><a href=\"https:\/\/rmvapesale.com\/da\/product\/fumot-randm-tornado-30000-puffs-30k-music-disposable-vape\/\"><strong>RandM Tornado 30000 Pust\u00a0 \u00a0<span style=\"color: #ff0000\">&gt;&gt;&gt;&gt; go!<\/span><\/strong><\/a><\/p>\n<p><strong><a href=\"https:\/\/rmvapesale.com\/da\/product\/vapme-crystal-20000-puffs-20k-double-flavor-rechargeable-vapes\/\">Vapme Crystal 20000 Pust <span style=\"color: #ff0000\">&gt;&gt;&gt;&gt; go!<\/span><\/a>\u00a0<\/strong><\/p>\n<p><a href=\"https:\/\/rmvapesale.com\/da\/product\/original-randm-vape-digital-puff-12000-fumot-factory-price\/\"><strong>Fumot Vape 12000 Pust <span style=\"color: #ff0000\">&gt;&gt;&gt;&gt; go!<\/span><\/strong><\/a><\/p>\n<p>&nbsp;<\/p>\n<p>&nbsp;<\/p>\n<p>Find flere Vape-produkter, du m\u00e5ske kan lide:<strong><em><a href=\"https:\/\/rmvapesale.com\/da\/shop-2\/\">k\u00f8b nu &gt;&gt;&gt;<\/a><\/em><\/strong><\/p>","protected":false},"excerpt":{"rendered":"<p>Engros Genopladelige Vapes Vapme Spacex 22000 Pust<br \/>\nVapme 22000 Pust Engangs Vape Boks alle Smagsvarianter<br \/>\nVapme Spacex 22000 Pust Engangs Vape med Sk\u00e6rm<\/p>\n<p><img loading=\"lazy\" decoding=\"async\" class=\"size-full wp-image-2375\" src=\"https:\/\/rmvapesale.com\/wp-content\/uploads\/2024\/10\/image.png\" alt=\"Bedste Engangs Vape\" width=\"229\" height=\"300\" \/><\/p>\n<h3><a href=\"https:\/\/wa.me\/8617776015835\"><span style=\"color: #ff0000\"><strong>WhatsApp: +86 17776015835<\/strong><\/span><\/a><\/h3>\n<p>&nbsp;<\/p>","protected":false},"featured_media":2541,"comment_status":"open","ping_status":"closed","template":"","meta":{"_uag_custom_page_level_css":"","_lmt_disableupdate":"no","_lmt_disable":"","site-sidebar-layout":"default","site-content-layout":"content-boxed-container","ast-site-content-layout":"normal-width-container","site-content-style":"boxed","site-sidebar-style":"unboxed","ast-global-header-display":"","ast-banner-title-visibility":"","ast-main-header-display":"","ast-hfb-above-header-display":"","ast-hfb-below-header-display":"","ast-hfb-mobile-header-display":"","site-post-title":"","ast-breadcrumbs-content":"","ast-featured-img":"","footer-sml-layout":"","ast-disable-related-posts":"","theme-transparent-header-meta":"default","adv-header-id-meta":"","stick-header-meta":"","header-above-stick-meta":"","header-main-stick-meta":"","header-below-stick-meta":"","astra-migrate-meta-layouts":"set","ast-page-background-enabled":"default","ast-page-background-meta":{"desktop":{"background-color":"var(--ast-global-color-4)","background-image":"","background-repeat":"repeat","background-position":"center center","background-size":"auto","background-attachment":"scroll","background-type":"","background-media":"","overlay-type":"","overlay-color":"","overlay-opacity":"","overlay-gradient":""},"tablet":{"background-color":"","background-image":"","background-repeat":"repeat","background-position":"center center","background-size":"auto","background-attachment":"scroll","background-type":"","background-media":"","overlay-type":"","overlay-color":"","overlay-opacity":"","overlay-gradient":""},"mobile":{"background-color":"","background-image":"","background-repeat":"repeat","background-position":"center center","background-size":"auto","background-attachment":"scroll","background-type":"","background-media":"","overlay-type":"","overlay-color":"","overlay-opacity":"","overlay-gradient":""}},"ast-content-background-meta":{"desktop":{"background-color":"var(--ast-global-color-5)","background-image":"","background-repeat":"repeat","background-position":"center center","background-size":"auto","background-attachment":"scroll","background-type":"","background-media":"","overlay-type":"","overlay-color":"","overlay-opacity":"","overlay-gradient":""},"tablet":{"background-color":"var(--ast-global-color-5)","background-image":"","background-repeat":"repeat","background-position":"center center","background-size":"auto","background-attachment":"scroll","background-type":"","background-media":"","overlay-type":"","overlay-color":"","overlay-opacity":"","overlay-gradient":""},"mobile":{"background-color":"var(--ast-global-color-5)","background-image":"","background-repeat":"repeat","background-position":"center center","background-size":"auto","background-attachment":"scroll","background-type":"","background-media":"","overlay-type":"","overlay-color":"","overlay-opacity":"","overlay-gradient":""}},"_joinchat":[]},"product_brand":[],"product_cat":[15,27,25,123,30,26,28,137,136,135],"product_tag":[146,188,155,167,165,120],"class_list":{"0":"post-2547","1":"product","2":"type-product","3":"status-publish","4":"has-post-thumbnail","6":"product_cat-new-vape-this-week","7":"product_cat-fance-hot-sale-vape","8":"product_cat-germany-best-selling-vape","9":"product_cat-italy-wholesale-vape","10":"product_cat-minimum-order-quantity-50pcs","11":"product_cat-netherlands-hot-sale-vape","12":"product_cat-poland-hot-sale-vape","13":"product_cat-rechargeable-vapes","14":"product_cat-smart-screen-vapes","15":"product_cat-spain-best-hot-sale-vape","16":"product_tag-best-hot-sale-vape","17":"product_tag-buy-vapes-online","18":"product_tag-digital-display-box","19":"product_tag-disposable-vape-with-screen","20":"product_tag-rechargeable-vapes","21":"product_tag-vape-wholesale","22":"desktop-align-left","23":"tablet-align-left","24":"mobile-align-left","26":"first","27":"instock","28":"sale","29":"shipping-taxable","30":"purchasable","31":"product-type-simple"},"uagb_featured_image_src":{"full":["https:\/\/rmvapesale.com\/wp-content\/uploads\/2024\/10\/Disposable-Vape-Pen-Vapme-Spacex-22000.jpg",800,800,false],"thumbnail":["https:\/\/rmvapesale.com\/wp-content\/uploads\/2024\/10\/Disposable-Vape-Pen-Vapme-Spacex-22000-150x150.jpg",150,150,true],"medium":["https:\/\/rmvapesale.com\/wp-content\/uploads\/2024\/10\/Disposable-Vape-Pen-Vapme-Spacex-22000-300x300.jpg",300,300,true],"medium_large":["https:\/\/rmvapesale.com\/wp-content\/uploads\/2024\/10\/Disposable-Vape-Pen-Vapme-Spacex-22000-768x768.jpg",768,768,true],"large":["https:\/\/rmvapesale.com\/wp-content\/uploads\/2024\/10\/Disposable-Vape-Pen-Vapme-Spacex-22000.jpg",800,800,false],"1536x1536":["https:\/\/rmvapesale.com\/wp-content\/uploads\/2024\/10\/Disposable-Vape-Pen-Vapme-Spacex-22000.jpg",800,800,false],"2048x2048":["https:\/\/rmvapesale.com\/wp-content\/uploads\/2024\/10\/Disposable-Vape-Pen-Vapme-Spacex-22000.jpg",800,800,false],"trp-custom-language-flag":["https:\/\/rmvapesale.com\/wp-content\/uploads\/2024\/10\/Disposable-Vape-Pen-Vapme-Spacex-22000.jpg",12,12,false],"woocommerce_thumbnail":["https:\/\/rmvapesale.com\/wp-content\/uploads\/2024\/10\/Disposable-Vape-Pen-Vapme-Spacex-22000-300x300.jpg",300,300,true],"woocommerce_single":["https:\/\/rmvapesale.com\/wp-content\/uploads\/2024\/10\/Disposable-Vape-Pen-Vapme-Spacex-22000-600x600.jpg",600,600,true],"woocommerce_gallery_thumbnail":["https:\/\/rmvapesale.com\/wp-content\/uploads\/2024\/10\/Disposable-Vape-Pen-Vapme-Spacex-22000-100x100.jpg",100,100,true],"wcpr-photo-reviews":["https:\/\/rmvapesale.com\/wp-content\/uploads\/2024\/10\/Disposable-Vape-Pen-Vapme-Spacex-22000.jpg",500,500,false]},"uagb_author_info":{"display_name":"AMY","author_link":"https:\/\/rmvapesale.com\/da\/author\/"},"uagb_comment_info":0,"uagb_excerpt":"Wholesale\u00a0Rechargeable Vapes Vapme Spacex 22000 Puff Vapme 22000 Puffs Disposable Vape Box all Flavor Vapme Spacex 22000 Puff Disposable Vape with Screen WhatsApp: +86 17776015835 &nbsp;","_links":{"self":[{"href":"https:\/\/rmvapesale.com\/da\/wp-json\/wp\/v2\/product\/2547","targetHints":{"allow":["GET"]}}],"collection":[{"href":"https:\/\/rmvapesale.com\/da\/wp-json\/wp\/v2\/product"}],"about":[{"href":"https:\/\/rmvapesale.com\/da\/wp-json\/wp\/v2\/types\/product"}],"replies":[{"embeddable":true,"href":"https:\/\/rmvapesale.com\/da\/wp-json\/wp\/v2\/comments?post=2547"}],"wp:featuredmedia":[{"embeddable":true,"href":"https:\/\/rmvapesale.com\/da\/wp-json\/wp\/v2\/media\/2541"}],"wp:attachment":[{"href":"https:\/\/rmvapesale.com\/da\/wp-json\/wp\/v2\/media?parent=2547"}],"wp:term":[{"taxonomy":"product_brand","embeddable":true,"href":"https:\/\/rmvapesale.com\/da\/wp-json\/wp\/v2\/product_brand?post=2547"},{"taxonomy":"product_cat","embeddable":true,"href":"https:\/\/rmvapesale.com\/da\/wp-json\/wp\/v2\/product_cat?post=2547"},{"taxonomy":"product_tag","embeddable":true,"href":"https:\/\/rmvapesale.com\/da\/wp-json\/wp\/v2\/product_tag?post=2547"}],"curies":[{"name":"wp","href":"https:\/\/api.w.org\/{rel}","templated":true}]}}