{"id":2582,"date":"2024-10-28T06:44:31","date_gmt":"2024-10-28T06:44:31","guid":{"rendered":"https:\/\/rmvapesale.com\/?post_type=product&#038;p=2582"},"modified":"2024-10-28T07:36:05","modified_gmt":"2024-10-28T07:36:05","slug":"elfworld-plus-20000-puff-smart-disposable-vape-bulk-buy","status":"publish","type":"product","link":"https:\/\/rmvapesale.com\/da\/product\/elfworld-plus-20000-puff-smart-disposable-vape-bulk-buy\/","title":{"rendered":"ELFWORLD Plus 20000 Pust Smart Engangs Vape Bulk K\u00f8b"},"content":{"rendered":"<div class=\"B2VR9 CJHX3e\">\n<div class=\"wyccme\">\n<h1 class=\"LC20lb MBeuO DKV0Md\">ELFWORLD Plus 20000 Pust Smart Engangs Vape Bulk K\u00f8b<\/h1>\n<div class=\"flex-shrink-0 flex flex-col relative items-end\">\n<div class=\"pt-0\">\n<div class=\"gizmo-bot-avatar flex h-8 w-8 items-center justify-center overflow-hidden rounded-full\">\n<div class=\"relative p-1 rounded-sm flex items-center justify-center bg-token-main-surface-primary text-token-text-primary h-8 w-8\">\n<p>The <strong>ELFWORLD Plus 20000 Puff Smart Engangs Vape<\/strong> er et topvalg for dem, der s\u00f8ger avancerede funktioner og en tilpasselig vapingoplevelse. Denne h\u00f8jkapacitets, <strong>20000 puff vape<\/strong> byder p\u00e5 uovertruffen holdbarhed og er designet med innovation og stil, hvilket g\u00f8r den til en af de <strong>bedste engangs vapes i 2024<\/strong> til <strong>engros vapes<\/strong> og individuelle k\u00f8b.<\/p>\n<p>&nbsp;<\/p>\n<p>Denne <strong>ELFWORLD pulse vape<\/strong> tilbyder dobbelt-tilstand valg, der giver dampere mulighed for at tilpasse hver session, maksimere tilfredshed og forbedre hver ind\u00e5nding. <strong>Konventionel tilstand<\/strong>: Giver bem\u00e6rkelsesv\u00e6rdige 20.000 cyklusser for langvarig forn\u00f8jelse. <strong>Puls Tilstand<\/strong>: Leverer 10.000 intense puffs, perfekt til dampere, der \u00f8nsker forst\u00e6rket smag og dampproduktion.<\/p>\n<p>Denne\u00a0<strong>engangs vape med sk\u00e6rm<\/strong> kommer med en realtidsdisplay, der viser <strong>batteriprocent<\/strong> og resterende str\u00f8m, s\u00e5 du altid har kontrol over din vapingoplevelse. Denne funktion er ideel for brugere, der \u00f8nsker pr\u00e6cision og p\u00e5lidelighed med hver ind\u00e5nding.<\/p>\n<p>Designet til at v\u00e6re b\u00e5de <strong>slankt og funktionelt<\/strong>, kombinerer ELF WORLD Plus 20K problemfrit elegant \u00e6stetik med robust ydeevne. Fremstillet til at passe vapers p\u00e5 alle niveauer, er denne engangs e-cigaret tilg\u00e6ngelig for <strong>vapes i l\u00f8s v\u00e6gt<\/strong>, hvilket g\u00f8r den til en perfekt pasform for <strong>vapebutikker<\/strong> og <strong>engros vapes<\/strong> leverand\u00f8rer.<\/p>\n<p>For dem, der s\u00f8ger <strong>popul\u00e6re vape-m\u00e6rker<\/strong> eller blot \u00f8nsker at <strong>k\u00f8b vapes online<\/strong>, s\u00e6tter ELFWORLD Plus 20K en ny standard inden for engangs vaping med sin kombination af stil, alsidighed og avancerede funktioner.<\/p>\n<\/div>\n<\/div>\n<\/div>\n<\/div>\n<\/div>\n<\/div>\n<p><strong>Kontakt Amy for at f\u00e5 det rigtige svar og en vape-kupon!<\/strong><\/p>\n<p><img loading=\"lazy\" decoding=\"async\" class=\"size-full wp-image-1978\" src=\"https:\/\/rmvapesale.com\/wp-content\/uploads\/2024\/09\/Disposable-Vape-Wholesale.jpg\" alt=\"Engrospriser p\u00e5 engangsvape\" width=\"229\" height=\"300\" \/><\/p>\n<h3><a href=\"https:\/\/wa.me\/8617776015835\" target=\"_blank\" rel=\"noopener\"><span style=\"color: #ff0000\"><strong>WhatsApp: +86 17776015835<\/strong><\/span><\/a><\/h3>\n<p>&nbsp;<\/p>\n<h2><\/h2>\n<h2><strong>ELFWORLD Plus 20000 Puff Smart Engangs Vape <\/strong><strong>N\u00f8glefunktioner<\/strong><\/h2>\n<p>Forudfyldt 22ml E-Juice<br \/>\nGenopladeligt indbygget 650mAh batteri<br \/>\nAntal sug: Cirka 20000 Sug<br \/>\nHD-sk\u00e6rm<br \/>\n2 vaping-tilstande: Normal\/Boost<br \/>\nLuftstr\u00f8msjustering<br \/>\ntil vapers p\u00e5 farten.<br \/>\n2% 5% Nikotinstyrke<br \/>\nType-C opladning (ikke inkluderet)<br \/>\nTr\u00e6k-aktiveret<br \/>\nMTL-damp<\/p>\n<figure id=\"attachment_2576\" aria-describedby=\"caption-attachment-2576\" style=\"width: 600px\" class=\"wp-caption alignnone\"><img loading=\"lazy\" decoding=\"async\" class=\"wp-image-2576 size-full\" src=\"https:\/\/rmvapesale.com\/wp-content\/uploads\/2024\/10\/ELFWORLD-ELF-WORLD-Plus-20K-20000-Puffs-Disposable.jpg\" alt=\"ELFWORLD ELF WORLD Plus+ 20K 20000 Puffs Engangs\" width=\"600\" height=\"600\" srcset=\"https:\/\/rmvapesale.com\/wp-content\/uploads\/2024\/10\/ELFWORLD-ELF-WORLD-Plus-20K-20000-Puffs-Disposable.jpg 600w, https:\/\/rmvapesale.com\/wp-content\/uploads\/2024\/10\/ELFWORLD-ELF-WORLD-Plus-20K-20000-Puffs-Disposable-300x300.jpg 300w, https:\/\/rmvapesale.com\/wp-content\/uploads\/2024\/10\/ELFWORLD-ELF-WORLD-Plus-20K-20000-Puffs-Disposable-150x150.jpg 150w, https:\/\/rmvapesale.com\/wp-content\/uploads\/2024\/10\/ELFWORLD-ELF-WORLD-Plus-20K-20000-Puffs-Disposable-100x100.jpg 100w\" sizes=\"auto, (max-width: 600px) 100vw, 600px\" \/><figcaption id=\"caption-attachment-2576\" class=\"wp-caption-text\">ELFWORLD ELF WORLD Plus+ 20K 20000 Puffs Engangs<\/figcaption><\/figure>\n<h2><strong>Top smag til ELFWORLD Plus 20000 Puff Smart Disposable Vape<\/strong><\/h2>\n<p>1. Drupe Citron<br \/>\n2. Fcuking Fab<br \/>\n3. Kirseb\u00e6r Bombe <span style=\"color: #ff0000\"><strong>&gt;&gt;&gt;&gt; Popul\u00e6r!<\/strong><\/span><br \/>\n4. Saftig fersken is<br \/>\n5. B\u00e6rlykke<br \/>\n6. Bl\u00e5 Razz Ice <span style=\"color: #ff0000\"><strong>&gt;&gt;&gt;&gt; Popul\u00e6r!<\/strong><\/span><br \/>\n7. Drage Melon<br \/>\n8. Bl\u00e5b\u00e6r Vandmelon<span style=\"color: #ff0000\"><strong>&gt;&gt;&gt;&gt; Bedst!<\/strong><\/span><br \/>\n9. Pink Lemonade<br \/>\n10. Mexico Mango<br \/>\n11. Jordb\u00e6r Banan<br \/>\n12. Vandmelon Ice<br \/>\n13. Hvid Gummy Ice<br \/>\n14.Strawberry Mango<br \/>\n15.Miami Mint<\/p>\n<figure id=\"attachment_2581\" aria-describedby=\"caption-attachment-2581\" style=\"width: 1024px\" class=\"wp-caption alignnone\"><img loading=\"lazy\" decoding=\"async\" class=\"wp-image-2581 size-large\" src=\"https:\/\/rmvapesale.com\/wp-content\/uploads\/2024\/10\/ELFWORLD-Plus-20K-Disposable-Vape-Pod-Wholesale-1024x716.jpg\" alt=\"ELFWORLD Plus+ 20K Engangs Vape Pod Engros\" width=\"1024\" height=\"716\" srcset=\"https:\/\/rmvapesale.com\/wp-content\/uploads\/2024\/10\/ELFWORLD-Plus-20K-Disposable-Vape-Pod-Wholesale-1024x716.jpg 1024w, https:\/\/rmvapesale.com\/wp-content\/uploads\/2024\/10\/ELFWORLD-Plus-20K-Disposable-Vape-Pod-Wholesale-300x210.jpg 300w, https:\/\/rmvapesale.com\/wp-content\/uploads\/2024\/10\/ELFWORLD-Plus-20K-Disposable-Vape-Pod-Wholesale-768x537.jpg 768w, https:\/\/rmvapesale.com\/wp-content\/uploads\/2024\/10\/ELFWORLD-Plus-20K-Disposable-Vape-Pod-Wholesale-1536x1074.jpg 1536w, https:\/\/rmvapesale.com\/wp-content\/uploads\/2024\/10\/ELFWORLD-Plus-20K-Disposable-Vape-Pod-Wholesale-600x419.jpg 600w, https:\/\/rmvapesale.com\/wp-content\/uploads\/2024\/10\/ELFWORLD-Plus-20K-Disposable-Vape-Pod-Wholesale.jpg 1920w\" sizes=\"auto, (max-width: 1024px) 100vw, 1024px\" \/><figcaption id=\"caption-attachment-2581\" class=\"wp-caption-text\">ELFWORLD Plus+ 20K Engangs Vape Pod Engros<\/figcaption><\/figure>\n<h3><strong>Hvorfor v\u00e6lge Rmvapesale til ELF WORLD Plus 20000 Puff Genopladelig Engangs Vape<\/strong><strong>?<\/strong><\/h3>\n<div class=\"flex-shrink-0 flex flex-col relative items-end\">\n<div class=\"pt-0\">\n<div class=\"gizmo-bot-avatar flex h-8 w-8 items-center justify-center overflow-hidden rounded-full\">\n<div class=\"relative p-1 rounded-sm flex items-center justify-center bg-token-main-surface-primary text-token-text-primary h-8 w-8\">\n<p>&nbsp;<\/p>\n<p>N\u00e5r du v\u00e6lger Rmvapesale til dine engrosbehov for engangsvapes, f\u00e5r du gavn af:<\/p>\n<ul>\n<li><strong>Konkurrencedygtig pris<\/strong>: F\u00e5 adgang til attraktive engrospriser, der \u00f8ger din forretningsmargin.<\/li>\n<li><strong>H\u00f8j kvalitet<\/strong>: Vores vapes er fremstillet efter de h\u00f8jeste standarder, og <span style=\"color: #ff0000\"><strong>garanteret 100% originale og autentiske, eller 10 gange kompensation gives for falske varer!<\/strong><\/span><\/li>\n<li><strong>Fremragende kundeservice<\/strong>: Vores dedikerede team er altid klar til at hj\u00e6lpe dig, hvilket g\u00f8r din k\u00f8bsproces glat og problemfri.<\/li>\n<li><strong>Hurtig<\/strong>: Forvent hurtig og p\u00e5lidelig forsendelse, der sikrer, at dine ordrer ankommer til tiden, hver gang.<\/li>\n<\/ul>\n<\/div>\n<h3><\/h3>\n<div class=\"relative p-1 rounded-sm flex items-center justify-center bg-token-main-surface-primary text-token-text-primary h-8 w-8\">\n<h3><b>ELFWORLD Plus 20000 Puff FAQS<\/b><\/h3>\n<ul>\n<li><strong>Hvordan oplader jeg ELFWORLD Plus 20000 Puff genopladelig engangs vape<\/strong><br \/>\nELFWORLD Plus 20K har et genopladeligt batteri, der kan oplades via dens angivne opladningsport. Tilslut blot til en Type-C-kompatibel oplader for en hurtig og effektiv opladning, hvilket hj\u00e6lper med at sikre uafbrudte dampsessioner.<\/li>\n<li><strong>Hvor meget nikotin er der i en ELFWORLD Plus 20000 Puff Smart Engangs Vape<\/strong><br \/>\nELFWORLD Plus 20K tilbyder en lav nikotinudgave, selvom den specifikke nikotinstyrke (s\u00e5som 0%, 2% eller 5%) ikke er specificeret i det givne indhold. For n\u00f8jagtige nikotinniveauer, tjek produktets emballage eller forhandlerens oplysninger.<\/li>\n<li><strong>Hvor l\u00e6nge skal jeg oplade min ELFWORLD Plus 20000 Puff Engangs Vape Boks?<\/strong><br \/>\nOpladningstiden kan variere afh\u00e6ngigt af str\u00f8mkilden. Med hurtigopladningsteknologi Type-C vil enheden sandsynligvis v\u00e6re klar p\u00e5 kort tid. Henvis til den realtidsvisning p\u00e5 enheden, som viser batteriprocent, for at overv\u00e5ge opladningsprocessen og vide, hvorn\u00e5r den er fuldt opladet.<\/li>\n<li><strong>Hvor kan jeg k\u00f8be ELFWORLD Plus 20000 Puff Vape?<\/strong><br \/>\nDu kan k\u00f8be ELFWORLD Plus 20K Smart Engangs Vape fra vape-butikker, <strong>vape-barer<\/strong>, og <strong>engros vapes<\/strong> leverand\u00f8rer. Den er ogs\u00e5 tilg\u00e6ngelig for online k\u00f8b gennem forskellige vape-butikplatforme, hvilket g\u00f8r det nemt at <strong>k\u00f8b vapes online<\/strong>.<\/li>\n<li><strong>Hvad er de bedste engangs vapes i 2024?<\/strong><br \/>\nNogle af de bedste engangs vapes i 2024 inkluderer:<\/p>\n<ul>\n<li><strong>ELFWORLD Plus 20K<\/strong>: Med 20.000 puffs, dobbelt sugemuligheder og en realtidsvisning.<\/li>\n<li><strong>Elf World i15 Pro 12000<\/strong>: H\u00f8jt puffantal og genopladelig med et elegant design.<\/li>\n<li><strong>AIVONO Lost Mary 6500 Puff<\/strong>: Justerbar luftstr\u00f8m og kompakt design.<\/li>\n<li><strong>Fumot RandM Tornado 30000 Pust<\/strong>: Unik RGB-belysning og langvarig ydeevne.<\/li>\n<\/ul>\n<\/li>\n<\/ul>\n<p>&nbsp;<\/p>\n<\/div>\n<\/div>\n<\/div>\n<\/div>\n<h3>Om forsendelse<\/h3>\n<div class=\"flex-shrink-0 flex flex-col relative items-end\">\n<div>\n<div class=\"pt-0\">\n<div class=\"gizmo-bot-avatar flex h-8 w-8 items-center justify-center overflow-hidden rounded-full\">\n<div><\/div>\n<div class=\"relative p-1 rounded-sm flex items-center justify-center bg-token-main-surface-primary text-token-text-primary h-8 w-8\"><strong>1. Hvilke forsendelsesmetoder bruges?<\/strong><\/div>\n<\/div>\n<\/div>\n<\/div>\n<\/div>\n<div class=\"group\/conversation-turn relative flex w-full min-w-0 flex-col agent-turn\">\n<div class=\"flex-col gap-1 md:gap-3\">\n<div class=\"flex max-w-full flex-col flex-grow\">\n<div class=\"min-h-[20px] text-message flex w-full flex-col items-end gap-2 whitespace-normal break-words [.text-message+&amp;]:mt-5 overflow-x-auto\" dir=\"auto\" data-message-author-role=\"assistant\" data-message-id=\"22f8283b-3233-46ff-89a5-c7a41b33abda\">\n<div class=\"flex w-full flex-col gap-1 empty:hidden first:pt-[3px]\">\n<div class=\"markdown prose w-full break-words dark:prose-invert light\">\n<p>Vi samarbejder med UPS, DHL, FedEx, DPD og andre f\u00f8rende transport\u00f8rer. Vi vil v\u00e6lge den bedste forsendelsesmetode baseret p\u00e5 din leveringsplacering for at sikre, at du modtager dine produkter s\u00e5 hurtigt som muligt.<\/p>\n<\/div>\n<p><strong>2. Hvor lang tid tager det at ankomme?<\/strong><\/p>\n<p>Pakker sendt til Danmark ankommer normalt inden for 10 arbejdsdage. Forsendelse til europ\u00e6iske lande tager generelt omkring 12-15 arbejdsdage. Vi vil give opdateringer i realtid om din forsendelsesstatus.<\/p>\n<\/div>\n<\/div>\n<\/div>\n<\/div>\n<\/div>\n<p>&nbsp;<\/p>\n<p>Andre hot-sale vapes du m\u00e5ske kan lide:<\/p>\n<p><a href=\"https:\/\/rmvapesale.com\/da\/product\/fumot-randm-tornado-30000-puffs-30k-music-disposable-vape\/\"><strong>RandM Tornado 30000 Pust\u00a0 \u00a0<span style=\"color: #ff0000\">&gt;&gt;&gt;&gt; go!<\/span><\/strong><\/a><\/p>\n<p><strong><a href=\"https:\/\/rmvapesale.com\/da\/product\/rechargeable-vape-vapme-spacex-22000-puff-wholesale\/\">Vapme Spacex 22000 Pust <span style=\"color: #ff0000\">&gt;&gt;&gt;&gt; go!<\/span><\/a>\u00a0<\/strong><\/p>\n<p><a href=\"https:\/\/rmvapesale.com\/da\/product\/disposable-vape-poco-bl10000-puffs-wholesale\/\"><strong>POCO BL10000 Puffs Engangs Vape Puffs <span style=\"color: #ff0000\">&gt;&gt;&gt;&gt; go!<\/span><\/strong><\/a><\/p>\n<p>&nbsp;<\/p>\n<p>&nbsp;<\/p>\n<p>Find flere Vape-produkter, du m\u00e5ske kan lide:<strong><em><a href=\"https:\/\/rmvapesale.com\/da\/shop-2\/\">k\u00f8b nu &gt;&gt;&gt;<\/a><\/em><\/strong><\/p>","protected":false},"excerpt":{"rendered":"<p>Elf World Plus 20000 Puffs LED Sk\u00e6rm Engangs<br \/>\nELFWORLD Plus 20000 Genopladelig Puff Vape Fabrikspris<br \/>\nELFWORLD Plus+ 20K Engangs Vape Pod Engros<br \/>\n<span style=\"color: #ff0000\">(Sendes fra tysk lager og tager ca. 3-5 dage at ankomme til de fleste europ\u00e6iske lande som Holland, Frankrig, Italien, Spanien, Schweiz, Sverige, Polen osv.)<\/span><\/p>\n<p><img loading=\"lazy\" decoding=\"async\" class=\"size-full wp-image-2375\" src=\"https:\/\/rmvapesale.com\/wp-content\/uploads\/2024\/10\/image.png\" alt=\"Bedste Engangs Vape\" width=\"229\" height=\"300\" \/><\/p>\n<h3><a href=\"https:\/\/wa.me\/8617776015835\"><span style=\"color: #ff0000\"><strong>WhatsApp: +86 17776015835<\/strong><\/span><\/a><\/h3>\n<p>&nbsp;<\/p>","protected":false},"featured_media":2580,"comment_status":"open","ping_status":"closed","template":"","meta":{"_uag_custom_page_level_css":"","_lmt_disableupdate":"no","_lmt_disable":"","site-sidebar-layout":"default","site-content-layout":"content-boxed-container","ast-site-content-layout":"normal-width-container","site-content-style":"boxed","site-sidebar-style":"unboxed","ast-global-header-display":"","ast-banner-title-visibility":"","ast-main-header-display":"","ast-hfb-above-header-display":"","ast-hfb-below-header-display":"","ast-hfb-mobile-header-display":"","site-post-title":"","ast-breadcrumbs-content":"","ast-featured-img":"","footer-sml-layout":"","ast-disable-related-posts":"","theme-transparent-header-meta":"default","adv-header-id-meta":"","stick-header-meta":"","header-above-stick-meta":"","header-main-stick-meta":"","header-below-stick-meta":"","astra-migrate-meta-layouts":"set","ast-page-background-enabled":"default","ast-page-background-meta":{"desktop":{"background-color":"var(--ast-global-color-4)","background-image":"","background-repeat":"repeat","background-position":"center center","background-size":"auto","background-attachment":"scroll","background-type":"","background-media":"","overlay-type":"","overlay-color":"","overlay-opacity":"","overlay-gradient":""},"tablet":{"background-color":"","background-image":"","background-repeat":"repeat","background-position":"center center","background-size":"auto","background-attachment":"scroll","background-type":"","background-media":"","overlay-type":"","overlay-color":"","overlay-opacity":"","overlay-gradient":""},"mobile":{"background-color":"","background-image":"","background-repeat":"repeat","background-position":"center center","background-size":"auto","background-attachment":"scroll","background-type":"","background-media":"","overlay-type":"","overlay-color":"","overlay-opacity":"","overlay-gradient":""}},"ast-content-background-meta":{"desktop":{"background-color":"var(--ast-global-color-5)","background-image":"","background-repeat":"repeat","background-position":"center center","background-size":"auto","background-attachment":"scroll","background-type":"","background-media":"","overlay-type":"","overlay-color":"","overlay-opacity":"","overlay-gradient":""},"tablet":{"background-color":"var(--ast-global-color-5)","background-image":"","background-repeat":"repeat","background-position":"center center","background-size":"auto","background-attachment":"scroll","background-type":"","background-media":"","overlay-type":"","overlay-color":"","overlay-opacity":"","overlay-gradient":""},"mobile":{"background-color":"var(--ast-global-color-5)","background-image":"","background-repeat":"repeat","background-position":"center center","background-size":"auto","background-attachment":"scroll","background-type":"","background-media":"","overlay-type":"","overlay-color":"","overlay-opacity":"","overlay-gradient":""}},"_joinchat":[]},"product_brand":[],"product_cat":[15,27,25,195,123,30,26,28,137,136,135],"product_tag":[146,188,167,194,165,191,120],"class_list":{"0":"post-2582","1":"product","2":"type-product","3":"status-publish","4":"has-post-thumbnail","6":"product_cat-new-vape-this-week","7":"product_cat-fance-hot-sale-vape","8":"product_cat-germany-best-selling-vape","9":"product_cat-germany-warehouse","10":"product_cat-italy-wholesale-vape","11":"product_cat-minimum-order-quantity-50pcs","12":"product_cat-netherlands-hot-sale-vape","13":"product_cat-poland-hot-sale-vape","14":"product_cat-rechargeable-vapes","15":"product_cat-smart-screen-vapes","16":"product_cat-spain-best-hot-sale-vape","17":"product_tag-best-hot-sale-vape","18":"product_tag-buy-vapes-online","19":"product_tag-disposable-vape-with-screen","20":"product_tag-elfworld","21":"product_tag-rechargeable-vapes","22":"product_tag-vape-box","23":"product_tag-vape-wholesale","24":"desktop-align-left","25":"tablet-align-left","26":"mobile-align-left","28":"first","29":"instock","30":"sale","31":"shipping-taxable","32":"purchasable","33":"product-type-simple"},"uagb_featured_image_src":{"full":["https:\/\/rmvapesale.com\/wp-content\/uploads\/2024\/10\/Elfworld-Plus-20000-puffs.jpg",800,800,false],"thumbnail":["https:\/\/rmvapesale.com\/wp-content\/uploads\/2024\/10\/Elfworld-Plus-20000-puffs-150x150.jpg",150,150,true],"medium":["https:\/\/rmvapesale.com\/wp-content\/uploads\/2024\/10\/Elfworld-Plus-20000-puffs-300x300.jpg",300,300,true],"medium_large":["https:\/\/rmvapesale.com\/wp-content\/uploads\/2024\/10\/Elfworld-Plus-20000-puffs-768x768.jpg",768,768,true],"large":["https:\/\/rmvapesale.com\/wp-content\/uploads\/2024\/10\/Elfworld-Plus-20000-puffs.jpg",800,800,false],"1536x1536":["https:\/\/rmvapesale.com\/wp-content\/uploads\/2024\/10\/Elfworld-Plus-20000-puffs.jpg",800,800,false],"2048x2048":["https:\/\/rmvapesale.com\/wp-content\/uploads\/2024\/10\/Elfworld-Plus-20000-puffs.jpg",800,800,false],"trp-custom-language-flag":["https:\/\/rmvapesale.com\/wp-content\/uploads\/2024\/10\/Elfworld-Plus-20000-puffs.jpg",12,12,false],"woocommerce_thumbnail":["https:\/\/rmvapesale.com\/wp-content\/uploads\/2024\/10\/Elfworld-Plus-20000-puffs-300x300.jpg",300,300,true],"woocommerce_single":["https:\/\/rmvapesale.com\/wp-content\/uploads\/2024\/10\/Elfworld-Plus-20000-puffs-600x600.jpg",600,600,true],"woocommerce_gallery_thumbnail":["https:\/\/rmvapesale.com\/wp-content\/uploads\/2024\/10\/Elfworld-Plus-20000-puffs-100x100.jpg",100,100,true],"wcpr-photo-reviews":["https:\/\/rmvapesale.com\/wp-content\/uploads\/2024\/10\/Elfworld-Plus-20000-puffs.jpg",500,500,false]},"uagb_author_info":{"display_name":"AMY","author_link":"https:\/\/rmvapesale.com\/da\/author\/"},"uagb_comment_info":0,"uagb_excerpt":"Elf World Plus 20000 Puffs LED Display Screen Disposable ELFWORLD Plus 20000 Rechargeable Puff Vape Factory Price ELFWORLD Plus+ 20K Disposable Vape Pod Wholesale (Ship from most Germany warehouse and takes about 3-5 days\u00a0 to get arrive to most Europe countries like Netherlands, France, Italy, Spain, Switzerland, Sweden, Poland, etc. ) WhatsApp: +86 17776015835 &nbsp;","_links":{"self":[{"href":"https:\/\/rmvapesale.com\/da\/wp-json\/wp\/v2\/product\/2582","targetHints":{"allow":["GET"]}}],"collection":[{"href":"https:\/\/rmvapesale.com\/da\/wp-json\/wp\/v2\/product"}],"about":[{"href":"https:\/\/rmvapesale.com\/da\/wp-json\/wp\/v2\/types\/product"}],"replies":[{"embeddable":true,"href":"https:\/\/rmvapesale.com\/da\/wp-json\/wp\/v2\/comments?post=2582"}],"wp:featuredmedia":[{"embeddable":true,"href":"https:\/\/rmvapesale.com\/da\/wp-json\/wp\/v2\/media\/2580"}],"wp:attachment":[{"href":"https:\/\/rmvapesale.com\/da\/wp-json\/wp\/v2\/media?parent=2582"}],"wp:term":[{"taxonomy":"product_brand","embeddable":true,"href":"https:\/\/rmvapesale.com\/da\/wp-json\/wp\/v2\/product_brand?post=2582"},{"taxonomy":"product_cat","embeddable":true,"href":"https:\/\/rmvapesale.com\/da\/wp-json\/wp\/v2\/product_cat?post=2582"},{"taxonomy":"product_tag","embeddable":true,"href":"https:\/\/rmvapesale.com\/da\/wp-json\/wp\/v2\/product_tag?post=2582"}],"curies":[{"name":"wp","href":"https:\/\/api.w.org\/{rel}","templated":true}]}}