{"id":2609,"date":"2024-10-30T08:06:20","date_gmt":"2024-10-30T08:06:20","guid":{"rendered":"https:\/\/rmvapesale.com\/?post_type=product&#038;p=2609"},"modified":"2024-10-31T03:48:31","modified_gmt":"2024-10-31T03:48:31","slug":"smart-disposable-vape-elfworld-ai-22000-puffs-led-display","status":"publish","type":"product","link":"https:\/\/rmvapesale.com\/da\/product\/smart-disposable-vape-elfworld-ai-22000-puffs-led-display\/","title":{"rendered":"Smart Engangs Vape ELFWORLD AI 22000 Pust LED Display"},"content":{"rendered":"<div class=\"B2VR9 CJHX3e\">\n<div class=\"wyccme\">\n<h1 class=\"LC20lb MBeuO DKV0Md\">Smart Engangs Vape ELFWORLD AI 22000 Pust LED Display<\/h1>\n<div class=\"flex-shrink-0 flex flex-col relative items-end\">\n<div class=\"pt-0\">\n<div class=\"gizmo-bot-avatar flex h-8 w-8 items-center justify-center overflow-hidden rounded-full\">\n<div class=\"relative p-1 rounded-sm flex items-center justify-center bg-token-main-surface-primary text-token-text-primary h-8 w-8\">\n<p><strong>Smart Engangs Vape ELFWORLD AI 22000 Pust LED Display<\/strong> er det ultimative valg for vapere, der s\u00f8ger innovation, stil og en forl\u00e6nget vapingoplevelse. Med en massiv <strong>22000 puff kapacitet<\/strong>, tilbyder denne store puff <strong>engangs vape<\/strong> en langvarig, problemfri mulighed for b\u00e5de erfarne vapere og nybegyndere.<\/p>\n<p><strong>Elegant Design og B\u00e6rbarhed<\/strong><br \/>\nThe <strong>Elf World AI 22000<\/strong> viser et elegant, moderne design med glatte linjer og en f\u00f8rsteklasses finish, der f\u00f8les lige s\u00e5 godt, som det ser ud. Denne <strong>boks vape<\/strong> er kompakt og let, hvilket g\u00f8r den nem at have med p\u00e5 farten. P\u00e5 trods af sin lette konstruktion er den bygget til at modst\u00e5 daglig brug, hvilket sikrer holdbarhed uden at g\u00e5 p\u00e5 kompromis med dens premium tiltr\u00e6kningskraft.<\/p>\n<p><strong>Smart Teknologi med Justerbar Luftstr\u00f8m<\/strong><br \/>\nSom en \u00e6gte <strong>Smart vape<\/strong>, tilbyder AI 22000 en tilpasselig oplevelse med sin justerbare luftstr\u00f8msfunktion, der giver brugerne mulighed for at v\u00e6lge den tr\u00e6kstramhed, der passer bedst til deres pr\u00e6ference. Dette <strong>genopladelig vape<\/strong> inkluderer et kraftfuldt batteri og en LED-display sk\u00e6rm, der giver dig realtidsindikatorer for batterilevetid og e-juice niveauer. Denne funktion sikrer, at du altid er klar over, hvorn\u00e5r du skal genoplade, og kan nyde uafbrudte puffs. Enhedens <strong>Type-C opladning<\/strong> port giver hurtig, bekvem opladning, ideel til travle brugere, der \u00f8nsker en p\u00e5lidelig vape.<\/p>\n<p><strong>Konklusion<\/strong><br \/>\nELFWORLD<strong> 22000 Puff Smart Engangs Vape<\/strong>\u00a0er den perfekte blanding af stil, avanceret teknologi og langvarig ydeevne, hvilket g\u00f8r den til en af de <strong>bedste engangs vapes<\/strong> tilg\u00e6ngelige. For dem, der s\u00f8ger en h\u00f8jkapacitets, holdbar og funktionrig mulighed, er ElfWorld AI 22000 et ideelt valg. Opdag bekvemmeligheden og kvaliteten af denne topkvalitets vape, tilg\u00e6ngelig for k\u00f8b hos <strong>vapebutikker<\/strong>, <strong>engangsvapes online<\/strong>, eller gennem <strong>vapes i l\u00f8s v\u00e6gt<\/strong> muligheder for engrosbehov.<\/p>\n<\/div>\n<\/div>\n<\/div>\n<\/div>\n<\/div>\n<\/div>\n<p><strong>Kontakt Amy for at f\u00e5 det rigtige svar og en vape-kupon!<\/strong><\/p>\n<p><img loading=\"lazy\" decoding=\"async\" class=\"size-full wp-image-1978\" src=\"https:\/\/rmvapesale.com\/wp-content\/uploads\/2024\/09\/Disposable-Vape-Wholesale.jpg\" alt=\"Engrospriser p\u00e5 engangsvape\" width=\"229\" height=\"300\" \/><\/p>\n<h3><a href=\"https:\/\/wa.me\/8617776015835\" target=\"_blank\" rel=\"noopener\"><span style=\"color: #ff0000\"><strong>WhatsApp: +86 17776015835<\/strong><\/span><\/a><\/h3>\n<p>&nbsp;<\/p>\n<h2><\/h2>\n<h2><strong>ELFWORLD AI 22000 Smart Engangs Vape <\/strong><strong>N\u00f8glefunktioner<\/strong><\/h2>\n<ul class=\"wp-block-list\">\n<li>Puffs: 22000 puffs<\/li>\n<li>Nikotinstyrke: 0%2%3%5%<\/li>\n<li>Kapacitet: 26ml<\/li>\n<li>Batteri: 650mAh<\/li>\n<li>Kerne Materiale: 1.0*2 ohm Dobbelt Mesh Kerne<\/li>\n<li>Display: Digital Sk\u00e6rm<\/li>\n<li>Opladning: Type-C Genopladelig<\/li>\n<li>Luftstr\u00f8m justerbar<\/li>\n<li>10 Smagsvarianter tilg\u00e6ngelige<\/li>\n<\/ul>\n<figure id=\"attachment_2619\" aria-describedby=\"caption-attachment-2619\" style=\"width: 600px\" class=\"wp-caption alignnone\"><img loading=\"lazy\" decoding=\"async\" class=\"wp-image-2619 size-full\" src=\"https:\/\/rmvapesale.com\/wp-content\/uploads\/2024\/10\/Vape-22000-Puff-Rechargeable-Disposable-Vape.png\" alt=\"Vape 22000 Puff Genopladelig Engangs Vape\" width=\"600\" height=\"849\" srcset=\"https:\/\/rmvapesale.com\/wp-content\/uploads\/2024\/10\/Vape-22000-Puff-Rechargeable-Disposable-Vape.png 600w, https:\/\/rmvapesale.com\/wp-content\/uploads\/2024\/10\/Vape-22000-Puff-Rechargeable-Disposable-Vape-212x300.png 212w\" sizes=\"auto, (max-width: 600px) 100vw, 600px\" \/><figcaption id=\"caption-attachment-2619\" class=\"wp-caption-text\">Vape 22000 Puff Genopladelig Engangs Vape<\/figcaption><\/figure>\n<h2><strong>Top smag for <\/strong><strong>ELFWORLD AI 22000 Puff Smart Engangs Vape<\/strong><\/h2>\n<p>Med hver puff, <strong>Elf World AI 22000<\/strong> leverer fyldige, dristige smagsoplevelser, der forbliver konsistente fra den f\u00f8rste tr\u00e6k til den sidste. Tilg\u00e6ngelig i et bredt udvalg af muligheder, denne <strong>lav nikotin vape<\/strong> giver en tilfredsstillende og glat oplevelse for dampere, der prioriterer b\u00e5de kvalitet og smag.<\/p>\n<p>1. Mango \u00e6ble p\u00e6re<br \/>\n2. K\u00f8lig mango<br \/>\n3. Gr\u00f8n \u00e6ble<br \/>\n4. Tigerblod <span style=\"color: #ff0000\"><strong>&gt;&gt;&gt;&gt; Popul\u00e6r!<\/strong><\/span><br \/>\n5. Bl\u00e5b\u00e6ris <span style=\"color: #ff0000\"><strong>&gt;&gt;&gt;&gt; Popul\u00e6r!<\/strong><\/span><br \/>\n6. Mynte<br \/>\n7. Blanding af b\u00e6r <span style=\"color: #ff0000\"><strong>&gt;&gt;&gt;&gt; Bedst!<\/strong><\/span><br \/>\n8. Drueis<br \/>\n9. Vandmelonis<br \/>\n10. Bl\u00e5b\u00e6rmynte<br \/>\n11. Jordb\u00e6ris<br \/>\n12. Saftig ferskenis<br \/>\n13.Bl\u00e5 Razz Ice<br \/>\n14.Cheerig citron<br \/>\n15.Jordb\u00e6r vandmelon<\/p>\n<p>&nbsp;<\/p>\n<h3><strong>Hvorfor v\u00e6lge Rmvapesale til ELFWORLD 22000 Puffs LED Sk\u00e6rm Engangs Vape<\/strong><strong>?<\/strong><\/h3>\n<div class=\"flex-shrink-0 flex flex-col relative items-end\">\n<div class=\"pt-0\">\n<div class=\"gizmo-bot-avatar flex h-8 w-8 items-center justify-center overflow-hidden rounded-full\">\n<div class=\"relative p-1 rounded-sm flex items-center justify-center bg-token-main-surface-primary text-token-text-primary h-8 w-8\">\n<p>Velkommen til Rmvapesale, din betroede vapebutik for f\u00f8rsteklasses engangsvapes. Med mere end 5 \u00e5rs ekspertise bringer vi dig popul\u00e6re engangs-vape-m\u00e6rker som Al Fakher, Vapme Vape, <a href=\"https:\/\/rmvapesale.com\/da\/product\/vapme-crystal-7000-puffs-rechargeable-disposable-vape-price\/\">Vapme<\/a>, <a href=\"https:\/\/rmvapesale.com\/da\/product-category\/bang-vapes\/\">Bang Vape<\/a>, Waspe, <a href=\"https:\/\/rmvapesale.com\/da\/product\/wga-crystal-pro-max-extra-15k-puffs-disposable-vape-wholesale\/\">WGA<\/a> Vape og<a href=\"https:\/\/rmvapesale.com\/da\/product-category\/randm-fumot-vape\/\"> RandM Vape<\/a>.<\/p>\n<p>Vores sortiment omfatter popul\u00e6re vapes som <a href=\"https:\/\/rmvapesale.com\/da\/product\/fumot-digital-box-12000-disposable-vape-pink-lemonade-flavor\/\">RandM 12k<\/a> og smagsrige valg som <a href=\"https:\/\/rmvapesale.com\/da\/product\/wga-crystal-pro-max-extra-15k-puffs-disposable-vape-wholesale\/\">WGA Crystal Pro Max 15K Puffs<\/a>. Hvert produkt er udvalgt med fokus p\u00e5 kvalitet, v\u00e6rdi og variation, hvilket sikrer, at du finder det perfekte match til dine behov. Opdag enest\u00e5ende service og et bredt udvalg af topprodukter hos Rmvapesale.<\/p>\n<\/div>\n<h3><\/h3>\n<div class=\"relative p-1 rounded-sm flex items-center justify-center bg-token-main-surface-primary text-token-text-primary h-8 w-8\">\n<h3><b>ELFWORLD 22000 Vape FAQ<\/b><\/h3>\n<\/div>\n<p><strong>Kan jeg medbringe en engangsvape p\u00e5 et fly?<\/strong><br \/>\nJa, engangs vapes som <strong>Elf World AI 22000 Puff<\/strong> er tilladt p\u00e5 fly, men kun i din h\u00e5ndbagage p\u00e5 grund af batteriregler. S\u00f8rg for, at enheden er slukket, og tjek flyselskabets retningslinjer for eventuelle restriktioner p\u00e5 vapingprodukter.<\/p>\n<p><strong>Er Elf World AI 22000 Puff Smart engangs vape god for begyndere?<\/strong><br \/>\nJa, det <strong>Elf World AI 22000 Puff<\/strong> er begyndervenlig. Den har et brugervenligt, slankt design, justerbar luftstr\u00f8m og en praktisk <strong>LED-display<\/strong> til batteri- og e-juice-niveauer, hvilket g\u00f8r det nemt for begyndere at overv\u00e5ge brugen.<\/p>\n<p><strong>Hvilke engangs vapes med display er popul\u00e6re?<\/strong><br \/>\nBlandt <strong>hot salg engangs vapes<\/strong> med display, skiller <strong>Elf World AI 22000 Puff<\/strong> sig ud med sine avancerede funktioner, langvarige 22.000 puffs og justerbar luftstr\u00f8m, hvilket g\u00f8r den til et topvalg for vapere, der s\u00f8ger en high-tech oplevelse.<\/p>\n<p><strong>Hvordan ved jeg, om min Elf World Smart engangs vape er tom?<\/strong><br \/>\nThe <strong>LED-sk\u00e6rm<\/strong> p\u00e5 <strong>Elf World AI 22000 Puff<\/strong> giver realtidsinformation om batterilevetid og e-juice-niveauer, s\u00e5 du nemt kan tjekke, hvorn\u00e5r vape er ved at l\u00f8be t\u00f8r eller er tom.<\/p>\n<p><strong>Hvor l\u00e6nge b\u00f8r en Elf World AI 22000 Puff vape vare?<\/strong><br \/>\nThe <strong>Elf World AI 22000 Puff<\/strong> er designet til at vare gennem omtrent <strong>22.000 pust<\/strong>, hvilket g\u00f8r den til et langtidsholdbart valg for b\u00e5de lette og hyppige vapere. Med moderat brug kan denne enhed holde i uger, afh\u00e6ngigt af individuelle brugsvaner.<\/p>\n<div class=\"relative p-1 rounded-sm flex items-center justify-center bg-token-main-surface-primary text-token-text-primary h-8 w-8\">\n<p>&nbsp;<\/p>\n<\/div>\n<\/div>\n<\/div>\n<\/div>\n<h3>Om forsendelse<\/h3>\n<div class=\"flex-shrink-0 flex flex-col relative items-end\">\n<div>\n<div class=\"pt-0\">\n<div class=\"gizmo-bot-avatar flex h-8 w-8 items-center justify-center overflow-hidden rounded-full\">\n<div><\/div>\n<div class=\"relative p-1 rounded-sm flex items-center justify-center bg-token-main-surface-primary text-token-text-primary h-8 w-8\"><strong>1. Hvilke forsendelsesmetoder bruges?<\/strong><\/div>\n<\/div>\n<\/div>\n<\/div>\n<\/div>\n<div class=\"group\/conversation-turn relative flex w-full min-w-0 flex-col agent-turn\">\n<div class=\"flex-col gap-1 md:gap-3\">\n<div class=\"flex max-w-full flex-col flex-grow\">\n<div class=\"min-h-[20px] text-message flex w-full flex-col items-end gap-2 whitespace-normal break-words [.text-message+&amp;]:mt-5 overflow-x-auto\" dir=\"auto\" data-message-author-role=\"assistant\" data-message-id=\"22f8283b-3233-46ff-89a5-c7a41b33abda\">\n<div class=\"flex w-full flex-col gap-1 empty:hidden first:pt-[3px]\">\n<div class=\"markdown prose w-full break-words dark:prose-invert light\">\n<p>Vi samarbejder med UPS, DHL, FedEx, DPD og andre f\u00f8rende transport\u00f8rer. Vi vil v\u00e6lge den bedste forsendelsesmetode baseret p\u00e5 din leveringsplacering for at sikre, at du modtager dine produkter s\u00e5 hurtigt som muligt.<\/p>\n<\/div>\n<p><strong>2. Hvor lang tid tager det at ankomme?<\/strong><\/p>\n<p>Pakker sendt til Danmark ankommer normalt inden for 10 arbejdsdage. Forsendelse til europ\u00e6iske lande tager generelt omkring 12-15 arbejdsdage. Vi vil give opdateringer i realtid om din forsendelsesstatus.<\/p>\n<\/div>\n<\/div>\n<\/div>\n<\/div>\n<\/div>\n<p>&nbsp;<\/p>\n<p>Find flere Vape-produkter, du m\u00e5ske kan lide:<strong><em><a href=\"https:\/\/rmvapesale.com\/da\/shop-2\/\">k\u00f8b nu &gt;&gt;&gt;<\/a><\/em><\/strong><\/p>","protected":false},"excerpt":{"rendered":"<p>Elf World AI 22000 Puffs Sk\u00e6rmvisning Engangs Vape<br \/>\nVape 22000 Puff Genopladelig Engangs E-Cigarett<br \/>\nELFWORLD AI 22000 Puffs Engangs Vape Engros<\/p>\n<p><img loading=\"lazy\" decoding=\"async\" class=\"size-full wp-image-2375\" src=\"https:\/\/rmvapesale.com\/wp-content\/uploads\/2024\/10\/image.png\" alt=\"Bedste Engangs Vape\" width=\"229\" height=\"300\" \/><\/p>\n<h3><a href=\"https:\/\/wa.me\/8617776015835\"><span style=\"color: #ff0000\"><strong>WhatsApp: +86 17776015835<\/strong><\/span><\/a><\/h3>\n<p>&nbsp;<\/p>","protected":false},"featured_media":2617,"comment_status":"open","ping_status":"closed","template":"","meta":{"_uag_custom_page_level_css":"","_lmt_disableupdate":"no","_lmt_disable":"","site-sidebar-layout":"default","site-content-layout":"content-boxed-container","ast-site-content-layout":"normal-width-container","site-content-style":"boxed","site-sidebar-style":"unboxed","ast-global-header-display":"","ast-banner-title-visibility":"","ast-main-header-display":"","ast-hfb-above-header-display":"","ast-hfb-below-header-display":"","ast-hfb-mobile-header-display":"","site-post-title":"","ast-breadcrumbs-content":"","ast-featured-img":"","footer-sml-layout":"","ast-disable-related-posts":"","theme-transparent-header-meta":"default","adv-header-id-meta":"","stick-header-meta":"","header-above-stick-meta":"","header-main-stick-meta":"","header-below-stick-meta":"","astra-migrate-meta-layouts":"set","ast-page-background-enabled":"default","ast-page-background-meta":{"desktop":{"background-color":"var(--ast-global-color-4)","background-image":"","background-repeat":"repeat","background-position":"center center","background-size":"auto","background-attachment":"scroll","background-type":"","background-media":"","overlay-type":"","overlay-color":"","overlay-opacity":"","overlay-gradient":""},"tablet":{"background-color":"","background-image":"","background-repeat":"repeat","background-position":"center center","background-size":"auto","background-attachment":"scroll","background-type":"","background-media":"","overlay-type":"","overlay-color":"","overlay-opacity":"","overlay-gradient":""},"mobile":{"background-color":"","background-image":"","background-repeat":"repeat","background-position":"center center","background-size":"auto","background-attachment":"scroll","background-type":"","background-media":"","overlay-type":"","overlay-color":"","overlay-opacity":"","overlay-gradient":""}},"ast-content-background-meta":{"desktop":{"background-color":"var(--ast-global-color-5)","background-image":"","background-repeat":"repeat","background-position":"center center","background-size":"auto","background-attachment":"scroll","background-type":"","background-media":"","overlay-type":"","overlay-color":"","overlay-opacity":"","overlay-gradient":""},"tablet":{"background-color":"var(--ast-global-color-5)","background-image":"","background-repeat":"repeat","background-position":"center center","background-size":"auto","background-attachment":"scroll","background-type":"","background-media":"","overlay-type":"","overlay-color":"","overlay-opacity":"","overlay-gradient":""},"mobile":{"background-color":"var(--ast-global-color-5)","background-image":"","background-repeat":"repeat","background-position":"center center","background-size":"auto","background-attachment":"scroll","background-type":"","background-media":"","overlay-type":"","overlay-color":"","overlay-opacity":"","overlay-gradient":""}},"_joinchat":[]},"product_brand":[],"product_cat":[15,27,25,195,123,30,26,28,137,136,135],"product_tag":[146,188,167,198,165,85,191,120],"class_list":{"0":"post-2609","1":"product","2":"type-product","3":"status-publish","4":"has-post-thumbnail","6":"product_cat-new-vape-this-week","7":"product_cat-fance-hot-sale-vape","8":"product_cat-germany-best-selling-vape","9":"product_cat-germany-warehouse","10":"product_cat-italy-wholesale-vape","11":"product_cat-minimum-order-quantity-50pcs","12":"product_cat-netherlands-hot-sale-vape","13":"product_cat-poland-hot-sale-vape","14":"product_cat-rechargeable-vapes","15":"product_cat-smart-screen-vapes","16":"product_cat-spain-best-hot-sale-vape","17":"product_tag-best-hot-sale-vape","18":"product_tag-buy-vapes-online","19":"product_tag-disposable-vape-with-screen","20":"product_tag-elfworld-vape","21":"product_tag-rechargeable-vapes","22":"product_tag-smart-disposable-vape","23":"product_tag-vape-box","24":"product_tag-vape-wholesale","25":"desktop-align-left","26":"tablet-align-left","27":"mobile-align-left","29":"first","30":"instock","31":"sale","32":"shipping-taxable","33":"purchasable","34":"product-type-simple"},"uagb_featured_image_src":{"full":["https:\/\/rmvapesale.com\/wp-content\/uploads\/2024\/10\/ELFWORLD-AI-22000-Puffs-Disposable-Vape.png",800,800,false],"thumbnail":["https:\/\/rmvapesale.com\/wp-content\/uploads\/2024\/10\/ELFWORLD-AI-22000-Puffs-Disposable-Vape-150x150.png",150,150,true],"medium":["https:\/\/rmvapesale.com\/wp-content\/uploads\/2024\/10\/ELFWORLD-AI-22000-Puffs-Disposable-Vape-300x300.png",300,300,true],"medium_large":["https:\/\/rmvapesale.com\/wp-content\/uploads\/2024\/10\/ELFWORLD-AI-22000-Puffs-Disposable-Vape-768x768.png",768,768,true],"large":["https:\/\/rmvapesale.com\/wp-content\/uploads\/2024\/10\/ELFWORLD-AI-22000-Puffs-Disposable-Vape.png",800,800,false],"1536x1536":["https:\/\/rmvapesale.com\/wp-content\/uploads\/2024\/10\/ELFWORLD-AI-22000-Puffs-Disposable-Vape.png",800,800,false],"2048x2048":["https:\/\/rmvapesale.com\/wp-content\/uploads\/2024\/10\/ELFWORLD-AI-22000-Puffs-Disposable-Vape.png",800,800,false],"trp-custom-language-flag":["https:\/\/rmvapesale.com\/wp-content\/uploads\/2024\/10\/ELFWORLD-AI-22000-Puffs-Disposable-Vape.png",12,12,false],"woocommerce_thumbnail":["https:\/\/rmvapesale.com\/wp-content\/uploads\/2024\/10\/ELFWORLD-AI-22000-Puffs-Disposable-Vape-300x300.png",300,300,true],"woocommerce_single":["https:\/\/rmvapesale.com\/wp-content\/uploads\/2024\/10\/ELFWORLD-AI-22000-Puffs-Disposable-Vape-600x600.png",600,600,true],"woocommerce_gallery_thumbnail":["https:\/\/rmvapesale.com\/wp-content\/uploads\/2024\/10\/ELFWORLD-AI-22000-Puffs-Disposable-Vape-100x100.png",100,100,true],"wcpr-photo-reviews":["https:\/\/rmvapesale.com\/wp-content\/uploads\/2024\/10\/ELFWORLD-AI-22000-Puffs-Disposable-Vape.png",500,500,false]},"uagb_author_info":{"display_name":"AMY","author_link":"https:\/\/rmvapesale.com\/da\/author\/"},"uagb_comment_info":0,"uagb_excerpt":"Elf World AI 22000 Puffs Screen Display Disposable Vape Vape 22000 Puff Rechargeable Disposable E-Cigarette ELFWORLD AI 22000 Puffs Disposable Vape Wholesale WhatsApp: +86 17776015835 &nbsp;","_links":{"self":[{"href":"https:\/\/rmvapesale.com\/da\/wp-json\/wp\/v2\/product\/2609","targetHints":{"allow":["GET"]}}],"collection":[{"href":"https:\/\/rmvapesale.com\/da\/wp-json\/wp\/v2\/product"}],"about":[{"href":"https:\/\/rmvapesale.com\/da\/wp-json\/wp\/v2\/types\/product"}],"replies":[{"embeddable":true,"href":"https:\/\/rmvapesale.com\/da\/wp-json\/wp\/v2\/comments?post=2609"}],"wp:featuredmedia":[{"embeddable":true,"href":"https:\/\/rmvapesale.com\/da\/wp-json\/wp\/v2\/media\/2617"}],"wp:attachment":[{"href":"https:\/\/rmvapesale.com\/da\/wp-json\/wp\/v2\/media?parent=2609"}],"wp:term":[{"taxonomy":"product_brand","embeddable":true,"href":"https:\/\/rmvapesale.com\/da\/wp-json\/wp\/v2\/product_brand?post=2609"},{"taxonomy":"product_cat","embeddable":true,"href":"https:\/\/rmvapesale.com\/da\/wp-json\/wp\/v2\/product_cat?post=2609"},{"taxonomy":"product_tag","embeddable":true,"href":"https:\/\/rmvapesale.com\/da\/wp-json\/wp\/v2\/product_tag?post=2609"}],"curies":[{"name":"wp","href":"https:\/\/api.w.org\/{rel}","templated":true}]}}